{"id":2248,"date":"2022-03-25T15:04:14","date_gmt":"2022-03-25T14:04:14","guid":{"rendered":"https:\/\/dev-vqf.creatives.com\/?page_id=2248"},"modified":"2023-12-15T07:09:11","modified_gmt":"2023-12-15T06:09:11","slug":"ekonomik-siddet","status":"publish","type":"page","link":"https:\/\/www.violencequefaire.ch\/tr\/ekonomik-siddet\/","title":{"rendered":"Ekonomik \u015fiddet"},"content":{"rendered":"<div class=\"wpb-content-wrapper\"><p>[vc_row][vc_column]<section class='vqf_section_block'><div class='vqf_container'><div class='vqf_row'><div class='vqf_full_col'><h2>EKONOMIK \u015eIDDET<\/h2><\/div><\/div><\/div><\/section>[\/vc_column][\/vc_row][vc_row][vc_column]<section class='vqf_section_block block_background'><div class='vqf_container'><div class='vqf_row'><div class='vqf_full_col'><h2>Tan\u0131m<\/h2><div class='vqf_fixed_width_text'>\u015eiddet ma\u011fduru \u00e7al\u0131\u015f\u0131yorsa\/geliri varsa: ekonimik g\u00fcc\u00fcn\u00fc engellemek veya elinden almak. B\u00fct\u00e7eyi kontrol etmek, giderleri\/harcamalar\u0131 kar\u015f\u0131lamamak, mallar\u0131 izinsiz sahiplenmek, i\u015fi b\u0131rakmaya zorlamak, vs\u2026<\/p>\n<p>E\u011fer ma\u011fdur \u00e7al\u0131\u015fm\u0131yorsa\/geliri yoksa: evin harcamalar\u0131 i\u00e7in paray\u0131 par\u00e7a par\u00e7a, yetersiz ve bozuk para \u015fekilinde vermek, yalvararak\/dilenerek para istemeye zorlamak, kuru\u015fu kuru\u015funa her al\u0131\u015f-veri\u015f i\u00e7in hesap sormak, \u00e7al\u0131\u015fmas\u0131na engel olmak.<\/div><\/div><\/div><\/div><\/section>[\/vc_column][\/vc_row]<\/p>\n<\/div>","protected":false},"excerpt":{"rendered":"<p>[vc_row][vc_column][\/vc_column][\/vc_row][vc_row][vc_column][\/vc_column][\/vc_row]<\/p>\n","protected":false},"author":16,"featured_media":0,"parent":0,"menu_order":0,"comment_status":"closed","ping_status":"closed","template":"templates\/Economique.php","meta":{"_acf_changed":false,"footnotes":""},"class_list":["post-2248","page","type-page","status-publish","hentry"],"acf":[],"yoast_head":"<!-- This site is optimized with the Yoast SEO plugin v27.3 - https:\/\/yoast.com\/product\/yoast-seo-wordpress\/ -->\n<title>Ekonomik \u015fiddet &#8226; Violence que faire ?<\/title>\n<meta name=\"robots\" content=\"index, follow, max-snippet:-1, max-image-preview:large, max-video-preview:-1\" \/>\n<link rel=\"canonical\" href=\"https:\/\/www.violencequefaire.ch\/tr\/ekonomik-siddet\/\" \/>\n<meta property=\"og:locale\" content=\"tr_TR\" \/>\n<meta property=\"og:type\" content=\"article\" \/>\n<meta property=\"og:title\" content=\"Ekonomik \u015fiddet &#8226; Violence que faire ?\" \/>\n<meta property=\"og:description\" content=\"[vc_row][vc_column][\/vc_column][\/vc_row][vc_row][vc_column][\/vc_column][\/vc_row]\" \/>\n<meta property=\"og:url\" content=\"https:\/\/www.violencequefaire.ch\/tr\/ekonomik-siddet\/\" \/>\n<meta property=\"og:site_name\" content=\"Violence que faire ?\" \/>\n<meta property=\"article:modified_time\" content=\"2023-12-15T06:09:11+00:00\" \/>\n<meta name=\"twitter:card\" content=\"summary_large_image\" \/>\n<meta name=\"twitter:label1\" content=\"Tahmini okuma s\u00fcresi\" \/>\n\t<meta name=\"twitter:data1\" content=\"1 dakika\" \/>\n<script type=\"application\/ld+json\" class=\"yoast-schema-graph\">{\"@context\":\"https:\\\/\\\/schema.org\",\"@graph\":[{\"@type\":\"WebPage\",\"@id\":\"https:\\\/\\\/www.violencequefaire.ch\\\/tr\\\/ekonomik-siddet\\\/\",\"url\":\"https:\\\/\\\/www.violencequefaire.ch\\\/tr\\\/ekonomik-siddet\\\/\",\"name\":\"Ekonomik \u015fiddet &#8226; Violence que faire ?\",\"isPartOf\":{\"@id\":\"https:\\\/\\\/www.violencequefaire.ch\\\/tr\\\/#website\"},\"datePublished\":\"2022-03-25T14:04:14+00:00\",\"dateModified\":\"2023-12-15T06:09:11+00:00\",\"breadcrumb\":{\"@id\":\"https:\\\/\\\/www.violencequefaire.ch\\\/tr\\\/ekonomik-siddet\\\/#breadcrumb\"},\"inLanguage\":\"tr\",\"potentialAction\":[{\"@type\":\"ReadAction\",\"target\":[\"https:\\\/\\\/www.violencequefaire.ch\\\/tr\\\/ekonomik-siddet\\\/\"]}]},{\"@type\":\"BreadcrumbList\",\"@id\":\"https:\\\/\\\/www.violencequefaire.ch\\\/tr\\\/ekonomik-siddet\\\/#breadcrumb\",\"itemListElement\":[{\"@type\":\"ListItem\",\"position\":1,\"name\":\"Ev\",\"item\":\"https:\\\/\\\/www.violencequefaire.ch\\\/tr\\\/\"},{\"@type\":\"ListItem\",\"position\":2,\"name\":\"Ekonomik \u015fiddet\"}]},{\"@type\":\"WebSite\",\"@id\":\"https:\\\/\\\/www.violencequefaire.ch\\\/tr\\\/#website\",\"url\":\"https:\\\/\\\/www.violencequefaire.ch\\\/tr\\\/\",\"name\":\"Violence que faire\",\"description\":\"Des sp\u00e9cialistes r\u00e9pondent personnellement \u00e0 vos questions anonymes sur la violence au sein du couple.\",\"publisher\":{\"@id\":\"https:\\\/\\\/www.violencequefaire.ch\\\/tr\\\/#organization\"},\"alternateName\":\"Violenza Cosa Fare\",\"potentialAction\":[{\"@type\":\"SearchAction\",\"target\":{\"@type\":\"EntryPoint\",\"urlTemplate\":\"https:\\\/\\\/www.violencequefaire.ch\\\/tr\\\/?s={search_term_string}\"},\"query-input\":{\"@type\":\"PropertyValueSpecification\",\"valueRequired\":true,\"valueName\":\"search_term_string\"}}],\"inLanguage\":\"tr\"},{\"@type\":\"Organization\",\"@id\":\"https:\\\/\\\/www.violencequefaire.ch\\\/tr\\\/#organization\",\"name\":\"Violence que faire ?\",\"url\":\"https:\\\/\\\/www.violencequefaire.ch\\\/tr\\\/\",\"logo\":{\"@type\":\"ImageObject\",\"inLanguage\":\"tr\",\"@id\":\"https:\\\/\\\/www.violencequefaire.ch\\\/tr\\\/#\\\/schema\\\/logo\\\/image\\\/\",\"url\":\"https:\\\/\\\/www.violencequefaire.ch\\\/wp-content\\\/uploads\\\/2022\\\/04\\\/VQF_LOGO_neutre.jpg\",\"contentUrl\":\"https:\\\/\\\/www.violencequefaire.ch\\\/wp-content\\\/uploads\\\/2022\\\/04\\\/VQF_LOGO_neutre.jpg\",\"width\":253,\"height\":376,\"caption\":\"Violence que faire ?\"},\"image\":{\"@id\":\"https:\\\/\\\/www.violencequefaire.ch\\\/tr\\\/#\\\/schema\\\/logo\\\/image\\\/\"}}]}<\/script>\n<!-- \/ Yoast SEO plugin. -->","yoast_head_json":{"title":"Ekonomik \u015fiddet &#8226; Violence que faire ?","robots":{"index":"index","follow":"follow","max-snippet":"max-snippet:-1","max-image-preview":"max-image-preview:large","max-video-preview":"max-video-preview:-1"},"canonical":"https:\/\/www.violencequefaire.ch\/tr\/ekonomik-siddet\/","og_locale":"tr_TR","og_type":"article","og_title":"Ekonomik \u015fiddet &#8226; Violence que faire ?","og_description":"[vc_row][vc_column][\/vc_column][\/vc_row][vc_row][vc_column][\/vc_column][\/vc_row]","og_url":"https:\/\/www.violencequefaire.ch\/tr\/ekonomik-siddet\/","og_site_name":"Violence que faire ?","article_modified_time":"2023-12-15T06:09:11+00:00","twitter_card":"summary_large_image","twitter_misc":{"Tahmini okuma s\u00fcresi":"1 dakika"},"schema":{"@context":"https:\/\/schema.org","@graph":[{"@type":"WebPage","@id":"https:\/\/www.violencequefaire.ch\/tr\/ekonomik-siddet\/","url":"https:\/\/www.violencequefaire.ch\/tr\/ekonomik-siddet\/","name":"Ekonomik \u015fiddet &#8226; Violence que faire ?","isPartOf":{"@id":"https:\/\/www.violencequefaire.ch\/tr\/#website"},"datePublished":"2022-03-25T14:04:14+00:00","dateModified":"2023-12-15T06:09:11+00:00","breadcrumb":{"@id":"https:\/\/www.violencequefaire.ch\/tr\/ekonomik-siddet\/#breadcrumb"},"inLanguage":"tr","potentialAction":[{"@type":"ReadAction","target":["https:\/\/www.violencequefaire.ch\/tr\/ekonomik-siddet\/"]}]},{"@type":"BreadcrumbList","@id":"https:\/\/www.violencequefaire.ch\/tr\/ekonomik-siddet\/#breadcrumb","itemListElement":[{"@type":"ListItem","position":1,"name":"Ev","item":"https:\/\/www.violencequefaire.ch\/tr\/"},{"@type":"ListItem","position":2,"name":"Ekonomik \u015fiddet"}]},{"@type":"WebSite","@id":"https:\/\/www.violencequefaire.ch\/tr\/#website","url":"https:\/\/www.violencequefaire.ch\/tr\/","name":"Violence que faire","description":"Des sp\u00e9cialistes r\u00e9pondent personnellement \u00e0 vos questions anonymes sur la violence au sein du couple.","publisher":{"@id":"https:\/\/www.violencequefaire.ch\/tr\/#organization"},"alternateName":"Violenza Cosa Fare","potentialAction":[{"@type":"SearchAction","target":{"@type":"EntryPoint","urlTemplate":"https:\/\/www.violencequefaire.ch\/tr\/?s={search_term_string}"},"query-input":{"@type":"PropertyValueSpecification","valueRequired":true,"valueName":"search_term_string"}}],"inLanguage":"tr"},{"@type":"Organization","@id":"https:\/\/www.violencequefaire.ch\/tr\/#organization","name":"Violence que faire ?","url":"https:\/\/www.violencequefaire.ch\/tr\/","logo":{"@type":"ImageObject","inLanguage":"tr","@id":"https:\/\/www.violencequefaire.ch\/tr\/#\/schema\/logo\/image\/","url":"https:\/\/www.violencequefaire.ch\/wp-content\/uploads\/2022\/04\/VQF_LOGO_neutre.jpg","contentUrl":"https:\/\/www.violencequefaire.ch\/wp-content\/uploads\/2022\/04\/VQF_LOGO_neutre.jpg","width":253,"height":376,"caption":"Violence que faire ?"},"image":{"@id":"https:\/\/www.violencequefaire.ch\/tr\/#\/schema\/logo\/image\/"}}]}},"_links":{"self":[{"href":"https:\/\/www.violencequefaire.ch\/tr\/wp-json\/wp\/v2\/pages\/2248","targetHints":{"allow":["GET"]}}],"collection":[{"href":"https:\/\/www.violencequefaire.ch\/tr\/wp-json\/wp\/v2\/pages"}],"about":[{"href":"https:\/\/www.violencequefaire.ch\/tr\/wp-json\/wp\/v2\/types\/page"}],"author":[{"embeddable":true,"href":"https:\/\/www.violencequefaire.ch\/tr\/wp-json\/wp\/v2\/users\/16"}],"replies":[{"embeddable":true,"href":"https:\/\/www.violencequefaire.ch\/tr\/wp-json\/wp\/v2\/comments?post=2248"}],"version-history":[{"count":17,"href":"https:\/\/www.violencequefaire.ch\/tr\/wp-json\/wp\/v2\/pages\/2248\/revisions"}],"predecessor-version":[{"id":5500,"href":"https:\/\/www.violencequefaire.ch\/tr\/wp-json\/wp\/v2\/pages\/2248\/revisions\/5500"}],"wp:attachment":[{"href":"https:\/\/www.violencequefaire.ch\/tr\/wp-json\/wp\/v2\/media?parent=2248"}],"curies":[{"name":"wp","href":"https:\/\/api.w.org\/{rel}","templated":true}]}}