{"id":2236,"date":"2022-03-25T15:03:55","date_gmt":"2022-03-25T14:03:55","guid":{"rendered":"https:\/\/dev-vqf.creatives.com\/?page_id=2236"},"modified":"2023-12-15T07:10:12","modified_gmt":"2023-12-15T06:10:12","slug":"cinsel-siddet","status":"publish","type":"page","link":"https:\/\/www.violencequefaire.ch\/tr\/cinsel-siddet\/","title":{"rendered":"Cinsel \u015fiddet"},"content":{"rendered":"<div class=\"wpb-content-wrapper\"><p>[vc_row][vc_column]<section class='vqf_section_block'><div class='vqf_container'><div class='vqf_row'><div class='vqf_full_col'><h2>CINSEL \u015eIDDET<\/h2><\/div><\/div><\/div><\/section>[\/vc_column][\/vc_row][vc_row][vc_column]<section class='vqf_section_block block_background'><div class='vqf_container'><div class='vqf_row'><div class='vqf_full_col'><h2>Tan\u0131m<\/h2><div class='vqf_fixed_width_text'>Cinsel taciz, cinsel ili\u015fki esnas\u0131nda a\u015fa\u011flamak (k\u00fcf\u00fcr, nesne kullanmak, vs\u2026) cinsel ili\u015fki s\u0131rasinda fiziksel sald\u0131r\u0131, zorla ili\u015fkide bulunmak (pornografik malzeme kullanmak, anal sekse ve ba\u015fka insanlarla ili\u015fkiye zorlamak) tecav\u00fcz, vs\u2026<\/div><\/div><\/div><\/div><\/section>[\/vc_column][\/vc_row]<\/p>\n<\/div>","protected":false},"excerpt":{"rendered":"<p>[vc_row][vc_column][\/vc_column][\/vc_row][vc_row][vc_column][\/vc_column][\/vc_row]<\/p>\n","protected":false},"author":16,"featured_media":0,"parent":0,"menu_order":0,"comment_status":"closed","ping_status":"closed","template":"templates\/Sexuelle.php","meta":{"_acf_changed":false,"footnotes":""},"class_list":["post-2236","page","type-page","status-publish","hentry"],"acf":[],"yoast_head":"<!-- This site is optimized with the Yoast SEO plugin v27.3 - https:\/\/yoast.com\/product\/yoast-seo-wordpress\/ -->\n<title>Cinsel \u015fiddet &#8226; Violence que faire ?<\/title>\n<meta name=\"robots\" content=\"index, follow, max-snippet:-1, max-image-preview:large, max-video-preview:-1\" \/>\n<link rel=\"canonical\" href=\"https:\/\/www.violencequefaire.ch\/tr\/cinsel-siddet\/\" \/>\n<meta property=\"og:locale\" content=\"tr_TR\" \/>\n<meta property=\"og:type\" content=\"article\" \/>\n<meta property=\"og:title\" content=\"Cinsel \u015fiddet &#8226; Violence que faire ?\" \/>\n<meta property=\"og:description\" content=\"[vc_row][vc_column][\/vc_column][\/vc_row][vc_row][vc_column][\/vc_column][\/vc_row]\" \/>\n<meta property=\"og:url\" content=\"https:\/\/www.violencequefaire.ch\/tr\/cinsel-siddet\/\" \/>\n<meta property=\"og:site_name\" content=\"Violence que faire ?\" \/>\n<meta property=\"article:modified_time\" content=\"2023-12-15T06:10:12+00:00\" \/>\n<meta name=\"twitter:card\" content=\"summary_large_image\" \/>\n<meta name=\"twitter:label1\" content=\"Tahmini okuma s\u00fcresi\" \/>\n\t<meta name=\"twitter:data1\" content=\"1 dakika\" \/>\n<script type=\"application\/ld+json\" class=\"yoast-schema-graph\">{\"@context\":\"https:\\\/\\\/schema.org\",\"@graph\":[{\"@type\":\"WebPage\",\"@id\":\"https:\\\/\\\/www.violencequefaire.ch\\\/tr\\\/cinsel-siddet\\\/\",\"url\":\"https:\\\/\\\/www.violencequefaire.ch\\\/tr\\\/cinsel-siddet\\\/\",\"name\":\"Cinsel \u015fiddet &#8226; Violence que faire ?\",\"isPartOf\":{\"@id\":\"https:\\\/\\\/www.violencequefaire.ch\\\/tr\\\/#website\"},\"datePublished\":\"2022-03-25T14:03:55+00:00\",\"dateModified\":\"2023-12-15T06:10:12+00:00\",\"breadcrumb\":{\"@id\":\"https:\\\/\\\/www.violencequefaire.ch\\\/tr\\\/cinsel-siddet\\\/#breadcrumb\"},\"inLanguage\":\"tr\",\"potentialAction\":[{\"@type\":\"ReadAction\",\"target\":[\"https:\\\/\\\/www.violencequefaire.ch\\\/tr\\\/cinsel-siddet\\\/\"]}]},{\"@type\":\"BreadcrumbList\",\"@id\":\"https:\\\/\\\/www.violencequefaire.ch\\\/tr\\\/cinsel-siddet\\\/#breadcrumb\",\"itemListElement\":[{\"@type\":\"ListItem\",\"position\":1,\"name\":\"Ev\",\"item\":\"https:\\\/\\\/www.violencequefaire.ch\\\/tr\\\/\"},{\"@type\":\"ListItem\",\"position\":2,\"name\":\"Cinsel \u015fiddet\"}]},{\"@type\":\"WebSite\",\"@id\":\"https:\\\/\\\/www.violencequefaire.ch\\\/tr\\\/#website\",\"url\":\"https:\\\/\\\/www.violencequefaire.ch\\\/tr\\\/\",\"name\":\"Violence que faire\",\"description\":\"Des sp\u00e9cialistes r\u00e9pondent personnellement \u00e0 vos questions anonymes sur la violence au sein du couple.\",\"publisher\":{\"@id\":\"https:\\\/\\\/www.violencequefaire.ch\\\/tr\\\/#organization\"},\"alternateName\":\"Violenza Cosa Fare\",\"potentialAction\":[{\"@type\":\"SearchAction\",\"target\":{\"@type\":\"EntryPoint\",\"urlTemplate\":\"https:\\\/\\\/www.violencequefaire.ch\\\/tr\\\/?s={search_term_string}\"},\"query-input\":{\"@type\":\"PropertyValueSpecification\",\"valueRequired\":true,\"valueName\":\"search_term_string\"}}],\"inLanguage\":\"tr\"},{\"@type\":\"Organization\",\"@id\":\"https:\\\/\\\/www.violencequefaire.ch\\\/tr\\\/#organization\",\"name\":\"Violence que faire ?\",\"url\":\"https:\\\/\\\/www.violencequefaire.ch\\\/tr\\\/\",\"logo\":{\"@type\":\"ImageObject\",\"inLanguage\":\"tr\",\"@id\":\"https:\\\/\\\/www.violencequefaire.ch\\\/tr\\\/#\\\/schema\\\/logo\\\/image\\\/\",\"url\":\"https:\\\/\\\/www.violencequefaire.ch\\\/wp-content\\\/uploads\\\/2022\\\/04\\\/VQF_LOGO_neutre.jpg\",\"contentUrl\":\"https:\\\/\\\/www.violencequefaire.ch\\\/wp-content\\\/uploads\\\/2022\\\/04\\\/VQF_LOGO_neutre.jpg\",\"width\":253,\"height\":376,\"caption\":\"Violence que faire ?\"},\"image\":{\"@id\":\"https:\\\/\\\/www.violencequefaire.ch\\\/tr\\\/#\\\/schema\\\/logo\\\/image\\\/\"}}]}<\/script>\n<!-- \/ Yoast SEO plugin. -->","yoast_head_json":{"title":"Cinsel \u015fiddet &#8226; Violence que faire ?","robots":{"index":"index","follow":"follow","max-snippet":"max-snippet:-1","max-image-preview":"max-image-preview:large","max-video-preview":"max-video-preview:-1"},"canonical":"https:\/\/www.violencequefaire.ch\/tr\/cinsel-siddet\/","og_locale":"tr_TR","og_type":"article","og_title":"Cinsel \u015fiddet &#8226; Violence que faire ?","og_description":"[vc_row][vc_column][\/vc_column][\/vc_row][vc_row][vc_column][\/vc_column][\/vc_row]","og_url":"https:\/\/www.violencequefaire.ch\/tr\/cinsel-siddet\/","og_site_name":"Violence que faire ?","article_modified_time":"2023-12-15T06:10:12+00:00","twitter_card":"summary_large_image","twitter_misc":{"Tahmini okuma s\u00fcresi":"1 dakika"},"schema":{"@context":"https:\/\/schema.org","@graph":[{"@type":"WebPage","@id":"https:\/\/www.violencequefaire.ch\/tr\/cinsel-siddet\/","url":"https:\/\/www.violencequefaire.ch\/tr\/cinsel-siddet\/","name":"Cinsel \u015fiddet &#8226; Violence que faire ?","isPartOf":{"@id":"https:\/\/www.violencequefaire.ch\/tr\/#website"},"datePublished":"2022-03-25T14:03:55+00:00","dateModified":"2023-12-15T06:10:12+00:00","breadcrumb":{"@id":"https:\/\/www.violencequefaire.ch\/tr\/cinsel-siddet\/#breadcrumb"},"inLanguage":"tr","potentialAction":[{"@type":"ReadAction","target":["https:\/\/www.violencequefaire.ch\/tr\/cinsel-siddet\/"]}]},{"@type":"BreadcrumbList","@id":"https:\/\/www.violencequefaire.ch\/tr\/cinsel-siddet\/#breadcrumb","itemListElement":[{"@type":"ListItem","position":1,"name":"Ev","item":"https:\/\/www.violencequefaire.ch\/tr\/"},{"@type":"ListItem","position":2,"name":"Cinsel \u015fiddet"}]},{"@type":"WebSite","@id":"https:\/\/www.violencequefaire.ch\/tr\/#website","url":"https:\/\/www.violencequefaire.ch\/tr\/","name":"Violence que faire","description":"Des sp\u00e9cialistes r\u00e9pondent personnellement \u00e0 vos questions anonymes sur la violence au sein du couple.","publisher":{"@id":"https:\/\/www.violencequefaire.ch\/tr\/#organization"},"alternateName":"Violenza Cosa Fare","potentialAction":[{"@type":"SearchAction","target":{"@type":"EntryPoint","urlTemplate":"https:\/\/www.violencequefaire.ch\/tr\/?s={search_term_string}"},"query-input":{"@type":"PropertyValueSpecification","valueRequired":true,"valueName":"search_term_string"}}],"inLanguage":"tr"},{"@type":"Organization","@id":"https:\/\/www.violencequefaire.ch\/tr\/#organization","name":"Violence que faire ?","url":"https:\/\/www.violencequefaire.ch\/tr\/","logo":{"@type":"ImageObject","inLanguage":"tr","@id":"https:\/\/www.violencequefaire.ch\/tr\/#\/schema\/logo\/image\/","url":"https:\/\/www.violencequefaire.ch\/wp-content\/uploads\/2022\/04\/VQF_LOGO_neutre.jpg","contentUrl":"https:\/\/www.violencequefaire.ch\/wp-content\/uploads\/2022\/04\/VQF_LOGO_neutre.jpg","width":253,"height":376,"caption":"Violence que faire ?"},"image":{"@id":"https:\/\/www.violencequefaire.ch\/tr\/#\/schema\/logo\/image\/"}}]}},"_links":{"self":[{"href":"https:\/\/www.violencequefaire.ch\/tr\/wp-json\/wp\/v2\/pages\/2236","targetHints":{"allow":["GET"]}}],"collection":[{"href":"https:\/\/www.violencequefaire.ch\/tr\/wp-json\/wp\/v2\/pages"}],"about":[{"href":"https:\/\/www.violencequefaire.ch\/tr\/wp-json\/wp\/v2\/types\/page"}],"author":[{"embeddable":true,"href":"https:\/\/www.violencequefaire.ch\/tr\/wp-json\/wp\/v2\/users\/16"}],"replies":[{"embeddable":true,"href":"https:\/\/www.violencequefaire.ch\/tr\/wp-json\/wp\/v2\/comments?post=2236"}],"version-history":[{"count":2,"href":"https:\/\/www.violencequefaire.ch\/tr\/wp-json\/wp\/v2\/pages\/2236\/revisions"}],"predecessor-version":[{"id":5501,"href":"https:\/\/www.violencequefaire.ch\/tr\/wp-json\/wp\/v2\/pages\/2236\/revisions\/5501"}],"wp:attachment":[{"href":"https:\/\/www.violencequefaire.ch\/tr\/wp-json\/wp\/v2\/media?parent=2236"}],"curies":[{"name":"wp","href":"https:\/\/api.w.org\/{rel}","templated":true}]}}