{"id":2222,"date":"2022-03-25T14:59:01","date_gmt":"2022-03-25T13:59:01","guid":{"rendered":"https:\/\/dev-vqf.creatives.com\/?page_id=2222"},"modified":"2023-12-15T07:16:53","modified_gmt":"2023-12-15T06:16:53","slug":"siddet-nedir","status":"publish","type":"page","link":"https:\/\/www.violencequefaire.ch\/tr\/siddet-nedir\/","title":{"rendered":"\u015eiddet nedir?"},"content":{"rendered":"<div class=\"wpb-content-wrapper\"><p>[vc_row][vc_column]<section class='vqf_section_block block_background'><div class='vqf_container'><div class='vqf_row'><div class='vqf_full_col'><h2>TARTI\u015eMA MI \u015eIDDET MI?<\/h2><div class='vqf_fixed_width_text'>\u00c7iftlerin bir \u00e7o\u011fu zaman zaman tart\u0131\u015fma ya\u015far. \u00c7iftler negatif sonu\u00e7lar\u0131 olmaks\u0131z\u0131n bir birlerine dar\u0131labilirler. \u00c7iftler aras\u0131 \u015fiddet bundan ba\u015fka bir \u015feydir.<\/p>\n<p>\u015eiddetin aile fertleri \u00fczerinde y\u0131k\u0131c\u0131 bir etkisi vard\u0131r. \u015eiddet\u00a0uyguland\u0131\u011f\u0131nda sayg\u0131 ve e\u015fitlik yok olur.<\/p>\n<p>\u00c7iftler aras\u0131 \u015fiddet, evli olsun olmas\u0131n, \u00e7ift ili\u015fkisinde kendini g\u00f6sterir. \u0130li\u015fkinin ba\u015f\u0131nda ba\u015flayabilir, y\u0131llar sonra ortaya \u00e7\u0131kabilir veya ayr\u0131l\u0131k s\u00fcrecinde de ortaya \u00e7\u0131kabilir.<\/div><\/div><\/div><\/div><\/section>[\/vc_column][\/vc_row][vc_row][vc_column]<section class='vqf_section_block media_n_text_block' id=''><div class='vqf_container'><div class='vqf_row'><div class='vqf_full_col'><h2>\u015eIDDETIN D\u00d6NG\u00dcS\u00dc<\/h2><\/div><div class='vqf_fixed_width_text'><p>\u015eiddet d\u00f6ng\u00fc \u015feklinde kendini g\u00f6sterir. \u00c7o\u011funlukla ve zaman i\u00e7erisinde \u015fiddet d\u00f6nemleri daha s\u0131kl\u0131kla olmaya ba\u015flar ve sald\u0131r\u0131lar giderek daha vahim bir hal al\u0131r. Bir\u015fey yap\u0131lmazsa bu t\u0131rman\u0131\u015f \u015fiddete ma\u011fruz kalan ki\u015finin hayat\u0131n\u0131 tehlikeye atabilecek ve d\u00fczeltilemeyecek yaralanmalara hatta \u00f6l\u00fcm\u00fcne bile yol a\u00e7abilir.<\/p><\/div><div class='left_media_block'><div class='media_box'><img src='https:\/\/www.violencequefaire.ch\/wp-content\/uploads\/2022\/05\/Infographie_cycleviolence_EN.jpg'><\/div><\/div><div class='right_text_block'><div class='vqf_text_carousel_with_cta'><div class='owl-carousel owl-theme'><div class='item'><div class='text_item'><h4>1. Tansiyon \/ Hararet y\u00fckselir<\/h4><p>\u0130leti\u015fim kesilir: \u015fiddet uygulayan e\u015f (erkek \/kad\u0131n) duygular\u0131n\u0131 ve anla\u015fmazl\u0131klar\u0131n\u0131 dile getiremez. Memnuniyetsizlikleri artar veya anla\u015fmaya gitmeyi red ederek kontrol\u00fc ele ge\u00e7irmek ister. \u015eiddet ma\u011fduru \u015fiddet sinyallerini g\u00f6r\u00fcr ve korkmaya ba\u015flar.<\/p><a href='https:\/\/sitemanager.violencequefaire.ch\/' class='vqf_outline_cta'>sorunuzu sorun<\/a><\/div><\/div><div class='item'><div class='text_item'><h4>2. \u015eiddet hadisesi<\/h4><p>\u015eiddet uygulayan e\u015f (erkek\/kad\u0131n) git gide \u015fiddetini ma\u011fdur etti\u011fi e\u015fi \u00fczerinde yo\u011funla\u015ft\u0131rarak kendini rahatlat\u0131r. Ma\u011fdur e\u015f kendini tuza\u011fa d\u00fc\u015f\u00fcr\u00fclm\u00fcs, korku i\u00e7inde, \u00e7aresiz hisseder ve e\u015finin isteklerine boyun e\u011fmeye ba\u015flar.<\/p><a href='https:\/\/sitemanager.violencequefaire.ch\/' class='vqf_outline_cta'>sorunuzu sorun<\/a><\/div><\/div><div class='item'><div class='text_item'><h4>3. Bari\u015fma d\u00f6nemi<\/h4><p>\u015eiddet uygulayan e\u015f \u00f6z\u00fcr diler, bir daha yapmama s\u00f6z\u00fc verir ve kendini affettirmek i\u00e7in her\u015feyi yapar. Ma\u011fdur e\u015f \u00fcmitlenir ve affeder. \u015eiddet uygulayan e\u015f (erkek\/ kad\u0131n) su\u00e7unu hafifletici sebepler bulur (stres, vs...) ve kendini temize \u00e7\u0131karmaya u\u011fra\u015f\u0131r yada ma\u011fdur olan e\u015fi su\u00e7lar. Ma\u011fdur olan e\u015f kendinden \u015f\u00fcphelenir veya su\u00e7luluk duyar. De\u011fi\u015fmesi gerektigini d\u00fc\u015f\u00fcn\u00fcr.<\/p><a href='https:\/\/sitemanager.violencequefaire.ch\/' class='vqf_outline_cta'>sorunuzu sorun<\/a><\/div><\/div><div class='item'><div class='text_item'><h4>4. Sakinlik d\u00f6nemi<\/h4><p>Kriz unutulur, \u015fiddetli davran\u0131\u015flar moladad\u0131r, \"bal ay\u0131\" d\u00f6nemidir ama uzun s\u00fcrmez. Herhangi bir \u00f6nlem al\u0131nmad\u0131k\u00e7a \u015fiddet yeniden ba\u015flar ve \u015fiddet d\u00f6ng\u00fcs\u00fc devam eder.<\/p><a href='https:\/\/sitemanager.violencequefaire.ch\/' class='vqf_outline_cta'>sorunuzu sorun<\/a><\/div><\/div><\/div><\/div><\/div><\/div><\/div><\/section>[\/vc_column][\/vc_row]<\/p>\n<\/div>","protected":false},"excerpt":{"rendered":"<p>[vc_row][vc_column][\/vc_column][\/vc_row][vc_row][vc_column][\/vc_column][\/vc_row]<\/p>\n","protected":false},"author":16,"featured_media":0,"parent":0,"menu_order":0,"comment_status":"closed","ping_status":"closed","template":"","meta":{"_acf_changed":false,"footnotes":""},"class_list":["post-2222","page","type-page","status-publish","hentry"],"acf":[],"yoast_head":"<!-- This site is optimized with the Yoast SEO plugin v27.3 - https:\/\/yoast.com\/product\/yoast-seo-wordpress\/ -->\n<title>\u015eiddet nedir? &#8226; Violence que faire ?<\/title>\n<meta name=\"robots\" content=\"index, follow, max-snippet:-1, max-image-preview:large, max-video-preview:-1\" \/>\n<link rel=\"canonical\" href=\"https:\/\/www.violencequefaire.ch\/tr\/siddet-nedir\/\" \/>\n<meta property=\"og:locale\" content=\"tr_TR\" \/>\n<meta property=\"og:type\" content=\"article\" \/>\n<meta property=\"og:title\" content=\"\u015eiddet nedir? &#8226; Violence que faire ?\" \/>\n<meta property=\"og:description\" content=\"[vc_row][vc_column][\/vc_column][\/vc_row][vc_row][vc_column][\/vc_column][\/vc_row]\" \/>\n<meta property=\"og:url\" content=\"https:\/\/www.violencequefaire.ch\/tr\/siddet-nedir\/\" \/>\n<meta property=\"og:site_name\" content=\"Violence que faire ?\" \/>\n<meta property=\"article:modified_time\" content=\"2023-12-15T06:16:53+00:00\" \/>\n<meta name=\"twitter:card\" content=\"summary_large_image\" \/>\n<meta name=\"twitter:label1\" content=\"Tahmini okuma s\u00fcresi\" \/>\n\t<meta name=\"twitter:data1\" content=\"1 dakika\" \/>\n<script type=\"application\/ld+json\" class=\"yoast-schema-graph\">{\"@context\":\"https:\\\/\\\/schema.org\",\"@graph\":[{\"@type\":\"WebPage\",\"@id\":\"https:\\\/\\\/www.violencequefaire.ch\\\/tr\\\/siddet-nedir\\\/\",\"url\":\"https:\\\/\\\/www.violencequefaire.ch\\\/tr\\\/siddet-nedir\\\/\",\"name\":\"\u015eiddet nedir? &#8226; Violence que faire ?\",\"isPartOf\":{\"@id\":\"https:\\\/\\\/www.violencequefaire.ch\\\/tr\\\/#website\"},\"datePublished\":\"2022-03-25T13:59:01+00:00\",\"dateModified\":\"2023-12-15T06:16:53+00:00\",\"breadcrumb\":{\"@id\":\"https:\\\/\\\/www.violencequefaire.ch\\\/tr\\\/siddet-nedir\\\/#breadcrumb\"},\"inLanguage\":\"tr\",\"potentialAction\":[{\"@type\":\"ReadAction\",\"target\":[\"https:\\\/\\\/www.violencequefaire.ch\\\/tr\\\/siddet-nedir\\\/\"]}]},{\"@type\":\"BreadcrumbList\",\"@id\":\"https:\\\/\\\/www.violencequefaire.ch\\\/tr\\\/siddet-nedir\\\/#breadcrumb\",\"itemListElement\":[{\"@type\":\"ListItem\",\"position\":1,\"name\":\"Ev\",\"item\":\"https:\\\/\\\/www.violencequefaire.ch\\\/tr\\\/\"},{\"@type\":\"ListItem\",\"position\":2,\"name\":\"\u015eiddet nedir?\"}]},{\"@type\":\"WebSite\",\"@id\":\"https:\\\/\\\/www.violencequefaire.ch\\\/tr\\\/#website\",\"url\":\"https:\\\/\\\/www.violencequefaire.ch\\\/tr\\\/\",\"name\":\"Violence que faire\",\"description\":\"Des sp\u00e9cialistes r\u00e9pondent personnellement \u00e0 vos questions anonymes sur la violence au sein du couple.\",\"publisher\":{\"@id\":\"https:\\\/\\\/www.violencequefaire.ch\\\/tr\\\/#organization\"},\"alternateName\":\"Violenza Cosa Fare\",\"potentialAction\":[{\"@type\":\"SearchAction\",\"target\":{\"@type\":\"EntryPoint\",\"urlTemplate\":\"https:\\\/\\\/www.violencequefaire.ch\\\/tr\\\/?s={search_term_string}\"},\"query-input\":{\"@type\":\"PropertyValueSpecification\",\"valueRequired\":true,\"valueName\":\"search_term_string\"}}],\"inLanguage\":\"tr\"},{\"@type\":\"Organization\",\"@id\":\"https:\\\/\\\/www.violencequefaire.ch\\\/tr\\\/#organization\",\"name\":\"Violence que faire ?\",\"url\":\"https:\\\/\\\/www.violencequefaire.ch\\\/tr\\\/\",\"logo\":{\"@type\":\"ImageObject\",\"inLanguage\":\"tr\",\"@id\":\"https:\\\/\\\/www.violencequefaire.ch\\\/tr\\\/#\\\/schema\\\/logo\\\/image\\\/\",\"url\":\"https:\\\/\\\/www.violencequefaire.ch\\\/wp-content\\\/uploads\\\/2022\\\/04\\\/VQF_LOGO_neutre.jpg\",\"contentUrl\":\"https:\\\/\\\/www.violencequefaire.ch\\\/wp-content\\\/uploads\\\/2022\\\/04\\\/VQF_LOGO_neutre.jpg\",\"width\":253,\"height\":376,\"caption\":\"Violence que faire ?\"},\"image\":{\"@id\":\"https:\\\/\\\/www.violencequefaire.ch\\\/tr\\\/#\\\/schema\\\/logo\\\/image\\\/\"}}]}<\/script>\n<!-- \/ Yoast SEO plugin. -->","yoast_head_json":{"title":"\u015eiddet nedir? &#8226; Violence que faire ?","robots":{"index":"index","follow":"follow","max-snippet":"max-snippet:-1","max-image-preview":"max-image-preview:large","max-video-preview":"max-video-preview:-1"},"canonical":"https:\/\/www.violencequefaire.ch\/tr\/siddet-nedir\/","og_locale":"tr_TR","og_type":"article","og_title":"\u015eiddet nedir? &#8226; Violence que faire ?","og_description":"[vc_row][vc_column][\/vc_column][\/vc_row][vc_row][vc_column][\/vc_column][\/vc_row]","og_url":"https:\/\/www.violencequefaire.ch\/tr\/siddet-nedir\/","og_site_name":"Violence que faire ?","article_modified_time":"2023-12-15T06:16:53+00:00","twitter_card":"summary_large_image","twitter_misc":{"Tahmini okuma s\u00fcresi":"1 dakika"},"schema":{"@context":"https:\/\/schema.org","@graph":[{"@type":"WebPage","@id":"https:\/\/www.violencequefaire.ch\/tr\/siddet-nedir\/","url":"https:\/\/www.violencequefaire.ch\/tr\/siddet-nedir\/","name":"\u015eiddet nedir? &#8226; Violence que faire ?","isPartOf":{"@id":"https:\/\/www.violencequefaire.ch\/tr\/#website"},"datePublished":"2022-03-25T13:59:01+00:00","dateModified":"2023-12-15T06:16:53+00:00","breadcrumb":{"@id":"https:\/\/www.violencequefaire.ch\/tr\/siddet-nedir\/#breadcrumb"},"inLanguage":"tr","potentialAction":[{"@type":"ReadAction","target":["https:\/\/www.violencequefaire.ch\/tr\/siddet-nedir\/"]}]},{"@type":"BreadcrumbList","@id":"https:\/\/www.violencequefaire.ch\/tr\/siddet-nedir\/#breadcrumb","itemListElement":[{"@type":"ListItem","position":1,"name":"Ev","item":"https:\/\/www.violencequefaire.ch\/tr\/"},{"@type":"ListItem","position":2,"name":"\u015eiddet nedir?"}]},{"@type":"WebSite","@id":"https:\/\/www.violencequefaire.ch\/tr\/#website","url":"https:\/\/www.violencequefaire.ch\/tr\/","name":"Violence que faire","description":"Des sp\u00e9cialistes r\u00e9pondent personnellement \u00e0 vos questions anonymes sur la violence au sein du couple.","publisher":{"@id":"https:\/\/www.violencequefaire.ch\/tr\/#organization"},"alternateName":"Violenza Cosa Fare","potentialAction":[{"@type":"SearchAction","target":{"@type":"EntryPoint","urlTemplate":"https:\/\/www.violencequefaire.ch\/tr\/?s={search_term_string}"},"query-input":{"@type":"PropertyValueSpecification","valueRequired":true,"valueName":"search_term_string"}}],"inLanguage":"tr"},{"@type":"Organization","@id":"https:\/\/www.violencequefaire.ch\/tr\/#organization","name":"Violence que faire ?","url":"https:\/\/www.violencequefaire.ch\/tr\/","logo":{"@type":"ImageObject","inLanguage":"tr","@id":"https:\/\/www.violencequefaire.ch\/tr\/#\/schema\/logo\/image\/","url":"https:\/\/www.violencequefaire.ch\/wp-content\/uploads\/2022\/04\/VQF_LOGO_neutre.jpg","contentUrl":"https:\/\/www.violencequefaire.ch\/wp-content\/uploads\/2022\/04\/VQF_LOGO_neutre.jpg","width":253,"height":376,"caption":"Violence que faire ?"},"image":{"@id":"https:\/\/www.violencequefaire.ch\/tr\/#\/schema\/logo\/image\/"}}]}},"_links":{"self":[{"href":"https:\/\/www.violencequefaire.ch\/tr\/wp-json\/wp\/v2\/pages\/2222","targetHints":{"allow":["GET"]}}],"collection":[{"href":"https:\/\/www.violencequefaire.ch\/tr\/wp-json\/wp\/v2\/pages"}],"about":[{"href":"https:\/\/www.violencequefaire.ch\/tr\/wp-json\/wp\/v2\/types\/page"}],"author":[{"embeddable":true,"href":"https:\/\/www.violencequefaire.ch\/tr\/wp-json\/wp\/v2\/users\/16"}],"replies":[{"embeddable":true,"href":"https:\/\/www.violencequefaire.ch\/tr\/wp-json\/wp\/v2\/comments?post=2222"}],"version-history":[{"count":6,"href":"https:\/\/www.violencequefaire.ch\/tr\/wp-json\/wp\/v2\/pages\/2222\/revisions"}],"predecessor-version":[{"id":5505,"href":"https:\/\/www.violencequefaire.ch\/tr\/wp-json\/wp\/v2\/pages\/2222\/revisions\/5505"}],"wp:attachment":[{"href":"https:\/\/www.violencequefaire.ch\/tr\/wp-json\/wp\/v2\/media?parent=2222"}],"curies":[{"name":"wp","href":"https:\/\/api.w.org\/{rel}","templated":true}]}}