{"id":5625,"date":"2023-11-07T12:29:00","date_gmt":"2023-11-07T11:29:00","guid":{"rendered":"https:\/\/new.violencequefaire.ch\/new-home\/"},"modified":"2024-01-03T12:02:08","modified_gmt":"2024-01-03T11:02:08","slug":"new-home","status":"publish","type":"page","link":"https:\/\/www.violencequefaire.ch\/ti\/","title":{"rendered":"Homepage Creatives"},"content":{"rendered":"<div class=\"wpb-content-wrapper\"><p>[vc_row][vc_column]<section class='homepage_hero_block'><div class='bg_layer'><img src='https:\/\/www.violencequefaire.ch\/wp-content\/themes\/vqf\/assets\/img\/green_bg.jpg' alt=''><\/div><div class='txt_layer'><div class='vqf_container'><div class='vqf_row'><div class='left_text_block'><h1>VIOLENCE, QUE FAIRE ?<\/h1><p class='hero_subtitle'>\u1218\u1295 \u121d\u12c3\u1291 \u1265\u12d8\u12e8\u1308\u12f5\u1235 \u12d3\u1218\u133d \u121d\u134d\u1273\u1295 \u12c8\u12ed \u121d\u1325\u1243\u121d \u1245\u1291\u12d5 \u12a3\u12ed\u12b0\u1290\u1295 \u1362<\/p>\n<p>VIOLENCE QUE FAIRE \u12d8\u1264\u1273\u12ca \u12d3\u1218\u133b \u1295\u121d\u12cd\u130b\u12f5 \u12dd\u12d3\u1208\u1218 \u121b\u1215\u1260\u122d \u12a5\u12e9 \u1363 \u1295\u12c5\u120e\u121d \u12a5\u1276\u121d \u12da\u132d\u1290\u1251 \u12f5\u121b \u121d\u12bd\u122d\u1295 \u12f0\u1308\u134d\u1295 \u12ed\u1205\u1266\u121d \u12a5\u12e9 \u1362<\/p><div class='avl_service'><p><span class='txt_bold'>En cas d\u2019urgence: <\/span>Police: <span class='txt_bold'>117<\/span> | Ambulance: <span class='txt_bold'>144<\/span><\/p><\/div><\/div><div class='right_cta'><div class='right_block_inner'><\/div><\/div><\/div><\/div><\/div><\/section>[\/vc_column][\/vc_row]<\/p>\n<\/div>","protected":false},"excerpt":{"rendered":"<p>[vc_row][vc_column][\/vc_column][\/vc_row]<\/p>\n","protected":false},"author":16,"featured_media":0,"parent":0,"menu_order":0,"comment_status":"closed","ping_status":"closed","template":"templates\/home.php","meta":{"_acf_changed":false,"footnotes":""},"class_list":["post-5625","page","type-page","status-publish","hentry"],"acf":[],"yoast_head":"<!-- This site is optimized with the Yoast SEO plugin v27.3 - https:\/\/yoast.com\/product\/yoast-seo-wordpress\/ -->\n<title>Homepage Creatives &#8226; Violence que faire ?<\/title>\n<meta name=\"robots\" content=\"index, follow, max-snippet:-1, max-image-preview:large, max-video-preview:-1\" \/>\n<link rel=\"canonical\" href=\"https:\/\/www.violencequefaire.ch\/ti\/\" \/>\n<meta property=\"og:locale\" content=\"en_US\" \/>\n<meta property=\"og:type\" content=\"article\" \/>\n<meta property=\"og:title\" content=\"Homepage Creatives &#8226; Violence que faire ?\" \/>\n<meta property=\"og:description\" content=\"[vc_row][vc_column][\/vc_column][\/vc_row]\" \/>\n<meta property=\"og:url\" content=\"https:\/\/www.violencequefaire.ch\/ti\/\" \/>\n<meta property=\"og:site_name\" content=\"Violence que faire ?\" \/>\n<meta property=\"article:modified_time\" content=\"2024-01-03T11:02:08+00:00\" \/>\n<meta name=\"twitter:card\" content=\"summary_large_image\" \/>\n<meta name=\"twitter:label1\" content=\"Est. reading time\" \/>\n\t<meta name=\"twitter:data1\" content=\"2 minutes\" \/>\n<script type=\"application\/ld+json\" class=\"yoast-schema-graph\">{\"@context\":\"https:\\\/\\\/schema.org\",\"@graph\":[{\"@type\":\"WebPage\",\"@id\":\"https:\\\/\\\/www.violencequefaire.ch\\\/ti\\\/\",\"url\":\"https:\\\/\\\/www.violencequefaire.ch\\\/ti\\\/\",\"name\":\"Homepage Creatives &#8226; Violence que faire ?\",\"isPartOf\":{\"@id\":\"https:\\\/\\\/www.violencequefaire.ch\\\/ti\\\/#website\"},\"datePublished\":\"2023-11-07T11:29:00+00:00\",\"dateModified\":\"2024-01-03T11:02:08+00:00\",\"breadcrumb\":{\"@id\":\"https:\\\/\\\/www.violencequefaire.ch\\\/ti\\\/#breadcrumb\"},\"inLanguage\":\"ti-TI\",\"potentialAction\":[{\"@type\":\"ReadAction\",\"target\":[\"https:\\\/\\\/www.violencequefaire.ch\\\/ti\\\/\"]}]},{\"@type\":\"BreadcrumbList\",\"@id\":\"https:\\\/\\\/www.violencequefaire.ch\\\/ti\\\/#breadcrumb\",\"itemListElement\":[{\"@type\":\"ListItem\",\"position\":1,\"name\":\"Home\",\"item\":\"https:\\\/\\\/www.violencequefaire.ch\\\/ti\\\/\"},{\"@type\":\"ListItem\",\"position\":2,\"name\":\"Homepage Creatives\"}]},{\"@type\":\"WebSite\",\"@id\":\"https:\\\/\\\/www.violencequefaire.ch\\\/ti\\\/#website\",\"url\":\"https:\\\/\\\/www.violencequefaire.ch\\\/ti\\\/\",\"name\":\"Violence que faire\",\"description\":\"Des sp\u00e9cialistes r\u00e9pondent personnellement \u00e0 vos questions anonymes sur la violence au sein du couple.\",\"publisher\":{\"@id\":\"https:\\\/\\\/www.violencequefaire.ch\\\/ti\\\/#organization\"},\"alternateName\":\"Violenza Cosa Fare\",\"potentialAction\":[{\"@type\":\"SearchAction\",\"target\":{\"@type\":\"EntryPoint\",\"urlTemplate\":\"https:\\\/\\\/www.violencequefaire.ch\\\/ti\\\/?s={search_term_string}\"},\"query-input\":{\"@type\":\"PropertyValueSpecification\",\"valueRequired\":true,\"valueName\":\"search_term_string\"}}],\"inLanguage\":\"ti-TI\"},{\"@type\":\"Organization\",\"@id\":\"https:\\\/\\\/www.violencequefaire.ch\\\/ti\\\/#organization\",\"name\":\"Violence que faire ?\",\"url\":\"https:\\\/\\\/www.violencequefaire.ch\\\/ti\\\/\",\"logo\":{\"@type\":\"ImageObject\",\"inLanguage\":\"ti-TI\",\"@id\":\"https:\\\/\\\/www.violencequefaire.ch\\\/ti\\\/#\\\/schema\\\/logo\\\/image\\\/\",\"url\":\"https:\\\/\\\/www.violencequefaire.ch\\\/wp-content\\\/uploads\\\/2022\\\/04\\\/VQF_LOGO_neutre.jpg\",\"contentUrl\":\"https:\\\/\\\/www.violencequefaire.ch\\\/wp-content\\\/uploads\\\/2022\\\/04\\\/VQF_LOGO_neutre.jpg\",\"width\":253,\"height\":376,\"caption\":\"Violence que faire ?\"},\"image\":{\"@id\":\"https:\\\/\\\/www.violencequefaire.ch\\\/ti\\\/#\\\/schema\\\/logo\\\/image\\\/\"}}]}<\/script>\n<!-- \/ Yoast SEO plugin. -->","yoast_head_json":{"title":"Homepage Creatives &#8226; Violence que faire ?","robots":{"index":"index","follow":"follow","max-snippet":"max-snippet:-1","max-image-preview":"max-image-preview:large","max-video-preview":"max-video-preview:-1"},"canonical":"https:\/\/www.violencequefaire.ch\/ti\/","og_locale":"en_US","og_type":"article","og_title":"Homepage Creatives &#8226; Violence que faire ?","og_description":"[vc_row][vc_column][\/vc_column][\/vc_row]","og_url":"https:\/\/www.violencequefaire.ch\/ti\/","og_site_name":"Violence que faire ?","article_modified_time":"2024-01-03T11:02:08+00:00","twitter_card":"summary_large_image","twitter_misc":{"Est. reading time":"2 minutes"},"schema":{"@context":"https:\/\/schema.org","@graph":[{"@type":"WebPage","@id":"https:\/\/www.violencequefaire.ch\/ti\/","url":"https:\/\/www.violencequefaire.ch\/ti\/","name":"Homepage Creatives &#8226; Violence que faire ?","isPartOf":{"@id":"https:\/\/www.violencequefaire.ch\/ti\/#website"},"datePublished":"2023-11-07T11:29:00+00:00","dateModified":"2024-01-03T11:02:08+00:00","breadcrumb":{"@id":"https:\/\/www.violencequefaire.ch\/ti\/#breadcrumb"},"inLanguage":"ti-TI","potentialAction":[{"@type":"ReadAction","target":["https:\/\/www.violencequefaire.ch\/ti\/"]}]},{"@type":"BreadcrumbList","@id":"https:\/\/www.violencequefaire.ch\/ti\/#breadcrumb","itemListElement":[{"@type":"ListItem","position":1,"name":"Home","item":"https:\/\/www.violencequefaire.ch\/ti\/"},{"@type":"ListItem","position":2,"name":"Homepage Creatives"}]},{"@type":"WebSite","@id":"https:\/\/www.violencequefaire.ch\/ti\/#website","url":"https:\/\/www.violencequefaire.ch\/ti\/","name":"Violence que faire","description":"Des sp\u00e9cialistes r\u00e9pondent personnellement \u00e0 vos questions anonymes sur la violence au sein du couple.","publisher":{"@id":"https:\/\/www.violencequefaire.ch\/ti\/#organization"},"alternateName":"Violenza Cosa Fare","potentialAction":[{"@type":"SearchAction","target":{"@type":"EntryPoint","urlTemplate":"https:\/\/www.violencequefaire.ch\/ti\/?s={search_term_string}"},"query-input":{"@type":"PropertyValueSpecification","valueRequired":true,"valueName":"search_term_string"}}],"inLanguage":"ti-TI"},{"@type":"Organization","@id":"https:\/\/www.violencequefaire.ch\/ti\/#organization","name":"Violence que faire ?","url":"https:\/\/www.violencequefaire.ch\/ti\/","logo":{"@type":"ImageObject","inLanguage":"ti-TI","@id":"https:\/\/www.violencequefaire.ch\/ti\/#\/schema\/logo\/image\/","url":"https:\/\/www.violencequefaire.ch\/wp-content\/uploads\/2022\/04\/VQF_LOGO_neutre.jpg","contentUrl":"https:\/\/www.violencequefaire.ch\/wp-content\/uploads\/2022\/04\/VQF_LOGO_neutre.jpg","width":253,"height":376,"caption":"Violence que faire ?"},"image":{"@id":"https:\/\/www.violencequefaire.ch\/ti\/#\/schema\/logo\/image\/"}}]}},"_links":{"self":[{"href":"https:\/\/www.violencequefaire.ch\/ti\/wp-json\/wp\/v2\/pages\/5625","targetHints":{"allow":["GET"]}}],"collection":[{"href":"https:\/\/www.violencequefaire.ch\/ti\/wp-json\/wp\/v2\/pages"}],"about":[{"href":"https:\/\/www.violencequefaire.ch\/ti\/wp-json\/wp\/v2\/types\/page"}],"author":[{"embeddable":true,"href":"https:\/\/www.violencequefaire.ch\/ti\/wp-json\/wp\/v2\/users\/16"}],"replies":[{"embeddable":true,"href":"https:\/\/www.violencequefaire.ch\/ti\/wp-json\/wp\/v2\/comments?post=5625"}],"version-history":[{"count":2,"href":"https:\/\/www.violencequefaire.ch\/ti\/wp-json\/wp\/v2\/pages\/5625\/revisions"}],"predecessor-version":[{"id":5628,"href":"https:\/\/www.violencequefaire.ch\/ti\/wp-json\/wp\/v2\/pages\/5625\/revisions\/5628"}],"wp:attachment":[{"href":"https:\/\/www.violencequefaire.ch\/ti\/wp-json\/wp\/v2\/media?parent=5625"}],"curies":[{"name":"wp","href":"https:\/\/api.w.org\/{rel}","templated":true}]}}