{"id":2761,"date":"2022-04-22T15:28:19","date_gmt":"2022-04-22T13:28:19","guid":{"rendered":"https:\/\/dev-vqf.creatives.com\/?page_id=2761"},"modified":"2023-12-14T14:33:54","modified_gmt":"2023-12-14T13:33:54","slug":"%e1%88%95%e1%89%b6-%e1%88%95%e1%89%b0%e1%89%b5","status":"publish","type":"page","link":"https:\/\/www.violencequefaire.ch\/ti\/%e1%88%95%e1%89%b6-%e1%88%95%e1%89%b0%e1%89%b5\/","title":{"rendered":"\u1215\u1276 \u1215\u1270\u1275"},"content":{"rendered":"<div class=\"wpb-content-wrapper\"><p>[vc_row][vc_column]<section class='vqf_section_block text_n_media_block'><div class='vqf_container'><div class='vqf_row'><div class='vqf_full_col'><h2>ti\/\u1215\u1276-\u1215\u1270\u1275\/<\/h2><\/div><div><div class='vqf_fixed_width_text'><p>\u130d\u12f3\u12ed \u12d3\u1218\u133b \u12f2\u12bb \u12c8\u12ed\u1235 \u12a3\u1265 \u12a8\u1263\u1262\u12bb \u12d8\u1264\u1273\u12ca \u12d3\u1218\u133b \u12d8\u1208\u12ce \u1230\u1265 \u1275\u1348\u120d\u1325 \u12a2\u12bb ? \u121d\u1235 \u1235\u1253\u12ed\u12ab \u1260\u12ed\u1295\u12bb \u12a3\u12ed\u1275\u12b9\u1295 \u1362<\/p><br \/>\n<p>\u12a3\u1338\u130b\u121d\u1295 \u12dc\u1233\u1255\u1295 \u12b5\u1290\u1273\u1275 \u12a5\u12e9 \u12d8\u120e\u12ab \u1362 \u133d\u121d\u12cb\u1295 \u1228\u12f3\u12a2 \u12a3\u120d\u1266\u1295 \u12b0\u12ed\u1291 \u12ed\u1235\u121d\u12d3\u12ab\u1362 \u1215\u1276 \u12a3\u120e\u12ab\u12f6 \u1213\u1260\u122c\u1273 \u12ed\u1235\u121d\u12d3\u12ab \u12f5\u12e9 \u12c8\u12ed\u1235 \u12a5\u1295\u1273\u12ed \u12e8\u1215\u120d\u1348\u12ab \u12b8\u121d \u12d8\u120e \u12bd\u1275\u1290\u130d\u1228\u12ab \u1275\u12f0\u120a \u12a2\u12bb ? \u121d\u12a9\u122d \u1230\u1265 \u121e\u12eb \u12a3\u1265\u12da \u12c8\u1265 \u1233\u12ed\u1275 \u12a5\u12da \u12ba\u1230\u121d\u12d1\u12bb\u1295 \u12aa\u121d\u120d\u1231\u120d\u12ab\u1295 \u12a5\u12ee\u121d\u1362<\/p><br \/>\n<p>\u12a5\u1272 violencequefaire.ch \u12da\u1265\u1203\u120d \u12c8\u1265 \u1233\u12ed\u1275 \u12a3\u1265 \u1235\u12ca\u12d8\u122d\u120b\u1295\u12f5 \u12a5\u12e9 \u12da\u122d\u12a8\u1265 \u1362 \u12a3\u1265 \u1235\u12ca\u12d8\u122d\u120b\u1295\u12f5 \u12da\u1290\u1265\u1229 \u1270\u1320\u1240\u121d\u1272 \u12a2\u1295\u1270\u122d\u1290\u1275 \u1325\u122b\u12ed \u12a5\u12ee\u121d \u1265\u1215\u1273\u12ca \u121d\u120b\u123d \u12aa\u1228\u12bd\u1261 \u12da\u12bd\u12a5\u1209\u1362<\/p><br \/>\n<p>\u12a3\u1265 \u1348\u1228\u1295\u1233 \u1320\u1253\u121a \u12a3\u12f5\u122b\u123b\u1273\u1275 \u1295\u121d\u122d\u12ab\u1265 \u121d\u1235\u1276\u121d \u12a3\u12f5\u122b\u123b\u1273\u1275 \u12ad\u1275\u122b\u12b8\u1265 \u1275\u12bd\u12a5\u120d \u12a2\u12bb \u201c<a href=\"http:\/\/www.solidaritefemmes.org\/\" target=\"_blanc\" rel=\"noopener\">Association Solidarit\u00e9 Femmes<\/a>\u201d (\u121b\u1215\u1260\u122d \u1213\u12f5\u1290\u1275 \u12f0\u1242 \u12a3\u1295\u1235\u1275\u12ee),\u00a0<a href=\"http:\/\/www.france-victimes.fr\/\" target=\"_blanc\" rel=\"noopener\">INAVEM<\/a>\u00a0\u12c8\u12ed \u12a8\u12a3 \u1265\u12d8\u12ed \u12ad\u134d\u120a\u1275 3919\u1362 \u1290\u1276\u121d \u12d3\u1218\u133b \u12da\u134d\u133d\u1219\u00a0<a href=\"http:\/\/www.fnacav.fr\/\" target=\"_blanc\" rel=\"noopener\">FNACAV<\/a>\u00a0\u12ad\u1275\u1215\u130d\u12d8\u12ab \u1275\u12bd\u12a5\u120d \u12a2\u12bb \u1362<\/p><br \/>\n<p>The\u00a0<a href=\"https:\/\/www.wave-network.org\/find-help\/\" target=\"blanc\" rel=\"noopener\">European network WAVE<\/a>\u00a0\u1265\u12d8\u12ed\u12ab\u12da \u12a5\u1295\u1270 \u12f0\u120a\u12bb \u1295\u12c5\u1290\u1273\u1275\u12ab \u1265\u132d\u1261\u1325 \u1218\u1308\u12f2 \u12ba\u1215\u130d\u12db\u12bb \u12da\u12bd\u12a5\u120b \u12a3\u1265 \u1325\u1253\u12bb \u12da\u122d\u12a8\u1263 \u12cd\u12f5\u1263\u1275 \u12a3\u12f5\u122b\u123b \u12ba\u1228\u12bd\u1263\u12bb \u12ed\u12bd\u12a5\u120b \u12a5\u12e8\u1295 \u1362<\/p><\/div><\/div><\/div><div class='vqf_accordion_block'><div class='accordion_item'><div class='accordion_header'><span class='title'>\u1265\u1215\u1273\u12ca \u121d\u12bd\u122a<\/span><\/div><div class='accordion_body'><div class='acc_body_inner'><div class='vqf_fixed_width_text'><p>violencequefaire.ch \u1290\u1276\u121d \u130d\u12f3\u12eb\u1275\u1295 \u1308\u1260\u1290\u129b\u1273\u1275 \u12d8\u1264\u1273\u12ca \u12d3\u1218\u133b\u1295 \u12a3\u1265 \u121d\u1215\u130b\u12dd \u134d\u1209\u12ed \u12ad\u12a5\u1208\u1275 \u12d8\u1208\u12ce\u121d \u1230\u1263\u1275 \u12dc\u1270\u1213\u1233\u1235\u1260\u12ab \u12c5\u1209 \u1215\u1276\u1273\u1275 \u12ad\u1275\u1213\u1275\u1276\u121d \u1275\u12bd\u12a5\u120d \u12a2\u12bb\u1362 \u12a5\u1272 \u12d8\u1215\u1208\u134d\u12ce \u1270\u1218\u12ad\u122e \u1215\u120d\u12bd\u120b\u12bb\u1275 \u12b5\u1290\u1273\u1275\u12ab \u1295\u12ba\u122d\u12f5\u12a1\u1295 \u1295\u12ba\u12f5\u130d\u1349\u12bb\u1295 \u12a3\u12bd\u12a2\u120d\u12ce\u121d \u12a5\u12e9 \u1362 \u121d\u1235 \u12a8\u1263\u1262\u12bb \u12da\u1230\u121b\u121b\u12d5 \u121d\u12bd\u122a \u12bd\u1275\u1228\u12ad\u1265 \u12a2\u12bb\u1362<\/p><\/div><\/div><\/div><\/div><div class='accordion_item'><div class='accordion_header'><span class='title'>\u12b5\u1290\u1273\u1275\u12ab \u12dd\u12eb\u12f3 \u12a3\u1253\u120d\u1266 \u12ed\u1235\u1215\u1265 \u12a3\u120e<\/span><\/div><div class='accordion_body'><div class='acc_body_inner'><div class='vqf_fixed_width_text'><p>\u12b5\u1290\u1273\u1275\u12ab \u12bd\u1233\u12d5 \u12ad\u1295\u12f5\u1272 \u1215\u121b\u1255 \u12a8\u121d \u12d8\u12ed\u12b0\u1290 \u1235\u1208 \u12a5\u1275\u1213\u1235\u1265 \u1290\u1276\u121d \u201c\u1265\u1213\u1242 \u12dc\u12f5\u120d\u12ee\u121d\u201d \u1266\u1273 \u12bd\u1275\u1308\u12f5\u1348\u120e\u121d \u12a3\u120e\u12ab\u1362 \u12b5\u1290\u1273\u1275\u12ab \u12b8\u121d \u12ab\u120d\u12a6\u1275 \u12a3\u1308\u12f3\u1232 \u121d\u12c3\u1291 \u134d\u1208\u1325 \u1362 \u12a5\u12da \u12c8\u1265 \u1233\u12ed\u1275 \u12a5\u12da \u1295\u12c5\u120e\u121d \u12a5\u1276\u121d \u1265\u12d3\u1218\u133b \u12a5\u1270\u1270\u1295\u12a8\u1349 \u1230\u1263\u1275 \u12da\u12b8\u12cd\u1295 \u12a5\u12e9 \u1363 \u1295\u12d3\u12bb \u1295\u121d\u12cd\u134b\u12ed \u12f5\u121b \u130d\u12dc \u12a3\u120e\u1293 \u1362<\/p><\/div><\/div><\/div><\/div><div class='accordion_item'><div class='accordion_header'><span class='title'>\u1295\u1235\u12bb \u12a3\u1265 \u1235\u12ca\u12d8\u122d\u120b\u1295\u12f5 \u1235\u12f0\u1270\u129b \u12a2\u12bb \u1215\u130b\u12ca \u1215\u1276 \u12f5\u121b \u12a3\u120e\u12ab<\/span><\/div><div class='accordion_body'><div class='acc_body_inner'><div class='vqf_fixed_width_text'><p>- \u12a3\u1265 \u12ab\u1295\u1276\u1295 \u1260\u122d\u1295<br \/>\n\u1234\u1295\u1275\u122d \u1236\u1232\u12eb\u120d \u1355\u122e\u1272\u1235\u1273\u1295\u1275 \u2013 info@csp-beju.ch<br \/>\n<br \/>\n- \u12a3\u1265 \u12ab\u1295\u1276\u1295 \u134d\u122a\u1261\u122d\u130d<br \/>\n\u1230\u1230\u1232\/\u1236\u1235 \u2013 info@ccsi-fr.ch<br \/>\n\u12ab\u122a\u1273\u1235 \u2013 info@caritas-fr.ch<br \/>\n<br \/>\n- \u12a3\u1265 \u12ab\u1295\u1276\u1295 \u1300\u1290\u126d<br \/>\n\u1234\u1295\u1275\u122d \u1236\u1232\u12eb\u120d \u1355\u122e\u1272\u1235\u1273\u1295\u1275 \u2013 info@csp-ge.ch<br \/>\n<br \/>\n- \u12a3\u1265 \u12ab\u1295\u1276\u1295 \u1301\u122b<br \/>\n\u1234\u1295\u1275\u122d \u1236\u1232\u12eb\u120d \u1355\u122e\u1272\u1235\u1273\u1295\u1275 \u2013 consultation@csp-beju.ch<br \/>\n\u12a3\u1265 \u12ab\u1295\u1276\u1295 \u1292\u12cd\u123b\u1275\u120d<br \/>\n\u12ab\u122a\u1273\u1235 \u2013 caritas.neuchatel@ne.ch<br \/>\n<br \/>\n- \u12a3\u1265 \u12ab\u1295\u1276\u1295 \u126b\u120c<br \/>\nCentre Suisse \u2013 Immigr\u00e9s \u2013 csivs@bluewin.ch<br \/>\n<br \/>\n- \u12a3\u1265 \u12ab\u1295\u1276\u1295 \u126e<br \/>\nThe Fraternit\u00e9 du Centre social protestant (CSP) \u2013 frat@csp-vd.ch<\/p><\/div><\/div><\/div><\/div><div class='accordion_item'><div class='accordion_header'><span class='title'>\u1265\u12b8\u1218\u12ed \u1215\u1276 \u12b8\u121d \u12a5\u1275\u1213\u1275\u1275<\/span><\/div><div class='accordion_body'><div class='acc_body_inner'><div class='vqf_fixed_width_text'><p>\u1215\u1276 \u12bd\u1275\u1213\u1275\u1275 \u12a5\u1295\u1270 \u12bd\u12a2\u120d\u12ab \u12a3\u1265 \u12c8\u1265 \u1233\u12ed\u1275\u1293 \u1235\u121d \u1270\u1320\u1243\u121a\u1295 \u1353\u1235\u12c8\u120d\u1295 \u1212\u12dd\u12ab \u1218\u12dd\u130d\u1265\u1362 \u12a5\u1272 \u12a3\u1308\u120d\u130d\u120e\u1275 \u1265\u1293\u133b \u12a5\u12e9 \u12da\u1250\u122d\u1265 \u1362 \u1308\u1293 \u12bd\u1275\u12a3\u1271 \u12d8\u12ed\u1275\u12bd\u12a5\u120d \u12a5\u1295\u1270 \u12c4\u1295\u12ab \u12a3\u1265 \u12a2\u1235\u1353\u12ed\u1235 \u1350\u122d\u1236 (\u1265\u1215\u1273\u12ca \u1266\u1273) \u12a3\u1265 \u1273\u1215\u1272 \u12bd\u1275\u121d\u12dd\u1308\u1265 \u1275\u12bd\u12a5\u120d \u12a2\u12bb\u1362 \u12a3\u12dd\u12e9 \u1250\u120a\u120d\u1295 \u1245\u120d\u1321\u134d\u1295 \u12a5\u12e9\u1362 \u12f5\u1215\u122a\u12a1 \u1215\u1276\u12bb \u12bd\u1275\u1213\u1275\u1270\u12ab \u1275\u12bd\u12a5\u120d \u12a2\u12bb \u1363 \u1295\u1215\u1293 \u12f5\u121b \u12a3\u1265 \u12dd\u1260\u1208\u1338 \u130d\u12dc \u12bd\u1295\u121d\u120d\u1230\u120d\u12ab \u12a2\u1293 \u1362 \u1218\u1265\u12db\u1215\u1275\u12a1 \u130d\u12dc \u130d\u1295 \u1265\u1348\u1228\u1295\u1233\u12ed\u129b \u12d8\u12ed\u12b0\u1290\u1235 \u1265\u12bb\u120d\u12a5 \u124b\u1295\u124b\u1273\u1275 \u1295\u12da\u1208\u12d3\u120d \u1215\u1276\u1273\u1275 \u1218\u120d\u1232 \u12a5\u1295\u1205\u1260\u1209 \u130d\u12dc \u1230\u1208\u1235\u1270 \u1293\u12ed \u1235\u122b\u1215 \u1218\u12d3\u120d\u1272 \u12a5\u12e9 \u1362 \u1218\u120d\u1235\u1293 \u121d\u12a5\u1295\u1272 \u12bd\u1275\u122d\u12a2 \u12a3\u1265 \u1215\u1233\u1265\u12ab \u121d\u1235 \u1235\u121d \u1270\u1320\u1243\u121a\u12bb \u12bd\u1275\u134d\u122d\u121d \u12a3\u120e\u12ab\u1363 \u12f5\u1215\u122a\u12a1 \u12a3\u1265\u1273 \u201c\u121e\u1295 \u12ae\u121d\u1355\u1270\u201d (\u1215\u1233\u1260\u12ed) \u1320\u12cd\u1255\u1362<\/p><\/div><\/div><\/div><\/div><div class='accordion_item'><div class='accordion_header'><span class='title'>\u1260\u12da \u125b\u1295\u124b\u1273\u1275 \u12a5\u12da \u1215\u1276 \u12bd\u1275\u1213\u1275\u1275 \u1275\u12bd\u12a5\u120d \u12a2\u12bb<\/span><\/div><div class='accordion_body'><div class='acc_body_inner'><div class='vqf_fixed_width_text'><p>- Deutsch \u2013 German<br \/>\n- English \u2013 English<br \/>\n- \u0627\u0644\u0644\u063a\u0629 \u0627\u0644\u0639\u0631\u0628\u064a\u0629- Arabic<br \/>\n- Espa\u00f1ol \u2013 Spanish<br \/>\n- Italiano \u2013 Italian<br \/>\n- Polski \u2013 Polish<br \/>\n- Portugu\u00e9s \u2013 Portuguese<br \/>\n- Bosanski-hrvatski-srpski \u2013 Bosnian \/ Croatian \/ Serbian<br \/>\n- Soomaali \u2013 Somali<br \/>\n- \u0ba4\u0bae\u0bbf\u0bb4\u0bcd \u2013 Tamil<br \/>\n- T\u00fcrk\u00e7e \u2013 Turkish<\/p><\/div><\/div><\/div><\/div><\/div><\/div><\/section>[\/vc_column][\/vc_row]<\/p>\n<\/div>","protected":false},"excerpt":{"rendered":"<p>[vc_row][vc_column][\/vc_column][\/vc_row]<\/p>\n","protected":false},"author":16,"featured_media":0,"parent":0,"menu_order":0,"comment_status":"closed","ping_status":"closed","template":"","meta":{"_acf_changed":false,"footnotes":""},"class_list":["post-2761","page","type-page","status-publish","hentry"],"acf":[],"yoast_head":"<!-- This site is optimized with the Yoast SEO plugin v27.3 - https:\/\/yoast.com\/product\/yoast-seo-wordpress\/ -->\n<title>\u1215\u1276 \u1215\u1270\u1275 &#8226; Violence que faire ?<\/title>\n<meta name=\"robots\" content=\"index, follow, max-snippet:-1, max-image-preview:large, max-video-preview:-1\" \/>\n<link rel=\"canonical\" href=\"https:\/\/www.violencequefaire.ch\/ti\/%e1%88%95%e1%89%b6-%e1%88%95%e1%89%b0%e1%89%b5\/\" \/>\n<meta property=\"og:locale\" content=\"en_US\" \/>\n<meta property=\"og:type\" content=\"article\" \/>\n<meta property=\"og:title\" content=\"\u1215\u1276 \u1215\u1270\u1275 &#8226; Violence que faire ?\" \/>\n<meta property=\"og:description\" content=\"[vc_row][vc_column][\/vc_column][\/vc_row]\" \/>\n<meta property=\"og:url\" content=\"https:\/\/www.violencequefaire.ch\/ti\/%e1%88%95%e1%89%b6-%e1%88%95%e1%89%b0%e1%89%b5\/\" \/>\n<meta property=\"og:site_name\" content=\"Violence que faire ?\" \/>\n<meta property=\"article:modified_time\" content=\"2023-12-14T13:33:54+00:00\" \/>\n<meta name=\"twitter:card\" content=\"summary_large_image\" \/>\n<meta name=\"twitter:label1\" content=\"Est. reading time\" \/>\n\t<meta name=\"twitter:data1\" content=\"1 minute\" \/>\n<script type=\"application\/ld+json\" class=\"yoast-schema-graph\">{\"@context\":\"https:\\\/\\\/schema.org\",\"@graph\":[{\"@type\":\"WebPage\",\"@id\":\"https:\\\/\\\/www.violencequefaire.ch\\\/ti\\\/%e1%88%95%e1%89%b6-%e1%88%95%e1%89%b0%e1%89%b5\\\/\",\"url\":\"https:\\\/\\\/www.violencequefaire.ch\\\/ti\\\/%e1%88%95%e1%89%b6-%e1%88%95%e1%89%b0%e1%89%b5\\\/\",\"name\":\"\u1215\u1276 \u1215\u1270\u1275 &#8226; Violence que faire ?\",\"isPartOf\":{\"@id\":\"https:\\\/\\\/www.violencequefaire.ch\\\/ti\\\/#website\"},\"datePublished\":\"2022-04-22T13:28:19+00:00\",\"dateModified\":\"2023-12-14T13:33:54+00:00\",\"breadcrumb\":{\"@id\":\"https:\\\/\\\/www.violencequefaire.ch\\\/ti\\\/%e1%88%95%e1%89%b6-%e1%88%95%e1%89%b0%e1%89%b5\\\/#breadcrumb\"},\"inLanguage\":\"ti-TI\",\"potentialAction\":[{\"@type\":\"ReadAction\",\"target\":[\"https:\\\/\\\/www.violencequefaire.ch\\\/ti\\\/%e1%88%95%e1%89%b6-%e1%88%95%e1%89%b0%e1%89%b5\\\/\"]}]},{\"@type\":\"BreadcrumbList\",\"@id\":\"https:\\\/\\\/www.violencequefaire.ch\\\/ti\\\/%e1%88%95%e1%89%b6-%e1%88%95%e1%89%b0%e1%89%b5\\\/#breadcrumb\",\"itemListElement\":[{\"@type\":\"ListItem\",\"position\":1,\"name\":\"Home\",\"item\":\"https:\\\/\\\/www.violencequefaire.ch\\\/ti\\\/\"},{\"@type\":\"ListItem\",\"position\":2,\"name\":\"\u1215\u1276 \u1215\u1270\u1275\"}]},{\"@type\":\"WebSite\",\"@id\":\"https:\\\/\\\/www.violencequefaire.ch\\\/ti\\\/#website\",\"url\":\"https:\\\/\\\/www.violencequefaire.ch\\\/ti\\\/\",\"name\":\"Violence que faire\",\"description\":\"Des sp\u00e9cialistes r\u00e9pondent personnellement \u00e0 vos questions anonymes sur la violence au sein du couple.\",\"publisher\":{\"@id\":\"https:\\\/\\\/www.violencequefaire.ch\\\/ti\\\/#organization\"},\"alternateName\":\"Violenza Cosa Fare\",\"potentialAction\":[{\"@type\":\"SearchAction\",\"target\":{\"@type\":\"EntryPoint\",\"urlTemplate\":\"https:\\\/\\\/www.violencequefaire.ch\\\/ti\\\/?s={search_term_string}\"},\"query-input\":{\"@type\":\"PropertyValueSpecification\",\"valueRequired\":true,\"valueName\":\"search_term_string\"}}],\"inLanguage\":\"ti-TI\"},{\"@type\":\"Organization\",\"@id\":\"https:\\\/\\\/www.violencequefaire.ch\\\/ti\\\/#organization\",\"name\":\"Violence que faire ?\",\"url\":\"https:\\\/\\\/www.violencequefaire.ch\\\/ti\\\/\",\"logo\":{\"@type\":\"ImageObject\",\"inLanguage\":\"ti-TI\",\"@id\":\"https:\\\/\\\/www.violencequefaire.ch\\\/ti\\\/#\\\/schema\\\/logo\\\/image\\\/\",\"url\":\"https:\\\/\\\/www.violencequefaire.ch\\\/wp-content\\\/uploads\\\/2022\\\/04\\\/VQF_LOGO_neutre.jpg\",\"contentUrl\":\"https:\\\/\\\/www.violencequefaire.ch\\\/wp-content\\\/uploads\\\/2022\\\/04\\\/VQF_LOGO_neutre.jpg\",\"width\":253,\"height\":376,\"caption\":\"Violence que faire ?\"},\"image\":{\"@id\":\"https:\\\/\\\/www.violencequefaire.ch\\\/ti\\\/#\\\/schema\\\/logo\\\/image\\\/\"}}]}<\/script>\n<!-- \/ Yoast SEO plugin. -->","yoast_head_json":{"title":"\u1215\u1276 \u1215\u1270\u1275 &#8226; Violence que faire ?","robots":{"index":"index","follow":"follow","max-snippet":"max-snippet:-1","max-image-preview":"max-image-preview:large","max-video-preview":"max-video-preview:-1"},"canonical":"https:\/\/www.violencequefaire.ch\/ti\/%e1%88%95%e1%89%b6-%e1%88%95%e1%89%b0%e1%89%b5\/","og_locale":"en_US","og_type":"article","og_title":"\u1215\u1276 \u1215\u1270\u1275 &#8226; Violence que faire ?","og_description":"[vc_row][vc_column][\/vc_column][\/vc_row]","og_url":"https:\/\/www.violencequefaire.ch\/ti\/%e1%88%95%e1%89%b6-%e1%88%95%e1%89%b0%e1%89%b5\/","og_site_name":"Violence que faire ?","article_modified_time":"2023-12-14T13:33:54+00:00","twitter_card":"summary_large_image","twitter_misc":{"Est. reading time":"1 minute"},"schema":{"@context":"https:\/\/schema.org","@graph":[{"@type":"WebPage","@id":"https:\/\/www.violencequefaire.ch\/ti\/%e1%88%95%e1%89%b6-%e1%88%95%e1%89%b0%e1%89%b5\/","url":"https:\/\/www.violencequefaire.ch\/ti\/%e1%88%95%e1%89%b6-%e1%88%95%e1%89%b0%e1%89%b5\/","name":"\u1215\u1276 \u1215\u1270\u1275 &#8226; Violence que faire ?","isPartOf":{"@id":"https:\/\/www.violencequefaire.ch\/ti\/#website"},"datePublished":"2022-04-22T13:28:19+00:00","dateModified":"2023-12-14T13:33:54+00:00","breadcrumb":{"@id":"https:\/\/www.violencequefaire.ch\/ti\/%e1%88%95%e1%89%b6-%e1%88%95%e1%89%b0%e1%89%b5\/#breadcrumb"},"inLanguage":"ti-TI","potentialAction":[{"@type":"ReadAction","target":["https:\/\/www.violencequefaire.ch\/ti\/%e1%88%95%e1%89%b6-%e1%88%95%e1%89%b0%e1%89%b5\/"]}]},{"@type":"BreadcrumbList","@id":"https:\/\/www.violencequefaire.ch\/ti\/%e1%88%95%e1%89%b6-%e1%88%95%e1%89%b0%e1%89%b5\/#breadcrumb","itemListElement":[{"@type":"ListItem","position":1,"name":"Home","item":"https:\/\/www.violencequefaire.ch\/ti\/"},{"@type":"ListItem","position":2,"name":"\u1215\u1276 \u1215\u1270\u1275"}]},{"@type":"WebSite","@id":"https:\/\/www.violencequefaire.ch\/ti\/#website","url":"https:\/\/www.violencequefaire.ch\/ti\/","name":"Violence que faire","description":"Des sp\u00e9cialistes r\u00e9pondent personnellement \u00e0 vos questions anonymes sur la violence au sein du couple.","publisher":{"@id":"https:\/\/www.violencequefaire.ch\/ti\/#organization"},"alternateName":"Violenza Cosa Fare","potentialAction":[{"@type":"SearchAction","target":{"@type":"EntryPoint","urlTemplate":"https:\/\/www.violencequefaire.ch\/ti\/?s={search_term_string}"},"query-input":{"@type":"PropertyValueSpecification","valueRequired":true,"valueName":"search_term_string"}}],"inLanguage":"ti-TI"},{"@type":"Organization","@id":"https:\/\/www.violencequefaire.ch\/ti\/#organization","name":"Violence que faire ?","url":"https:\/\/www.violencequefaire.ch\/ti\/","logo":{"@type":"ImageObject","inLanguage":"ti-TI","@id":"https:\/\/www.violencequefaire.ch\/ti\/#\/schema\/logo\/image\/","url":"https:\/\/www.violencequefaire.ch\/wp-content\/uploads\/2022\/04\/VQF_LOGO_neutre.jpg","contentUrl":"https:\/\/www.violencequefaire.ch\/wp-content\/uploads\/2022\/04\/VQF_LOGO_neutre.jpg","width":253,"height":376,"caption":"Violence que faire ?"},"image":{"@id":"https:\/\/www.violencequefaire.ch\/ti\/#\/schema\/logo\/image\/"}}]}},"_links":{"self":[{"href":"https:\/\/www.violencequefaire.ch\/ti\/wp-json\/wp\/v2\/pages\/2761","targetHints":{"allow":["GET"]}}],"collection":[{"href":"https:\/\/www.violencequefaire.ch\/ti\/wp-json\/wp\/v2\/pages"}],"about":[{"href":"https:\/\/www.violencequefaire.ch\/ti\/wp-json\/wp\/v2\/types\/page"}],"author":[{"embeddable":true,"href":"https:\/\/www.violencequefaire.ch\/ti\/wp-json\/wp\/v2\/users\/16"}],"replies":[{"embeddable":true,"href":"https:\/\/www.violencequefaire.ch\/ti\/wp-json\/wp\/v2\/comments?post=2761"}],"version-history":[{"count":4,"href":"https:\/\/www.violencequefaire.ch\/ti\/wp-json\/wp\/v2\/pages\/2761\/revisions"}],"predecessor-version":[{"id":5481,"href":"https:\/\/www.violencequefaire.ch\/ti\/wp-json\/wp\/v2\/pages\/2761\/revisions\/5481"}],"wp:attachment":[{"href":"https:\/\/www.violencequefaire.ch\/ti\/wp-json\/wp\/v2\/media?parent=2761"}],"curies":[{"name":"wp","href":"https:\/\/api.w.org\/{rel}","templated":true}]}}