{"id":2700,"date":"2022-03-25T15:06:46","date_gmt":"2022-03-25T14:06:46","guid":{"rendered":"https:\/\/dev-vqf.creatives.com\/?page_id=2700"},"modified":"2023-12-14T14:36:14","modified_gmt":"2023-12-14T13:36:14","slug":"%e1%89%88%e1%88%8d%e1%8b%91","status":"publish","type":"page","link":"https:\/\/www.violencequefaire.ch\/ti\/%e1%89%88%e1%88%8d%e1%8b%91\/","title":{"rendered":"\u1248\u120d\u12d1"},"content":{"rendered":"<div class=\"wpb-content-wrapper\"><p>[vc_row][vc_column]<section class='vqf_section_block block_background'><div class='vqf_container'><div class='vqf_row'><div class='vqf_full_col'><h2>\u1248\u120d\u12d1 \u12d3\u1218\u133d \u12ed\u122d\u12a5\u12e9<\/h2><div class='vqf_fixed_width_text'>\u1213\u12d8\u1295\u1363 \u132d\u1295\u1240\u1275\u1363 \u12d8\u12ed \u121d\u1275\u12a5\u121d\u121b\u1295 \u12a8\u1219\u12c9\u1295 \u1235\u121d\u12d2\u1273\u12ca \u132d\u1295\u1240\u1275 \u12ed\u1235\u121d\u12d6\u121d\u1362<\/p>\n<p>\u1218\u1265\u12db\u1215\u1272\u12a1 \u130a\u12dc \u1265\u12db\u12d3\u1263 \u12a5\u1272 \u12a9\u1290\u1273\u1275\u1295 \u12d5\u1264\u1271\u1295 \u1213\u120b\u134a\u1290\u1275 \u12ed\u1235\u121d\u12d6\u121d\u1362<\/p>\n<p>\u1260\u12da \u121d\u12ad\u1295\u12eb\u1275 \u12dd\u1270\u1348\u120b\u1208\u12e9 \u1338\u1308\u121b\u1275 \u12e8\u122d\u12a5\u12e9 \u12a8\u121d \u1235\u12a5\u1290\u1275 \u12f5\u1243\u1235\u1363 \u1293\u12ed \u1218\u130d\u1262 \u1338\u1308\u121d\u1363 \u1243\u1295\u12db \u122d\u12a5\u1232 \u12c8\u12ed \u130b\u1235\u1275\u122b\u12ed\u1275 \u12a8\u1265\u12f2 \u1245\u122d\u1338\u1275 \u1293\u12ed \u1275\u121d\u1205\u122d\u1272 \u1338\u1308\u121d \u12e8\u122d\u12a5\u12e9\u1362<\/p>\n<p>\u1265\u134d\u120b\u12ed \u1205\u133b\u1293\u1275 \u12a3\u1265 \u1213\u12f0\u130b \u12a5\u12e9\u121d \u121d\u12ad\u1295\u12eb\u1271 \u12cb\u120b \u121d\u1235 \u12a3\u12f2\u12a6\u121d \u12a5\u1295\u1270\u1208\u12cd \u12a5\u1272 \u12a9\u1290\u1273\u1275 \u1235\u1208\u12dd\u1338\u120d\u12ce\u121d\u1362<\/p>\n<p>\u12a3\u1265 \u1218\u12c8\u12f3\u12a5\u1273\u1366 \u1246\u120d\u12d1 \u1290\u12da \u1290\u1308\u122d \u12a5\u12da \u12a3\u1265 \u1218\u12d3\u120d\u1273\u12ca \u1205\u12ed\u12c8\u1276\u121d \u12ed\u1208\u121b\u121d\u12f5\u12ce\u121e \u12a8\u121d\u12c9\u133a\u12a2\u1271 \u12f5\u121b \u130e\u1290\u133d \u12a8\u121d \u1205\u130b\u12ca \u1263\u1215\u122a \u130c\u122e\u121d \u12ed\u1213\u1235\u1265\u12ce\u1362<\/p>\n<p>\u12a5\u12da \u1290\u1308\u122d \u12a5\u12da \u1295\u12b8\u12e8\u130b\u1325\u121d \u121d\u1235 \u1260\u12d3\u120d \u1309\u12f3\u12ed \u12c8\u12ed \u12a8\u12a3 \u121d\u1235 \u12dd\u1240\u122d\u1266\u121d \u12ad\u12db\u1228\u1261 \u12ed\u12bd\u12a5\u1209\u1362<\/p>\n<p>\u1260\u12ed\u1295\u12b9\u121d \u12a3\u12ed\u1275\u1275\u1228\u1349\/\u134b\u1362<\/div><\/div><\/div><\/div><\/section>[\/vc_column][\/vc_row]<\/p>\n<\/div>","protected":false},"excerpt":{"rendered":"<p>[vc_row][vc_column][\/vc_column][\/vc_row]<\/p>\n","protected":false},"author":16,"featured_media":0,"parent":0,"menu_order":0,"comment_status":"closed","ping_status":"closed","template":"","meta":{"_acf_changed":false,"footnotes":""},"class_list":["post-2700","page","type-page","status-publish","hentry"],"acf":[],"yoast_head":"<!-- This site is optimized with the Yoast SEO plugin v27.3 - https:\/\/yoast.com\/product\/yoast-seo-wordpress\/ -->\n<title>\u1248\u120d\u12d1 &#8226; Violence que faire ?<\/title>\n<meta name=\"robots\" content=\"index, follow, max-snippet:-1, max-image-preview:large, max-video-preview:-1\" \/>\n<link rel=\"canonical\" href=\"https:\/\/www.violencequefaire.ch\/ti\/%e1%89%88%e1%88%8d%e1%8b%91\/\" \/>\n<meta property=\"og:locale\" content=\"en_US\" \/>\n<meta property=\"og:type\" content=\"article\" \/>\n<meta property=\"og:title\" content=\"\u1248\u120d\u12d1 &#8226; Violence que faire ?\" \/>\n<meta property=\"og:description\" content=\"[vc_row][vc_column][\/vc_column][\/vc_row]\" \/>\n<meta property=\"og:url\" content=\"https:\/\/www.violencequefaire.ch\/ti\/%e1%89%88%e1%88%8d%e1%8b%91\/\" \/>\n<meta property=\"og:site_name\" content=\"Violence que faire ?\" \/>\n<meta property=\"article:modified_time\" content=\"2023-12-14T13:36:14+00:00\" \/>\n<meta name=\"twitter:card\" content=\"summary_large_image\" \/>\n<meta name=\"twitter:label1\" content=\"Est. reading time\" \/>\n\t<meta name=\"twitter:data1\" content=\"1 minute\" \/>\n<script type=\"application\/ld+json\" class=\"yoast-schema-graph\">{\"@context\":\"https:\\\/\\\/schema.org\",\"@graph\":[{\"@type\":\"WebPage\",\"@id\":\"https:\\\/\\\/www.violencequefaire.ch\\\/ti\\\/%e1%89%88%e1%88%8d%e1%8b%91\\\/\",\"url\":\"https:\\\/\\\/www.violencequefaire.ch\\\/ti\\\/%e1%89%88%e1%88%8d%e1%8b%91\\\/\",\"name\":\"\u1248\u120d\u12d1 &#8226; Violence que faire ?\",\"isPartOf\":{\"@id\":\"https:\\\/\\\/www.violencequefaire.ch\\\/ti\\\/#website\"},\"datePublished\":\"2022-03-25T14:06:46+00:00\",\"dateModified\":\"2023-12-14T13:36:14+00:00\",\"breadcrumb\":{\"@id\":\"https:\\\/\\\/www.violencequefaire.ch\\\/ti\\\/%e1%89%88%e1%88%8d%e1%8b%91\\\/#breadcrumb\"},\"inLanguage\":\"ti-TI\",\"potentialAction\":[{\"@type\":\"ReadAction\",\"target\":[\"https:\\\/\\\/www.violencequefaire.ch\\\/ti\\\/%e1%89%88%e1%88%8d%e1%8b%91\\\/\"]}]},{\"@type\":\"BreadcrumbList\",\"@id\":\"https:\\\/\\\/www.violencequefaire.ch\\\/ti\\\/%e1%89%88%e1%88%8d%e1%8b%91\\\/#breadcrumb\",\"itemListElement\":[{\"@type\":\"ListItem\",\"position\":1,\"name\":\"Home\",\"item\":\"https:\\\/\\\/www.violencequefaire.ch\\\/ti\\\/\"},{\"@type\":\"ListItem\",\"position\":2,\"name\":\"\u1248\u120d\u12d1\"}]},{\"@type\":\"WebSite\",\"@id\":\"https:\\\/\\\/www.violencequefaire.ch\\\/ti\\\/#website\",\"url\":\"https:\\\/\\\/www.violencequefaire.ch\\\/ti\\\/\",\"name\":\"Violence que faire\",\"description\":\"Des sp\u00e9cialistes r\u00e9pondent personnellement \u00e0 vos questions anonymes sur la violence au sein du couple.\",\"publisher\":{\"@id\":\"https:\\\/\\\/www.violencequefaire.ch\\\/ti\\\/#organization\"},\"alternateName\":\"Violenza Cosa Fare\",\"potentialAction\":[{\"@type\":\"SearchAction\",\"target\":{\"@type\":\"EntryPoint\",\"urlTemplate\":\"https:\\\/\\\/www.violencequefaire.ch\\\/ti\\\/?s={search_term_string}\"},\"query-input\":{\"@type\":\"PropertyValueSpecification\",\"valueRequired\":true,\"valueName\":\"search_term_string\"}}],\"inLanguage\":\"ti-TI\"},{\"@type\":\"Organization\",\"@id\":\"https:\\\/\\\/www.violencequefaire.ch\\\/ti\\\/#organization\",\"name\":\"Violence que faire ?\",\"url\":\"https:\\\/\\\/www.violencequefaire.ch\\\/ti\\\/\",\"logo\":{\"@type\":\"ImageObject\",\"inLanguage\":\"ti-TI\",\"@id\":\"https:\\\/\\\/www.violencequefaire.ch\\\/ti\\\/#\\\/schema\\\/logo\\\/image\\\/\",\"url\":\"https:\\\/\\\/www.violencequefaire.ch\\\/wp-content\\\/uploads\\\/2022\\\/04\\\/VQF_LOGO_neutre.jpg\",\"contentUrl\":\"https:\\\/\\\/www.violencequefaire.ch\\\/wp-content\\\/uploads\\\/2022\\\/04\\\/VQF_LOGO_neutre.jpg\",\"width\":253,\"height\":376,\"caption\":\"Violence que faire ?\"},\"image\":{\"@id\":\"https:\\\/\\\/www.violencequefaire.ch\\\/ti\\\/#\\\/schema\\\/logo\\\/image\\\/\"}}]}<\/script>\n<!-- \/ Yoast SEO plugin. -->","yoast_head_json":{"title":"\u1248\u120d\u12d1 &#8226; Violence que faire ?","robots":{"index":"index","follow":"follow","max-snippet":"max-snippet:-1","max-image-preview":"max-image-preview:large","max-video-preview":"max-video-preview:-1"},"canonical":"https:\/\/www.violencequefaire.ch\/ti\/%e1%89%88%e1%88%8d%e1%8b%91\/","og_locale":"en_US","og_type":"article","og_title":"\u1248\u120d\u12d1 &#8226; Violence que faire ?","og_description":"[vc_row][vc_column][\/vc_column][\/vc_row]","og_url":"https:\/\/www.violencequefaire.ch\/ti\/%e1%89%88%e1%88%8d%e1%8b%91\/","og_site_name":"Violence que faire ?","article_modified_time":"2023-12-14T13:36:14+00:00","twitter_card":"summary_large_image","twitter_misc":{"Est. reading time":"1 minute"},"schema":{"@context":"https:\/\/schema.org","@graph":[{"@type":"WebPage","@id":"https:\/\/www.violencequefaire.ch\/ti\/%e1%89%88%e1%88%8d%e1%8b%91\/","url":"https:\/\/www.violencequefaire.ch\/ti\/%e1%89%88%e1%88%8d%e1%8b%91\/","name":"\u1248\u120d\u12d1 &#8226; Violence que faire ?","isPartOf":{"@id":"https:\/\/www.violencequefaire.ch\/ti\/#website"},"datePublished":"2022-03-25T14:06:46+00:00","dateModified":"2023-12-14T13:36:14+00:00","breadcrumb":{"@id":"https:\/\/www.violencequefaire.ch\/ti\/%e1%89%88%e1%88%8d%e1%8b%91\/#breadcrumb"},"inLanguage":"ti-TI","potentialAction":[{"@type":"ReadAction","target":["https:\/\/www.violencequefaire.ch\/ti\/%e1%89%88%e1%88%8d%e1%8b%91\/"]}]},{"@type":"BreadcrumbList","@id":"https:\/\/www.violencequefaire.ch\/ti\/%e1%89%88%e1%88%8d%e1%8b%91\/#breadcrumb","itemListElement":[{"@type":"ListItem","position":1,"name":"Home","item":"https:\/\/www.violencequefaire.ch\/ti\/"},{"@type":"ListItem","position":2,"name":"\u1248\u120d\u12d1"}]},{"@type":"WebSite","@id":"https:\/\/www.violencequefaire.ch\/ti\/#website","url":"https:\/\/www.violencequefaire.ch\/ti\/","name":"Violence que faire","description":"Des sp\u00e9cialistes r\u00e9pondent personnellement \u00e0 vos questions anonymes sur la violence au sein du couple.","publisher":{"@id":"https:\/\/www.violencequefaire.ch\/ti\/#organization"},"alternateName":"Violenza Cosa Fare","potentialAction":[{"@type":"SearchAction","target":{"@type":"EntryPoint","urlTemplate":"https:\/\/www.violencequefaire.ch\/ti\/?s={search_term_string}"},"query-input":{"@type":"PropertyValueSpecification","valueRequired":true,"valueName":"search_term_string"}}],"inLanguage":"ti-TI"},{"@type":"Organization","@id":"https:\/\/www.violencequefaire.ch\/ti\/#organization","name":"Violence que faire ?","url":"https:\/\/www.violencequefaire.ch\/ti\/","logo":{"@type":"ImageObject","inLanguage":"ti-TI","@id":"https:\/\/www.violencequefaire.ch\/ti\/#\/schema\/logo\/image\/","url":"https:\/\/www.violencequefaire.ch\/wp-content\/uploads\/2022\/04\/VQF_LOGO_neutre.jpg","contentUrl":"https:\/\/www.violencequefaire.ch\/wp-content\/uploads\/2022\/04\/VQF_LOGO_neutre.jpg","width":253,"height":376,"caption":"Violence que faire ?"},"image":{"@id":"https:\/\/www.violencequefaire.ch\/ti\/#\/schema\/logo\/image\/"}}]}},"_links":{"self":[{"href":"https:\/\/www.violencequefaire.ch\/ti\/wp-json\/wp\/v2\/pages\/2700","targetHints":{"allow":["GET"]}}],"collection":[{"href":"https:\/\/www.violencequefaire.ch\/ti\/wp-json\/wp\/v2\/pages"}],"about":[{"href":"https:\/\/www.violencequefaire.ch\/ti\/wp-json\/wp\/v2\/types\/page"}],"author":[{"embeddable":true,"href":"https:\/\/www.violencequefaire.ch\/ti\/wp-json\/wp\/v2\/users\/16"}],"replies":[{"embeddable":true,"href":"https:\/\/www.violencequefaire.ch\/ti\/wp-json\/wp\/v2\/comments?post=2700"}],"version-history":[{"count":3,"href":"https:\/\/www.violencequefaire.ch\/ti\/wp-json\/wp\/v2\/pages\/2700\/revisions"}],"predecessor-version":[{"id":5483,"href":"https:\/\/www.violencequefaire.ch\/ti\/wp-json\/wp\/v2\/pages\/2700\/revisions\/5483"}],"wp:attachment":[{"href":"https:\/\/www.violencequefaire.ch\/ti\/wp-json\/wp\/v2\/media?parent=2700"}],"curies":[{"name":"wp","href":"https:\/\/api.w.org\/{rel}","templated":true}]}}