{"id":2692,"date":"2022-03-25T15:03:20","date_gmt":"2022-03-25T14:03:20","guid":{"rendered":"https:\/\/dev-vqf.creatives.com\/?page_id=2692"},"modified":"2023-12-14T14:44:08","modified_gmt":"2023-12-14T13:44:08","slug":"%e1%8a%95%e1%88%b5%e1%8a%bb-%e1%8a%a3%e1%89%a5-%e1%88%b5%e1%8b%8a%e1%8b%98%e1%88%ad%e1%88%8b%e1%8a%95%e1%8b%b5-%e1%88%b5%e1%8b%b0%e1%89%b0%e1%8a%9b-%e1%8a%a2%e1%8a%bb-%e1%88%95%e1%8c%8b%e1%8b%8a","status":"publish","type":"page","link":"https:\/\/www.violencequefaire.ch\/ti\/%e1%8a%95%e1%88%b5%e1%8a%bb-%e1%8a%a3%e1%89%a5-%e1%88%b5%e1%8b%8a%e1%8b%98%e1%88%ad%e1%88%8b%e1%8a%95%e1%8b%b5-%e1%88%b5%e1%8b%b0%e1%89%b0%e1%8a%9b-%e1%8a%a2%e1%8a%bb-%e1%88%95%e1%8c%8b%e1%8b%8a\/","title":{"rendered":"\u1295\u1235\u12bb \u12a3\u1265 \u1235\u12ca\u12d8\u122d\u120b\u1295\u12f5 \u1235\u12f0\u1270\u129b \u12a2\u12bb \u1215\u130b\u12ca \u1215\u1276 \u12f5\u121b \u12a3\u120e\u12ab"},"content":{"rendered":"<div class=\"wpb-content-wrapper\"><p>[vc_row][vc_column]<section class='vqf_section_block'><div class='vqf_container'><div class='vqf_row'><div class='vqf_full_col'><h2>\u1295\u1235\u12bb \u12a3\u1265 \u1235\u12ca\u12d8\u122d\u120b\u1295\u12f5 \u1235\u12f0\u1270\u129b \u12a2\u12bb \u1215\u130b\u12ca \u1215\u1276 \u12f5\u121b \u12a3\u120e\u12ab<\/h2><\/div><\/div><\/div><\/section>[\/vc_column][\/vc_row][vc_row][vc_column]<section class='vqf_section_block block_background'><div class='vqf_container'><div class='vqf_row'><div class='vqf_full_col'><h2>\u1275\u122d\u1315\u121d<\/h2><div class='vqf_fixed_width_text'><\/p>\n<ul class=\"contact-juridiques-immigre\">\n<li>\u12a3\u1265 \u12ab\u1295\u1276\u1295 \u1260\u122d\u1295<br \/>\n<a href=\"https:\/\/csp.ch\/berne-jura\/\" target=\"_blanc\" rel=\"noopener\">\u1234\u1295\u1275\u122d \u1236\u1232\u12eb\u120d \u1355\u122e\u1272\u1235\u1273\u1295\u1275\u00a0<\/a><a href=\"mailto:info@%63%73p-bej%75%2ech\">\u2013\u00a0<\/a><a href=\"mailto:info@%63%73p-bej%75%2ech\">info@csp-beju.ch<\/a><\/li>\n<li>\u12a3\u1265 \u12ab\u1295\u1276\u1295 \u134d\u122a\u1261\u122d\u130d<br \/>\n<a href=\"http:\/\/ccsi-fr.ch\/fr_FR\/\" target=\"_blanc\" rel=\"noopener\">\u1230\u1230\u1232\/\u1236\u1235<\/a><a href=\"mailto:info@%63a%72i%74as-%66r%2ech\">\u00a0\u2013\u00a0<\/a><a href=\"mailto:i%6ef%6f@cc%73%69-%66r%2ec%68\">info@ccsi-fr.ch<\/a><a href=\"mailto:info@%63a%72i%74as-%66r%2ech\"><br \/>\n<\/a><a href=\"http:\/\/www.caritas-fribourg.ch\/nous-trouver\" target=\"_blanc\" rel=\"noopener\">\u12ab\u122a\u1273\u1235\u00a0<\/a><a href=\"mailto:info@%63a%72i%74as-%66r%2ech\">\u2013\u00a0<\/a><a href=\"mailto:info@%63a%72i%74as-%66r%2ech\">info@caritas-fr.ch<\/a><\/li>\n<li>\u12a3\u1265 \u12ab\u1295\u1276\u1295 \u1300\u1290\u126d<br \/>\n<a href=\"https:\/\/csp.ch\/geneve\/\" target=\"_blanc\" rel=\"noopener\">\u1234\u1295\u1275\u122d \u1236\u1232\u12eb\u120d \u1355\u122e\u1272\u1235\u1273\u1295\u1275\u00a0<\/a>\u2013\u00a0<a href=\"mailto:info@cs%70-%67e%2ech\">info@csp-ge.ch<\/a><\/li>\n<li>\u12a3\u1265 \u12ab\u1295\u1276\u1295 \u1301\u122b<br \/>\n<a href=\"https:\/\/csp.ch\/berne-jura\/\" target=\"_blanc\" rel=\"noopener\">\u1234\u1295\u1275\u122d \u1236\u1232\u12eb\u120d \u1355\u122e\u1272\u1235\u1273\u1295\u1275\u00a0<\/a><a href=\"mailto:%63onsultati%6fn@csp-b%65%6au%2ech\">\u2013\u00a0<\/a><a href=\"mailto:%63onsultati%6fn@csp-b%65%6au%2ech\">consultation@csp-beju.ch<\/a><\/li>\n<li>\u12a3\u1265 \u12ab\u1295\u1276\u1295 \u1292\u12cd\u123b\u1275\u120d<br \/>\n<a href=\"https:\/\/www.caritas-neuchatel.ch\/contact\" target=\"_blanc\" rel=\"noopener\">\u12ab\u122a\u1273\u1235\u00a0<\/a><a href=\"mailto:c%61ritas.n%65%75c%68a%74el@%6ee%2ech\">\u2013\u00a0<\/a><a href=\"mailto:c%61ritas.n%65%75c%68a%74el@%6ee%2ech\">caritas.neuchatel@ne.ch<\/a><\/li>\n<li>\u12a3\u1265 \u12ab\u1295\u1276\u1295 \u126b\u120c<br \/>\n<a href=\"http:\/\/www.csivs.ch\/permanence-juridique-et-sociale\" target=\"_blanc\" rel=\"noopener\">Centre Suisse \u2013 Immigr\u00e9s\u00a0<\/a><a href=\"mailto:c%73ivs@%62lu%65w%69n%2e%63h\">\u2013\u00a0<\/a><a href=\"mailto:c%73ivs@%62lu%65w%69n%2e%63h\">csivs@bluewin.ch<\/a><\/li>\n<li>\u12a3\u1265 \u12ab\u1295\u1276\u1295 \u126e<br \/>\n<a href=\"https:\/\/csp.ch\/vaud\/services\/questions-de-migration\/\" target=\"_blanc\" rel=\"noopener\">The Fraternit\u00e9 du Centre social protestant (CSP)\u00a0<\/a><a href=\"mailto:%66%72at@c%73%70%2dvd%2ec%68\">\u2013\u00a0<\/a><a href=\"mailto:%66%72at@c%73%70%2dvd%2ec%68\">frat@csp-vd.ch<\/a><\/li>\n<\/ul>\n<p><\/div><\/div><\/div><\/div><\/section>[\/vc_column][\/vc_row]<\/p>\n<\/div>","protected":false},"excerpt":{"rendered":"<p>[vc_row][vc_column][\/vc_column][\/vc_row][vc_row][vc_column][\/vc_column][\/vc_row]<\/p>\n","protected":false},"author":16,"featured_media":0,"parent":0,"menu_order":0,"comment_status":"closed","ping_status":"closed","template":"templates\/psychologique.php","meta":{"_acf_changed":false,"footnotes":""},"class_list":["post-2692","page","type-page","status-publish","hentry"],"acf":[],"yoast_head":"<!-- This site is optimized with the Yoast SEO plugin v27.3 - https:\/\/yoast.com\/product\/yoast-seo-wordpress\/ -->\n<title>\u1295\u1235\u12bb \u12a3\u1265 \u1235\u12ca\u12d8\u122d\u120b\u1295\u12f5 \u1235\u12f0\u1270\u129b \u12a2\u12bb \u1215\u130b\u12ca \u1215\u1276 \u12f5\u121b \u12a3\u120e\u12ab &#8226; Violence que faire ?<\/title>\n<meta name=\"robots\" content=\"index, follow, max-snippet:-1, max-image-preview:large, max-video-preview:-1\" \/>\n<link rel=\"canonical\" href=\"https:\/\/www.violencequefaire.ch\/ti\/%e1%8a%95%e1%88%b5%e1%8a%bb-%e1%8a%a3%e1%89%a5-%e1%88%b5%e1%8b%8a%e1%8b%98%e1%88%ad%e1%88%8b%e1%8a%95%e1%8b%b5-%e1%88%b5%e1%8b%b0%e1%89%b0%e1%8a%9b-%e1%8a%a2%e1%8a%bb-%e1%88%95%e1%8c%8b%e1%8b%8a\/\" \/>\n<meta property=\"og:locale\" content=\"en_US\" \/>\n<meta property=\"og:type\" content=\"article\" \/>\n<meta property=\"og:title\" content=\"\u1295\u1235\u12bb \u12a3\u1265 \u1235\u12ca\u12d8\u122d\u120b\u1295\u12f5 \u1235\u12f0\u1270\u129b \u12a2\u12bb \u1215\u130b\u12ca \u1215\u1276 \u12f5\u121b \u12a3\u120e\u12ab &#8226; Violence que faire ?\" \/>\n<meta property=\"og:description\" content=\"[vc_row][vc_column][\/vc_column][\/vc_row][vc_row][vc_column][\/vc_column][\/vc_row]\" \/>\n<meta property=\"og:url\" content=\"https:\/\/www.violencequefaire.ch\/ti\/%e1%8a%95%e1%88%b5%e1%8a%bb-%e1%8a%a3%e1%89%a5-%e1%88%b5%e1%8b%8a%e1%8b%98%e1%88%ad%e1%88%8b%e1%8a%95%e1%8b%b5-%e1%88%b5%e1%8b%b0%e1%89%b0%e1%8a%9b-%e1%8a%a2%e1%8a%bb-%e1%88%95%e1%8c%8b%e1%8b%8a\/\" \/>\n<meta property=\"og:site_name\" content=\"Violence que faire ?\" \/>\n<meta property=\"article:modified_time\" content=\"2023-12-14T13:44:08+00:00\" \/>\n<meta name=\"twitter:card\" content=\"summary_large_image\" \/>\n<meta name=\"twitter:label1\" content=\"Est. reading time\" \/>\n\t<meta name=\"twitter:data1\" content=\"1 minute\" \/>\n<script type=\"application\/ld+json\" class=\"yoast-schema-graph\">{\"@context\":\"https:\\\/\\\/schema.org\",\"@graph\":[{\"@type\":\"WebPage\",\"@id\":\"https:\\\/\\\/www.violencequefaire.ch\\\/ti\\\/%e1%8a%95%e1%88%b5%e1%8a%bb-%e1%8a%a3%e1%89%a5-%e1%88%b5%e1%8b%8a%e1%8b%98%e1%88%ad%e1%88%8b%e1%8a%95%e1%8b%b5-%e1%88%b5%e1%8b%b0%e1%89%b0%e1%8a%9b-%e1%8a%a2%e1%8a%bb-%e1%88%95%e1%8c%8b%e1%8b%8a\\\/\",\"url\":\"https:\\\/\\\/www.violencequefaire.ch\\\/ti\\\/%e1%8a%95%e1%88%b5%e1%8a%bb-%e1%8a%a3%e1%89%a5-%e1%88%b5%e1%8b%8a%e1%8b%98%e1%88%ad%e1%88%8b%e1%8a%95%e1%8b%b5-%e1%88%b5%e1%8b%b0%e1%89%b0%e1%8a%9b-%e1%8a%a2%e1%8a%bb-%e1%88%95%e1%8c%8b%e1%8b%8a\\\/\",\"name\":\"\u1295\u1235\u12bb \u12a3\u1265 \u1235\u12ca\u12d8\u122d\u120b\u1295\u12f5 \u1235\u12f0\u1270\u129b \u12a2\u12bb \u1215\u130b\u12ca \u1215\u1276 \u12f5\u121b \u12a3\u120e\u12ab &#8226; Violence que faire ?\",\"isPartOf\":{\"@id\":\"https:\\\/\\\/www.violencequefaire.ch\\\/ti\\\/#website\"},\"datePublished\":\"2022-03-25T14:03:20+00:00\",\"dateModified\":\"2023-12-14T13:44:08+00:00\",\"breadcrumb\":{\"@id\":\"https:\\\/\\\/www.violencequefaire.ch\\\/ti\\\/%e1%8a%95%e1%88%b5%e1%8a%bb-%e1%8a%a3%e1%89%a5-%e1%88%b5%e1%8b%8a%e1%8b%98%e1%88%ad%e1%88%8b%e1%8a%95%e1%8b%b5-%e1%88%b5%e1%8b%b0%e1%89%b0%e1%8a%9b-%e1%8a%a2%e1%8a%bb-%e1%88%95%e1%8c%8b%e1%8b%8a\\\/#breadcrumb\"},\"inLanguage\":\"ti-TI\",\"potentialAction\":[{\"@type\":\"ReadAction\",\"target\":[\"https:\\\/\\\/www.violencequefaire.ch\\\/ti\\\/%e1%8a%95%e1%88%b5%e1%8a%bb-%e1%8a%a3%e1%89%a5-%e1%88%b5%e1%8b%8a%e1%8b%98%e1%88%ad%e1%88%8b%e1%8a%95%e1%8b%b5-%e1%88%b5%e1%8b%b0%e1%89%b0%e1%8a%9b-%e1%8a%a2%e1%8a%bb-%e1%88%95%e1%8c%8b%e1%8b%8a\\\/\"]}]},{\"@type\":\"BreadcrumbList\",\"@id\":\"https:\\\/\\\/www.violencequefaire.ch\\\/ti\\\/%e1%8a%95%e1%88%b5%e1%8a%bb-%e1%8a%a3%e1%89%a5-%e1%88%b5%e1%8b%8a%e1%8b%98%e1%88%ad%e1%88%8b%e1%8a%95%e1%8b%b5-%e1%88%b5%e1%8b%b0%e1%89%b0%e1%8a%9b-%e1%8a%a2%e1%8a%bb-%e1%88%95%e1%8c%8b%e1%8b%8a\\\/#breadcrumb\",\"itemListElement\":[{\"@type\":\"ListItem\",\"position\":1,\"name\":\"Home\",\"item\":\"https:\\\/\\\/www.violencequefaire.ch\\\/ti\\\/\"},{\"@type\":\"ListItem\",\"position\":2,\"name\":\"\u1295\u1235\u12bb \u12a3\u1265 \u1235\u12ca\u12d8\u122d\u120b\u1295\u12f5 \u1235\u12f0\u1270\u129b \u12a2\u12bb \u1215\u130b\u12ca \u1215\u1276 \u12f5\u121b \u12a3\u120e\u12ab\"}]},{\"@type\":\"WebSite\",\"@id\":\"https:\\\/\\\/www.violencequefaire.ch\\\/ti\\\/#website\",\"url\":\"https:\\\/\\\/www.violencequefaire.ch\\\/ti\\\/\",\"name\":\"Violence que faire\",\"description\":\"Des sp\u00e9cialistes r\u00e9pondent personnellement \u00e0 vos questions anonymes sur la violence au sein du couple.\",\"publisher\":{\"@id\":\"https:\\\/\\\/www.violencequefaire.ch\\\/ti\\\/#organization\"},\"alternateName\":\"Violenza Cosa Fare\",\"potentialAction\":[{\"@type\":\"SearchAction\",\"target\":{\"@type\":\"EntryPoint\",\"urlTemplate\":\"https:\\\/\\\/www.violencequefaire.ch\\\/ti\\\/?s={search_term_string}\"},\"query-input\":{\"@type\":\"PropertyValueSpecification\",\"valueRequired\":true,\"valueName\":\"search_term_string\"}}],\"inLanguage\":\"ti-TI\"},{\"@type\":\"Organization\",\"@id\":\"https:\\\/\\\/www.violencequefaire.ch\\\/ti\\\/#organization\",\"name\":\"Violence que faire ?\",\"url\":\"https:\\\/\\\/www.violencequefaire.ch\\\/ti\\\/\",\"logo\":{\"@type\":\"ImageObject\",\"inLanguage\":\"ti-TI\",\"@id\":\"https:\\\/\\\/www.violencequefaire.ch\\\/ti\\\/#\\\/schema\\\/logo\\\/image\\\/\",\"url\":\"https:\\\/\\\/www.violencequefaire.ch\\\/wp-content\\\/uploads\\\/2022\\\/04\\\/VQF_LOGO_neutre.jpg\",\"contentUrl\":\"https:\\\/\\\/www.violencequefaire.ch\\\/wp-content\\\/uploads\\\/2022\\\/04\\\/VQF_LOGO_neutre.jpg\",\"width\":253,\"height\":376,\"caption\":\"Violence que faire ?\"},\"image\":{\"@id\":\"https:\\\/\\\/www.violencequefaire.ch\\\/ti\\\/#\\\/schema\\\/logo\\\/image\\\/\"}}]}<\/script>\n<!-- \/ Yoast SEO plugin. -->","yoast_head_json":{"title":"\u1295\u1235\u12bb \u12a3\u1265 \u1235\u12ca\u12d8\u122d\u120b\u1295\u12f5 \u1235\u12f0\u1270\u129b \u12a2\u12bb \u1215\u130b\u12ca \u1215\u1276 \u12f5\u121b \u12a3\u120e\u12ab &#8226; Violence que faire ?","robots":{"index":"index","follow":"follow","max-snippet":"max-snippet:-1","max-image-preview":"max-image-preview:large","max-video-preview":"max-video-preview:-1"},"canonical":"https:\/\/www.violencequefaire.ch\/ti\/%e1%8a%95%e1%88%b5%e1%8a%bb-%e1%8a%a3%e1%89%a5-%e1%88%b5%e1%8b%8a%e1%8b%98%e1%88%ad%e1%88%8b%e1%8a%95%e1%8b%b5-%e1%88%b5%e1%8b%b0%e1%89%b0%e1%8a%9b-%e1%8a%a2%e1%8a%bb-%e1%88%95%e1%8c%8b%e1%8b%8a\/","og_locale":"en_US","og_type":"article","og_title":"\u1295\u1235\u12bb \u12a3\u1265 \u1235\u12ca\u12d8\u122d\u120b\u1295\u12f5 \u1235\u12f0\u1270\u129b \u12a2\u12bb \u1215\u130b\u12ca \u1215\u1276 \u12f5\u121b \u12a3\u120e\u12ab &#8226; Violence que faire ?","og_description":"[vc_row][vc_column][\/vc_column][\/vc_row][vc_row][vc_column][\/vc_column][\/vc_row]","og_url":"https:\/\/www.violencequefaire.ch\/ti\/%e1%8a%95%e1%88%b5%e1%8a%bb-%e1%8a%a3%e1%89%a5-%e1%88%b5%e1%8b%8a%e1%8b%98%e1%88%ad%e1%88%8b%e1%8a%95%e1%8b%b5-%e1%88%b5%e1%8b%b0%e1%89%b0%e1%8a%9b-%e1%8a%a2%e1%8a%bb-%e1%88%95%e1%8c%8b%e1%8b%8a\/","og_site_name":"Violence que faire ?","article_modified_time":"2023-12-14T13:44:08+00:00","twitter_card":"summary_large_image","twitter_misc":{"Est. reading time":"1 minute"},"schema":{"@context":"https:\/\/schema.org","@graph":[{"@type":"WebPage","@id":"https:\/\/www.violencequefaire.ch\/ti\/%e1%8a%95%e1%88%b5%e1%8a%bb-%e1%8a%a3%e1%89%a5-%e1%88%b5%e1%8b%8a%e1%8b%98%e1%88%ad%e1%88%8b%e1%8a%95%e1%8b%b5-%e1%88%b5%e1%8b%b0%e1%89%b0%e1%8a%9b-%e1%8a%a2%e1%8a%bb-%e1%88%95%e1%8c%8b%e1%8b%8a\/","url":"https:\/\/www.violencequefaire.ch\/ti\/%e1%8a%95%e1%88%b5%e1%8a%bb-%e1%8a%a3%e1%89%a5-%e1%88%b5%e1%8b%8a%e1%8b%98%e1%88%ad%e1%88%8b%e1%8a%95%e1%8b%b5-%e1%88%b5%e1%8b%b0%e1%89%b0%e1%8a%9b-%e1%8a%a2%e1%8a%bb-%e1%88%95%e1%8c%8b%e1%8b%8a\/","name":"\u1295\u1235\u12bb \u12a3\u1265 \u1235\u12ca\u12d8\u122d\u120b\u1295\u12f5 \u1235\u12f0\u1270\u129b \u12a2\u12bb \u1215\u130b\u12ca \u1215\u1276 \u12f5\u121b \u12a3\u120e\u12ab &#8226; Violence que faire ?","isPartOf":{"@id":"https:\/\/www.violencequefaire.ch\/ti\/#website"},"datePublished":"2022-03-25T14:03:20+00:00","dateModified":"2023-12-14T13:44:08+00:00","breadcrumb":{"@id":"https:\/\/www.violencequefaire.ch\/ti\/%e1%8a%95%e1%88%b5%e1%8a%bb-%e1%8a%a3%e1%89%a5-%e1%88%b5%e1%8b%8a%e1%8b%98%e1%88%ad%e1%88%8b%e1%8a%95%e1%8b%b5-%e1%88%b5%e1%8b%b0%e1%89%b0%e1%8a%9b-%e1%8a%a2%e1%8a%bb-%e1%88%95%e1%8c%8b%e1%8b%8a\/#breadcrumb"},"inLanguage":"ti-TI","potentialAction":[{"@type":"ReadAction","target":["https:\/\/www.violencequefaire.ch\/ti\/%e1%8a%95%e1%88%b5%e1%8a%bb-%e1%8a%a3%e1%89%a5-%e1%88%b5%e1%8b%8a%e1%8b%98%e1%88%ad%e1%88%8b%e1%8a%95%e1%8b%b5-%e1%88%b5%e1%8b%b0%e1%89%b0%e1%8a%9b-%e1%8a%a2%e1%8a%bb-%e1%88%95%e1%8c%8b%e1%8b%8a\/"]}]},{"@type":"BreadcrumbList","@id":"https:\/\/www.violencequefaire.ch\/ti\/%e1%8a%95%e1%88%b5%e1%8a%bb-%e1%8a%a3%e1%89%a5-%e1%88%b5%e1%8b%8a%e1%8b%98%e1%88%ad%e1%88%8b%e1%8a%95%e1%8b%b5-%e1%88%b5%e1%8b%b0%e1%89%b0%e1%8a%9b-%e1%8a%a2%e1%8a%bb-%e1%88%95%e1%8c%8b%e1%8b%8a\/#breadcrumb","itemListElement":[{"@type":"ListItem","position":1,"name":"Home","item":"https:\/\/www.violencequefaire.ch\/ti\/"},{"@type":"ListItem","position":2,"name":"\u1295\u1235\u12bb \u12a3\u1265 \u1235\u12ca\u12d8\u122d\u120b\u1295\u12f5 \u1235\u12f0\u1270\u129b \u12a2\u12bb \u1215\u130b\u12ca \u1215\u1276 \u12f5\u121b \u12a3\u120e\u12ab"}]},{"@type":"WebSite","@id":"https:\/\/www.violencequefaire.ch\/ti\/#website","url":"https:\/\/www.violencequefaire.ch\/ti\/","name":"Violence que faire","description":"Des sp\u00e9cialistes r\u00e9pondent personnellement \u00e0 vos questions anonymes sur la violence au sein du couple.","publisher":{"@id":"https:\/\/www.violencequefaire.ch\/ti\/#organization"},"alternateName":"Violenza Cosa Fare","potentialAction":[{"@type":"SearchAction","target":{"@type":"EntryPoint","urlTemplate":"https:\/\/www.violencequefaire.ch\/ti\/?s={search_term_string}"},"query-input":{"@type":"PropertyValueSpecification","valueRequired":true,"valueName":"search_term_string"}}],"inLanguage":"ti-TI"},{"@type":"Organization","@id":"https:\/\/www.violencequefaire.ch\/ti\/#organization","name":"Violence que faire ?","url":"https:\/\/www.violencequefaire.ch\/ti\/","logo":{"@type":"ImageObject","inLanguage":"ti-TI","@id":"https:\/\/www.violencequefaire.ch\/ti\/#\/schema\/logo\/image\/","url":"https:\/\/www.violencequefaire.ch\/wp-content\/uploads\/2022\/04\/VQF_LOGO_neutre.jpg","contentUrl":"https:\/\/www.violencequefaire.ch\/wp-content\/uploads\/2022\/04\/VQF_LOGO_neutre.jpg","width":253,"height":376,"caption":"Violence que faire ?"},"image":{"@id":"https:\/\/www.violencequefaire.ch\/ti\/#\/schema\/logo\/image\/"}}]}},"_links":{"self":[{"href":"https:\/\/www.violencequefaire.ch\/ti\/wp-json\/wp\/v2\/pages\/2692","targetHints":{"allow":["GET"]}}],"collection":[{"href":"https:\/\/www.violencequefaire.ch\/ti\/wp-json\/wp\/v2\/pages"}],"about":[{"href":"https:\/\/www.violencequefaire.ch\/ti\/wp-json\/wp\/v2\/types\/page"}],"author":[{"embeddable":true,"href":"https:\/\/www.violencequefaire.ch\/ti\/wp-json\/wp\/v2\/users\/16"}],"replies":[{"embeddable":true,"href":"https:\/\/www.violencequefaire.ch\/ti\/wp-json\/wp\/v2\/comments?post=2692"}],"version-history":[{"count":3,"href":"https:\/\/www.violencequefaire.ch\/ti\/wp-json\/wp\/v2\/pages\/2692\/revisions"}],"predecessor-version":[{"id":5489,"href":"https:\/\/www.violencequefaire.ch\/ti\/wp-json\/wp\/v2\/pages\/2692\/revisions\/5489"}],"wp:attachment":[{"href":"https:\/\/www.violencequefaire.ch\/ti\/wp-json\/wp\/v2\/media?parent=2692"}],"curies":[{"name":"wp","href":"https:\/\/api.w.org\/{rel}","templated":true}]}}