{"id":2688,"date":"2022-03-25T14:59:01","date_gmt":"2022-03-25T13:59:01","guid":{"rendered":"https:\/\/dev-vqf.creatives.com\/?page_id=2688"},"modified":"2023-12-14T14:50:35","modified_gmt":"2023-12-14T13:50:35","slug":"%e1%8b%93%e1%88%98%e1%8c%bb-%e1%8a%a5%e1%8a%95%e1%89%b3%e1%8b%ad-%e1%8a%a5%e1%8b%a9","status":"publish","type":"page","link":"https:\/\/www.violencequefaire.ch\/ti\/%e1%8b%93%e1%88%98%e1%8c%bb-%e1%8a%a5%e1%8a%95%e1%89%b3%e1%8b%ad-%e1%8a%a5%e1%8b%a9\/","title":{"rendered":"\u12d3\u1218\u133b \u12a5\u1295\u1273\u12ed \u12a5\u12e9 ?"},"content":{"rendered":"<div class=\"wpb-content-wrapper\"><p>[vc_row][vc_column]<section class='vqf_section_block block_background'><div class='vqf_container'><div class='vqf_row'><div class='vqf_full_col'><h2>\u1263\u12a5\u1232 \u12f5\u12e9 \u12c8\u12ed\u1235 \u12d3\u1218\u133b ?<\/h2><div class='vqf_fixed_width_text'>\u12dd\u1260\u12dd\u1211 \u1218\u133b\u121d\u12f5\u1272 \u1213\u1213\u120a\u1349 \u12d8\u12ed\u121d\u122d\u12f5\u12f3\u12a5 \u12e8\u130b\u1325\u121d \u12a5\u12e9\u1361 \u1218\u133b\u121d\u12f5\u1272 \u1240\u120a\u120d \u1265\u12dd\u1218\u1235\u120d \u1213\u12f0\u130b \u12d8\u12cd\u122d\u12f5 \u130d\u122d\u132d\u1275 \u12c8\u12ed \u1263\u12a5\u1232 \u12a5\u12da \u12bd\u12a3 \u1295 \u1293\u12ed \u1308\u12db \u1218\u1325\u1243\u12d5\u1272 \u12e8\u130b\u1325\u121d \u12a5\u12e9\u1362 \u1295 \u12b9\u1209 \u12a3\u1263\u120b\u1275 \u1235\u12f5\u122b \u1264\u1275 \u12a8\u12a3 \u130d\u12f3\u12ed \u12ed\u12b8\u12cd\u1295 \u1263\u12a5\u1232 (\u130d\u122d\u132d\u1275) \u12a3\u1265 \u12d8\u130b\u1320\u1218\u1209 \u130d\u12dc \u1265\u12bd\u120d\u1272\u12a1 \u12c8\u1308\u1295 \u121d\u12ad\u1265\u1263\u122d \u12ed\u130e\u12f5\u120d \u1293\u12ed \u1308\u12db \u1218\u1325\u1243\u12d5\u1272 (\u1263\u12a5\u1232) \u1265\u1213\u12f3\u122d \u121d\u1235 \u12dd\u1290\u1265\u1229 \u1295\u1265\u12d5\u122d\u12ad\u1290\u1275 \u121d\u1235 \u12dd\u1255\u1218\u1321\u1295 \u12e8\u130b\u1325\u121d\u1362 \u12a5\u12da \u1265\u130d\u1261\u12a5 \u12a3\u1253\u120d\u1266\u12a5\u1295 \u1270\u12d8\u12ed\u1228\u12ba\u1261\u12a5\u1295 \u12f3\u12d3\u1260\u12e8 \u12dd\u12b8\u12ed\u12f5 \u130d\u132d\u1275 \u12a5\u12e9\u1362<\/p>\n<p>\u1265\u12a3\u130b \u12bd\u120d\u1272\u12a6\u121d \u1218\u133b\u121d\u12f5\u1272 \u123d\u130d\u122e\u121d \u12a3\u1208\u120d\u12ee\u121d \u12ad\u1348\u1275\u1215\u12ce \u12a3\u1208\u12ce\u121d\u1362<\/div><\/div><\/div><\/div><\/section>[\/vc_column][\/vc_row][vc_row][vc_column]<section class='vqf_section_block media_n_text_block' id=''><div class='vqf_container'><div class='vqf_row'><div class='vqf_full_col'><h2>\u12d1\u12f0\u1275 \u12d3\u1218\u133b<\/h2><\/div><div class='vqf_fixed_width_text'><p>\u1218\u1265\u12db\u1215\u1275\u12a1 \u1218\u1325\u1243\u12d5\u1272 \u12ab\u1265 \u130d\u12dc \u1293\u1265 \u130d\u12dc \u12a5\u1295\u12f3\u12c8\u1230\u12b8 \u12dd\u12b8\u12ed\u12f5 \u12a5\u12e9\u1362 \u12a5\u12da \u12b8\u12a3 \u12a3\u1265 \u12d1\u12f0\u1275 \u12ed\u12bd\u1230\u1275 \u12dd\u1270\u12c8\u1230\u1291 \u12ab\u1265 \u130d\u12dc \u1293\u1265 \u130d\u12dc \u12dd\u12cd\u1235\u12b9 \u12be\u12ed\u1296\u121d \u1265\u12a3\u130b \u12a5\u1295\u1270 \u12d8\u12ed\u1270\u134a\u1272\u1216\u121d \u1295\u130d\u12f3\u12ed \u1293\u1265 \u12dd\u120d\u12d3\u1208 \u1325\u122d\u12da \u1218\u1325\u1243\u12d5\u1272 \u12a3\u1265\u133a\u1216\u121d : \u1293\u1265 \u12dd\u120d\u12d3\u1208 \u132d\u1295\u1240\u1275 \u12a3\u12cd\u122a\u12f6 \u121d \u12ad\u1233\u1265 \u1293\u1265 \u1290\u1348\u1230 \u1255\u1275\u1208\u1275 \u1235\u1309\u121d\u1272 \u121d\u12cd\u1233\u12f5 \u12e8\u1265\u133d\u1211 \u12a5\u12ee\u121d \u1265\u12bd\u120d\u1272\u12a1 \u12c8\u1308\u1295 \u130d\u12f3\u12eb\u1275\u1362<\/p><\/div><div class='left_media_block'><div class='media_box'><img src='https:\/\/www.violencequefaire.ch\/wp-content\/uploads\/2022\/05\/Infographie_cycleviolence_EN.jpg'><\/div><\/div><div class='right_text_block'><div class='vqf_text_carousel_with_cta'><div class='owl-carousel owl-theme'><div class='item'><div class='text_item'><h4>1. \u12cd\u1325\u1228\u1275 \u12ed\u12cd\u1235\u12bd<\/h4><p>\u122d\u12ad\u1265 \u12e8\u124b\u122d\u133d \u12a5\u1272 \u1260\u12f3\u120a \u12c8\u12ed \u1218\u1325\u1243\u12d5\u1272 \u12d8\u12cd\u1228\u12f0 \u12c8\u1308\u1295 \u1290\u1272 \u123d\u130d\u122d \u12a3\u1208\u120d\u12e9 \u1293\u12ed \u121d\u130d\u120b\u133d \u1338\u1308\u121d \u12e8\u130b\u1325\u121e \u1260\u12da \u12a3\u130b\u1323\u121a \u12a5\u12da \u1260\u12f3\u120b\u12ed \u12c8\u1308\u1295 \u1293\u12ed \u121d\u120d\u1235\u120b\u1235\u1361 \u1293\u12ed \u12ed\u1255\u122c\u1273 \u12c8\u12ed \u1293\u12ed \u1323\u12d5\u1233 \u121d\u120d\u12ad\u1273\u1275 \u12a5\u1295\u1270\u12d8\u12ed\u12a3\u122d\u12a5\u12e9 \u1295\u1270\u1260\u12f3\u120a \u12c8\u12ed \u1295\u130d\u12f3\u12ed \u1293\u1265 \u1293\u12ed \u1230\u1265\u12a3\u12ca \u1218\u1230\u120d \u1325\u1215\u1230\u1275 \u12a8\u121d\u12d8\u12cd\u1228\u12f0\u1209 \u1293\u1265 \u12dd\u120d\u12d3\u1208 \u1293\u1265 \u134d\u122d\u1212 \u12e8\u1265\u133d\u1216\u1362 \u12a5\u12da \u12bd\u12a3 \u1293\u12ed \u1218\u1325\u1243\u12d5\u1272 \u121d\u120d\u12ad\u1273\u1275 \u12a5\u12e9\u1362<\/p><a href='https:\/\/sitemanager.violencequefaire.ch\/' class='vqf_outline_cta'>ask your question<\/a><\/div><\/div><div class='item'><div class='text_item'><h4>2. \u12a5\u1272 \u12d3\u1218\u133b \u12dd\u1218\u120d\u12a6 \u134d\u133b\u1218<\/h4><p>\u1295\u130d\u12f3\u12ed \u12d3\u1255\u121a \u12a8\u121d\u12d8\u12ed\u1265\u1209 \u12a3\u121a\u1291 \u1293\u1265 \u12dd\u120d\u12d3\u1208 \u1325\u122d\u12da \u134d\u122d\u1212 \u12e8\u1265\u133d\u1216 \u12a5\u12e9 \u1218\u134d\u1275\u1212 \u12a8\u121d\u12d8\u12ed\u1265\u1209 \u1295\u1290\u1265\u1231 \u12e8\u12a5\u121d\u1295 \u1263\u12f6\u1290\u1275 \u12a5\u1295\u12f3\u1270\u1230\u121d\u12d6 \u12ed\u12b8\u12ed\u12f5\u1362<\/p><a href='https:\/\/sitemanager.violencequefaire.ch\/' class='vqf_outline_cta'>ask your question<\/a><\/div><\/div><div class='item'><div class='text_item'><h4>3. \u121d\u1275\u12d5\u122b\u1255<\/h4><p>\u1218\u1265\u12db\u1215\u1275\u12a1 \u12a5\u12cb\u1295 \u1260\u12f0\u120d \u12a3\u1265 \u133b\u1213\u12ed \u12ed\u1245\u122c\u1273 \u12ed\u1213\u1275\u1275\u1361 \u1295\u12bb\u120d\u12a3\u12ed \u130d\u12dc\u12a3\u12cd\u1295 \u12a8\u121d \u12d8\u12ed\u12f0\u130d\u121d \u1243\u120d \u12ed\u12a3\u1271\u1361 \u1270\u1260\u12f3\u120a \u1260\u12da \u1270\u1338\u1293\u1292\u12d1 \u1270\u1235\u134b \u130c\u1229 \u12ed\u1245\u122c\u1273 \u12ed\u1255\u1260\u120d\u1362 \u1260\u12f3\u120b\u12ed \u12ab\u1265\u12da \u1265\u121d\u1265\u130b\u1235 \u1295\u12b9\u1209 \u1260\u12f0\u1209 \u121d\u12bd\u1295\u12eb\u1275 \u1265\u121d\u12f5\u122d\u12f3\u122d \u1290\u1265\u1231 \u1213\u122b \u12a3\u12cd\u133a\u12a1 \u1295 \u1270\u1260\u12f3\u120a \u1293\u12ed \u12a9\u1209 \u1290\u1308\u122d \u1325\u134d\u12a3\u1270\u129b \u12ed\u1308\u1265\u122d\u1361 \u12a8\u121d\u1265\u1213\u12f5\u123d \u1295\u130d\u12f3\u12ed \u1293 \u1265\u132d\u1295\u1240\u1275 \u12e8\u1265\u133d\u1216\u1362<\/p><a href='https:\/\/sitemanager.violencequefaire.ch\/' class='vqf_outline_cta'>ask your question<\/a><\/div><\/div><div class='item'><div class='text_item'><h4>4. \u1230\u120b\u121d \u12ed\u121d\u1208\u1235<\/h4><p>\u12a9\u1209 \u1290\u1308\u122d \u1270\u1228\u1232\u12d1 \u1295\u130d\u12da\u12a1 \u1230\u120b\u121d \u12ed\u12c8\u122d\u12f5 \u12a5\u12da \u12bd\u12a3 \u1293\u12ed \u1215\u133d\u1296\u1275 \u130d\u12dc \u12a5\u12e9\u1361 \u1290\u1308\u122d \u130d\u1295 \u1265\u12d9\u1215 \u12a3\u12ed\u1338\u1295\u1215\u1295 \u12a5\u12e9\u1362 \u1235\u1208\u121d\u1295\u1273\u12ed \u1265\u12a3\u130b \u1218\u12d5\u1208\u1262 \u1235\u1208\u12dd\u12ed\u1270\u1308\u1265\u122e \u12a5\u12f0\u1308\u1293 \u1218\u1325\u1243\u12d5\u1272 \u1295\u12b8\u1265\u133d\u1215 \u1270\u12bd\u12a5\u120e \u12a3\u120e\u1362<\/p><a href='https:\/\/sitemanager.violencequefaire.ch\/' class='vqf_outline_cta'>ask your question<\/a><\/div><\/div><\/div><\/div><\/div><\/div><\/div><\/section>[\/vc_column][\/vc_row]<\/p>\n<\/div>","protected":false},"excerpt":{"rendered":"<p>[vc_row][vc_column][\/vc_column][\/vc_row][vc_row][vc_column][\/vc_column][\/vc_row]<\/p>\n","protected":false},"author":16,"featured_media":0,"parent":0,"menu_order":0,"comment_status":"closed","ping_status":"closed","template":"","meta":{"_acf_changed":false,"footnotes":""},"class_list":["post-2688","page","type-page","status-publish","hentry"],"acf":[],"yoast_head":"<!-- This site is optimized with the Yoast SEO plugin v27.3 - https:\/\/yoast.com\/product\/yoast-seo-wordpress\/ -->\n<title>\u12d3\u1218\u133b \u12a5\u1295\u1273\u12ed \u12a5\u12e9 ? &#8226; Violence que faire ?<\/title>\n<meta name=\"robots\" content=\"index, follow, max-snippet:-1, max-image-preview:large, max-video-preview:-1\" \/>\n<link rel=\"canonical\" href=\"https:\/\/www.violencequefaire.ch\/ti\/%e1%8b%93%e1%88%98%e1%8c%bb-%e1%8a%a5%e1%8a%95%e1%89%b3%e1%8b%ad-%e1%8a%a5%e1%8b%a9\/\" \/>\n<meta property=\"og:locale\" content=\"en_US\" \/>\n<meta property=\"og:type\" content=\"article\" \/>\n<meta property=\"og:title\" content=\"\u12d3\u1218\u133b \u12a5\u1295\u1273\u12ed \u12a5\u12e9 ? &#8226; Violence que faire ?\" \/>\n<meta property=\"og:description\" content=\"[vc_row][vc_column][\/vc_column][\/vc_row][vc_row][vc_column][\/vc_column][\/vc_row]\" \/>\n<meta property=\"og:url\" content=\"https:\/\/www.violencequefaire.ch\/ti\/%e1%8b%93%e1%88%98%e1%8c%bb-%e1%8a%a5%e1%8a%95%e1%89%b3%e1%8b%ad-%e1%8a%a5%e1%8b%a9\/\" \/>\n<meta property=\"og:site_name\" content=\"Violence que faire ?\" \/>\n<meta property=\"article:modified_time\" content=\"2023-12-14T13:50:35+00:00\" \/>\n<meta name=\"twitter:card\" content=\"summary_large_image\" \/>\n<meta name=\"twitter:label1\" content=\"Est. reading time\" \/>\n\t<meta name=\"twitter:data1\" content=\"1 minute\" \/>\n<script type=\"application\/ld+json\" class=\"yoast-schema-graph\">{\"@context\":\"https:\\\/\\\/schema.org\",\"@graph\":[{\"@type\":\"WebPage\",\"@id\":\"https:\\\/\\\/www.violencequefaire.ch\\\/ti\\\/%e1%8b%93%e1%88%98%e1%8c%bb-%e1%8a%a5%e1%8a%95%e1%89%b3%e1%8b%ad-%e1%8a%a5%e1%8b%a9\\\/\",\"url\":\"https:\\\/\\\/www.violencequefaire.ch\\\/ti\\\/%e1%8b%93%e1%88%98%e1%8c%bb-%e1%8a%a5%e1%8a%95%e1%89%b3%e1%8b%ad-%e1%8a%a5%e1%8b%a9\\\/\",\"name\":\"\u12d3\u1218\u133b \u12a5\u1295\u1273\u12ed \u12a5\u12e9 ? &#8226; Violence que faire ?\",\"isPartOf\":{\"@id\":\"https:\\\/\\\/www.violencequefaire.ch\\\/ti\\\/#website\"},\"datePublished\":\"2022-03-25T13:59:01+00:00\",\"dateModified\":\"2023-12-14T13:50:35+00:00\",\"breadcrumb\":{\"@id\":\"https:\\\/\\\/www.violencequefaire.ch\\\/ti\\\/%e1%8b%93%e1%88%98%e1%8c%bb-%e1%8a%a5%e1%8a%95%e1%89%b3%e1%8b%ad-%e1%8a%a5%e1%8b%a9\\\/#breadcrumb\"},\"inLanguage\":\"ti-TI\",\"potentialAction\":[{\"@type\":\"ReadAction\",\"target\":[\"https:\\\/\\\/www.violencequefaire.ch\\\/ti\\\/%e1%8b%93%e1%88%98%e1%8c%bb-%e1%8a%a5%e1%8a%95%e1%89%b3%e1%8b%ad-%e1%8a%a5%e1%8b%a9\\\/\"]}]},{\"@type\":\"BreadcrumbList\",\"@id\":\"https:\\\/\\\/www.violencequefaire.ch\\\/ti\\\/%e1%8b%93%e1%88%98%e1%8c%bb-%e1%8a%a5%e1%8a%95%e1%89%b3%e1%8b%ad-%e1%8a%a5%e1%8b%a9\\\/#breadcrumb\",\"itemListElement\":[{\"@type\":\"ListItem\",\"position\":1,\"name\":\"Home\",\"item\":\"https:\\\/\\\/www.violencequefaire.ch\\\/ti\\\/\"},{\"@type\":\"ListItem\",\"position\":2,\"name\":\"\u12d3\u1218\u133b \u12a5\u1295\u1273\u12ed \u12a5\u12e9 ?\"}]},{\"@type\":\"WebSite\",\"@id\":\"https:\\\/\\\/www.violencequefaire.ch\\\/ti\\\/#website\",\"url\":\"https:\\\/\\\/www.violencequefaire.ch\\\/ti\\\/\",\"name\":\"Violence que faire\",\"description\":\"Des sp\u00e9cialistes r\u00e9pondent personnellement \u00e0 vos questions anonymes sur la violence au sein du couple.\",\"publisher\":{\"@id\":\"https:\\\/\\\/www.violencequefaire.ch\\\/ti\\\/#organization\"},\"alternateName\":\"Violenza Cosa Fare\",\"potentialAction\":[{\"@type\":\"SearchAction\",\"target\":{\"@type\":\"EntryPoint\",\"urlTemplate\":\"https:\\\/\\\/www.violencequefaire.ch\\\/ti\\\/?s={search_term_string}\"},\"query-input\":{\"@type\":\"PropertyValueSpecification\",\"valueRequired\":true,\"valueName\":\"search_term_string\"}}],\"inLanguage\":\"ti-TI\"},{\"@type\":\"Organization\",\"@id\":\"https:\\\/\\\/www.violencequefaire.ch\\\/ti\\\/#organization\",\"name\":\"Violence que faire ?\",\"url\":\"https:\\\/\\\/www.violencequefaire.ch\\\/ti\\\/\",\"logo\":{\"@type\":\"ImageObject\",\"inLanguage\":\"ti-TI\",\"@id\":\"https:\\\/\\\/www.violencequefaire.ch\\\/ti\\\/#\\\/schema\\\/logo\\\/image\\\/\",\"url\":\"https:\\\/\\\/www.violencequefaire.ch\\\/wp-content\\\/uploads\\\/2022\\\/04\\\/VQF_LOGO_neutre.jpg\",\"contentUrl\":\"https:\\\/\\\/www.violencequefaire.ch\\\/wp-content\\\/uploads\\\/2022\\\/04\\\/VQF_LOGO_neutre.jpg\",\"width\":253,\"height\":376,\"caption\":\"Violence que faire ?\"},\"image\":{\"@id\":\"https:\\\/\\\/www.violencequefaire.ch\\\/ti\\\/#\\\/schema\\\/logo\\\/image\\\/\"}}]}<\/script>\n<!-- \/ Yoast SEO plugin. -->","yoast_head_json":{"title":"\u12d3\u1218\u133b \u12a5\u1295\u1273\u12ed \u12a5\u12e9 ? &#8226; Violence que faire ?","robots":{"index":"index","follow":"follow","max-snippet":"max-snippet:-1","max-image-preview":"max-image-preview:large","max-video-preview":"max-video-preview:-1"},"canonical":"https:\/\/www.violencequefaire.ch\/ti\/%e1%8b%93%e1%88%98%e1%8c%bb-%e1%8a%a5%e1%8a%95%e1%89%b3%e1%8b%ad-%e1%8a%a5%e1%8b%a9\/","og_locale":"en_US","og_type":"article","og_title":"\u12d3\u1218\u133b \u12a5\u1295\u1273\u12ed \u12a5\u12e9 ? &#8226; Violence que faire ?","og_description":"[vc_row][vc_column][\/vc_column][\/vc_row][vc_row][vc_column][\/vc_column][\/vc_row]","og_url":"https:\/\/www.violencequefaire.ch\/ti\/%e1%8b%93%e1%88%98%e1%8c%bb-%e1%8a%a5%e1%8a%95%e1%89%b3%e1%8b%ad-%e1%8a%a5%e1%8b%a9\/","og_site_name":"Violence que faire ?","article_modified_time":"2023-12-14T13:50:35+00:00","twitter_card":"summary_large_image","twitter_misc":{"Est. reading time":"1 minute"},"schema":{"@context":"https:\/\/schema.org","@graph":[{"@type":"WebPage","@id":"https:\/\/www.violencequefaire.ch\/ti\/%e1%8b%93%e1%88%98%e1%8c%bb-%e1%8a%a5%e1%8a%95%e1%89%b3%e1%8b%ad-%e1%8a%a5%e1%8b%a9\/","url":"https:\/\/www.violencequefaire.ch\/ti\/%e1%8b%93%e1%88%98%e1%8c%bb-%e1%8a%a5%e1%8a%95%e1%89%b3%e1%8b%ad-%e1%8a%a5%e1%8b%a9\/","name":"\u12d3\u1218\u133b \u12a5\u1295\u1273\u12ed \u12a5\u12e9 ? &#8226; Violence que faire ?","isPartOf":{"@id":"https:\/\/www.violencequefaire.ch\/ti\/#website"},"datePublished":"2022-03-25T13:59:01+00:00","dateModified":"2023-12-14T13:50:35+00:00","breadcrumb":{"@id":"https:\/\/www.violencequefaire.ch\/ti\/%e1%8b%93%e1%88%98%e1%8c%bb-%e1%8a%a5%e1%8a%95%e1%89%b3%e1%8b%ad-%e1%8a%a5%e1%8b%a9\/#breadcrumb"},"inLanguage":"ti-TI","potentialAction":[{"@type":"ReadAction","target":["https:\/\/www.violencequefaire.ch\/ti\/%e1%8b%93%e1%88%98%e1%8c%bb-%e1%8a%a5%e1%8a%95%e1%89%b3%e1%8b%ad-%e1%8a%a5%e1%8b%a9\/"]}]},{"@type":"BreadcrumbList","@id":"https:\/\/www.violencequefaire.ch\/ti\/%e1%8b%93%e1%88%98%e1%8c%bb-%e1%8a%a5%e1%8a%95%e1%89%b3%e1%8b%ad-%e1%8a%a5%e1%8b%a9\/#breadcrumb","itemListElement":[{"@type":"ListItem","position":1,"name":"Home","item":"https:\/\/www.violencequefaire.ch\/ti\/"},{"@type":"ListItem","position":2,"name":"\u12d3\u1218\u133b \u12a5\u1295\u1273\u12ed \u12a5\u12e9 ?"}]},{"@type":"WebSite","@id":"https:\/\/www.violencequefaire.ch\/ti\/#website","url":"https:\/\/www.violencequefaire.ch\/ti\/","name":"Violence que faire","description":"Des sp\u00e9cialistes r\u00e9pondent personnellement \u00e0 vos questions anonymes sur la violence au sein du couple.","publisher":{"@id":"https:\/\/www.violencequefaire.ch\/ti\/#organization"},"alternateName":"Violenza Cosa Fare","potentialAction":[{"@type":"SearchAction","target":{"@type":"EntryPoint","urlTemplate":"https:\/\/www.violencequefaire.ch\/ti\/?s={search_term_string}"},"query-input":{"@type":"PropertyValueSpecification","valueRequired":true,"valueName":"search_term_string"}}],"inLanguage":"ti-TI"},{"@type":"Organization","@id":"https:\/\/www.violencequefaire.ch\/ti\/#organization","name":"Violence que faire ?","url":"https:\/\/www.violencequefaire.ch\/ti\/","logo":{"@type":"ImageObject","inLanguage":"ti-TI","@id":"https:\/\/www.violencequefaire.ch\/ti\/#\/schema\/logo\/image\/","url":"https:\/\/www.violencequefaire.ch\/wp-content\/uploads\/2022\/04\/VQF_LOGO_neutre.jpg","contentUrl":"https:\/\/www.violencequefaire.ch\/wp-content\/uploads\/2022\/04\/VQF_LOGO_neutre.jpg","width":253,"height":376,"caption":"Violence que faire ?"},"image":{"@id":"https:\/\/www.violencequefaire.ch\/ti\/#\/schema\/logo\/image\/"}}]}},"_links":{"self":[{"href":"https:\/\/www.violencequefaire.ch\/ti\/wp-json\/wp\/v2\/pages\/2688","targetHints":{"allow":["GET"]}}],"collection":[{"href":"https:\/\/www.violencequefaire.ch\/ti\/wp-json\/wp\/v2\/pages"}],"about":[{"href":"https:\/\/www.violencequefaire.ch\/ti\/wp-json\/wp\/v2\/types\/page"}],"author":[{"embeddable":true,"href":"https:\/\/www.violencequefaire.ch\/ti\/wp-json\/wp\/v2\/users\/16"}],"replies":[{"embeddable":true,"href":"https:\/\/www.violencequefaire.ch\/ti\/wp-json\/wp\/v2\/comments?post=2688"}],"version-history":[{"count":6,"href":"https:\/\/www.violencequefaire.ch\/ti\/wp-json\/wp\/v2\/pages\/2688\/revisions"}],"predecessor-version":[{"id":5491,"href":"https:\/\/www.violencequefaire.ch\/ti\/wp-json\/wp\/v2\/pages\/2688\/revisions\/5491"}],"wp:attachment":[{"href":"https:\/\/www.violencequefaire.ch\/ti\/wp-json\/wp\/v2\/media?parent=2688"}],"curies":[{"name":"wp","href":"https:\/\/api.w.org\/{rel}","templated":true}]}}