{"id":12003,"date":"2022-03-25T13:47:26","date_gmt":"2022-03-25T12:47:26","guid":{"rendered":"https:\/\/www.violencequefaire.ch\/equipe-vqf\/"},"modified":"2026-03-09T13:23:58","modified_gmt":"2026-03-09T12:23:58","slug":"equipe-vqf","status":"publish","type":"page","link":"https:\/\/www.violencequefaire.ch\/ti\/equipe-vqf\/","title":{"rendered":"\u00c9quipe VIOLENCE QUE FAIRE"},"content":{"rendered":"<div class=\"wpb-content-wrapper\"><p>[vc_row][vc_column]<section class='vqf_section_block'><div class='vqf_container'><div class='vqf_row'><div class='vqf_full_col'><h2>Comit\u00e9 actuel<\/h2><div class='vqf_fixed_width_text'><\/p>\n<h3>Co-pr\u00e9sidence<\/h3>\n<p>&nbsp;<\/p>\n<h3><\/h3>\n<p><\/div><div class='vqf_teams_block'><div class='team_row'><div class='team_col'><div class='col_inner'><img src='https:\/\/www.violencequefaire.ch\/wp-content\/uploads\/2024\/01\/Violence_que_faire_image_web_philippe_biggler.jpg' alt='' class='member_img'><h4>Philippe Bigler<\/h4><div class='member_info'><p>Directeur, Centre d\u2019accueil MalleyPrairie et Centre Pr\u00e9vention de l\u2019Ale<\/p><\/div><\/div><\/div><div class='team_col'><div class='col_inner'><img src='https:\/\/www.violencequefaire.ch\/wp-content\/uploads\/2024\/01\/Violence_que_faire_image_web_.jpg' alt='' class='member_img'><h4>Claudia D\u2019Andrea<\/h4><div class='member_info'><p>Travailleuse sociale et anthropologue<\/p><\/div><\/div><\/div><\/div><\/div><\/div><\/div><\/div><\/section><section class='vqf_section_block'><div class='vqf_container'><div class='vqf_row'><div class='vqf_full_col'><div class='vqf_fixed_width_text'><\/p>\n<h3>Vice-pr\u00e9sidence<\/h3>\n<p>&nbsp;<\/p>\n<h3><\/h3>\n<p><\/div><div class='vqf_teams_block'><div class='team_row'><div class='team_col'><div class='col_inner'><img src='https:\/\/www.violencequefaire.ch\/wp-content\/uploads\/2024\/01\/DSCF3046.jpg' alt='' class='member_img'><h4>St\u00e9phanie Reichenbach<\/h4><div class='member_info'><p>Juriste \u00e0 l\u2019Office cantonal de l\u2019\u00e9galit\u00e9 et de la famille du canton du Valais.<\/p><\/div><\/div><\/div><\/div><\/div><\/div><\/div><\/div><\/section><section class='vqf_section_block'><div class='vqf_container'><div class='vqf_row'><div class='vqf_full_col'><div class='vqf_fixed_width_text'><\/p>\n<h3>Tr\u00e9sori\u00e8re<\/h3>\n<p>&nbsp;<\/p>\n<h3><\/h3>\n<p><\/div><div class='vqf_teams_block'><div class='team_row'><div class='team_col'><div class='col_inner'><img src='https:\/\/www.violencequefaire.ch\/wp-content\/uploads\/2024\/01\/DSCF3127.jpg' alt='' class='member_img'><h4>Ana Soares<\/h4><div class='member_info'><p>Economiste, responsable formation et \u00e9ducation aupr\u00e8s de Pix4D SA<\/p><\/div><\/div><\/div><\/div><\/div><\/div><\/div><\/div><\/section><section class='vqf_section_block'><div class='vqf_container'><div class='vqf_row'><div class='vqf_full_col'><h2>Membres<\/h2><div class='vqf_fixed_width_text'><\/p>\n<h3>Membres<\/h3>\n<p>&nbsp;<\/p>\n<h3><\/h3>\n<p><\/div><div class='vqf_teams_block'><div class='team_row'><div class='team_col'><div class='col_inner'><img src='https:\/\/www.violencequefaire.ch\/wp-content\/uploads\/2024\/01\/DSCF3022.jpg' alt='' class='member_img'><h4>Jimmy Salchegger<\/h4><div class='member_info'><p>Sp\u00e9cialiste RH<\/p><\/div><\/div><\/div><div class='team_col'><div class='col_inner'><img src='https:\/\/www.violencequefaire.ch\/wp-content\/uploads\/2024\/03\/DSCF4944-scaled.jpg' alt='' class='member_img'><h4>Sophie Leuenberger<\/h4><div class='member_info'><p>Avocate, membre l\u2019Association \u00abAvocats Ressources en mati\u00e8re de violences domestiques\u00bb<\/p><\/div><\/div><\/div><div class='team_col'><div class='col_inner'><img src='https:\/\/www.violencequefaire.ch\/wp-content\/uploads\/2026\/03\/Photo-nadege-Modifie-scaled.jpg' alt='' class='member_img'><h4>Nad\u00e8ge Porta<\/h4><div class='member_info'><p>Sp\u00e9cialiste en coordination de projets sociaux<\/p><\/div><\/div><\/div><\/div><\/div><\/div><\/div><\/div><\/section>[\/vc_column][\/vc_row][vc_row][vc_column]<section class='vqf_section_block block_background'><div class='vqf_container'><div class='vqf_row'><div class='vqf_full_col'><div class='vqf_teams_block'><div class='team_row'><\/div><\/div><\/div><\/div><\/div><\/section>[\/vc_column][\/vc_row][vc_row][vc_column]<section class='vqf_section_block'><div class='vqf_container'><div class='vqf_row'><div class='vqf_full_col'><h2>Conseil en ligne<\/h2><div class='vqf_fixed_width_text'>Le service de www.violencequefaire.ch peut compter sur une vingtaine de sp\u00e9cialistes qualifi\u00e9-e-x-s dans le domaine des violences domestiques. Avant d\u2019int\u00e9grer l\u2019\u00e9quipe et de r\u00e9pondre aux questions des internautes, leur exp\u00e9rience de terrain est compl\u00e9t\u00e9e par une formation sp\u00e9cifique au travail en ligne.<\/div><\/div><\/div><\/div><\/section>[\/vc_column][\/vc_row][vc_row][vc_column]<section class='vqf_section_block text_n_media_block'><div class='vqf_container'><div class='vqf_row'><div class='vqf_full_col'><h2>Ancien-nes membres du comit\u00e9<\/h2><\/div><div><div class='vqf_fixed_width_text'><\/div><\/div><\/div><div class='vqf_accordion_block'><div class='accordion_item'><div class='accordion_header'><span class='title'>Ancien-nes membres du comit\u00e9<\/span><\/div><div class='accordion_body'><div class='acc_body_inner'><div class='vqf_fixed_width_text'><p>Anciennes pr\u00e9sidentes<br \/>\nMich\u00e8le Gigandet<br \/>\nresponsable p\u00e9dagogique du Centre d\u2019accueil MalleyPrairie, membre du Comit\u00e9 de 2006 \u00e0 2017 et pr\u00e9sidente de 2017 \u00e0 2020<br \/>\n<br \/>\nCatherine Ming<br \/>\navocate, pr\u00e9sidente de 2015 \u00e0 2017<br \/>\n<br \/>\nSonia Rihs<br \/>\npsychologue ind\u00e9pendante, www.soripro.ch, pr\u00e9sidente de 2009 \u00e0 2016<br \/>\n<br \/>\nSt\u00e9phanie Siggen<br \/>\nBureau de l\u2019\u00e9galit\u00e9 entre les femmes et les hommes du canton de Vaud (BEFH), pr\u00e9sidente de l\u2019association de 2006 \u00e0 2009<\/p><\/div><\/div><\/div><\/div><div class='accordion_item'><div class='accordion_header'><span class='title'>Ancien-nes membres<\/span><\/div><div class='accordion_body'><div class='acc_body_inner'><div class='vqf_fixed_width_text'><p>Myriam Saurugger<br \/>\nexpert-comptable, tr\u00e9sori\u00e8re de 2020 \u00e0 2021<br \/>\n<br \/>\nChristian Anglada<br \/>\nresponsable p\u00e9dagogique du Centre de Pr\u00e9vention de l\u2019Ale, membre du Comit\u00e9 de 2007 \u00e0 2020<br \/>\n<br \/>\nCaroline Barsalou<br \/>\ncadre bancaire, membre du Comit\u00e9 de 2014 \u00e0 2017<br \/>\n<br \/>\nMelina Bello<br \/>\nresponsable des prestations au Centre d\u2019accueil MalleyPrairie \u00e0 Lausanne<br \/>\n<br \/>\nB\u00e9atrice Cortellini<br \/>\ndirectrice de Solidarit\u00e9 Femmes GE, repr\u00e9sentante de la DAO, membre du Comit\u00e9 de 2009 \u00e0 2016<br \/>\n<br \/>\nAndrea Delannoy<br \/>\npr\u00e9sidente de l\u2019association MOD-ELLE, membre du Comit\u00e9 de 2018 \u00e0 2019<br \/>\n<br \/>\nLuc Delbrouck<br \/>\ndirecteur du service ViFa jusqu\u2019en 2016, membre du Comit\u00e9 de 2011 \u00e0 2016<br \/>\n<br \/>\nAgn\u00e8s Forbat<br \/>\nconseil en communication, membre du Comit\u00e9 de 2009 \u00e0 2015<br \/>\n<br \/>\nMarlyse Gehret<br \/>\nrepr\u00e9sentante de la DAO (organisation fa\u00eeti\u00e8re suisse des maisons d\u2019accueil), membre du Comit\u00e9 de 2006 \u00e0 2009<br \/>\n<br \/>\nSylvette Mihoubi<br \/>\ndirectrice du Centre d\u2019accueil MalleyPrairie, membre du Comit\u00e9 de 2006 \u00e0 2016<br \/>\n<br \/>\nXavier Pitteloud<br \/>\nintervenant syst\u00e9mique, superviseur et formateur \u00e0 Sion<br \/>\n<br \/>\nIr\u00e8ne Schmidlin<br \/>\ncheffe de projet au sein du Bureau de l\u2019\u00e9galit\u00e9 entre les femmes et les hommes (BEFH) du canton de Vaud<br \/>\n<br \/>\nLaure Jaton Sorce<br \/>\ncheffe de service adjointe du BEFH, membre du Comit\u00e9 de 2009 \u00e0 2011<br \/>\n<br \/>\nLuca Zuntini<br \/>\ndirecteur de ViFaAdos, membre du Comit\u00e9 de 2018 \u00e0 2020<\/p><\/div><\/div><\/div><\/div><\/div><\/div><\/section>[\/vc_column][\/vc_row]<\/p>\n<\/div>","protected":false},"excerpt":{"rendered":"<p>[vc_row][vc_column][\/vc_column][\/vc_row][vc_row][vc_column][\/vc_column][\/vc_row][vc_row][vc_column][\/vc_column][\/vc_row][vc_row][vc_column][\/vc_column][\/vc_row]<\/p>\n","protected":false},"author":16,"featured_media":0,"parent":0,"menu_order":0,"comment_status":"closed","ping_status":"closed","template":"","meta":{"_acf_changed":false,"footnotes":""},"class_list":["post-12003","page","type-page","status-publish","hentry"],"acf":[],"yoast_head":"<!-- This site is optimized with the Yoast SEO plugin v27.3 - https:\/\/yoast.com\/product\/yoast-seo-wordpress\/ -->\n<title>\u00c9quipe VIOLENCE QUE FAIRE &#8226; Violence que faire ?<\/title>\n<meta name=\"description\" content=\"Organisation du comit\u00e9 actuel et des anciens membres. Retrouvez notre \u00e9quipe qui travaillent au sein de Violence que faire.\" \/>\n<meta name=\"robots\" content=\"index, follow, max-snippet:-1, max-image-preview:large, max-video-preview:-1\" \/>\n<link rel=\"canonical\" href=\"https:\/\/www.violencequefaire.ch\/ti\/equipe-vqf\/\" \/>\n<meta property=\"og:locale\" content=\"en_US\" \/>\n<meta property=\"og:type\" content=\"article\" \/>\n<meta property=\"og:title\" content=\"\u00c9quipe VIOLENCE QUE FAIRE &#8226; Violence que faire ?\" \/>\n<meta property=\"og:description\" content=\"Organisation du comit\u00e9 actuel et des anciens membres. Retrouvez notre \u00e9quipe qui travaillent au sein de Violence que faire.\" \/>\n<meta property=\"og:url\" content=\"https:\/\/www.violencequefaire.ch\/ti\/equipe-vqf\/\" \/>\n<meta property=\"og:site_name\" content=\"Violence que faire ?\" \/>\n<meta property=\"article:modified_time\" content=\"2026-03-09T12:23:58+00:00\" \/>\n<meta name=\"twitter:card\" content=\"summary_large_image\" \/>\n<meta name=\"twitter:label1\" content=\"Est. reading time\" \/>\n\t<meta name=\"twitter:data1\" content=\"1 minute\" \/>\n<script type=\"application\/ld+json\" class=\"yoast-schema-graph\">{\"@context\":\"https:\\\/\\\/schema.org\",\"@graph\":[{\"@type\":\"WebPage\",\"@id\":\"https:\\\/\\\/www.violencequefaire.ch\\\/ti\\\/equipe-vqf\\\/\",\"url\":\"https:\\\/\\\/www.violencequefaire.ch\\\/ti\\\/equipe-vqf\\\/\",\"name\":\"\u00c9quipe VIOLENCE QUE FAIRE &#8226; Violence que faire ?\",\"isPartOf\":{\"@id\":\"https:\\\/\\\/www.violencequefaire.ch\\\/ti\\\/#website\"},\"datePublished\":\"2022-03-25T12:47:26+00:00\",\"dateModified\":\"2026-03-09T12:23:58+00:00\",\"description\":\"Organisation du comit\u00e9 actuel et des anciens membres. Retrouvez notre \u00e9quipe qui travaillent au sein de Violence que faire.\",\"breadcrumb\":{\"@id\":\"https:\\\/\\\/www.violencequefaire.ch\\\/ti\\\/equipe-vqf\\\/#breadcrumb\"},\"inLanguage\":\"ti-TI\",\"potentialAction\":[{\"@type\":\"ReadAction\",\"target\":[\"https:\\\/\\\/www.violencequefaire.ch\\\/ti\\\/equipe-vqf\\\/\"]}]},{\"@type\":\"BreadcrumbList\",\"@id\":\"https:\\\/\\\/www.violencequefaire.ch\\\/ti\\\/equipe-vqf\\\/#breadcrumb\",\"itemListElement\":[{\"@type\":\"ListItem\",\"position\":1,\"name\":\"Home\",\"item\":\"https:\\\/\\\/www.violencequefaire.ch\\\/ti\\\/\"},{\"@type\":\"ListItem\",\"position\":2,\"name\":\"\u00c9quipe VIOLENCE QUE FAIRE\"}]},{\"@type\":\"WebSite\",\"@id\":\"https:\\\/\\\/www.violencequefaire.ch\\\/ti\\\/#website\",\"url\":\"https:\\\/\\\/www.violencequefaire.ch\\\/ti\\\/\",\"name\":\"Violence que faire\",\"description\":\"Des sp\u00e9cialistes r\u00e9pondent personnellement \u00e0 vos questions anonymes sur la violence au sein du couple.\",\"publisher\":{\"@id\":\"https:\\\/\\\/www.violencequefaire.ch\\\/ti\\\/#organization\"},\"alternateName\":\"Violenza Cosa Fare\",\"potentialAction\":[{\"@type\":\"SearchAction\",\"target\":{\"@type\":\"EntryPoint\",\"urlTemplate\":\"https:\\\/\\\/www.violencequefaire.ch\\\/ti\\\/?s={search_term_string}\"},\"query-input\":{\"@type\":\"PropertyValueSpecification\",\"valueRequired\":true,\"valueName\":\"search_term_string\"}}],\"inLanguage\":\"ti-TI\"},{\"@type\":\"Organization\",\"@id\":\"https:\\\/\\\/www.violencequefaire.ch\\\/ti\\\/#organization\",\"name\":\"Violence que faire ?\",\"url\":\"https:\\\/\\\/www.violencequefaire.ch\\\/ti\\\/\",\"logo\":{\"@type\":\"ImageObject\",\"inLanguage\":\"ti-TI\",\"@id\":\"https:\\\/\\\/www.violencequefaire.ch\\\/ti\\\/#\\\/schema\\\/logo\\\/image\\\/\",\"url\":\"https:\\\/\\\/www.violencequefaire.ch\\\/wp-content\\\/uploads\\\/2022\\\/04\\\/VQF_LOGO_neutre.jpg\",\"contentUrl\":\"https:\\\/\\\/www.violencequefaire.ch\\\/wp-content\\\/uploads\\\/2022\\\/04\\\/VQF_LOGO_neutre.jpg\",\"width\":253,\"height\":376,\"caption\":\"Violence que faire ?\"},\"image\":{\"@id\":\"https:\\\/\\\/www.violencequefaire.ch\\\/ti\\\/#\\\/schema\\\/logo\\\/image\\\/\"}}]}<\/script>\n<!-- \/ Yoast SEO plugin. -->","yoast_head_json":{"title":"\u00c9quipe VIOLENCE QUE FAIRE &#8226; Violence que faire ?","description":"Organisation du comit\u00e9 actuel et des anciens membres. Retrouvez notre \u00e9quipe qui travaillent au sein de Violence que faire.","robots":{"index":"index","follow":"follow","max-snippet":"max-snippet:-1","max-image-preview":"max-image-preview:large","max-video-preview":"max-video-preview:-1"},"canonical":"https:\/\/www.violencequefaire.ch\/ti\/equipe-vqf\/","og_locale":"en_US","og_type":"article","og_title":"\u00c9quipe VIOLENCE QUE FAIRE &#8226; Violence que faire ?","og_description":"Organisation du comit\u00e9 actuel et des anciens membres. Retrouvez notre \u00e9quipe qui travaillent au sein de Violence que faire.","og_url":"https:\/\/www.violencequefaire.ch\/ti\/equipe-vqf\/","og_site_name":"Violence que faire ?","article_modified_time":"2026-03-09T12:23:58+00:00","twitter_card":"summary_large_image","twitter_misc":{"Est. reading time":"1 minute"},"schema":{"@context":"https:\/\/schema.org","@graph":[{"@type":"WebPage","@id":"https:\/\/www.violencequefaire.ch\/ti\/equipe-vqf\/","url":"https:\/\/www.violencequefaire.ch\/ti\/equipe-vqf\/","name":"\u00c9quipe VIOLENCE QUE FAIRE &#8226; Violence que faire ?","isPartOf":{"@id":"https:\/\/www.violencequefaire.ch\/ti\/#website"},"datePublished":"2022-03-25T12:47:26+00:00","dateModified":"2026-03-09T12:23:58+00:00","description":"Organisation du comit\u00e9 actuel et des anciens membres. Retrouvez notre \u00e9quipe qui travaillent au sein de Violence que faire.","breadcrumb":{"@id":"https:\/\/www.violencequefaire.ch\/ti\/equipe-vqf\/#breadcrumb"},"inLanguage":"ti-TI","potentialAction":[{"@type":"ReadAction","target":["https:\/\/www.violencequefaire.ch\/ti\/equipe-vqf\/"]}]},{"@type":"BreadcrumbList","@id":"https:\/\/www.violencequefaire.ch\/ti\/equipe-vqf\/#breadcrumb","itemListElement":[{"@type":"ListItem","position":1,"name":"Home","item":"https:\/\/www.violencequefaire.ch\/ti\/"},{"@type":"ListItem","position":2,"name":"\u00c9quipe VIOLENCE QUE FAIRE"}]},{"@type":"WebSite","@id":"https:\/\/www.violencequefaire.ch\/ti\/#website","url":"https:\/\/www.violencequefaire.ch\/ti\/","name":"Violence que faire","description":"Des sp\u00e9cialistes r\u00e9pondent personnellement \u00e0 vos questions anonymes sur la violence au sein du couple.","publisher":{"@id":"https:\/\/www.violencequefaire.ch\/ti\/#organization"},"alternateName":"Violenza Cosa Fare","potentialAction":[{"@type":"SearchAction","target":{"@type":"EntryPoint","urlTemplate":"https:\/\/www.violencequefaire.ch\/ti\/?s={search_term_string}"},"query-input":{"@type":"PropertyValueSpecification","valueRequired":true,"valueName":"search_term_string"}}],"inLanguage":"ti-TI"},{"@type":"Organization","@id":"https:\/\/www.violencequefaire.ch\/ti\/#organization","name":"Violence que faire ?","url":"https:\/\/www.violencequefaire.ch\/ti\/","logo":{"@type":"ImageObject","inLanguage":"ti-TI","@id":"https:\/\/www.violencequefaire.ch\/ti\/#\/schema\/logo\/image\/","url":"https:\/\/www.violencequefaire.ch\/wp-content\/uploads\/2022\/04\/VQF_LOGO_neutre.jpg","contentUrl":"https:\/\/www.violencequefaire.ch\/wp-content\/uploads\/2022\/04\/VQF_LOGO_neutre.jpg","width":253,"height":376,"caption":"Violence que faire ?"},"image":{"@id":"https:\/\/www.violencequefaire.ch\/ti\/#\/schema\/logo\/image\/"}}]}},"_links":{"self":[{"href":"https:\/\/www.violencequefaire.ch\/ti\/wp-json\/wp\/v2\/pages\/12003","targetHints":{"allow":["GET"]}}],"collection":[{"href":"https:\/\/www.violencequefaire.ch\/ti\/wp-json\/wp\/v2\/pages"}],"about":[{"href":"https:\/\/www.violencequefaire.ch\/ti\/wp-json\/wp\/v2\/types\/page"}],"author":[{"embeddable":true,"href":"https:\/\/www.violencequefaire.ch\/ti\/wp-json\/wp\/v2\/users\/16"}],"replies":[{"embeddable":true,"href":"https:\/\/www.violencequefaire.ch\/ti\/wp-json\/wp\/v2\/comments?post=12003"}],"version-history":[{"count":1,"href":"https:\/\/www.violencequefaire.ch\/ti\/wp-json\/wp\/v2\/pages\/12003\/revisions"}],"predecessor-version":[{"id":12321,"href":"https:\/\/www.violencequefaire.ch\/ti\/wp-json\/wp\/v2\/pages\/12003\/revisions\/12321"}],"wp:attachment":[{"href":"https:\/\/www.violencequefaire.ch\/ti\/wp-json\/wp\/v2\/media?parent=12003"}],"curies":[{"name":"wp","href":"https:\/\/api.w.org\/{rel}","templated":true}]}}