{"id":2676,"date":"2022-04-22T14:36:26","date_gmt":"2022-04-22T12:36:26","guid":{"rendered":"https:\/\/dev-vqf.creatives.com\/?page_id=2676"},"modified":"2023-12-14T11:15:43","modified_gmt":"2023-12-14T10:15:43","slug":"psihicko-nasilje","status":"publish","type":"page","link":"https:\/\/www.violencequefaire.ch\/sr\/nasilje-u-paru-2\/psihicko-nasilje\/","title":{"rendered":"Psihi\u010dko nasilje"},"content":{"rendered":"<div class=\"wpb-content-wrapper\"><p>[vc_row][vc_column]<section class='vqf_section_block'><div class='vqf_container'><div class='vqf_row'><div class='vqf_full_col'><h2>PSIHI\u010cKO NASILJE<\/h2><\/div><\/div><\/div><\/section>[\/vc_column][\/vc_row][vc_row][vc_column]<section class='vqf_section_block block_background'><div class='vqf_container'><div class='vqf_row'><div class='vqf_full_col'><h2>Definicija<\/h2><div class='vqf_fixed_width_text'>U privatnom ili u javnom \u017eivotu<br \/>\nUvrede, nipoda\u0161tavaju\u0107i ili prezirni prigovori, poni\u017eenja, vikanje i psovanje, pretnje, nadzor i kontrola, uznemiravanje, zlostavljanje (posebno \u017eivotinja), lomljenje predmeta u cilju zastra\u0161ivanja partnera\/partnerke.<\/div><\/div><\/div><\/div><\/section>[\/vc_column][\/vc_row]<\/p>\n<\/div>","protected":false},"excerpt":{"rendered":"<p>[vc_row][vc_column][\/vc_column][\/vc_row][vc_row][vc_column][\/vc_column][\/vc_row]<\/p>\n","protected":false},"author":16,"featured_media":0,"parent":2680,"menu_order":0,"comment_status":"closed","ping_status":"closed","template":"","meta":{"_acf_changed":false,"footnotes":""},"class_list":["post-2676","page","type-page","status-publish","hentry"],"acf":[],"yoast_head":"<!-- This site is optimized with the Yoast SEO plugin v27.3 - https:\/\/yoast.com\/product\/yoast-seo-wordpress\/ -->\n<title>Psihi\u010dko nasilje &#8226; Violence que faire ?<\/title>\n<meta name=\"robots\" content=\"index, follow, max-snippet:-1, max-image-preview:large, max-video-preview:-1\" \/>\n<link rel=\"canonical\" href=\"https:\/\/www.violencequefaire.ch\/sr\/nasilje-u-paru-2\/psihicko-nasilje\/\" \/>\n<meta property=\"og:locale\" content=\"sr_RS\" \/>\n<meta property=\"og:type\" content=\"article\" \/>\n<meta property=\"og:title\" content=\"Psihi\u010dko nasilje &#8226; Violence que faire ?\" \/>\n<meta property=\"og:description\" content=\"[vc_row][vc_column][\/vc_column][\/vc_row][vc_row][vc_column][\/vc_column][\/vc_row]\" \/>\n<meta property=\"og:url\" content=\"https:\/\/www.violencequefaire.ch\/sr\/nasilje-u-paru-2\/psihicko-nasilje\/\" \/>\n<meta property=\"og:site_name\" content=\"Violence que faire ?\" \/>\n<meta property=\"article:modified_time\" content=\"2023-12-14T10:15:43+00:00\" \/>\n<meta name=\"twitter:card\" content=\"summary_large_image\" \/>\n<meta name=\"twitter:label1\" content=\"\u041f\u0440\u043e\u0446\u0435\u045a\u0435\u043d\u043e \u0432\u0440\u0435\u043c\u0435 \u0447\u0438\u0442\u0430\u045a\u0430\" \/>\n\t<meta name=\"twitter:data1\" content=\"1 \u043c\u0438\u043d\u0443\u0442\" \/>\n<script type=\"application\/ld+json\" class=\"yoast-schema-graph\">{\"@context\":\"https:\\\/\\\/schema.org\",\"@graph\":[{\"@type\":\"WebPage\",\"@id\":\"https:\\\/\\\/www.violencequefaire.ch\\\/sr\\\/nasilje-u-paru-2\\\/psihicko-nasilje\\\/\",\"url\":\"https:\\\/\\\/www.violencequefaire.ch\\\/sr\\\/nasilje-u-paru-2\\\/psihicko-nasilje\\\/\",\"name\":\"Psihi\u010dko nasilje &#8226; Violence que faire ?\",\"isPartOf\":{\"@id\":\"https:\\\/\\\/www.violencequefaire.ch\\\/sr\\\/#website\"},\"datePublished\":\"2022-04-22T12:36:26+00:00\",\"dateModified\":\"2023-12-14T10:15:43+00:00\",\"breadcrumb\":{\"@id\":\"https:\\\/\\\/www.violencequefaire.ch\\\/sr\\\/nasilje-u-paru-2\\\/psihicko-nasilje\\\/#breadcrumb\"},\"inLanguage\":\"sr-RS\",\"potentialAction\":[{\"@type\":\"ReadAction\",\"target\":[\"https:\\\/\\\/www.violencequefaire.ch\\\/sr\\\/nasilje-u-paru-2\\\/psihicko-nasilje\\\/\"]}]},{\"@type\":\"BreadcrumbList\",\"@id\":\"https:\\\/\\\/www.violencequefaire.ch\\\/sr\\\/nasilje-u-paru-2\\\/psihicko-nasilje\\\/#breadcrumb\",\"itemListElement\":[{\"@type\":\"ListItem\",\"position\":1,\"name\":\"Home\",\"item\":\"https:\\\/\\\/www.violencequefaire.ch\\\/sr\\\/\"},{\"@type\":\"ListItem\",\"position\":2,\"name\":\"Nasilje u paru\",\"item\":\"https:\\\/\\\/www.violencequefaire.ch\\\/sr\\\/?page_id=8\"},{\"@type\":\"ListItem\",\"position\":3,\"name\":\"Psihi\u010dko nasilje\"}]},{\"@type\":\"WebSite\",\"@id\":\"https:\\\/\\\/www.violencequefaire.ch\\\/sr\\\/#website\",\"url\":\"https:\\\/\\\/www.violencequefaire.ch\\\/sr\\\/\",\"name\":\"Violence que faire\",\"description\":\"Des sp\u00e9cialistes r\u00e9pondent personnellement \u00e0 vos questions anonymes sur la violence au sein du couple.\",\"publisher\":{\"@id\":\"https:\\\/\\\/www.violencequefaire.ch\\\/sr\\\/#organization\"},\"alternateName\":\"Violenza Cosa Fare\",\"potentialAction\":[{\"@type\":\"SearchAction\",\"target\":{\"@type\":\"EntryPoint\",\"urlTemplate\":\"https:\\\/\\\/www.violencequefaire.ch\\\/sr\\\/?s={search_term_string}\"},\"query-input\":{\"@type\":\"PropertyValueSpecification\",\"valueRequired\":true,\"valueName\":\"search_term_string\"}}],\"inLanguage\":\"sr-RS\"},{\"@type\":\"Organization\",\"@id\":\"https:\\\/\\\/www.violencequefaire.ch\\\/sr\\\/#organization\",\"name\":\"Violence que faire ?\",\"url\":\"https:\\\/\\\/www.violencequefaire.ch\\\/sr\\\/\",\"logo\":{\"@type\":\"ImageObject\",\"inLanguage\":\"sr-RS\",\"@id\":\"https:\\\/\\\/www.violencequefaire.ch\\\/sr\\\/#\\\/schema\\\/logo\\\/image\\\/\",\"url\":\"https:\\\/\\\/www.violencequefaire.ch\\\/wp-content\\\/uploads\\\/2022\\\/04\\\/VQF_LOGO_neutre.jpg\",\"contentUrl\":\"https:\\\/\\\/www.violencequefaire.ch\\\/wp-content\\\/uploads\\\/2022\\\/04\\\/VQF_LOGO_neutre.jpg\",\"width\":253,\"height\":376,\"caption\":\"Violence que faire ?\"},\"image\":{\"@id\":\"https:\\\/\\\/www.violencequefaire.ch\\\/sr\\\/#\\\/schema\\\/logo\\\/image\\\/\"}}]}<\/script>\n<!-- \/ Yoast SEO plugin. -->","yoast_head_json":{"title":"Psihi\u010dko nasilje &#8226; Violence que faire ?","robots":{"index":"index","follow":"follow","max-snippet":"max-snippet:-1","max-image-preview":"max-image-preview:large","max-video-preview":"max-video-preview:-1"},"canonical":"https:\/\/www.violencequefaire.ch\/sr\/nasilje-u-paru-2\/psihicko-nasilje\/","og_locale":"sr_RS","og_type":"article","og_title":"Psihi\u010dko nasilje &#8226; Violence que faire ?","og_description":"[vc_row][vc_column][\/vc_column][\/vc_row][vc_row][vc_column][\/vc_column][\/vc_row]","og_url":"https:\/\/www.violencequefaire.ch\/sr\/nasilje-u-paru-2\/psihicko-nasilje\/","og_site_name":"Violence que faire ?","article_modified_time":"2023-12-14T10:15:43+00:00","twitter_card":"summary_large_image","twitter_misc":{"\u041f\u0440\u043e\u0446\u0435\u045a\u0435\u043d\u043e \u0432\u0440\u0435\u043c\u0435 \u0447\u0438\u0442\u0430\u045a\u0430":"1 \u043c\u0438\u043d\u0443\u0442"},"schema":{"@context":"https:\/\/schema.org","@graph":[{"@type":"WebPage","@id":"https:\/\/www.violencequefaire.ch\/sr\/nasilje-u-paru-2\/psihicko-nasilje\/","url":"https:\/\/www.violencequefaire.ch\/sr\/nasilje-u-paru-2\/psihicko-nasilje\/","name":"Psihi\u010dko nasilje &#8226; Violence que faire ?","isPartOf":{"@id":"https:\/\/www.violencequefaire.ch\/sr\/#website"},"datePublished":"2022-04-22T12:36:26+00:00","dateModified":"2023-12-14T10:15:43+00:00","breadcrumb":{"@id":"https:\/\/www.violencequefaire.ch\/sr\/nasilje-u-paru-2\/psihicko-nasilje\/#breadcrumb"},"inLanguage":"sr-RS","potentialAction":[{"@type":"ReadAction","target":["https:\/\/www.violencequefaire.ch\/sr\/nasilje-u-paru-2\/psihicko-nasilje\/"]}]},{"@type":"BreadcrumbList","@id":"https:\/\/www.violencequefaire.ch\/sr\/nasilje-u-paru-2\/psihicko-nasilje\/#breadcrumb","itemListElement":[{"@type":"ListItem","position":1,"name":"Home","item":"https:\/\/www.violencequefaire.ch\/sr\/"},{"@type":"ListItem","position":2,"name":"Nasilje u paru","item":"https:\/\/www.violencequefaire.ch\/sr\/?page_id=8"},{"@type":"ListItem","position":3,"name":"Psihi\u010dko nasilje"}]},{"@type":"WebSite","@id":"https:\/\/www.violencequefaire.ch\/sr\/#website","url":"https:\/\/www.violencequefaire.ch\/sr\/","name":"Violence que faire","description":"Des sp\u00e9cialistes r\u00e9pondent personnellement \u00e0 vos questions anonymes sur la violence au sein du couple.","publisher":{"@id":"https:\/\/www.violencequefaire.ch\/sr\/#organization"},"alternateName":"Violenza Cosa Fare","potentialAction":[{"@type":"SearchAction","target":{"@type":"EntryPoint","urlTemplate":"https:\/\/www.violencequefaire.ch\/sr\/?s={search_term_string}"},"query-input":{"@type":"PropertyValueSpecification","valueRequired":true,"valueName":"search_term_string"}}],"inLanguage":"sr-RS"},{"@type":"Organization","@id":"https:\/\/www.violencequefaire.ch\/sr\/#organization","name":"Violence que faire ?","url":"https:\/\/www.violencequefaire.ch\/sr\/","logo":{"@type":"ImageObject","inLanguage":"sr-RS","@id":"https:\/\/www.violencequefaire.ch\/sr\/#\/schema\/logo\/image\/","url":"https:\/\/www.violencequefaire.ch\/wp-content\/uploads\/2022\/04\/VQF_LOGO_neutre.jpg","contentUrl":"https:\/\/www.violencequefaire.ch\/wp-content\/uploads\/2022\/04\/VQF_LOGO_neutre.jpg","width":253,"height":376,"caption":"Violence que faire ?"},"image":{"@id":"https:\/\/www.violencequefaire.ch\/sr\/#\/schema\/logo\/image\/"}}]}},"_links":{"self":[{"href":"https:\/\/www.violencequefaire.ch\/sr\/wp-json\/wp\/v2\/pages\/2676","targetHints":{"allow":["GET"]}}],"collection":[{"href":"https:\/\/www.violencequefaire.ch\/sr\/wp-json\/wp\/v2\/pages"}],"about":[{"href":"https:\/\/www.violencequefaire.ch\/sr\/wp-json\/wp\/v2\/types\/page"}],"author":[{"embeddable":true,"href":"https:\/\/www.violencequefaire.ch\/sr\/wp-json\/wp\/v2\/users\/16"}],"replies":[{"embeddable":true,"href":"https:\/\/www.violencequefaire.ch\/sr\/wp-json\/wp\/v2\/comments?post=2676"}],"version-history":[{"count":3,"href":"https:\/\/www.violencequefaire.ch\/sr\/wp-json\/wp\/v2\/pages\/2676\/revisions"}],"predecessor-version":[{"id":5439,"href":"https:\/\/www.violencequefaire.ch\/sr\/wp-json\/wp\/v2\/pages\/2676\/revisions\/5439"}],"up":[{"embeddable":true,"href":"https:\/\/www.violencequefaire.ch\/sr\/wp-json\/wp\/v2\/pages\/2680"}],"wp:attachment":[{"href":"https:\/\/www.violencequefaire.ch\/sr\/wp-json\/wp\/v2\/media?parent=2676"}],"curies":[{"name":"wp","href":"https:\/\/api.w.org\/{rel}","templated":true}]}}