{"id":2648,"date":"2022-03-25T14:59:01","date_gmt":"2022-03-25T13:59:01","guid":{"rendered":"https:\/\/dev-vqf.creatives.com\/?page_id=2648"},"modified":"2023-12-14T11:13:48","modified_gmt":"2023-12-14T10:13:48","slug":"sta-je-nasilje","status":"publish","type":"page","link":"https:\/\/www.violencequefaire.ch\/sr\/sta-je-nasilje\/","title":{"rendered":"\u0160ta je nasilje?"},"content":{"rendered":"<div class=\"wpb-content-wrapper\"><p>[vc_row][vc_column]<section class='vqf_section_block block_background'><div class='vqf_container'><div class='vqf_row'><div class='vqf_full_col'><h2>SVADJA ILI NASILJE?<\/h2><div class='vqf_fixed_width_text'>Kod ve\u0107ine parova dogadjaju se povremeno prepirke, svadje. Supru\u017enici, partneri, mogu i da se posvadjaju, a da to ne izazove obavezno negativne posledice. Ku\u0107no nasilje (\u201cbra\u010dno nasilje\u201d) \u00a0je ne\u0161to drugo. Ono ima razaraju\u0107e posledice na sve \u010dlanove porodice. Kada se primenjuje nasilje, po\u0161tovanje prema onom drugom i ravnopravnost izmedju partnera nestaju.<\/p>\n<p>Ku\u0107no nasilje je nasilje koje se dogadja u zajednici, bilo da se radi o bra\u010dnij ili vanbra\u010dnoj. Takvo nasilje mo\u017ee da se pojavi na samom po\u010detku veze i stvaranja zajednice, posle vi\u0161e godina zajedni\u010dkog \u017eivota ili u trenutku kada dodje do rastavljanja.<\/div><\/div><\/div><\/div><\/section>[\/vc_column][\/vc_row][vc_row][vc_column]<section class='vqf_section_block media_n_text_block' id=''><div class='vqf_container'><div class='vqf_row'><div class='vqf_full_col'><h2>CIKLUS NASILJA<\/h2><\/div><div class='vqf_fixed_width_text'><p>Nasilje se ispoljava u ciklusima. U ve\u0107ini slu\u010dajeva, vremenom, faze nasilja su sve \u010de\u0161\u0107e a napadi sve ja\u010di i ja\u010di. Ako se ni\u0161ta ne preduzme, ta eskalacija, ja\u010danje nasilja, mo\u017ee da nanese telesne povrede opasne po \u017eivot ili nepopravive, pa \u010dak i da izazove smrt \u017ertve.<\/p><\/div><div class='left_media_block'><div class='media_box'><img src='https:\/\/www.violencequefaire.ch\/wp-content\/uploads\/2022\/05\/Infographie_cycleviolence_EN.jpg'><\/div><\/div><div class='right_text_block'><div class='vqf_text_carousel_with_cta'><div class='owl-carousel owl-theme'><div class='item'><div class='text_item'><h4>1. Napetost raste<\/h4><p>Dolazi do prekida svake komunikacije, partner ili partnerka koji vr\u0161i nasilje ne uspeva da izka\u017ee svoja ose\u0107anja i svoju nesaglasnost, nagomilava u sebi nezadovoljstvo ili, pak, ho\u0107e sve da kotroli\u0161e i odbija svako pregovaranje, dok istovremeno \u017ertva prime\u0107uje znake nasilja i obuzima je strah.<\/p><a href='https:\/\/sitemanager.violencequefaire.ch\/' class='vqf_outline_cta'>postavite svoje pitanje<\/a><\/div><\/div><div class='item'><div class='text_item'><h4>2. Incident s nasiljem<\/h4><p>Nasilnik, partner\/partnerka, se \u00ab prazni \u00bb kroz nasilje koje je sve ja\u010de i ja\u010de. \u017drtva se ose\u0107a kao da je uhva\u0107ena u klopku, zastra\u0161ena je i nemo\u0107na, sklona je da se pridr\u017eava zahteva partnera\/partnerke.<\/p><a href='https:\/\/sitemanager.violencequefaire.ch\/' class='vqf_outline_cta'>postavite svoje pitanje<\/a><\/div><\/div><div class='item'><div class='text_item'><h4>3. Pomirenje<\/h4><p>Partner\/partnerka, koji\/koja vr\u0161i nasilje, se izvinjava, obe\u0107ava da se to vi\u0161e nikada ne\u0107e ponoviti, sve \u010dini da mu\/joj bude opro\u0161teno. \u017drtvu ponovo obuzima nada i ona prihvata izvinjenja. On\/ona umanjuje te\u017einu svojih po\u010dinjenih dela, pravda se, poziva se na spoljne okolnosti (stres, \u2026) ili optu\u017euje samu \u017ertvu za ne\u0161to. \u017drtva sumnja u sebe ili se ose\u0107a krivom, misli da je na njoj da se promeni.<\/p><a href='https:\/\/sitemanager.violencequefaire.ch\/' class='vqf_outline_cta'>postavite svoje pitanje<\/a><\/div><\/div><div class='item'><div class='text_item'><h4>4. Zati\u0161je<\/h4><p>Kriza je zaboravljena, silovitog pona\u0161anja za sada nema, nastupio je period \u00ab medenog meseca \u00bb, ali to ne traje, i ako se ni\u0161ta ne preduzme, spirala nasilja \u0107e se nastaviti.<\/p><a href='https:\/\/sitemanager.violencequefaire.ch\/' class='vqf_outline_cta'>postavite svoje pitanje<\/a><\/div><\/div><\/div><\/div><\/div><\/div><\/div><\/section>[\/vc_column][\/vc_row]<\/p>\n<\/div>","protected":false},"excerpt":{"rendered":"<p>[vc_row][vc_column][\/vc_column][\/vc_row][vc_row][vc_column][\/vc_column][\/vc_row]<\/p>\n","protected":false},"author":16,"featured_media":0,"parent":0,"menu_order":0,"comment_status":"closed","ping_status":"closed","template":"","meta":{"_acf_changed":false,"footnotes":""},"class_list":["post-2648","page","type-page","status-publish","hentry"],"acf":[],"yoast_head":"<!-- This site is optimized with the Yoast SEO plugin v27.3 - https:\/\/yoast.com\/product\/yoast-seo-wordpress\/ -->\n<title>\u0160ta je nasilje? &#8226; Violence que faire ?<\/title>\n<meta name=\"robots\" content=\"index, follow, max-snippet:-1, max-image-preview:large, max-video-preview:-1\" \/>\n<link rel=\"canonical\" href=\"https:\/\/www.violencequefaire.ch\/sr\/sta-je-nasilje\/\" \/>\n<meta property=\"og:locale\" content=\"sr_RS\" \/>\n<meta property=\"og:type\" content=\"article\" \/>\n<meta property=\"og:title\" content=\"\u0160ta je nasilje? &#8226; Violence que faire ?\" \/>\n<meta property=\"og:description\" content=\"[vc_row][vc_column][\/vc_column][\/vc_row][vc_row][vc_column][\/vc_column][\/vc_row]\" \/>\n<meta property=\"og:url\" content=\"https:\/\/www.violencequefaire.ch\/sr\/sta-je-nasilje\/\" \/>\n<meta property=\"og:site_name\" content=\"Violence que faire ?\" \/>\n<meta property=\"article:modified_time\" content=\"2023-12-14T10:13:48+00:00\" \/>\n<meta name=\"twitter:card\" content=\"summary_large_image\" \/>\n<meta name=\"twitter:label1\" content=\"\u041f\u0440\u043e\u0446\u0435\u045a\u0435\u043d\u043e \u0432\u0440\u0435\u043c\u0435 \u0447\u0438\u0442\u0430\u045a\u0430\" \/>\n\t<meta name=\"twitter:data1\" content=\"1 \u043c\u0438\u043d\u0443\u0442\" \/>\n<script type=\"application\/ld+json\" class=\"yoast-schema-graph\">{\"@context\":\"https:\\\/\\\/schema.org\",\"@graph\":[{\"@type\":\"WebPage\",\"@id\":\"https:\\\/\\\/www.violencequefaire.ch\\\/sr\\\/sta-je-nasilje\\\/\",\"url\":\"https:\\\/\\\/www.violencequefaire.ch\\\/sr\\\/sta-je-nasilje\\\/\",\"name\":\"\u0160ta je nasilje? &#8226; Violence que faire ?\",\"isPartOf\":{\"@id\":\"https:\\\/\\\/www.violencequefaire.ch\\\/sr\\\/#website\"},\"datePublished\":\"2022-03-25T13:59:01+00:00\",\"dateModified\":\"2023-12-14T10:13:48+00:00\",\"breadcrumb\":{\"@id\":\"https:\\\/\\\/www.violencequefaire.ch\\\/sr\\\/sta-je-nasilje\\\/#breadcrumb\"},\"inLanguage\":\"sr-RS\",\"potentialAction\":[{\"@type\":\"ReadAction\",\"target\":[\"https:\\\/\\\/www.violencequefaire.ch\\\/sr\\\/sta-je-nasilje\\\/\"]}]},{\"@type\":\"BreadcrumbList\",\"@id\":\"https:\\\/\\\/www.violencequefaire.ch\\\/sr\\\/sta-je-nasilje\\\/#breadcrumb\",\"itemListElement\":[{\"@type\":\"ListItem\",\"position\":1,\"name\":\"Home\",\"item\":\"https:\\\/\\\/www.violencequefaire.ch\\\/sr\\\/\"},{\"@type\":\"ListItem\",\"position\":2,\"name\":\"\u0160ta je nasilje?\"}]},{\"@type\":\"WebSite\",\"@id\":\"https:\\\/\\\/www.violencequefaire.ch\\\/sr\\\/#website\",\"url\":\"https:\\\/\\\/www.violencequefaire.ch\\\/sr\\\/\",\"name\":\"Violence que faire\",\"description\":\"Des sp\u00e9cialistes r\u00e9pondent personnellement \u00e0 vos questions anonymes sur la violence au sein du couple.\",\"publisher\":{\"@id\":\"https:\\\/\\\/www.violencequefaire.ch\\\/sr\\\/#organization\"},\"alternateName\":\"Violenza Cosa Fare\",\"potentialAction\":[{\"@type\":\"SearchAction\",\"target\":{\"@type\":\"EntryPoint\",\"urlTemplate\":\"https:\\\/\\\/www.violencequefaire.ch\\\/sr\\\/?s={search_term_string}\"},\"query-input\":{\"@type\":\"PropertyValueSpecification\",\"valueRequired\":true,\"valueName\":\"search_term_string\"}}],\"inLanguage\":\"sr-RS\"},{\"@type\":\"Organization\",\"@id\":\"https:\\\/\\\/www.violencequefaire.ch\\\/sr\\\/#organization\",\"name\":\"Violence que faire ?\",\"url\":\"https:\\\/\\\/www.violencequefaire.ch\\\/sr\\\/\",\"logo\":{\"@type\":\"ImageObject\",\"inLanguage\":\"sr-RS\",\"@id\":\"https:\\\/\\\/www.violencequefaire.ch\\\/sr\\\/#\\\/schema\\\/logo\\\/image\\\/\",\"url\":\"https:\\\/\\\/www.violencequefaire.ch\\\/wp-content\\\/uploads\\\/2022\\\/04\\\/VQF_LOGO_neutre.jpg\",\"contentUrl\":\"https:\\\/\\\/www.violencequefaire.ch\\\/wp-content\\\/uploads\\\/2022\\\/04\\\/VQF_LOGO_neutre.jpg\",\"width\":253,\"height\":376,\"caption\":\"Violence que faire ?\"},\"image\":{\"@id\":\"https:\\\/\\\/www.violencequefaire.ch\\\/sr\\\/#\\\/schema\\\/logo\\\/image\\\/\"}}]}<\/script>\n<!-- \/ Yoast SEO plugin. -->","yoast_head_json":{"title":"\u0160ta je nasilje? &#8226; Violence que faire ?","robots":{"index":"index","follow":"follow","max-snippet":"max-snippet:-1","max-image-preview":"max-image-preview:large","max-video-preview":"max-video-preview:-1"},"canonical":"https:\/\/www.violencequefaire.ch\/sr\/sta-je-nasilje\/","og_locale":"sr_RS","og_type":"article","og_title":"\u0160ta je nasilje? &#8226; Violence que faire ?","og_description":"[vc_row][vc_column][\/vc_column][\/vc_row][vc_row][vc_column][\/vc_column][\/vc_row]","og_url":"https:\/\/www.violencequefaire.ch\/sr\/sta-je-nasilje\/","og_site_name":"Violence que faire ?","article_modified_time":"2023-12-14T10:13:48+00:00","twitter_card":"summary_large_image","twitter_misc":{"\u041f\u0440\u043e\u0446\u0435\u045a\u0435\u043d\u043e \u0432\u0440\u0435\u043c\u0435 \u0447\u0438\u0442\u0430\u045a\u0430":"1 \u043c\u0438\u043d\u0443\u0442"},"schema":{"@context":"https:\/\/schema.org","@graph":[{"@type":"WebPage","@id":"https:\/\/www.violencequefaire.ch\/sr\/sta-je-nasilje\/","url":"https:\/\/www.violencequefaire.ch\/sr\/sta-je-nasilje\/","name":"\u0160ta je nasilje? &#8226; Violence que faire ?","isPartOf":{"@id":"https:\/\/www.violencequefaire.ch\/sr\/#website"},"datePublished":"2022-03-25T13:59:01+00:00","dateModified":"2023-12-14T10:13:48+00:00","breadcrumb":{"@id":"https:\/\/www.violencequefaire.ch\/sr\/sta-je-nasilje\/#breadcrumb"},"inLanguage":"sr-RS","potentialAction":[{"@type":"ReadAction","target":["https:\/\/www.violencequefaire.ch\/sr\/sta-je-nasilje\/"]}]},{"@type":"BreadcrumbList","@id":"https:\/\/www.violencequefaire.ch\/sr\/sta-je-nasilje\/#breadcrumb","itemListElement":[{"@type":"ListItem","position":1,"name":"Home","item":"https:\/\/www.violencequefaire.ch\/sr\/"},{"@type":"ListItem","position":2,"name":"\u0160ta je nasilje?"}]},{"@type":"WebSite","@id":"https:\/\/www.violencequefaire.ch\/sr\/#website","url":"https:\/\/www.violencequefaire.ch\/sr\/","name":"Violence que faire","description":"Des sp\u00e9cialistes r\u00e9pondent personnellement \u00e0 vos questions anonymes sur la violence au sein du couple.","publisher":{"@id":"https:\/\/www.violencequefaire.ch\/sr\/#organization"},"alternateName":"Violenza Cosa Fare","potentialAction":[{"@type":"SearchAction","target":{"@type":"EntryPoint","urlTemplate":"https:\/\/www.violencequefaire.ch\/sr\/?s={search_term_string}"},"query-input":{"@type":"PropertyValueSpecification","valueRequired":true,"valueName":"search_term_string"}}],"inLanguage":"sr-RS"},{"@type":"Organization","@id":"https:\/\/www.violencequefaire.ch\/sr\/#organization","name":"Violence que faire ?","url":"https:\/\/www.violencequefaire.ch\/sr\/","logo":{"@type":"ImageObject","inLanguage":"sr-RS","@id":"https:\/\/www.violencequefaire.ch\/sr\/#\/schema\/logo\/image\/","url":"https:\/\/www.violencequefaire.ch\/wp-content\/uploads\/2022\/04\/VQF_LOGO_neutre.jpg","contentUrl":"https:\/\/www.violencequefaire.ch\/wp-content\/uploads\/2022\/04\/VQF_LOGO_neutre.jpg","width":253,"height":376,"caption":"Violence que faire ?"},"image":{"@id":"https:\/\/www.violencequefaire.ch\/sr\/#\/schema\/logo\/image\/"}}]}},"_links":{"self":[{"href":"https:\/\/www.violencequefaire.ch\/sr\/wp-json\/wp\/v2\/pages\/2648","targetHints":{"allow":["GET"]}}],"collection":[{"href":"https:\/\/www.violencequefaire.ch\/sr\/wp-json\/wp\/v2\/pages"}],"about":[{"href":"https:\/\/www.violencequefaire.ch\/sr\/wp-json\/wp\/v2\/types\/page"}],"author":[{"embeddable":true,"href":"https:\/\/www.violencequefaire.ch\/sr\/wp-json\/wp\/v2\/users\/16"}],"replies":[{"embeddable":true,"href":"https:\/\/www.violencequefaire.ch\/sr\/wp-json\/wp\/v2\/comments?post=2648"}],"version-history":[{"count":6,"href":"https:\/\/www.violencequefaire.ch\/sr\/wp-json\/wp\/v2\/pages\/2648\/revisions"}],"predecessor-version":[{"id":5437,"href":"https:\/\/www.violencequefaire.ch\/sr\/wp-json\/wp\/v2\/pages\/2648\/revisions\/5437"}],"wp:attachment":[{"href":"https:\/\/www.violencequefaire.ch\/sr\/wp-json\/wp\/v2\/media?parent=2648"}],"curies":[{"name":"wp","href":"https:\/\/api.w.org\/{rel}","templated":true}]}}