{"id":2228,"date":"2022-04-22T15:28:19","date_gmt":"2022-04-22T13:28:19","guid":{"rendered":"https:\/\/dev-vqf.creatives.com\/?page_id=2228"},"modified":"2023-12-13T12:56:01","modified_gmt":"2023-12-13T11:56:01","slug":"bej-nje-pyetje","status":"publish","type":"page","link":"https:\/\/www.violencequefaire.ch\/sq\/bej-nje-pyetje\/","title":{"rendered":"Bej nje pyetje"},"content":{"rendered":"<div class=\"wpb-content-wrapper\"><p>[vc_row][vc_column]<section class='vqf_section_block text_n_media_block block_background'><div class='vqf_container'><div class='vqf_row'><div class='vqf_full_col'><h2>BEJ NJE PYETJE<\/h2><\/div><div><div class='vqf_fixed_width_text'><p>Jeni viktim\u00eb apo autor i dhun\u00ebs, apo njihni dik\u00eb rreth jush q\u00eb ka dhun\u00eb n\u00eb familje? Mos q\u00ebndroni vet\u00ebm me vuajtjet tuaja.<\/p><br \/>\n<p>Ju jetoni nj\u00eb situat\u00eb t\u00eb v\u00ebshtir\u00eb, t\u00eb dhimbshme. Ndiheni t\u00eb vetmuar dhe t\u00eb pafuqish\u00ebm. Keni nj\u00eb pyetje, a ju mungon informacioni, apo thjesht d\u00ebshironi t\u00eb tregoni se \u00e7far\u00eb po kaloni? Profesionist\u00ebt me p\u00ebrvoj\u00eb do t\u2019ju d\u00ebgjojn\u00eb dhe do t\u2019ju p\u00ebrgjigjen n\u00eb k\u00ebt\u00eb faqe.<\/p><br \/>\n<p>Faqja e internetitviolquefaire.ch \u00ebsht\u00eb e vendosur n\u00eb Zvic\u00ebr. Vet\u00ebm p\u00ebrdoruesit e internetit q\u00eb banojn\u00eb n\u00eb Zvic\u00ebr mund t\u00eb marrin nj\u00eb p\u00ebrgjigje t\u00eb personalizuar.<\/p><br \/>\n<p>P\u00ebr t\u00eb gjetur adresa t\u00eb dobishme n\u00eb Franc\u00eb, mund t\u00eb kontaktoni \u201cAssociation Solidarit\u00e9 Femmes\u201d (Shoqata e Solidaritetit t\u00eb Grave), INAVEM ose numrin pa pages\u00eb 3919. P\u00ebr ata q\u00eb kryejn\u00eb dhun\u00eb, FNACAV \u00ebsht\u00eb n\u00eb dispozicion p\u00ebr t\u00eb ndihmuar.<\/p><br \/>\n<p>Rrjeti evropian WAVE \u00ebsht\u00eb gjithashtu i disponuesh\u00ebm p\u00ebr t\u2019ju ndihmuar t\u00eb gjeni informacionin e kontaktit p\u00ebr organizatat af\u00ebr jush q\u00eb mund t\u00eb ofrojn\u00eb ndihm\u00eb konkrete p\u00ebr situat\u00ebn tuaj n\u00ebse d\u00ebshironi.<\/p><\/div><\/div><\/div><div class='vqf_accordion_block'><div class='accordion_item'><div class='accordion_header'><span class='title'>K\u00ebshilla personale<\/span><\/div><div class='accordion_body'><div class='acc_body_inner'><div class='vqf_fixed_width_text'><p>N\u00ebvioletquefaire.ch, ju mund t\u2019i b\u00ebni n\u00eb m\u00ebnyr\u00eb anonime t\u00eb gjitha pyetjet q\u00eb ju shqet\u00ebsojn\u00eb personave t\u00eb specializuar p\u00ebr t\u00eb ndihmuar viktimat dhe autor\u00ebt e dhun\u00ebs n\u00eb familje. P\u00ebrvoja e tyre i lejon ata t\u00eb kuptojn\u00eb kompleksitetin e situat\u00ebs suaj dhe t\u2019ju mb\u00ebshtesin. Do t\u00eb merrni k\u00ebshilla t\u00eb k\u00ebshilluara, t\u00eb p\u00ebrshtatura me kontekstin tuaj t\u00eb ve\u00e7ant\u00eb.<\/p><\/div><\/div><\/div><\/div><div class='accordion_item'><div class='accordion_header'><span class='title'>Situata juaj po merr v\u00ebmendjen m\u00eb t\u00eb madhe<\/span><\/div><div class='accordion_body'><div class='acc_body_inner'><div class='vqf_fixed_width_text'><p>Ju mund t\u00eb mendoni se situata juaj nuk \u00ebsht\u00eb aq e keqe, se duhet t\u2019u lini vend atyre q\u00eb \u201ckan\u00eb nevoj\u00eb v\u00ebrtet\u201d. Dijeni se situata juaj \u00ebsht\u00eb po aq e r\u00ebnd\u00ebsishme sa t\u00eb tjer\u00ebt. Kjo faqe \u00ebsht\u00eb p\u00ebr t\u00eb gjith\u00eb ata q\u00eb jan\u00eb prekur nga dhuna, ne kemi koh\u00eb t\u2019ju kushtojm\u00eb.<\/p><\/div><\/div><\/div><\/div><div class='accordion_item'><div class='accordion_header'><span class='title'>Ju jeni nj\u00eb emigrant n\u00eb Zvic\u00ebr dhe keni nj\u00eb pyetje ligjore<\/span><\/div><div class='accordion_body'><div class='acc_body_inner'><div class='vqf_fixed_width_text'><p>Ju jeni nj\u00eb emigrant zviceran, jetoni me dhun\u00eb n\u00eb \u00e7iftin tuaj dhe d\u00ebshironi nj\u00eb k\u00ebshill\u00eb ligjore? Mos ngurroni t\u00eb na kontaktoni.<\/p><\/div><\/div><\/div><\/div><div class='accordion_item'><div class='accordion_header'><span class='title'>P\u00ebr kantonin e Bern\u00ebs<\/span><\/div><div class='accordion_body'><div class='acc_body_inner'><div class='vqf_fixed_width_text'><p>Qendra Social Protestant (CSP) \u2013 info@csp-beju.ch<br \/>\nP\u00ebr kantonin e Friburgut:<br \/>\nCCSI \/ SOS \u2013 info@ccsi-fr.ch<br \/>\nCaritas \u2013 info@caritas-fr.ch<br \/>\nP\u00ebr kantonin e Gjenev\u00ebs:<br \/>\nQendra Social Protestant (CSP) \u2013 info@csp-ge.ch<br \/>\nP\u00ebr kantonin e Jura:<br \/>\nQendra Social Protestant (CSP) \u2013 consultation@csp-beju.ch<br \/>\nP\u00ebr kantonin e Neuch\u00e2tel:<br \/>\nCaritas \u2013 caritas.neuchatel@ne.ch<br \/>\nP\u00ebr kantonin e Valais:<br \/>\nCenter Suisse \u2013 Immigr\u00e9s \u2013 csivs@bluewin.ch<br \/>\nP\u00ebr kantonin e Vaud:<br \/>\nFraternit\u00e9 du Center Social Protestant (CSP) \u2013 frat@csp-vd.ch<\/p><\/div><\/div><\/div><\/div><div class='accordion_item'><div class='accordion_header'><span class='title'>Si t\u00eb b\u00ebni nj\u00eb pyetje<\/span><\/div><div class='accordion_body'><div class='acc_body_inner'><div class='vqf_fixed_width_text'><p>P\u00ebr t\u00eb b\u00ebr\u00eb nj\u00eb pyetje, thjesht regjistrohuni n\u00eb faqen ton\u00eb me nj\u00eb em\u00ebr p\u00ebrdoruesi dhe fjal\u00ebkalim. Sh\u00ebrbimi \u00ebsht\u00eb falas. N\u00ebse nuk keni ende akses, mund t\u00eb regjistroheni n\u00eb Espace Perso (hap\u00ebsira personale) m\u00eb posht\u00eb. \u00cbsht\u00eb shum\u00eb e thjesht\u00eb dhe shum\u00eb e shpejt\u00eb. M\u00eb pas mund t\u00eb b\u00ebni pyetjen tuaj dhe ne do t\u2019ju p\u00ebrgjigjemi n\u00eb koh\u00ebn m\u00eb t\u00eb mir\u00eb. Zakonisht, koha jon\u00eb e p\u00ebrgjigjes \u00ebsht\u00eb tre dit\u00eb pune, megjithat\u00eb, p\u00ebr pyetje n\u00eb gjuh\u00eb t\u00eb ndryshme nga fr\u00ebngjishtja, mund t\u00eb zgjas\u00eb pak m\u00eb shum\u00eb. P\u00ebr t\u00eb par\u00eb p\u00ebrgjigjen ton\u00eb, duhet t\u00eb identifikoheni n\u00eb llogarin\u00eb tuaj me emrin tuaj t\u00eb p\u00ebrdoruesit dhe m\u00eb pas t\u00eb klikoni n\u00eb \u201cMon compte\u201d (Llogaria ime).<\/p><\/div><\/div><\/div><\/div><div class='accordion_item'><div class='accordion_header'><span class='title'>Ju mund t\u00eb b\u00ebni nj\u00eb pyetje n\u00eb k\u00ebto gjuh\u00eb<\/span><\/div><div class='accordion_body'><div class='acc_body_inner'><div class='vqf_fixed_width_text'><p>Deutsch \u2013 gjermanisht<br \/>\nanglisht \u2013 anglisht<br \/>\n\u0627\u0644\u0644\u063a\u0629 \u0627\u0644\u0639\u0631\u0628\u064a\u0629- Arabisht<br \/>\nEspa\u00f1ol \u2013 spanjisht<br \/>\nItaliano \u2013 italisht<br \/>\nPolski \u2013 polake<br \/>\nportugalisht \u2013 portugalisht<br \/>\nBosanski-hrvatski-srpski \u2013 boshnjakisht \/ kroatisht \/ serbisht<br \/>\nSoomaali \u2013 somalez<br \/>\n\u0ba4\u0bae\u0bbf\u0bb4\u0bcd \u2013 Tamile<br \/>\nT\u00fcrk\u00e7e \u2013 turqisht<\/p><\/div><\/div><\/div><\/div><\/div><\/div><\/section>[\/vc_column][\/vc_row]<\/p>\n<\/div>","protected":false},"excerpt":{"rendered":"<p>[vc_row][vc_column][\/vc_column][\/vc_row]<\/p>\n","protected":false},"author":16,"featured_media":0,"parent":0,"menu_order":0,"comment_status":"closed","ping_status":"closed","template":"","meta":{"_acf_changed":false,"footnotes":""},"class_list":["post-2228","page","type-page","status-publish","hentry"],"acf":[],"yoast_head":"<!-- This site is optimized with the Yoast SEO plugin v27.3 - https:\/\/yoast.com\/product\/yoast-seo-wordpress\/ -->\n<title>Bej nje pyetje &#8226; Violence que faire ?<\/title>\n<meta name=\"robots\" content=\"index, follow, max-snippet:-1, max-image-preview:large, max-video-preview:-1\" \/>\n<link rel=\"canonical\" href=\"https:\/\/www.violencequefaire.ch\/sq\/bej-nje-pyetje\/\" \/>\n<meta property=\"og:locale\" content=\"sq_AL\" \/>\n<meta property=\"og:type\" content=\"article\" \/>\n<meta property=\"og:title\" content=\"Bej nje pyetje &#8226; Violence que faire ?\" \/>\n<meta property=\"og:description\" content=\"[vc_row][vc_column][\/vc_column][\/vc_row]\" \/>\n<meta property=\"og:url\" content=\"https:\/\/www.violencequefaire.ch\/sq\/bej-nje-pyetje\/\" \/>\n<meta property=\"og:site_name\" content=\"Violence que faire ?\" \/>\n<meta property=\"article:modified_time\" content=\"2023-12-13T11:56:01+00:00\" \/>\n<meta name=\"twitter:card\" content=\"summary_large_image\" \/>\n<meta name=\"twitter:label1\" content=\"Est. reading time\" \/>\n\t<meta name=\"twitter:data1\" content=\"1 minute\" \/>\n<script type=\"application\/ld+json\" class=\"yoast-schema-graph\">{\"@context\":\"https:\\\/\\\/schema.org\",\"@graph\":[{\"@type\":\"WebPage\",\"@id\":\"https:\\\/\\\/www.violencequefaire.ch\\\/sq\\\/bej-nje-pyetje\\\/\",\"url\":\"https:\\\/\\\/www.violencequefaire.ch\\\/sq\\\/bej-nje-pyetje\\\/\",\"name\":\"Bej nje pyetje &#8226; Violence que faire ?\",\"isPartOf\":{\"@id\":\"https:\\\/\\\/www.violencequefaire.ch\\\/sq\\\/#website\"},\"datePublished\":\"2022-04-22T13:28:19+00:00\",\"dateModified\":\"2023-12-13T11:56:01+00:00\",\"breadcrumb\":{\"@id\":\"https:\\\/\\\/www.violencequefaire.ch\\\/sq\\\/bej-nje-pyetje\\\/#breadcrumb\"},\"inLanguage\":\"sq-AL\",\"potentialAction\":[{\"@type\":\"ReadAction\",\"target\":[\"https:\\\/\\\/www.violencequefaire.ch\\\/sq\\\/bej-nje-pyetje\\\/\"]}]},{\"@type\":\"BreadcrumbList\",\"@id\":\"https:\\\/\\\/www.violencequefaire.ch\\\/sq\\\/bej-nje-pyetje\\\/#breadcrumb\",\"itemListElement\":[{\"@type\":\"ListItem\",\"position\":1,\"name\":\"Home\",\"item\":\"https:\\\/\\\/www.violencequefaire.ch\\\/sq\\\/\"},{\"@type\":\"ListItem\",\"position\":2,\"name\":\"Bej nje pyetje\"}]},{\"@type\":\"WebSite\",\"@id\":\"https:\\\/\\\/www.violencequefaire.ch\\\/sq\\\/#website\",\"url\":\"https:\\\/\\\/www.violencequefaire.ch\\\/sq\\\/\",\"name\":\"Violence que faire\",\"description\":\"Des sp\u00e9cialistes r\u00e9pondent personnellement \u00e0 vos questions anonymes sur la violence au sein du couple.\",\"publisher\":{\"@id\":\"https:\\\/\\\/www.violencequefaire.ch\\\/sq\\\/#organization\"},\"alternateName\":\"Violenza Cosa Fare\",\"potentialAction\":[{\"@type\":\"SearchAction\",\"target\":{\"@type\":\"EntryPoint\",\"urlTemplate\":\"https:\\\/\\\/www.violencequefaire.ch\\\/sq\\\/?s={search_term_string}\"},\"query-input\":{\"@type\":\"PropertyValueSpecification\",\"valueRequired\":true,\"valueName\":\"search_term_string\"}}],\"inLanguage\":\"sq-AL\"},{\"@type\":\"Organization\",\"@id\":\"https:\\\/\\\/www.violencequefaire.ch\\\/sq\\\/#organization\",\"name\":\"Violence que faire ?\",\"url\":\"https:\\\/\\\/www.violencequefaire.ch\\\/sq\\\/\",\"logo\":{\"@type\":\"ImageObject\",\"inLanguage\":\"sq-AL\",\"@id\":\"https:\\\/\\\/www.violencequefaire.ch\\\/sq\\\/#\\\/schema\\\/logo\\\/image\\\/\",\"url\":\"https:\\\/\\\/www.violencequefaire.ch\\\/wp-content\\\/uploads\\\/2022\\\/04\\\/VQF_LOGO_neutre.jpg\",\"contentUrl\":\"https:\\\/\\\/www.violencequefaire.ch\\\/wp-content\\\/uploads\\\/2022\\\/04\\\/VQF_LOGO_neutre.jpg\",\"width\":253,\"height\":376,\"caption\":\"Violence que faire ?\"},\"image\":{\"@id\":\"https:\\\/\\\/www.violencequefaire.ch\\\/sq\\\/#\\\/schema\\\/logo\\\/image\\\/\"}}]}<\/script>\n<!-- \/ Yoast SEO plugin. -->","yoast_head_json":{"title":"Bej nje pyetje &#8226; Violence que faire ?","robots":{"index":"index","follow":"follow","max-snippet":"max-snippet:-1","max-image-preview":"max-image-preview:large","max-video-preview":"max-video-preview:-1"},"canonical":"https:\/\/www.violencequefaire.ch\/sq\/bej-nje-pyetje\/","og_locale":"sq_AL","og_type":"article","og_title":"Bej nje pyetje &#8226; Violence que faire ?","og_description":"[vc_row][vc_column][\/vc_column][\/vc_row]","og_url":"https:\/\/www.violencequefaire.ch\/sq\/bej-nje-pyetje\/","og_site_name":"Violence que faire ?","article_modified_time":"2023-12-13T11:56:01+00:00","twitter_card":"summary_large_image","twitter_misc":{"Est. reading time":"1 minute"},"schema":{"@context":"https:\/\/schema.org","@graph":[{"@type":"WebPage","@id":"https:\/\/www.violencequefaire.ch\/sq\/bej-nje-pyetje\/","url":"https:\/\/www.violencequefaire.ch\/sq\/bej-nje-pyetje\/","name":"Bej nje pyetje &#8226; Violence que faire ?","isPartOf":{"@id":"https:\/\/www.violencequefaire.ch\/sq\/#website"},"datePublished":"2022-04-22T13:28:19+00:00","dateModified":"2023-12-13T11:56:01+00:00","breadcrumb":{"@id":"https:\/\/www.violencequefaire.ch\/sq\/bej-nje-pyetje\/#breadcrumb"},"inLanguage":"sq-AL","potentialAction":[{"@type":"ReadAction","target":["https:\/\/www.violencequefaire.ch\/sq\/bej-nje-pyetje\/"]}]},{"@type":"BreadcrumbList","@id":"https:\/\/www.violencequefaire.ch\/sq\/bej-nje-pyetje\/#breadcrumb","itemListElement":[{"@type":"ListItem","position":1,"name":"Home","item":"https:\/\/www.violencequefaire.ch\/sq\/"},{"@type":"ListItem","position":2,"name":"Bej nje pyetje"}]},{"@type":"WebSite","@id":"https:\/\/www.violencequefaire.ch\/sq\/#website","url":"https:\/\/www.violencequefaire.ch\/sq\/","name":"Violence que faire","description":"Des sp\u00e9cialistes r\u00e9pondent personnellement \u00e0 vos questions anonymes sur la violence au sein du couple.","publisher":{"@id":"https:\/\/www.violencequefaire.ch\/sq\/#organization"},"alternateName":"Violenza Cosa Fare","potentialAction":[{"@type":"SearchAction","target":{"@type":"EntryPoint","urlTemplate":"https:\/\/www.violencequefaire.ch\/sq\/?s={search_term_string}"},"query-input":{"@type":"PropertyValueSpecification","valueRequired":true,"valueName":"search_term_string"}}],"inLanguage":"sq-AL"},{"@type":"Organization","@id":"https:\/\/www.violencequefaire.ch\/sq\/#organization","name":"Violence que faire ?","url":"https:\/\/www.violencequefaire.ch\/sq\/","logo":{"@type":"ImageObject","inLanguage":"sq-AL","@id":"https:\/\/www.violencequefaire.ch\/sq\/#\/schema\/logo\/image\/","url":"https:\/\/www.violencequefaire.ch\/wp-content\/uploads\/2022\/04\/VQF_LOGO_neutre.jpg","contentUrl":"https:\/\/www.violencequefaire.ch\/wp-content\/uploads\/2022\/04\/VQF_LOGO_neutre.jpg","width":253,"height":376,"caption":"Violence que faire ?"},"image":{"@id":"https:\/\/www.violencequefaire.ch\/sq\/#\/schema\/logo\/image\/"}}]}},"_links":{"self":[{"href":"https:\/\/www.violencequefaire.ch\/sq\/wp-json\/wp\/v2\/pages\/2228","targetHints":{"allow":["GET"]}}],"collection":[{"href":"https:\/\/www.violencequefaire.ch\/sq\/wp-json\/wp\/v2\/pages"}],"about":[{"href":"https:\/\/www.violencequefaire.ch\/sq\/wp-json\/wp\/v2\/types\/page"}],"author":[{"embeddable":true,"href":"https:\/\/www.violencequefaire.ch\/sq\/wp-json\/wp\/v2\/users\/16"}],"replies":[{"embeddable":true,"href":"https:\/\/www.violencequefaire.ch\/sq\/wp-json\/wp\/v2\/comments?post=2228"}],"version-history":[{"count":8,"href":"https:\/\/www.violencequefaire.ch\/sq\/wp-json\/wp\/v2\/pages\/2228\/revisions"}],"predecessor-version":[{"id":5345,"href":"https:\/\/www.violencequefaire.ch\/sq\/wp-json\/wp\/v2\/pages\/2228\/revisions\/5345"}],"wp:attachment":[{"href":"https:\/\/www.violencequefaire.ch\/sq\/wp-json\/wp\/v2\/media?parent=2228"}],"curies":[{"name":"wp","href":"https:\/\/api.w.org\/{rel}","templated":true}]}}