{"id":2162,"date":"2022-03-24T13:23:41","date_gmt":"2022-03-24T12:23:41","guid":{"rendered":"https:\/\/dev-vqf.creatives.com\/?page_id=2162"},"modified":"2022-05-18T09:58:37","modified_gmt":"2022-05-18T07:58:37","slug":"shtepi","status":"publish","type":"page","link":"https:\/\/www.violencequefaire.ch\/sq\/shtepi\/","title":{"rendered":"Sht\u00ebpi"},"content":{"rendered":"<div class=\"wpb-content-wrapper\"><p>[vc_row el_class=&#8221;intro top-0&#8243;][vc_column][vc_row_inner equal_height=&#8221;yes&#8221;][vc_column_inner width=&#8221;7\/12&#8243;][vc_single_image image=&#8221;1243&#8243; img_size=&#8221;full&#8221;][\/vc_column_inner][vc_column_inner width=&#8221;5\/12&#8243;][vc_column_text]<\/p>\n<h2>Nuk \u00ebsht\u00eb kurr\u00eb e drejt\u00eb t\u00eb eksperimentosh apo t\u00eb p\u00ebrdor\u00ebsh dhun\u00eb, pavar\u00ebsisht se kush \u00ebsht\u00eb.<\/h2>\n<p>[\/vc_column_text][\/vc_column_inner][\/vc_row_inner][vc_row_inner equal_height=&#8221;yes&#8221; content_placement=&#8221;bottom&#8221; el_class=&#8221;fonce&#8221;][vc_column_inner width=&#8221;5\/12&#8243;][vc_column_text]<\/p>\n<h2>VIOLENCE QUE FAIRE \u00ebsht\u00eb nj\u00eb shoqat\u00eb q\u00eb synon t\u00eb parandaloj\u00eb dhun\u00ebn n\u00eb familje, dhe ofron k\u00ebshilla dhe mb\u00ebshtetje p\u00ebr t\u00eb gjith\u00eb t\u00eb interesuarit.<\/h2>\n<p>[\/vc_column_text][\/vc_column_inner][vc_column_inner width=&#8221;7\/12&#8243;][vc_single_image image=&#8221;1881&#8243; img_size=&#8221;full&#8221;][\/vc_column_inner][\/vc_row_inner][vc_row_inner el_class=&#8221;top-100&#8243;][vc_column_inner width=&#8221;1\/2&#8243;][\/vc_column_inner][vc_column_inner width=&#8221;1\/2&#8243;][\/vc_column_inner][\/vc_row_inner][\/vc_column][\/vc_row]<\/p>\n<\/div>","protected":false},"excerpt":{"rendered":"<p>[vc_row el_class=&#8221;intro top-0&#8243;][vc_column][vc_row_inner equal_height=&#8221;yes&#8221;][vc_column_inner width=&#8221;7\/12&#8243;][vc_single_image image=&#8221;1243&#8243; img_size=&#8221;full&#8221;][\/vc_column_inner][vc_column_inner width=&#8221;5\/12&#8243;][vc_column_text] Nuk \u00ebsht\u00eb kurr\u00eb e drejt\u00eb t\u00eb eksperimentosh apo t\u00eb p\u00ebrdor\u00ebsh dhun\u00eb, pavar\u00ebsisht se kush \u00ebsht\u00eb. [\/vc_column_text][\/vc_column_inner][\/vc_row_inner][vc_row_inner equal_height=&#8221;yes&#8221; content_placement=&#8221;bottom&#8221; el_class=&#8221;fonce&#8221;][vc_column_inner width=&#8221;5\/12&#8243;][vc_column_text] VIOLENCE QUE [&hellip;]<\/p>\n","protected":false},"author":16,"featured_media":0,"parent":0,"menu_order":0,"comment_status":"closed","ping_status":"closed","template":"","meta":{"_acf_changed":false,"footnotes":""},"class_list":["post-2162","page","type-page","status-publish","hentry"],"acf":[],"yoast_head":"<!-- This site is optimized with the Yoast SEO plugin v27.3 - https:\/\/yoast.com\/product\/yoast-seo-wordpress\/ -->\n<title>Sht\u00ebpi &#8226; Violence que faire ?<\/title>\n<meta name=\"robots\" content=\"index, follow, max-snippet:-1, max-image-preview:large, max-video-preview:-1\" \/>\n<link rel=\"canonical\" href=\"https:\/\/www.violencequefaire.ch\/sq\/shtepi\/\" \/>\n<meta property=\"og:locale\" content=\"sq_AL\" \/>\n<meta property=\"og:type\" content=\"article\" \/>\n<meta property=\"og:title\" content=\"Sht\u00ebpi &#8226; Violence que faire ?\" \/>\n<meta property=\"og:description\" content=\"[vc_row el_class=&#8221;intro top-0&#8243;][vc_column][vc_row_inner equal_height=&#8221;yes&#8221;][vc_column_inner width=&#8221;7\/12&#8243;][vc_single_image image=&#8221;1243&#8243; img_size=&#8221;full&#8221;][\/vc_column_inner][vc_column_inner width=&#8221;5\/12&#8243;][vc_column_text] Nuk \u00ebsht\u00eb kurr\u00eb e drejt\u00eb t\u00eb eksperimentosh apo t\u00eb p\u00ebrdor\u00ebsh dhun\u00eb, pavar\u00ebsisht se kush \u00ebsht\u00eb. [\/vc_column_text][\/vc_column_inner][\/vc_row_inner][vc_row_inner equal_height=&#8221;yes&#8221; content_placement=&#8221;bottom&#8221; el_class=&#8221;fonce&#8221;][vc_column_inner width=&#8221;5\/12&#8243;][vc_column_text] VIOLENCE QUE [&hellip;]\" \/>\n<meta property=\"og:url\" content=\"https:\/\/www.violencequefaire.ch\/sq\/shtepi\/\" \/>\n<meta property=\"og:site_name\" content=\"Violence que faire ?\" \/>\n<meta property=\"article:modified_time\" content=\"2022-05-18T07:58:37+00:00\" \/>\n<meta name=\"twitter:card\" content=\"summary_large_image\" \/>\n<meta name=\"twitter:label1\" content=\"Est. reading time\" \/>\n\t<meta name=\"twitter:data1\" content=\"1 minute\" \/>\n<script type=\"application\/ld+json\" class=\"yoast-schema-graph\">{\"@context\":\"https:\\\/\\\/schema.org\",\"@graph\":[{\"@type\":\"WebPage\",\"@id\":\"https:\\\/\\\/www.violencequefaire.ch\\\/sq\\\/shtepi\\\/\",\"url\":\"https:\\\/\\\/www.violencequefaire.ch\\\/sq\\\/shtepi\\\/\",\"name\":\"Sht\u00ebpi &#8226; Violence que faire ?\",\"isPartOf\":{\"@id\":\"https:\\\/\\\/www.violencequefaire.ch\\\/sq\\\/#website\"},\"datePublished\":\"2022-03-24T12:23:41+00:00\",\"dateModified\":\"2022-05-18T07:58:37+00:00\",\"breadcrumb\":{\"@id\":\"https:\\\/\\\/www.violencequefaire.ch\\\/sq\\\/shtepi\\\/#breadcrumb\"},\"inLanguage\":\"sq-AL\",\"potentialAction\":[{\"@type\":\"ReadAction\",\"target\":[\"https:\\\/\\\/www.violencequefaire.ch\\\/sq\\\/shtepi\\\/\"]}]},{\"@type\":\"BreadcrumbList\",\"@id\":\"https:\\\/\\\/www.violencequefaire.ch\\\/sq\\\/shtepi\\\/#breadcrumb\",\"itemListElement\":[{\"@type\":\"ListItem\",\"position\":1,\"name\":\"Home\",\"item\":\"https:\\\/\\\/www.violencequefaire.ch\\\/sq\\\/\"},{\"@type\":\"ListItem\",\"position\":2,\"name\":\"Sht\u00ebpi\"}]},{\"@type\":\"WebSite\",\"@id\":\"https:\\\/\\\/www.violencequefaire.ch\\\/sq\\\/#website\",\"url\":\"https:\\\/\\\/www.violencequefaire.ch\\\/sq\\\/\",\"name\":\"Violence que faire\",\"description\":\"Des sp\u00e9cialistes r\u00e9pondent personnellement \u00e0 vos questions anonymes sur la violence au sein du couple.\",\"publisher\":{\"@id\":\"https:\\\/\\\/www.violencequefaire.ch\\\/sq\\\/#organization\"},\"alternateName\":\"Violenza Cosa Fare\",\"potentialAction\":[{\"@type\":\"SearchAction\",\"target\":{\"@type\":\"EntryPoint\",\"urlTemplate\":\"https:\\\/\\\/www.violencequefaire.ch\\\/sq\\\/?s={search_term_string}\"},\"query-input\":{\"@type\":\"PropertyValueSpecification\",\"valueRequired\":true,\"valueName\":\"search_term_string\"}}],\"inLanguage\":\"sq-AL\"},{\"@type\":\"Organization\",\"@id\":\"https:\\\/\\\/www.violencequefaire.ch\\\/sq\\\/#organization\",\"name\":\"Violence que faire ?\",\"url\":\"https:\\\/\\\/www.violencequefaire.ch\\\/sq\\\/\",\"logo\":{\"@type\":\"ImageObject\",\"inLanguage\":\"sq-AL\",\"@id\":\"https:\\\/\\\/www.violencequefaire.ch\\\/sq\\\/#\\\/schema\\\/logo\\\/image\\\/\",\"url\":\"https:\\\/\\\/www.violencequefaire.ch\\\/wp-content\\\/uploads\\\/2022\\\/04\\\/VQF_LOGO_neutre.jpg\",\"contentUrl\":\"https:\\\/\\\/www.violencequefaire.ch\\\/wp-content\\\/uploads\\\/2022\\\/04\\\/VQF_LOGO_neutre.jpg\",\"width\":253,\"height\":376,\"caption\":\"Violence que faire ?\"},\"image\":{\"@id\":\"https:\\\/\\\/www.violencequefaire.ch\\\/sq\\\/#\\\/schema\\\/logo\\\/image\\\/\"}}]}<\/script>\n<!-- \/ Yoast SEO plugin. -->","yoast_head_json":{"title":"Sht\u00ebpi &#8226; Violence que faire ?","robots":{"index":"index","follow":"follow","max-snippet":"max-snippet:-1","max-image-preview":"max-image-preview:large","max-video-preview":"max-video-preview:-1"},"canonical":"https:\/\/www.violencequefaire.ch\/sq\/shtepi\/","og_locale":"sq_AL","og_type":"article","og_title":"Sht\u00ebpi &#8226; Violence que faire ?","og_description":"[vc_row el_class=&#8221;intro top-0&#8243;][vc_column][vc_row_inner equal_height=&#8221;yes&#8221;][vc_column_inner width=&#8221;7\/12&#8243;][vc_single_image image=&#8221;1243&#8243; img_size=&#8221;full&#8221;][\/vc_column_inner][vc_column_inner width=&#8221;5\/12&#8243;][vc_column_text] Nuk \u00ebsht\u00eb kurr\u00eb e drejt\u00eb t\u00eb eksperimentosh apo t\u00eb p\u00ebrdor\u00ebsh dhun\u00eb, pavar\u00ebsisht se kush \u00ebsht\u00eb. [\/vc_column_text][\/vc_column_inner][\/vc_row_inner][vc_row_inner equal_height=&#8221;yes&#8221; content_placement=&#8221;bottom&#8221; el_class=&#8221;fonce&#8221;][vc_column_inner width=&#8221;5\/12&#8243;][vc_column_text] VIOLENCE QUE [&hellip;]","og_url":"https:\/\/www.violencequefaire.ch\/sq\/shtepi\/","og_site_name":"Violence que faire ?","article_modified_time":"2022-05-18T07:58:37+00:00","twitter_card":"summary_large_image","twitter_misc":{"Est. reading time":"1 minute"},"schema":{"@context":"https:\/\/schema.org","@graph":[{"@type":"WebPage","@id":"https:\/\/www.violencequefaire.ch\/sq\/shtepi\/","url":"https:\/\/www.violencequefaire.ch\/sq\/shtepi\/","name":"Sht\u00ebpi &#8226; Violence que faire ?","isPartOf":{"@id":"https:\/\/www.violencequefaire.ch\/sq\/#website"},"datePublished":"2022-03-24T12:23:41+00:00","dateModified":"2022-05-18T07:58:37+00:00","breadcrumb":{"@id":"https:\/\/www.violencequefaire.ch\/sq\/shtepi\/#breadcrumb"},"inLanguage":"sq-AL","potentialAction":[{"@type":"ReadAction","target":["https:\/\/www.violencequefaire.ch\/sq\/shtepi\/"]}]},{"@type":"BreadcrumbList","@id":"https:\/\/www.violencequefaire.ch\/sq\/shtepi\/#breadcrumb","itemListElement":[{"@type":"ListItem","position":1,"name":"Home","item":"https:\/\/www.violencequefaire.ch\/sq\/"},{"@type":"ListItem","position":2,"name":"Sht\u00ebpi"}]},{"@type":"WebSite","@id":"https:\/\/www.violencequefaire.ch\/sq\/#website","url":"https:\/\/www.violencequefaire.ch\/sq\/","name":"Violence que faire","description":"Des sp\u00e9cialistes r\u00e9pondent personnellement \u00e0 vos questions anonymes sur la violence au sein du couple.","publisher":{"@id":"https:\/\/www.violencequefaire.ch\/sq\/#organization"},"alternateName":"Violenza Cosa Fare","potentialAction":[{"@type":"SearchAction","target":{"@type":"EntryPoint","urlTemplate":"https:\/\/www.violencequefaire.ch\/sq\/?s={search_term_string}"},"query-input":{"@type":"PropertyValueSpecification","valueRequired":true,"valueName":"search_term_string"}}],"inLanguage":"sq-AL"},{"@type":"Organization","@id":"https:\/\/www.violencequefaire.ch\/sq\/#organization","name":"Violence que faire ?","url":"https:\/\/www.violencequefaire.ch\/sq\/","logo":{"@type":"ImageObject","inLanguage":"sq-AL","@id":"https:\/\/www.violencequefaire.ch\/sq\/#\/schema\/logo\/image\/","url":"https:\/\/www.violencequefaire.ch\/wp-content\/uploads\/2022\/04\/VQF_LOGO_neutre.jpg","contentUrl":"https:\/\/www.violencequefaire.ch\/wp-content\/uploads\/2022\/04\/VQF_LOGO_neutre.jpg","width":253,"height":376,"caption":"Violence que faire ?"},"image":{"@id":"https:\/\/www.violencequefaire.ch\/sq\/#\/schema\/logo\/image\/"}}]}},"_links":{"self":[{"href":"https:\/\/www.violencequefaire.ch\/sq\/wp-json\/wp\/v2\/pages\/2162","targetHints":{"allow":["GET"]}}],"collection":[{"href":"https:\/\/www.violencequefaire.ch\/sq\/wp-json\/wp\/v2\/pages"}],"about":[{"href":"https:\/\/www.violencequefaire.ch\/sq\/wp-json\/wp\/v2\/types\/page"}],"author":[{"embeddable":true,"href":"https:\/\/www.violencequefaire.ch\/sq\/wp-json\/wp\/v2\/users\/16"}],"replies":[{"embeddable":true,"href":"https:\/\/www.violencequefaire.ch\/sq\/wp-json\/wp\/v2\/comments?post=2162"}],"version-history":[{"count":4,"href":"https:\/\/www.violencequefaire.ch\/sq\/wp-json\/wp\/v2\/pages\/2162\/revisions"}],"predecessor-version":[{"id":3323,"href":"https:\/\/www.violencequefaire.ch\/sq\/wp-json\/wp\/v2\/pages\/2162\/revisions\/3323"}],"wp:attachment":[{"href":"https:\/\/www.violencequefaire.ch\/sq\/wp-json\/wp\/v2\/media?parent=2162"}],"curies":[{"name":"wp","href":"https:\/\/api.w.org\/{rel}","templated":true}]}}