{"id":2158,"date":"2022-04-22T14:36:26","date_gmt":"2022-04-22T12:36:26","guid":{"rendered":"https:\/\/dev-vqf.creatives.com\/?page_id=2158"},"modified":"2023-12-13T13:33:18","modified_gmt":"2023-12-13T12:33:18","slug":"dhuna-psikologjike","status":"publish","type":"page","link":"https:\/\/www.violencequefaire.ch\/sq\/dhuna-ne-cift\/dhuna-psikologjike\/","title":{"rendered":"Dhuna psikologjike"},"content":{"rendered":"<div class=\"wpb-content-wrapper\"><p>[vc_row][vc_column]<section class='vqf_section_block'><div class='vqf_container'><div class='vqf_row'><div class='vqf_full_col'><h2>DHUNA PSIKOLOGJIKE<\/h2><\/div><\/div><\/div><\/section>[\/vc_column][\/vc_row][vc_row][vc_column]<section class='vqf_section_block block_background'><div class='vqf_container'><div class='vqf_row'><div class='vqf_full_col'><h2>P\u00ebrkufizimi<\/h2><div class='vqf_fixed_width_text'>N\u00eb ambjente private ose n\u00eb publik<br \/>\nFyerje, fjal\u00eb denigruese apo n\u00ebnvler\u00ebsuese, posht\u00ebrime, klithma, k\u00ebrc\u00ebnime mbik\u00ebqyrje dhe kontroll, ngacmime, keqtrajtim (p\u00ebr shembull i kafsh\u00ebve), thyerje e objekteve me synimin p\u00ebr ta frik\u00ebsuar tjetrin\/tjetr\u00ebn.<\/div><\/div><\/div><\/div><\/section>[\/vc_column][\/vc_row]<\/p>\n<\/div>","protected":false},"excerpt":{"rendered":"<p>[vc_row][vc_column][\/vc_column][\/vc_row][vc_row][vc_column][\/vc_column][\/vc_row]<\/p>\n","protected":false},"author":16,"featured_media":0,"parent":2160,"menu_order":0,"comment_status":"closed","ping_status":"closed","template":"","meta":{"_acf_changed":false,"footnotes":""},"class_list":["post-2158","page","type-page","status-publish","hentry"],"acf":[],"yoast_head":"<!-- This site is optimized with the Yoast SEO plugin v27.3 - https:\/\/yoast.com\/product\/yoast-seo-wordpress\/ -->\n<title>Dhuna psikologjike &#8226; Violence que faire ?<\/title>\n<meta name=\"robots\" content=\"index, follow, max-snippet:-1, max-image-preview:large, max-video-preview:-1\" \/>\n<link rel=\"canonical\" href=\"https:\/\/www.violencequefaire.ch\/sq\/dhuna-ne-cift\/dhuna-psikologjike\/\" \/>\n<meta property=\"og:locale\" content=\"sq_AL\" \/>\n<meta property=\"og:type\" content=\"article\" \/>\n<meta property=\"og:title\" content=\"Dhuna psikologjike &#8226; Violence que faire ?\" \/>\n<meta property=\"og:description\" content=\"[vc_row][vc_column][\/vc_column][\/vc_row][vc_row][vc_column][\/vc_column][\/vc_row]\" \/>\n<meta property=\"og:url\" content=\"https:\/\/www.violencequefaire.ch\/sq\/dhuna-ne-cift\/dhuna-psikologjike\/\" \/>\n<meta property=\"og:site_name\" content=\"Violence que faire ?\" \/>\n<meta property=\"article:modified_time\" content=\"2023-12-13T12:33:18+00:00\" \/>\n<meta name=\"twitter:card\" content=\"summary_large_image\" \/>\n<meta name=\"twitter:label1\" content=\"Est. reading time\" \/>\n\t<meta name=\"twitter:data1\" content=\"1 minute\" \/>\n<script type=\"application\/ld+json\" class=\"yoast-schema-graph\">{\"@context\":\"https:\\\/\\\/schema.org\",\"@graph\":[{\"@type\":\"WebPage\",\"@id\":\"https:\\\/\\\/www.violencequefaire.ch\\\/sq\\\/dhuna-ne-cift\\\/dhuna-psikologjike\\\/\",\"url\":\"https:\\\/\\\/www.violencequefaire.ch\\\/sq\\\/dhuna-ne-cift\\\/dhuna-psikologjike\\\/\",\"name\":\"Dhuna psikologjike &#8226; Violence que faire ?\",\"isPartOf\":{\"@id\":\"https:\\\/\\\/www.violencequefaire.ch\\\/sq\\\/#website\"},\"datePublished\":\"2022-04-22T12:36:26+00:00\",\"dateModified\":\"2023-12-13T12:33:18+00:00\",\"breadcrumb\":{\"@id\":\"https:\\\/\\\/www.violencequefaire.ch\\\/sq\\\/dhuna-ne-cift\\\/dhuna-psikologjike\\\/#breadcrumb\"},\"inLanguage\":\"sq-AL\",\"potentialAction\":[{\"@type\":\"ReadAction\",\"target\":[\"https:\\\/\\\/www.violencequefaire.ch\\\/sq\\\/dhuna-ne-cift\\\/dhuna-psikologjike\\\/\"]}]},{\"@type\":\"BreadcrumbList\",\"@id\":\"https:\\\/\\\/www.violencequefaire.ch\\\/sq\\\/dhuna-ne-cift\\\/dhuna-psikologjike\\\/#breadcrumb\",\"itemListElement\":[{\"@type\":\"ListItem\",\"position\":1,\"name\":\"Home\",\"item\":\"https:\\\/\\\/www.violencequefaire.ch\\\/sq\\\/\"},{\"@type\":\"ListItem\",\"position\":2,\"name\":\"Dhuna n\u00eb \u00e7ift\",\"item\":\"https:\\\/\\\/www.violencequefaire.ch\\\/sq\\\/dhuna-ne-cift\\\/\"},{\"@type\":\"ListItem\",\"position\":3,\"name\":\"Dhuna psikologjike\"}]},{\"@type\":\"WebSite\",\"@id\":\"https:\\\/\\\/www.violencequefaire.ch\\\/sq\\\/#website\",\"url\":\"https:\\\/\\\/www.violencequefaire.ch\\\/sq\\\/\",\"name\":\"Violence que faire\",\"description\":\"Des sp\u00e9cialistes r\u00e9pondent personnellement \u00e0 vos questions anonymes sur la violence au sein du couple.\",\"publisher\":{\"@id\":\"https:\\\/\\\/www.violencequefaire.ch\\\/sq\\\/#organization\"},\"alternateName\":\"Violenza Cosa Fare\",\"potentialAction\":[{\"@type\":\"SearchAction\",\"target\":{\"@type\":\"EntryPoint\",\"urlTemplate\":\"https:\\\/\\\/www.violencequefaire.ch\\\/sq\\\/?s={search_term_string}\"},\"query-input\":{\"@type\":\"PropertyValueSpecification\",\"valueRequired\":true,\"valueName\":\"search_term_string\"}}],\"inLanguage\":\"sq-AL\"},{\"@type\":\"Organization\",\"@id\":\"https:\\\/\\\/www.violencequefaire.ch\\\/sq\\\/#organization\",\"name\":\"Violence que faire ?\",\"url\":\"https:\\\/\\\/www.violencequefaire.ch\\\/sq\\\/\",\"logo\":{\"@type\":\"ImageObject\",\"inLanguage\":\"sq-AL\",\"@id\":\"https:\\\/\\\/www.violencequefaire.ch\\\/sq\\\/#\\\/schema\\\/logo\\\/image\\\/\",\"url\":\"https:\\\/\\\/www.violencequefaire.ch\\\/wp-content\\\/uploads\\\/2022\\\/04\\\/VQF_LOGO_neutre.jpg\",\"contentUrl\":\"https:\\\/\\\/www.violencequefaire.ch\\\/wp-content\\\/uploads\\\/2022\\\/04\\\/VQF_LOGO_neutre.jpg\",\"width\":253,\"height\":376,\"caption\":\"Violence que faire ?\"},\"image\":{\"@id\":\"https:\\\/\\\/www.violencequefaire.ch\\\/sq\\\/#\\\/schema\\\/logo\\\/image\\\/\"}}]}<\/script>\n<!-- \/ Yoast SEO plugin. -->","yoast_head_json":{"title":"Dhuna psikologjike &#8226; Violence que faire ?","robots":{"index":"index","follow":"follow","max-snippet":"max-snippet:-1","max-image-preview":"max-image-preview:large","max-video-preview":"max-video-preview:-1"},"canonical":"https:\/\/www.violencequefaire.ch\/sq\/dhuna-ne-cift\/dhuna-psikologjike\/","og_locale":"sq_AL","og_type":"article","og_title":"Dhuna psikologjike &#8226; Violence que faire ?","og_description":"[vc_row][vc_column][\/vc_column][\/vc_row][vc_row][vc_column][\/vc_column][\/vc_row]","og_url":"https:\/\/www.violencequefaire.ch\/sq\/dhuna-ne-cift\/dhuna-psikologjike\/","og_site_name":"Violence que faire ?","article_modified_time":"2023-12-13T12:33:18+00:00","twitter_card":"summary_large_image","twitter_misc":{"Est. reading time":"1 minute"},"schema":{"@context":"https:\/\/schema.org","@graph":[{"@type":"WebPage","@id":"https:\/\/www.violencequefaire.ch\/sq\/dhuna-ne-cift\/dhuna-psikologjike\/","url":"https:\/\/www.violencequefaire.ch\/sq\/dhuna-ne-cift\/dhuna-psikologjike\/","name":"Dhuna psikologjike &#8226; Violence que faire ?","isPartOf":{"@id":"https:\/\/www.violencequefaire.ch\/sq\/#website"},"datePublished":"2022-04-22T12:36:26+00:00","dateModified":"2023-12-13T12:33:18+00:00","breadcrumb":{"@id":"https:\/\/www.violencequefaire.ch\/sq\/dhuna-ne-cift\/dhuna-psikologjike\/#breadcrumb"},"inLanguage":"sq-AL","potentialAction":[{"@type":"ReadAction","target":["https:\/\/www.violencequefaire.ch\/sq\/dhuna-ne-cift\/dhuna-psikologjike\/"]}]},{"@type":"BreadcrumbList","@id":"https:\/\/www.violencequefaire.ch\/sq\/dhuna-ne-cift\/dhuna-psikologjike\/#breadcrumb","itemListElement":[{"@type":"ListItem","position":1,"name":"Home","item":"https:\/\/www.violencequefaire.ch\/sq\/"},{"@type":"ListItem","position":2,"name":"Dhuna n\u00eb \u00e7ift","item":"https:\/\/www.violencequefaire.ch\/sq\/dhuna-ne-cift\/"},{"@type":"ListItem","position":3,"name":"Dhuna psikologjike"}]},{"@type":"WebSite","@id":"https:\/\/www.violencequefaire.ch\/sq\/#website","url":"https:\/\/www.violencequefaire.ch\/sq\/","name":"Violence que faire","description":"Des sp\u00e9cialistes r\u00e9pondent personnellement \u00e0 vos questions anonymes sur la violence au sein du couple.","publisher":{"@id":"https:\/\/www.violencequefaire.ch\/sq\/#organization"},"alternateName":"Violenza Cosa Fare","potentialAction":[{"@type":"SearchAction","target":{"@type":"EntryPoint","urlTemplate":"https:\/\/www.violencequefaire.ch\/sq\/?s={search_term_string}"},"query-input":{"@type":"PropertyValueSpecification","valueRequired":true,"valueName":"search_term_string"}}],"inLanguage":"sq-AL"},{"@type":"Organization","@id":"https:\/\/www.violencequefaire.ch\/sq\/#organization","name":"Violence que faire ?","url":"https:\/\/www.violencequefaire.ch\/sq\/","logo":{"@type":"ImageObject","inLanguage":"sq-AL","@id":"https:\/\/www.violencequefaire.ch\/sq\/#\/schema\/logo\/image\/","url":"https:\/\/www.violencequefaire.ch\/wp-content\/uploads\/2022\/04\/VQF_LOGO_neutre.jpg","contentUrl":"https:\/\/www.violencequefaire.ch\/wp-content\/uploads\/2022\/04\/VQF_LOGO_neutre.jpg","width":253,"height":376,"caption":"Violence que faire ?"},"image":{"@id":"https:\/\/www.violencequefaire.ch\/sq\/#\/schema\/logo\/image\/"}}]}},"_links":{"self":[{"href":"https:\/\/www.violencequefaire.ch\/sq\/wp-json\/wp\/v2\/pages\/2158","targetHints":{"allow":["GET"]}}],"collection":[{"href":"https:\/\/www.violencequefaire.ch\/sq\/wp-json\/wp\/v2\/pages"}],"about":[{"href":"https:\/\/www.violencequefaire.ch\/sq\/wp-json\/wp\/v2\/types\/page"}],"author":[{"embeddable":true,"href":"https:\/\/www.violencequefaire.ch\/sq\/wp-json\/wp\/v2\/users\/16"}],"replies":[{"embeddable":true,"href":"https:\/\/www.violencequefaire.ch\/sq\/wp-json\/wp\/v2\/comments?post=2158"}],"version-history":[{"count":4,"href":"https:\/\/www.violencequefaire.ch\/sq\/wp-json\/wp\/v2\/pages\/2158\/revisions"}],"predecessor-version":[{"id":5362,"href":"https:\/\/www.violencequefaire.ch\/sq\/wp-json\/wp\/v2\/pages\/2158\/revisions\/5362"}],"up":[{"embeddable":true,"href":"https:\/\/www.violencequefaire.ch\/sq\/wp-json\/wp\/v2\/pages\/2160"}],"wp:attachment":[{"href":"https:\/\/www.violencequefaire.ch\/sq\/wp-json\/wp\/v2\/media?parent=2158"}],"curies":[{"name":"wp","href":"https:\/\/api.w.org\/{rel}","templated":true}]}}