{"id":2209,"date":"2022-03-25T15:04:14","date_gmt":"2022-03-25T14:04:14","guid":{"rendered":"https:\/\/dev-vqf.creatives.com\/?page_id=2209"},"modified":"2023-12-14T11:57:01","modified_gmt":"2023-12-14T10:57:01","slug":"awood-ku-dhibaateyn-dhaqaalaha","status":"publish","type":"page","link":"https:\/\/www.violencequefaire.ch\/so\/awood-ku-dhibaateyn-dhaqaalaha\/","title":{"rendered":"Awood ku dhibaateyn dhaqaalaha"},"content":{"rendered":"<div class=\"wpb-content-wrapper\"><p>[vc_row][vc_column]<section class='vqf_section_block'><div class='vqf_container'><div class='vqf_row'><div class='vqf_full_col'><h2>AWOOD KU DHIBAATEYN DHAQAALAHA<\/h2><\/div><\/div><\/div><\/section>[\/vc_column][\/vc_row][vc_row][vc_column]<section class='vqf_section_block block_background'><div class='vqf_container'><div class='vqf_row'><div class='vqf_full_col'><h2>Qeexid<\/h2><div class='vqf_fixed_width_text'>Haduu qofka la dhibaateynaayo uu mushaarle yahay, la yareeyo ama la baabi\u2019iyo awooda dhaqaale, in la ilaaliyo lacagta lagu noolyahay, in aan laga qeyb qaadan qarashka, in hantida la qaato iyadoo aan la weydiisan, in lagu qasbo qofka inuu shaqa ka tago.<\/p>\n<p>Hadii qofka la dhibaateynaayo uunan mushaarle aheyn, in loo qorsheeye, la siiyo lacag aan guriga ku filneen, in lagu qasbo iney lacagta hal hal uga tuugto, in taano walbo lagu la xisaabtamo waxa eysoogado, in laga hor istaago in ey shaqeysato.<\/div><\/div><\/div><\/div><\/section>[\/vc_column][\/vc_row]<\/p>\n<\/div>","protected":false},"excerpt":{"rendered":"<p>[vc_row][vc_column][\/vc_column][\/vc_row][vc_row][vc_column][\/vc_column][\/vc_row]<\/p>\n","protected":false},"author":16,"featured_media":0,"parent":0,"menu_order":0,"comment_status":"closed","ping_status":"closed","template":"templates\/Economique.php","meta":{"_acf_changed":false,"footnotes":""},"class_list":["post-2209","page","type-page","status-publish","hentry"],"acf":[],"yoast_head":"<!-- This site is optimized with the Yoast SEO plugin v27.3 - https:\/\/yoast.com\/product\/yoast-seo-wordpress\/ -->\n<title>Awood ku dhibaateyn dhaqaalaha &#8226; Violence que faire ?<\/title>\n<meta name=\"robots\" content=\"index, follow, max-snippet:-1, max-image-preview:large, max-video-preview:-1\" \/>\n<link rel=\"canonical\" href=\"https:\/\/www.violencequefaire.ch\/so\/awood-ku-dhibaateyn-dhaqaalaha\/\" \/>\n<meta property=\"og:locale\" content=\"so_SO\" \/>\n<meta property=\"og:type\" content=\"article\" \/>\n<meta property=\"og:title\" content=\"Awood ku dhibaateyn dhaqaalaha &#8226; Violence que faire ?\" \/>\n<meta property=\"og:description\" content=\"[vc_row][vc_column][\/vc_column][\/vc_row][vc_row][vc_column][\/vc_column][\/vc_row]\" \/>\n<meta property=\"og:url\" content=\"https:\/\/www.violencequefaire.ch\/so\/awood-ku-dhibaateyn-dhaqaalaha\/\" \/>\n<meta property=\"og:site_name\" content=\"Violence que faire ?\" \/>\n<meta property=\"article:modified_time\" content=\"2023-12-14T10:57:01+00:00\" \/>\n<meta name=\"twitter:card\" content=\"summary_large_image\" \/>\n<meta name=\"twitter:label1\" content=\"Est. reading time\" \/>\n\t<meta name=\"twitter:data1\" content=\"1 minute\" \/>\n<script type=\"application\/ld+json\" class=\"yoast-schema-graph\">{\"@context\":\"https:\\\/\\\/schema.org\",\"@graph\":[{\"@type\":\"WebPage\",\"@id\":\"https:\\\/\\\/www.violencequefaire.ch\\\/so\\\/awood-ku-dhibaateyn-dhaqaalaha\\\/\",\"url\":\"https:\\\/\\\/www.violencequefaire.ch\\\/so\\\/awood-ku-dhibaateyn-dhaqaalaha\\\/\",\"name\":\"Awood ku dhibaateyn dhaqaalaha &#8226; Violence que faire ?\",\"isPartOf\":{\"@id\":\"https:\\\/\\\/www.violencequefaire.ch\\\/so\\\/#website\"},\"datePublished\":\"2022-03-25T14:04:14+00:00\",\"dateModified\":\"2023-12-14T10:57:01+00:00\",\"breadcrumb\":{\"@id\":\"https:\\\/\\\/www.violencequefaire.ch\\\/so\\\/awood-ku-dhibaateyn-dhaqaalaha\\\/#breadcrumb\"},\"inLanguage\":\"so-SO\",\"potentialAction\":[{\"@type\":\"ReadAction\",\"target\":[\"https:\\\/\\\/www.violencequefaire.ch\\\/so\\\/awood-ku-dhibaateyn-dhaqaalaha\\\/\"]}]},{\"@type\":\"BreadcrumbList\",\"@id\":\"https:\\\/\\\/www.violencequefaire.ch\\\/so\\\/awood-ku-dhibaateyn-dhaqaalaha\\\/#breadcrumb\",\"itemListElement\":[{\"@type\":\"ListItem\",\"position\":1,\"name\":\"Home\",\"item\":\"https:\\\/\\\/www.violencequefaire.ch\\\/so\\\/\"},{\"@type\":\"ListItem\",\"position\":2,\"name\":\"Awood ku dhibaateyn dhaqaalaha\"}]},{\"@type\":\"WebSite\",\"@id\":\"https:\\\/\\\/www.violencequefaire.ch\\\/so\\\/#website\",\"url\":\"https:\\\/\\\/www.violencequefaire.ch\\\/so\\\/\",\"name\":\"Violence que faire\",\"description\":\"Des sp\u00e9cialistes r\u00e9pondent personnellement \u00e0 vos questions anonymes sur la violence au sein du couple.\",\"publisher\":{\"@id\":\"https:\\\/\\\/www.violencequefaire.ch\\\/so\\\/#organization\"},\"alternateName\":\"Violenza Cosa Fare\",\"potentialAction\":[{\"@type\":\"SearchAction\",\"target\":{\"@type\":\"EntryPoint\",\"urlTemplate\":\"https:\\\/\\\/www.violencequefaire.ch\\\/so\\\/?s={search_term_string}\"},\"query-input\":{\"@type\":\"PropertyValueSpecification\",\"valueRequired\":true,\"valueName\":\"search_term_string\"}}],\"inLanguage\":\"so-SO\"},{\"@type\":\"Organization\",\"@id\":\"https:\\\/\\\/www.violencequefaire.ch\\\/so\\\/#organization\",\"name\":\"Violence que faire ?\",\"url\":\"https:\\\/\\\/www.violencequefaire.ch\\\/so\\\/\",\"logo\":{\"@type\":\"ImageObject\",\"inLanguage\":\"so-SO\",\"@id\":\"https:\\\/\\\/www.violencequefaire.ch\\\/so\\\/#\\\/schema\\\/logo\\\/image\\\/\",\"url\":\"https:\\\/\\\/www.violencequefaire.ch\\\/wp-content\\\/uploads\\\/2022\\\/04\\\/VQF_LOGO_neutre.jpg\",\"contentUrl\":\"https:\\\/\\\/www.violencequefaire.ch\\\/wp-content\\\/uploads\\\/2022\\\/04\\\/VQF_LOGO_neutre.jpg\",\"width\":253,\"height\":376,\"caption\":\"Violence que faire ?\"},\"image\":{\"@id\":\"https:\\\/\\\/www.violencequefaire.ch\\\/so\\\/#\\\/schema\\\/logo\\\/image\\\/\"}}]}<\/script>\n<!-- \/ Yoast SEO plugin. -->","yoast_head_json":{"title":"Awood ku dhibaateyn dhaqaalaha &#8226; Violence que faire ?","robots":{"index":"index","follow":"follow","max-snippet":"max-snippet:-1","max-image-preview":"max-image-preview:large","max-video-preview":"max-video-preview:-1"},"canonical":"https:\/\/www.violencequefaire.ch\/so\/awood-ku-dhibaateyn-dhaqaalaha\/","og_locale":"so_SO","og_type":"article","og_title":"Awood ku dhibaateyn dhaqaalaha &#8226; Violence que faire ?","og_description":"[vc_row][vc_column][\/vc_column][\/vc_row][vc_row][vc_column][\/vc_column][\/vc_row]","og_url":"https:\/\/www.violencequefaire.ch\/so\/awood-ku-dhibaateyn-dhaqaalaha\/","og_site_name":"Violence que faire ?","article_modified_time":"2023-12-14T10:57:01+00:00","twitter_card":"summary_large_image","twitter_misc":{"Est. reading time":"1 minute"},"schema":{"@context":"https:\/\/schema.org","@graph":[{"@type":"WebPage","@id":"https:\/\/www.violencequefaire.ch\/so\/awood-ku-dhibaateyn-dhaqaalaha\/","url":"https:\/\/www.violencequefaire.ch\/so\/awood-ku-dhibaateyn-dhaqaalaha\/","name":"Awood ku dhibaateyn dhaqaalaha &#8226; Violence que faire ?","isPartOf":{"@id":"https:\/\/www.violencequefaire.ch\/so\/#website"},"datePublished":"2022-03-25T14:04:14+00:00","dateModified":"2023-12-14T10:57:01+00:00","breadcrumb":{"@id":"https:\/\/www.violencequefaire.ch\/so\/awood-ku-dhibaateyn-dhaqaalaha\/#breadcrumb"},"inLanguage":"so-SO","potentialAction":[{"@type":"ReadAction","target":["https:\/\/www.violencequefaire.ch\/so\/awood-ku-dhibaateyn-dhaqaalaha\/"]}]},{"@type":"BreadcrumbList","@id":"https:\/\/www.violencequefaire.ch\/so\/awood-ku-dhibaateyn-dhaqaalaha\/#breadcrumb","itemListElement":[{"@type":"ListItem","position":1,"name":"Home","item":"https:\/\/www.violencequefaire.ch\/so\/"},{"@type":"ListItem","position":2,"name":"Awood ku dhibaateyn dhaqaalaha"}]},{"@type":"WebSite","@id":"https:\/\/www.violencequefaire.ch\/so\/#website","url":"https:\/\/www.violencequefaire.ch\/so\/","name":"Violence que faire","description":"Des sp\u00e9cialistes r\u00e9pondent personnellement \u00e0 vos questions anonymes sur la violence au sein du couple.","publisher":{"@id":"https:\/\/www.violencequefaire.ch\/so\/#organization"},"alternateName":"Violenza Cosa Fare","potentialAction":[{"@type":"SearchAction","target":{"@type":"EntryPoint","urlTemplate":"https:\/\/www.violencequefaire.ch\/so\/?s={search_term_string}"},"query-input":{"@type":"PropertyValueSpecification","valueRequired":true,"valueName":"search_term_string"}}],"inLanguage":"so-SO"},{"@type":"Organization","@id":"https:\/\/www.violencequefaire.ch\/so\/#organization","name":"Violence que faire ?","url":"https:\/\/www.violencequefaire.ch\/so\/","logo":{"@type":"ImageObject","inLanguage":"so-SO","@id":"https:\/\/www.violencequefaire.ch\/so\/#\/schema\/logo\/image\/","url":"https:\/\/www.violencequefaire.ch\/wp-content\/uploads\/2022\/04\/VQF_LOGO_neutre.jpg","contentUrl":"https:\/\/www.violencequefaire.ch\/wp-content\/uploads\/2022\/04\/VQF_LOGO_neutre.jpg","width":253,"height":376,"caption":"Violence que faire ?"},"image":{"@id":"https:\/\/www.violencequefaire.ch\/so\/#\/schema\/logo\/image\/"}}]}},"_links":{"self":[{"href":"https:\/\/www.violencequefaire.ch\/so\/wp-json\/wp\/v2\/pages\/2209","targetHints":{"allow":["GET"]}}],"collection":[{"href":"https:\/\/www.violencequefaire.ch\/so\/wp-json\/wp\/v2\/pages"}],"about":[{"href":"https:\/\/www.violencequefaire.ch\/so\/wp-json\/wp\/v2\/types\/page"}],"author":[{"embeddable":true,"href":"https:\/\/www.violencequefaire.ch\/so\/wp-json\/wp\/v2\/users\/16"}],"replies":[{"embeddable":true,"href":"https:\/\/www.violencequefaire.ch\/so\/wp-json\/wp\/v2\/comments?post=2209"}],"version-history":[{"count":14,"href":"https:\/\/www.violencequefaire.ch\/so\/wp-json\/wp\/v2\/pages\/2209\/revisions"}],"predecessor-version":[{"id":5451,"href":"https:\/\/www.violencequefaire.ch\/so\/wp-json\/wp\/v2\/pages\/2209\/revisions\/5451"}],"wp:attachment":[{"href":"https:\/\/www.violencequefaire.ch\/so\/wp-json\/wp\/v2\/media?parent=2209"}],"curies":[{"name":"wp","href":"https:\/\/api.w.org\/{rel}","templated":true}]}}