{"id":2192,"date":"2022-03-25T15:03:20","date_gmt":"2022-03-25T14:03:20","guid":{"rendered":"https:\/\/dev-vqf.creatives.com\/?page_id=2192"},"modified":"2023-12-14T12:01:12","modified_gmt":"2023-12-14T11:01:12","slug":"waxaad-tahay-soo-galooti-ku-sugan-switzerland-waxaanad-qabtaa-suaal-sharci","status":"publish","type":"page","link":"https:\/\/www.violencequefaire.ch\/so\/waxaad-tahay-soo-galooti-ku-sugan-switzerland-waxaanad-qabtaa-suaal-sharci\/","title":{"rendered":"Waxaad tahay soo galooti ku sugan Switzerland, waxaanad qabtaa su&#8217;aal sharci"},"content":{"rendered":"<div class=\"wpb-content-wrapper\"><p>[vc_row][vc_column]<section class='vqf_section_block'><div class='vqf_container'><div class='vqf_row'><div class='vqf_full_col'><h2>WAXAAD TAHAY SOO GALOOTI KU SUGAN SWITZERLAND, WAXAANAD QABTAA SU\u2019AAL SHARCI<\/h2><\/div><\/div><\/div><\/section>[\/vc_column][\/vc_row][vc_row][vc_column]<section class='vqf_section_block block_background'><div class='vqf_container'><div class='vqf_row'><div class='vqf_full_col'><h2>Qeexid<\/h2><div class='vqf_fixed_width_text'>Matahay qof Iswiiska soo galay, Makula nooshahay xaaskaaga awood isku dhibaateyn mana isweydiineysaa su\u2019aalo xagga sharciga ah\u00a0? Shaki la\u2019aan la xiriira\u00a0:<\/p>\n<ul class=\"contact-juridiques-immigre\">\n<li>Gobalka Berne:<br \/>\n<a href=\"https:\/\/csp.ch\/berne-jura\/\" target=\"_blanc\" rel=\"noopener\">Le Centre social protestant (CSP)<\/a><a href=\"mailto:info@%63%73p-bej%75%2ech\">\u00a0\u2013\u00a0<\/a><a href=\"mailto:info@%63%73p-bej%75%2ech\">info@csp-beju.ch<\/a><\/li>\n<li>Gobalka Fribourg:<br \/>\n<a href=\"http:\/\/ccsi-fr.ch\/fr_FR\/\" target=\"_blanc\" rel=\"noopener\">Le CCSI\/SOS<\/a>\u00a0\u2013\u00a0<a href=\"mailto:i%6ef%6f@cc%73%69-%66r%2ec%68\">info@ccsi-fr.ch<\/a><br \/>\n<a href=\"http:\/\/www.caritas-fribourg.ch\/nous-trouver\" target=\"_blanc\" rel=\"noopener\">Caritas<\/a><a href=\"http:\/\/ccsi-fr.ch\/fr_FR\/\" target=\"_blanc\" rel=\"noopener\">\u00a0\u2013\u00a0<\/a><a href=\"mailto:info@%63a%72i%74as-%66r%2ech\">info@caritas-fr.ch<\/a><\/li>\n<li>Gobalka Gen\u00e8ve:<br \/>\n<a href=\"https:\/\/csp.ch\/geneve\/\" target=\"_blanc\" rel=\"noopener\">Le Centre social protestant (CSP)<\/a>\u00a0\u2013\u00a0<a href=\"mailto:info@cs%70-%67e%2ech\">info@csp-ge.ch<\/a><\/li>\n<li>Gobalka Jura:<br \/>\n<a href=\"https:\/\/csp.ch\/berne-jura\/\" target=\"_blanc\" rel=\"noopener\">Le Centre social protestant (CSP)<\/a>\u00a0\u2013\u00a0<a href=\"mailto:%63onsultati%6fn@csp-b%65%6au%2ech\">consultation@csp-beju.ch<\/a><\/li>\n<li>Gobalka Neuch\u00e2tel:<br \/>\n<a href=\"https:\/\/www.caritas-neuchatel.ch\/contact\" target=\"_blanc\" rel=\"noopener\">Caritas<\/a>\u00a0\u2013\u00a0<a href=\"mailto:c%61ritas.n%65%75c%68a%74el@%6ee%2ech\">caritas.neuchatel@ne.ch<\/a><\/li>\n<li>Gobalka Valais:<br \/>\n<a href=\"http:\/\/www.csivs.ch\/permanence-juridique-et-sociale\" target=\"_blanc\" rel=\"noopener\">Le Centre social protestant (CSP)<\/a>\u00a0\u2013\u00a0<a href=\"mailto:c%61ritas.n%65%75c%68a%74el@%6ee%2ech\">caritas.neuchatel@ne.ch<\/a><\/li>\n<li>Gobalka Vaud:<br \/>\n<a href=\"https:\/\/csp.ch\/vaud\/services\/questions-de-migration\/\" target=\"_blanc\" rel=\"noopener\">La Fraternit\u00e9 du Centre social protestant (CSP)\u00a0<\/a>\u00a0\u2013\u00a0<a href=\"mailto:%66%72at@c%73%70%2dvd%2ec%68\">frat@csp-vd.ch<\/a><\/li>\n<\/ul>\n<p><\/div><\/div><\/div><\/div><\/section>[\/vc_column][\/vc_row]<\/p>\n<\/div>","protected":false},"excerpt":{"rendered":"<p>[vc_row][vc_column][\/vc_column][\/vc_row][vc_row][vc_column][\/vc_column][\/vc_row]<\/p>\n","protected":false},"author":16,"featured_media":0,"parent":0,"menu_order":0,"comment_status":"closed","ping_status":"closed","template":"templates\/psychologique.php","meta":{"_acf_changed":false,"footnotes":""},"class_list":["post-2192","page","type-page","status-publish","hentry"],"acf":[],"yoast_head":"<!-- This site is optimized with the Yoast SEO plugin v27.3 - https:\/\/yoast.com\/product\/yoast-seo-wordpress\/ -->\n<title>Waxaad tahay soo galooti ku sugan Switzerland, waxaanad qabtaa su&#039;aal sharci &#8226; Violence que faire ?<\/title>\n<meta name=\"robots\" content=\"index, follow, max-snippet:-1, max-image-preview:large, max-video-preview:-1\" \/>\n<link rel=\"canonical\" href=\"https:\/\/www.violencequefaire.ch\/so\/waxaad-tahay-soo-galooti-ku-sugan-switzerland-waxaanad-qabtaa-suaal-sharci\/\" \/>\n<meta property=\"og:locale\" content=\"so_SO\" \/>\n<meta property=\"og:type\" content=\"article\" \/>\n<meta property=\"og:title\" content=\"Waxaad tahay soo galooti ku sugan Switzerland, waxaanad qabtaa su&#039;aal sharci &#8226; Violence que faire ?\" \/>\n<meta property=\"og:description\" content=\"[vc_row][vc_column][\/vc_column][\/vc_row][vc_row][vc_column][\/vc_column][\/vc_row]\" \/>\n<meta property=\"og:url\" content=\"https:\/\/www.violencequefaire.ch\/so\/waxaad-tahay-soo-galooti-ku-sugan-switzerland-waxaanad-qabtaa-suaal-sharci\/\" \/>\n<meta property=\"og:site_name\" content=\"Violence que faire ?\" \/>\n<meta property=\"article:modified_time\" content=\"2023-12-14T11:01:12+00:00\" \/>\n<meta name=\"twitter:card\" content=\"summary_large_image\" \/>\n<meta name=\"twitter:label1\" content=\"Est. reading time\" \/>\n\t<meta name=\"twitter:data1\" content=\"1 minute\" \/>\n<script type=\"application\/ld+json\" class=\"yoast-schema-graph\">{\"@context\":\"https:\\\/\\\/schema.org\",\"@graph\":[{\"@type\":\"WebPage\",\"@id\":\"https:\\\/\\\/www.violencequefaire.ch\\\/so\\\/waxaad-tahay-soo-galooti-ku-sugan-switzerland-waxaanad-qabtaa-suaal-sharci\\\/\",\"url\":\"https:\\\/\\\/www.violencequefaire.ch\\\/so\\\/waxaad-tahay-soo-galooti-ku-sugan-switzerland-waxaanad-qabtaa-suaal-sharci\\\/\",\"name\":\"Waxaad tahay soo galooti ku sugan Switzerland, waxaanad qabtaa su'aal sharci &#8226; Violence que faire ?\",\"isPartOf\":{\"@id\":\"https:\\\/\\\/www.violencequefaire.ch\\\/so\\\/#website\"},\"datePublished\":\"2022-03-25T14:03:20+00:00\",\"dateModified\":\"2023-12-14T11:01:12+00:00\",\"breadcrumb\":{\"@id\":\"https:\\\/\\\/www.violencequefaire.ch\\\/so\\\/waxaad-tahay-soo-galooti-ku-sugan-switzerland-waxaanad-qabtaa-suaal-sharci\\\/#breadcrumb\"},\"inLanguage\":\"so-SO\",\"potentialAction\":[{\"@type\":\"ReadAction\",\"target\":[\"https:\\\/\\\/www.violencequefaire.ch\\\/so\\\/waxaad-tahay-soo-galooti-ku-sugan-switzerland-waxaanad-qabtaa-suaal-sharci\\\/\"]}]},{\"@type\":\"BreadcrumbList\",\"@id\":\"https:\\\/\\\/www.violencequefaire.ch\\\/so\\\/waxaad-tahay-soo-galooti-ku-sugan-switzerland-waxaanad-qabtaa-suaal-sharci\\\/#breadcrumb\",\"itemListElement\":[{\"@type\":\"ListItem\",\"position\":1,\"name\":\"Home\",\"item\":\"https:\\\/\\\/www.violencequefaire.ch\\\/so\\\/\"},{\"@type\":\"ListItem\",\"position\":2,\"name\":\"Waxaad tahay soo galooti ku sugan Switzerland, waxaanad qabtaa su&rsquo;aal sharci\"}]},{\"@type\":\"WebSite\",\"@id\":\"https:\\\/\\\/www.violencequefaire.ch\\\/so\\\/#website\",\"url\":\"https:\\\/\\\/www.violencequefaire.ch\\\/so\\\/\",\"name\":\"Violence que faire\",\"description\":\"Des sp\u00e9cialistes r\u00e9pondent personnellement \u00e0 vos questions anonymes sur la violence au sein du couple.\",\"publisher\":{\"@id\":\"https:\\\/\\\/www.violencequefaire.ch\\\/so\\\/#organization\"},\"alternateName\":\"Violenza Cosa Fare\",\"potentialAction\":[{\"@type\":\"SearchAction\",\"target\":{\"@type\":\"EntryPoint\",\"urlTemplate\":\"https:\\\/\\\/www.violencequefaire.ch\\\/so\\\/?s={search_term_string}\"},\"query-input\":{\"@type\":\"PropertyValueSpecification\",\"valueRequired\":true,\"valueName\":\"search_term_string\"}}],\"inLanguage\":\"so-SO\"},{\"@type\":\"Organization\",\"@id\":\"https:\\\/\\\/www.violencequefaire.ch\\\/so\\\/#organization\",\"name\":\"Violence que faire ?\",\"url\":\"https:\\\/\\\/www.violencequefaire.ch\\\/so\\\/\",\"logo\":{\"@type\":\"ImageObject\",\"inLanguage\":\"so-SO\",\"@id\":\"https:\\\/\\\/www.violencequefaire.ch\\\/so\\\/#\\\/schema\\\/logo\\\/image\\\/\",\"url\":\"https:\\\/\\\/www.violencequefaire.ch\\\/wp-content\\\/uploads\\\/2022\\\/04\\\/VQF_LOGO_neutre.jpg\",\"contentUrl\":\"https:\\\/\\\/www.violencequefaire.ch\\\/wp-content\\\/uploads\\\/2022\\\/04\\\/VQF_LOGO_neutre.jpg\",\"width\":253,\"height\":376,\"caption\":\"Violence que faire ?\"},\"image\":{\"@id\":\"https:\\\/\\\/www.violencequefaire.ch\\\/so\\\/#\\\/schema\\\/logo\\\/image\\\/\"}}]}<\/script>\n<!-- \/ Yoast SEO plugin. -->","yoast_head_json":{"title":"Waxaad tahay soo galooti ku sugan Switzerland, waxaanad qabtaa su'aal sharci &#8226; Violence que faire ?","robots":{"index":"index","follow":"follow","max-snippet":"max-snippet:-1","max-image-preview":"max-image-preview:large","max-video-preview":"max-video-preview:-1"},"canonical":"https:\/\/www.violencequefaire.ch\/so\/waxaad-tahay-soo-galooti-ku-sugan-switzerland-waxaanad-qabtaa-suaal-sharci\/","og_locale":"so_SO","og_type":"article","og_title":"Waxaad tahay soo galooti ku sugan Switzerland, waxaanad qabtaa su'aal sharci &#8226; Violence que faire ?","og_description":"[vc_row][vc_column][\/vc_column][\/vc_row][vc_row][vc_column][\/vc_column][\/vc_row]","og_url":"https:\/\/www.violencequefaire.ch\/so\/waxaad-tahay-soo-galooti-ku-sugan-switzerland-waxaanad-qabtaa-suaal-sharci\/","og_site_name":"Violence que faire ?","article_modified_time":"2023-12-14T11:01:12+00:00","twitter_card":"summary_large_image","twitter_misc":{"Est. reading time":"1 minute"},"schema":{"@context":"https:\/\/schema.org","@graph":[{"@type":"WebPage","@id":"https:\/\/www.violencequefaire.ch\/so\/waxaad-tahay-soo-galooti-ku-sugan-switzerland-waxaanad-qabtaa-suaal-sharci\/","url":"https:\/\/www.violencequefaire.ch\/so\/waxaad-tahay-soo-galooti-ku-sugan-switzerland-waxaanad-qabtaa-suaal-sharci\/","name":"Waxaad tahay soo galooti ku sugan Switzerland, waxaanad qabtaa su'aal sharci &#8226; Violence que faire ?","isPartOf":{"@id":"https:\/\/www.violencequefaire.ch\/so\/#website"},"datePublished":"2022-03-25T14:03:20+00:00","dateModified":"2023-12-14T11:01:12+00:00","breadcrumb":{"@id":"https:\/\/www.violencequefaire.ch\/so\/waxaad-tahay-soo-galooti-ku-sugan-switzerland-waxaanad-qabtaa-suaal-sharci\/#breadcrumb"},"inLanguage":"so-SO","potentialAction":[{"@type":"ReadAction","target":["https:\/\/www.violencequefaire.ch\/so\/waxaad-tahay-soo-galooti-ku-sugan-switzerland-waxaanad-qabtaa-suaal-sharci\/"]}]},{"@type":"BreadcrumbList","@id":"https:\/\/www.violencequefaire.ch\/so\/waxaad-tahay-soo-galooti-ku-sugan-switzerland-waxaanad-qabtaa-suaal-sharci\/#breadcrumb","itemListElement":[{"@type":"ListItem","position":1,"name":"Home","item":"https:\/\/www.violencequefaire.ch\/so\/"},{"@type":"ListItem","position":2,"name":"Waxaad tahay soo galooti ku sugan Switzerland, waxaanad qabtaa su&rsquo;aal sharci"}]},{"@type":"WebSite","@id":"https:\/\/www.violencequefaire.ch\/so\/#website","url":"https:\/\/www.violencequefaire.ch\/so\/","name":"Violence que faire","description":"Des sp\u00e9cialistes r\u00e9pondent personnellement \u00e0 vos questions anonymes sur la violence au sein du couple.","publisher":{"@id":"https:\/\/www.violencequefaire.ch\/so\/#organization"},"alternateName":"Violenza Cosa Fare","potentialAction":[{"@type":"SearchAction","target":{"@type":"EntryPoint","urlTemplate":"https:\/\/www.violencequefaire.ch\/so\/?s={search_term_string}"},"query-input":{"@type":"PropertyValueSpecification","valueRequired":true,"valueName":"search_term_string"}}],"inLanguage":"so-SO"},{"@type":"Organization","@id":"https:\/\/www.violencequefaire.ch\/so\/#organization","name":"Violence que faire ?","url":"https:\/\/www.violencequefaire.ch\/so\/","logo":{"@type":"ImageObject","inLanguage":"so-SO","@id":"https:\/\/www.violencequefaire.ch\/so\/#\/schema\/logo\/image\/","url":"https:\/\/www.violencequefaire.ch\/wp-content\/uploads\/2022\/04\/VQF_LOGO_neutre.jpg","contentUrl":"https:\/\/www.violencequefaire.ch\/wp-content\/uploads\/2022\/04\/VQF_LOGO_neutre.jpg","width":253,"height":376,"caption":"Violence que faire ?"},"image":{"@id":"https:\/\/www.violencequefaire.ch\/so\/#\/schema\/logo\/image\/"}}]}},"_links":{"self":[{"href":"https:\/\/www.violencequefaire.ch\/so\/wp-json\/wp\/v2\/pages\/2192","targetHints":{"allow":["GET"]}}],"collection":[{"href":"https:\/\/www.violencequefaire.ch\/so\/wp-json\/wp\/v2\/pages"}],"about":[{"href":"https:\/\/www.violencequefaire.ch\/so\/wp-json\/wp\/v2\/types\/page"}],"author":[{"embeddable":true,"href":"https:\/\/www.violencequefaire.ch\/so\/wp-json\/wp\/v2\/users\/16"}],"replies":[{"embeddable":true,"href":"https:\/\/www.violencequefaire.ch\/so\/wp-json\/wp\/v2\/comments?post=2192"}],"version-history":[{"count":3,"href":"https:\/\/www.violencequefaire.ch\/so\/wp-json\/wp\/v2\/pages\/2192\/revisions"}],"predecessor-version":[{"id":5456,"href":"https:\/\/www.violencequefaire.ch\/so\/wp-json\/wp\/v2\/pages\/2192\/revisions\/5456"}],"wp:attachment":[{"href":"https:\/\/www.violencequefaire.ch\/so\/wp-json\/wp\/v2\/media?parent=2192"}],"curies":[{"name":"wp","href":"https:\/\/api.w.org\/{rel}","templated":true}]}}