{"id":2188,"date":"2022-03-25T14:59:01","date_gmt":"2022-03-25T13:59:01","guid":{"rendered":"https:\/\/dev-vqf.creatives.com\/?page_id=2188"},"modified":"2023-12-14T12:10:32","modified_gmt":"2023-12-14T11:10:32","slug":"waa-maxay-rabshadu","status":"publish","type":"page","link":"https:\/\/www.violencequefaire.ch\/so\/waa-maxay-rabshadu\/","title":{"rendered":"Waa maxay rabshadu?"},"content":{"rendered":"<div class=\"wpb-content-wrapper\"><p>[vc_row][vc_column]<section class='vqf_section_block block_background'><div class='vqf_container'><div class='vqf_row'><div class='vqf_full_col'><h2>MURAN MISE RABSHAD?<\/h2><div class='vqf_fixed_width_text'>Itan badan xaasaska iska horyimaadaan wey yaqaanaan mararka qaarkood, waa la kala xanaaqi karaa, iyada oo dhibaato xun eynan ka imaan. Awood isku dhibaateynta xaaska waa mid ka badalan taas. Awood isku dhibaateynta waa mid burburineyso qoyska dhamaantiis. Marka awood leysku dhibaateeyo, waxaa dhumaayo is tixgalinta iyo midnaanta dhexdooda.<\/p>\n<p>Awood isku dhibaateynta xaaska waa mid dhexmarto xaasaska is qabo ama kuwa aan is qabin. Waxeyna dhici kartaa xiriirka bilaawgiisa, sanado markii leysla noolyahay kadib ama marka la kala tagaayo.<\/div><\/div><\/div><\/div><\/section>[\/vc_column][\/vc_row][vc_row][vc_column]<section class='vqf_section_block media_n_text_block' id=''><div class='vqf_container'><div class='vqf_row'><div class='vqf_full_col'><h2>XILIYADA AWOOD ISKU DHIBAATEYNTA<\/h2><\/div><div class='vqf_fixed_width_text'><p>Awood isku dhibaateynta waxey u dhacdaa xili xili. Inta badan dhacdooyinkaas, waqtiga markuu sii dheeraado, xiliyadaasi aad ayey iskugu soo dhawaadaan dhibaatooyinka leysgaarsiinaayana aad ayey usii darsadaan. Hadii aanan wax laga qaban, kor usii socodkooda wuxuu keeni karaa dhaawacyo culus xagga nolosha, dhaawacyo aan laga soo kabsan karin, gaari karto ilaa iyo dhimashada qofka la dhibaateeyey<\/p><\/div><div class='left_media_block'><div class='media_box'><img src='https:\/\/www.violencequefaire.ch\/wp-content\/uploads\/2022\/05\/Infographie_cycleviolence_EN.jpg'><\/div><\/div><div class='right_text_block'><div class='vqf_text_carousel_with_cta'><div class='owl-carousel owl-theme'><div class='item'><div class='text_item'><h4>1. Isku karnaashada ayaa kordhaayo<\/h4><p>Wada hadalka ayaa joogsanaayo,isaga \/ayada qofka wax dhibaateynaayo-neyso waxaa ku adkaanaayo in uu sheegto- sheegato waxa ay dareensantahay iyo waxa eynan raaliga ku aheyn, wuxuu aruursanaayaa ka xumaantiisa-teeda ama in uu waxa walba maamulo uu diido gorgortan, qofka la dhibaateeyey wuxuu arkayaa-keysaa tilmaamo awood ku dhibaateyn ah weyna cabsaneysaa.<\/p><a href='https:\/\/sitemanager.violencequefaire.ch\/' class='vqf_outline_cta'>weydii su\u2019aal<\/a><\/div><\/div><div class='item'><div class='text_item'><h4>2. Waxa ey keento Wood ku dhibaateynta<\/h4><p>Xaaska asaga\/iyada awooda wax ku dhibaateeyo-so wuxuu xanaaqa iskaaga bixinaa si awood ku dhibaateyn ah oo marwalbo sii xoogsaneyso. Xaaska la dhibaateyeyna wuxuu isku dareemaayaa inuu siriq ku jiro, aad ayuu u cabsanaayaa-neysaa iyo awoodla\u2019aan, waxey u badaneysaa iney ogolaato sida uu rabo xaaska awooda ku dhibaateynaayo.<\/p><a href='https:\/\/sitemanager.violencequefaire.ch\/' class='vqf_outline_cta'>weydii su\u2019aal<\/a><\/div><\/div><div class='item'><div class='text_item'><h4>3. Wada heshiiska<\/h4><p>Xaaska asaga\/iyada wax dhibaateeyo-so raali galin ayuu sameynaayaa, wuxuu balan qaadaayaa in uusan dib usameyneyn, wuxuu sameynaayaa wax walba si loo cafiyo, qofka la dhibaateeyey waxaa galeyso rajo waxeyna ogalaaneysaa raaligalinta.\n\nAsaga\/ iyada waxuu-ey yareeynaayaa-eysaa waxyaalaha uu-ey geystay-atay, sababo ayuu-ey u yeelaayaa-eysaa, kuwa eykeentay arimo banaanka ah (walwal\u2026) ama qofka la dhibaateeyey awgeed. Qofka la dhibaateeyey ayada ayaa iska shakineyso ama dambiile usku qaadaneyso, waxey u maleyneysaa iney tahay in ey ayada wax iska badasho.<\/p><a href='https:\/\/sitemanager.violencequefaire.ch\/' class='vqf_outline_cta'>weydii su\u2019aal<\/a><\/div><\/div><div class='item'><div class='text_item'><h4>4. Daganaanta<\/h4><p>Dhibaatadii waa la iloobey, ku dhaqanki awood ku dhibaateynti wuu joogsadey, waxaa lagalay xiligii ( bishii malabka), laakiin taasi meel dheer magaareyso, hadii aanan wax looga hortago la sameyn dib ayey dhibaatadii u soo bilaabaneysaa.<\/p><a href='https:\/\/sitemanager.violencequefaire.ch\/' class='vqf_outline_cta'>weydii su\u2019aal<\/a><\/div><\/div><\/div><\/div><\/div><\/div><\/div><\/section>[\/vc_column][\/vc_row]<\/p>\n<\/div>","protected":false},"excerpt":{"rendered":"<p>[vc_row][vc_column][\/vc_column][\/vc_row][vc_row][vc_column][\/vc_column][\/vc_row]<\/p>\n","protected":false},"author":16,"featured_media":0,"parent":0,"menu_order":0,"comment_status":"closed","ping_status":"closed","template":"","meta":{"_acf_changed":false,"footnotes":""},"class_list":["post-2188","page","type-page","status-publish","hentry"],"acf":[],"yoast_head":"<!-- This site is optimized with the Yoast SEO plugin v27.3 - https:\/\/yoast.com\/product\/yoast-seo-wordpress\/ -->\n<title>Waa maxay rabshadu? &#8226; Violence que faire ?<\/title>\n<meta name=\"robots\" content=\"index, follow, max-snippet:-1, max-image-preview:large, max-video-preview:-1\" \/>\n<link rel=\"canonical\" href=\"https:\/\/www.violencequefaire.ch\/so\/waa-maxay-rabshadu\/\" \/>\n<meta property=\"og:locale\" content=\"so_SO\" \/>\n<meta property=\"og:type\" content=\"article\" \/>\n<meta property=\"og:title\" content=\"Waa maxay rabshadu? &#8226; Violence que faire ?\" \/>\n<meta property=\"og:description\" content=\"[vc_row][vc_column][\/vc_column][\/vc_row][vc_row][vc_column][\/vc_column][\/vc_row]\" \/>\n<meta property=\"og:url\" content=\"https:\/\/www.violencequefaire.ch\/so\/waa-maxay-rabshadu\/\" \/>\n<meta property=\"og:site_name\" content=\"Violence que faire ?\" \/>\n<meta property=\"article:modified_time\" content=\"2023-12-14T11:10:32+00:00\" \/>\n<meta name=\"twitter:card\" content=\"summary_large_image\" \/>\n<meta name=\"twitter:label1\" content=\"Est. reading time\" \/>\n\t<meta name=\"twitter:data1\" content=\"1 minute\" \/>\n<script type=\"application\/ld+json\" class=\"yoast-schema-graph\">{\"@context\":\"https:\\\/\\\/schema.org\",\"@graph\":[{\"@type\":\"WebPage\",\"@id\":\"https:\\\/\\\/www.violencequefaire.ch\\\/so\\\/waa-maxay-rabshadu\\\/\",\"url\":\"https:\\\/\\\/www.violencequefaire.ch\\\/so\\\/waa-maxay-rabshadu\\\/\",\"name\":\"Waa maxay rabshadu? &#8226; Violence que faire ?\",\"isPartOf\":{\"@id\":\"https:\\\/\\\/www.violencequefaire.ch\\\/so\\\/#website\"},\"datePublished\":\"2022-03-25T13:59:01+00:00\",\"dateModified\":\"2023-12-14T11:10:32+00:00\",\"breadcrumb\":{\"@id\":\"https:\\\/\\\/www.violencequefaire.ch\\\/so\\\/waa-maxay-rabshadu\\\/#breadcrumb\"},\"inLanguage\":\"so-SO\",\"potentialAction\":[{\"@type\":\"ReadAction\",\"target\":[\"https:\\\/\\\/www.violencequefaire.ch\\\/so\\\/waa-maxay-rabshadu\\\/\"]}]},{\"@type\":\"BreadcrumbList\",\"@id\":\"https:\\\/\\\/www.violencequefaire.ch\\\/so\\\/waa-maxay-rabshadu\\\/#breadcrumb\",\"itemListElement\":[{\"@type\":\"ListItem\",\"position\":1,\"name\":\"Home\",\"item\":\"https:\\\/\\\/www.violencequefaire.ch\\\/so\\\/\"},{\"@type\":\"ListItem\",\"position\":2,\"name\":\"Waa maxay rabshadu?\"}]},{\"@type\":\"WebSite\",\"@id\":\"https:\\\/\\\/www.violencequefaire.ch\\\/so\\\/#website\",\"url\":\"https:\\\/\\\/www.violencequefaire.ch\\\/so\\\/\",\"name\":\"Violence que faire\",\"description\":\"Des sp\u00e9cialistes r\u00e9pondent personnellement \u00e0 vos questions anonymes sur la violence au sein du couple.\",\"publisher\":{\"@id\":\"https:\\\/\\\/www.violencequefaire.ch\\\/so\\\/#organization\"},\"alternateName\":\"Violenza Cosa Fare\",\"potentialAction\":[{\"@type\":\"SearchAction\",\"target\":{\"@type\":\"EntryPoint\",\"urlTemplate\":\"https:\\\/\\\/www.violencequefaire.ch\\\/so\\\/?s={search_term_string}\"},\"query-input\":{\"@type\":\"PropertyValueSpecification\",\"valueRequired\":true,\"valueName\":\"search_term_string\"}}],\"inLanguage\":\"so-SO\"},{\"@type\":\"Organization\",\"@id\":\"https:\\\/\\\/www.violencequefaire.ch\\\/so\\\/#organization\",\"name\":\"Violence que faire ?\",\"url\":\"https:\\\/\\\/www.violencequefaire.ch\\\/so\\\/\",\"logo\":{\"@type\":\"ImageObject\",\"inLanguage\":\"so-SO\",\"@id\":\"https:\\\/\\\/www.violencequefaire.ch\\\/so\\\/#\\\/schema\\\/logo\\\/image\\\/\",\"url\":\"https:\\\/\\\/www.violencequefaire.ch\\\/wp-content\\\/uploads\\\/2022\\\/04\\\/VQF_LOGO_neutre.jpg\",\"contentUrl\":\"https:\\\/\\\/www.violencequefaire.ch\\\/wp-content\\\/uploads\\\/2022\\\/04\\\/VQF_LOGO_neutre.jpg\",\"width\":253,\"height\":376,\"caption\":\"Violence que faire ?\"},\"image\":{\"@id\":\"https:\\\/\\\/www.violencequefaire.ch\\\/so\\\/#\\\/schema\\\/logo\\\/image\\\/\"}}]}<\/script>\n<!-- \/ Yoast SEO plugin. -->","yoast_head_json":{"title":"Waa maxay rabshadu? &#8226; Violence que faire ?","robots":{"index":"index","follow":"follow","max-snippet":"max-snippet:-1","max-image-preview":"max-image-preview:large","max-video-preview":"max-video-preview:-1"},"canonical":"https:\/\/www.violencequefaire.ch\/so\/waa-maxay-rabshadu\/","og_locale":"so_SO","og_type":"article","og_title":"Waa maxay rabshadu? &#8226; Violence que faire ?","og_description":"[vc_row][vc_column][\/vc_column][\/vc_row][vc_row][vc_column][\/vc_column][\/vc_row]","og_url":"https:\/\/www.violencequefaire.ch\/so\/waa-maxay-rabshadu\/","og_site_name":"Violence que faire ?","article_modified_time":"2023-12-14T11:10:32+00:00","twitter_card":"summary_large_image","twitter_misc":{"Est. reading time":"1 minute"},"schema":{"@context":"https:\/\/schema.org","@graph":[{"@type":"WebPage","@id":"https:\/\/www.violencequefaire.ch\/so\/waa-maxay-rabshadu\/","url":"https:\/\/www.violencequefaire.ch\/so\/waa-maxay-rabshadu\/","name":"Waa maxay rabshadu? &#8226; Violence que faire ?","isPartOf":{"@id":"https:\/\/www.violencequefaire.ch\/so\/#website"},"datePublished":"2022-03-25T13:59:01+00:00","dateModified":"2023-12-14T11:10:32+00:00","breadcrumb":{"@id":"https:\/\/www.violencequefaire.ch\/so\/waa-maxay-rabshadu\/#breadcrumb"},"inLanguage":"so-SO","potentialAction":[{"@type":"ReadAction","target":["https:\/\/www.violencequefaire.ch\/so\/waa-maxay-rabshadu\/"]}]},{"@type":"BreadcrumbList","@id":"https:\/\/www.violencequefaire.ch\/so\/waa-maxay-rabshadu\/#breadcrumb","itemListElement":[{"@type":"ListItem","position":1,"name":"Home","item":"https:\/\/www.violencequefaire.ch\/so\/"},{"@type":"ListItem","position":2,"name":"Waa maxay rabshadu?"}]},{"@type":"WebSite","@id":"https:\/\/www.violencequefaire.ch\/so\/#website","url":"https:\/\/www.violencequefaire.ch\/so\/","name":"Violence que faire","description":"Des sp\u00e9cialistes r\u00e9pondent personnellement \u00e0 vos questions anonymes sur la violence au sein du couple.","publisher":{"@id":"https:\/\/www.violencequefaire.ch\/so\/#organization"},"alternateName":"Violenza Cosa Fare","potentialAction":[{"@type":"SearchAction","target":{"@type":"EntryPoint","urlTemplate":"https:\/\/www.violencequefaire.ch\/so\/?s={search_term_string}"},"query-input":{"@type":"PropertyValueSpecification","valueRequired":true,"valueName":"search_term_string"}}],"inLanguage":"so-SO"},{"@type":"Organization","@id":"https:\/\/www.violencequefaire.ch\/so\/#organization","name":"Violence que faire ?","url":"https:\/\/www.violencequefaire.ch\/so\/","logo":{"@type":"ImageObject","inLanguage":"so-SO","@id":"https:\/\/www.violencequefaire.ch\/so\/#\/schema\/logo\/image\/","url":"https:\/\/www.violencequefaire.ch\/wp-content\/uploads\/2022\/04\/VQF_LOGO_neutre.jpg","contentUrl":"https:\/\/www.violencequefaire.ch\/wp-content\/uploads\/2022\/04\/VQF_LOGO_neutre.jpg","width":253,"height":376,"caption":"Violence que faire ?"},"image":{"@id":"https:\/\/www.violencequefaire.ch\/so\/#\/schema\/logo\/image\/"}}]}},"_links":{"self":[{"href":"https:\/\/www.violencequefaire.ch\/so\/wp-json\/wp\/v2\/pages\/2188","targetHints":{"allow":["GET"]}}],"collection":[{"href":"https:\/\/www.violencequefaire.ch\/so\/wp-json\/wp\/v2\/pages"}],"about":[{"href":"https:\/\/www.violencequefaire.ch\/so\/wp-json\/wp\/v2\/types\/page"}],"author":[{"embeddable":true,"href":"https:\/\/www.violencequefaire.ch\/so\/wp-json\/wp\/v2\/users\/16"}],"replies":[{"embeddable":true,"href":"https:\/\/www.violencequefaire.ch\/so\/wp-json\/wp\/v2\/comments?post=2188"}],"version-history":[{"count":6,"href":"https:\/\/www.violencequefaire.ch\/so\/wp-json\/wp\/v2\/pages\/2188\/revisions"}],"predecessor-version":[{"id":5458,"href":"https:\/\/www.violencequefaire.ch\/so\/wp-json\/wp\/v2\/pages\/2188\/revisions\/5458"}],"wp:attachment":[{"href":"https:\/\/www.violencequefaire.ch\/so\/wp-json\/wp\/v2\/media?parent=2188"}],"curies":[{"name":"wp","href":"https:\/\/api.w.org\/{rel}","templated":true}]}}