{"id":11084,"date":"2022-03-25T15:06:35","date_gmt":"2022-03-25T14:06:35","guid":{"rendered":"https:\/\/www.violencequefaire.ch\/?page_id=11084"},"modified":"2025-10-19T13:46:35","modified_gmt":"2025-10-19T11:46:35","slug":"lgbtqia","status":"publish","type":"page","link":"https:\/\/www.violencequefaire.ch\/pt-pt\/lgbtqia\/","title":{"rendered":"LGBTQIA+"},"content":{"rendered":"<div class=\"wpb-content-wrapper\"><p>[vc_row][vc_column]<section class='vqf_section_block text_n_media_block podcast_media block_background'><div class='vqf_container'><div class='vqf_row'><div class='left_text_block'><h2>Viol\u00eancia em casais LGBTQIA+<\/h2><div class='vqf_fixed_width_text'><p>Para p\u00f4r fim \u00e0 viol\u00eancia nas rela\u00e7\u00f5es e tornar poss\u00edvel o apoio \u00e0s pessoas envolvidas, \u00e9 essencial que esta viol\u00eancia saia do sil\u00eancio e se torne vis\u00edvel.<\/p>\n<p>Durante muito tempo, este fen\u00f3meno permaneceu fechado no espa\u00e7o privado, mas, ao longo dos anos, tornou-se um tema de debate p\u00fablico. Este facto deve-se principalmente aos esfor\u00e7os dos movimentos feministas que chamaram a aten\u00e7\u00e3o para a situa\u00e7\u00e3o espec\u00edfica das mulheres quando confrontadas com a viol\u00eancia dos seus parceiros masculinos.<\/p>\n<p>Atualmente, \u00e9 sobretudo a viol\u00eancia em casais heterossexuais que \u00e9 investigada e abordada nos meios de comunica\u00e7\u00e3o social e destacada em programas de preven\u00e7\u00e3o e pol\u00edticas p\u00fablicas. Mas a viol\u00eancia nos casais tamb\u00e9m pode afetar as pessoas LGBTQIA+ e \u00e9 importante que estas se sintam livres, capacitadas e tenham confian\u00e7a para contactar os recursos de ajuda existentes e quebrar o sil\u00eancio. Da mesma forma, os profissionais devem ter as ferramentas e a informa\u00e7\u00e3o necess\u00e1rias para considerar as especificidades dos percursos das pessoas LGBTQIA+.<\/p>\n<p>www.violencequefaire.ch tem uma equipa de pessoas especializadas em quest\u00f5es de viol\u00eancia em casais LGBTQIA+.<\/p><\/div><div class='vqf_accordion_block'><div class='accordion_item'><div class='accordion_header'><span class='title'>Discrimina\u00e7\u00e3o com base na orienta\u00e7\u00e3o sexual e afectiva ou na identidade de g\u00e9nero<\/span><\/div><div class='accordion_body'><div class='acc_body_inner'><div class='vqf_fixed_width_text'><p>Enfrentando muitas formas de discrimina\u00e7\u00e3o na nossa sociedade, as pessoas LGBTQIA+ correm um maior risco de serem confrontadas com diferentes formas de viol\u00eancia ao longo da sua vida (desigualdade de direitos no casamento e na ado\u00e7\u00e3o, discrimina\u00e7\u00e3o no mercado de trabalho, nas escolas e nos servi\u00e7os de sa\u00fade, rejei\u00e7\u00e3o pela fam\u00edlia, agress\u00e3o f\u00edsica e sexual, insultos, falta ou aus\u00eancia de representa\u00e7\u00e3o, ...). Este contexto particular pode gerar dificuldades espec\u00edficas para as pessoas LGBTQIA+ que s\u00e3o confrontadas com uma situa\u00e7\u00e3o de viol\u00eancia nas rela\u00e7\u00f5es. Torna-se assim ainda mais dif\u00edcil reagir e pedir ajuda.<\/p><\/div><\/div><\/div><\/div><div class='accordion_item'><div class='accordion_header'><span class='title'>\u00c9 dif\u00edcil falar sobre o assunto<\/span><\/div><div class='accordion_body'><div class='acc_body_inner'><div class='vqf_fixed_width_text'><p>Nunca \u00e9 f\u00e1cil para as v\u00edtimas ou autores de viol\u00eancia nas rela\u00e7\u00f5es serem capazes de falar sobre o assunto \u00e0 sua volta e pedir ajuda. Muitos factores tornam este passo ainda mais dif\u00edcil para as pessoas LGBTQIA+.<br \/>\n<br \/>\n- As pessoas pr\u00f3ximas, conhecidos e familiares, nem sempre t\u00eam conhecimento da rela\u00e7\u00e3o. Falar de viol\u00eancia significa ter de se assumir perante a fam\u00edlia, os amigos ou as pessoas com quem se trabalha.<br \/>\n- Quando se decide procurar ajuda junto de profissionais, torna-se necess\u00e1rio revelar a orienta\u00e7\u00e3o sexual ou affectiva e\/ou a identidade de g\u00e9nero para ajudar os servi\u00e7os e o sistema judicial. Isto pode ser visto como um trav\u00e3o. <br \/>\n- Muitas vezes, as pessoas que s\u00e3o amigas da v\u00edtima s\u00e3o tamb\u00e9m conhecidas do autor da viol\u00eancia. As pessoas da vizinhan\u00e7a preferem ent\u00e3o manter-se afastadas da situa\u00e7\u00e3o para n\u00e3o participarem nela. Pode ent\u00e3o ser dif\u00edcil encontrar pessoas de confian\u00e7a com quem encontrar apoio.<br \/>\n- As pessoas LGBTQIA+ podem sentir-se particularmente isoladas se forem confrontadas com viol\u00eancia numa rela\u00e7\u00e3o.<br \/>\n<br \/>\nAcontece que alguns profissionais dos servi\u00e7os sociais, de sa\u00fade ou jur\u00eddicos n\u00e3o t\u00eam forma\u00e7\u00e3o suficiente para lidar com pessoas LGBTQIA+, o que pode ter consequ\u00eancias significativas na qualidade dos cuidados e do apoio \u00e0s pessoas envolvidas. Al\u00e9m disso, muitas vezes as ac\u00e7\u00f5es de sensibiliza\u00e7\u00e3o e preven\u00e7\u00e3o dirigidas ao p\u00fablico em geral s\u00e3o apenas dirigidas a pessoas heterossexuais cisg\u00e9nero. Estes factores podem contribuir para que as pessoas LGBTQIA+ estejam menos informadas e\/ou se sintam menos confort\u00e1veis e\/ou menos legitimadas para procurar ajuda profissional e quebrar o seu sil\u00eancio.<br \/>\n<br \/>\nO site www.violenzachefare.ch tem uma equipa de pessoas especializadas em quest\u00f5es de viol\u00eancia em casais LGBTQIA+. <\/p><\/div><\/div><\/div><\/div><div class='accordion_item'><div class='accordion_header'><span class='title'>Viol\u00eancia espec\u00edfica<\/span><\/div><div class='accordion_body'><div class='acc_body_inner'><div class='vqf_fixed_width_text'><p>A viol\u00eancia nas rela\u00e7\u00f5es pode assumir diferentes formas (f\u00edsica, psicol\u00f3gica, sexual ou econ\u00f3mica).<br \/>\n<br \/>\nPode tamb\u00e9m manifestar-se atrav\u00e9s da amea\u00e7a de \"revelar\" a orienta\u00e7\u00e3o sexual ou afectiva e\/ou a identidade de g\u00e9nero e\/ou a rela\u00e7\u00e3o (coming out for\u00e7ado), o que pode ter consequ\u00eancias emocionais, profissionais e familiares graves, dependendo do contexto da pessoa envolvida.<\/p><\/div><\/div><\/div><\/div><div class='accordion_item'><div class='accordion_header'><span class='title'>Casais com  filhos<\/span><\/div><div class='accordion_body'><div class='acc_body_inner'><div class='vqf_fixed_width_text'><p>Para qualquer pessoa, LGBTQIA+ ou n\u00e3o, a chegada de um filho \u00e9 um acontecimento que pode alterar a din\u00e2mica do casal e provocar ou revelar tens\u00f5es e diferen\u00e7as entre os parceiros. N\u00e3o se isolem e n\u00e3o fiquem sozinhos.<br \/>\n<br \/>\nO facto de o direito su\u00ed\u00e7o reconhecer atualmente apenas a figura do progenitor biol\u00f3gico e n\u00e3o a do outro (progenitor n\u00e3o legal) cria uma assimetria no seio do casal. Este facto pode provocar um sentimento de inseguran\u00e7a na figura parental n\u00e3o reconhecida. Pode tamb\u00e9m criar uma rela\u00e7\u00e3o de poder entre a figura parental legalmente reconhecida e a figura parental n\u00e3o reconhecida.<br \/>\nEm caso de viol\u00eancia, a figura parental n\u00e3o reconhecida pode recear ser separada dos seus filhos se pedir ajuda ou apresentar queixa.<br \/>\n<br \/>\nAs \"fam\u00edlias arco-\u00edris\" tamb\u00e9m podem ter a impress\u00e3o de que t\u00eam de ser ainda mais perfeitas do que as outras para evitar cr\u00edticas. Neste contexto, tamb\u00e9m pode ser dif\u00edcil falar de disfun\u00e7\u00f5es no seio dos casais.<\/p><\/div><\/div><\/div><\/div><\/div><\/div><div class='right_media_block'><div class='media_box'><\/div><\/div><\/div><\/div><\/section>[\/vc_column][\/vc_row]<\/p>\n<\/div>","protected":false},"excerpt":{"rendered":"<p>[vc_row][vc_column][\/vc_column][\/vc_row]<\/p>\n","protected":false},"author":17,"featured_media":0,"parent":0,"menu_order":0,"comment_status":"closed","ping_status":"closed","template":"","meta":{"_acf_changed":false,"footnotes":""},"class_list":["post-11084","page","type-page","status-publish","hentry"],"acf":[],"yoast_head":"<!-- This site is optimized with the Yoast SEO plugin v27.3 - https:\/\/yoast.com\/product\/yoast-seo-wordpress\/ -->\n<title>LGBTQIA+ &#8226; Violence que faire ?<\/title>\n<meta name=\"robots\" content=\"index, follow, max-snippet:-1, max-image-preview:large, max-video-preview:-1\" \/>\n<link rel=\"canonical\" href=\"https:\/\/www.violencequefaire.ch\/pt-pt\/lgbtqia\/\" \/>\n<meta property=\"og:locale\" content=\"pt_PT\" \/>\n<meta property=\"og:type\" content=\"article\" \/>\n<meta property=\"og:title\" content=\"LGBTQIA+ &#8226; Violence que faire ?\" \/>\n<meta property=\"og:description\" content=\"[vc_row][vc_column][\/vc_column][\/vc_row]\" \/>\n<meta property=\"og:url\" content=\"https:\/\/www.violencequefaire.ch\/pt-pt\/lgbtqia\/\" \/>\n<meta property=\"og:site_name\" content=\"Violence que faire ?\" \/>\n<meta property=\"article:modified_time\" content=\"2025-10-19T11:46:35+00:00\" \/>\n<meta name=\"twitter:card\" content=\"summary_large_image\" \/>\n<meta name=\"twitter:label1\" content=\"Tempo estimado de leitura\" \/>\n\t<meta name=\"twitter:data1\" content=\"1 minuto\" \/>\n<script type=\"application\/ld+json\" class=\"yoast-schema-graph\">{\"@context\":\"https:\\\/\\\/schema.org\",\"@graph\":[{\"@type\":\"WebPage\",\"@id\":\"https:\\\/\\\/www.violencequefaire.ch\\\/pt-pt\\\/lgbtqia\\\/\",\"url\":\"https:\\\/\\\/www.violencequefaire.ch\\\/pt-pt\\\/lgbtqia\\\/\",\"name\":\"LGBTQIA+ &#8226; Violence que faire ?\",\"isPartOf\":{\"@id\":\"https:\\\/\\\/www.violencequefaire.ch\\\/pt-pt\\\/#website\"},\"datePublished\":\"2022-03-25T14:06:35+00:00\",\"dateModified\":\"2025-10-19T11:46:35+00:00\",\"breadcrumb\":{\"@id\":\"https:\\\/\\\/www.violencequefaire.ch\\\/pt-pt\\\/lgbtqia\\\/#breadcrumb\"},\"inLanguage\":\"pt-PT\",\"potentialAction\":[{\"@type\":\"ReadAction\",\"target\":[\"https:\\\/\\\/www.violencequefaire.ch\\\/pt-pt\\\/lgbtqia\\\/\"]}]},{\"@type\":\"BreadcrumbList\",\"@id\":\"https:\\\/\\\/www.violencequefaire.ch\\\/pt-pt\\\/lgbtqia\\\/#breadcrumb\",\"itemListElement\":[{\"@type\":\"ListItem\",\"position\":1,\"name\":\"In\u00edcio\",\"item\":\"https:\\\/\\\/www.violencequefaire.ch\\\/pt-pt\\\/\"},{\"@type\":\"ListItem\",\"position\":2,\"name\":\"LGBTQIA+\"}]},{\"@type\":\"WebSite\",\"@id\":\"https:\\\/\\\/www.violencequefaire.ch\\\/pt-pt\\\/#website\",\"url\":\"https:\\\/\\\/www.violencequefaire.ch\\\/pt-pt\\\/\",\"name\":\"Violence que faire\",\"description\":\"Des sp\u00e9cialistes r\u00e9pondent personnellement \u00e0 vos questions anonymes sur la violence au sein du couple.\",\"publisher\":{\"@id\":\"https:\\\/\\\/www.violencequefaire.ch\\\/pt-pt\\\/#organization\"},\"alternateName\":\"Violenza Cosa Fare\",\"potentialAction\":[{\"@type\":\"SearchAction\",\"target\":{\"@type\":\"EntryPoint\",\"urlTemplate\":\"https:\\\/\\\/www.violencequefaire.ch\\\/pt-pt\\\/?s={search_term_string}\"},\"query-input\":{\"@type\":\"PropertyValueSpecification\",\"valueRequired\":true,\"valueName\":\"search_term_string\"}}],\"inLanguage\":\"pt-PT\"},{\"@type\":\"Organization\",\"@id\":\"https:\\\/\\\/www.violencequefaire.ch\\\/pt-pt\\\/#organization\",\"name\":\"Violence que faire ?\",\"url\":\"https:\\\/\\\/www.violencequefaire.ch\\\/pt-pt\\\/\",\"logo\":{\"@type\":\"ImageObject\",\"inLanguage\":\"pt-PT\",\"@id\":\"https:\\\/\\\/www.violencequefaire.ch\\\/pt-pt\\\/#\\\/schema\\\/logo\\\/image\\\/\",\"url\":\"https:\\\/\\\/www.violencequefaire.ch\\\/wp-content\\\/uploads\\\/2022\\\/04\\\/VQF_LOGO_neutre.jpg\",\"contentUrl\":\"https:\\\/\\\/www.violencequefaire.ch\\\/wp-content\\\/uploads\\\/2022\\\/04\\\/VQF_LOGO_neutre.jpg\",\"width\":253,\"height\":376,\"caption\":\"Violence que faire ?\"},\"image\":{\"@id\":\"https:\\\/\\\/www.violencequefaire.ch\\\/pt-pt\\\/#\\\/schema\\\/logo\\\/image\\\/\"}}]}<\/script>\n<!-- \/ Yoast SEO plugin. -->","yoast_head_json":{"title":"LGBTQIA+ &#8226; Violence que faire ?","robots":{"index":"index","follow":"follow","max-snippet":"max-snippet:-1","max-image-preview":"max-image-preview:large","max-video-preview":"max-video-preview:-1"},"canonical":"https:\/\/www.violencequefaire.ch\/pt-pt\/lgbtqia\/","og_locale":"pt_PT","og_type":"article","og_title":"LGBTQIA+ &#8226; Violence que faire ?","og_description":"[vc_row][vc_column][\/vc_column][\/vc_row]","og_url":"https:\/\/www.violencequefaire.ch\/pt-pt\/lgbtqia\/","og_site_name":"Violence que faire ?","article_modified_time":"2025-10-19T11:46:35+00:00","twitter_card":"summary_large_image","twitter_misc":{"Tempo estimado de leitura":"1 minuto"},"schema":{"@context":"https:\/\/schema.org","@graph":[{"@type":"WebPage","@id":"https:\/\/www.violencequefaire.ch\/pt-pt\/lgbtqia\/","url":"https:\/\/www.violencequefaire.ch\/pt-pt\/lgbtqia\/","name":"LGBTQIA+ &#8226; Violence que faire ?","isPartOf":{"@id":"https:\/\/www.violencequefaire.ch\/pt-pt\/#website"},"datePublished":"2022-03-25T14:06:35+00:00","dateModified":"2025-10-19T11:46:35+00:00","breadcrumb":{"@id":"https:\/\/www.violencequefaire.ch\/pt-pt\/lgbtqia\/#breadcrumb"},"inLanguage":"pt-PT","potentialAction":[{"@type":"ReadAction","target":["https:\/\/www.violencequefaire.ch\/pt-pt\/lgbtqia\/"]}]},{"@type":"BreadcrumbList","@id":"https:\/\/www.violencequefaire.ch\/pt-pt\/lgbtqia\/#breadcrumb","itemListElement":[{"@type":"ListItem","position":1,"name":"In\u00edcio","item":"https:\/\/www.violencequefaire.ch\/pt-pt\/"},{"@type":"ListItem","position":2,"name":"LGBTQIA+"}]},{"@type":"WebSite","@id":"https:\/\/www.violencequefaire.ch\/pt-pt\/#website","url":"https:\/\/www.violencequefaire.ch\/pt-pt\/","name":"Violence que faire","description":"Des sp\u00e9cialistes r\u00e9pondent personnellement \u00e0 vos questions anonymes sur la violence au sein du couple.","publisher":{"@id":"https:\/\/www.violencequefaire.ch\/pt-pt\/#organization"},"alternateName":"Violenza Cosa Fare","potentialAction":[{"@type":"SearchAction","target":{"@type":"EntryPoint","urlTemplate":"https:\/\/www.violencequefaire.ch\/pt-pt\/?s={search_term_string}"},"query-input":{"@type":"PropertyValueSpecification","valueRequired":true,"valueName":"search_term_string"}}],"inLanguage":"pt-PT"},{"@type":"Organization","@id":"https:\/\/www.violencequefaire.ch\/pt-pt\/#organization","name":"Violence que faire ?","url":"https:\/\/www.violencequefaire.ch\/pt-pt\/","logo":{"@type":"ImageObject","inLanguage":"pt-PT","@id":"https:\/\/www.violencequefaire.ch\/pt-pt\/#\/schema\/logo\/image\/","url":"https:\/\/www.violencequefaire.ch\/wp-content\/uploads\/2022\/04\/VQF_LOGO_neutre.jpg","contentUrl":"https:\/\/www.violencequefaire.ch\/wp-content\/uploads\/2022\/04\/VQF_LOGO_neutre.jpg","width":253,"height":376,"caption":"Violence que faire ?"},"image":{"@id":"https:\/\/www.violencequefaire.ch\/pt-pt\/#\/schema\/logo\/image\/"}}]}},"_links":{"self":[{"href":"https:\/\/www.violencequefaire.ch\/pt-pt\/wp-json\/wp\/v2\/pages\/11084","targetHints":{"allow":["GET"]}}],"collection":[{"href":"https:\/\/www.violencequefaire.ch\/pt-pt\/wp-json\/wp\/v2\/pages"}],"about":[{"href":"https:\/\/www.violencequefaire.ch\/pt-pt\/wp-json\/wp\/v2\/types\/page"}],"author":[{"embeddable":true,"href":"https:\/\/www.violencequefaire.ch\/pt-pt\/wp-json\/wp\/v2\/users\/17"}],"replies":[{"embeddable":true,"href":"https:\/\/www.violencequefaire.ch\/pt-pt\/wp-json\/wp\/v2\/comments?post=11084"}],"version-history":[{"count":3,"href":"https:\/\/www.violencequefaire.ch\/pt-pt\/wp-json\/wp\/v2\/pages\/11084\/revisions"}],"predecessor-version":[{"id":11882,"href":"https:\/\/www.violencequefaire.ch\/pt-pt\/wp-json\/wp\/v2\/pages\/11084\/revisions\/11882"}],"wp:attachment":[{"href":"https:\/\/www.violencequefaire.ch\/pt-pt\/wp-json\/wp\/v2\/media?parent=11084"}],"curies":[{"name":"wp","href":"https:\/\/api.w.org\/{rel}","templated":true}]}}