{"id":11018,"date":"2025-05-06T16:03:49","date_gmt":"2025-05-06T14:03:49","guid":{"rendered":"https:\/\/www.violencequefaire.ch\/sauvegarder-les-preuves-des-violences\/"},"modified":"2025-10-05T13:50:58","modified_gmt":"2025-10-05T11:50:58","slug":"guardar-provas-de-violencia","status":"publish","type":"page","link":"https:\/\/www.violencequefaire.ch\/pt-pt\/guardar-provas-de-violencia\/","title":{"rendered":"Guardar provas de viol\u00eancia"},"content":{"rendered":"<div class=\"wpb-content-wrapper\"><p>[vc_row][vc_column]<section class='vqf_section_block text_n_media_block'><div class='vqf_container'><div class='vqf_row'><div class='vqf_full_col'><h2>A quem se destina esta sec\u00e7\u00e3o?<\/h2><\/div><div><div class='vqf_fixed_width_text'><p>\u00c9 v\u00edtima de viol\u00eancia dom\u00e9stica ou desconfia ser? Ent\u00e3o est\u00e1 no s\u00edtio certo. Quer se trate de viol\u00eancia <a href=\"https:\/\/www.violencequefaire.ch\/pt-pt\/violencia-fisica\/\">f\u00edsica<\/a>, <a href=\"https:\/\/www.violencequefaire.ch\/pt-pt\/violencia-sexual\/\">sexual<\/a>, <a href=\"https:\/\/www.violencequefaire.ch\/pt-pt\/violencia-economica\/\">econ\u00f3mica<\/a> ou <a href=\"https:\/\/www.violencequefaire.ch\/pt-pt\/violencia-no-casal\/tipos-de-violencia\/violencia-psicologica\/\">psicol\u00f3gica<\/a>, \u00e9 importante documentar a viol\u00eancia sofrida desde os primeiros sinais. Em caso de agress\u00e3o <a href=\"https:\/\/www.violencequefaire.ch\/pt-pt\/violencia-fisica\/\">f\u00edsica<\/a> ou <a href=\"https:\/\/www.violencequefaire.ch\/pt-pt\/violencia-sexual\/\">sexual<\/a>, recomendamos que procure um atestado m\u00e9dico o mais r\u00e1pido poss\u00edvel no hospital mais pr\u00f3ximo da sua casa. Para saber mais sobre o que fazer em caso de agress\u00e3o sexual, encontrar\u00e1 todas as informa\u00e7\u00f5es aqui. Tamb\u00e9m encontrar\u00e1 os endere\u00e7os para obter um atestado m\u00e9dico na nossa p\u00e1gina encontrar ajuda.<\/p><\/div><\/div><\/div><div class='vqf_accordion_block'><div class='accordion_item'><div class='accordion_header'><span class='title'>Porqu\u00ea guardar provas da viol\u00eancia?<\/span><\/div><div class='accordion_body'><div class='acc_body_inner'><div class='vqf_fixed_width_text'><p>Quando se \u00e9 v\u00edtima de viol\u00eancia por parte do parceiro(a), muitas vezes \u00e9 dif\u00edcil ver a situa\u00e7\u00e3o com  clareza. Pode questionar-se se n\u00e3o estar\u00e1 \u00ablouca\u00bb ou \u00ablouco\u00bb ou talvez se sinta preso(a) numa armadilha. Isto \u00e9 uma consequ\u00eancia da viol\u00eancia. Ao documentar os atos de viol\u00eancia o mais cedo poss\u00edvel, poder\u00e1 identificar melhor o <a href=\"https:\/\/www.violencequefaire.ch\/pt-pt\/o-que-e-a-violencia-entre-casais\/#cycle>ciclo da viol\u00eancia<\/a> e perceber se est\u00e1 em perigo, uma vez que a <br \/>\nviol\u00eancia se intensifica. Isso tamb\u00e9m lhe permitir\u00e1 ter provas da viol\u00eancia sofrida no dia em que desejar apresentar uma queixa criminal ou solicitar medidas de afastamento \u00e0 justi\u00e7a civil. <\/p><\/div><\/div><\/div><\/div><div class='accordion_item'><div class='accordion_header'><span class='title'>Onde guardar as provas de viol\u00eancia?<\/span><\/div><div class='accordion_body'><div class='acc_body_inner'><div class='vqf_fixed_width_text'><p>Guardar as provas de viol\u00eancia no seu telem\u00f3vel ou computador acarreta riscos, pois o parceiro(a) pode controlar os seus meios de comunica\u00e7\u00e3o e voc\u00ea corre o risco de perder esses dados pessoais e sens\u00edveis sobre si. <br \/>\nExistem v\u00e1rias solu\u00e7\u00f5es. O website with-you.ch, por exemplo, disponibiliza um cofre digital gratuito onde \u00e9 poss\u00edvel guardar todas as provas de viol\u00eancia e ass\u00e9dio sofridos. Este servi\u00e7o \u00e9 gerido pela associa\u00e7\u00e3o Tech against violence e recomendamos que leia os termos de utiliza\u00e7\u00e3o deste servi\u00e7o antes de guardar as suas informa\u00e7\u00f5es.<\/p><\/div><\/div><\/div><\/div><\/div><\/div><\/section><section class='vqf_section_block'><div class='vqf_container'><div class='vqf_row'><div class='vqf_full_col'><div class='vqf_fixed_width_text'>Se desejar aceder ao cofre digital do site <a href=\"https:\/\/with-you.ch\/en\" data-bs-toggle=\"modal\" data-bs-target=\"#protectAbout\">with-you.ch.<\/a> <a href=\"#\" data-bs-toggle=\"modal\" data-bs-target=\"#protectAbout\"><img loading=\"lazy\" decoding=\"async\" class=\"alignnone size-medium wp-image-8558\" src=\"https:\/\/www.violencequefaire.ch\/wp-content\/themes\/vqf\/assets\/img\/protect-shield.png\" alt=\"\" width=\"25\" height=\"25\" \/><\/a><\/div><\/div><\/div><\/div><\/section>[\/vc_column][\/vc_row]<\/p>\n<\/div>","protected":false},"excerpt":{"rendered":"<p>[vc_row][vc_column][\/vc_column][\/vc_row]<\/p>\n","protected":false},"author":16,"featured_media":0,"parent":0,"menu_order":0,"comment_status":"closed","ping_status":"closed","template":"","meta":{"_acf_changed":false,"footnotes":""},"class_list":["post-11018","page","type-page","status-publish","hentry"],"acf":[],"yoast_head":"<!-- This site is optimized with the Yoast SEO plugin v27.3 - https:\/\/yoast.com\/product\/yoast-seo-wordpress\/ -->\n<title>Guardar provas de viol\u00eancia &#8226; Violence que faire ?<\/title>\n<meta name=\"description\" content=\"D\u00e9couvrez comment documenter et s\u00e9curiser les preuves de violences conjugales, avec des outils num\u00e9riques adapt\u00e9s et discrets.\" \/>\n<meta name=\"robots\" content=\"index, follow, max-snippet:-1, max-image-preview:large, max-video-preview:-1\" \/>\n<link rel=\"canonical\" href=\"https:\/\/www.violencequefaire.ch\/pt-pt\/guardar-provas-de-violencia\/\" \/>\n<meta property=\"og:locale\" content=\"pt_PT\" \/>\n<meta property=\"og:type\" content=\"article\" \/>\n<meta property=\"og:title\" content=\"Guardar provas de viol\u00eancia &#8226; Violence que faire ?\" \/>\n<meta property=\"og:description\" content=\"D\u00e9couvrez comment documenter et s\u00e9curiser les preuves de violences conjugales, avec des outils num\u00e9riques adapt\u00e9s et discrets.\" \/>\n<meta property=\"og:url\" content=\"https:\/\/www.violencequefaire.ch\/pt-pt\/guardar-provas-de-violencia\/\" \/>\n<meta property=\"og:site_name\" content=\"Violence que faire ?\" \/>\n<meta property=\"article:modified_time\" content=\"2025-10-05T11:50:58+00:00\" \/>\n<meta name=\"twitter:card\" content=\"summary_large_image\" \/>\n<meta name=\"twitter:label1\" content=\"Tempo estimado de leitura\" \/>\n\t<meta name=\"twitter:data1\" content=\"1 minuto\" \/>\n<script type=\"application\/ld+json\" class=\"yoast-schema-graph\">{\"@context\":\"https:\\\/\\\/schema.org\",\"@graph\":[{\"@type\":\"WebPage\",\"@id\":\"https:\\\/\\\/www.violencequefaire.ch\\\/pt-pt\\\/guardar-provas-de-violencia\\\/\",\"url\":\"https:\\\/\\\/www.violencequefaire.ch\\\/pt-pt\\\/guardar-provas-de-violencia\\\/\",\"name\":\"Guardar provas de viol\u00eancia &#8226; Violence que faire ?\",\"isPartOf\":{\"@id\":\"https:\\\/\\\/www.violencequefaire.ch\\\/pt-pt\\\/#website\"},\"primaryImageOfPage\":{\"@id\":\"https:\\\/\\\/www.violencequefaire.ch\\\/pt-pt\\\/guardar-provas-de-violencia\\\/#primaryimage\"},\"image\":{\"@id\":\"https:\\\/\\\/www.violencequefaire.ch\\\/pt-pt\\\/guardar-provas-de-violencia\\\/#primaryimage\"},\"thumbnailUrl\":\"https:\\\/\\\/www.violencequefaire.ch\\\/wp-content\\\/themes\\\/vqf\\\/assets\\\/img\\\/protect-shield.png\",\"datePublished\":\"2025-05-06T14:03:49+00:00\",\"dateModified\":\"2025-10-05T11:50:58+00:00\",\"description\":\"D\u00e9couvrez comment documenter et s\u00e9curiser les preuves de violences conjugales, avec des outils num\u00e9riques adapt\u00e9s et discrets.\",\"breadcrumb\":{\"@id\":\"https:\\\/\\\/www.violencequefaire.ch\\\/pt-pt\\\/guardar-provas-de-violencia\\\/#breadcrumb\"},\"inLanguage\":\"pt-PT\",\"potentialAction\":[{\"@type\":\"ReadAction\",\"target\":[\"https:\\\/\\\/www.violencequefaire.ch\\\/pt-pt\\\/guardar-provas-de-violencia\\\/\"]}]},{\"@type\":\"ImageObject\",\"inLanguage\":\"pt-PT\",\"@id\":\"https:\\\/\\\/www.violencequefaire.ch\\\/pt-pt\\\/guardar-provas-de-violencia\\\/#primaryimage\",\"url\":\"https:\\\/\\\/www.violencequefaire.ch\\\/wp-content\\\/themes\\\/vqf\\\/assets\\\/img\\\/protect-shield.png\",\"contentUrl\":\"https:\\\/\\\/www.violencequefaire.ch\\\/wp-content\\\/themes\\\/vqf\\\/assets\\\/img\\\/protect-shield.png\"},{\"@type\":\"BreadcrumbList\",\"@id\":\"https:\\\/\\\/www.violencequefaire.ch\\\/pt-pt\\\/guardar-provas-de-violencia\\\/#breadcrumb\",\"itemListElement\":[{\"@type\":\"ListItem\",\"position\":1,\"name\":\"In\u00edcio\",\"item\":\"https:\\\/\\\/www.violencequefaire.ch\\\/pt-pt\\\/\"},{\"@type\":\"ListItem\",\"position\":2,\"name\":\"Guardar provas de viol\u00eancia\"}]},{\"@type\":\"WebSite\",\"@id\":\"https:\\\/\\\/www.violencequefaire.ch\\\/pt-pt\\\/#website\",\"url\":\"https:\\\/\\\/www.violencequefaire.ch\\\/pt-pt\\\/\",\"name\":\"Violence que faire\",\"description\":\"Des sp\u00e9cialistes r\u00e9pondent personnellement \u00e0 vos questions anonymes sur la violence au sein du couple.\",\"publisher\":{\"@id\":\"https:\\\/\\\/www.violencequefaire.ch\\\/pt-pt\\\/#organization\"},\"alternateName\":\"Violenza Cosa Fare\",\"potentialAction\":[{\"@type\":\"SearchAction\",\"target\":{\"@type\":\"EntryPoint\",\"urlTemplate\":\"https:\\\/\\\/www.violencequefaire.ch\\\/pt-pt\\\/?s={search_term_string}\"},\"query-input\":{\"@type\":\"PropertyValueSpecification\",\"valueRequired\":true,\"valueName\":\"search_term_string\"}}],\"inLanguage\":\"pt-PT\"},{\"@type\":\"Organization\",\"@id\":\"https:\\\/\\\/www.violencequefaire.ch\\\/pt-pt\\\/#organization\",\"name\":\"Violence que faire ?\",\"url\":\"https:\\\/\\\/www.violencequefaire.ch\\\/pt-pt\\\/\",\"logo\":{\"@type\":\"ImageObject\",\"inLanguage\":\"pt-PT\",\"@id\":\"https:\\\/\\\/www.violencequefaire.ch\\\/pt-pt\\\/#\\\/schema\\\/logo\\\/image\\\/\",\"url\":\"https:\\\/\\\/www.violencequefaire.ch\\\/wp-content\\\/uploads\\\/2022\\\/04\\\/VQF_LOGO_neutre.jpg\",\"contentUrl\":\"https:\\\/\\\/www.violencequefaire.ch\\\/wp-content\\\/uploads\\\/2022\\\/04\\\/VQF_LOGO_neutre.jpg\",\"width\":253,\"height\":376,\"caption\":\"Violence que faire ?\"},\"image\":{\"@id\":\"https:\\\/\\\/www.violencequefaire.ch\\\/pt-pt\\\/#\\\/schema\\\/logo\\\/image\\\/\"}}]}<\/script>\n<!-- \/ Yoast SEO plugin. -->","yoast_head_json":{"title":"Guardar provas de viol\u00eancia &#8226; Violence que faire ?","description":"D\u00e9couvrez comment documenter et s\u00e9curiser les preuves de violences conjugales, avec des outils num\u00e9riques adapt\u00e9s et discrets.","robots":{"index":"index","follow":"follow","max-snippet":"max-snippet:-1","max-image-preview":"max-image-preview:large","max-video-preview":"max-video-preview:-1"},"canonical":"https:\/\/www.violencequefaire.ch\/pt-pt\/guardar-provas-de-violencia\/","og_locale":"pt_PT","og_type":"article","og_title":"Guardar provas de viol\u00eancia &#8226; Violence que faire ?","og_description":"D\u00e9couvrez comment documenter et s\u00e9curiser les preuves de violences conjugales, avec des outils num\u00e9riques adapt\u00e9s et discrets.","og_url":"https:\/\/www.violencequefaire.ch\/pt-pt\/guardar-provas-de-violencia\/","og_site_name":"Violence que faire ?","article_modified_time":"2025-10-05T11:50:58+00:00","twitter_card":"summary_large_image","twitter_misc":{"Tempo estimado de leitura":"1 minuto"},"schema":{"@context":"https:\/\/schema.org","@graph":[{"@type":"WebPage","@id":"https:\/\/www.violencequefaire.ch\/pt-pt\/guardar-provas-de-violencia\/","url":"https:\/\/www.violencequefaire.ch\/pt-pt\/guardar-provas-de-violencia\/","name":"Guardar provas de viol\u00eancia &#8226; Violence que faire ?","isPartOf":{"@id":"https:\/\/www.violencequefaire.ch\/pt-pt\/#website"},"primaryImageOfPage":{"@id":"https:\/\/www.violencequefaire.ch\/pt-pt\/guardar-provas-de-violencia\/#primaryimage"},"image":{"@id":"https:\/\/www.violencequefaire.ch\/pt-pt\/guardar-provas-de-violencia\/#primaryimage"},"thumbnailUrl":"https:\/\/www.violencequefaire.ch\/wp-content\/themes\/vqf\/assets\/img\/protect-shield.png","datePublished":"2025-05-06T14:03:49+00:00","dateModified":"2025-10-05T11:50:58+00:00","description":"D\u00e9couvrez comment documenter et s\u00e9curiser les preuves de violences conjugales, avec des outils num\u00e9riques adapt\u00e9s et discrets.","breadcrumb":{"@id":"https:\/\/www.violencequefaire.ch\/pt-pt\/guardar-provas-de-violencia\/#breadcrumb"},"inLanguage":"pt-PT","potentialAction":[{"@type":"ReadAction","target":["https:\/\/www.violencequefaire.ch\/pt-pt\/guardar-provas-de-violencia\/"]}]},{"@type":"ImageObject","inLanguage":"pt-PT","@id":"https:\/\/www.violencequefaire.ch\/pt-pt\/guardar-provas-de-violencia\/#primaryimage","url":"https:\/\/www.violencequefaire.ch\/wp-content\/themes\/vqf\/assets\/img\/protect-shield.png","contentUrl":"https:\/\/www.violencequefaire.ch\/wp-content\/themes\/vqf\/assets\/img\/protect-shield.png"},{"@type":"BreadcrumbList","@id":"https:\/\/www.violencequefaire.ch\/pt-pt\/guardar-provas-de-violencia\/#breadcrumb","itemListElement":[{"@type":"ListItem","position":1,"name":"In\u00edcio","item":"https:\/\/www.violencequefaire.ch\/pt-pt\/"},{"@type":"ListItem","position":2,"name":"Guardar provas de viol\u00eancia"}]},{"@type":"WebSite","@id":"https:\/\/www.violencequefaire.ch\/pt-pt\/#website","url":"https:\/\/www.violencequefaire.ch\/pt-pt\/","name":"Violence que faire","description":"Des sp\u00e9cialistes r\u00e9pondent personnellement \u00e0 vos questions anonymes sur la violence au sein du couple.","publisher":{"@id":"https:\/\/www.violencequefaire.ch\/pt-pt\/#organization"},"alternateName":"Violenza Cosa Fare","potentialAction":[{"@type":"SearchAction","target":{"@type":"EntryPoint","urlTemplate":"https:\/\/www.violencequefaire.ch\/pt-pt\/?s={search_term_string}"},"query-input":{"@type":"PropertyValueSpecification","valueRequired":true,"valueName":"search_term_string"}}],"inLanguage":"pt-PT"},{"@type":"Organization","@id":"https:\/\/www.violencequefaire.ch\/pt-pt\/#organization","name":"Violence que faire ?","url":"https:\/\/www.violencequefaire.ch\/pt-pt\/","logo":{"@type":"ImageObject","inLanguage":"pt-PT","@id":"https:\/\/www.violencequefaire.ch\/pt-pt\/#\/schema\/logo\/image\/","url":"https:\/\/www.violencequefaire.ch\/wp-content\/uploads\/2022\/04\/VQF_LOGO_neutre.jpg","contentUrl":"https:\/\/www.violencequefaire.ch\/wp-content\/uploads\/2022\/04\/VQF_LOGO_neutre.jpg","width":253,"height":376,"caption":"Violence que faire ?"},"image":{"@id":"https:\/\/www.violencequefaire.ch\/pt-pt\/#\/schema\/logo\/image\/"}}]}},"_links":{"self":[{"href":"https:\/\/www.violencequefaire.ch\/pt-pt\/wp-json\/wp\/v2\/pages\/11018","targetHints":{"allow":["GET"]}}],"collection":[{"href":"https:\/\/www.violencequefaire.ch\/pt-pt\/wp-json\/wp\/v2\/pages"}],"about":[{"href":"https:\/\/www.violencequefaire.ch\/pt-pt\/wp-json\/wp\/v2\/types\/page"}],"author":[{"embeddable":true,"href":"https:\/\/www.violencequefaire.ch\/pt-pt\/wp-json\/wp\/v2\/users\/16"}],"replies":[{"embeddable":true,"href":"https:\/\/www.violencequefaire.ch\/pt-pt\/wp-json\/wp\/v2\/comments?post=11018"}],"version-history":[{"count":4,"href":"https:\/\/www.violencequefaire.ch\/pt-pt\/wp-json\/wp\/v2\/pages\/11018\/revisions"}],"predecessor-version":[{"id":11817,"href":"https:\/\/www.violencequefaire.ch\/pt-pt\/wp-json\/wp\/v2\/pages\/11018\/revisions\/11817"}],"wp:attachment":[{"href":"https:\/\/www.violencequefaire.ch\/pt-pt\/wp-json\/wp\/v2\/media?parent=11018"}],"curies":[{"name":"wp","href":"https:\/\/api.w.org\/{rel}","templated":true}]}}