{"id":10961,"date":"2025-03-25T14:29:10","date_gmt":"2025-03-25T13:29:10","guid":{"rendered":"https:\/\/www.violencequefaire.ch\/question-answer-details\/"},"modified":"2025-08-27T11:06:01","modified_gmt":"2025-08-27T09:06:01","slug":"perguntas-e-respostas","status":"publish","type":"page","link":"https:\/\/www.violencequefaire.ch\/pt-pt\/perguntas-e-respostas\/","title":{"rendered":"Perguntas e respostas"},"content":{"rendered":"","protected":false},"excerpt":{"rendered":"","protected":false},"author":16,"featured_media":0,"parent":0,"menu_order":0,"comment_status":"closed","ping_status":"closed","template":"templates\/question_answer_details.php","meta":{"_acf_changed":false,"footnotes":""},"class_list":["post-10961","page","type-page","status-publish","hentry"],"acf":[],"yoast_head":"<!-- This site is optimized with the Yoast SEO plugin v27.3 - https:\/\/yoast.com\/product\/yoast-seo-wordpress\/ -->\n<title>Perguntas e respostas &#8226; Violence que faire ?<\/title>\n<meta name=\"robots\" content=\"index, follow, max-snippet:-1, max-image-preview:large, max-video-preview:-1\" \/>\n<link rel=\"canonical\" href=\"https:\/\/www.violencequefaire.ch\/pt-pt\/perguntas-e-respostas\/\" \/>\n<meta property=\"og:locale\" content=\"pt_PT\" \/>\n<meta property=\"og:type\" content=\"article\" \/>\n<meta property=\"og:title\" content=\"Perguntas e respostas &#8226; Violence que faire ?\" \/>\n<meta property=\"og:url\" content=\"https:\/\/www.violencequefaire.ch\/pt-pt\/perguntas-e-respostas\/\" \/>\n<meta property=\"og:site_name\" content=\"Violence que faire ?\" \/>\n<meta property=\"article:modified_time\" content=\"2025-08-27T09:06:01+00:00\" \/>\n<meta name=\"twitter:card\" content=\"summary_large_image\" \/>\n<script type=\"application\/ld+json\" class=\"yoast-schema-graph\">{\"@context\":\"https:\\\/\\\/schema.org\",\"@graph\":[{\"@type\":\"WebPage\",\"@id\":\"https:\\\/\\\/www.violencequefaire.ch\\\/pt-pt\\\/perguntas-e-respostas\\\/\",\"url\":\"https:\\\/\\\/www.violencequefaire.ch\\\/pt-pt\\\/perguntas-e-respostas\\\/\",\"name\":\"Perguntas e respostas &#8226; Violence que faire ?\",\"isPartOf\":{\"@id\":\"https:\\\/\\\/www.violencequefaire.ch\\\/pt-pt\\\/#website\"},\"datePublished\":\"2025-03-25T13:29:10+00:00\",\"dateModified\":\"2025-08-27T09:06:01+00:00\",\"breadcrumb\":{\"@id\":\"https:\\\/\\\/www.violencequefaire.ch\\\/pt-pt\\\/perguntas-e-respostas\\\/#breadcrumb\"},\"inLanguage\":\"pt-PT\",\"potentialAction\":[{\"@type\":\"ReadAction\",\"target\":[\"https:\\\/\\\/www.violencequefaire.ch\\\/pt-pt\\\/perguntas-e-respostas\\\/\"]}]},{\"@type\":\"BreadcrumbList\",\"@id\":\"https:\\\/\\\/www.violencequefaire.ch\\\/pt-pt\\\/perguntas-e-respostas\\\/#breadcrumb\",\"itemListElement\":[{\"@type\":\"ListItem\",\"position\":1,\"name\":\"In\u00edcio\",\"item\":\"https:\\\/\\\/www.violencequefaire.ch\\\/pt-pt\\\/\"},{\"@type\":\"ListItem\",\"position\":2,\"name\":\"Perguntas e respostas\"}]},{\"@type\":\"WebSite\",\"@id\":\"https:\\\/\\\/www.violencequefaire.ch\\\/pt-pt\\\/#website\",\"url\":\"https:\\\/\\\/www.violencequefaire.ch\\\/pt-pt\\\/\",\"name\":\"Violence que faire\",\"description\":\"Des sp\u00e9cialistes r\u00e9pondent personnellement \u00e0 vos questions anonymes sur la violence au sein du couple.\",\"publisher\":{\"@id\":\"https:\\\/\\\/www.violencequefaire.ch\\\/pt-pt\\\/#organization\"},\"alternateName\":\"Violenza Cosa Fare\",\"potentialAction\":[{\"@type\":\"SearchAction\",\"target\":{\"@type\":\"EntryPoint\",\"urlTemplate\":\"https:\\\/\\\/www.violencequefaire.ch\\\/pt-pt\\\/?s={search_term_string}\"},\"query-input\":{\"@type\":\"PropertyValueSpecification\",\"valueRequired\":true,\"valueName\":\"search_term_string\"}}],\"inLanguage\":\"pt-PT\"},{\"@type\":\"Organization\",\"@id\":\"https:\\\/\\\/www.violencequefaire.ch\\\/pt-pt\\\/#organization\",\"name\":\"Violence que faire ?\",\"url\":\"https:\\\/\\\/www.violencequefaire.ch\\\/pt-pt\\\/\",\"logo\":{\"@type\":\"ImageObject\",\"inLanguage\":\"pt-PT\",\"@id\":\"https:\\\/\\\/www.violencequefaire.ch\\\/pt-pt\\\/#\\\/schema\\\/logo\\\/image\\\/\",\"url\":\"https:\\\/\\\/www.violencequefaire.ch\\\/wp-content\\\/uploads\\\/2022\\\/04\\\/VQF_LOGO_neutre.jpg\",\"contentUrl\":\"https:\\\/\\\/www.violencequefaire.ch\\\/wp-content\\\/uploads\\\/2022\\\/04\\\/VQF_LOGO_neutre.jpg\",\"width\":253,\"height\":376,\"caption\":\"Violence que faire ?\"},\"image\":{\"@id\":\"https:\\\/\\\/www.violencequefaire.ch\\\/pt-pt\\\/#\\\/schema\\\/logo\\\/image\\\/\"}}]}<\/script>\n<!-- \/ Yoast SEO plugin. -->","yoast_head_json":{"title":"Perguntas e respostas &#8226; Violence que faire ?","robots":{"index":"index","follow":"follow","max-snippet":"max-snippet:-1","max-image-preview":"max-image-preview:large","max-video-preview":"max-video-preview:-1"},"canonical":"https:\/\/www.violencequefaire.ch\/pt-pt\/perguntas-e-respostas\/","og_locale":"pt_PT","og_type":"article","og_title":"Perguntas e respostas &#8226; Violence que faire ?","og_url":"https:\/\/www.violencequefaire.ch\/pt-pt\/perguntas-e-respostas\/","og_site_name":"Violence que faire ?","article_modified_time":"2025-08-27T09:06:01+00:00","twitter_card":"summary_large_image","schema":{"@context":"https:\/\/schema.org","@graph":[{"@type":"WebPage","@id":"https:\/\/www.violencequefaire.ch\/pt-pt\/perguntas-e-respostas\/","url":"https:\/\/www.violencequefaire.ch\/pt-pt\/perguntas-e-respostas\/","name":"Perguntas e respostas &#8226; Violence que faire ?","isPartOf":{"@id":"https:\/\/www.violencequefaire.ch\/pt-pt\/#website"},"datePublished":"2025-03-25T13:29:10+00:00","dateModified":"2025-08-27T09:06:01+00:00","breadcrumb":{"@id":"https:\/\/www.violencequefaire.ch\/pt-pt\/perguntas-e-respostas\/#breadcrumb"},"inLanguage":"pt-PT","potentialAction":[{"@type":"ReadAction","target":["https:\/\/www.violencequefaire.ch\/pt-pt\/perguntas-e-respostas\/"]}]},{"@type":"BreadcrumbList","@id":"https:\/\/www.violencequefaire.ch\/pt-pt\/perguntas-e-respostas\/#breadcrumb","itemListElement":[{"@type":"ListItem","position":1,"name":"In\u00edcio","item":"https:\/\/www.violencequefaire.ch\/pt-pt\/"},{"@type":"ListItem","position":2,"name":"Perguntas e respostas"}]},{"@type":"WebSite","@id":"https:\/\/www.violencequefaire.ch\/pt-pt\/#website","url":"https:\/\/www.violencequefaire.ch\/pt-pt\/","name":"Violence que faire","description":"Des sp\u00e9cialistes r\u00e9pondent personnellement \u00e0 vos questions anonymes sur la violence au sein du couple.","publisher":{"@id":"https:\/\/www.violencequefaire.ch\/pt-pt\/#organization"},"alternateName":"Violenza Cosa Fare","potentialAction":[{"@type":"SearchAction","target":{"@type":"EntryPoint","urlTemplate":"https:\/\/www.violencequefaire.ch\/pt-pt\/?s={search_term_string}"},"query-input":{"@type":"PropertyValueSpecification","valueRequired":true,"valueName":"search_term_string"}}],"inLanguage":"pt-PT"},{"@type":"Organization","@id":"https:\/\/www.violencequefaire.ch\/pt-pt\/#organization","name":"Violence que faire ?","url":"https:\/\/www.violencequefaire.ch\/pt-pt\/","logo":{"@type":"ImageObject","inLanguage":"pt-PT","@id":"https:\/\/www.violencequefaire.ch\/pt-pt\/#\/schema\/logo\/image\/","url":"https:\/\/www.violencequefaire.ch\/wp-content\/uploads\/2022\/04\/VQF_LOGO_neutre.jpg","contentUrl":"https:\/\/www.violencequefaire.ch\/wp-content\/uploads\/2022\/04\/VQF_LOGO_neutre.jpg","width":253,"height":376,"caption":"Violence que faire ?"},"image":{"@id":"https:\/\/www.violencequefaire.ch\/pt-pt\/#\/schema\/logo\/image\/"}}]}},"_links":{"self":[{"href":"https:\/\/www.violencequefaire.ch\/pt-pt\/wp-json\/wp\/v2\/pages\/10961","targetHints":{"allow":["GET"]}}],"collection":[{"href":"https:\/\/www.violencequefaire.ch\/pt-pt\/wp-json\/wp\/v2\/pages"}],"about":[{"href":"https:\/\/www.violencequefaire.ch\/pt-pt\/wp-json\/wp\/v2\/types\/page"}],"author":[{"embeddable":true,"href":"https:\/\/www.violencequefaire.ch\/pt-pt\/wp-json\/wp\/v2\/users\/16"}],"replies":[{"embeddable":true,"href":"https:\/\/www.violencequefaire.ch\/pt-pt\/wp-json\/wp\/v2\/comments?post=10961"}],"version-history":[{"count":1,"href":"https:\/\/www.violencequefaire.ch\/pt-pt\/wp-json\/wp\/v2\/pages\/10961\/revisions"}],"predecessor-version":[{"id":10964,"href":"https:\/\/www.violencequefaire.ch\/pt-pt\/wp-json\/wp\/v2\/pages\/10961\/revisions\/10964"}],"wp:attachment":[{"href":"https:\/\/www.violencequefaire.ch\/pt-pt\/wp-json\/wp\/v2\/media?parent=10961"}],"curies":[{"name":"wp","href":"https:\/\/api.w.org\/{rel}","templated":true}]}}