{"id":10898,"date":"2022-03-24T12:21:56","date_gmt":"2022-03-24T11:21:56","guid":{"rendered":"https:\/\/www.violencequefaire.ch\/navigation-privee\/"},"modified":"2025-08-27T00:54:38","modified_gmt":"2025-08-26T22:54:38","slug":"navegacao-privada","status":"publish","type":"page","link":"https:\/\/www.violencequefaire.ch\/pt-pt\/navegacao-privada\/","title":{"rendered":"Navega\u00e7\u00e3o privada"},"content":{"rendered":"<div class=\"wpb-content-wrapper\"><p>[vc_row][vc_column]<section class='vqf_section_block text_n_media_block'><div class='vqf_container'><div class='vqf_row'><div class='vqf_full_col'><h2>COMO NAVEGAR ANONIMAMENTE?<\/h2><\/div><div><div class='vqf_fixed_width_text'><p>A navega\u00e7\u00e3o privada permite-lhe utilizar a Internet e interagir com os sites sem deixar rasto. O seu browser n\u00e3o regista dados como o hist\u00f3rico, os cookies e as informa\u00e7\u00f5es introduzidas nos formul\u00e1rios.<\/p><\/div><\/div><\/div><div class='vqf_accordion_block'><div class='accordion_item'><div class='accordion_header'><span class='title'>Num computador (MAC\/PC)<\/span><\/div><div class='accordion_body'><div class='acc_body_inner'><div class='vqf_fixed_width_text'><p>Chrome:<br \/>\nClique nos tr\u00eas pontos no canto superior direito do navegador e, em seguida, selecione \"Nova janela de navega\u00e7\u00e3o an\u00f3nima\" no menu.<br \/>\nN\u00e3o se esque\u00e7a de eliminar o seu hist\u00f3rico de navega\u00e7\u00e3o: clique no menu com os tr\u00eas pontos no canto superior direito. Clique em \"Hist\u00f3rico\". Em seguida, clique em \"Limpar dados de navega\u00e7\u00e3o\", \u00e0 esquerda. Por fim, no menu pendente, selecione o intervalo de tempo a eliminar.<br \/>\n<br \/>\nSafari:<br \/>\nAceda ao menu \"Ficheiro\" na barra de ferramentas superior e selecione \"Nova janela de navega\u00e7\u00e3o privada\".<br \/>\nN\u00e3o se esque\u00e7a de limpar o seu hist\u00f3rico de navega\u00e7\u00e3o: num Mac, selecione \"Hist\u00f3rico\" > \"Limpar hist\u00f3rico\". Depois, clique no menu pendente. Por fim, selecione o per\u00edodo para o qual pretende limpar o hist\u00f3rico.<br \/>\n<br \/>\nFirefox:<br \/>\nClique no \u00edcone do menu no canto superior direito. Selecione \"Nova janela de navega\u00e7\u00e3o privada\".<br \/>\nN\u00e3o se esque\u00e7a de eliminar o seu hist\u00f3rico de navega\u00e7\u00e3o: clique no bot\u00e3o de menu para abrir o menu. Clique em \"Hist\u00f3rico\" e selecione \"Limpar hist\u00f3rico recente\". Selecione o per\u00edodo para o qual pretende apagar o hist\u00f3rico e, em seguida, clique em \"OK\".<br \/>\n<br \/>\nInternet Explorer:<br \/>\nPara ativar a Navega\u00e7\u00e3o InPrivate: clique no \u00edcone das defini\u00e7\u00f5es (canto superior direito, que se parece com uma pequena roda dentada), depois em \"Seguran\u00e7a\" e, por fim, em \"Navega\u00e7\u00e3o InPrivate\". Ou utilize o atalho Ctrl + Shift + P.<br \/>\nN\u00e3o se esque\u00e7a de apagar o seu hist\u00f3rico de navega\u00e7\u00e3o. Para tal, aceda a \"Ferramentas\" (ou ao \u00edcone de defini\u00e7\u00f5es), selecione \"Seguran\u00e7a\" e \"Eliminar hist\u00f3rico de navega\u00e7\u00e3o\".<br \/>\n<br \/>\nEdge:<br \/>\nPara ativar a navega\u00e7\u00e3o InPrivate: clique nos tr\u00eas pontos no canto superior direito e selecione \"Nova janela InPrivate\". Ou utilize o atalho Ctrl + Shift + N.<br \/>\nPara limpar o hist\u00f3rico de navega\u00e7\u00e3o: clique nos tr\u00eas pontos, aceda a \"Defini\u00e7\u00f5es\" > \"Privacidade, pesquisa e servi\u00e7os\" > \"Limpar dados de navega\u00e7\u00e3o\".<\/p><\/div><img src='' alt='' class='member_img'><\/div><\/div><\/div><div class='accordion_item'><div class='accordion_header'><span class='title'>Num dispositivo m\u00f3vel (iOS\/Android)<\/span><\/div><div class='accordion_body'><div class='acc_body_inner'><div class='vqf_fixed_width_text'><p>Chrome :<br \/>\n1. Abrir o Chrome: Inicie a aplica\u00e7\u00e3o Chrome no seu dispositivo m\u00f3vel.<br \/>\n2. Aceder \u00e0 navega\u00e7\u00e3o privada: Toque nos tr\u00eas pontos no canto superior direito do navegador e, em seguida, selecione \"Novo separador an\u00f3nimo\" no menu.<br \/>\n3. Eliminar o hist\u00f3rico de navega\u00e7\u00e3o: o Toque novamente nos tr\u00eas pontos no canto superior direito. o Clique em \"Hist\u00f3rico\". o Em seguida, toque em \"Eliminar dados de navega\u00e7\u00e3o\". o No menu pendente, selecione o intervalo de tempo a eliminar.<br \/>\n<br \/>\nSafari (iOS):<br \/>\n1. Abrir o Safari: Inicie a aplica\u00e7\u00e3o Safari no seu dispositivo m\u00f3vel.<br \/>\n2. Aceder \u00e0 navega\u00e7\u00e3o privada: Toque no \u00edcone do separador no canto inferior direito e, em seguida, selecione \"Privado\".<br \/>\n3. Limpar o hist\u00f3rico de navega\u00e7\u00e3o: o Aceda a \"Defini\u00e7\u00f5es\" > \"Safari\". o Toque em \"Limpar hist\u00f3rico e dados de s\u00edtios Web\". o Confirme a sua escolha.<br \/>\n<br \/>\nFirefox:<br \/>\n1. Abrir o Firefox: Inicie a aplica\u00e7\u00e3o Firefox no seu dispositivo m\u00f3vel.<br \/>\n2. Aceder \u00e0 navega\u00e7\u00e3o privada: Toque no \u00edcone do menu no canto superior direito (tr\u00eas linhas horizontais) e selecione \"Novo separador de navega\u00e7\u00e3o privada\".<br \/>\n3. Eliminar o hist\u00f3rico de navega\u00e7\u00e3o: o Toque novamente no \u00edcone de menu. o Clique em \"Hist\u00f3rico\". o Selecione \"Eliminar hist\u00f3rico recente\". o Escolha o intervalo de tempo que pretende eliminar e, em seguida, clique em \"OK\".<br \/>\n<br \/>\nMicrosoft Edge (iOS\/Android):<br \/>\n1. Ativar a navega\u00e7\u00e3o InPrivate: - Abrir o Microsoft Edge: Inicie a aplica\u00e7\u00e3o Edge no seu dispositivo m\u00f3vel. - Aceder \u00e0 navega\u00e7\u00e3o privada: o Toque nos tr\u00eas pontos na parte inferior do ecr\u00e3 (no iOS) ou no canto superior direito (no Android). o Selecione \"Novo separador InPrivate\".<br \/>\n2. Eliminar o hist\u00f3rico de navega\u00e7\u00e3o: - Aceder \u00e0s defini\u00e7\u00f5es: o Toque nos tr\u00eas pontos e selecione \"Defini\u00e7\u00f5es\". - Eliminar dados de navega\u00e7\u00e3o: o Aceda a \"Privacidade e seguran\u00e7a\". o Selecione \"Eliminar dados de navega\u00e7\u00e3o\". o Escolha os tipos de dados que pretende eliminar (como hist\u00f3rico de navega\u00e7\u00e3o, cookies, etc.) e toque em \"Eliminar\". o Tamb\u00e9m pode selecionar o intervalo de tempo para o qual pretende eliminar dados (\u00faltima hora, \u00faltimas 24 horas, etc.).<\/p><\/div><img src='' alt='' class='member_img'><\/div><\/div><\/div><\/div><\/div><\/section>[\/vc_column][\/vc_row][vc_row][vc_column][\/vc_column][\/vc_row]<\/p>\n<\/div>","protected":false},"excerpt":{"rendered":"<p>[vc_row][vc_column][\/vc_column][\/vc_row][vc_row][vc_column][\/vc_column][\/vc_row]<\/p>\n","protected":false},"author":16,"featured_media":0,"parent":0,"menu_order":0,"comment_status":"closed","ping_status":"closed","template":"","meta":{"_acf_changed":false,"footnotes":""},"class_list":["post-10898","page","type-page","status-publish","hentry"],"acf":[],"yoast_head":"<!-- This site is optimized with the Yoast SEO plugin v27.3 - https:\/\/yoast.com\/product\/yoast-seo-wordpress\/ -->\n<title>Navega\u00e7\u00e3o privada &#8226; Violence que faire ?<\/title>\n<meta name=\"robots\" content=\"index, follow, max-snippet:-1, max-image-preview:large, max-video-preview:-1\" \/>\n<link rel=\"canonical\" href=\"https:\/\/www.violencequefaire.ch\/pt-pt\/navegacao-privada\/\" \/>\n<meta property=\"og:locale\" content=\"pt_PT\" \/>\n<meta property=\"og:type\" content=\"article\" \/>\n<meta property=\"og:title\" content=\"Navega\u00e7\u00e3o privada &#8226; Violence que faire ?\" \/>\n<meta property=\"og:description\" content=\"[vc_row][vc_column][\/vc_column][\/vc_row][vc_row][vc_column][\/vc_column][\/vc_row]\" \/>\n<meta property=\"og:url\" content=\"https:\/\/www.violencequefaire.ch\/pt-pt\/navegacao-privada\/\" \/>\n<meta property=\"og:site_name\" content=\"Violence que faire ?\" \/>\n<meta property=\"article:modified_time\" content=\"2025-08-26T22:54:38+00:00\" \/>\n<meta name=\"twitter:card\" content=\"summary_large_image\" \/>\n<meta name=\"twitter:label1\" content=\"Tempo estimado de leitura\" \/>\n\t<meta name=\"twitter:data1\" content=\"1 minuto\" \/>\n<script type=\"application\/ld+json\" class=\"yoast-schema-graph\">{\"@context\":\"https:\\\/\\\/schema.org\",\"@graph\":[{\"@type\":\"WebPage\",\"@id\":\"https:\\\/\\\/www.violencequefaire.ch\\\/pt-pt\\\/navegacao-privada\\\/\",\"url\":\"https:\\\/\\\/www.violencequefaire.ch\\\/pt-pt\\\/navegacao-privada\\\/\",\"name\":\"Navega\u00e7\u00e3o privada &#8226; Violence que faire ?\",\"isPartOf\":{\"@id\":\"https:\\\/\\\/www.violencequefaire.ch\\\/pt-pt\\\/#website\"},\"datePublished\":\"2022-03-24T11:21:56+00:00\",\"dateModified\":\"2025-08-26T22:54:38+00:00\",\"breadcrumb\":{\"@id\":\"https:\\\/\\\/www.violencequefaire.ch\\\/pt-pt\\\/navegacao-privada\\\/#breadcrumb\"},\"inLanguage\":\"pt-PT\",\"potentialAction\":[{\"@type\":\"ReadAction\",\"target\":[\"https:\\\/\\\/www.violencequefaire.ch\\\/pt-pt\\\/navegacao-privada\\\/\"]}]},{\"@type\":\"BreadcrumbList\",\"@id\":\"https:\\\/\\\/www.violencequefaire.ch\\\/pt-pt\\\/navegacao-privada\\\/#breadcrumb\",\"itemListElement\":[{\"@type\":\"ListItem\",\"position\":1,\"name\":\"In\u00edcio\",\"item\":\"https:\\\/\\\/www.violencequefaire.ch\\\/pt-pt\\\/\"},{\"@type\":\"ListItem\",\"position\":2,\"name\":\"Navega\u00e7\u00e3o privada\"}]},{\"@type\":\"WebSite\",\"@id\":\"https:\\\/\\\/www.violencequefaire.ch\\\/pt-pt\\\/#website\",\"url\":\"https:\\\/\\\/www.violencequefaire.ch\\\/pt-pt\\\/\",\"name\":\"Violence que faire\",\"description\":\"Des sp\u00e9cialistes r\u00e9pondent personnellement \u00e0 vos questions anonymes sur la violence au sein du couple.\",\"publisher\":{\"@id\":\"https:\\\/\\\/www.violencequefaire.ch\\\/pt-pt\\\/#organization\"},\"alternateName\":\"Violenza Cosa Fare\",\"potentialAction\":[{\"@type\":\"SearchAction\",\"target\":{\"@type\":\"EntryPoint\",\"urlTemplate\":\"https:\\\/\\\/www.violencequefaire.ch\\\/pt-pt\\\/?s={search_term_string}\"},\"query-input\":{\"@type\":\"PropertyValueSpecification\",\"valueRequired\":true,\"valueName\":\"search_term_string\"}}],\"inLanguage\":\"pt-PT\"},{\"@type\":\"Organization\",\"@id\":\"https:\\\/\\\/www.violencequefaire.ch\\\/pt-pt\\\/#organization\",\"name\":\"Violence que faire ?\",\"url\":\"https:\\\/\\\/www.violencequefaire.ch\\\/pt-pt\\\/\",\"logo\":{\"@type\":\"ImageObject\",\"inLanguage\":\"pt-PT\",\"@id\":\"https:\\\/\\\/www.violencequefaire.ch\\\/pt-pt\\\/#\\\/schema\\\/logo\\\/image\\\/\",\"url\":\"https:\\\/\\\/www.violencequefaire.ch\\\/wp-content\\\/uploads\\\/2022\\\/04\\\/VQF_LOGO_neutre.jpg\",\"contentUrl\":\"https:\\\/\\\/www.violencequefaire.ch\\\/wp-content\\\/uploads\\\/2022\\\/04\\\/VQF_LOGO_neutre.jpg\",\"width\":253,\"height\":376,\"caption\":\"Violence que faire ?\"},\"image\":{\"@id\":\"https:\\\/\\\/www.violencequefaire.ch\\\/pt-pt\\\/#\\\/schema\\\/logo\\\/image\\\/\"}}]}<\/script>\n<!-- \/ Yoast SEO plugin. -->","yoast_head_json":{"title":"Navega\u00e7\u00e3o privada &#8226; Violence que faire ?","robots":{"index":"index","follow":"follow","max-snippet":"max-snippet:-1","max-image-preview":"max-image-preview:large","max-video-preview":"max-video-preview:-1"},"canonical":"https:\/\/www.violencequefaire.ch\/pt-pt\/navegacao-privada\/","og_locale":"pt_PT","og_type":"article","og_title":"Navega\u00e7\u00e3o privada &#8226; Violence que faire ?","og_description":"[vc_row][vc_column][\/vc_column][\/vc_row][vc_row][vc_column][\/vc_column][\/vc_row]","og_url":"https:\/\/www.violencequefaire.ch\/pt-pt\/navegacao-privada\/","og_site_name":"Violence que faire ?","article_modified_time":"2025-08-26T22:54:38+00:00","twitter_card":"summary_large_image","twitter_misc":{"Tempo estimado de leitura":"1 minuto"},"schema":{"@context":"https:\/\/schema.org","@graph":[{"@type":"WebPage","@id":"https:\/\/www.violencequefaire.ch\/pt-pt\/navegacao-privada\/","url":"https:\/\/www.violencequefaire.ch\/pt-pt\/navegacao-privada\/","name":"Navega\u00e7\u00e3o privada &#8226; Violence que faire ?","isPartOf":{"@id":"https:\/\/www.violencequefaire.ch\/pt-pt\/#website"},"datePublished":"2022-03-24T11:21:56+00:00","dateModified":"2025-08-26T22:54:38+00:00","breadcrumb":{"@id":"https:\/\/www.violencequefaire.ch\/pt-pt\/navegacao-privada\/#breadcrumb"},"inLanguage":"pt-PT","potentialAction":[{"@type":"ReadAction","target":["https:\/\/www.violencequefaire.ch\/pt-pt\/navegacao-privada\/"]}]},{"@type":"BreadcrumbList","@id":"https:\/\/www.violencequefaire.ch\/pt-pt\/navegacao-privada\/#breadcrumb","itemListElement":[{"@type":"ListItem","position":1,"name":"In\u00edcio","item":"https:\/\/www.violencequefaire.ch\/pt-pt\/"},{"@type":"ListItem","position":2,"name":"Navega\u00e7\u00e3o privada"}]},{"@type":"WebSite","@id":"https:\/\/www.violencequefaire.ch\/pt-pt\/#website","url":"https:\/\/www.violencequefaire.ch\/pt-pt\/","name":"Violence que faire","description":"Des sp\u00e9cialistes r\u00e9pondent personnellement \u00e0 vos questions anonymes sur la violence au sein du couple.","publisher":{"@id":"https:\/\/www.violencequefaire.ch\/pt-pt\/#organization"},"alternateName":"Violenza Cosa Fare","potentialAction":[{"@type":"SearchAction","target":{"@type":"EntryPoint","urlTemplate":"https:\/\/www.violencequefaire.ch\/pt-pt\/?s={search_term_string}"},"query-input":{"@type":"PropertyValueSpecification","valueRequired":true,"valueName":"search_term_string"}}],"inLanguage":"pt-PT"},{"@type":"Organization","@id":"https:\/\/www.violencequefaire.ch\/pt-pt\/#organization","name":"Violence que faire ?","url":"https:\/\/www.violencequefaire.ch\/pt-pt\/","logo":{"@type":"ImageObject","inLanguage":"pt-PT","@id":"https:\/\/www.violencequefaire.ch\/pt-pt\/#\/schema\/logo\/image\/","url":"https:\/\/www.violencequefaire.ch\/wp-content\/uploads\/2022\/04\/VQF_LOGO_neutre.jpg","contentUrl":"https:\/\/www.violencequefaire.ch\/wp-content\/uploads\/2022\/04\/VQF_LOGO_neutre.jpg","width":253,"height":376,"caption":"Violence que faire ?"},"image":{"@id":"https:\/\/www.violencequefaire.ch\/pt-pt\/#\/schema\/logo\/image\/"}}]}},"_links":{"self":[{"href":"https:\/\/www.violencequefaire.ch\/pt-pt\/wp-json\/wp\/v2\/pages\/10898","targetHints":{"allow":["GET"]}}],"collection":[{"href":"https:\/\/www.violencequefaire.ch\/pt-pt\/wp-json\/wp\/v2\/pages"}],"about":[{"href":"https:\/\/www.violencequefaire.ch\/pt-pt\/wp-json\/wp\/v2\/types\/page"}],"author":[{"embeddable":true,"href":"https:\/\/www.violencequefaire.ch\/pt-pt\/wp-json\/wp\/v2\/users\/16"}],"replies":[{"embeddable":true,"href":"https:\/\/www.violencequefaire.ch\/pt-pt\/wp-json\/wp\/v2\/comments?post=10898"}],"version-history":[{"count":1,"href":"https:\/\/www.violencequefaire.ch\/pt-pt\/wp-json\/wp\/v2\/pages\/10898\/revisions"}],"predecessor-version":[{"id":10901,"href":"https:\/\/www.violencequefaire.ch\/pt-pt\/wp-json\/wp\/v2\/pages\/10898\/revisions\/10901"}],"wp:attachment":[{"href":"https:\/\/www.violencequefaire.ch\/pt-pt\/wp-json\/wp\/v2\/media?parent=10898"}],"curies":[{"name":"wp","href":"https:\/\/api.w.org\/{rel}","templated":true}]}}