{"id":10882,"date":"2022-03-25T13:47:26","date_gmt":"2022-03-25T12:47:26","guid":{"rendered":"https:\/\/www.violencequefaire.ch\/equipe-vqf\/"},"modified":"2025-08-28T15:11:10","modified_gmt":"2025-08-28T13:11:10","slug":"equipa-vqf","status":"publish","type":"page","link":"https:\/\/www.violencequefaire.ch\/pt-pt\/equipa-vqf\/","title":{"rendered":"Equipa VIOLENCE QUE FAIRE"},"content":{"rendered":"<div class=\"wpb-content-wrapper\"><p>[vc_row][vc_column]<section class='vqf_section_block'><div class='vqf_container'><div class='vqf_row'><div class='vqf_full_col'><h2>Comit\u00e9 atual<\/h2><div class='vqf_fixed_width_text'><\/p>\n<h3>Copresid\u00eancia<\/h3>\n<p>&nbsp;<\/p>\n<h3><\/h3>\n<p><\/div><div class='vqf_teams_block'><div class='team_row'><div class='team_col'><div class='col_inner'><img src='https:\/\/www.violencequefaire.ch\/wp-content\/uploads\/2024\/01\/Violence_que_faire_image_web_philippe_biggler.jpg' alt='' class='member_img'><h4>Philippe Bigler<\/h4><div class='member_info'><p>Diretor do Centre d\u2019accueil MalleyPrairie e do Centre Pr\u00e9vention de l\u2019Ale<\/p><\/div><\/div><\/div><div class='team_col'><div class='col_inner'><img src='https:\/\/www.violencequefaire.ch\/wp-content\/uploads\/2024\/01\/Violence_que_faire_image_web_.jpg' alt='' class='member_img'><h4>Claudia D\u2019Andrea<\/h4><div class='member_info'><p>Assistente social e antrop\u00f3loga<\/p><\/div><\/div><\/div><\/div><\/div><\/div><\/div><\/div><\/section><section class='vqf_section_block'><div class='vqf_container'><div class='vqf_row'><div class='vqf_full_col'><div class='vqf_fixed_width_text'><\/p>\n<h3>Vice-presid\u00eancia<\/h3>\n<p>&nbsp;<\/p>\n<h3><\/h3>\n<p><\/div><div class='vqf_teams_block'><div class='team_row'><div class='team_col'><div class='col_inner'><img src='https:\/\/www.violencequefaire.ch\/wp-content\/uploads\/2024\/01\/DSCF3046.jpg' alt='' class='member_img'><h4>St\u00e9phanie Reichenbach<\/h4><div class='member_info'><p>Advogada do gabinete cantonal da igualdade e da fam\u00edlia do cant\u00e3o de Valais<\/p><\/div><\/div><\/div><\/div><\/div><\/div><\/div><\/div><\/section><section class='vqf_section_block'><div class='vqf_container'><div class='vqf_row'><div class='vqf_full_col'><div class='vqf_fixed_width_text'><\/p>\n<h3>Tesoureira<\/h3>\n<p>&nbsp;<\/p>\n<h3><\/h3>\n<p><\/div><div class='vqf_teams_block'><div class='team_row'><div class='team_col'><div class='col_inner'><img src='https:\/\/www.violencequefaire.ch\/wp-content\/uploads\/2024\/01\/DSCF3127.jpg' alt='' class='member_img'><h4>Ana Soares<\/h4><div class='member_info'><p>Economista, respons\u00e1vel pela forma\u00e7\u00e3o e educa\u00e7\u00e3o na Pix4D SA<\/p><\/div><\/div><\/div><\/div><\/div><\/div><\/div><\/div><\/section><section class='vqf_section_block'><div class='vqf_container'><div class='vqf_row'><div class='vqf_full_col'><h2>Membres<\/h2><div class='vqf_fixed_width_text'><\/p>\n<h3>Pessoas associadas<\/h3>\n<p>&nbsp;<\/p>\n<h3><\/h3>\n<p><\/div><div class='vqf_teams_block'><div class='team_row'><div class='team_col'><div class='col_inner'><img src='https:\/\/www.violencequefaire.ch\/wp-content\/uploads\/2024\/01\/DSCF3022.jpg' alt='' class='member_img'><h4>Jimmy Salchegger<\/h4><div class='member_info'><p>Especialista em RH<\/p><\/div><\/div><\/div><div class='team_col'><div class='col_inner'><img src='https:\/\/www.violencequefaire.ch\/wp-content\/uploads\/2024\/03\/DSCF4944-scaled.jpg' alt='' class='member_img'><h4>Sophie Leuenberger<\/h4><div class='member_info'><p>Advogada, membro da Associa\u00e7\u00e3o \"Avocats Ressources en mati\u00e8re de violences domestiques<\/p><\/div><\/div><\/div><\/div><\/div><\/div><\/div><\/div><\/section>[\/vc_column][\/vc_row][vc_row][vc_column]<section class='vqf_section_block block_background'><div class='vqf_container'><div class='vqf_row'><div class='vqf_full_col'><div class='vqf_teams_block'><div class='team_row'><div class='team_col'><div class='col_inner'><img src='https:\/\/www.violencequefaire.ch\/wp-content\/uploads\/2022\/03\/new-photo-francesca.png' alt='' class='member_img'><h4>Coordenador: Francesca Traversa<\/h4><div class='member_info'><p data-start=\"36\" data-end=\"413\">Francesca \u00e9 titular de um bacharelado em Direito pela Universidade de Neuch\u00e2tel. Jurista de forma\u00e7\u00e3o, possui uma s\u00f3lida experi\u00eancia na \u00e1rea judicial penal e uma profunda expertise na gest\u00e3o de processos complexos. O seu percurso profissional levou-a a exercer fun\u00e7\u00f5es que envolvem coordena\u00e7\u00e3o administrativa, supervis\u00e3o regulamentar e gest\u00e3o das rela\u00e7\u00f5es interinstitucionais.<\/p>\n<p data-start=\"415\" data-end=\"689\">Fortemente empenhada nas atividades de servi\u00e7o p\u00fablico, desempenhou, nomeadamente, fun\u00e7\u00f5es como colaboradora da pol\u00edcia e chefe de chancelaria, desenvolvendo um conhecimento aprofundado do funcionamento institucional e das quest\u00f5es relacionadas com a prote\u00e7\u00e3o das pessoas.<\/p>\n<p data-start=\"691\" data-end=\"1271\" data-is-last-node=\"\" data-is-only-node=\"\">Motivada por um forte interesse na \u00e1rea do apoio \u00e0s v\u00edtimas, obteve em 2025 um Certificate of Advanced Studies (CAS) LAVI (Apoio \u00e0s v\u00edtimas de infra\u00e7\u00f5es), uma forma\u00e7\u00e3o cont\u00ednua centrada no acompanhamento jur\u00eddico e psicossocial das v\u00edtimas. No mesmo ano, formou-se tamb\u00e9m em entrevista motivacional. Esta abordagem, centrada no refor\u00e7o da capacidade de a\u00e7\u00e3o das pessoas, baseia-se no trabalho sobre o sentido de import\u00e2ncia e de confian\u00e7a necess\u00e1rios para a mudan\u00e7a. Os contributos deste m\u00e9todo fazem parte da pr\u00e1tica e do acompanhamento propostos no \u00e2mbito de VIOLENCE QUE FAIRE.<\/p><\/div><\/div><\/div><div class='team_col'><div class='col_inner'><img src='https:\/\/www.violencequefaire.ch\/wp-content\/uploads\/2022\/04\/DSCF7185-V2.jpg' alt='' class='member_img'><h4>Respons\u00e1vel pela comunica\u00e7\u00e3o: Vanessa Hambaryan<\/h4><div class='member_info'>Licenciada em marketing, comunica\u00e7\u00e3o e estrat\u00e9gia digital pela Sawi e pelo CREA de Genebra, com uma especializa\u00e7\u00e3o em redes sociais, Vanessa trabalha no sector da comunica\u00e7\u00e3o h\u00e1 mais de 15 anos. Ocupou v\u00e1rios cargos interessantes na imprensa, em ag\u00eancias de comunica\u00e7\u00e3o e no sector da hotelaria de luxo. Desde 2020, Vanessa tem apoiado e treinado associa\u00e7\u00f5es, freelancers e empresas como freelancer de comunica\u00e7\u00e3o e estratega digital. Envolver-se numa organiza\u00e7\u00e3o sem fins lucrativos como a VIOLENCE QUE FAIRE \u00e9 um grande desafio que ela tem o prazer de enfrentar com paix\u00e3o e criatividade.<\/div><\/div><\/div><div class='team_col'><div class='col_inner'><img src='https:\/\/www.violencequefaire.ch\/wp-content\/uploads\/2024\/03\/DSCF4933-scaled.jpg' alt='' class='member_img'><h4>Respons\u00e1vel pelo projeto: Livilla Norr\u00e9<\/h4><div class='member_info'><!-- wp:paragraph -->\n<p>Livilla \u00e9 licenciada em Servi\u00e7o Social e tem um mestrado em Ci\u00eancias Sociais pela Universidade de Friburgo. Durante a sua carreira de assistente social, Livilla tem estado ativa no dom\u00ednio do apoio \u00e0s v\u00edtimas, ocupando nomeadamente um lugar na casa de acolhimento de emerg\u00eancia do centro LAVI Solidarit\u00e9 Femmes do cant\u00e3o de Friburgo. Al\u00e9m disso, animou v\u00e1rias vezes a exposi\u00e7\u00e3o \"Mais forte que a viol\u00eancia\", concebida pelo Gabinete para a igualdade entre homens e mulheres e a fam\u00edlia do cant\u00e3o de Friburgo (BEF). O tema da viol\u00eancia e da ajuda \u00e0s v\u00edtimas \u00e9 uma causa que lhe \u00e9 muito cara. Sens\u00edvel \u00e0s quest\u00f5es de g\u00e9nero e \u00e0 domina\u00e7\u00e3o que delas resulta, Livilla aprofundou estes temas atrav\u00e9s de muita investiga\u00e7\u00e3o durante os seus estudos universit\u00e1rios, nomeadamente no \u00e2mbito do seu trabalho de mestrado. Livilla iniciou o seu contrato com a Associa\u00e7\u00e3o VIOLENCE QUE FAIRE em 1 de janeiro de 2024.<\/p>\n<!-- \/wp:paragraph --><\/div><\/div><\/div><div class='team_col'><div class='col_inner'><img src='https:\/\/www.violencequefaire.ch\/wp-content\/uploads\/2022\/04\/DSCF7221.jpg' alt='' class='member_img'><h4>Secret\u00e1ria: Anne-Sophie Juillard<\/h4><div class='member_info'><!-- wp:paragraph -->\n<p>Anne-Sophie \u00e9 licenciada e possui um mestrado em Ci\u00eancias da Educa\u00e7\u00e3o pela Universidade de Lyon II. Durante v\u00e1rios anos, trabalhou em diferentes \u00e1reas como assistente em organiza\u00e7\u00f5es internacionais, associa\u00e7\u00f5es e outras institui\u00e7\u00f5es. Ingressou na aduna romandie em novembro de 2024, uma institui\u00e7\u00e3o sem fins lucrativos ao servi\u00e7o de associa\u00e7\u00f5es e ONG, e assume o novo mandato de VIOLENCE QUE FAIRE para o secretariado. Est\u00e1 muito entusiasmada por trabalhar numa \u00e1rea dedicada ao apoio a pessoas v\u00edtimas de viol\u00eancia no seio do casal. Trata-se de uma nova experi\u00eancia que acolhe com grande satisfa\u00e7\u00e3o.<\/p>\n<!-- \/wp:paragraph -->\n\n<!-- wp:paragraph -->\n<p><\/p>\n<!-- \/wp:paragraph --><\/div><\/div><\/div><\/div><\/div><\/div><\/div><\/div><\/section>[\/vc_column][\/vc_row]<\/p>\n<\/div>","protected":false},"excerpt":{"rendered":"<p>[vc_row][vc_column][\/vc_column][\/vc_row][vc_row][vc_column][\/vc_column][\/vc_row]<\/p>\n","protected":false},"author":16,"featured_media":0,"parent":0,"menu_order":0,"comment_status":"closed","ping_status":"closed","template":"","meta":{"_acf_changed":false,"footnotes":""},"class_list":["post-10882","page","type-page","status-publish","hentry"],"acf":[],"yoast_head":"<!-- This site is optimized with the Yoast SEO plugin v27.3 - https:\/\/yoast.com\/product\/yoast-seo-wordpress\/ -->\n<title>Equipa VIOLENCE QUE FAIRE &#8226; Violence que faire ?<\/title>\n<meta name=\"robots\" content=\"index, follow, max-snippet:-1, max-image-preview:large, max-video-preview:-1\" \/>\n<link rel=\"canonical\" href=\"https:\/\/www.violencequefaire.ch\/pt-pt\/equipa-vqf\/\" \/>\n<meta property=\"og:locale\" content=\"pt_PT\" \/>\n<meta property=\"og:type\" content=\"article\" \/>\n<meta property=\"og:title\" content=\"Equipa VIOLENCE QUE FAIRE &#8226; Violence que faire ?\" \/>\n<meta property=\"og:description\" content=\"[vc_row][vc_column][\/vc_column][\/vc_row][vc_row][vc_column][\/vc_column][\/vc_row]\" \/>\n<meta property=\"og:url\" content=\"https:\/\/www.violencequefaire.ch\/pt-pt\/equipa-vqf\/\" \/>\n<meta property=\"og:site_name\" content=\"Violence que faire ?\" \/>\n<meta property=\"article:modified_time\" content=\"2025-08-28T13:11:10+00:00\" \/>\n<meta name=\"twitter:card\" content=\"summary_large_image\" \/>\n<meta name=\"twitter:label1\" content=\"Tempo estimado de leitura\" \/>\n\t<meta name=\"twitter:data1\" content=\"1 minuto\" \/>\n<script type=\"application\/ld+json\" class=\"yoast-schema-graph\">{\"@context\":\"https:\\\/\\\/schema.org\",\"@graph\":[{\"@type\":\"WebPage\",\"@id\":\"https:\\\/\\\/www.violencequefaire.ch\\\/pt-pt\\\/equipa-vqf\\\/\",\"url\":\"https:\\\/\\\/www.violencequefaire.ch\\\/pt-pt\\\/equipa-vqf\\\/\",\"name\":\"Equipa VIOLENCE QUE FAIRE &#8226; Violence que faire ?\",\"isPartOf\":{\"@id\":\"https:\\\/\\\/www.violencequefaire.ch\\\/pt-pt\\\/#website\"},\"datePublished\":\"2022-03-25T12:47:26+00:00\",\"dateModified\":\"2025-08-28T13:11:10+00:00\",\"breadcrumb\":{\"@id\":\"https:\\\/\\\/www.violencequefaire.ch\\\/pt-pt\\\/equipa-vqf\\\/#breadcrumb\"},\"inLanguage\":\"pt-PT\",\"potentialAction\":[{\"@type\":\"ReadAction\",\"target\":[\"https:\\\/\\\/www.violencequefaire.ch\\\/pt-pt\\\/equipa-vqf\\\/\"]}]},{\"@type\":\"BreadcrumbList\",\"@id\":\"https:\\\/\\\/www.violencequefaire.ch\\\/pt-pt\\\/equipa-vqf\\\/#breadcrumb\",\"itemListElement\":[{\"@type\":\"ListItem\",\"position\":1,\"name\":\"In\u00edcio\",\"item\":\"https:\\\/\\\/www.violencequefaire.ch\\\/pt-pt\\\/\"},{\"@type\":\"ListItem\",\"position\":2,\"name\":\"Equipa VIOLENCE QUE FAIRE\"}]},{\"@type\":\"WebSite\",\"@id\":\"https:\\\/\\\/www.violencequefaire.ch\\\/pt-pt\\\/#website\",\"url\":\"https:\\\/\\\/www.violencequefaire.ch\\\/pt-pt\\\/\",\"name\":\"Violence que faire\",\"description\":\"Des sp\u00e9cialistes r\u00e9pondent personnellement \u00e0 vos questions anonymes sur la violence au sein du couple.\",\"publisher\":{\"@id\":\"https:\\\/\\\/www.violencequefaire.ch\\\/pt-pt\\\/#organization\"},\"alternateName\":\"Violenza Cosa Fare\",\"potentialAction\":[{\"@type\":\"SearchAction\",\"target\":{\"@type\":\"EntryPoint\",\"urlTemplate\":\"https:\\\/\\\/www.violencequefaire.ch\\\/pt-pt\\\/?s={search_term_string}\"},\"query-input\":{\"@type\":\"PropertyValueSpecification\",\"valueRequired\":true,\"valueName\":\"search_term_string\"}}],\"inLanguage\":\"pt-PT\"},{\"@type\":\"Organization\",\"@id\":\"https:\\\/\\\/www.violencequefaire.ch\\\/pt-pt\\\/#organization\",\"name\":\"Violence que faire ?\",\"url\":\"https:\\\/\\\/www.violencequefaire.ch\\\/pt-pt\\\/\",\"logo\":{\"@type\":\"ImageObject\",\"inLanguage\":\"pt-PT\",\"@id\":\"https:\\\/\\\/www.violencequefaire.ch\\\/pt-pt\\\/#\\\/schema\\\/logo\\\/image\\\/\",\"url\":\"https:\\\/\\\/www.violencequefaire.ch\\\/wp-content\\\/uploads\\\/2022\\\/04\\\/VQF_LOGO_neutre.jpg\",\"contentUrl\":\"https:\\\/\\\/www.violencequefaire.ch\\\/wp-content\\\/uploads\\\/2022\\\/04\\\/VQF_LOGO_neutre.jpg\",\"width\":253,\"height\":376,\"caption\":\"Violence que faire ?\"},\"image\":{\"@id\":\"https:\\\/\\\/www.violencequefaire.ch\\\/pt-pt\\\/#\\\/schema\\\/logo\\\/image\\\/\"}}]}<\/script>\n<!-- \/ Yoast SEO plugin. -->","yoast_head_json":{"title":"Equipa VIOLENCE QUE FAIRE &#8226; Violence que faire ?","robots":{"index":"index","follow":"follow","max-snippet":"max-snippet:-1","max-image-preview":"max-image-preview:large","max-video-preview":"max-video-preview:-1"},"canonical":"https:\/\/www.violencequefaire.ch\/pt-pt\/equipa-vqf\/","og_locale":"pt_PT","og_type":"article","og_title":"Equipa VIOLENCE QUE FAIRE &#8226; Violence que faire ?","og_description":"[vc_row][vc_column][\/vc_column][\/vc_row][vc_row][vc_column][\/vc_column][\/vc_row]","og_url":"https:\/\/www.violencequefaire.ch\/pt-pt\/equipa-vqf\/","og_site_name":"Violence que faire ?","article_modified_time":"2025-08-28T13:11:10+00:00","twitter_card":"summary_large_image","twitter_misc":{"Tempo estimado de leitura":"1 minuto"},"schema":{"@context":"https:\/\/schema.org","@graph":[{"@type":"WebPage","@id":"https:\/\/www.violencequefaire.ch\/pt-pt\/equipa-vqf\/","url":"https:\/\/www.violencequefaire.ch\/pt-pt\/equipa-vqf\/","name":"Equipa VIOLENCE QUE FAIRE &#8226; Violence que faire ?","isPartOf":{"@id":"https:\/\/www.violencequefaire.ch\/pt-pt\/#website"},"datePublished":"2022-03-25T12:47:26+00:00","dateModified":"2025-08-28T13:11:10+00:00","breadcrumb":{"@id":"https:\/\/www.violencequefaire.ch\/pt-pt\/equipa-vqf\/#breadcrumb"},"inLanguage":"pt-PT","potentialAction":[{"@type":"ReadAction","target":["https:\/\/www.violencequefaire.ch\/pt-pt\/equipa-vqf\/"]}]},{"@type":"BreadcrumbList","@id":"https:\/\/www.violencequefaire.ch\/pt-pt\/equipa-vqf\/#breadcrumb","itemListElement":[{"@type":"ListItem","position":1,"name":"In\u00edcio","item":"https:\/\/www.violencequefaire.ch\/pt-pt\/"},{"@type":"ListItem","position":2,"name":"Equipa VIOLENCE QUE FAIRE"}]},{"@type":"WebSite","@id":"https:\/\/www.violencequefaire.ch\/pt-pt\/#website","url":"https:\/\/www.violencequefaire.ch\/pt-pt\/","name":"Violence que faire","description":"Des sp\u00e9cialistes r\u00e9pondent personnellement \u00e0 vos questions anonymes sur la violence au sein du couple.","publisher":{"@id":"https:\/\/www.violencequefaire.ch\/pt-pt\/#organization"},"alternateName":"Violenza Cosa Fare","potentialAction":[{"@type":"SearchAction","target":{"@type":"EntryPoint","urlTemplate":"https:\/\/www.violencequefaire.ch\/pt-pt\/?s={search_term_string}"},"query-input":{"@type":"PropertyValueSpecification","valueRequired":true,"valueName":"search_term_string"}}],"inLanguage":"pt-PT"},{"@type":"Organization","@id":"https:\/\/www.violencequefaire.ch\/pt-pt\/#organization","name":"Violence que faire ?","url":"https:\/\/www.violencequefaire.ch\/pt-pt\/","logo":{"@type":"ImageObject","inLanguage":"pt-PT","@id":"https:\/\/www.violencequefaire.ch\/pt-pt\/#\/schema\/logo\/image\/","url":"https:\/\/www.violencequefaire.ch\/wp-content\/uploads\/2022\/04\/VQF_LOGO_neutre.jpg","contentUrl":"https:\/\/www.violencequefaire.ch\/wp-content\/uploads\/2022\/04\/VQF_LOGO_neutre.jpg","width":253,"height":376,"caption":"Violence que faire ?"},"image":{"@id":"https:\/\/www.violencequefaire.ch\/pt-pt\/#\/schema\/logo\/image\/"}}]}},"_links":{"self":[{"href":"https:\/\/www.violencequefaire.ch\/pt-pt\/wp-json\/wp\/v2\/pages\/10882","targetHints":{"allow":["GET"]}}],"collection":[{"href":"https:\/\/www.violencequefaire.ch\/pt-pt\/wp-json\/wp\/v2\/pages"}],"about":[{"href":"https:\/\/www.violencequefaire.ch\/pt-pt\/wp-json\/wp\/v2\/types\/page"}],"author":[{"embeddable":true,"href":"https:\/\/www.violencequefaire.ch\/pt-pt\/wp-json\/wp\/v2\/users\/16"}],"replies":[{"embeddable":true,"href":"https:\/\/www.violencequefaire.ch\/pt-pt\/wp-json\/wp\/v2\/comments?post=10882"}],"version-history":[{"count":6,"href":"https:\/\/www.violencequefaire.ch\/pt-pt\/wp-json\/wp\/v2\/pages\/10882\/revisions"}],"predecessor-version":[{"id":11161,"href":"https:\/\/www.violencequefaire.ch\/pt-pt\/wp-json\/wp\/v2\/pages\/10882\/revisions\/11161"}],"wp:attachment":[{"href":"https:\/\/www.violencequefaire.ch\/pt-pt\/wp-json\/wp\/v2\/media?parent=10882"}],"curies":[{"name":"wp","href":"https:\/\/api.w.org\/{rel}","templated":true}]}}