{"id":10859,"date":"2022-03-25T09:41:22","date_gmt":"2022-03-25T08:41:22","guid":{"rendered":"https:\/\/www.violencequefaire.ch\/politique-de-confidentialite\/"},"modified":"2025-08-26T23:36:26","modified_gmt":"2025-08-26T21:36:26","slug":"politica-de-confidencialidade","status":"publish","type":"page","link":"https:\/\/www.violencequefaire.ch\/pt-pt\/politica-de-confidencialidade\/","title":{"rendered":"Pol\u00edtica de confidencialida"},"content":{"rendered":"<div class=\"wpb-content-wrapper\"><p>[vc_row][vc_column]<section class='vqf_section_block'><div class='vqf_container'><div class='vqf_row'><div class='vqf_full_col'><h2>Para de todos os utilizadores e internautas do site: <\/h2><div class='vqf_fixed_width_text'><\/p>\n<h3>Confidencialidade:<\/h3>\n<p>VIOLENCE QUE FAIRE n\u00e3o guarda quaisquer dados pessoais sobre as pessoas que utilizam o seu servi\u00e7o de aconselhamento online, nem sobre as pessoas que sofreram viol\u00eancia ou testemunhas ou pessoas pr\u00f3ximas, uma vez que as perguntas s\u00e3o feitas de forma an\u00f3nima.<\/p>\n<h3>Conservamos apenas as seguintes informa\u00e7\u00f5es sobre as pessoas utilizadoras:<\/h3>\n<p>Sexo e\/ou g\u00e9nero, ano de nascimento, cant\u00e3o ou pa\u00eds de origem e as informa\u00e7\u00f5es transmitidas pela pessoa utilizadora na pergunta feita.<br \/>\nVIOLENCE QUE FAIRE s\u00f3 pode publicar perguntas\/respostas no seu webiste na condi\u00e7\u00e3o de ser garantido o anonimato e na medida em que a pessoa que fez a pergunta tenha dado o seu consentimento expl\u00edcito atrav\u00e9s do bot\u00e3o &#8220;Aceito que a minha pergunta seja publicada no s\u00edtio&#8221;. As pessoas que n\u00e3o desejem ver a sua pergunta publicada no website podem indic\u00e1-lo aquando da sua apresenta\u00e7\u00e3o, clicando na caixa &#8220;N\u00e3o aceito que a minha pergunta seja publicada no website&#8221;.<br \/>\nOutras pessoas que navegam no website podem encontrar semelhan\u00e7as com a sua pr\u00f3pria experi\u00eancia e beneficiar das informa\u00e7\u00f5es, pistas e conselhos contidos nas respostas j\u00e1 dadas por profissionais. Assim, cada pergunta-resposta publicada no s\u00edtio tem um verdadeiro efeito &#8220;multiplicador&#8221; e contribui para uma melhor preven\u00e7\u00e3o da viol\u00eancia.<br \/>\nVIOLENCE QUE FAIRE reserva-se o direito de n\u00e3o publicar mensagens que sejam desrespeitosas, contenham mensagens ilegais ou tenham fins publicit\u00e1rios.<br \/>\nviolencequefaire.ch n\u00e3o pode de forma alguma ser responsabilizado pelas ac\u00e7\u00f5es dos utilizadores baseadas nas informa\u00e7\u00f5es fornecidas atrav\u00e9s do site .<br \/>\nAs pessoas que pretendam utilizar testemunhos publicados ou outros conte\u00fados do site s\u00e3o convidadas a informar a Associa\u00e7\u00e3o e a citar violenzachefare.ch como fonte.<br \/>\nOs regulamentos abaixo aplicam-se a todas as pessoas que utilizam o webiste violencequefaire.ch<\/div><\/div><\/div><\/div><\/section><section class='vqf_section_block'><div class='vqf_container'><div class='vqf_row'><div class='vqf_full_col'><h2>Carta \u00e9tica:<\/h2><div class='vqf_fixed_width_text'>Os membros do Comit\u00e9, os membros do pessoal e a equipa consultiva em linha reconhecem os valores da Associa\u00e7\u00e3o e comprometem-se a respeit\u00e1-los.<br \/>\nNenhuma pessoa est\u00e1 autorizada a utilizar o webiste para promover uma ideologia ou cren\u00e7as pessoais.<br \/>\nOs profissionais autorizados a responder \u00e0s perguntas dos utilizadores no website violencequefaire.ch tratam as informa\u00e7\u00f5es de forma confidencial e comprometem-se a n\u00e3o divulgar dados sens\u00edveis ou pessoais.<br \/>\nO regulamento abaixo aplica-se a todas as institui\u00e7\u00f5es parceiras e equipas autorizadas a trabalhar no site sob o nome VIOLENCE QUE FAIRE. O Comit\u00e9 de Associa\u00e7\u00e3o \u00e9 o garante da adequa\u00e7\u00e3o do seu trabalho a este regulamento.<\/div><\/div><\/div><\/div><\/section>[\/vc_column][\/vc_row]<\/p>\n<\/div>","protected":false},"excerpt":{"rendered":"<p>[vc_row][vc_column][\/vc_column][\/vc_row]<\/p>\n","protected":false},"author":16,"featured_media":0,"parent":0,"menu_order":0,"comment_status":"closed","ping_status":"closed","template":"","meta":{"_acf_changed":false,"footnotes":""},"class_list":["post-10859","page","type-page","status-publish","hentry"],"acf":[],"yoast_head":"<!-- This site is optimized with the Yoast SEO plugin v27.3 - https:\/\/yoast.com\/product\/yoast-seo-wordpress\/ -->\n<title>Pol\u00edtica de confidencialida &#8226; Violence que faire ?<\/title>\n<meta name=\"description\" content=\"Notre\u00a0politique de confidentialit\u00e9 s\u2019applique \u00e0 tous les partenaires et \u00e9quipes autoris\u00e9es \u00e0 intervenir sur le site de VIOLENCE QUE FAIRE.\" \/>\n<meta name=\"robots\" content=\"index, follow, max-snippet:-1, max-image-preview:large, max-video-preview:-1\" \/>\n<link rel=\"canonical\" href=\"https:\/\/www.violencequefaire.ch\/pt-pt\/politica-de-confidencialidade\/\" \/>\n<meta property=\"og:locale\" content=\"pt_PT\" \/>\n<meta property=\"og:type\" content=\"article\" \/>\n<meta property=\"og:title\" content=\"Pol\u00edtica de confidencialida &#8226; Violence que faire ?\" \/>\n<meta property=\"og:description\" content=\"Notre\u00a0politique de confidentialit\u00e9 s\u2019applique \u00e0 tous les partenaires et \u00e9quipes autoris\u00e9es \u00e0 intervenir sur le site de VIOLENCE QUE FAIRE.\" \/>\n<meta property=\"og:url\" content=\"https:\/\/www.violencequefaire.ch\/pt-pt\/politica-de-confidencialidade\/\" \/>\n<meta property=\"og:site_name\" content=\"Violence que faire ?\" \/>\n<meta property=\"article:modified_time\" content=\"2025-08-26T21:36:26+00:00\" \/>\n<meta name=\"twitter:card\" content=\"summary_large_image\" \/>\n<meta name=\"twitter:label1\" content=\"Tempo estimado de leitura\" \/>\n\t<meta name=\"twitter:data1\" content=\"2 minutos\" \/>\n<script type=\"application\/ld+json\" class=\"yoast-schema-graph\">{\"@context\":\"https:\\\/\\\/schema.org\",\"@graph\":[{\"@type\":\"WebPage\",\"@id\":\"https:\\\/\\\/www.violencequefaire.ch\\\/pt-pt\\\/politica-de-confidencialidade\\\/\",\"url\":\"https:\\\/\\\/www.violencequefaire.ch\\\/pt-pt\\\/politica-de-confidencialidade\\\/\",\"name\":\"Pol\u00edtica de confidencialida &#8226; Violence que faire ?\",\"isPartOf\":{\"@id\":\"https:\\\/\\\/www.violencequefaire.ch\\\/pt-pt\\\/#website\"},\"datePublished\":\"2022-03-25T08:41:22+00:00\",\"dateModified\":\"2025-08-26T21:36:26+00:00\",\"description\":\"Notre\u00a0politique de confidentialit\u00e9 s\u2019applique \u00e0 tous les partenaires et \u00e9quipes autoris\u00e9es \u00e0 intervenir sur le site de VIOLENCE QUE FAIRE.\",\"breadcrumb\":{\"@id\":\"https:\\\/\\\/www.violencequefaire.ch\\\/pt-pt\\\/politica-de-confidencialidade\\\/#breadcrumb\"},\"inLanguage\":\"pt-PT\",\"potentialAction\":[{\"@type\":\"ReadAction\",\"target\":[\"https:\\\/\\\/www.violencequefaire.ch\\\/pt-pt\\\/politica-de-confidencialidade\\\/\"]}]},{\"@type\":\"BreadcrumbList\",\"@id\":\"https:\\\/\\\/www.violencequefaire.ch\\\/pt-pt\\\/politica-de-confidencialidade\\\/#breadcrumb\",\"itemListElement\":[{\"@type\":\"ListItem\",\"position\":1,\"name\":\"In\u00edcio\",\"item\":\"https:\\\/\\\/www.violencequefaire.ch\\\/pt-pt\\\/\"},{\"@type\":\"ListItem\",\"position\":2,\"name\":\"Pol\u00edtica de confidencialida\"}]},{\"@type\":\"WebSite\",\"@id\":\"https:\\\/\\\/www.violencequefaire.ch\\\/pt-pt\\\/#website\",\"url\":\"https:\\\/\\\/www.violencequefaire.ch\\\/pt-pt\\\/\",\"name\":\"Violence que faire\",\"description\":\"Des sp\u00e9cialistes r\u00e9pondent personnellement \u00e0 vos questions anonymes sur la violence au sein du couple.\",\"publisher\":{\"@id\":\"https:\\\/\\\/www.violencequefaire.ch\\\/pt-pt\\\/#organization\"},\"alternateName\":\"Violenza Cosa Fare\",\"potentialAction\":[{\"@type\":\"SearchAction\",\"target\":{\"@type\":\"EntryPoint\",\"urlTemplate\":\"https:\\\/\\\/www.violencequefaire.ch\\\/pt-pt\\\/?s={search_term_string}\"},\"query-input\":{\"@type\":\"PropertyValueSpecification\",\"valueRequired\":true,\"valueName\":\"search_term_string\"}}],\"inLanguage\":\"pt-PT\"},{\"@type\":\"Organization\",\"@id\":\"https:\\\/\\\/www.violencequefaire.ch\\\/pt-pt\\\/#organization\",\"name\":\"Violence que faire ?\",\"url\":\"https:\\\/\\\/www.violencequefaire.ch\\\/pt-pt\\\/\",\"logo\":{\"@type\":\"ImageObject\",\"inLanguage\":\"pt-PT\",\"@id\":\"https:\\\/\\\/www.violencequefaire.ch\\\/pt-pt\\\/#\\\/schema\\\/logo\\\/image\\\/\",\"url\":\"https:\\\/\\\/www.violencequefaire.ch\\\/wp-content\\\/uploads\\\/2022\\\/04\\\/VQF_LOGO_neutre.jpg\",\"contentUrl\":\"https:\\\/\\\/www.violencequefaire.ch\\\/wp-content\\\/uploads\\\/2022\\\/04\\\/VQF_LOGO_neutre.jpg\",\"width\":253,\"height\":376,\"caption\":\"Violence que faire ?\"},\"image\":{\"@id\":\"https:\\\/\\\/www.violencequefaire.ch\\\/pt-pt\\\/#\\\/schema\\\/logo\\\/image\\\/\"}}]}<\/script>\n<!-- \/ Yoast SEO plugin. -->","yoast_head_json":{"title":"Pol\u00edtica de confidencialida &#8226; Violence que faire ?","description":"Notre\u00a0politique de confidentialit\u00e9 s\u2019applique \u00e0 tous les partenaires et \u00e9quipes autoris\u00e9es \u00e0 intervenir sur le site de VIOLENCE QUE FAIRE.","robots":{"index":"index","follow":"follow","max-snippet":"max-snippet:-1","max-image-preview":"max-image-preview:large","max-video-preview":"max-video-preview:-1"},"canonical":"https:\/\/www.violencequefaire.ch\/pt-pt\/politica-de-confidencialidade\/","og_locale":"pt_PT","og_type":"article","og_title":"Pol\u00edtica de confidencialida &#8226; Violence que faire ?","og_description":"Notre\u00a0politique de confidentialit\u00e9 s\u2019applique \u00e0 tous les partenaires et \u00e9quipes autoris\u00e9es \u00e0 intervenir sur le site de VIOLENCE QUE FAIRE.","og_url":"https:\/\/www.violencequefaire.ch\/pt-pt\/politica-de-confidencialidade\/","og_site_name":"Violence que faire ?","article_modified_time":"2025-08-26T21:36:26+00:00","twitter_card":"summary_large_image","twitter_misc":{"Tempo estimado de leitura":"2 minutos"},"schema":{"@context":"https:\/\/schema.org","@graph":[{"@type":"WebPage","@id":"https:\/\/www.violencequefaire.ch\/pt-pt\/politica-de-confidencialidade\/","url":"https:\/\/www.violencequefaire.ch\/pt-pt\/politica-de-confidencialidade\/","name":"Pol\u00edtica de confidencialida &#8226; Violence que faire ?","isPartOf":{"@id":"https:\/\/www.violencequefaire.ch\/pt-pt\/#website"},"datePublished":"2022-03-25T08:41:22+00:00","dateModified":"2025-08-26T21:36:26+00:00","description":"Notre\u00a0politique de confidentialit\u00e9 s\u2019applique \u00e0 tous les partenaires et \u00e9quipes autoris\u00e9es \u00e0 intervenir sur le site de VIOLENCE QUE FAIRE.","breadcrumb":{"@id":"https:\/\/www.violencequefaire.ch\/pt-pt\/politica-de-confidencialidade\/#breadcrumb"},"inLanguage":"pt-PT","potentialAction":[{"@type":"ReadAction","target":["https:\/\/www.violencequefaire.ch\/pt-pt\/politica-de-confidencialidade\/"]}]},{"@type":"BreadcrumbList","@id":"https:\/\/www.violencequefaire.ch\/pt-pt\/politica-de-confidencialidade\/#breadcrumb","itemListElement":[{"@type":"ListItem","position":1,"name":"In\u00edcio","item":"https:\/\/www.violencequefaire.ch\/pt-pt\/"},{"@type":"ListItem","position":2,"name":"Pol\u00edtica de confidencialida"}]},{"@type":"WebSite","@id":"https:\/\/www.violencequefaire.ch\/pt-pt\/#website","url":"https:\/\/www.violencequefaire.ch\/pt-pt\/","name":"Violence que faire","description":"Des sp\u00e9cialistes r\u00e9pondent personnellement \u00e0 vos questions anonymes sur la violence au sein du couple.","publisher":{"@id":"https:\/\/www.violencequefaire.ch\/pt-pt\/#organization"},"alternateName":"Violenza Cosa Fare","potentialAction":[{"@type":"SearchAction","target":{"@type":"EntryPoint","urlTemplate":"https:\/\/www.violencequefaire.ch\/pt-pt\/?s={search_term_string}"},"query-input":{"@type":"PropertyValueSpecification","valueRequired":true,"valueName":"search_term_string"}}],"inLanguage":"pt-PT"},{"@type":"Organization","@id":"https:\/\/www.violencequefaire.ch\/pt-pt\/#organization","name":"Violence que faire ?","url":"https:\/\/www.violencequefaire.ch\/pt-pt\/","logo":{"@type":"ImageObject","inLanguage":"pt-PT","@id":"https:\/\/www.violencequefaire.ch\/pt-pt\/#\/schema\/logo\/image\/","url":"https:\/\/www.violencequefaire.ch\/wp-content\/uploads\/2022\/04\/VQF_LOGO_neutre.jpg","contentUrl":"https:\/\/www.violencequefaire.ch\/wp-content\/uploads\/2022\/04\/VQF_LOGO_neutre.jpg","width":253,"height":376,"caption":"Violence que faire ?"},"image":{"@id":"https:\/\/www.violencequefaire.ch\/pt-pt\/#\/schema\/logo\/image\/"}}]}},"_links":{"self":[{"href":"https:\/\/www.violencequefaire.ch\/pt-pt\/wp-json\/wp\/v2\/pages\/10859","targetHints":{"allow":["GET"]}}],"collection":[{"href":"https:\/\/www.violencequefaire.ch\/pt-pt\/wp-json\/wp\/v2\/pages"}],"about":[{"href":"https:\/\/www.violencequefaire.ch\/pt-pt\/wp-json\/wp\/v2\/types\/page"}],"author":[{"embeddable":true,"href":"https:\/\/www.violencequefaire.ch\/pt-pt\/wp-json\/wp\/v2\/users\/16"}],"replies":[{"embeddable":true,"href":"https:\/\/www.violencequefaire.ch\/pt-pt\/wp-json\/wp\/v2\/comments?post=10859"}],"version-history":[{"count":2,"href":"https:\/\/www.violencequefaire.ch\/pt-pt\/wp-json\/wp\/v2\/pages\/10859\/revisions"}],"predecessor-version":[{"id":10863,"href":"https:\/\/www.violencequefaire.ch\/pt-pt\/wp-json\/wp\/v2\/pages\/10859\/revisions\/10863"}],"wp:attachment":[{"href":"https:\/\/www.violencequefaire.ch\/pt-pt\/wp-json\/wp\/v2\/media?parent=10859"}],"curies":[{"name":"wp","href":"https:\/\/api.w.org\/{rel}","templated":true}]}}