{"id":10852,"date":"2024-01-24T08:56:00","date_gmt":"2024-01-24T07:56:00","guid":{"rendered":"https:\/\/www.violencequefaire.ch\/nous-soutenir\/"},"modified":"2025-10-05T13:27:30","modified_gmt":"2025-10-05T11:27:30","slug":"apoie-nos","status":"publish","type":"page","link":"https:\/\/www.violencequefaire.ch\/pt-pt\/apoie-nos\/","title":{"rendered":"Apoie-nos"},"content":{"rendered":"<div class=\"wpb-content-wrapper\"><p>[vc_row][vc_column]<section class='vqf_section_block text_n_media_block'><div class='vqf_container'><div class='vqf_row'><div class='vqf_full_col'><h2>Aderir \u00e0 associa\u00e7\u00e3o<\/h2><\/div><div><div class='vqf_fixed_width_text'><p>Ao tornar-se membro da VIOLENCE QUE FAIRE, apoia os objectivos da Associa\u00e7\u00e3o, encoraja a equipa a prosseguir o seu trabalho e envolve-se com ela. Com o seu apoio, est\u00e1 a dar mais peso \u00e0 luta contra a viol\u00eancia nas rela\u00e7\u00f5es. Como membro, receber\u00e1 os boletins informativos da Associa\u00e7\u00e3o, que se centram nas nossas actividades e na problem\u00e1tica da viol\u00eancia nas rela\u00e7\u00f5es. \u00c9 tamb\u00e9m convidado a assistir \u00e0 Assembleia Geral Anual e a participar no processo de decis\u00e3o da Associa\u00e7\u00e3o. Ao tornar-se membro, est\u00e1 a ajudar-nos a continuar o nosso empenho no terreno e a lan\u00e7ar novos projectos!<\/p><\/div><\/div><\/div><div class='vqf_accordion_block'><div class='accordion_item'><div class='accordion_header'><span class='title'>  Porqu\u00ea tornar-se membro?<\/span><\/div><div class='accordion_body'><div class='acc_body_inner'><div class='vqf_fixed_width_text'><p> Ao tornar-se membro da VIOLENCE QUE FAIRE, apoia os objectivos da Associa\u00e7\u00e3o, encoraja a equipa a prosseguir o seu trabalho e envolve-se com ela. Com o seu apoio, est\u00e1 a dar mais peso \u00e0 luta contra a viol\u00eancia nas rela\u00e7\u00f5es. <br \/>\n <br \/>\nComo membro, receber\u00e1 os boletins informativos da Associa\u00e7\u00e3o, que se centram nas nossas actividades e na quest\u00e3o da viol\u00eancia nas rela\u00e7\u00f5es. \u00c9 tamb\u00e9m convidado a assistir \u00e0 Assembleia Geral Anual e a participar no processo de decis\u00e3o da Associa\u00e7\u00e3o. <br \/>\n <br \/>\nAo tornar-se membro, est\u00e1 a ajudar-nos a continuar o nosso empenho no terreno e a lan\u00e7ar novos projectos!<br \/>\n<\/p><\/div><\/div><\/div><\/div><div class='accordion_item'><div class='accordion_header'><span class='title'>Como posso tornar-me membro?<\/span><\/div><div class='accordion_body'><div class='acc_body_inner'><div class='vqf_fixed_width_text'><p>Se considera que as quest\u00f5es abordadas por VIOLENCE QUE FAIRE dizem-lhe respeito e gostaria de nos apoiar e aderir, basta contactar o Secretariado atrav\u00e9s do n\u00famero +41 (0)21 311 95 33 ou escrever um e-mail com os seus dados de contacto para contact@violencequefaire.ch.<br \/>\nReceber\u00e1 ent\u00e3o um cart\u00e3o de membro e documenta\u00e7\u00e3o sobre a nossa associa\u00e7\u00e3o.<br \/>\n<br \/>\nTamb\u00e9m pode aderir diretamente atrav\u00e9s do formul\u00e1rio em linha abaixo, clicando em \"Aderir\".<br \/>\n<br \/>\nS\u00e3o poss\u00edveis tr\u00eas tipos de ades\u00e3o:<br \/>\n<br \/>\nIndividual (quota anual a partir de CHF 30.-)<br \/>\nCasal (quota anual a partir de CHF 50.-)<br \/>\nColetivo* (quota anual a partir de 100 francos su\u00ed\u00e7os)<br \/>\n* Organiza\u00e7\u00f5es privadas ou p\u00fablicas<br \/>\n<br \/>\n<br \/>\nA sua ades\u00e3o ser\u00e1 efectiva assim que receber a confirma\u00e7\u00e3o.<\/p><\/div><\/div><\/div><\/div><\/div><\/div><\/section>[\/vc_column][\/vc_row][vc_row][vc_column]<section class='vqf_section_block only_for_tab'><div class='vqf_container'><div class='vqf_row'><div class='vqf_full_col'><h2><\/h2><div class='vqf_tabs'><ul class='tab_btns'><li data-tab='tab_1' class='actv_tab'><span>Fazer um donativo<\/span><\/li><li data-tab='tab_2'><span>Aderir \u00e0 associa\u00e7\u00e3o<\/span><\/li><\/ul><\/div><\/div><\/div><\/div><\/section>[vc_row_inner el_id=&#8221;tab_1&#8243; el_class=&#8221;tab_container_item&#8221;][vc_column_inner]<section class='vqf_section_block text_n_media_block'><div class='vqf_container'><div class='vqf_row'><div class='vqf_full_col'><h2>Ajude-nos a responder \u00e0s perguntas mais urgentes<\/h2><\/div><div class='left_text_block'><div class='vqf_fixed_width_text'><p>A Associa\u00e7\u00e3o VIOLENCE QUE FAIRE gere o seu servi\u00e7o de aconselhamento online, gratuito e an\u00f3nimo, numa base di\u00e1ria regular. O seu objetivo \u00e9 chegar e ajudar um n\u00famero crescente de pessoas afectadas por situa\u00e7\u00f5es de viol\u00eancia nas rela\u00e7\u00f5es. Para tal, a Associa\u00e7\u00e3o d\u00e1 grande \u00eanfase ao desenvolvimento constante do seu website para responder \u00e0s necessidades das pessoas diretamente envolvidas e vulner\u00e1veis \u00e0 viol\u00eancia nas rela\u00e7\u00f5es.<\/p><\/div><\/div><div class='right_media_block'><div class='media_box'><iframe width='560' height='315' src='https:\/\/www.youtube.com\/embed\/3rBkT0GTgVs' title='YouTube video player' frameborder='0' allow='accelerometer; autoplay; clipboard-write; encrypted-media; gyroscope; picture-in-picture; web-share' allowfullscreen><\/iframe><\/div><\/div><\/div><div class='vqf_accordion_block'><div class='accordion_item'><div class='accordion_header'><span class='title'>Fazer um donativo<\/span><\/div><div class='accordion_body'><div class='acc_body_inner'><div class='vqf_fixed_width_text'><p>A Associa\u00e7\u00e3o VIOLENCE QUE FAIRE \u00e9 <a href=\"https:\/\/www.violencequefaire.ch\/wp-content\/uploads\/2025\/01\/exoneration-dimpots-VQF-attestation-1.pdf\" target=\"_blank\"> reconhecida de utilidade p\u00fablica<\/a> pelo cant\u00e3o de Vaud.<br \/>\n<br \/>\nASSOCIATION VIOLENCE QUE FAIRE<br \/>\nRue du Midi 8<br \/>\n1003 Lausanne<br \/>\n<br \/>\nCCP: 17-512222-3<br \/>\nIBAN: CH58 0900 0000 1751 2222 3<\/p><\/div><\/div><\/div><\/div><div class='accordion_item'><div class='accordion_header'><span class='title'>Apoio profissional e personalizado<\/span><\/div><div class='accordion_body'><div class='acc_body_inner'><div class='vqf_fixed_width_text'><p>Muitas vezes isoladas, com medo e vergonha, as v\u00edtimas de viol\u00eancia numa rela\u00e7\u00e3o podem ter dificuldade em dar nome ao que est\u00e3o a viver, em reconhecer-se como v\u00edtimas e em dar um passo em dire\u00e7\u00e3o a servi\u00e7os de ajuda especializados. Do mesmo modo, \u00e9 muito dif\u00edcil para os autores de viol\u00eancia admitir os seus actos e pedir ajuda. Ou que as pessoas que lhes s\u00e3o pr\u00f3ximas saibam como atuar nesta situa\u00e7\u00e3o.<br \/>\n<br \/>\nSe nada for feito para p\u00f4r fim a esta situa\u00e7\u00e3o, os casos de viol\u00eancia tendem a tornar-se mais frequentes e as agress\u00f5es mais graves. Quebrar o sil\u00eancio e o isolamento \u00e9 um primeiro passo indispens\u00e1vel para travar a din\u00e2mica da viol\u00eancia no seio de um casal. Trata-se ent\u00e3o de facilitar este primeiro passo para sair do sil\u00eancio e permitir que a situa\u00e7\u00e3o seja resolvida o mais rapidamente poss\u00edvel.<br \/>\n<br \/>\nAo ajudar a quebrar o sil\u00eancio, o servi\u00e7o de aconselhamento online violenceachefare.ch permite antecipar e facilitar o tratamento das situa\u00e7\u00f5es e o acompanhamento das pessoas. Desta forma, \u00e9 poss\u00edvel reduzir as consequ\u00eancias da viol\u00eancia.<br \/>\n<br \/>\nTodos os dias, quase 300 pessoas visitam o s\u00edtio para obter informa\u00e7\u00f5es sobre a viol\u00eancia. A equipa do violenceachefare.ch responde, em m\u00e9dia, a mais de 400 utilizadores por ano.<br \/>\n<br \/>\nCom um donativo de 90 CHF, permite a um casal (jovens, adultos, com ou sem filhas e filhos) quebrar o ciclo da viol\u00eancia e dar o primeiro passo para recuperar o bem-estar e a seguran\u00e7a.<br \/>\n<br \/>\nCusto: CHF 100.000\/ano<\/p><\/div><\/div><\/div><\/div><div class='accordion_item'><div class='accordion_header'><span class='title'>Desenvolvimento do website wiolencequefaire.ch: acessibilidade e vers\u00e3o multilingue<\/span><\/div><div class='accordion_body'><div class='acc_body_inner'><div class='vqf_fixed_width_text'><p>Objetivo 2024: Desenvolver o servi\u00e7o de aconselhamento online tamb\u00e9m em ingl\u00eas e italiano, dirigido principalmente \u00e0s pessoas da Su\u00ed\u00e7a de l\u00edngua italiana, mas tamb\u00e9m \u00e0s pessoas do resto da Su\u00ed\u00e7a que ser\u00e3o melhor informadas noutra l\u00edngua que n\u00e3o o franc\u00eas.<br \/>\nIsto torna necess\u00e1rio traduzir todo o s\u00edtio para as duas l\u00ednguas e, em seguida, formar pessoas especializadas que saibam trabalhar com estas l\u00ednguas para responder \u00e0s perguntas em linha. Al\u00e9m disso, VIOLENCE QUE FAIRE pretende tornar o seu site acess\u00edvel \u00e0s pessoas com defici\u00eancia visual, instalando um plug-in especial no seu site. <br \/>\n<br \/>\nCusto total estimado:  86.000 CHF.<\/p><\/div><\/div><\/div><\/div><\/div><\/div><\/section>[\/vc_column_inner][\/vc_row_inner][vc_row_inner el_id=&#8221;tab_2&#8243; el_class=&#8221;tab_container_item&#8221;][vc_column_inner][vc_raw_html]JTNDaWZyYW1lJTIwc3JjJTNEJTIyaHR0cHMlM0ElMkYlMkZkb2NzLmdvb2dsZS5jb20lMkZmb3JtcyUyRmQlMkYxdkItUldWa2NpYWhpRkNKeWVOU1p6QjdrNXlmLUZKS2hHTmhvamhEMDZwYyUyRnZpZXdmb3JtJTNGZW1iZWRkZWQlM0R0cnVlJTIyJTIwbWFyZ2lud2lkdGglM0QlMjIwJTIyJTIwbWFyZ2luaGVpZ2h0JTNEJTIyMCUyMiUyMHdpZHRoJTNEJTIyMTAwJTI1JTIyJTIwaGVpZ2h0JTNEJTIyNzAwJTIyJTIwZnJhbWVib3JkZXIlM0QlMjIwJTIyJTIwc3R5bGUlM0QlMjJtYXJnaW4tdG9wJTNBJTIwNDBweCUzQiUyMiUzRUNoYXJnZW1lbnQlMjBlbiUyMGNvdXJzJUUyJTgwJUE2JTNDJTJGaWZyYW1lJTNF[\/vc_raw_html][\/vc_column_inner][\/vc_row_inner][\/vc_column][\/vc_row][vc_row][vc_column]<div class='vqf_container'><div class='vqf_row'><div class='vqf_full_col'><h2>Agradecimentos<\/h2><p>VIOLENCE QUE FAIRE agradece aos cant\u00f5es da Su\u00ed\u00e7a franc\u00f3fona, ao Gabinete Federal para a Igualdade, \u00e0 Funda\u00e7\u00e3o OAK e \u00e0s pessoas que apoiam a Associa\u00e7\u00e3o e colaboram nas suas actividades.<br \/>\nGra\u00e7as ao apoio de subven\u00e7\u00f5es p\u00fablicas e de donativos privados para projectos espec\u00edficos ou sem finalidade espec\u00edfica, VIOLENCE QUE FAIRE pode oferecer um servi\u00e7o de qualidade e realizar ac\u00e7\u00f5es de sensibiliza\u00e7\u00e3o. E, finalmente, pode tamb\u00e9m alargar as suas actividades e a sua oferta de ajuda e aconselhamento \u00e0 Su\u00ed\u00e7a de l\u00edngua italiana, como j\u00e1 faz h\u00e1 quase 20 anos na Su\u00ed\u00e7a franc\u00f3fona.<\/p><div class='vqf_logo_blocks'><div class='vqf_logo_block_item'><div class='logo_title'><h5>Financiamentos cantonais<\/h5><\/div><div class='vqf_logo_row'><div class='logo_col'><img src='https:\/\/www.violencequefaire.ch\/wp-content\/uploads\/2024\/01\/Logo-VD.jpg'><\/div><div class='logo_col'><img src='https:\/\/www.violencequefaire.ch\/wp-content\/uploads\/2024\/01\/Logo-GE.jpg'><\/div><div class='logo_col'><img src='https:\/\/www.violencequefaire.ch\/wp-content\/uploads\/2024\/01\/Logo-VS.png'><\/div><div class='logo_col'><img src='https:\/\/www.violencequefaire.ch\/wp-content\/uploads\/2024\/01\/Logo-FR.png'><\/div><div class='logo_col'><img src='https:\/\/www.violencequefaire.ch\/wp-content\/uploads\/2024\/01\/Logo-NE.png'><\/div><div class='logo_col'><img src='https:\/\/www.violencequefaire.ch\/wp-content\/uploads\/2024\/01\/Logo-BE.jpg'><\/div><div class='logo_col'><img src='https:\/\/www.violencequefaire.ch\/wp-content\/uploads\/2024\/01\/Logo-JU.gif'><\/div><\/div><\/div><\/div><\/div><\/div><\/div><div class='vqf_container'><div class='vqf_row'><div class='vqf_full_col'><h2><\/h2><p><\/p><div class='vqf_logo_blocks'><div class='vqf_logo_block_item'><div class='logo_title'><h5>Subven\u00e7\u00f5es federais<\/h5><\/div><div class='vqf_logo_row'><div class='logo_col'><img src='https:\/\/www.violencequefaire.ch\/wp-content\/uploads\/2024\/01\/Logo-BFEG.png'><\/div><\/div><\/div><\/div><\/div><\/div><\/div><div class='vqf_container'><div class='vqf_row'><div class='vqf_full_col'><h2><\/h2><p><\/p><div class='vqf_logo_blocks'><div class='vqf_logo_block_item'><div class='logo_title'><h5>Doa\u00e7\u00f5es de organiza\u00e7\u00f5es privadas<\/h5><\/div><div class='vqf_logo_row'><div class='logo_col'><img src='https:\/\/www.violencequefaire.ch\/wp-content\/uploads\/2024\/01\/Logo-OAK.png'><\/div><\/div><\/div><\/div><\/div><\/div><\/div>[\/vc_column][\/vc_row]<\/p>\n<\/div>","protected":false},"excerpt":{"rendered":"<p>[vc_row][vc_column][\/vc_column][\/vc_row][vc_row][vc_column][vc_row_inner el_id=&#8221;tab_1&#8243; el_class=&#8221;tab_container_item&#8221;][vc_column_inner][\/vc_column_inner][\/vc_row_inner][vc_row_inner el_id=&#8221;tab_2&#8243; el_class=&#8221;tab_container_item&#8221;][vc_column_inner][vc_raw_html]JTNDaWZyYW1lJTIwc3JjJTNEJTIyaHR0cHMlM0ElMkYlMkZkb2NzLmdvb2dsZS5jb20lMkZmb3JtcyUyRmQlMkYxdkItUldWa2NpYWhpRkNKeWVOU1p6QjdrNXlmLUZKS2hHTmhvamhEMDZwYyUyRnZpZXdmb3JtJTNGZW1iZWRkZWQlM0R0cnVlJTIyJTIwbWFyZ2lud2lkdGglM0QlMjIwJTIyJTIwbWFyZ2luaGVpZ2h0JTNEJTIyMCUyMiUyMHdpZHRoJTNEJTIyMTAwJTI1JTIyJTIwaGVpZ2h0JTNEJTIyNzAwJTIyJTIwZnJhbWVib3JkZXIlM0QlMjIwJTIyJTIwc3R5bGUlM0QlMjJtYXJnaW4tdG9wJTNBJTIwNDBweCUzQiUyMiUzRUNoYXJnZW1lbnQlMjBlbiUyMGNvdXJzJUUyJTgwJUE2JTNDJTJGaWZyYW1lJTNF[\/vc_raw_html][\/vc_column_inner][\/vc_row_inner][\/vc_column][\/vc_row][vc_row][vc_column][\/vc_column][\/vc_row]<\/p>\n","protected":false},"author":16,"featured_media":0,"parent":0,"menu_order":0,"comment_status":"closed","ping_status":"closed","template":"","meta":{"_acf_changed":false,"footnotes":""},"class_list":["post-10852","page","type-page","status-publish","hentry"],"acf":[],"yoast_head":"<!-- This site is optimized with the Yoast SEO plugin v27.3 - https:\/\/yoast.com\/product\/yoast-seo-wordpress\/ -->\n<title>Apoie-nos &#8226; Violence que faire ?<\/title>\n<meta name=\"description\" content=\"Nous soutenir, d\u00e9couvrez comment et pourquoi devenir membre de violence que faire? Merci aux personnes et institutions qui nous soutiennent.\" \/>\n<meta name=\"robots\" content=\"index, follow, max-snippet:-1, max-image-preview:large, max-video-preview:-1\" \/>\n<link rel=\"canonical\" href=\"https:\/\/www.violencequefaire.ch\/pt-pt\/apoie-nos\/\" \/>\n<meta property=\"og:locale\" content=\"pt_PT\" \/>\n<meta property=\"og:type\" content=\"article\" \/>\n<meta property=\"og:title\" content=\"Apoie-nos &#8226; Violence que faire ?\" \/>\n<meta property=\"og:description\" content=\"Nous soutenir, d\u00e9couvrez comment et pourquoi devenir membre de violence que faire? Merci aux personnes et institutions qui nous soutiennent.\" \/>\n<meta property=\"og:url\" content=\"https:\/\/www.violencequefaire.ch\/pt-pt\/apoie-nos\/\" \/>\n<meta property=\"og:site_name\" content=\"Violence que faire ?\" \/>\n<meta property=\"article:modified_time\" content=\"2025-10-05T11:27:30+00:00\" \/>\n<meta name=\"twitter:card\" content=\"summary_large_image\" \/>\n<meta name=\"twitter:label1\" content=\"Tempo estimado de leitura\" \/>\n\t<meta name=\"twitter:data1\" content=\"2 minutos\" \/>\n<script type=\"application\/ld+json\" class=\"yoast-schema-graph\">{\"@context\":\"https:\\\/\\\/schema.org\",\"@graph\":[{\"@type\":\"WebPage\",\"@id\":\"https:\\\/\\\/www.violencequefaire.ch\\\/pt-pt\\\/apoie-nos\\\/\",\"url\":\"https:\\\/\\\/www.violencequefaire.ch\\\/pt-pt\\\/apoie-nos\\\/\",\"name\":\"Apoie-nos &#8226; Violence que faire ?\",\"isPartOf\":{\"@id\":\"https:\\\/\\\/www.violencequefaire.ch\\\/pt-pt\\\/#website\"},\"datePublished\":\"2024-01-24T07:56:00+00:00\",\"dateModified\":\"2025-10-05T11:27:30+00:00\",\"description\":\"Nous soutenir, d\u00e9couvrez comment et pourquoi devenir membre de violence que faire? Merci aux personnes et institutions qui nous soutiennent.\",\"breadcrumb\":{\"@id\":\"https:\\\/\\\/www.violencequefaire.ch\\\/pt-pt\\\/apoie-nos\\\/#breadcrumb\"},\"inLanguage\":\"pt-PT\",\"potentialAction\":[{\"@type\":\"ReadAction\",\"target\":[\"https:\\\/\\\/www.violencequefaire.ch\\\/pt-pt\\\/apoie-nos\\\/\"]}]},{\"@type\":\"BreadcrumbList\",\"@id\":\"https:\\\/\\\/www.violencequefaire.ch\\\/pt-pt\\\/apoie-nos\\\/#breadcrumb\",\"itemListElement\":[{\"@type\":\"ListItem\",\"position\":1,\"name\":\"In\u00edcio\",\"item\":\"https:\\\/\\\/www.violencequefaire.ch\\\/pt-pt\\\/\"},{\"@type\":\"ListItem\",\"position\":2,\"name\":\"Apoie-nos\"}]},{\"@type\":\"WebSite\",\"@id\":\"https:\\\/\\\/www.violencequefaire.ch\\\/pt-pt\\\/#website\",\"url\":\"https:\\\/\\\/www.violencequefaire.ch\\\/pt-pt\\\/\",\"name\":\"Violence que faire\",\"description\":\"Des sp\u00e9cialistes r\u00e9pondent personnellement \u00e0 vos questions anonymes sur la violence au sein du couple.\",\"publisher\":{\"@id\":\"https:\\\/\\\/www.violencequefaire.ch\\\/pt-pt\\\/#organization\"},\"alternateName\":\"Violenza Cosa Fare\",\"potentialAction\":[{\"@type\":\"SearchAction\",\"target\":{\"@type\":\"EntryPoint\",\"urlTemplate\":\"https:\\\/\\\/www.violencequefaire.ch\\\/pt-pt\\\/?s={search_term_string}\"},\"query-input\":{\"@type\":\"PropertyValueSpecification\",\"valueRequired\":true,\"valueName\":\"search_term_string\"}}],\"inLanguage\":\"pt-PT\"},{\"@type\":\"Organization\",\"@id\":\"https:\\\/\\\/www.violencequefaire.ch\\\/pt-pt\\\/#organization\",\"name\":\"Violence que faire ?\",\"url\":\"https:\\\/\\\/www.violencequefaire.ch\\\/pt-pt\\\/\",\"logo\":{\"@type\":\"ImageObject\",\"inLanguage\":\"pt-PT\",\"@id\":\"https:\\\/\\\/www.violencequefaire.ch\\\/pt-pt\\\/#\\\/schema\\\/logo\\\/image\\\/\",\"url\":\"https:\\\/\\\/www.violencequefaire.ch\\\/wp-content\\\/uploads\\\/2022\\\/04\\\/VQF_LOGO_neutre.jpg\",\"contentUrl\":\"https:\\\/\\\/www.violencequefaire.ch\\\/wp-content\\\/uploads\\\/2022\\\/04\\\/VQF_LOGO_neutre.jpg\",\"width\":253,\"height\":376,\"caption\":\"Violence que faire ?\"},\"image\":{\"@id\":\"https:\\\/\\\/www.violencequefaire.ch\\\/pt-pt\\\/#\\\/schema\\\/logo\\\/image\\\/\"}}]}<\/script>\n<!-- \/ Yoast SEO plugin. -->","yoast_head_json":{"title":"Apoie-nos &#8226; Violence que faire ?","description":"Nous soutenir, d\u00e9couvrez comment et pourquoi devenir membre de violence que faire? Merci aux personnes et institutions qui nous soutiennent.","robots":{"index":"index","follow":"follow","max-snippet":"max-snippet:-1","max-image-preview":"max-image-preview:large","max-video-preview":"max-video-preview:-1"},"canonical":"https:\/\/www.violencequefaire.ch\/pt-pt\/apoie-nos\/","og_locale":"pt_PT","og_type":"article","og_title":"Apoie-nos &#8226; Violence que faire ?","og_description":"Nous soutenir, d\u00e9couvrez comment et pourquoi devenir membre de violence que faire? Merci aux personnes et institutions qui nous soutiennent.","og_url":"https:\/\/www.violencequefaire.ch\/pt-pt\/apoie-nos\/","og_site_name":"Violence que faire ?","article_modified_time":"2025-10-05T11:27:30+00:00","twitter_card":"summary_large_image","twitter_misc":{"Tempo estimado de leitura":"2 minutos"},"schema":{"@context":"https:\/\/schema.org","@graph":[{"@type":"WebPage","@id":"https:\/\/www.violencequefaire.ch\/pt-pt\/apoie-nos\/","url":"https:\/\/www.violencequefaire.ch\/pt-pt\/apoie-nos\/","name":"Apoie-nos &#8226; Violence que faire ?","isPartOf":{"@id":"https:\/\/www.violencequefaire.ch\/pt-pt\/#website"},"datePublished":"2024-01-24T07:56:00+00:00","dateModified":"2025-10-05T11:27:30+00:00","description":"Nous soutenir, d\u00e9couvrez comment et pourquoi devenir membre de violence que faire? Merci aux personnes et institutions qui nous soutiennent.","breadcrumb":{"@id":"https:\/\/www.violencequefaire.ch\/pt-pt\/apoie-nos\/#breadcrumb"},"inLanguage":"pt-PT","potentialAction":[{"@type":"ReadAction","target":["https:\/\/www.violencequefaire.ch\/pt-pt\/apoie-nos\/"]}]},{"@type":"BreadcrumbList","@id":"https:\/\/www.violencequefaire.ch\/pt-pt\/apoie-nos\/#breadcrumb","itemListElement":[{"@type":"ListItem","position":1,"name":"In\u00edcio","item":"https:\/\/www.violencequefaire.ch\/pt-pt\/"},{"@type":"ListItem","position":2,"name":"Apoie-nos"}]},{"@type":"WebSite","@id":"https:\/\/www.violencequefaire.ch\/pt-pt\/#website","url":"https:\/\/www.violencequefaire.ch\/pt-pt\/","name":"Violence que faire","description":"Des sp\u00e9cialistes r\u00e9pondent personnellement \u00e0 vos questions anonymes sur la violence au sein du couple.","publisher":{"@id":"https:\/\/www.violencequefaire.ch\/pt-pt\/#organization"},"alternateName":"Violenza Cosa Fare","potentialAction":[{"@type":"SearchAction","target":{"@type":"EntryPoint","urlTemplate":"https:\/\/www.violencequefaire.ch\/pt-pt\/?s={search_term_string}"},"query-input":{"@type":"PropertyValueSpecification","valueRequired":true,"valueName":"search_term_string"}}],"inLanguage":"pt-PT"},{"@type":"Organization","@id":"https:\/\/www.violencequefaire.ch\/pt-pt\/#organization","name":"Violence que faire ?","url":"https:\/\/www.violencequefaire.ch\/pt-pt\/","logo":{"@type":"ImageObject","inLanguage":"pt-PT","@id":"https:\/\/www.violencequefaire.ch\/pt-pt\/#\/schema\/logo\/image\/","url":"https:\/\/www.violencequefaire.ch\/wp-content\/uploads\/2022\/04\/VQF_LOGO_neutre.jpg","contentUrl":"https:\/\/www.violencequefaire.ch\/wp-content\/uploads\/2022\/04\/VQF_LOGO_neutre.jpg","width":253,"height":376,"caption":"Violence que faire ?"},"image":{"@id":"https:\/\/www.violencequefaire.ch\/pt-pt\/#\/schema\/logo\/image\/"}}]}},"_links":{"self":[{"href":"https:\/\/www.violencequefaire.ch\/pt-pt\/wp-json\/wp\/v2\/pages\/10852","targetHints":{"allow":["GET"]}}],"collection":[{"href":"https:\/\/www.violencequefaire.ch\/pt-pt\/wp-json\/wp\/v2\/pages"}],"about":[{"href":"https:\/\/www.violencequefaire.ch\/pt-pt\/wp-json\/wp\/v2\/types\/page"}],"author":[{"embeddable":true,"href":"https:\/\/www.violencequefaire.ch\/pt-pt\/wp-json\/wp\/v2\/users\/16"}],"replies":[{"embeddable":true,"href":"https:\/\/www.violencequefaire.ch\/pt-pt\/wp-json\/wp\/v2\/comments?post=10852"}],"version-history":[{"count":6,"href":"https:\/\/www.violencequefaire.ch\/pt-pt\/wp-json\/wp\/v2\/pages\/10852\/revisions"}],"predecessor-version":[{"id":11809,"href":"https:\/\/www.violencequefaire.ch\/pt-pt\/wp-json\/wp\/v2\/pages\/10852\/revisions\/11809"}],"wp:attachment":[{"href":"https:\/\/www.violencequefaire.ch\/pt-pt\/wp-json\/wp\/v2\/media?parent=10852"}],"curies":[{"name":"wp","href":"https:\/\/api.w.org\/{rel}","templated":true}]}}