{"id":2251,"date":"2022-04-22T15:28:19","date_gmt":"2022-04-22T13:28:19","guid":{"rendered":"https:\/\/dev-vqf.creatives.com\/?page_id=2251"},"modified":"2023-12-14T06:50:39","modified_gmt":"2023-12-14T05:50:39","slug":"zadaj-pytanie","status":"publish","type":"page","link":"https:\/\/www.violencequefaire.ch\/pl\/zadaj-pytanie\/","title":{"rendered":"Zadaj pytanie"},"content":{"rendered":"<div class=\"wpb-content-wrapper\"><p>[vc_row][vc_column]<section class='vqf_section_block text_n_media_block'><div class='vqf_container'><div class='vqf_row'><div class='vqf_full_col'><h2>ZADAJ PYTANIE<\/h2><\/div><div><div class='vqf_fixed_width_text'><p>Jeste\u015b ofiar\u0105 lub sprawc\u0105 przemocy, albo znasz kogo\u015b z Twojego otoczenia, kto do\u015bwiadcza przemocy domowej? Nie pozostawaj sam ze swoim cierpieniem.<\/p><br \/>\n<p>Prze\u017cywasz trudn\u0105, bolesn\u0105 sytuacj\u0119. Czujesz si\u0119 samotny i bezradny. Masz pytanie, brakuje Ci informacji lub po prostu chcesz opowiedzie\u0107 o tym, co prze\u017cywasz? Na tej stronie do\u015bwiadczeni specjali\u015bci wys\u0142uchaj\u0105 Ci\u0119 i udziel\u0105 Ci odpowiedzi.<\/p><br \/>\n<p>Witryna violencequefaire.ch ma siedzib\u0119 w Szwajcarii. Tylko internauci mieszkaj\u0105cy w Szwajcarii mog\u0105 otrzyma\u0107 indywidualn\u0105 odpowied\u017a.<\/p><br \/>\n<p>We Francji przydatne adresy mo\u017cna znale\u017a\u0107 w \u201eAssociation Solidarit\u00e9 Femmes\u201d (Stowarzyszenie Solidarno\u015bci Kobiet), INAVEM lub pod bezp\u0142atnym numerem 3919. Osobom, kt\u00f3re dopuszczaj\u0105 si\u0119 przemocy, pomocy udziela FNACAV.<\/p><br \/>\n<p>R\u00f3wnie\u017c europejska sie\u0107 WAVE mo\u017ce pom\u00f3c w znalezieniu danych kontaktowych organizacji znajduj\u0105cych si\u0119 w pobli\u017cu, kt\u00f3re mog\u0105 udzieli\u0107 konkretnej pomocy w danej sytuacji.<\/p><br \/>\n<p>Przet\u0142umaczono z www.DeepL.com\/Translator (wersja darmowa)<\/p><\/div><\/div><\/div><div class='vqf_accordion_block'><div class='accordion_item'><div class='accordion_header'><span class='title'>Porady osobiste<\/span><\/div><div class='accordion_body'><div class='acc_body_inner'><div class='vqf_fixed_width_text'><p>Na stronie violencequefaire.ch mo\u017cesz anonimowo zada\u0107 wszystkie nurtuj\u0105ce Ci\u0119 pytania osobom specjalizuj\u0105cym si\u0119 w pomocy ofiarom i sprawcom przemocy domowej. Ich do\u015bwiadczenie pozwala im zrozumie\u0107 z\u0142o\u017cono\u015b\u0107 Twojej sytuacji i udzieli\u0107 Ci wsparcia. Otrzymasz porad\u0119 dostosowan\u0105 do Twoich potrzeb.<\/p><\/div><\/div><\/div><\/div><div class='accordion_item'><div class='accordion_header'><span class='title'>Twoja sytuacja cieszy si\u0119 najwi\u0119kszym zainteresowaniem<\/span><\/div><div class='accordion_body'><div class='acc_body_inner'><div class='vqf_fixed_width_text'><p>Mo\u017ce Ci si\u0119 wydawa\u0107, \u017ce Twoja sytuacja nie jest taka z\u0142a, \u017ce musisz zostawi\u0107 miejsce dla tych, kt\u00f3rzy \u201enaprawd\u0119 go potrzebuj\u0105\u201d. Wiedz, \u017ce Twoja sytuacja jest r\u00f3wnie wa\u017cna, jak innych. Ta strona jest przeznaczona dla wszystkich os\u00f3b dotkni\u0119tych przemoc\u0105, mamy czas, by po\u015bwi\u0119ci\u0107 j\u0105 Tobie.<\/p><\/div><\/div><\/div><\/div><div class='accordion_item'><div class='accordion_header'><span class='title'>Jeste\u015b imigrantem w Szwajcarii i masz pytanie prawne<\/span><\/div><div class='accordion_body'><div class='acc_body_inner'><div class='vqf_fixed_width_text'><p>Jeste\u015b szwajcarskim imigrantem, \u017cyjesz z przemoc\u0105 w swoim ma\u0142\u017ce\u0144stwie i chcia\u0142by\u015b uzyska\u0107 porad\u0119 prawn\u0105? Zapraszamy do kontaktu z nami.<br \/>\n<br \/>\n- Dla kantonu Berno<br \/>\nCentre social protestant (CSP) \u2013 info@csp-beju.ch<br \/>\n<br \/>\n- Dla kantonu Fryburg:<br \/>\nCCSI \/ SOS \u2013 info@ccsi-fr.ch<br \/>\nCaritas \u2013 info@caritas-fr.ch<br \/>\n<br \/>\n- Dla kantonu Genewa:<br \/>\nCentre social protestant (CSP) \u2013 info@csp-ge.ch<br \/>\n<br \/>\n- Dla kantonu Jura:<br \/>\nCentre social protestant (CSP) \u2013 consultation@csp-beju.ch<br \/>\n<br \/>\n- Dla kantonu Neuch\u00e2tel:<br \/>\nCaritas \u2013 caritas.neuchatel@ne.ch<br \/>\n<br \/>\n- Dla kantonu Valais:<br \/>\nCentre Suisse \u2013 Immigr\u00e9s \u2013 csivs@bluewin.ch<br \/>\n<br \/>\n- Dla kantonu Vaud:<br \/>\nFraternit\u00e9 du Centre social protestant (CSP) \u2013 frat@csp-vd.ch<\/p><\/div><\/div><\/div><\/div><div class='accordion_item'><div class='accordion_header'><span class='title'>Jak zada\u0107 pytanie<\/span><\/div><div class='accordion_body'><div class='acc_body_inner'><div class='vqf_fixed_width_text'><p>Aby zada\u0107 pytanie, wystarczy zarejestrowa\u0107 si\u0119 na naszej stronie internetowej, podaj\u0105c nazw\u0119 u\u017cytkownika i has\u0142o. Us\u0142uga ta jest bezp\u0142atna. Je\u015bli nie masz jeszcze dost\u0119pu, mo\u017cesz zarejestrowa\u0107 si\u0119 w Espace Perso (przestrze\u0144 osobista) poni\u017cej. Jest to bardzo proste i szybkie. Nast\u0119pnie mo\u017cesz zada\u0107 swoje pytanie, a my odpowiemy Ci w jak najkr\u00f3tszym czasie. Zazwyczaj nasz czas odpowiedzi wynosi trzy dni robocze, jednak w przypadku pyta\u0144 w j\u0119zykach innych ni\u017c francuski mo\u017ce to potrwa\u0107 nieco d\u0142u\u017cej. Aby zobaczy\u0107 nasz\u0105 odpowied\u017a, musisz zalogowa\u0107 si\u0119 na swoje konto, podaj\u0105c swoj\u0105 nazw\u0119 u\u017cytkownika, a nast\u0119pnie klikn\u0105\u0107 na \u201eMon compte\u201d (Moje konto).<\/p><\/div><\/div><\/div><\/div><div class='accordion_item'><div class='accordion_header'><span class='title'>Mo\u017cesz zada\u0107 pytanie w nast\u0119puj\u0105cych j\u0119zykach<\/span><\/div><div class='accordion_body'><div class='acc_body_inner'><div class='vqf_fixed_width_text'><p>- Deutsch \u2013 niemiecki<br \/>\n- English \u2013 angielski<br \/>\n- \u0627\u0644\u0644\u063a\u0629 \u0627\u0644\u0639\u0631\u0628\u064a\u0629- arabski<br \/>\n- Espa\u00f1ol \u2013 hiszpa\u0144ski<br \/>\n- Italiano \u2013 w\u0142oski<br \/>\n- Polski \u2013 polski<br \/>\n- Portugu\u00e9s \u2013 portugalski<br \/>\n- Bosanski-hrvatski-srpski \u2013 bo\u015bniacki \/ chorwacki \/ serbski<br \/>\n- Soomaali \u2013 somalijski<br \/>\n- \u0ba4\u0bae\u0bbf\u0bb4\u0bcd \u2013 tamilski<br \/>\n- T\u00fcrk\u00e7e \u2013 j\u0119zyk turecki<\/p><\/div><\/div><\/div><\/div><\/div><\/div><\/section>[\/vc_column][\/vc_row]<\/p>\n<\/div>","protected":false},"excerpt":{"rendered":"<p>[vc_row][vc_column][\/vc_column][\/vc_row]<\/p>\n","protected":false},"author":16,"featured_media":0,"parent":0,"menu_order":0,"comment_status":"closed","ping_status":"closed","template":"","meta":{"_acf_changed":false,"footnotes":""},"class_list":["post-2251","page","type-page","status-publish","hentry"],"acf":[],"yoast_head":"<!-- This site is optimized with the Yoast SEO plugin v27.3 - https:\/\/yoast.com\/product\/yoast-seo-wordpress\/ -->\n<title>Zadaj pytanie &#8226; Violence que faire ?<\/title>\n<meta name=\"robots\" content=\"index, follow, max-snippet:-1, max-image-preview:large, max-video-preview:-1\" \/>\n<link rel=\"canonical\" href=\"https:\/\/www.violencequefaire.ch\/pl\/zadaj-pytanie\/\" \/>\n<meta property=\"og:locale\" content=\"pl_PL\" \/>\n<meta property=\"og:type\" content=\"article\" \/>\n<meta property=\"og:title\" content=\"Zadaj pytanie &#8226; Violence que faire ?\" \/>\n<meta property=\"og:description\" content=\"[vc_row][vc_column][\/vc_column][\/vc_row]\" \/>\n<meta property=\"og:url\" content=\"https:\/\/www.violencequefaire.ch\/pl\/zadaj-pytanie\/\" \/>\n<meta property=\"og:site_name\" content=\"Violence que faire ?\" \/>\n<meta property=\"article:modified_time\" content=\"2023-12-14T05:50:39+00:00\" \/>\n<meta name=\"twitter:card\" content=\"summary_large_image\" \/>\n<meta name=\"twitter:label1\" content=\"Szacowany czas czytania\" \/>\n\t<meta name=\"twitter:data1\" content=\"1 minuta\" \/>\n<script type=\"application\/ld+json\" class=\"yoast-schema-graph\">{\"@context\":\"https:\\\/\\\/schema.org\",\"@graph\":[{\"@type\":\"WebPage\",\"@id\":\"https:\\\/\\\/www.violencequefaire.ch\\\/pl\\\/zadaj-pytanie\\\/\",\"url\":\"https:\\\/\\\/www.violencequefaire.ch\\\/pl\\\/zadaj-pytanie\\\/\",\"name\":\"Zadaj pytanie &#8226; Violence que faire ?\",\"isPartOf\":{\"@id\":\"https:\\\/\\\/www.violencequefaire.ch\\\/pl\\\/#website\"},\"datePublished\":\"2022-04-22T13:28:19+00:00\",\"dateModified\":\"2023-12-14T05:50:39+00:00\",\"breadcrumb\":{\"@id\":\"https:\\\/\\\/www.violencequefaire.ch\\\/pl\\\/zadaj-pytanie\\\/#breadcrumb\"},\"inLanguage\":\"pl-PL\",\"potentialAction\":[{\"@type\":\"ReadAction\",\"target\":[\"https:\\\/\\\/www.violencequefaire.ch\\\/pl\\\/zadaj-pytanie\\\/\"]}]},{\"@type\":\"BreadcrumbList\",\"@id\":\"https:\\\/\\\/www.violencequefaire.ch\\\/pl\\\/zadaj-pytanie\\\/#breadcrumb\",\"itemListElement\":[{\"@type\":\"ListItem\",\"position\":1,\"name\":\"Strona g\u0142\u00f3wna\",\"item\":\"https:\\\/\\\/www.violencequefaire.ch\\\/pl\\\/\"},{\"@type\":\"ListItem\",\"position\":2,\"name\":\"Zadaj pytanie\"}]},{\"@type\":\"WebSite\",\"@id\":\"https:\\\/\\\/www.violencequefaire.ch\\\/pl\\\/#website\",\"url\":\"https:\\\/\\\/www.violencequefaire.ch\\\/pl\\\/\",\"name\":\"Violence que faire\",\"description\":\"Des sp\u00e9cialistes r\u00e9pondent personnellement \u00e0 vos questions anonymes sur la violence au sein du couple.\",\"publisher\":{\"@id\":\"https:\\\/\\\/www.violencequefaire.ch\\\/pl\\\/#organization\"},\"alternateName\":\"Violenza Cosa Fare\",\"potentialAction\":[{\"@type\":\"SearchAction\",\"target\":{\"@type\":\"EntryPoint\",\"urlTemplate\":\"https:\\\/\\\/www.violencequefaire.ch\\\/pl\\\/?s={search_term_string}\"},\"query-input\":{\"@type\":\"PropertyValueSpecification\",\"valueRequired\":true,\"valueName\":\"search_term_string\"}}],\"inLanguage\":\"pl-PL\"},{\"@type\":\"Organization\",\"@id\":\"https:\\\/\\\/www.violencequefaire.ch\\\/pl\\\/#organization\",\"name\":\"Violence que faire ?\",\"url\":\"https:\\\/\\\/www.violencequefaire.ch\\\/pl\\\/\",\"logo\":{\"@type\":\"ImageObject\",\"inLanguage\":\"pl-PL\",\"@id\":\"https:\\\/\\\/www.violencequefaire.ch\\\/pl\\\/#\\\/schema\\\/logo\\\/image\\\/\",\"url\":\"https:\\\/\\\/www.violencequefaire.ch\\\/wp-content\\\/uploads\\\/2022\\\/04\\\/VQF_LOGO_neutre.jpg\",\"contentUrl\":\"https:\\\/\\\/www.violencequefaire.ch\\\/wp-content\\\/uploads\\\/2022\\\/04\\\/VQF_LOGO_neutre.jpg\",\"width\":253,\"height\":376,\"caption\":\"Violence que faire ?\"},\"image\":{\"@id\":\"https:\\\/\\\/www.violencequefaire.ch\\\/pl\\\/#\\\/schema\\\/logo\\\/image\\\/\"}}]}<\/script>\n<!-- \/ Yoast SEO plugin. -->","yoast_head_json":{"title":"Zadaj pytanie &#8226; Violence que faire ?","robots":{"index":"index","follow":"follow","max-snippet":"max-snippet:-1","max-image-preview":"max-image-preview:large","max-video-preview":"max-video-preview:-1"},"canonical":"https:\/\/www.violencequefaire.ch\/pl\/zadaj-pytanie\/","og_locale":"pl_PL","og_type":"article","og_title":"Zadaj pytanie &#8226; Violence que faire ?","og_description":"[vc_row][vc_column][\/vc_column][\/vc_row]","og_url":"https:\/\/www.violencequefaire.ch\/pl\/zadaj-pytanie\/","og_site_name":"Violence que faire ?","article_modified_time":"2023-12-14T05:50:39+00:00","twitter_card":"summary_large_image","twitter_misc":{"Szacowany czas czytania":"1 minuta"},"schema":{"@context":"https:\/\/schema.org","@graph":[{"@type":"WebPage","@id":"https:\/\/www.violencequefaire.ch\/pl\/zadaj-pytanie\/","url":"https:\/\/www.violencequefaire.ch\/pl\/zadaj-pytanie\/","name":"Zadaj pytanie &#8226; Violence que faire ?","isPartOf":{"@id":"https:\/\/www.violencequefaire.ch\/pl\/#website"},"datePublished":"2022-04-22T13:28:19+00:00","dateModified":"2023-12-14T05:50:39+00:00","breadcrumb":{"@id":"https:\/\/www.violencequefaire.ch\/pl\/zadaj-pytanie\/#breadcrumb"},"inLanguage":"pl-PL","potentialAction":[{"@type":"ReadAction","target":["https:\/\/www.violencequefaire.ch\/pl\/zadaj-pytanie\/"]}]},{"@type":"BreadcrumbList","@id":"https:\/\/www.violencequefaire.ch\/pl\/zadaj-pytanie\/#breadcrumb","itemListElement":[{"@type":"ListItem","position":1,"name":"Strona g\u0142\u00f3wna","item":"https:\/\/www.violencequefaire.ch\/pl\/"},{"@type":"ListItem","position":2,"name":"Zadaj pytanie"}]},{"@type":"WebSite","@id":"https:\/\/www.violencequefaire.ch\/pl\/#website","url":"https:\/\/www.violencequefaire.ch\/pl\/","name":"Violence que faire","description":"Des sp\u00e9cialistes r\u00e9pondent personnellement \u00e0 vos questions anonymes sur la violence au sein du couple.","publisher":{"@id":"https:\/\/www.violencequefaire.ch\/pl\/#organization"},"alternateName":"Violenza Cosa Fare","potentialAction":[{"@type":"SearchAction","target":{"@type":"EntryPoint","urlTemplate":"https:\/\/www.violencequefaire.ch\/pl\/?s={search_term_string}"},"query-input":{"@type":"PropertyValueSpecification","valueRequired":true,"valueName":"search_term_string"}}],"inLanguage":"pl-PL"},{"@type":"Organization","@id":"https:\/\/www.violencequefaire.ch\/pl\/#organization","name":"Violence que faire ?","url":"https:\/\/www.violencequefaire.ch\/pl\/","logo":{"@type":"ImageObject","inLanguage":"pl-PL","@id":"https:\/\/www.violencequefaire.ch\/pl\/#\/schema\/logo\/image\/","url":"https:\/\/www.violencequefaire.ch\/wp-content\/uploads\/2022\/04\/VQF_LOGO_neutre.jpg","contentUrl":"https:\/\/www.violencequefaire.ch\/wp-content\/uploads\/2022\/04\/VQF_LOGO_neutre.jpg","width":253,"height":376,"caption":"Violence que faire ?"},"image":{"@id":"https:\/\/www.violencequefaire.ch\/pl\/#\/schema\/logo\/image\/"}}]}},"_links":{"self":[{"href":"https:\/\/www.violencequefaire.ch\/pl\/wp-json\/wp\/v2\/pages\/2251","targetHints":{"allow":["GET"]}}],"collection":[{"href":"https:\/\/www.violencequefaire.ch\/pl\/wp-json\/wp\/v2\/pages"}],"about":[{"href":"https:\/\/www.violencequefaire.ch\/pl\/wp-json\/wp\/v2\/types\/page"}],"author":[{"embeddable":true,"href":"https:\/\/www.violencequefaire.ch\/pl\/wp-json\/wp\/v2\/users\/16"}],"replies":[{"embeddable":true,"href":"https:\/\/www.violencequefaire.ch\/pl\/wp-json\/wp\/v2\/comments?post=2251"}],"version-history":[{"count":5,"href":"https:\/\/www.violencequefaire.ch\/pl\/wp-json\/wp\/v2\/pages\/2251\/revisions"}],"predecessor-version":[{"id":5381,"href":"https:\/\/www.violencequefaire.ch\/pl\/wp-json\/wp\/v2\/pages\/2251\/revisions\/5381"}],"wp:attachment":[{"href":"https:\/\/www.violencequefaire.ch\/pl\/wp-json\/wp\/v2\/media?parent=2251"}],"curies":[{"name":"wp","href":"https:\/\/api.w.org\/{rel}","templated":true}]}}