{"id":9322,"date":"2024-01-24T08:56:00","date_gmt":"2024-01-24T07:56:00","guid":{"rendered":"https:\/\/www.violencequefaire.ch\/nous-soutenir\/"},"modified":"2024-12-02T16:22:07","modified_gmt":"2024-12-02T15:22:07","slug":"sostenerci","status":"publish","type":"page","link":"https:\/\/www.violencequefaire.ch\/it\/sostenerci\/","title":{"rendered":"Sostenerci"},"content":{"rendered":"<div class=\"wpb-content-wrapper\"><p>[vc_row][vc_column]<section class='vqf_section_block text_n_media_block'><div class='vqf_container'><div class='vqf_row'><div class='vqf_full_col'><h2>Aderire all\u2019associazione<\/h2><\/div><div><div class='vqf_fixed_width_text'><p>Aderendo all\u2019associazione VIOLENZA COSA FARE sostenete gli obiettivi dell\u2019Associazione, incoraggiate l\u2019\u00e9quipe a proseguire con le proprie attivit\u00e0 e potete impegnarvi al suo fianco. Con il vostro sostegno, date pi\u00f9 peso alla lotta contro le violenze nelle relazioni di coppia. Se vi associate, ricevete le newsletter dell\u2019Associazione che vi informano soprattutto sulle nostre azioni e sulla problematica della violenza nelle relazioni di coppia. Avete anche la possibilit\u00e0 di intervenire all\u2019Assemblea generale e di partecipare alle decisioni importanti a proposito dell\u2019Associazione. Attraverso la vostra adesione, ci aiutate a proseguire il nostro impegno sul campo e a lanciare nuovi progetti!<\/p><\/div><\/div><\/div><div class='vqf_accordion_block'><div class='accordion_item'><div class='accordion_header'><span class='title'>Perch\u00e9 associarvi e aderire?  <\/span><\/div><div class='accordion_body'><div class='acc_body_inner'><div class='vqf_fixed_width_text'><p>Aderendo all\u2019associazione VIOLENZA COSA FARE sostenete gli obiettivi dell\u2019Associazione, incoraggiate l\u2019\u00e9quipe a proseguire con le proprie attivit\u00e0 e potete impegnarvi al suo fianco. Con il vostro sostegno, date pi\u00f9 peso alla lotta contro le violenze nelle relazioni di coppia.<br \/>\n <br \/>\nAssociandovi, ricevete le newsletter dell\u2019Associazione che vi informano soprattutto sulle nostre azioni e sulla problematica della violenza nelle relazioni di coppia. Avete anche la possibilit\u00e0 di intervenire all\u2019Assemblea generale e partecipate alle decisioni importanti a proposito dell\u2019Associazione.<br \/>\n <br \/>\nAttraverso la vostra adesione, ci aiutate a proseguire il nostro impegno sul campo e a lanciare nuovi progetti!<br \/>\n<\/p><\/div><\/div><\/div><\/div><div class='accordion_item'><div class='accordion_header'><span class='title'>Come aderire e associarvi?<\/span><\/div><div class='accordion_body'><div class='acc_body_inner'><div class='vqf_fixed_width_text'><p>Se sentite che le problematiche trattate da VIOLENZA COSA FARE vi riguardano e volete sostenerci e aderire, \u00e8 sufficiente contattare il Segretariato allo +41 (0)21 311 95 33 oppure scrivere una mail con le vostre coordinate all\u2019indirizzo contatto@violenzacosafare.ch.<br \/>\n Ricevete allora un bollettino di adesione e la documentazione sulla nostra associazione.<br \/>\n <br \/>\nPotete anche aderire direttamente tramite il formulario online qui sotto cliccando direttamente su \u201cAderire\u201d.<br \/>\n <br \/>\nSono possibili tre tipi di adesione :<br \/>\n <br \/>\nIndividuale (quota annuale da CHF 30.-)<br \/>\n Coppia (quota annuale da CHF 50.-)<br \/>\n Collettiva* (quota annuale da CHF 100.-)<br \/>\n * organizzazioni private o pubbliche<br \/>\n <br \/>\nLa vostra adesione sar\u00e0 effettiva non appena ne ricevete conferma.<br \/>\n<\/p><\/div><\/div><\/div><\/div><\/div><\/div><\/section>[\/vc_column][\/vc_row][vc_row][vc_column]<section class='vqf_section_block only_for_tab'><div class='vqf_container'><div class='vqf_row'><div class='vqf_full_col'><h2><\/h2><div class='vqf_tabs'><ul class='tab_btns'><li data-tab='tab_1' class='actv_tab'><span>Fare una donazione<\/span><\/li><li data-tab='tab_2'><span>Aderire all\u2019associazione<\/span><\/li><\/ul><\/div><\/div><\/div><\/div><\/section>[vc_row_inner el_id=&#8221;tab_1&#8243; el_class=&#8221;tab_container_item&#8221;][vc_column_inner]<section class='vqf_section_block text_n_media_block'><div class='vqf_container'><div class='vqf_row'><div class='vqf_full_col'><h2>Aiutateci a rispondere alle domande pi\u00f9 urgenti<\/h2><\/div><div class='left_text_block'><div class='vqf_fixed_width_text'><p>L\u2019Associazione VIOLENZA COSA FARE gestisce in modo regolare e quotidiano il suo servizio di consulenza online gratuita e anonima. Il suo obiettivo \u00e8 di raggiungere e aiutare un numero sempre maggiore di persone coinvolte da situazioni di violenza nelle relazioni di coppia. Per riuscirci, l\u2019Associazione mette grande attenzione a sviluppare costantemente il suo sito per rispondere ai bisogni delle persone direttamente coinvolte e vulnerabili di fronte alla violenza nelle relazioni di coppia.<\/p><\/div><\/div><div class='right_media_block'><div class='media_box'><iframe width='560' height='315' src='https:\/\/www.youtube.com\/embed\/3rBkT0GTgVs' title='YouTube video player' frameborder='0' allow='accelerometer; autoplay; clipboard-write; encrypted-media; gyroscope; picture-in-picture; web-share' allowfullscreen><\/iframe><\/div><\/div><\/div><div class='vqf_accordion_block'><div class='accordion_item'><div class='accordion_header'><span class='title'>Fare una donazione <\/span><\/div><div class='accordion_body'><div class='acc_body_inner'><div class='vqf_fixed_width_text'><p>Associazione Violenza Cosa Fare<br \/>\nRue du Midi 8<br \/>\n1003 Lausanne<br \/>\n<br \/>\nCCP: 17-512222-3<br \/>\nIBAN: CH58 0900 0000 1751 2222 3<\/p><\/div><\/div><\/div><\/div><div class='accordion_item'><div class='accordion_header'><span class='title'>Sostegno professionale e personalizzato<\/span><\/div><div class='accordion_body'><div class='acc_body_inner'><div class='vqf_fixed_width_text'><p>Obiettivo: Rompere il silenzio attorno alla violenza<br \/>\n <br \/>\nSpesso isolate, nella paura e nella vergogna, le persone vittima di violenza nelle relazioni di coppia possono avere difficolt\u00e0 a dare un nome a quello che stanno vivendo, a riconoscersi come vittime, e a fare un passo verso i servizi di aiuto specializzati. Allo stesso modo, \u00e8 molto difficile per le persone che agiscono violenza ammettere i propri atti e chiedere aiuto. O per le persone vicine sapere come agire in questa situazione.<br \/>\n <br \/>\nSe non si fa nulla per mettervi fine, gli episodi di violenza tendono a diventare pi\u00f9 ravvicinati e le aggressioni pi\u00f9 gravi. Rompere il silenzio e l\u2019isolamento \u00e8 una prima tappa indispensabile per fermare la dinamica della violenza all\u2019interno di una coppia. Si tratta allora di rendere pi\u00f9 facile questo primo passo fuori dal silenzio, per permettere che le loro situazioni siano prese a carico il prima possibile.<br \/>\n <br \/>\nAiutando a rompere il silenzio, il servizio di consulenza online violenzachefare.ch permette di anticipare e facilitare la gestione delle situazioni e l\u2019accompagnamento delle persone. E cos\u00ec permette di diminuire le conseguenze della violenza.<br \/>\n <br \/>\nOgni giorno quasi 300 persone visitano il sito per trovare informazioni sulla violenza. L\u2019\u00e9quipe di violenzachefare.ch risponde, in media, a oltre 400 utenti ogni anno.<br \/>\n <br \/>\n<br \/>\nCon una donazione di CHF 90.-, permettete a una coppia (di giovani, persone adulte, con o senza figlie e figli) di rompere il ciclo della violenza e di fare il primo passo per ritrovare benessere e sicurezza.<br \/>\n <br \/>\nCosto: CHF 100\u2019000.-\/anno<br \/>\n<\/p><\/div><\/div><\/div><\/div><div class='accordion_item'><div class='accordion_header'><span class='title'>Sviluppo del sito violenzacosafare.ch: accessibilit\u00e0 e versione multilingue  <\/span><\/div><div class='accordion_body'><div class='acc_body_inner'><div class='vqf_fixed_width_text'><p>Obiettivo 2024: Sviluppare il servizio di consulenza online anche in inglese e in italiano, rivolgendosi soprattutto alle persone della Svizzera italiana ma anche alle persone del resto della Svizzera che si trovano meglio in un\u2019altra lingua rispetto al francese.<br \/>\n<br \/>\nCi\u00f2 rende necessario provvedere alla traduzione dell\u2019intero sito nelle due lingue e poi formare delle persone specializzate che sappiano lavorare con queste lingue per rispondere online alle domande. Inoltre VIOLENZA COSA FARE intende rendere accessibile il suo sito alle persone con una disabilit\u00e0 visiva attraverso l\u2019istallazione di un apposito plug-in sul proprio sito. <br \/>\n<br \/>\nCosto totale stimato:  CHF 86'000.-<br \/>\n<\/p><\/div><\/div><\/div><\/div><\/div><\/div><\/section>[\/vc_column_inner][\/vc_row_inner][vc_row_inner el_id=&#8221;tab_2&#8243; el_class=&#8221;tab_container_item&#8221;][vc_column_inner][vc_raw_html]JTNDaWZyYW1lJTIwc3JjJTNEJTIyaHR0cHMlM0ElMkYlMkZkb2NzLmdvb2dsZS5jb20lMkZmb3JtcyUyRmQlMkYxdkItUldWa2NpYWhpRkNKeWVOU1p6QjdrNXlmLUZKS2hHTmhvamhEMDZwYyUyRnZpZXdmb3JtJTNGZW1iZWRkZWQlM0R0cnVlJTIyJTIwbWFyZ2lud2lkdGglM0QlMjIwJTIyJTIwbWFyZ2luaGVpZ2h0JTNEJTIyMCUyMiUyMHdpZHRoJTNEJTIyMTAwJTI1JTIyJTIwaGVpZ2h0JTNEJTIyNzAwJTIyJTIwZnJhbWVib3JkZXIlM0QlMjIwJTIyJTIwc3R5bGUlM0QlMjJtYXJnaW4tdG9wJTNBJTIwNDBweCUzQiUyMiUzRUNoYXJnZW1lbnQlMjBlbiUyMGNvdXJzJUUyJTgwJUE2JTNDJTJGaWZyYW1lJTNF[\/vc_raw_html][\/vc_column_inner][\/vc_row_inner][\/vc_column][\/vc_row][vc_row][vc_column]<div class='vqf_container'><div class='vqf_row'><div class='vqf_full_col'><h2>Grazie<\/h2><p>VIOLENZA CHE FARE ci tiene a ringraziare i Cantoni della Svizzera romanda, l\u2019Ufficio federale per l\u2019Uguaglianza tra donna e uomo (UFU), la Fondazione OAK e le persone che sostengono l\u2019Associazione e collaborano alle sue attivit\u00e0.<\/p>\n<p>Grazie al sostegno delle sovvenzioni pubbliche e alle donazioni private per progetti specifici o senza uno scopo mirato, VIOLENZA CHE FARE pu\u00f2 offrire un servizio di qualit\u00e0 e portare avanti azioni di sensibilizzazione. E finalmente pu\u00f2 estendere le sue attivit\u00e0 e la sua offerta di aiuto e consulenza anche alla Svizzera italiana, come fa gi\u00e0 da quasi 20 anni nella Svizzera romanda.<\/p><div class='vqf_logo_blocks'><div class='vqf_logo_block_item'><div class='logo_title'><h5>Sovvenzioni cantonali<\/h5><\/div><div class='vqf_logo_row'><div class='logo_col'><img src='https:\/\/www.violencequefaire.ch\/wp-content\/uploads\/2024\/01\/Logo-VD.jpg'><\/div><div class='logo_col'><img src='https:\/\/www.violencequefaire.ch\/wp-content\/uploads\/2024\/01\/Logo-GE.jpg'><\/div><div class='logo_col'><img src='https:\/\/www.violencequefaire.ch\/wp-content\/uploads\/2024\/01\/Logo-VS.png'><\/div><div class='logo_col'><img src='https:\/\/www.violencequefaire.ch\/wp-content\/uploads\/2024\/01\/Logo-FR.png'><\/div><div class='logo_col'><img src='https:\/\/www.violencequefaire.ch\/wp-content\/uploads\/2024\/01\/Logo-NE.png'><\/div><div class='logo_col'><img src='https:\/\/www.violencequefaire.ch\/wp-content\/uploads\/2024\/01\/Logo-BE.jpg'><\/div><div class='logo_col'><img src='https:\/\/www.violencequefaire.ch\/wp-content\/uploads\/2024\/01\/Logo-JU.gif'><\/div><\/div><\/div><\/div><\/div><\/div><\/div><div class='vqf_container'><div class='vqf_row'><div class='vqf_full_col'><h2><\/h2><p><\/p><div class='vqf_logo_blocks'><div class='vqf_logo_block_item'><div class='logo_title'><h5>Subventions f\u00e9d\u00e9rales<\/h5><\/div><div class='vqf_logo_row'><div class='logo_col'><img src='https:\/\/www.violencequefaire.ch\/wp-content\/uploads\/2024\/01\/Logo-BFEG.png'><\/div><\/div><\/div><\/div><\/div><\/div><\/div><div class='vqf_container'><div class='vqf_row'><div class='vqf_full_col'><h2><\/h2><p><\/p><div class='vqf_logo_blocks'><div class='vqf_logo_block_item'><div class='logo_title'><h5>Donations d'organisations priv\u00e9es<\/h5><\/div><div class='vqf_logo_row'><div class='logo_col'><img src='https:\/\/www.violencequefaire.ch\/wp-content\/uploads\/2024\/01\/Logo-OAK.png'><\/div><\/div><\/div><\/div><\/div><\/div><\/div>[\/vc_column][\/vc_row]<\/p>\n<\/div>","protected":false},"excerpt":{"rendered":"<p>[vc_row][vc_column][\/vc_column][\/vc_row][vc_row][vc_column][vc_row_inner el_id=&#8221;tab_1&#8243; el_class=&#8221;tab_container_item&#8221;][vc_column_inner][\/vc_column_inner][\/vc_row_inner][vc_row_inner el_id=&#8221;tab_2&#8243; el_class=&#8221;tab_container_item&#8221;][vc_column_inner][vc_raw_html]JTNDaWZyYW1lJTIwc3JjJTNEJTIyaHR0cHMlM0ElMkYlMkZkb2NzLmdvb2dsZS5jb20lMkZmb3JtcyUyRmQlMkYxdkItUldWa2NpYWhpRkNKeWVOU1p6QjdrNXlmLUZKS2hHTmhvamhEMDZwYyUyRnZpZXdmb3JtJTNGZW1iZWRkZWQlM0R0cnVlJTIyJTIwbWFyZ2lud2lkdGglM0QlMjIwJTIyJTIwbWFyZ2luaGVpZ2h0JTNEJTIyMCUyMiUyMHdpZHRoJTNEJTIyMTAwJTI1JTIyJTIwaGVpZ2h0JTNEJTIyNzAwJTIyJTIwZnJhbWVib3JkZXIlM0QlMjIwJTIyJTIwc3R5bGUlM0QlMjJtYXJnaW4tdG9wJTNBJTIwNDBweCUzQiUyMiUzRUNoYXJnZW1lbnQlMjBlbiUyMGNvdXJzJUUyJTgwJUE2JTNDJTJGaWZyYW1lJTNF[\/vc_raw_html][\/vc_column_inner][\/vc_row_inner][\/vc_column][\/vc_row][vc_row][vc_column][\/vc_column][\/vc_row]<\/p>\n","protected":false},"author":16,"featured_media":0,"parent":0,"menu_order":0,"comment_status":"closed","ping_status":"closed","template":"","meta":{"_acf_changed":false,"footnotes":""},"class_list":["post-9322","page","type-page","status-publish","hentry"],"acf":[],"yoast_head":"<!-- This site is optimized with the Yoast SEO plugin v27.3 - https:\/\/yoast.com\/product\/yoast-seo-wordpress\/ -->\n<title>Sostenerci &#8226; Violence que faire ?<\/title>\n<meta name=\"description\" content=\"Aderendo all\u2019associazione VIOLENZA CHE FARE sostenete gli obiettivi dell\u2019Associazione, incoraggiate l\u2019\u00e9quipe a proseguire con le proprie attivit\u00e0 e potete impegnarvi al suo fianco.\" \/>\n<meta name=\"robots\" content=\"index, follow, max-snippet:-1, max-image-preview:large, max-video-preview:-1\" \/>\n<link rel=\"canonical\" href=\"https:\/\/www.violencequefaire.ch\/it\/sostenerci\/\" \/>\n<meta property=\"og:locale\" content=\"it_IT\" \/>\n<meta property=\"og:type\" content=\"article\" \/>\n<meta property=\"og:title\" content=\"Sostenerci &#8226; Violence que faire ?\" \/>\n<meta property=\"og:description\" content=\"Aderendo all\u2019associazione VIOLENZA CHE FARE sostenete gli obiettivi dell\u2019Associazione, incoraggiate l\u2019\u00e9quipe a proseguire con le proprie attivit\u00e0 e potete impegnarvi al suo fianco.\" \/>\n<meta property=\"og:url\" content=\"https:\/\/www.violencequefaire.ch\/it\/sostenerci\/\" \/>\n<meta property=\"og:site_name\" content=\"Violence que faire ?\" \/>\n<meta property=\"article:modified_time\" content=\"2024-12-02T15:22:07+00:00\" \/>\n<meta name=\"twitter:card\" content=\"summary_large_image\" \/>\n<meta name=\"twitter:label1\" content=\"Tempo di lettura stimato\" \/>\n\t<meta name=\"twitter:data1\" content=\"2 minuti\" \/>\n<script type=\"application\/ld+json\" class=\"yoast-schema-graph\">{\"@context\":\"https:\\\/\\\/schema.org\",\"@graph\":[{\"@type\":\"WebPage\",\"@id\":\"https:\\\/\\\/www.violencequefaire.ch\\\/it\\\/sostenerci\\\/\",\"url\":\"https:\\\/\\\/www.violencequefaire.ch\\\/it\\\/sostenerci\\\/\",\"name\":\"Sostenerci &#8226; Violence que faire ?\",\"isPartOf\":{\"@id\":\"https:\\\/\\\/www.violencequefaire.ch\\\/it\\\/#website\"},\"datePublished\":\"2024-01-24T07:56:00+00:00\",\"dateModified\":\"2024-12-02T15:22:07+00:00\",\"description\":\"Aderendo all\u2019associazione VIOLENZA CHE FARE sostenete gli obiettivi dell\u2019Associazione, incoraggiate l\u2019\u00e9quipe a proseguire con le proprie attivit\u00e0 e potete impegnarvi al suo fianco.\",\"breadcrumb\":{\"@id\":\"https:\\\/\\\/www.violencequefaire.ch\\\/it\\\/sostenerci\\\/#breadcrumb\"},\"inLanguage\":\"it-IT\",\"potentialAction\":[{\"@type\":\"ReadAction\",\"target\":[\"https:\\\/\\\/www.violencequefaire.ch\\\/it\\\/sostenerci\\\/\"]}]},{\"@type\":\"BreadcrumbList\",\"@id\":\"https:\\\/\\\/www.violencequefaire.ch\\\/it\\\/sostenerci\\\/#breadcrumb\",\"itemListElement\":[{\"@type\":\"ListItem\",\"position\":1,\"name\":\"Home Page\",\"item\":\"https:\\\/\\\/www.violencequefaire.ch\\\/it\\\/\"},{\"@type\":\"ListItem\",\"position\":2,\"name\":\"Sostenerci\"}]},{\"@type\":\"WebSite\",\"@id\":\"https:\\\/\\\/www.violencequefaire.ch\\\/it\\\/#website\",\"url\":\"https:\\\/\\\/www.violencequefaire.ch\\\/it\\\/\",\"name\":\"Violence que faire\",\"description\":\"Specialisti rispondono personalmente alle vostre domande anonime sulla violenza all&#039;interno della coppia.\",\"publisher\":{\"@id\":\"https:\\\/\\\/www.violencequefaire.ch\\\/it\\\/#organization\"},\"alternateName\":\"Violenza Cosa Fare\",\"potentialAction\":[{\"@type\":\"SearchAction\",\"target\":{\"@type\":\"EntryPoint\",\"urlTemplate\":\"https:\\\/\\\/www.violencequefaire.ch\\\/it\\\/?s={search_term_string}\"},\"query-input\":{\"@type\":\"PropertyValueSpecification\",\"valueRequired\":true,\"valueName\":\"search_term_string\"}}],\"inLanguage\":\"it-IT\"},{\"@type\":\"Organization\",\"@id\":\"https:\\\/\\\/www.violencequefaire.ch\\\/it\\\/#organization\",\"name\":\"Violence que faire ?\",\"url\":\"https:\\\/\\\/www.violencequefaire.ch\\\/it\\\/\",\"logo\":{\"@type\":\"ImageObject\",\"inLanguage\":\"it-IT\",\"@id\":\"https:\\\/\\\/www.violencequefaire.ch\\\/it\\\/#\\\/schema\\\/logo\\\/image\\\/\",\"url\":\"https:\\\/\\\/www.violencequefaire.ch\\\/wp-content\\\/uploads\\\/2022\\\/04\\\/VQF_LOGO_neutre.jpg\",\"contentUrl\":\"https:\\\/\\\/www.violencequefaire.ch\\\/wp-content\\\/uploads\\\/2022\\\/04\\\/VQF_LOGO_neutre.jpg\",\"width\":253,\"height\":376,\"caption\":\"Violence que faire ?\"},\"image\":{\"@id\":\"https:\\\/\\\/www.violencequefaire.ch\\\/it\\\/#\\\/schema\\\/logo\\\/image\\\/\"}}]}<\/script>\n<!-- \/ Yoast SEO plugin. -->","yoast_head_json":{"title":"Sostenerci &#8226; Violence que faire ?","description":"Aderendo all\u2019associazione VIOLENZA CHE FARE sostenete gli obiettivi dell\u2019Associazione, incoraggiate l\u2019\u00e9quipe a proseguire con le proprie attivit\u00e0 e potete impegnarvi al suo fianco.","robots":{"index":"index","follow":"follow","max-snippet":"max-snippet:-1","max-image-preview":"max-image-preview:large","max-video-preview":"max-video-preview:-1"},"canonical":"https:\/\/www.violencequefaire.ch\/it\/sostenerci\/","og_locale":"it_IT","og_type":"article","og_title":"Sostenerci &#8226; Violence que faire ?","og_description":"Aderendo all\u2019associazione VIOLENZA CHE FARE sostenete gli obiettivi dell\u2019Associazione, incoraggiate l\u2019\u00e9quipe a proseguire con le proprie attivit\u00e0 e potete impegnarvi al suo fianco.","og_url":"https:\/\/www.violencequefaire.ch\/it\/sostenerci\/","og_site_name":"Violence que faire ?","article_modified_time":"2024-12-02T15:22:07+00:00","twitter_card":"summary_large_image","twitter_misc":{"Tempo di lettura stimato":"2 minuti"},"schema":{"@context":"https:\/\/schema.org","@graph":[{"@type":"WebPage","@id":"https:\/\/www.violencequefaire.ch\/it\/sostenerci\/","url":"https:\/\/www.violencequefaire.ch\/it\/sostenerci\/","name":"Sostenerci &#8226; Violence que faire ?","isPartOf":{"@id":"https:\/\/www.violencequefaire.ch\/it\/#website"},"datePublished":"2024-01-24T07:56:00+00:00","dateModified":"2024-12-02T15:22:07+00:00","description":"Aderendo all\u2019associazione VIOLENZA CHE FARE sostenete gli obiettivi dell\u2019Associazione, incoraggiate l\u2019\u00e9quipe a proseguire con le proprie attivit\u00e0 e potete impegnarvi al suo fianco.","breadcrumb":{"@id":"https:\/\/www.violencequefaire.ch\/it\/sostenerci\/#breadcrumb"},"inLanguage":"it-IT","potentialAction":[{"@type":"ReadAction","target":["https:\/\/www.violencequefaire.ch\/it\/sostenerci\/"]}]},{"@type":"BreadcrumbList","@id":"https:\/\/www.violencequefaire.ch\/it\/sostenerci\/#breadcrumb","itemListElement":[{"@type":"ListItem","position":1,"name":"Home Page","item":"https:\/\/www.violencequefaire.ch\/it\/"},{"@type":"ListItem","position":2,"name":"Sostenerci"}]},{"@type":"WebSite","@id":"https:\/\/www.violencequefaire.ch\/it\/#website","url":"https:\/\/www.violencequefaire.ch\/it\/","name":"Violence que faire","description":"Specialisti rispondono personalmente alle vostre domande anonime sulla violenza all&#039;interno della coppia.","publisher":{"@id":"https:\/\/www.violencequefaire.ch\/it\/#organization"},"alternateName":"Violenza Cosa Fare","potentialAction":[{"@type":"SearchAction","target":{"@type":"EntryPoint","urlTemplate":"https:\/\/www.violencequefaire.ch\/it\/?s={search_term_string}"},"query-input":{"@type":"PropertyValueSpecification","valueRequired":true,"valueName":"search_term_string"}}],"inLanguage":"it-IT"},{"@type":"Organization","@id":"https:\/\/www.violencequefaire.ch\/it\/#organization","name":"Violence que faire ?","url":"https:\/\/www.violencequefaire.ch\/it\/","logo":{"@type":"ImageObject","inLanguage":"it-IT","@id":"https:\/\/www.violencequefaire.ch\/it\/#\/schema\/logo\/image\/","url":"https:\/\/www.violencequefaire.ch\/wp-content\/uploads\/2022\/04\/VQF_LOGO_neutre.jpg","contentUrl":"https:\/\/www.violencequefaire.ch\/wp-content\/uploads\/2022\/04\/VQF_LOGO_neutre.jpg","width":253,"height":376,"caption":"Violence que faire ?"},"image":{"@id":"https:\/\/www.violencequefaire.ch\/it\/#\/schema\/logo\/image\/"}}]}},"_links":{"self":[{"href":"https:\/\/www.violencequefaire.ch\/it\/wp-json\/wp\/v2\/pages\/9322","targetHints":{"allow":["GET"]}}],"collection":[{"href":"https:\/\/www.violencequefaire.ch\/it\/wp-json\/wp\/v2\/pages"}],"about":[{"href":"https:\/\/www.violencequefaire.ch\/it\/wp-json\/wp\/v2\/types\/page"}],"author":[{"embeddable":true,"href":"https:\/\/www.violencequefaire.ch\/it\/wp-json\/wp\/v2\/users\/16"}],"replies":[{"embeddable":true,"href":"https:\/\/www.violencequefaire.ch\/it\/wp-json\/wp\/v2\/comments?post=9322"}],"version-history":[{"count":8,"href":"https:\/\/www.violencequefaire.ch\/it\/wp-json\/wp\/v2\/pages\/9322\/revisions"}],"predecessor-version":[{"id":10117,"href":"https:\/\/www.violencequefaire.ch\/it\/wp-json\/wp\/v2\/pages\/9322\/revisions\/10117"}],"wp:attachment":[{"href":"https:\/\/www.violencequefaire.ch\/it\/wp-json\/wp\/v2\/media?parent=9322"}],"curies":[{"name":"wp","href":"https:\/\/api.w.org\/{rel}","templated":true}]}}