{"id":8750,"date":"2022-03-25T15:03:55","date_gmt":"2022-03-25T14:03:55","guid":{"rendered":"https:\/\/www.violencequefaire.ch\/la-violence-sexuelle\/"},"modified":"2024-12-03T09:24:26","modified_gmt":"2024-12-03T08:24:26","slug":"violenza-sessuale","status":"publish","type":"page","link":"https:\/\/www.violencequefaire.ch\/it\/violenza-sessuale\/","title":{"rendered":"La violenza sessuale"},"content":{"rendered":"<div class=\"wpb-content-wrapper\"><p>[vc_row][vc_column]<section class='vqf_section_block text_n_media_block podcast_media'><div class='vqf_container'><div class='vqf_row'><div class='left_text_block'><h2>Come riconoscerla?<\/h2><div class='vqf_fixed_width_text'><p>Umiliazioni, sevizie, costringere a contatti sessuali, stupri, ecc.<\/p>\n<p>La violenza sessuale \u00e8 spesso la pi\u00f9 nascosta delle violenze di coppia, ma non \u00e8 rara. Colpisce le vittime nella loro sfera pi\u00f9 intima. La maggior parte prova vergogna a parlarne.<\/p>\n<p><span class=\"TextRun SCXW41623600 BCX0\" lang=\"IT\" xml:lang=\"IT\" data-contrast=\"none\"><span class=\"NormalTextRun CommentStart CommentHighlightPipeRestV2 CommentHighlightRest SCXW41623600 BCX0\">In caso di un\u2019aggressione sessuale, succede spesso che la persona vittima si ritrovi in uno stato di freezing, di siderazione. Questo stato di shock paralizza la vittima tanto sul piano fisico (incapacit\u00e0 di muoversi) che sul piano mentale (incapacit\u00e0 di gridare, di esprimersi, e di tirar fuori la voce).<\/span><\/span><span class=\"EOP CommentHighlightPipeRestV2 SCXW41623600 BCX0\" data-ccp-props=\"{&quot;134233117&quot;:false,&quot;134233118&quot;:false,&quot;201341983&quot;:0,&quot;335559738&quot;:0,&quot;335559739&quot;:0,&quot;335559740&quot;:259}\">\u00a0<\/span><\/p><\/div><div class='vqf_accordion_block'><div class='accordion_item'><div class='accordion_header'><span class='title'>Atti di violenza sessuale <\/span><\/div><div class='accordion_body'><div class='acc_body_inner'><div class='vqf_fixed_width_text'><p>- molestare sessualmente  <br \/>\n- obbligare a guardare materiale pornografico  <br \/>\n- imporre accessori, abbigliamento, realizzazione di fantasmi <br \/>\n- obbligare a posare per foto o video <br \/>\n- costringere ad atti non desiderati durante i rapporti sessuali (sodomia, fellatio)   <br \/>\n- umiliare durante i rapporti sessuali (ingiurie, insulti, uso di oggetti domestici, posizioni degradanti, \u2026 ) <br \/>\n- aggredire fisicamente durante i rapporti sessuali (mordere i seni, tirare i capezzoli, penetrare violentemente, colpire, graffiare, \u2026 ) <br \/>\n- costringere ad atti sessuali in qualunque modo (con la forza, la minaccia, le promesse, i regali, \u2026 ) <br \/>\n- stuprare o tentare di stuprare<br \/>\n- costringere ad atti sessuali con altre persone <br \/>\n- forzare alla prostituzione <br \/>\n- il \"revenge porn\", cio\u00e8 diffondere a terzi un contenuto non pubblico di carattere sessuale.<br \/>\n- il \"stealthing\u201d, l'atto di togliere il preservativo senza il consenso della persona partner durante un rapporto sessuale consensuale.<\/p><\/div><\/div><\/div><\/div><div class='accordion_item'><div class='accordion_header'><span class='title'>Il consenso <\/span><\/div><div class='accordion_body'><div class='acc_body_inner'><div class='vqf_fixed_width_text'><p>Durante qualunque tipo di relazione sessuale, ogni persona \u00e8 responsabile di assicurarsi che l\u2019altra persona sia consenziente. <br \/>\nIl consenso \u00e8 il fatto di dare liberamente il proprio accordo a un\u2019azione. Pu\u00f2 essere dato e ritirato in ogni momento. L\u2019assenza di un \u201cno\u201d non indica nulla sul consenso della persona partner. \u00c8 quindi importante assicurarsi che la persona \u00e8 consenziente ponendo, per esempio, direttamente la domanda.  <br \/>\n<br \/>\nC\u2019\u00e8 assenza di consenso quando una persona cede: <br \/>\n<br \/>\n- per pressione  <br \/>\n- per le minacce <br \/>\n- a causa di una relazione di dipendenza <\/p><\/div><\/div><\/div><\/div><div class='accordion_item'><div class='accordion_header'><span class='title'> Che fare in caso di aggressione sessuale? <\/span><\/div><div class='accordion_body'><div class='acc_body_inner'><div class='vqf_fixed_width_text'><p>In caso di aggressione sessuale si consiglia alla persona che ne \u00e8 vittima di recarsi subito in un ospedale della propria regione, senza lavarsi e tenendo su di s\u00e9 o portando con s\u00e9 in una borsa di carta i vestiti che aveva addosso durante l\u2019aggressione. All\u2019ospedale, la persona vittima ricever\u00e0 le cure necessarie anche per prevenire la trasmissione dell\u2019HIV e di altre infezioni sessualmente trasmissibili. Per evitare di contrarre l\u2019HIV, \u00e8 importante che la persona che ha subito violenza si rivolga ad un ospedale entro 48 ore affinch\u00e9 il trattamento sia efficace. Potr\u00e0 anche ricevere un metodo di contraccezione di emergenza per evitare una gravidanza non desiderata, e ricevere cure e un accompagnamento per la sua salute fisica e psicologica.  <br \/>\n <br \/>\nAl pronto soccorso, la persona vittima di violenza ha la scelta tra due opzioni. La prima possibilit\u00e0 consiste in una presa a carico unicamente medica. In questo caso, riceve delle cure per le sue ferite senza raccogliere prove per un\u2019eventuale azione di giustizia successiva. La seconda opzione invece include il certificato medico-legale. Oltre alle cure mediche, prevede anche un esame approfondito per documentare le ferite e le prove potenzialmente utilizzabili in un\u2019inchiesta o in un processo, sia che la persona vittima decida di sporgere denuncia o no. <br \/>\n  <br \/>\nLa presa a carico di una constatazione di aggressione sessuale si fa nella confidenzialit\u00e0 ed \u00e8 accompagnata da persone professioniste formate appositamente. Ogni gesto e ogni procedura sono effettuate con il consenso della persona vittima. In ogni momento pu\u00f2 decidere di interrompere o sospendere le cure. Il certificato di aggressione sessuale \u00e8 realizzato da una persona professionista della medicina legale entro un termine di 7 giorni dall\u2019aggressione. Al di l\u00e0 dei 7 giorni, il certificato \u00e8 realizzato senza passare per una persona professionista della medicina legale. Il certificato di aggressione sessuale pu\u00f2 essere rimborsato dall\u2019assicurazione malattia o preso a carico dalla LAV. <br \/>\n  <br \/>\nLa presa a carico di un\u2019aggressione sessuale \u00e8 un\u2019urgenza. Se per\u00f2 la persona che ne \u00e8 stata vittima non ha consultato personale medico in urgenza, potr\u00e0 sempre farlo quando se ne sentir\u00e0 pronta. Anche i centri di salute sessuale sono a disposizione per rispondere alle domande. Per trovare un indirizzo vicino a voi: l\u2019indirizzario \u00e8 <a href=\"https:\/\/www.sante-sexuelle.ch\/centres-de-conseil?city=Lugano&radius=50&topic=Violence+sexuelle+et+sexiste#consultancy_search\">qui<\/a><br \/>\n<\/p><\/div><\/div><\/div><\/div><div class='accordion_item'><div class='accordion_header'><span class='title'>Cosa dice la legge in merito alle violenze sessuali?<\/span><\/div><div class='accordion_body'><div class='acc_body_inner'><div class='vqf_fixed_width_text'><p>A partire dal 1 luglio 2024, <a href=\"https:\/\/www.fedlex.admin.ch\/eli\/fga\/2023\/1521\/it\" target=\"_blank\">la legge<\/a> \u00e8 cambiata nell\u2019ambito delle violenze sessuali. <br \/>\n<br \/>\nOrmai, la legge definisce come stupro ogni atto sessuale che implica una penetrazione del corpo di una persona, ottenuto contro la sua volont\u00e0, attraverso minaccia, violenza, o approfittando dello stato di freezing (art. <a href =\"https:\/\/www.fedlex.admin.ch\/eli\/fga\/2023\/1521\/it#lvl_1\/lvl_2\/lvl_u3\" target=\"_blank\">190<\/a> CP). La legge riconosce anche che ogni atto sessuale imposto a una persona contro la sua volont\u00e0, attraverso minaccia, violenza o approfittando del suo stato di freezing, costituisce un\u2019aggressione o coazione sessuale (art. <a href =\"https:\/\/www.fedlex.admin.ch\/eli\/fga\/2023\/1521\/it#lvl_1\/lvl_2\/lvl_u2\" target=\"_blank\">189<\/a> CP).<br \/>\n <br \/>\nIl nuovo diritto penale introduce anche delle disposizioni contro dei comportamenti come lo \u00abstealthing\u00bb, che consiste nel togliere il preservativo o evitare di utilizzarne uno, senza il consenso della persona partner. Al contempo \u00e8 stato riconosciuto nella legge anche il \u00abrevenge porn\u00bb, cio\u00e8 la diffusione a terze persone di contenuti a carattere sessuale senza il consenso della persona coinvolta, che da adesso \u00e8 un reato punibile su querela (art. <a href =\"https:\/\/www.fedlex.admin.ch\/eli\/fga\/2023\/1521\/it#lvl_1\/lvl_5\" target=\"_blank\">197a<\/a> CP). <br \/>\n<br \/>\nGrazie a questa evoluzione legislativa, il principio del \u00abNo, significa No!\u00bb \u00e8 ormai riconosciuto legalmente. Ci\u00f2 significa che la legge non si limita pi\u00f9 a considerare la violenza e la forza per riconoscere e sanzionare un\u2019aggressione sessuale o uno stupro. Riconosce anche il rifiuto della vittima, il suo dissenso e la possibilit\u00e0 che sia troppo sotto shock per reagire e difendersi, cio\u00e8 in stato di freezing. Inoltre la nuova legge concerne la penetrazione del corpo di ogni persona, indipendentemente dal sesso delle persone coinvolte. Questo cambiamento permette ad ogni persona di poter essere riconosciuta come vittima di stupro.<br \/>\n<\/p><\/div><\/div><\/div><\/div><\/div><\/div><div class='right_media_block'><div class='media_box'><\/div><\/div><\/div><\/div><\/section>[\/vc_column][\/vc_row]<\/p>\n<\/div>","protected":false},"excerpt":{"rendered":"<p>[vc_row][vc_column][\/vc_column][\/vc_row]<\/p>\n","protected":false},"author":16,"featured_media":0,"parent":0,"menu_order":0,"comment_status":"closed","ping_status":"closed","template":"templates\/Sexuelle.php","meta":{"_acf_changed":false,"footnotes":""},"class_list":["post-8750","page","type-page","status-publish","hentry"],"acf":[],"yoast_head":"<!-- This site is optimized with the Yoast SEO plugin v27.3 - https:\/\/yoast.com\/product\/yoast-seo-wordpress\/ -->\n<title>La violenza sessuale &#8226; Violence que faire ?<\/title>\n<meta name=\"description\" content=\"Violenza sessuale, come riconoscerla? Trova informazioni specifiche, domande di utenti e ascolta il nostro podcast\" \/>\n<meta name=\"robots\" content=\"index, follow, max-snippet:-1, max-image-preview:large, max-video-preview:-1\" \/>\n<link rel=\"canonical\" href=\"https:\/\/www.violencequefaire.ch\/it\/violenza-sessuale\/\" \/>\n<meta property=\"og:locale\" content=\"it_IT\" \/>\n<meta property=\"og:type\" content=\"article\" \/>\n<meta property=\"og:title\" content=\"La violenza sessuale &#8226; Violence que faire ?\" \/>\n<meta property=\"og:description\" content=\"Violenza sessuale, come riconoscerla? Trova informazioni specifiche, domande di utenti e ascolta il nostro podcast\" \/>\n<meta property=\"og:url\" content=\"https:\/\/www.violencequefaire.ch\/it\/violenza-sessuale\/\" \/>\n<meta property=\"og:site_name\" content=\"Violence que faire ?\" \/>\n<meta property=\"article:modified_time\" content=\"2024-12-03T08:24:26+00:00\" \/>\n<meta property=\"og:image\" content=\"http:\/\/true\" \/>\n<meta name=\"twitter:card\" content=\"summary_large_image\" \/>\n<meta name=\"twitter:label1\" content=\"Tempo di lettura stimato\" \/>\n\t<meta name=\"twitter:data1\" content=\"1 minuto\" \/>\n<script type=\"application\/ld+json\" class=\"yoast-schema-graph\">{\"@context\":\"https:\\\/\\\/schema.org\",\"@graph\":[{\"@type\":\"WebPage\",\"@id\":\"https:\\\/\\\/www.violencequefaire.ch\\\/it\\\/violenza-sessuale\\\/\",\"url\":\"https:\\\/\\\/www.violencequefaire.ch\\\/it\\\/violenza-sessuale\\\/\",\"name\":\"La violenza sessuale &#8226; Violence que faire ?\",\"isPartOf\":{\"@id\":\"https:\\\/\\\/www.violencequefaire.ch\\\/it\\\/#website\"},\"datePublished\":\"2022-03-25T14:03:55+00:00\",\"dateModified\":\"2024-12-03T08:24:26+00:00\",\"description\":\"Violenza sessuale, come riconoscerla? Trova informazioni specifiche, domande di utenti e ascolta il nostro podcast\",\"breadcrumb\":{\"@id\":\"https:\\\/\\\/www.violencequefaire.ch\\\/it\\\/violenza-sessuale\\\/#breadcrumb\"},\"inLanguage\":\"it-IT\",\"potentialAction\":[{\"@type\":\"ReadAction\",\"target\":[\"https:\\\/\\\/www.violencequefaire.ch\\\/it\\\/violenza-sessuale\\\/\"]}]},{\"@type\":\"BreadcrumbList\",\"@id\":\"https:\\\/\\\/www.violencequefaire.ch\\\/it\\\/violenza-sessuale\\\/#breadcrumb\",\"itemListElement\":[{\"@type\":\"ListItem\",\"position\":1,\"name\":\"Home Page\",\"item\":\"https:\\\/\\\/www.violencequefaire.ch\\\/it\\\/\"},{\"@type\":\"ListItem\",\"position\":2,\"name\":\"La violenza sessuale\"}]},{\"@type\":\"WebSite\",\"@id\":\"https:\\\/\\\/www.violencequefaire.ch\\\/it\\\/#website\",\"url\":\"https:\\\/\\\/www.violencequefaire.ch\\\/it\\\/\",\"name\":\"Violence que faire\",\"description\":\"Specialisti rispondono personalmente alle vostre domande anonime sulla violenza all&#039;interno della coppia.\",\"publisher\":{\"@id\":\"https:\\\/\\\/www.violencequefaire.ch\\\/it\\\/#organization\"},\"alternateName\":\"Violenza Cosa Fare\",\"potentialAction\":[{\"@type\":\"SearchAction\",\"target\":{\"@type\":\"EntryPoint\",\"urlTemplate\":\"https:\\\/\\\/www.violencequefaire.ch\\\/it\\\/?s={search_term_string}\"},\"query-input\":{\"@type\":\"PropertyValueSpecification\",\"valueRequired\":true,\"valueName\":\"search_term_string\"}}],\"inLanguage\":\"it-IT\"},{\"@type\":\"Organization\",\"@id\":\"https:\\\/\\\/www.violencequefaire.ch\\\/it\\\/#organization\",\"name\":\"Violence que faire ?\",\"url\":\"https:\\\/\\\/www.violencequefaire.ch\\\/it\\\/\",\"logo\":{\"@type\":\"ImageObject\",\"inLanguage\":\"it-IT\",\"@id\":\"https:\\\/\\\/www.violencequefaire.ch\\\/it\\\/#\\\/schema\\\/logo\\\/image\\\/\",\"url\":\"https:\\\/\\\/www.violencequefaire.ch\\\/wp-content\\\/uploads\\\/2022\\\/04\\\/VQF_LOGO_neutre.jpg\",\"contentUrl\":\"https:\\\/\\\/www.violencequefaire.ch\\\/wp-content\\\/uploads\\\/2022\\\/04\\\/VQF_LOGO_neutre.jpg\",\"width\":253,\"height\":376,\"caption\":\"Violence que faire ?\"},\"image\":{\"@id\":\"https:\\\/\\\/www.violencequefaire.ch\\\/it\\\/#\\\/schema\\\/logo\\\/image\\\/\"}}]}<\/script>\n<!-- \/ Yoast SEO plugin. -->","yoast_head_json":{"title":"La violenza sessuale &#8226; Violence que faire ?","description":"Violenza sessuale, come riconoscerla? Trova informazioni specifiche, domande di utenti e ascolta il nostro podcast","robots":{"index":"index","follow":"follow","max-snippet":"max-snippet:-1","max-image-preview":"max-image-preview:large","max-video-preview":"max-video-preview:-1"},"canonical":"https:\/\/www.violencequefaire.ch\/it\/violenza-sessuale\/","og_locale":"it_IT","og_type":"article","og_title":"La violenza sessuale &#8226; Violence que faire ?","og_description":"Violenza sessuale, come riconoscerla? Trova informazioni specifiche, domande di utenti e ascolta il nostro podcast","og_url":"https:\/\/www.violencequefaire.ch\/it\/violenza-sessuale\/","og_site_name":"Violence que faire ?","article_modified_time":"2024-12-03T08:24:26+00:00","og_image":[{"url":"true","type":"","width":"","height":""}],"twitter_card":"summary_large_image","twitter_misc":{"Tempo di lettura stimato":"1 minuto"},"schema":{"@context":"https:\/\/schema.org","@graph":[{"@type":"WebPage","@id":"https:\/\/www.violencequefaire.ch\/it\/violenza-sessuale\/","url":"https:\/\/www.violencequefaire.ch\/it\/violenza-sessuale\/","name":"La violenza sessuale &#8226; Violence que faire ?","isPartOf":{"@id":"https:\/\/www.violencequefaire.ch\/it\/#website"},"datePublished":"2022-03-25T14:03:55+00:00","dateModified":"2024-12-03T08:24:26+00:00","description":"Violenza sessuale, come riconoscerla? Trova informazioni specifiche, domande di utenti e ascolta il nostro podcast","breadcrumb":{"@id":"https:\/\/www.violencequefaire.ch\/it\/violenza-sessuale\/#breadcrumb"},"inLanguage":"it-IT","potentialAction":[{"@type":"ReadAction","target":["https:\/\/www.violencequefaire.ch\/it\/violenza-sessuale\/"]}]},{"@type":"BreadcrumbList","@id":"https:\/\/www.violencequefaire.ch\/it\/violenza-sessuale\/#breadcrumb","itemListElement":[{"@type":"ListItem","position":1,"name":"Home Page","item":"https:\/\/www.violencequefaire.ch\/it\/"},{"@type":"ListItem","position":2,"name":"La violenza sessuale"}]},{"@type":"WebSite","@id":"https:\/\/www.violencequefaire.ch\/it\/#website","url":"https:\/\/www.violencequefaire.ch\/it\/","name":"Violence que faire","description":"Specialisti rispondono personalmente alle vostre domande anonime sulla violenza all&#039;interno della coppia.","publisher":{"@id":"https:\/\/www.violencequefaire.ch\/it\/#organization"},"alternateName":"Violenza Cosa Fare","potentialAction":[{"@type":"SearchAction","target":{"@type":"EntryPoint","urlTemplate":"https:\/\/www.violencequefaire.ch\/it\/?s={search_term_string}"},"query-input":{"@type":"PropertyValueSpecification","valueRequired":true,"valueName":"search_term_string"}}],"inLanguage":"it-IT"},{"@type":"Organization","@id":"https:\/\/www.violencequefaire.ch\/it\/#organization","name":"Violence que faire ?","url":"https:\/\/www.violencequefaire.ch\/it\/","logo":{"@type":"ImageObject","inLanguage":"it-IT","@id":"https:\/\/www.violencequefaire.ch\/it\/#\/schema\/logo\/image\/","url":"https:\/\/www.violencequefaire.ch\/wp-content\/uploads\/2022\/04\/VQF_LOGO_neutre.jpg","contentUrl":"https:\/\/www.violencequefaire.ch\/wp-content\/uploads\/2022\/04\/VQF_LOGO_neutre.jpg","width":253,"height":376,"caption":"Violence que faire ?"},"image":{"@id":"https:\/\/www.violencequefaire.ch\/it\/#\/schema\/logo\/image\/"}}]}},"_links":{"self":[{"href":"https:\/\/www.violencequefaire.ch\/it\/wp-json\/wp\/v2\/pages\/8750","targetHints":{"allow":["GET"]}}],"collection":[{"href":"https:\/\/www.violencequefaire.ch\/it\/wp-json\/wp\/v2\/pages"}],"about":[{"href":"https:\/\/www.violencequefaire.ch\/it\/wp-json\/wp\/v2\/types\/page"}],"author":[{"embeddable":true,"href":"https:\/\/www.violencequefaire.ch\/it\/wp-json\/wp\/v2\/users\/16"}],"replies":[{"embeddable":true,"href":"https:\/\/www.violencequefaire.ch\/it\/wp-json\/wp\/v2\/comments?post=8750"}],"version-history":[{"count":9,"href":"https:\/\/www.violencequefaire.ch\/it\/wp-json\/wp\/v2\/pages\/8750\/revisions"}],"predecessor-version":[{"id":9963,"href":"https:\/\/www.violencequefaire.ch\/it\/wp-json\/wp\/v2\/pages\/8750\/revisions\/9963"}],"wp:attachment":[{"href":"https:\/\/www.violencequefaire.ch\/it\/wp-json\/wp\/v2\/media?parent=8750"}],"curies":[{"name":"wp","href":"https:\/\/api.w.org\/{rel}","templated":true}]}}