{"id":8742,"date":"2022-03-25T15:03:20","date_gmt":"2022-03-25T14:03:20","guid":{"rendered":"https:\/\/www.violencequefaire.ch\/la-violence-psychologique\/"},"modified":"2024-12-03T09:27:18","modified_gmt":"2024-12-03T08:27:18","slug":"violenza-psicologica","status":"publish","type":"page","link":"https:\/\/www.violencequefaire.ch\/it\/violenza-psicologica\/","title":{"rendered":"La violenza psicologica"},"content":{"rendered":"<div class=\"wpb-content-wrapper\"><p>[vc_row][vc_column]<section class='vqf_section_block text_n_media_block podcast_media'><div class='vqf_container'><div class='vqf_row'><div class='left_text_block'><h2>Come riconoscerla?<\/h2><div class='vqf_fixed_width_text'><p>\u00c8 la violenza meno conosciuta. Pu\u00f2 essere sottile, subdola e difficile da identificare. Affermazioni che svalorizzano, umiliazioni, divieti, minacce, intimidazioni\u2026 Le aggressioni psicologiche non lasciano tracce sul corpo, ma fanno molto male e possono terrorizzare. Non \u00e8 mai insignificante, questa violenza colpisce profondamente la stima di s\u00e9 e la salute delle vittime.<\/p><\/div><div class='vqf_accordion_block'><div class='accordion_item'><div class='accordion_header'><span class='title'>Negare le scelte della persona partner <\/span><\/div><div class='accordion_body'><div class='acc_body_inner'><div class='vqf_fixed_width_text'><p>Imporre i propri gusti, i punti di vista alla persona partner (alimentazione, tempo libero, persone de frequentare, \u2026) scegliere al suo posto (taglio e colore dei capelli, outfit, vestiti, \u2026), prendere decisioni importanti senza consultare l\u2019altra persona, dare indicazioni su come comportarsi, dare ordini\u2026 la persona che agisce violenza prende il controllo e impedisce all\u2019altra di vivere liberamente. Dice di sapere cosa \u00e8 bene per l\u2019altra persona che deve poi piegarsi alla sua volont\u00e0. \u00c8 gi\u00e0 una forma di violenza psicologica.<\/p><\/div><\/div><\/div><\/div><div class='accordion_item'><div class='accordion_header'><span class='title'>Sminuire, umiliare <\/span><\/div><div class='accordion_body'><div class='acc_body_inner'><div class='vqf_fixed_width_text'><p>La violenza psicologica include i commenti svalorizzanti, umilianti, carichi di disprezzo, che la persona violenta esprime talvolta anche di fronte ad altre persone. Tutto pu\u00f2 essere sminuito: le capacit\u00e0 intellettuali, le idee, le emozioni, le amicizie, il passato, il ruolo educativo in famiglia, il modo di tenere la casa o di cucinare, \u2026 <br \/>\n<br \/>\nPer esempio delle frasi come: <br \/>\n- \u00abnon ce la farai, non ne hai le capacit\u00e0\u00bb<br \/>\n- \u00absei un\u2019idiota, dici sciocchezze\u00bb<br \/>\n- \u00abstai sempre a piagnucolare\u00bb<br \/>\n- \u00abma guardati, che aspetto hai!\u00bb<br \/>\n- \u00abnon sai fare nulla\u00bb<br \/>\n- \u00absei incapace\u00bb<br \/>\n<br \/>\nL\u2019entusiasmo, il buon umore della persona partner, anche le sue manifestazioni di affetto possono essere attaccate. La persona che agisce violenza fa credere alla vittima che non vale nulla e le rimanda un\u2019immagine di incompetenza e di nullit\u00e0. <\/p><\/div><\/div><\/div><\/div><div class='accordion_item'><div class='accordion_header'><span class='title'>Insultare, umiliare ed ignorare <\/span><\/div><div class='accordion_body'><div class='acc_body_inner'><div class='vqf_fixed_width_text'><p>La violenza psicologica si esprime anche sotto forma di insulti, ingiurie, offese, commenti offensivi o umiliazioni: alzare gli occhi al cielo, girare la schiena, sghignazzare, sputare, ruttare,\u2026  <br \/>\n<br \/>\nPu\u00f2 anche esprimersi con comportamenti come interrompere costantemente la persona partner, non ascoltarla e non risponderle, ignorarla, rifiutare di parlarle per giorni senza spiegazioni. <\/p><\/div><\/div><\/div><\/div><div class='accordion_item'><div class='accordion_header'><span class='title'>Isolare, sorvegliare, molestare <\/span><\/div><div class='accordion_body'><div class='acc_body_inner'><div class='vqf_fixed_width_text'><p>- \u00abse mi ami, non andare a quell\u2019appuntamento\u00bb<br \/>\n- \u00abpreferisci la tua famiglia piuttosto che stare con me\u00bb<br \/>\n- \u00abquell\u2019amicizia ha una cattiva influenza su di te\u00bb<br \/>\n- \u00abnon mi piace che frequenti colleghe e colleghi di lavoro\u00bb<br \/>\n- ecc<br \/>\n<br \/>\nLa violenza psicologica include tutti gli atti legati alla gelosia, alla volont\u00e0 di possesso e di controllo sull\u2019altra persona. Per esempio esigere una presenza continua ed esclusiva, impedirle di dormire di notte, impedirle di vedere familiari e persone di fiducia, impedirle di uscire da sola, di andare in certi luoghi, sorvegliare le chiamate e i messaggi sul telefono, la corrispondenza e i social media (Facebook, Instagram, ecc.). <br \/>\n  <br \/>\nIl controllo esercitato dalla persona che agisce violenza pu\u00f2 diventare stalking:  interpellare a ripetizione, accusare, arrivare all\u2019improvviso o chiamare ripetutamente per verificare cosa stia facendo nel suo tempo,\u2026 <\/p><\/div><\/div><\/div><\/div><div class='accordion_item'><div class='accordion_header'><span class='title'>Minacciare <\/span><\/div><div class='accordion_body'><div class='acc_body_inner'><div class='vqf_fixed_width_text'><p>La violenza psicologica comprende le minacce, come per esempio: <br \/>\n - di interrompere gli alimenti <br \/>\n - di prendersela con persone vicine, con figlie e figli <br \/>\n - di rapire figlie e figli <br \/>\n - di picchiare o ammazzare la persona partner <br \/>\n - di suicidarsi<br \/>\n<br \/>\nMinacciare \u00e8 anche dire: <br \/>\n  <br \/>\n- \u00ab la smetti o ti strozzo\u00bb <br \/>\n- \u00ab se rivedi quella persona va a finire male \u00bb <br \/>\n- \u00ab se esci, te ne pentirai \u00bb <br \/>\n- \u00ab fai attenzione perch\u00e9 sono capace di tutto \u00bb <br \/>\n- \u00ab se parti, non rivedrai mai pi\u00f9 tua figlia o tuo figlio \u00bb <br \/>\n- \u00ab se parti, ammazzo il cane \u00bb <br \/>\n- \u00ab se parti, ci lasci la pelle \u00bb <br \/>\n- \u00ab se parti, mi faccio saltare in aria \u00bb.<\/p><\/div><\/div><\/div><\/div><div class='accordion_item'><div class='accordion_header'><span class='title'>Intimidire <\/span><\/div><div class='accordion_body'><div class='acc_body_inner'><div class='vqf_fixed_width_text'><p>I comportamenti intimidatori fanno parte della violenza psicologica: guardare con rabbia, gridare, urlare, o al contrario abbassare il tono, fingere una voce soave o sussurrare per spaventare la persona partner, distruggere gli effetti personali, sbattere le porte, rompere degli oggetti di casa, guidare a tutta velocit\u00e0, colpire i muri o le porte, maltrattare un animale domestico, \u2026  <br \/>\n<br \/>\nLa persona violenta dimostra la sua forza e minaccia di spingersi anche pi\u00f9 lontano. <\/p><\/div><\/div><\/div><\/div><\/div><\/div><div class='right_media_block'><div class='media_box'><div class='podcast_col'><div class='podcast_item'><a href='https:\/\/www.violencequefaire.ch\/it\/podcast\/le-violenze-psicologiche-ed-economiche\/'><\/a><div class='bg_layer'><img src='https:\/\/www.violencequefaire.ch\/wp-content\/uploads\/2022\/04\/episode1_couverture.jpg' alt=''><\/div><div class='inner'><div class='img_block'><img src='https:\/\/www.violencequefaire.ch\/wp-content\/uploads\/2022\/04\/episode1_couverture.jpg' alt=''><\/div><div class='podcast_info'><span class='episode_name'><strong><span class=\"TextRun SCXW207756943 BCX0\" lang=\"FR-FR\" xml:lang=\"FR-FR\" data-contrast=\"none\"><span class=\"NormalTextRun SCXW207756943 BCX0\">Le <\/span><span class=\"NormalTextRun SpellingErrorV2Themed SCXW207756943 BCX0\">violenze<\/span> <span class=\"NormalTextRun SpellingErrorV2Themed SCXW207756943 BCX0\">psicologiche<\/span> <span class=\"NormalTextRun SpellingErrorV2Themed SCXW207756943 BCX0\">ed<\/span> <span class=\"NormalTextRun SpellingErrorV2Themed SCXW207756943 BCX0\">economiche<\/span><\/span><\/strong>\r\n\r\nEsperto: Emmanuel Escard<\/span><h5 class='episode_title'>EPISODIO 1 &#8211; VIOLENZE INVISIBILI<\/h5><span class='podcast_author'>Experte: Emmanuel Escard<\/span><\/div><\/div><\/div><\/div><\/div><\/div><\/div><\/div><\/section>[\/vc_column][\/vc_row]<\/p>\n<\/div>","protected":false},"excerpt":{"rendered":"<p>[vc_row][vc_column][\/vc_column][\/vc_row]<\/p>\n","protected":false},"author":16,"featured_media":0,"parent":0,"menu_order":0,"comment_status":"closed","ping_status":"closed","template":"templates\/psychologique.php","meta":{"_acf_changed":false,"footnotes":""},"class_list":["post-8742","page","type-page","status-publish","hentry"],"acf":[],"yoast_head":"<!-- This site is optimized with the Yoast SEO plugin v27.3 - https:\/\/yoast.com\/product\/yoast-seo-wordpress\/ -->\n<title>La violenza psicologica &#8226; Violence que faire ?<\/title>\n<meta name=\"description\" content=\"Violenza psicologica, come riconoscerla? Trova informazioni specifiche, domande di utenti e ascolta il nostro podcast\" \/>\n<meta name=\"robots\" content=\"index, follow, max-snippet:-1, max-image-preview:large, max-video-preview:-1\" \/>\n<link rel=\"canonical\" href=\"https:\/\/www.violencequefaire.ch\/it\/violenza-psicologica\/\" \/>\n<meta property=\"og:locale\" content=\"it_IT\" \/>\n<meta property=\"og:type\" content=\"article\" \/>\n<meta property=\"og:title\" content=\"true\" \/>\n<meta property=\"og:description\" content=\"Violenza psicologica, come riconoscerla? Trova informazioni specifiche, domande di utenti e ascolta il nostro podcast\" \/>\n<meta property=\"og:url\" content=\"https:\/\/www.violencequefaire.ch\/it\/violenza-psicologica\/\" \/>\n<meta property=\"og:site_name\" content=\"Violence que faire ?\" \/>\n<meta property=\"article:modified_time\" content=\"2024-12-03T08:27:18+00:00\" \/>\n<meta name=\"twitter:card\" content=\"summary_large_image\" \/>\n<meta name=\"twitter:label1\" content=\"Tempo di lettura stimato\" \/>\n\t<meta name=\"twitter:data1\" content=\"1 minuto\" \/>\n<script type=\"application\/ld+json\" class=\"yoast-schema-graph\">{\"@context\":\"https:\\\/\\\/schema.org\",\"@graph\":[{\"@type\":\"WebPage\",\"@id\":\"https:\\\/\\\/www.violencequefaire.ch\\\/it\\\/violenza-psicologica\\\/\",\"url\":\"https:\\\/\\\/www.violencequefaire.ch\\\/it\\\/violenza-psicologica\\\/\",\"name\":\"La violenza psicologica &#8226; Violence que faire ?\",\"isPartOf\":{\"@id\":\"https:\\\/\\\/www.violencequefaire.ch\\\/it\\\/#website\"},\"datePublished\":\"2022-03-25T14:03:20+00:00\",\"dateModified\":\"2024-12-03T08:27:18+00:00\",\"description\":\"Violenza psicologica, come riconoscerla? Trova informazioni specifiche, domande di utenti e ascolta il nostro podcast\",\"breadcrumb\":{\"@id\":\"https:\\\/\\\/www.violencequefaire.ch\\\/it\\\/violenza-psicologica\\\/#breadcrumb\"},\"inLanguage\":\"it-IT\",\"potentialAction\":[{\"@type\":\"ReadAction\",\"target\":[\"https:\\\/\\\/www.violencequefaire.ch\\\/it\\\/violenza-psicologica\\\/\"]}]},{\"@type\":\"BreadcrumbList\",\"@id\":\"https:\\\/\\\/www.violencequefaire.ch\\\/it\\\/violenza-psicologica\\\/#breadcrumb\",\"itemListElement\":[{\"@type\":\"ListItem\",\"position\":1,\"name\":\"Home Page\",\"item\":\"https:\\\/\\\/www.violencequefaire.ch\\\/it\\\/\"},{\"@type\":\"ListItem\",\"position\":2,\"name\":\"La violenza psicologica\"}]},{\"@type\":\"WebSite\",\"@id\":\"https:\\\/\\\/www.violencequefaire.ch\\\/it\\\/#website\",\"url\":\"https:\\\/\\\/www.violencequefaire.ch\\\/it\\\/\",\"name\":\"Violence que faire\",\"description\":\"Specialisti rispondono personalmente alle vostre domande anonime sulla violenza all&#039;interno della coppia.\",\"publisher\":{\"@id\":\"https:\\\/\\\/www.violencequefaire.ch\\\/it\\\/#organization\"},\"alternateName\":\"Violenza Cosa Fare\",\"potentialAction\":[{\"@type\":\"SearchAction\",\"target\":{\"@type\":\"EntryPoint\",\"urlTemplate\":\"https:\\\/\\\/www.violencequefaire.ch\\\/it\\\/?s={search_term_string}\"},\"query-input\":{\"@type\":\"PropertyValueSpecification\",\"valueRequired\":true,\"valueName\":\"search_term_string\"}}],\"inLanguage\":\"it-IT\"},{\"@type\":\"Organization\",\"@id\":\"https:\\\/\\\/www.violencequefaire.ch\\\/it\\\/#organization\",\"name\":\"Violence que faire ?\",\"url\":\"https:\\\/\\\/www.violencequefaire.ch\\\/it\\\/\",\"logo\":{\"@type\":\"ImageObject\",\"inLanguage\":\"it-IT\",\"@id\":\"https:\\\/\\\/www.violencequefaire.ch\\\/it\\\/#\\\/schema\\\/logo\\\/image\\\/\",\"url\":\"https:\\\/\\\/www.violencequefaire.ch\\\/wp-content\\\/uploads\\\/2022\\\/04\\\/VQF_LOGO_neutre.jpg\",\"contentUrl\":\"https:\\\/\\\/www.violencequefaire.ch\\\/wp-content\\\/uploads\\\/2022\\\/04\\\/VQF_LOGO_neutre.jpg\",\"width\":253,\"height\":376,\"caption\":\"Violence que faire ?\"},\"image\":{\"@id\":\"https:\\\/\\\/www.violencequefaire.ch\\\/it\\\/#\\\/schema\\\/logo\\\/image\\\/\"}}]}<\/script>\n<!-- \/ Yoast SEO plugin. -->","yoast_head_json":{"title":"La violenza psicologica &#8226; Violence que faire ?","description":"Violenza psicologica, come riconoscerla? Trova informazioni specifiche, domande di utenti e ascolta il nostro podcast","robots":{"index":"index","follow":"follow","max-snippet":"max-snippet:-1","max-image-preview":"max-image-preview:large","max-video-preview":"max-video-preview:-1"},"canonical":"https:\/\/www.violencequefaire.ch\/it\/violenza-psicologica\/","og_locale":"it_IT","og_type":"article","og_title":"true","og_description":"Violenza psicologica, come riconoscerla? Trova informazioni specifiche, domande di utenti e ascolta il nostro podcast","og_url":"https:\/\/www.violencequefaire.ch\/it\/violenza-psicologica\/","og_site_name":"Violence que faire ?","article_modified_time":"2024-12-03T08:27:18+00:00","twitter_card":"summary_large_image","twitter_misc":{"Tempo di lettura stimato":"1 minuto"},"schema":{"@context":"https:\/\/schema.org","@graph":[{"@type":"WebPage","@id":"https:\/\/www.violencequefaire.ch\/it\/violenza-psicologica\/","url":"https:\/\/www.violencequefaire.ch\/it\/violenza-psicologica\/","name":"La violenza psicologica &#8226; Violence que faire ?","isPartOf":{"@id":"https:\/\/www.violencequefaire.ch\/it\/#website"},"datePublished":"2022-03-25T14:03:20+00:00","dateModified":"2024-12-03T08:27:18+00:00","description":"Violenza psicologica, come riconoscerla? Trova informazioni specifiche, domande di utenti e ascolta il nostro podcast","breadcrumb":{"@id":"https:\/\/www.violencequefaire.ch\/it\/violenza-psicologica\/#breadcrumb"},"inLanguage":"it-IT","potentialAction":[{"@type":"ReadAction","target":["https:\/\/www.violencequefaire.ch\/it\/violenza-psicologica\/"]}]},{"@type":"BreadcrumbList","@id":"https:\/\/www.violencequefaire.ch\/it\/violenza-psicologica\/#breadcrumb","itemListElement":[{"@type":"ListItem","position":1,"name":"Home Page","item":"https:\/\/www.violencequefaire.ch\/it\/"},{"@type":"ListItem","position":2,"name":"La violenza psicologica"}]},{"@type":"WebSite","@id":"https:\/\/www.violencequefaire.ch\/it\/#website","url":"https:\/\/www.violencequefaire.ch\/it\/","name":"Violence que faire","description":"Specialisti rispondono personalmente alle vostre domande anonime sulla violenza all&#039;interno della coppia.","publisher":{"@id":"https:\/\/www.violencequefaire.ch\/it\/#organization"},"alternateName":"Violenza Cosa Fare","potentialAction":[{"@type":"SearchAction","target":{"@type":"EntryPoint","urlTemplate":"https:\/\/www.violencequefaire.ch\/it\/?s={search_term_string}"},"query-input":{"@type":"PropertyValueSpecification","valueRequired":true,"valueName":"search_term_string"}}],"inLanguage":"it-IT"},{"@type":"Organization","@id":"https:\/\/www.violencequefaire.ch\/it\/#organization","name":"Violence que faire ?","url":"https:\/\/www.violencequefaire.ch\/it\/","logo":{"@type":"ImageObject","inLanguage":"it-IT","@id":"https:\/\/www.violencequefaire.ch\/it\/#\/schema\/logo\/image\/","url":"https:\/\/www.violencequefaire.ch\/wp-content\/uploads\/2022\/04\/VQF_LOGO_neutre.jpg","contentUrl":"https:\/\/www.violencequefaire.ch\/wp-content\/uploads\/2022\/04\/VQF_LOGO_neutre.jpg","width":253,"height":376,"caption":"Violence que faire ?"},"image":{"@id":"https:\/\/www.violencequefaire.ch\/it\/#\/schema\/logo\/image\/"}}]}},"_links":{"self":[{"href":"https:\/\/www.violencequefaire.ch\/it\/wp-json\/wp\/v2\/pages\/8742","targetHints":{"allow":["GET"]}}],"collection":[{"href":"https:\/\/www.violencequefaire.ch\/it\/wp-json\/wp\/v2\/pages"}],"about":[{"href":"https:\/\/www.violencequefaire.ch\/it\/wp-json\/wp\/v2\/types\/page"}],"author":[{"embeddable":true,"href":"https:\/\/www.violencequefaire.ch\/it\/wp-json\/wp\/v2\/users\/16"}],"replies":[{"embeddable":true,"href":"https:\/\/www.violencequefaire.ch\/it\/wp-json\/wp\/v2\/comments?post=8742"}],"version-history":[{"count":6,"href":"https:\/\/www.violencequefaire.ch\/it\/wp-json\/wp\/v2\/pages\/8742\/revisions"}],"predecessor-version":[{"id":9971,"href":"https:\/\/www.violencequefaire.ch\/it\/wp-json\/wp\/v2\/pages\/8742\/revisions\/9971"}],"wp:attachment":[{"href":"https:\/\/www.violencequefaire.ch\/it\/wp-json\/wp\/v2\/media?parent=8742"}],"curies":[{"name":"wp","href":"https:\/\/api.w.org\/{rel}","templated":true}]}}