{"id":10237,"date":"2022-03-25T15:06:35","date_gmt":"2022-03-25T14:06:35","guid":{"rendered":"https:\/\/www.violencequefaire.ch\/?page_id=10237"},"modified":"2024-12-03T09:21:35","modified_gmt":"2024-12-03T08:21:35","slug":"lgbtqia","status":"publish","type":"page","link":"https:\/\/www.violencequefaire.ch\/it\/lgbtqia\/","title":{"rendered":"LGBTQIA+"},"content":{"rendered":"<div class=\"wpb-content-wrapper\"><p>[vc_row][vc_column]<section class='vqf_section_block text_n_media_block podcast_media block_background'><div class='vqf_container'><div class='vqf_row'><div class='left_text_block'><h2>Violenza nelle coppie LGBTQIA+<\/h2><div class='vqf_fixed_width_text'><p>Per mettere fine alla violenza nelle relazioni di coppia e rendere possibile un sostegno alle persone coinvolte, \u00e8 indispensabile che questa violenza esca dal silenzio e diventi visibile.<\/p>\n<p>A lungo questo fenomeno \u00e8 rimasto chiuso nello spazio privato, ma poi nel corso degli anni \u00e8 diventato un tema di dibattito pubblico. E questo soprattutto grazie all\u2019impegno dei movimenti femministi che hanno messo in risalto la situazione specifica delle donne di fronte alla violenza subita dai loro partner maschili.<\/p>\n<p>Attualmente \u00e8 soprattuto la violenza nelle coppie eterosessuali ad essere oggetto di ricerche e copertura mediatica e che viene messa in evidenza nei programmi di prevenzione e nelle politiche pubbliche. Ma la violenza nelle coppie pu\u00f2 riguardare anche le persone LGBTQIA+ ed \u00e8 importante che si sentano libere, legittimate e abbiano la fiducia necessaria per contattare le risorse di aiuto esistenti e rompere il silenzio. Allo stesso modo, le persone professioniste devono avere gli strumenti e le informazioni per considerare le specificit\u00e0 dei percorsi delle persone LGBTQIA+.<\/p>\n<p><a href=\"http:\/\/www.violenzachefare.ch\">www.violenzachefare.ch<\/a>\u00a0 dispone di un\u2019\u00e9quipe di persone specializzate sulle questioni di violenza nelle coppie LGBTQIA+.<\/p><\/div><div class='vqf_accordion_block'><div class='accordion_item'><div class='accordion_header'><span class='title'>Discriminazioni basate sull\u2019orientamento sessuale e affettivo o sull\u2019identit\u00e0 di genere<\/span><\/div><div class='accordion_body'><div class='acc_body_inner'><div class='vqf_fixed_width_text'><p>Dovendo affrontare molte forme di discriminazione nella nostra societ\u00e0, le persone LGBTQIA+ hanno maggiori rischi di essere confrontate a diverse forme di violenza durante tutta la loro vita (disparit\u00e0 di diritti riguardo al matrimonio e all\u2019adozione, discriminazione nel mercato del lavoro, nel mondo scolastico e nei servizi sanitari, rifiuto da parte della famiglia, aggressioni fisiche e sessuali, insulti, mancanza o assenza di rappresentazione, \u2026). Questo contesto particolare pu\u00f2 generare difficolt\u00e0 specifiche per le persone LGBTQIA+ che si trovano confrontate con una situazione di violenza nelle relazioni di coppia. Diventa quindi ancora pi\u00f9 difficile reagire e chiedere aiuto.<\/p><\/div><\/div><\/div><\/div><div class='accordion_item'><div class='accordion_header'><span class='title'>\u00c8 difficile parlarne<\/span><\/div><div class='accordion_body'><div class='acc_body_inner'><div class='vqf_fixed_width_text'><p>Non \u00e8 mai facile per le vittime o per chi agisce violenza nelle relazioni di coppia riuscire a parlarne attorno a s\u00e9 e chiedere aiuto. Molti fattori rendono questo passo ancora pi\u00f9 difficile per le persone LGBTQIA+ .<br \/>\n<br \/>\n- Le persone vicine, conoscenti e familiari, non sono sempre al corrente della relazione. Parlare della violenza significa dover fare un coming out nei confronti della propria famiglia o di persone amiche o con cui si lavora.<br \/>\n- Quando si decide di chiedere l\u2019aiuto di figure professionali, diventa necessario rivelare il proprio orientamento sessuale o affettivo e\/o la propria identit\u00e0 di genere presso servizi di aiuto e la giustizia. Questo pu\u00f2 essere visto come un freno. <br \/>\n- Le persone amiche della vittima sono spesso anche conoscenti della persona che agisce violenza. Le persone vicine preferiscono allora tenere una certa distanza rispetto a questa situazione per non prenderne parte. Pu\u00f2 allora essere difficile trovare persone di fiducia presso cui trovare sostegno.<br \/>\n- Le persone LGBTQIA+ possono sentirsi particolarmente isolate se sono confrontate a violenza nella relazione di coppia.<br \/>\n<br \/>\nCapita che alcune figure professionali dei servizi sociali, sanitari o giuridici non siano sufficientemente formate per accogliere le persone LGBTQIA+, e questo pu\u00f2 avere delle conseguenze significative sulla qualit\u00e0 della presa a carico e dell\u2019accompagnamento delle persone coinvolte. Inoltre, molto spesso le azioni di sensibilizzazione e di prevenzione per il grande pubblico si rivolgono solo alle persone eterosessuali e cisgender. Questi fattori possono contribuire a far s\u00ec che le persone LGBTQIA+ siano meno informate e\/o si sentano meno a proprio agio e\/o meno legittimate a chiedere un aiuto professionale e a rompere il silenzio.<br \/>\n<br \/>\nwww.violenzachefare.ch dispone di un\u2019\u00e9quipe di persone specializzate per le questioni di violenza nelle coppie LGBTQIA+. <br \/>\n<\/p><\/div><\/div><\/div><\/div><div class='accordion_item'><div class='accordion_header'><span class='title'>Delle violenze specifiche<\/span><\/div><div class='accordion_body'><div class='acc_body_inner'><div class='vqf_fixed_width_text'><p>La violenza nelle relazioni di coppia pu\u00f2 prendere diverse forme (fisica, psicologica, sessuale o economica).<br \/>\n<br \/>\nPu\u00f2 anche manifestarsi nella minaccia di \u00abrivelare\u00bb l\u2019orientamento sessuale o affettivo e\/o l\u2019identit\u00e0 di genere e\/o la relazione (coming out forzato\/outing), e questo pu\u00f2 avere delle pesanti conseguenze emotive, professionali e familiari, a seconda del contesto della persona coinvolta.<br \/>\n<\/p><\/div><\/div><\/div><\/div><div class='accordion_item'><div class='accordion_header'><span class='title'>Coppie con figlie e figli<\/span><\/div><div class='accordion_body'><div class='acc_body_inner'><div class='vqf_fixed_width_text'><p>Per chiunque, persone LGBTQIA+ o no, l\u2019arrivo di una figlia o di un figlio \u00e8 un evento che pu\u00f2 modificare le dinamiche di coppia e provocare o rivelare le tensioni e le divergenze tra partner. Non isolarti e non restare in solitudine.<br \/>\n<br \/>\nIl fatto che il diritto svizzero al momento riconosca solo la figura genitoriale biologica e non l\u2019altra (genitore non statutario) crea un\u2019asimmetria all\u2019interno della coppia. Questo pu\u00f2 provocare un sentimento di insicurezza nella figura genitoriale non riconosciuta. Pu\u00f2 anche creare un rapporto di potere tra la figura genitoriale riconosciuta dalla legge e quella che non lo \u00e8.<br \/>\nIn caso di violenza, la figura genitoriale non riconosciuta pu\u00f2 temere di essere separata dalle figlie o dai figli se chiede aiuto o se sporge denuncia.<br \/>\n<br \/>\nLe \u00abfamiglie arcobaleno\u00bb possono anche avere l\u2019impressione di dover essere ancora pi\u00f9 perfette che le altre per evitare le critiche. In questo ambito, pu\u00f2 quindi anche essere difficile parlare di disfunzionamenti all\u2019interno delle coppie.<br \/>\n<\/p><\/div><\/div><\/div><\/div><\/div><\/div><div class='right_media_block'><div class='media_box'><div class='podcast_col'><div class='podcast_item'><a href='https:\/\/www.violencequefaire.ch\/it\/podcast\/le-violenze-nelle-coppie-lgbtqia\/'><\/a><div class='bg_layer'><img src='https:\/\/www.violencequefaire.ch\/wp-content\/uploads\/2022\/04\/episode6_couverture.jpg' alt=''><\/div><div class='inner'><div class='img_block'><img src='https:\/\/www.violencequefaire.ch\/wp-content\/uploads\/2022\/04\/episode6_couverture.jpg' alt=''><\/div><div class='podcast_info'><span class='episode_name'><strong><span lang=\"FR-FR\" xml:lang=\"FR-FR\" data-contrast=\"none\">Le violenze nelle coppie LGBTQIA+<\/span>\u00a0<\/strong>\r\n\r\nEsperte: Amanda Terzidis<\/span><h5 class='episode_title'>EPISODIO 6 &#8211; GENERE E VIOLENZA (PARTE 2)\u00a0<\/h5><span class='podcast_author'>Experte: Amanda Terzidis<\/span><\/div><\/div><\/div><\/div><\/div><\/div><\/div><\/div><\/section>[\/vc_column][\/vc_row]<\/p>\n<\/div>","protected":false},"excerpt":{"rendered":"<p>[vc_row][vc_column][\/vc_column][\/vc_row]<\/p>\n","protected":false},"author":16,"featured_media":0,"parent":0,"menu_order":0,"comment_status":"closed","ping_status":"closed","template":"","meta":{"_acf_changed":false,"footnotes":""},"class_list":["post-10237","page","type-page","status-publish","hentry"],"acf":[],"yoast_head":"<!-- This site is optimized with the Yoast SEO plugin v27.3 - https:\/\/yoast.com\/product\/yoast-seo-wordpress\/ -->\n<title>LGBTQIA+ &#8226; Violence que faire ?<\/title>\n<meta name=\"description\" content=\"www.violenzachefare.ch dispone di un\u2019\u00e9quipe di persone specializzate sulle questioni di violenza nelle coppie LGBTQIA+.\" \/>\n<meta name=\"robots\" content=\"index, follow, max-snippet:-1, max-image-preview:large, max-video-preview:-1\" \/>\n<link rel=\"canonical\" href=\"https:\/\/www.violencequefaire.ch\/it\/lgbtqia\/\" \/>\n<meta property=\"og:locale\" content=\"it_IT\" \/>\n<meta property=\"og:type\" content=\"article\" \/>\n<meta property=\"og:title\" content=\"LGBTQIA+ &#8226; Violence que faire ?\" \/>\n<meta property=\"og:description\" content=\"www.violenzachefare.ch dispone di un\u2019\u00e9quipe di persone specializzate sulle questioni di violenza nelle coppie LGBTQIA+.\" \/>\n<meta property=\"og:url\" content=\"https:\/\/www.violencequefaire.ch\/it\/lgbtqia\/\" \/>\n<meta property=\"og:site_name\" content=\"Violence que faire ?\" \/>\n<meta property=\"article:modified_time\" content=\"2024-12-03T08:21:35+00:00\" \/>\n<meta name=\"twitter:card\" content=\"summary_large_image\" \/>\n<meta name=\"twitter:label1\" content=\"Tempo di lettura stimato\" \/>\n\t<meta name=\"twitter:data1\" content=\"1 minuto\" \/>\n<script type=\"application\/ld+json\" class=\"yoast-schema-graph\">{\"@context\":\"https:\\\/\\\/schema.org\",\"@graph\":[{\"@type\":\"WebPage\",\"@id\":\"https:\\\/\\\/www.violencequefaire.ch\\\/it\\\/lgbtqia\\\/\",\"url\":\"https:\\\/\\\/www.violencequefaire.ch\\\/it\\\/lgbtqia\\\/\",\"name\":\"LGBTQIA+ &#8226; Violence que faire ?\",\"isPartOf\":{\"@id\":\"https:\\\/\\\/www.violencequefaire.ch\\\/it\\\/#website\"},\"datePublished\":\"2022-03-25T14:06:35+00:00\",\"dateModified\":\"2024-12-03T08:21:35+00:00\",\"description\":\"www.violenzachefare.ch dispone di un\u2019\u00e9quipe di persone specializzate sulle questioni di violenza nelle coppie LGBTQIA+.\",\"breadcrumb\":{\"@id\":\"https:\\\/\\\/www.violencequefaire.ch\\\/it\\\/lgbtqia\\\/#breadcrumb\"},\"inLanguage\":\"it-IT\",\"potentialAction\":[{\"@type\":\"ReadAction\",\"target\":[\"https:\\\/\\\/www.violencequefaire.ch\\\/it\\\/lgbtqia\\\/\"]}]},{\"@type\":\"BreadcrumbList\",\"@id\":\"https:\\\/\\\/www.violencequefaire.ch\\\/it\\\/lgbtqia\\\/#breadcrumb\",\"itemListElement\":[{\"@type\":\"ListItem\",\"position\":1,\"name\":\"Home Page\",\"item\":\"https:\\\/\\\/www.violencequefaire.ch\\\/it\\\/\"},{\"@type\":\"ListItem\",\"position\":2,\"name\":\"LGBTQIA+\"}]},{\"@type\":\"WebSite\",\"@id\":\"https:\\\/\\\/www.violencequefaire.ch\\\/it\\\/#website\",\"url\":\"https:\\\/\\\/www.violencequefaire.ch\\\/it\\\/\",\"name\":\"Violence que faire\",\"description\":\"Specialisti rispondono personalmente alle vostre domande anonime sulla violenza all&#039;interno della coppia.\",\"publisher\":{\"@id\":\"https:\\\/\\\/www.violencequefaire.ch\\\/it\\\/#organization\"},\"alternateName\":\"Violenza Cosa Fare\",\"potentialAction\":[{\"@type\":\"SearchAction\",\"target\":{\"@type\":\"EntryPoint\",\"urlTemplate\":\"https:\\\/\\\/www.violencequefaire.ch\\\/it\\\/?s={search_term_string}\"},\"query-input\":{\"@type\":\"PropertyValueSpecification\",\"valueRequired\":true,\"valueName\":\"search_term_string\"}}],\"inLanguage\":\"it-IT\"},{\"@type\":\"Organization\",\"@id\":\"https:\\\/\\\/www.violencequefaire.ch\\\/it\\\/#organization\",\"name\":\"Violence que faire ?\",\"url\":\"https:\\\/\\\/www.violencequefaire.ch\\\/it\\\/\",\"logo\":{\"@type\":\"ImageObject\",\"inLanguage\":\"it-IT\",\"@id\":\"https:\\\/\\\/www.violencequefaire.ch\\\/it\\\/#\\\/schema\\\/logo\\\/image\\\/\",\"url\":\"https:\\\/\\\/www.violencequefaire.ch\\\/wp-content\\\/uploads\\\/2022\\\/04\\\/VQF_LOGO_neutre.jpg\",\"contentUrl\":\"https:\\\/\\\/www.violencequefaire.ch\\\/wp-content\\\/uploads\\\/2022\\\/04\\\/VQF_LOGO_neutre.jpg\",\"width\":253,\"height\":376,\"caption\":\"Violence que faire ?\"},\"image\":{\"@id\":\"https:\\\/\\\/www.violencequefaire.ch\\\/it\\\/#\\\/schema\\\/logo\\\/image\\\/\"}}]}<\/script>\n<!-- \/ Yoast SEO plugin. -->","yoast_head_json":{"title":"LGBTQIA+ &#8226; Violence que faire ?","description":"www.violenzachefare.ch dispone di un\u2019\u00e9quipe di persone specializzate sulle questioni di violenza nelle coppie LGBTQIA+.","robots":{"index":"index","follow":"follow","max-snippet":"max-snippet:-1","max-image-preview":"max-image-preview:large","max-video-preview":"max-video-preview:-1"},"canonical":"https:\/\/www.violencequefaire.ch\/it\/lgbtqia\/","og_locale":"it_IT","og_type":"article","og_title":"LGBTQIA+ &#8226; Violence que faire ?","og_description":"www.violenzachefare.ch dispone di un\u2019\u00e9quipe di persone specializzate sulle questioni di violenza nelle coppie LGBTQIA+.","og_url":"https:\/\/www.violencequefaire.ch\/it\/lgbtqia\/","og_site_name":"Violence que faire ?","article_modified_time":"2024-12-03T08:21:35+00:00","twitter_card":"summary_large_image","twitter_misc":{"Tempo di lettura stimato":"1 minuto"},"schema":{"@context":"https:\/\/schema.org","@graph":[{"@type":"WebPage","@id":"https:\/\/www.violencequefaire.ch\/it\/lgbtqia\/","url":"https:\/\/www.violencequefaire.ch\/it\/lgbtqia\/","name":"LGBTQIA+ &#8226; Violence que faire ?","isPartOf":{"@id":"https:\/\/www.violencequefaire.ch\/it\/#website"},"datePublished":"2022-03-25T14:06:35+00:00","dateModified":"2024-12-03T08:21:35+00:00","description":"www.violenzachefare.ch dispone di un\u2019\u00e9quipe di persone specializzate sulle questioni di violenza nelle coppie LGBTQIA+.","breadcrumb":{"@id":"https:\/\/www.violencequefaire.ch\/it\/lgbtqia\/#breadcrumb"},"inLanguage":"it-IT","potentialAction":[{"@type":"ReadAction","target":["https:\/\/www.violencequefaire.ch\/it\/lgbtqia\/"]}]},{"@type":"BreadcrumbList","@id":"https:\/\/www.violencequefaire.ch\/it\/lgbtqia\/#breadcrumb","itemListElement":[{"@type":"ListItem","position":1,"name":"Home Page","item":"https:\/\/www.violencequefaire.ch\/it\/"},{"@type":"ListItem","position":2,"name":"LGBTQIA+"}]},{"@type":"WebSite","@id":"https:\/\/www.violencequefaire.ch\/it\/#website","url":"https:\/\/www.violencequefaire.ch\/it\/","name":"Violence que faire","description":"Specialisti rispondono personalmente alle vostre domande anonime sulla violenza all&#039;interno della coppia.","publisher":{"@id":"https:\/\/www.violencequefaire.ch\/it\/#organization"},"alternateName":"Violenza Cosa Fare","potentialAction":[{"@type":"SearchAction","target":{"@type":"EntryPoint","urlTemplate":"https:\/\/www.violencequefaire.ch\/it\/?s={search_term_string}"},"query-input":{"@type":"PropertyValueSpecification","valueRequired":true,"valueName":"search_term_string"}}],"inLanguage":"it-IT"},{"@type":"Organization","@id":"https:\/\/www.violencequefaire.ch\/it\/#organization","name":"Violence que faire ?","url":"https:\/\/www.violencequefaire.ch\/it\/","logo":{"@type":"ImageObject","inLanguage":"it-IT","@id":"https:\/\/www.violencequefaire.ch\/it\/#\/schema\/logo\/image\/","url":"https:\/\/www.violencequefaire.ch\/wp-content\/uploads\/2022\/04\/VQF_LOGO_neutre.jpg","contentUrl":"https:\/\/www.violencequefaire.ch\/wp-content\/uploads\/2022\/04\/VQF_LOGO_neutre.jpg","width":253,"height":376,"caption":"Violence que faire ?"},"image":{"@id":"https:\/\/www.violencequefaire.ch\/it\/#\/schema\/logo\/image\/"}}]}},"_links":{"self":[{"href":"https:\/\/www.violencequefaire.ch\/it\/wp-json\/wp\/v2\/pages\/10237","targetHints":{"allow":["GET"]}}],"collection":[{"href":"https:\/\/www.violencequefaire.ch\/it\/wp-json\/wp\/v2\/pages"}],"about":[{"href":"https:\/\/www.violencequefaire.ch\/it\/wp-json\/wp\/v2\/types\/page"}],"author":[{"embeddable":true,"href":"https:\/\/www.violencequefaire.ch\/it\/wp-json\/wp\/v2\/users\/16"}],"replies":[{"embeddable":true,"href":"https:\/\/www.violencequefaire.ch\/it\/wp-json\/wp\/v2\/comments?post=10237"}],"version-history":[{"count":2,"href":"https:\/\/www.violencequefaire.ch\/it\/wp-json\/wp\/v2\/pages\/10237\/revisions"}],"predecessor-version":[{"id":10239,"href":"https:\/\/www.violencequefaire.ch\/it\/wp-json\/wp\/v2\/pages\/10237\/revisions\/10239"}],"wp:attachment":[{"href":"https:\/\/www.violencequefaire.ch\/it\/wp-json\/wp\/v2\/media?parent=10237"}],"curies":[{"name":"wp","href":"https:\/\/api.w.org\/{rel}","templated":true}]}}