{"id":10095,"date":"2022-03-24T12:21:11","date_gmt":"2022-03-24T11:21:11","guid":{"rendered":"https:\/\/www.violencequefaire.ch\/?page_id=10095"},"modified":"2024-12-03T10:06:49","modified_gmt":"2024-12-03T09:06:49","slug":"podcast-polvere","status":"publish","type":"page","link":"https:\/\/www.violencequefaire.ch\/it\/podcast-polvere\/","title":{"rendered":"Podcast"},"content":{"rendered":"<div class=\"wpb-content-wrapper\"><p>[vc_row][vc_column]<section class='vqf_section_block text_n_media_block'><div class='vqf_container'><div class='vqf_row'><div class='vqf_full_col'><h2>POUSSI\u00c8RE - POLVERE<\/h2><\/div><div><div class='vqf_fixed_width_text'><p><span data-contrast=\"none\">Nel 2021, per i suoi 15 anni di attivit\u00e0, l\u2019Associazione VIOLENZA CHE FARE ha creato e lanciato il podcast di sensibilizzazione <\/span><b><span data-contrast=\"none\">Poussi\u00e8<\/span><\/b><b><span data-contrast=\"none\">re &#8211; Polvere<\/span><\/b><span data-contrast=\"none\">.<\/span><span data-ccp-props=\"{&quot;134233117&quot;:false,&quot;134233118&quot;:false,&quot;201341983&quot;:0,&quot;335559738&quot;:0,&quot;335559739&quot;:160,&quot;335559740&quot;:257,&quot;469777462&quot;:[708,1416,2124,2832,3540,4248,4956,5664,6372,7080,7788,8496,9204],&quot;469777927&quot;:[0,0,0,0,0,0,0,0,0,0,0,0,0],&quot;469777928&quot;:[1,1,1,1,1,1,1,1,1,1,1,1,1]}\">\u00a0<\/span><\/p><br \/>\n<p><span data-contrast=\"none\">L\u2019obiettivo di questo podcast \u00e8 di dare la parola a persone che hanno vissuto violenza nelle relazioni di coppia e di articolare le loro testimonianze con i contributi di persone esperte per gli ambiti specifici delle loro storie. Ogni episodio dura una quindicina di minuti e tratta una tematica particolare attorno alla violenza nelle relazioni di coppia. <\/span><b><span data-contrast=\"none\">Poussi\u00e8<\/span><\/b><b><span data-contrast=\"none\">re &#8211; Polvere<\/span><\/b><span data-contrast=\"none\"> intende favorire la comprensione dei diversi tipi di violenza nelle relazioni di coppia (fisica, economica, psicologica e sessuale) e delle loro specificit\u00e0. L\u2019insieme degli episodi del podcast \u00abPoussi\u00e8<\/span><span data-contrast=\"none\">re &#8211; Polvere<\/span><span data-contrast=\"none\">\u00bb <\/span><span data-contrast=\"none\">si trovano su questa pagina. Gli episodi sono unicamente in francese<\/span><span data-contrast=\"none\">.\u00a0<\/span><span data-ccp-props=\"{&quot;134233117&quot;:false,&quot;134233118&quot;:false,&quot;201341983&quot;:0,&quot;335559738&quot;:0,&quot;335559739&quot;:160,&quot;335559740&quot;:257,&quot;469777462&quot;:[708,1416,2124,2832,3540,4248,4956,5664,6372,7080,7788,8496,9204],&quot;469777927&quot;:[0,0,0,0,0,0,0,0,0,0,0,0,0],&quot;469777928&quot;:[1,1,1,1,1,1,1,1,1,1,1,1,1]}\">\u00a0<\/span><\/p><\/div><\/div><\/div><div class='vqf_accordion_block'><div class='accordion_item'><div class='accordion_header'><span class='title'>PERCH\u00c9  \u201cPoussi\u00e8re - Polvere\u201c ? <\/span><\/div><div class='accordion_body'><div class='acc_body_inner'><div class='vqf_fixed_width_text'><p>La polvere \u00e8 fatta da micro fibre di tutto quello che compone il nostro quotidiano. Si accumulano discretamente, senza che ce ne accorgiamo. Quando finisce che cominciamo a vederla, significa che \u00e8 gi\u00e0 l\u00ec da molto tempo e in grande quantit\u00e0. Una singola micro fibra per\u00f2 misura solo meno di 500 micrometri. Ma se si accumulano, possono rapidamente ricoprire grandi superfici. <br \/>\n  <br \/>\nProprio come l\u2019immagine della polvere, la violenza nelle relazioni di coppia \u00e8 progressiva e spesso nascosta. Nella maggioranza dei casi la violenza nella coppia si insinua un po\u2019 alla volta in una relazione che, spesso, era cominciata bene. <\/p><\/div><\/div><\/div><\/div><div class='accordion_item'><div class='accordion_header'><span class='title'>RAGIONE DI ESSERE <\/span><\/div><div class='accordion_body'><div class='acc_body_inner'><div class='vqf_fixed_width_text'><p>In Svizzera una donna su cinque \u00e8 vittima di violenza fisica e\/o sessuale da parte del suo partner nel corso della vita. E il 40% sono colpite dalla violenza psicologica (Fonte: studio di Gillioz et al. 1997, pagina 10 della Scheda di informazione A4 dell\u2019UFU). Nel 2020, la polizia ha registrato 20\u2019123 infrazioni nell\u2019ambito della violenza domestica di cui 89 omicidi o tentati omicidi. La grande maggioranza di queste infrazioni (73,5%) sono compiute in una relazione di coppia attuale o passata e le vittime sono soprattutto donne (in una coppia attuale: 76,1%; tra ex-partner: 78,7%). Anche se le statistiche mostrano chiaramente che le donne sono le pi\u00f9 colpite dalla violenza nelle coppie, anche gli uomini o le persone non binarie possono esserlo. E cos\u00ec, anche le donne e le persone non binarie possono agire violenza. <br \/>\n  <br \/>\nIl sito www.violenzachefare.ch e il suo servizio di consulenza online si rivolgono a tutte le persone che vivono in Svizzera confrontate a situazioni di violenza nelle relazioni di coppia, qualsiasi sia l\u2019et\u00e0, l\u2019orientamento sessuale, o l\u2019identit\u00e0 di genere. <\/p><\/div><\/div><\/div><\/div><\/div><\/div><\/section>[\/vc_column][\/vc_row][vc_row][vc_column]<section class='vqf_section_block'><div class='vqf_container'><div class='vqf_row'><div class='vqf_full_col'><h2><\/h2><div class='podcast_row'><div class='podcast_col'><div class='podcast_item'><a href='https:\/\/www.violencequefaire.ch\/it\/podcast\/le-violenze-psicologiche-ed-economiche\/'><\/a><div class='bg_layer'><img src='https:\/\/www.violencequefaire.ch\/wp-content\/uploads\/2022\/04\/episode1_couverture.jpg' alt=''><\/div><div class='inner'><div class='img_block'><img src='https:\/\/www.violencequefaire.ch\/wp-content\/uploads\/2022\/04\/episode1_couverture.jpg' alt=''><\/div><div class='podcast_info'><span class='episode_name'>EPISODIO 1<\/span><h5 class='episode_title'>VIOLENZE INVISIBILI<\/h5><span class='podcast_author'><strong><span class=\"TextRun SCXW207756943 BCX0\" lang=\"FR-FR\" xml:lang=\"FR-FR\" data-contrast=\"none\"><span class=\"NormalTextRun SCXW207756943 BCX0\">Le <\/span><span class=\"NormalTextRun SpellingErrorV2Themed SCXW207756943 BCX0\">violenze<\/span> <span class=\"NormalTextRun SpellingErrorV2Themed SCXW207756943 BCX0\">psicologiche<\/span> <span class=\"NormalTextRun SpellingErrorV2Themed SCXW207756943 BCX0\">ed<\/span> <span class=\"NormalTextRun SpellingErrorV2Themed SCXW207756943 BCX0\">economiche<\/span><\/span><\/strong><br \/>\r\n<br \/>\r\nEsperto: Emmanuel Escard<\/span><\/div><\/div><\/div><\/div><div class='podcast_col'><div class='podcast_item'><a href='https:\/\/www.violencequefaire.ch\/it\/podcast\/le-violenze-fisiche-e-sessuali\/'><\/a><div class='bg_layer'><img src='https:\/\/www.violencequefaire.ch\/wp-content\/uploads\/2022\/04\/episode2_couverture.jpg' alt=''><\/div><div class='inner'><div class='img_block'><img src='https:\/\/www.violencequefaire.ch\/wp-content\/uploads\/2022\/04\/episode2_couverture.jpg' alt=''><\/div><div class='podcast_info'><span class='episode_name'>EPISODIO 2<\/span><h5 class='episode_title'>SOTTO SHOCK\u00a0<\/h5><span class='podcast_author'><strong>Le violenze fisiche e sessuali\u00a0<\/strong><br \/>\r\n<br \/>\r\nEsperta: Aline Cuche<\/span><\/div><\/div><\/div><\/div><div class='podcast_col'><div class='podcast_item'><a href='https:\/\/www.violencequefaire.ch\/it\/podcast\/le-violenze-nella-coppia-dal-punto-di-vista-del-diritto-svizzero\/'><\/a><div class='bg_layer'><img src='https:\/\/www.violencequefaire.ch\/wp-content\/uploads\/2022\/04\/episode3_couverture.jpg' alt=''><\/div><div class='inner'><div class='img_block'><img src='https:\/\/www.violencequefaire.ch\/wp-content\/uploads\/2022\/04\/episode3_couverture.jpg' alt=''><\/div><div class='podcast_info'><span class='episode_name'>EPISODIO 3<\/span><h5 class='episode_title'>DI FRONTE ALLA GIUSTIZIA<\/h5><span class='podcast_author'><strong>Le violenze nella coppia dal punto di vista del diritto svizzero\u00a0<\/strong><br \/>\r\n<br \/>\r\n<span class=\"TextRun SCXW105233068 BCX0\" lang=\"IT-IT\" xml:lang=\"IT-IT\" data-contrast=\"none\"><span class=\"NormalTextRun SCXW105233068 BCX0\">Esperta : Martine Lachat Clerc<\/span><\/span><\/span><\/div><\/div><\/div><\/div><div class='podcast_col'><div class='podcast_item'><a href='https:\/\/www.violencequefaire.ch\/it\/podcast\/episodio-4-infanzia-in-sospeso\/'><\/a><div class='bg_layer'><img src='https:\/\/www.violencequefaire.ch\/wp-content\/uploads\/2022\/04\/episode4_couverture.jpg' alt=''><\/div><div class='inner'><div class='img_block'><img src='https:\/\/www.violencequefaire.ch\/wp-content\/uploads\/2022\/04\/episode4_couverture.jpg' alt=''><\/div><div class='podcast_info'><span class='episode_name'>EPISODIO 4<\/span><h5 class='episode_title'>INFANZIA IN SOSPESO<\/h5><span class='podcast_author'><strong><span class=\"TextRun SCXW17710175 BCX0\" lang=\"IT-IT\" xml:lang=\"IT-IT\" data-contrast=\"none\"><span class=\"NormalTextRun SCXW17710175 BCX0\">L\u2019<\/span><\/span><span class=\"TextRun SCXW17710175 BCX0\" lang=\"FR\" xml:lang=\"FR\" data-contrast=\"none\"><span class=\"NormalTextRun SpellingErrorV2Themed SCXW17710175 BCX0\">impatto<\/span><span class=\"NormalTextRun SCXW17710175 BCX0\"> delle <\/span><span class=\"NormalTextRun SpellingErrorV2Themed SCXW17710175 BCX0\">violenza<\/span> <span class=\"NormalTextRun SpellingErrorV2Themed SCXW17710175 BCX0\">nella<\/span> <span class=\"NormalTextRun SpellingErrorV2Themed SCXW17710175 BCX0\">coppia<\/span><span class=\"NormalTextRun SCXW17710175 BCX0\"> e su <\/span><span class=\"NormalTextRun SpellingErrorV2Themed SCXW17710175 BCX0\">figlie<\/span><span class=\"NormalTextRun SCXW17710175 BCX0\"> e <\/span><span class=\"NormalTextRun SpellingErrorV2Themed SCXW17710175 BCX0\">figli<\/span><\/span><span class=\"EOP SCXW17710175 BCX0\" data-ccp-props=\"{&quot;134233117&quot;:false,&quot;134233118&quot;:false,&quot;201341983&quot;:0,&quot;335559738&quot;:0,&quot;335559739&quot;:160,&quot;335559740&quot;:257,&quot;469777462&quot;:[708,1416,2124,2832,3540,4248,4956,5664,6372,7080,7788,8496,9204],&quot;469777927&quot;:[0,0,0,0,0,0,0,0,0,0,0,0,0],&quot;469777928&quot;:[1,1,1,1,1,1,1,1,1,1,1,1,1]}\">\u00a0<\/span><\/strong><br \/>\r\n<br \/>\r\nEsperto: Philippe Bigler<\/span><\/div><\/div><\/div><\/div><div class='podcast_col'><div class='podcast_item'><a href='https:\/\/www.violencequefaire.ch\/it\/podcast\/episodio-5-genere-e-violenze-parte-1\/'><\/a><div class='bg_layer'><img src='https:\/\/www.violencequefaire.ch\/wp-content\/uploads\/2022\/04\/episode5_couverture.jpg' alt=''><\/div><div class='inner'><div class='img_block'><img src='https:\/\/www.violencequefaire.ch\/wp-content\/uploads\/2022\/04\/episode5_couverture.jpg' alt=''><\/div><div class='podcast_info'><span class='episode_name'>EPISODIO 5<\/span><h5 class='episode_title'>GENERE E VIOLENZE (PARTE 1)\u00a0<\/h5><span class='podcast_author'><strong><span lang=\"FR-FR\" xml:lang=\"FR-FR\" data-contrast=\"none\">La costruzione delle gerarchie donne-uomini<\/span>\u00a0<\/strong><br \/>\r\n<br \/>\r\nEsperta: Marta Roca i Escoda<\/span><\/div><\/div><\/div><\/div><div class='podcast_col'><div class='podcast_item'><a href='https:\/\/www.violencequefaire.ch\/it\/podcast\/le-violenze-nelle-coppie-lgbtqia\/'><\/a><div class='bg_layer'><img src='https:\/\/www.violencequefaire.ch\/wp-content\/uploads\/2022\/04\/episode6_couverture.jpg' alt=''><\/div><div class='inner'><div class='img_block'><img src='https:\/\/www.violencequefaire.ch\/wp-content\/uploads\/2022\/04\/episode6_couverture.jpg' alt=''><\/div><div class='podcast_info'><span class='episode_name'>EPISODIO 6<\/span><h5 class='episode_title'>GENERE E VIOLENZA (PARTE 2)\u00a0<\/h5><span class='podcast_author'><strong><span lang=\"FR-FR\" xml:lang=\"FR-FR\" data-contrast=\"none\">Le violenze nelle coppie LGBTQIA+<\/span>\u00a0<\/strong><br \/>\r\n<br \/>\r\nEsperte: Amanda Terzidis<\/span><\/div><\/div><\/div><\/div><div class='podcast_col'><div class='podcast_item'><a href='https:\/\/www.violencequefaire.ch\/it\/podcast\/episodio-7-violenze-e-migrazione\/'><\/a><div class='bg_layer'><img src='https:\/\/www.violencequefaire.ch\/wp-content\/uploads\/2022\/04\/episode7_couverture.jpg' alt=''><\/div><div class='inner'><div class='img_block'><img src='https:\/\/www.violencequefaire.ch\/wp-content\/uploads\/2022\/04\/episode7_couverture.jpg' alt=''><\/div><div class='podcast_info'><span class='episode_name'>EPISODIO 7<\/span><h5 class='episode_title'>VIOLENZE E MIGRAZIONE\u00a0<\/h5><span class='podcast_author'><strong><span lang=\"FR-FR\" xml:lang=\"FR-FR\" data-contrast=\"none\">Persone immigrate e vittime di violenza nella coppia: quale aiuto possibile?<\/span>\u00a0<\/strong><br \/>\r\n<br \/>\r\nEsperta: Chlo\u00e9 Maire<\/span><\/div><\/div><\/div><\/div><div class='podcast_col'><div class='podcast_item'><a href='https:\/\/www.violencequefaire.ch\/it\/podcast\/disimparare-la-violenza\/'><\/a><div class='bg_layer'><img src='https:\/\/www.violencequefaire.ch\/wp-content\/uploads\/2022\/04\/episode8_couverture.jpg' alt=''><\/div><div class='inner'><div class='img_block'><img src='https:\/\/www.violencequefaire.ch\/wp-content\/uploads\/2022\/04\/episode8_couverture.jpg' alt=''><\/div><div class='podcast_info'><span class='episode_name'>EPISODIO 8<\/span><h5 class='episode_title'>DISIMPARARE LA VIOLENZA\u00a0<\/h5><span class='podcast_author'><strong><span lang=\"FR-FR\" xml:lang=\"FR-FR\" data-contrast=\"none\">Ricorrere alla violenza nella coppia: quali cambiamenti possibili?<\/span>\u00a0<\/strong><br \/>\r\n<br \/>\r\nEsperta: Annick Bavaud<\/span><\/div><\/div><\/div><\/div><div class='podcast_col'><div class='podcast_item'><a href='https:\/\/www.violencequefaire.ch\/it\/podcast\/episode-9-violences-et-handicap\/'><\/a><div class='bg_layer'><img src='https:\/\/www.violencequefaire.ch\/wp-content\/uploads\/2025\/10\/Post-carre.png' alt=''><\/div><div class='inner'><div class='img_block'><img src='https:\/\/www.violencequefaire.ch\/wp-content\/uploads\/2025\/10\/Post-carre.png' alt=''><\/div><div class='podcast_info'><span class='episode_name'>EPISODIO 9<\/span><h5 class='episode_title'>VIOLENZE E DISABILIT\u00c0\u00a0<\/h5><span class='podcast_author'><p><strong>VIOLENZA E DISABILIT\u00c0 \u2013 LA VIOLENZA ALL\u2019INTERNO DELLA COPPIA NELLE PERSONE CON DISABILIT\u00c0<\/strong><\/p><br \/>\n<p>Esperta: Giada Besomi<\/p><br \/>\n<br \/>\n<!-- wp:paragraph --><br \/>\n<p>&nbsp;<\/p><br \/>\n<!-- \/wp:paragraph --><\/span><\/div><\/div><\/div><\/div><\/div><\/div><\/div><\/div><\/section>[\/vc_column][\/vc_row]<\/p>\n<\/div>","protected":false},"excerpt":{"rendered":"<p>[vc_row][vc_column][\/vc_column][\/vc_row][vc_row][vc_column][\/vc_column][\/vc_row]<\/p>\n","protected":false},"author":16,"featured_media":0,"parent":0,"menu_order":0,"comment_status":"closed","ping_status":"closed","template":"","meta":{"_acf_changed":false,"footnotes":""},"class_list":["post-10095","page","type-page","status-publish","hentry"],"acf":[],"yoast_head":"<!-- This site is optimized with the Yoast SEO plugin v27.3 - https:\/\/yoast.com\/product\/yoast-seo-wordpress\/ -->\n<title>Podcast &#8226; Violence que faire ?<\/title>\n<meta name=\"description\" content=\"Ascolta il nostro podcast Poussi\u00e8re. 9 episodi sulla violenza fisica, psicologica, economica, sessuale, di genere o all&#039;interno della coppia\" \/>\n<meta name=\"robots\" content=\"index, follow, max-snippet:-1, max-image-preview:large, max-video-preview:-1\" \/>\n<link rel=\"canonical\" href=\"https:\/\/www.violencequefaire.ch\/it\/podcast-polvere\/\" \/>\n<meta property=\"og:locale\" content=\"it_IT\" \/>\n<meta property=\"og:type\" content=\"article\" \/>\n<meta property=\"og:title\" content=\"Podcast &#8226; Violence que faire ?\" \/>\n<meta property=\"og:description\" content=\"Ascolta il nostro podcast Poussi\u00e8re. 9 episodi sulla violenza fisica, psicologica, economica, sessuale, di genere o all&#039;interno della coppia\" \/>\n<meta property=\"og:url\" content=\"https:\/\/www.violencequefaire.ch\/it\/podcast-polvere\/\" \/>\n<meta property=\"og:site_name\" content=\"Violence que faire ?\" \/>\n<meta property=\"article:modified_time\" content=\"2024-12-03T09:06:49+00:00\" \/>\n<meta name=\"twitter:card\" content=\"summary_large_image\" \/>\n<meta name=\"twitter:label1\" content=\"Tempo di lettura stimato\" \/>\n\t<meta name=\"twitter:data1\" content=\"1 minuto\" \/>\n<script type=\"application\/ld+json\" class=\"yoast-schema-graph\">{\"@context\":\"https:\\\/\\\/schema.org\",\"@graph\":[{\"@type\":\"WebPage\",\"@id\":\"https:\\\/\\\/www.violencequefaire.ch\\\/it\\\/podcast-polvere\\\/\",\"url\":\"https:\\\/\\\/www.violencequefaire.ch\\\/it\\\/podcast-polvere\\\/\",\"name\":\"Podcast &#8226; Violence que faire ?\",\"isPartOf\":{\"@id\":\"https:\\\/\\\/www.violencequefaire.ch\\\/it\\\/#website\"},\"datePublished\":\"2022-03-24T11:21:11+00:00\",\"dateModified\":\"2024-12-03T09:06:49+00:00\",\"description\":\"Ascolta il nostro podcast Poussi\u00e8re. 9 episodi sulla violenza fisica, psicologica, economica, sessuale, di genere o all'interno della coppia\",\"breadcrumb\":{\"@id\":\"https:\\\/\\\/www.violencequefaire.ch\\\/it\\\/podcast-polvere\\\/#breadcrumb\"},\"inLanguage\":\"it-IT\",\"potentialAction\":[{\"@type\":\"ReadAction\",\"target\":[\"https:\\\/\\\/www.violencequefaire.ch\\\/it\\\/podcast-polvere\\\/\"]}]},{\"@type\":\"BreadcrumbList\",\"@id\":\"https:\\\/\\\/www.violencequefaire.ch\\\/it\\\/podcast-polvere\\\/#breadcrumb\",\"itemListElement\":[{\"@type\":\"ListItem\",\"position\":1,\"name\":\"Home Page\",\"item\":\"https:\\\/\\\/www.violencequefaire.ch\\\/it\\\/\"},{\"@type\":\"ListItem\",\"position\":2,\"name\":\"Podcast\"}]},{\"@type\":\"WebSite\",\"@id\":\"https:\\\/\\\/www.violencequefaire.ch\\\/it\\\/#website\",\"url\":\"https:\\\/\\\/www.violencequefaire.ch\\\/it\\\/\",\"name\":\"Violence que faire\",\"description\":\"Specialisti rispondono personalmente alle vostre domande anonime sulla violenza all&#039;interno della coppia.\",\"publisher\":{\"@id\":\"https:\\\/\\\/www.violencequefaire.ch\\\/it\\\/#organization\"},\"alternateName\":\"Violenza Cosa Fare\",\"potentialAction\":[{\"@type\":\"SearchAction\",\"target\":{\"@type\":\"EntryPoint\",\"urlTemplate\":\"https:\\\/\\\/www.violencequefaire.ch\\\/it\\\/?s={search_term_string}\"},\"query-input\":{\"@type\":\"PropertyValueSpecification\",\"valueRequired\":true,\"valueName\":\"search_term_string\"}}],\"inLanguage\":\"it-IT\"},{\"@type\":\"Organization\",\"@id\":\"https:\\\/\\\/www.violencequefaire.ch\\\/it\\\/#organization\",\"name\":\"Violence que faire ?\",\"url\":\"https:\\\/\\\/www.violencequefaire.ch\\\/it\\\/\",\"logo\":{\"@type\":\"ImageObject\",\"inLanguage\":\"it-IT\",\"@id\":\"https:\\\/\\\/www.violencequefaire.ch\\\/it\\\/#\\\/schema\\\/logo\\\/image\\\/\",\"url\":\"https:\\\/\\\/www.violencequefaire.ch\\\/wp-content\\\/uploads\\\/2022\\\/04\\\/VQF_LOGO_neutre.jpg\",\"contentUrl\":\"https:\\\/\\\/www.violencequefaire.ch\\\/wp-content\\\/uploads\\\/2022\\\/04\\\/VQF_LOGO_neutre.jpg\",\"width\":253,\"height\":376,\"caption\":\"Violence que faire ?\"},\"image\":{\"@id\":\"https:\\\/\\\/www.violencequefaire.ch\\\/it\\\/#\\\/schema\\\/logo\\\/image\\\/\"}}]}<\/script>\n<!-- \/ Yoast SEO plugin. -->","yoast_head_json":{"title":"Podcast &#8226; Violence que faire ?","description":"Ascolta il nostro podcast Poussi\u00e8re. 9 episodi sulla violenza fisica, psicologica, economica, sessuale, di genere o all'interno della coppia","robots":{"index":"index","follow":"follow","max-snippet":"max-snippet:-1","max-image-preview":"max-image-preview:large","max-video-preview":"max-video-preview:-1"},"canonical":"https:\/\/www.violencequefaire.ch\/it\/podcast-polvere\/","og_locale":"it_IT","og_type":"article","og_title":"Podcast &#8226; Violence que faire ?","og_description":"Ascolta il nostro podcast Poussi\u00e8re. 9 episodi sulla violenza fisica, psicologica, economica, sessuale, di genere o all'interno della coppia","og_url":"https:\/\/www.violencequefaire.ch\/it\/podcast-polvere\/","og_site_name":"Violence que faire ?","article_modified_time":"2024-12-03T09:06:49+00:00","twitter_card":"summary_large_image","twitter_misc":{"Tempo di lettura stimato":"1 minuto"},"schema":{"@context":"https:\/\/schema.org","@graph":[{"@type":"WebPage","@id":"https:\/\/www.violencequefaire.ch\/it\/podcast-polvere\/","url":"https:\/\/www.violencequefaire.ch\/it\/podcast-polvere\/","name":"Podcast &#8226; Violence que faire ?","isPartOf":{"@id":"https:\/\/www.violencequefaire.ch\/it\/#website"},"datePublished":"2022-03-24T11:21:11+00:00","dateModified":"2024-12-03T09:06:49+00:00","description":"Ascolta il nostro podcast Poussi\u00e8re. 9 episodi sulla violenza fisica, psicologica, economica, sessuale, di genere o all'interno della coppia","breadcrumb":{"@id":"https:\/\/www.violencequefaire.ch\/it\/podcast-polvere\/#breadcrumb"},"inLanguage":"it-IT","potentialAction":[{"@type":"ReadAction","target":["https:\/\/www.violencequefaire.ch\/it\/podcast-polvere\/"]}]},{"@type":"BreadcrumbList","@id":"https:\/\/www.violencequefaire.ch\/it\/podcast-polvere\/#breadcrumb","itemListElement":[{"@type":"ListItem","position":1,"name":"Home Page","item":"https:\/\/www.violencequefaire.ch\/it\/"},{"@type":"ListItem","position":2,"name":"Podcast"}]},{"@type":"WebSite","@id":"https:\/\/www.violencequefaire.ch\/it\/#website","url":"https:\/\/www.violencequefaire.ch\/it\/","name":"Violence que faire","description":"Specialisti rispondono personalmente alle vostre domande anonime sulla violenza all&#039;interno della coppia.","publisher":{"@id":"https:\/\/www.violencequefaire.ch\/it\/#organization"},"alternateName":"Violenza Cosa Fare","potentialAction":[{"@type":"SearchAction","target":{"@type":"EntryPoint","urlTemplate":"https:\/\/www.violencequefaire.ch\/it\/?s={search_term_string}"},"query-input":{"@type":"PropertyValueSpecification","valueRequired":true,"valueName":"search_term_string"}}],"inLanguage":"it-IT"},{"@type":"Organization","@id":"https:\/\/www.violencequefaire.ch\/it\/#organization","name":"Violence que faire ?","url":"https:\/\/www.violencequefaire.ch\/it\/","logo":{"@type":"ImageObject","inLanguage":"it-IT","@id":"https:\/\/www.violencequefaire.ch\/it\/#\/schema\/logo\/image\/","url":"https:\/\/www.violencequefaire.ch\/wp-content\/uploads\/2022\/04\/VQF_LOGO_neutre.jpg","contentUrl":"https:\/\/www.violencequefaire.ch\/wp-content\/uploads\/2022\/04\/VQF_LOGO_neutre.jpg","width":253,"height":376,"caption":"Violence que faire ?"},"image":{"@id":"https:\/\/www.violencequefaire.ch\/it\/#\/schema\/logo\/image\/"}}]}},"_links":{"self":[{"href":"https:\/\/www.violencequefaire.ch\/it\/wp-json\/wp\/v2\/pages\/10095","targetHints":{"allow":["GET"]}}],"collection":[{"href":"https:\/\/www.violencequefaire.ch\/it\/wp-json\/wp\/v2\/pages"}],"about":[{"href":"https:\/\/www.violencequefaire.ch\/it\/wp-json\/wp\/v2\/types\/page"}],"author":[{"embeddable":true,"href":"https:\/\/www.violencequefaire.ch\/it\/wp-json\/wp\/v2\/users\/16"}],"replies":[{"embeddable":true,"href":"https:\/\/www.violencequefaire.ch\/it\/wp-json\/wp\/v2\/comments?post=10095"}],"version-history":[{"count":5,"href":"https:\/\/www.violencequefaire.ch\/it\/wp-json\/wp\/v2\/pages\/10095\/revisions"}],"predecessor-version":[{"id":10134,"href":"https:\/\/www.violencequefaire.ch\/it\/wp-json\/wp\/v2\/pages\/10095\/revisions\/10134"}],"wp:attachment":[{"href":"https:\/\/www.violencequefaire.ch\/it\/wp-json\/wp\/v2\/media?parent=10095"}],"curies":[{"name":"wp","href":"https:\/\/api.w.org\/{rel}","templated":true}]}}