{"id":2299,"date":"2022-04-22T15:28:19","date_gmt":"2022-04-22T13:28:19","guid":{"rendered":"https:\/\/dev-vqf.creatives.com\/?page_id=2299"},"modified":"2023-12-14T13:16:19","modified_gmt":"2023-12-14T12:16:19","slug":"hacer-una-pregunta","status":"publish","type":"page","link":"https:\/\/www.violencequefaire.ch\/es\/hacer-una-pregunta\/","title":{"rendered":"Hacer una pregunta"},"content":{"rendered":"<div class=\"wpb-content-wrapper\"><p>[vc_row][vc_column]<section class='vqf_section_block text_n_media_block'><div class='vqf_container'><div class='vqf_row'><div><div class='vqf_fixed_width_text'><p>\u00bfEres v\u00edctima o perpetrador de violencia, o conoces a alguien a tu alrededor que sufre violencia dom\u00e9stica? No te quedes solo con tu sufrimiento.<\/p><br \/>\n<p>Vives una situaci\u00f3n dif\u00edcil, dolorosa. Te sientes solo e indefenso. \u00bfTienes alguna duda, te falta informaci\u00f3n, o simplemente quieres contar por lo que est\u00e1s pasando? Profesionales experimentados te escuchar\u00e1n y te responder\u00e1n en este sitio.<\/p><br \/>\n<p>El sitio webviolencequefaire.ch tiene su sede en Suiza. Solo los usuarios de Internet que residen en Suiza pueden recibir una respuesta personalizada.<\/p><br \/>\n<p>Para encontrar direcciones \u00fatiles en Francia, puede ponerse en contacto con la \u201cAssociation Solidarit\u00e9 Femmes\u201d (Asociaci\u00f3n Solidaria de Mujeres), INAVEM o el n\u00famero gratuito 3919. Para aquellos que cometen violencia, la FNACAV est\u00e1 disponible para ayudar.<\/p><br \/>\n<p>La red europea WAVE tambi\u00e9n est\u00e1 disponible para ayudarlo a encontrar la informaci\u00f3n de contacto de las organizaciones cercanas a usted que pueden brindarle ayuda concreta para su situaci\u00f3n si lo desea.<\/p><\/div><\/div><\/div><div class='vqf_accordion_block'><div class='accordion_item'><div class='accordion_header'><span class='title'>Asesoramiento personalizado<\/span><\/div><div class='accordion_body'><div class='acc_body_inner'><div class='vqf_fixed_width_text'><p>Enviolencequefaire.ch, puede hacer de forma an\u00f3nima todas las preguntas que le preocupan a personas especializadas en ayudar a v\u00edctimas y perpetradores de violencia dom\u00e9stica. Su experiencia les permite comprender la complejidad de su situaci\u00f3n y apoyarlo. Recibir\u00e1 asesoramiento asesorado, adaptado a su contexto particular.<\/p><\/div><\/div><\/div><\/div><div class='accordion_item'><div class='accordion_header'><span class='title'>Su situaci\u00f3n est\u00e1 recibiendo la mayor atenci\u00f3n.<\/span><\/div><div class='accordion_body'><div class='acc_body_inner'><div class='vqf_fixed_width_text'><p>Puede que pienses que tu situaci\u00f3n no es tan mala, que tienes que dejar sitio a los que \u00abrealmente lo necesitan\u00bb. Sepa que su situaci\u00f3n es tan importante como la de los dem\u00e1s. Este sitio es para todos los afectados por la violencia, tenemos tiempo para dedicarte.<\/p><\/div><\/div><\/div><\/div><div class='accordion_item'><div class='accordion_header'><span class='title'>Eres un inmigrante en Suiza y tienes una pregunta legal<\/span><\/div><div class='accordion_body'><div class='acc_body_inner'><div class='vqf_fixed_width_text'><p>\u00bfEres un inmigrante suizo, vives con violencia en tu pareja y te gustar\u00eda recibir asesoramiento legal? Si\u00e9ntete libre de contactarnos.<br \/>\n<br \/>\n- Para el cant\u00f3n de Berna<br \/>\nCentro social protestante (CSP) \u2013 info@csp-beju.ch<br \/>\n<br \/>\n- Para el cant\u00f3n de Friburgo:<br \/>\nCCSI \/ SOS \u2013 info@ccsi-fr.ch<br \/>\nCaritas \u2013 info@caritas-fr.ch<br \/>\n<br \/>\n- Para el cant\u00f3n de Ginebra:<br \/>\nCentro social protestante (CSP) \u2013 info@csp-ge.ch<br \/>\n<br \/>\n- Para el cant\u00f3n de Jura:<br \/>\nCentro social protestante (CSP) \u2013 consulta@csp-beju.ch<br \/>\n<br \/>\n- Para el cant\u00f3n de Neuch\u00e2tel:<br \/>\nCaritas \u2013 caritas.neuchatel@ne.ch<br \/>\n<br \/>\n- Para el cant\u00f3n de Valais:<br \/>\nCentro Suizo \u2013 Immigr\u00e9s \u2013 csivs@bluewin.ch<br \/>\n<br \/>\n- Para el cant\u00f3n de Vaud:<br \/>\nLa Fraternit\u00e9 du Centre social protestant (CSP) \u2013 frat@csp-vd.ch<\/p><\/div><\/div><\/div><\/div><div class='accordion_item'><div class='accordion_header'><span class='title'>Como hacer una pregunta<\/span><\/div><div class='accordion_body'><div class='acc_body_inner'><div class='vqf_fixed_width_text'><p>Para hacer una pregunta, simplemente reg\u00edstrese en nuestro sitio con un nombre de usuario y contrase\u00f1a. El servicio es gratuito. Si a\u00fan no tiene acceso, puede registrarse en el Espace Perso (espacio personal) a continuaci\u00f3n. Es muy sencillo y muy r\u00e1pido. A continuaci\u00f3n, puede hacer su pregunta y le responderemos en el mejor momento. Por lo general, nuestro tiempo de respuesta es de tres d\u00edas h\u00e1biles, sin embargo, para preguntas en idiomas distintos al franc\u00e9s, puede demorar un poco m\u00e1s. Para ver nuestra respuesta, debe iniciar sesi\u00f3n en su cuenta con su nombre de usuario y luego hacer clic en \u00abMon compte\u00bb (Mi cuenta).<\/p><\/div><\/div><\/div><\/div><div class='accordion_item'><div class='accordion_header'><span class='title'>Puedes hacer una pregunta en estos idiomas<\/span><\/div><div class='accordion_body'><div class='acc_body_inner'><div class='vqf_fixed_width_text'><p>- alem\u00e1n \u2013 alem\u00e1n<br \/>\n- Ingl\u00e9s ingl\u00e9s<br \/>\n- \u0627\u0644\u0644\u063a\u0629 \u0627\u0644\u0639\u0631\u0628\u064a\u0629 \u2013 \u00c1rabe<br \/>\n- Espa\u00f1ol \u2013 Espa\u00f1ol<br \/>\n- italiano \u2013 italiano<br \/>\n- polaco \u2013 polaco<br \/>\n- Portugu\u00e9s \u2013 Portugu\u00e9s<br \/>\n- Bosanski-hrvatski-srpski \u2013 bosnio \/ croata \/ serbio<br \/>\n- Soomaali \u2013 Somal\u00ed<br \/>\n- \u0ba4\u0bae\u0bbf\u0bb4\u0bcd \u2013 tamil<br \/>\n- Turco \u2013 Turco<\/p><\/div><\/div><\/div><\/div><\/div><\/div><\/section>[\/vc_column][\/vc_row]<\/p>\n<\/div>","protected":false},"excerpt":{"rendered":"<p>[vc_row][vc_column][\/vc_column][\/vc_row]<\/p>\n","protected":false},"author":16,"featured_media":0,"parent":0,"menu_order":0,"comment_status":"closed","ping_status":"closed","template":"","meta":{"_acf_changed":false,"footnotes":""},"class_list":["post-2299","page","type-page","status-publish","hentry"],"acf":[],"yoast_head":"<!-- This site is optimized with the Yoast SEO plugin v27.3 - https:\/\/yoast.com\/product\/yoast-seo-wordpress\/ -->\n<title>Hacer una pregunta &#8226; Violence que faire ?<\/title>\n<meta name=\"robots\" content=\"index, follow, max-snippet:-1, max-image-preview:large, max-video-preview:-1\" \/>\n<link rel=\"canonical\" href=\"https:\/\/www.violencequefaire.ch\/es\/hacer-una-pregunta\/\" \/>\n<meta property=\"og:locale\" content=\"es_ES\" \/>\n<meta property=\"og:type\" content=\"article\" \/>\n<meta property=\"og:title\" content=\"Hacer una pregunta &#8226; Violence que faire ?\" \/>\n<meta property=\"og:description\" content=\"[vc_row][vc_column][\/vc_column][\/vc_row]\" \/>\n<meta property=\"og:url\" content=\"https:\/\/www.violencequefaire.ch\/es\/hacer-una-pregunta\/\" \/>\n<meta property=\"og:site_name\" content=\"Violence que faire ?\" \/>\n<meta property=\"article:modified_time\" content=\"2023-12-14T12:16:19+00:00\" \/>\n<meta name=\"twitter:card\" content=\"summary_large_image\" \/>\n<meta name=\"twitter:label1\" content=\"Tiempo de lectura\" \/>\n\t<meta name=\"twitter:data1\" content=\"1 minuto\" \/>\n<script type=\"application\/ld+json\" class=\"yoast-schema-graph\">{\"@context\":\"https:\\\/\\\/schema.org\",\"@graph\":[{\"@type\":\"WebPage\",\"@id\":\"https:\\\/\\\/www.violencequefaire.ch\\\/es\\\/hacer-una-pregunta\\\/\",\"url\":\"https:\\\/\\\/www.violencequefaire.ch\\\/es\\\/hacer-una-pregunta\\\/\",\"name\":\"Hacer una pregunta &#8226; Violence que faire ?\",\"isPartOf\":{\"@id\":\"https:\\\/\\\/www.violencequefaire.ch\\\/es\\\/#website\"},\"datePublished\":\"2022-04-22T13:28:19+00:00\",\"dateModified\":\"2023-12-14T12:16:19+00:00\",\"breadcrumb\":{\"@id\":\"https:\\\/\\\/www.violencequefaire.ch\\\/es\\\/hacer-una-pregunta\\\/#breadcrumb\"},\"inLanguage\":\"es\",\"potentialAction\":[{\"@type\":\"ReadAction\",\"target\":[\"https:\\\/\\\/www.violencequefaire.ch\\\/es\\\/hacer-una-pregunta\\\/\"]}]},{\"@type\":\"BreadcrumbList\",\"@id\":\"https:\\\/\\\/www.violencequefaire.ch\\\/es\\\/hacer-una-pregunta\\\/#breadcrumb\",\"itemListElement\":[{\"@type\":\"ListItem\",\"position\":1,\"name\":\"Inicio\",\"item\":\"https:\\\/\\\/www.violencequefaire.ch\\\/es\\\/\"},{\"@type\":\"ListItem\",\"position\":2,\"name\":\"Hacer una pregunta\"}]},{\"@type\":\"WebSite\",\"@id\":\"https:\\\/\\\/www.violencequefaire.ch\\\/es\\\/#website\",\"url\":\"https:\\\/\\\/www.violencequefaire.ch\\\/es\\\/\",\"name\":\"Violence que faire\",\"description\":\"Des sp\u00e9cialistes r\u00e9pondent personnellement \u00e0 vos questions anonymes sur la violence au sein du couple.\",\"publisher\":{\"@id\":\"https:\\\/\\\/www.violencequefaire.ch\\\/es\\\/#organization\"},\"alternateName\":\"Violenza Cosa Fare\",\"potentialAction\":[{\"@type\":\"SearchAction\",\"target\":{\"@type\":\"EntryPoint\",\"urlTemplate\":\"https:\\\/\\\/www.violencequefaire.ch\\\/es\\\/?s={search_term_string}\"},\"query-input\":{\"@type\":\"PropertyValueSpecification\",\"valueRequired\":true,\"valueName\":\"search_term_string\"}}],\"inLanguage\":\"es\"},{\"@type\":\"Organization\",\"@id\":\"https:\\\/\\\/www.violencequefaire.ch\\\/es\\\/#organization\",\"name\":\"Violence que faire ?\",\"url\":\"https:\\\/\\\/www.violencequefaire.ch\\\/es\\\/\",\"logo\":{\"@type\":\"ImageObject\",\"inLanguage\":\"es\",\"@id\":\"https:\\\/\\\/www.violencequefaire.ch\\\/es\\\/#\\\/schema\\\/logo\\\/image\\\/\",\"url\":\"https:\\\/\\\/www.violencequefaire.ch\\\/wp-content\\\/uploads\\\/2022\\\/04\\\/VQF_LOGO_neutre.jpg\",\"contentUrl\":\"https:\\\/\\\/www.violencequefaire.ch\\\/wp-content\\\/uploads\\\/2022\\\/04\\\/VQF_LOGO_neutre.jpg\",\"width\":253,\"height\":376,\"caption\":\"Violence que faire ?\"},\"image\":{\"@id\":\"https:\\\/\\\/www.violencequefaire.ch\\\/es\\\/#\\\/schema\\\/logo\\\/image\\\/\"}}]}<\/script>\n<!-- \/ Yoast SEO plugin. -->","yoast_head_json":{"title":"Hacer una pregunta &#8226; Violence que faire ?","robots":{"index":"index","follow":"follow","max-snippet":"max-snippet:-1","max-image-preview":"max-image-preview:large","max-video-preview":"max-video-preview:-1"},"canonical":"https:\/\/www.violencequefaire.ch\/es\/hacer-una-pregunta\/","og_locale":"es_ES","og_type":"article","og_title":"Hacer una pregunta &#8226; Violence que faire ?","og_description":"[vc_row][vc_column][\/vc_column][\/vc_row]","og_url":"https:\/\/www.violencequefaire.ch\/es\/hacer-una-pregunta\/","og_site_name":"Violence que faire ?","article_modified_time":"2023-12-14T12:16:19+00:00","twitter_card":"summary_large_image","twitter_misc":{"Tiempo de lectura":"1 minuto"},"schema":{"@context":"https:\/\/schema.org","@graph":[{"@type":"WebPage","@id":"https:\/\/www.violencequefaire.ch\/es\/hacer-una-pregunta\/","url":"https:\/\/www.violencequefaire.ch\/es\/hacer-una-pregunta\/","name":"Hacer una pregunta &#8226; Violence que faire ?","isPartOf":{"@id":"https:\/\/www.violencequefaire.ch\/es\/#website"},"datePublished":"2022-04-22T13:28:19+00:00","dateModified":"2023-12-14T12:16:19+00:00","breadcrumb":{"@id":"https:\/\/www.violencequefaire.ch\/es\/hacer-una-pregunta\/#breadcrumb"},"inLanguage":"es","potentialAction":[{"@type":"ReadAction","target":["https:\/\/www.violencequefaire.ch\/es\/hacer-una-pregunta\/"]}]},{"@type":"BreadcrumbList","@id":"https:\/\/www.violencequefaire.ch\/es\/hacer-una-pregunta\/#breadcrumb","itemListElement":[{"@type":"ListItem","position":1,"name":"Inicio","item":"https:\/\/www.violencequefaire.ch\/es\/"},{"@type":"ListItem","position":2,"name":"Hacer una pregunta"}]},{"@type":"WebSite","@id":"https:\/\/www.violencequefaire.ch\/es\/#website","url":"https:\/\/www.violencequefaire.ch\/es\/","name":"Violence que faire","description":"Des sp\u00e9cialistes r\u00e9pondent personnellement \u00e0 vos questions anonymes sur la violence au sein du couple.","publisher":{"@id":"https:\/\/www.violencequefaire.ch\/es\/#organization"},"alternateName":"Violenza Cosa Fare","potentialAction":[{"@type":"SearchAction","target":{"@type":"EntryPoint","urlTemplate":"https:\/\/www.violencequefaire.ch\/es\/?s={search_term_string}"},"query-input":{"@type":"PropertyValueSpecification","valueRequired":true,"valueName":"search_term_string"}}],"inLanguage":"es"},{"@type":"Organization","@id":"https:\/\/www.violencequefaire.ch\/es\/#organization","name":"Violence que faire ?","url":"https:\/\/www.violencequefaire.ch\/es\/","logo":{"@type":"ImageObject","inLanguage":"es","@id":"https:\/\/www.violencequefaire.ch\/es\/#\/schema\/logo\/image\/","url":"https:\/\/www.violencequefaire.ch\/wp-content\/uploads\/2022\/04\/VQF_LOGO_neutre.jpg","contentUrl":"https:\/\/www.violencequefaire.ch\/wp-content\/uploads\/2022\/04\/VQF_LOGO_neutre.jpg","width":253,"height":376,"caption":"Violence que faire ?"},"image":{"@id":"https:\/\/www.violencequefaire.ch\/es\/#\/schema\/logo\/image\/"}}]}},"_links":{"self":[{"href":"https:\/\/www.violencequefaire.ch\/es\/wp-json\/wp\/v2\/pages\/2299","targetHints":{"allow":["GET"]}}],"collection":[{"href":"https:\/\/www.violencequefaire.ch\/es\/wp-json\/wp\/v2\/pages"}],"about":[{"href":"https:\/\/www.violencequefaire.ch\/es\/wp-json\/wp\/v2\/types\/page"}],"author":[{"embeddable":true,"href":"https:\/\/www.violencequefaire.ch\/es\/wp-json\/wp\/v2\/users\/16"}],"replies":[{"embeddable":true,"href":"https:\/\/www.violencequefaire.ch\/es\/wp-json\/wp\/v2\/comments?post=2299"}],"version-history":[{"count":6,"href":"https:\/\/www.violencequefaire.ch\/es\/wp-json\/wp\/v2\/pages\/2299\/revisions"}],"predecessor-version":[{"id":5462,"href":"https:\/\/www.violencequefaire.ch\/es\/wp-json\/wp\/v2\/pages\/2299\/revisions\/5462"}],"wp:attachment":[{"href":"https:\/\/www.violencequefaire.ch\/es\/wp-json\/wp\/v2\/media?parent=2299"}],"curies":[{"name":"wp","href":"https:\/\/api.w.org\/{rel}","templated":true}]}}