{"id":2063,"date":"2022-03-25T15:03:55","date_gmt":"2022-03-25T14:03:55","guid":{"rendered":"https:\/\/dev-vqf.creatives.com\/?page_id=2063"},"modified":"2025-10-29T18:16:54","modified_gmt":"2025-10-29T17:16:54","slug":"violencia-sexual","status":"publish","type":"page","link":"https:\/\/www.violencequefaire.ch\/es\/violencia-sexual\/","title":{"rendered":"Violencia sexual"},"content":{"rendered":"<div class=\"wpb-content-wrapper\"><p>[vc_row][vc_column]<section class='vqf_section_block text_n_media_block podcast_media'><div class='vqf_container'><div class='vqf_row'><div class='left_text_block'><h2>\u00bfC\u00f3mo reconocerla?<\/h2><div class='vqf_fixed_width_text'><p>Humillaciones y maltratos, coacci\u00f3n sexual, violaciones, etc.<\/p>\n<p>La violencia sexual es la forma m\u00e1s oculta en la violencia de pareja, pero es bastante com\u00fan. Afecta a las v\u00edctimas en su esfera m\u00e1s \u00edntima. La mayor\u00eda se averg\u00fcenza de hablar de ello.<\/p>\n<p>En caso de agresi\u00f3n sexual, a menudo ocurre que la v\u00edctima se encuentra en un estado de estupefacci\u00f3n. Este estado de shock paraliza a la v\u00edctima tanto a nivel f\u00edsico (incapacidad de moverse) como a nivel mental (incapacidad de gritar).<\/p><\/div><div class='vqf_accordion_block'><div class='accordion_item'><div class='accordion_header'><span class='title'>Actos de violencia sexual<\/span><\/div><div class='accordion_body'><div class='acc_body_inner'><div class='vqf_fixed_width_text'><p>\u00b7\tacoso sexual<br \/>\n\u00b7\tobligar a ver material pornogr\u00e1fico<br \/>\n\u00b7\timponer accesorios, ropa, realizaci\u00f3n de fantas\u00edas<br \/>\n\u00b7\tobligar a posar para fotos o v\u00eddeos<br \/>\n\u00b7\tobligar a realizar actos no deseados durante las relaciones sexuales (sodom\u00eda, felaci\u00f3n, etc.)<br \/>\n\u00b7\thumillar durante las relaciones sexuales (palabras ofensivas, insultos, uso de objetos dom\u00e9sticos, posturas degradantes, etc.)<br \/>\n\u00b7\tagredir f\u00edsicamente durante las relaciones sexuales (morder los senos, tirar de los pezones, penetrar violentamente, golpear, atar, ...)<br \/>\n\u00b7\tobligar a realizar actos sexuales sea como sea (por la fuerza, con amenazas, haciendo promesas o regalos)<br \/>\n\u00b7\tviolar o intentar violar<br \/>\n\u00b7\tobligar a realizar actos sexuales con otras personas<br \/>\n\u00b7\tobligar a prostituirse<br \/>\n\u00b7\tEl \u00abrevenge porn\u00bb, es decir, difundir a un tercero contenido sexual no p\u00fablico.<br \/>\n\u00b7\tEl \u00abstealthing\u00bb, es decir, quitarse el preservativo sin el consentimiento de la pareja durante una relaci\u00f3n sexual consentida.<\/p><\/div><\/div><\/div><\/div><div class='accordion_item'><div class='accordion_header'><span class='title'>Consentimiento<\/span><\/div><div class='accordion_body'><div class='acc_body_inner'><div class='vqf_fixed_width_text'><p>En cualquier tipo de relaci\u00f3n sexual, cada persona es responsable de asegurarse de que la otra persona est\u00e1 de acuerdo.<br \/>\nEl consentimiento es el hecho de dar libremente el propio acuerdo a una acci\u00f3n. Puede darse y retirarse en todo momento. La ausencia de un \u00abno\u00bb no dice nada sobre el consentimiento de la pareja. Por lo tanto, es importante asegurarse de que la persona est\u00e1 de acuerdo, por ejemplo, haciendo la pregunta directamente.<br \/>\nHay ausencia de consentimiento cuando una persona cede:<br \/>\n\u00b7\tpor presi\u00f3n<br \/>\n\u00b7\tpor amenazas<br \/>\n\u00b7\tdebido a una relaci\u00f3n de dependencia<\/p><\/div><\/div><\/div><\/div><div class='accordion_item'><div class='accordion_header'><span class='title'>\u00bfQu\u00e9 hacer en caso de agresi\u00f3n sexual?<\/span><\/div><div class='accordion_body'><div class='acc_body_inner'><div class='vqf_fixed_width_text'><p>En caso de agresi\u00f3n sexual, se recomienda a la v\u00edctima acudir inmediatamente a un hospital de su regi\u00f3n, sin lavarse y llevando consigo o en una bolsa de papel la ropa que llevaba puesta durante la agresi\u00f3n. En el hospital, la v\u00edctima recibir\u00e1 la atenci\u00f3n necesaria para prevenir la transmisi\u00f3n del VIH y otras infecciones de transmisi\u00f3n sexual. Para evitar contraer el VIH, es importante que la v\u00edctima de violencia acuda a un hospital en un plazo de 48 horas para que el tratamiento sea eficaz. Tambi\u00e9n podr\u00e1 recibir un m\u00e9todo anticonceptivo de emergencia para evitar un embarazo no deseado, as\u00ed como un acompa\u00f1amiento a nivel f\u00edsico y psicol\u00f3gico.<br \/>\n<br \/>\nEn urgencias, la v\u00edctima tiene dos opciones. La primera posibilidad consiste en una atenci\u00f3n exclusivamente m\u00e9dica. En este caso, recibe cuidados m\u00e9dicos y tratamiento para sus heridas sin recopilar pruebas para una posible acci\u00f3n judicial posterior. En cambio, la segunda opci\u00f3n incluye el certificado m\u00e9dico-legal. Adem\u00e1s de la atenci\u00f3n m\u00e9dica, tambi\u00e9n incluye un examen exhaustivo para documentar las heridas y las pruebas que podr\u00edan utilizarse en una investigaci\u00f3n o un juicio, tanto si la v\u00edctima decide presentar una denuncia como si no.<br \/>\n<br \/>\nEl examen de reconocimiento m\u00e9dico por agresi\u00f3n sexual se realiza de forma confidencial y con el apoyo y profesionalismo de personas especializadas. Cada gesto o etapa del procedimiento se realiza con el consentimiento de la v\u00edctima. Esta, puede decidir interrumpir o suspender la atenci\u00f3n en cualquier momento. El certificado de agresi\u00f3n sexual lo realiza una persona especializada en medicina legal en un plazo de 7 d\u00edas a partir de la agresi\u00f3n. Pasados los 7 d\u00edas, el certificado se realiza sin la presencia de la persona especialista en medicina legal. El informe de agresi\u00f3n sexual puede ser reembolsado por el seguro m\u00e9dico o cubierto por la LAVI (Ley federal de ayuda a las v\u00edctimas de infracci\u00f3n).<br \/>\n<br \/>\nLa atenci\u00f3n a una agresi\u00f3n sexual es urgente. Sin embargo, si la persona que ha sido v\u00edctima no ha consultado a un m\u00e9dico de urgencia, siempre podr\u00e1 hacerlo cuando se sienta preparada. Los centros de salud sexual tambi\u00e9n est\u00e1n a disposici\u00f3n para responder a tus preguntas. Para encontrar una direcci\u00f3n cerca de d\u00f3nde vives: el directorio est\u00e1 <a href=\"  https:\/\/www.sante-sexuelle.ch\/centres-de-conseil?city=Sion&radius=500&topic=#consultancy_search\" target=\"_blank\">aqu\u00ed<\/a>.<\/p><\/div><\/div><\/div><\/div><div class='accordion_item'><div class='accordion_header'><span class='title'>\u00bfQu\u00e9 dice la ley sobre la violencia sexual?<\/span><\/div><div class='accordion_body'><div class='acc_body_inner'><div class='vqf_fixed_width_text'><p>A partir del 1 de julio de 2024, <a href=\" https:\/\/www.fedlex.admin.ch\/eli\/fga\/2023\/1521\/fr\" target=\"_blank\">la ley<\/a> ha cambiado en el \u00e1mbito de la violencia sexual.<br \/>\n<br \/>\nAhora, la ley define como violaci\u00f3n cualquier acto sexual que implique la penetraci\u00f3n del cuerpo de una persona, obtenida contra su voluntad, mediante amenaza, violencia o aprovech\u00e1ndose de su estado de estupefacci\u00f3n (art. <a href=\" https:\/\/www.fedlex.admin.ch\/eli\/fga\/2023\/1521\/fr#lvl_1\/lvl_2\/lvl_u3\" target=\"_blank\">190<\/a> CP). La ley tambi\u00e9n reconoce que cualquier acto sexual impuesto a una persona contra su voluntad, mediante amenaza, violencia o aprovech\u00e1ndose de su estado de estupefacci\u00f3n, constituye una agresi\u00f3n o coacci\u00f3n sexual (art. <a href=\" https:\/\/www.fedlex.admin.ch\/eli\/fga\/2023\/1521\/fr#lvl_1\/lvl_2\/lvl_u2\" target=\"_blank\">189<\/a> CP).<br \/>\n<br \/>\nEl nuevo derecho penal tambi\u00e9n introduce disposiciones contra comportamientos como el stealthing, que consiste en quitarse el preservativo o evitar usarlo sin el consentimiento de la pareja. Del mismo modo, el revenge porn, es decir, la difusi\u00f3n a terceros de contenidos de car\u00e1cter sexual sin el consentimiento de la persona implicada, a partir de ahora se considera un delito punible previa denuncia (art. 197a  CP).<br \/>\n<br \/>\nGracias a esta evoluci\u00f3n legislativa, se ha integrado el principio de \u00ab\u00a1No significa no!\u00bb. Esto significa que la ley ya no se limita a considerar la violencia y la fuerza para reconocer y sancionar una agresi\u00f3n sexual o una violaci\u00f3n. Tambi\u00e9n reconoce la negativa de la v\u00edctima, su disconformidad y la posibilidad de que est\u00e9 demasiado impactada para reaccionar y defenderse. Adem\u00e1s, la nueva ley se refiere a la penetraci\u00f3n del cuerpo de cualquier persona, independientemente del sexo de las personas implicadas. Este cambio permite que cualquier persona pueda ser reconocida como v\u00edctima de violaci\u00f3n.<\/p><\/div><\/div><\/div><\/div><\/div><\/div><div class='right_media_block'><div class='media_box'><div class='podcast_col'><div class='podcast_item'><a href='https:\/\/www.violencequefaire.ch\/es\/podcast\/episode-3-face-a-la-justice-2\/'><\/a><div class='bg_layer'><img src='https:\/\/www.violencequefaire.ch\/wp-content\/uploads\/2022\/04\/episode2_couverture.jpg' alt=''><\/div><div class='inner'><div class='img_block'><img src='https:\/\/www.violencequefaire.ch\/wp-content\/uploads\/2022\/04\/episode2_couverture.jpg' alt=''><\/div><div class='podcast_info'><span class='episode_name'><strong>La violencia f\u00edsica y sexual<\/strong>\r\n\r\nExperta: Aline Cuche<\/span><h5 class='episode_title'>EPISODIO 2 &#8211; EN ESTADO DE SHOCK<\/h5><span class='podcast_author'>Experte: Aline Cuche<\/span><\/div><\/div><\/div><\/div><\/div><\/div><\/div><\/div><\/section>[\/vc_column][\/vc_row]<\/p>\n<\/div>","protected":false},"excerpt":{"rendered":"<p>[vc_row][vc_column][\/vc_column][\/vc_row]<\/p>\n","protected":false},"author":16,"featured_media":0,"parent":0,"menu_order":0,"comment_status":"closed","ping_status":"closed","template":"templates\/Sexuelle.php","meta":{"_acf_changed":false,"footnotes":""},"class_list":["post-2063","page","type-page","status-publish","hentry"],"acf":[],"yoast_head":"<!-- This site is optimized with the Yoast SEO plugin v27.3 - https:\/\/yoast.com\/product\/yoast-seo-wordpress\/ -->\n<title>Violencia sexual &#8226; Violence que faire ?<\/title>\n<meta name=\"robots\" content=\"index, follow, max-snippet:-1, max-image-preview:large, max-video-preview:-1\" \/>\n<link rel=\"canonical\" href=\"https:\/\/www.violencequefaire.ch\/es\/violencia-sexual\/\" \/>\n<meta property=\"og:locale\" content=\"es_ES\" \/>\n<meta property=\"og:type\" content=\"article\" \/>\n<meta property=\"og:title\" content=\"Violencia sexual &#8226; Violence que faire ?\" \/>\n<meta property=\"og:description\" content=\"[vc_row][vc_column][\/vc_column][\/vc_row]\" \/>\n<meta property=\"og:url\" content=\"https:\/\/www.violencequefaire.ch\/es\/violencia-sexual\/\" \/>\n<meta property=\"og:site_name\" content=\"Violence que faire ?\" \/>\n<meta property=\"article:modified_time\" content=\"2025-10-29T17:16:54+00:00\" \/>\n<meta property=\"og:image\" content=\"http:\/\/true\" \/>\n<meta name=\"twitter:card\" content=\"summary_large_image\" \/>\n<meta name=\"twitter:label1\" content=\"Tiempo de lectura\" \/>\n\t<meta name=\"twitter:data1\" content=\"1 minuto\" \/>\n<script type=\"application\/ld+json\" class=\"yoast-schema-graph\">{\"@context\":\"https:\\\/\\\/schema.org\",\"@graph\":[{\"@type\":\"WebPage\",\"@id\":\"https:\\\/\\\/www.violencequefaire.ch\\\/es\\\/violencia-sexual\\\/\",\"url\":\"https:\\\/\\\/www.violencequefaire.ch\\\/es\\\/violencia-sexual\\\/\",\"name\":\"Violencia sexual &#8226; Violence que faire ?\",\"isPartOf\":{\"@id\":\"https:\\\/\\\/www.violencequefaire.ch\\\/es\\\/#website\"},\"datePublished\":\"2022-03-25T14:03:55+00:00\",\"dateModified\":\"2025-10-29T17:16:54+00:00\",\"breadcrumb\":{\"@id\":\"https:\\\/\\\/www.violencequefaire.ch\\\/es\\\/violencia-sexual\\\/#breadcrumb\"},\"inLanguage\":\"es\",\"potentialAction\":[{\"@type\":\"ReadAction\",\"target\":[\"https:\\\/\\\/www.violencequefaire.ch\\\/es\\\/violencia-sexual\\\/\"]}]},{\"@type\":\"BreadcrumbList\",\"@id\":\"https:\\\/\\\/www.violencequefaire.ch\\\/es\\\/violencia-sexual\\\/#breadcrumb\",\"itemListElement\":[{\"@type\":\"ListItem\",\"position\":1,\"name\":\"Inicio\",\"item\":\"https:\\\/\\\/www.violencequefaire.ch\\\/es\\\/\"},{\"@type\":\"ListItem\",\"position\":2,\"name\":\"Violencia sexual\"}]},{\"@type\":\"WebSite\",\"@id\":\"https:\\\/\\\/www.violencequefaire.ch\\\/es\\\/#website\",\"url\":\"https:\\\/\\\/www.violencequefaire.ch\\\/es\\\/\",\"name\":\"Violence que faire\",\"description\":\"Des sp\u00e9cialistes r\u00e9pondent personnellement \u00e0 vos questions anonymes sur la violence au sein du couple.\",\"publisher\":{\"@id\":\"https:\\\/\\\/www.violencequefaire.ch\\\/es\\\/#organization\"},\"alternateName\":\"Violenza Cosa Fare\",\"potentialAction\":[{\"@type\":\"SearchAction\",\"target\":{\"@type\":\"EntryPoint\",\"urlTemplate\":\"https:\\\/\\\/www.violencequefaire.ch\\\/es\\\/?s={search_term_string}\"},\"query-input\":{\"@type\":\"PropertyValueSpecification\",\"valueRequired\":true,\"valueName\":\"search_term_string\"}}],\"inLanguage\":\"es\"},{\"@type\":\"Organization\",\"@id\":\"https:\\\/\\\/www.violencequefaire.ch\\\/es\\\/#organization\",\"name\":\"Violence que faire ?\",\"url\":\"https:\\\/\\\/www.violencequefaire.ch\\\/es\\\/\",\"logo\":{\"@type\":\"ImageObject\",\"inLanguage\":\"es\",\"@id\":\"https:\\\/\\\/www.violencequefaire.ch\\\/es\\\/#\\\/schema\\\/logo\\\/image\\\/\",\"url\":\"https:\\\/\\\/www.violencequefaire.ch\\\/wp-content\\\/uploads\\\/2022\\\/04\\\/VQF_LOGO_neutre.jpg\",\"contentUrl\":\"https:\\\/\\\/www.violencequefaire.ch\\\/wp-content\\\/uploads\\\/2022\\\/04\\\/VQF_LOGO_neutre.jpg\",\"width\":253,\"height\":376,\"caption\":\"Violence que faire ?\"},\"image\":{\"@id\":\"https:\\\/\\\/www.violencequefaire.ch\\\/es\\\/#\\\/schema\\\/logo\\\/image\\\/\"}}]}<\/script>\n<!-- \/ Yoast SEO plugin. -->","yoast_head_json":{"title":"Violencia sexual &#8226; Violence que faire ?","robots":{"index":"index","follow":"follow","max-snippet":"max-snippet:-1","max-image-preview":"max-image-preview:large","max-video-preview":"max-video-preview:-1"},"canonical":"https:\/\/www.violencequefaire.ch\/es\/violencia-sexual\/","og_locale":"es_ES","og_type":"article","og_title":"Violencia sexual &#8226; Violence que faire ?","og_description":"[vc_row][vc_column][\/vc_column][\/vc_row]","og_url":"https:\/\/www.violencequefaire.ch\/es\/violencia-sexual\/","og_site_name":"Violence que faire ?","article_modified_time":"2025-10-29T17:16:54+00:00","og_image":[{"url":"true","type":"","width":"","height":""}],"twitter_card":"summary_large_image","twitter_misc":{"Tiempo de lectura":"1 minuto"},"schema":{"@context":"https:\/\/schema.org","@graph":[{"@type":"WebPage","@id":"https:\/\/www.violencequefaire.ch\/es\/violencia-sexual\/","url":"https:\/\/www.violencequefaire.ch\/es\/violencia-sexual\/","name":"Violencia sexual &#8226; Violence que faire ?","isPartOf":{"@id":"https:\/\/www.violencequefaire.ch\/es\/#website"},"datePublished":"2022-03-25T14:03:55+00:00","dateModified":"2025-10-29T17:16:54+00:00","breadcrumb":{"@id":"https:\/\/www.violencequefaire.ch\/es\/violencia-sexual\/#breadcrumb"},"inLanguage":"es","potentialAction":[{"@type":"ReadAction","target":["https:\/\/www.violencequefaire.ch\/es\/violencia-sexual\/"]}]},{"@type":"BreadcrumbList","@id":"https:\/\/www.violencequefaire.ch\/es\/violencia-sexual\/#breadcrumb","itemListElement":[{"@type":"ListItem","position":1,"name":"Inicio","item":"https:\/\/www.violencequefaire.ch\/es\/"},{"@type":"ListItem","position":2,"name":"Violencia sexual"}]},{"@type":"WebSite","@id":"https:\/\/www.violencequefaire.ch\/es\/#website","url":"https:\/\/www.violencequefaire.ch\/es\/","name":"Violence que faire","description":"Des sp\u00e9cialistes r\u00e9pondent personnellement \u00e0 vos questions anonymes sur la violence au sein du couple.","publisher":{"@id":"https:\/\/www.violencequefaire.ch\/es\/#organization"},"alternateName":"Violenza Cosa Fare","potentialAction":[{"@type":"SearchAction","target":{"@type":"EntryPoint","urlTemplate":"https:\/\/www.violencequefaire.ch\/es\/?s={search_term_string}"},"query-input":{"@type":"PropertyValueSpecification","valueRequired":true,"valueName":"search_term_string"}}],"inLanguage":"es"},{"@type":"Organization","@id":"https:\/\/www.violencequefaire.ch\/es\/#organization","name":"Violence que faire ?","url":"https:\/\/www.violencequefaire.ch\/es\/","logo":{"@type":"ImageObject","inLanguage":"es","@id":"https:\/\/www.violencequefaire.ch\/es\/#\/schema\/logo\/image\/","url":"https:\/\/www.violencequefaire.ch\/wp-content\/uploads\/2022\/04\/VQF_LOGO_neutre.jpg","contentUrl":"https:\/\/www.violencequefaire.ch\/wp-content\/uploads\/2022\/04\/VQF_LOGO_neutre.jpg","width":253,"height":376,"caption":"Violence que faire ?"},"image":{"@id":"https:\/\/www.violencequefaire.ch\/es\/#\/schema\/logo\/image\/"}}]}},"_links":{"self":[{"href":"https:\/\/www.violencequefaire.ch\/es\/wp-json\/wp\/v2\/pages\/2063","targetHints":{"allow":["GET"]}}],"collection":[{"href":"https:\/\/www.violencequefaire.ch\/es\/wp-json\/wp\/v2\/pages"}],"about":[{"href":"https:\/\/www.violencequefaire.ch\/es\/wp-json\/wp\/v2\/types\/page"}],"author":[{"embeddable":true,"href":"https:\/\/www.violencequefaire.ch\/es\/wp-json\/wp\/v2\/users\/16"}],"replies":[{"embeddable":true,"href":"https:\/\/www.violencequefaire.ch\/es\/wp-json\/wp\/v2\/comments?post=2063"}],"version-history":[{"count":8,"href":"https:\/\/www.violencequefaire.ch\/es\/wp-json\/wp\/v2\/pages\/2063\/revisions"}],"predecessor-version":[{"id":12052,"href":"https:\/\/www.violencequefaire.ch\/es\/wp-json\/wp\/v2\/pages\/2063\/revisions\/12052"}],"wp:attachment":[{"href":"https:\/\/www.violencequefaire.ch\/es\/wp-json\/wp\/v2\/media?parent=2063"}],"curies":[{"name":"wp","href":"https:\/\/api.w.org\/{rel}","templated":true}]}}