{"id":2059,"date":"2022-03-25T15:03:20","date_gmt":"2022-03-25T14:03:20","guid":{"rendered":"https:\/\/dev-vqf.creatives.com\/?page_id=2059"},"modified":"2025-08-29T12:36:06","modified_gmt":"2025-08-29T10:36:06","slug":"violencia-psicologica","status":"publish","type":"page","link":"https:\/\/www.violencequefaire.ch\/es\/violencia-psicologica\/","title":{"rendered":"Violencia psicol\u00f3gica"},"content":{"rendered":"<div class=\"wpb-content-wrapper\"><p>[vc_row][vc_column]<section class='vqf_section_block text_n_media_block podcast_media'><div class='vqf_container'><div class='vqf_row'><div class='left_text_block'><h2>\u00bfC\u00f3mo reconocerla?<\/h2><div class='vqf_fixed_width_text'><p>Es la violencia menos conocida. Puede ser sutil y dif\u00edcil de identificar. Menosprecio, humillaciones, prohibiciones, control, amenazas, intimidaciones&#8230; Las agresiones psicol\u00f3gicas no dejan huellas en el cuerpo, pero duelen mucho y pueden ser aterradoras. Este tipo de violencia no es en ning\u00fan caso insignificante y afecta profundamente la autoestima y la salud de las v\u00edctimas.<\/p><\/div><div class='vqf_accordion_block'><div class='accordion_item'><div class='accordion_header'><span class='title'>Negar las elecciones de la pareja <\/span><\/div><div class='accordion_body'><div class='acc_body_inner'><div class='vqf_fixed_width_text'><p>Imponer los propios gustos y puntos de vista a la pareja (alimentaci\u00f3n, ocio, personas a las que frecuentar, etc.), elegir en su lugar (corte y color de pelo, vestimenta, etc.), tomar decisiones importantes sin consultar a la otra persona, dar indicaciones sobre c\u00f3mo comportarse, dar \u00f3rdenes... La persona que ejerce la violencia toma el control e impide que la otra viva libremente. Dice saber lo que es bueno para la otra persona, que luego tiene que plegarse a su voluntad. Todo esto ya es una forma de violencia psicol\u00f3gica.<\/p><\/div><\/div><\/div><\/div><div class='accordion_item'><div class='accordion_header'><span class='title'>Menospreciar, humillar<\/span><\/div><div class='accordion_body'><div class='acc_body_inner'><div class='vqf_fixed_width_text'><p>La violencia psicol\u00f3gica incluye los comentarios denigrantes y cargados de desprecio que la persona violenta expresa, a veces incluso frente a otras personas. Todo puede verse rebajado: las capacidades intelectuales, las ideas, las emociones, el aspecto f\u00edsico, las amistades, el pasado, la manera de educar a los\/as hijos\/as, la forma de mantener la casa o de cocinar, etc. <br \/>\n<br \/>\nPor ejemplo, frases como:<br \/>\n\u00b7\t\u00abNo lo conseguir\u00e1s, no tienes las capacidades\u00bb.<br \/>\n\u00b7\t\u00abEst\u00e1s loco\/a, dices tonter\u00edas\u00bb.<br \/>\n\u00b7\t\u00abSiempre est\u00e1s lloriqueando\u00bb.<br \/>\n\u00b7\t\u00ab\u00a1Pero m\u00edrate, qu\u00e9 aspecto tienes!\u00bb.<br \/>\n\u00b7\t\u00abNo sabes hacer nada\u00bb.<br \/>\n\u00b7\t\u00abEres incapaz\u00bb.<br \/>\n<br \/>\nEl entusiasmo, el buen humor de la pareja, incluso sus manifestaciones de afecto pueden ser atacados. La persona que ejerce la violencia hace creer a la v\u00edctima que no vale nada y le da una imagen de incompetente e in\u00fatil.<br \/>\n<\/p><\/div><\/div><\/div><\/div><div class='accordion_item'><div class='accordion_header'><span class='title'>Insultar, humillar e ignorar<\/span><\/div><div class='accordion_body'><div class='acc_body_inner'><div class='vqf_fixed_width_text'><p>La violencia psicol\u00f3gica tambi\u00e9n se expresa con insultos, ofensas, comentarios ofensivos o humillaciones, como levantar los ojos al cielo, dar la espalda, re\u00edrse, escupir, eructar, tirarse pedos, etc. <br \/>\n<br \/>\nTambi\u00e9n puede expresarse con comportamientos como interrumpir constantemente a la pareja, no escucharla y no responderle, ignorarla, negarse a hablar con ella durante d\u00edas sin dar explicaciones.<\/p><\/div><\/div><\/div><\/div><div class='accordion_item'><div class='accordion_header'><span class='title'>Aislar, vigilar, acosar<\/span><\/div><div class='accordion_body'><div class='acc_body_inner'><div class='vqf_fixed_width_text'><p>-\t\u00absi me quieres, no vayas a esa cita\u00bb<br \/>\n-\t\u00abprefieres a tu familia antes que estar conmigo\u00bb<br \/>\n-\t\u00abesa amistad es una mala influencia para ti\u00bb<br \/>\n-\t\u00abno me gusta que quedes con gente de tu trabajo\u00bb<br \/>\n-\tetc.<br \/>\n<br \/>\nLa violencia psicol\u00f3gica incluye todos los actos relacionados con los celos y el deseo de poseer a la otra persona. Por ejemplo, exigir una presencia continua y exclusiva, impedirle dormir por la noche, impedirle ver a familiares y amistades, impedirle salir sola o ir a ciertos lugares, vigilar las llamadas y los mensajes en el tel\u00e9fono, el correo y las redes sociales (Facebook, Instagram, etc.).<br \/>\n<br \/>\nEl control ejercido por la persona que act\u00faa con violencia puede convertirse en acoso: hacer preguntas constantemente, acusar, llegar de improvisto o llamar repetidamente para comprobar qu\u00e9 est\u00e1 haciendo la pareja en su tiempo libre...<\/p><\/div><\/div><\/div><\/div><div class='accordion_item'><div class='accordion_header'><span class='title'>Amenazar<\/span><\/div><div class='accordion_body'><div class='acc_body_inner'><div class='vqf_fixed_width_text'><p>La violencia psicol\u00f3gica incluye amenazas, como, por ejemplo:<br \/>\n-\tcortarle los v\u00edveres<br \/>\n-\tmeterse con personas cercanas, con los hijos\/as<br \/>\n-\tquitarle a los hijos\/as<br \/>\n-\tgolpear o matar a la pareja<br \/>\n-\tsuicidarse<br \/>\n<br \/>\nUsar las siguientes frases es otra forma de amenazar: <br \/>\n-\t\u00abcalla la boca o te estrangulo\u00bb<br \/>\n-\t\u00absi vuelves a ver a esa persona, la cosa acabar\u00e1 mal\u00bb<br \/>\n-\t\u00absi sales, te arrepentir\u00e1s\u00bb<br \/>\n-\t\u00abten cuidado porque soy capaz de todo\u00bb<br \/>\n-\t\u00absi te vas, no volver\u00e1s a ver nunca m\u00e1s a tus hijos\/as\u00bb.<br \/>\n-\t\u00absi te vas, mato al perro\u00bb<br \/>\n-\t\u00absi te vas, te arranco el pellejo\u00bb<br \/>\n-\t\u00absi te vas, me suicido\u00bb<br \/>\n<\/p><\/div><\/div><\/div><\/div><div class='accordion_item'><div class='accordion_header'><span class='title'>Intimidar <\/span><\/div><div class='accordion_body'><div class='acc_body_inner'><div class='vqf_fixed_width_text'><p>Los comportamientos intimidatorios forman parte de la violencia psicol\u00f3gica: mirar con rabia, gritar, vocear o, al contrario, bajar el tono, fingir una voz suave o susurrar para asustar a la pareja, destrozar efectos personales, dar portazos, romper objetos de la casa, conducir a toda velocidad, golpear paredes o puertas, maltratar a un animal dom\u00e9stico, etc.<br \/>\n<br \/>\nLa persona violenta demuestra su fuerza y amenaza con ir a\u00fan m\u00e1s lejos.<\/p><\/div><\/div><\/div><\/div><\/div><\/div><div class='right_media_block'><div class='media_box'><div class='podcast_col'><div class='podcast_item'><a href='https:\/\/www.violencequefaire.ch\/es\/podcast\/episode-1-violences-invisibles-les-violences-psychologiques-et-economiques\/'><\/a><div class='bg_layer'><img src='https:\/\/www.violencequefaire.ch\/wp-content\/uploads\/2022\/04\/episode1_couverture.jpg' alt=''><\/div><div class='inner'><div class='img_block'><img src='https:\/\/www.violencequefaire.ch\/wp-content\/uploads\/2022\/04\/episode1_couverture.jpg' alt=''><\/div><div class='podcast_info'><span class='episode_name'><strong>La v<em>iolencia <\/em>psicol\u00f3gica y econ\u00f3mica<\/strong><\/span><h5 class='episode_title'>EPISODIO 1: VIOLENCIA INVISIBLE<\/h5><span class='podcast_author'>Experte: Emmanuel Escard<\/span><\/div><\/div><\/div><\/div><\/div><\/div><\/div><\/div><\/section>[\/vc_column][\/vc_row][vc_row][vc_column]<section class='vqf_section_block'><div class='vqf_container'><div class='vqf_row'><div class='vqf_full_col'><h2>Algunos ejemplos de violencia psicol\u00f3gica<\/h2><div class='vqf_fixed_width_text'>Durante nuestra campa\u00f1a sobre la violencia psicol\u00f3gica, tambi\u00e9n recopilamos testimonios que ponen de relieve esta forma de violencia.<\/div><\/div><\/div><\/div><\/section>[vc_row_inner css=\u00bb.vc_custom_1709644621790{padding-right: 8% !important;padding-left: 8% !important;}\u00bb][vc_column_inner width=\u00bb1\/6&#8243;][vc_video link=\u00bbhttps:\/\/youtu.be\/jpK8I5KQiMs\u00bb el_aspect=\u00bb916&#8243; align=\u00bbcenter\u00bb css=\u00bb.vc_custom_1709644647592{padding-top: 2% !important;padding-right: 2% !important;padding-bottom: 2% !important;padding-left: 2% !important;border-radius: 3px !important;}\u00bb][\/vc_column_inner][vc_column_inner width=\u00bb1\/6&#8243;][vc_video link=\u00bbhttps:\/\/youtu.be\/X6amMECMoeE\u00bb el_aspect=\u00bb916&#8243; align=\u00bbcenter\u00bb css=\u00bb.vc_custom_1709644855903{padding-top: 2% !important;padding-right: 2% !important;padding-bottom: 2% !important;padding-left: 2% !important;border-radius: 3px !important;}\u00bb][\/vc_column_inner][vc_column_inner width=\u00bb1\/6&#8243;][vc_video link=\u00bbhttps:\/\/youtu.be\/_G_oFGukIBs\u00bb el_aspect=\u00bb916&#8243; align=\u00bbcenter\u00bb css=\u00bb.vc_custom_1709644929736{padding-top: 2% !important;padding-right: 2% !important;padding-bottom: 2% !important;padding-left: 2% !important;border-radius: 3px !important;}\u00bb][\/vc_column_inner][vc_column_inner width=\u00bb1\/6&#8243;][vc_video link=\u00bbhttps:\/\/youtube.com\/shorts\/Pr03vCAoLBM\u00bb el_aspect=\u00bb916&#8243; align=\u00bbcenter\u00bb css=\u00bb.vc_custom_1709645014863{padding-top: 2% !important;padding-right: 2% !important;padding-bottom: 2% !important;padding-left: 2% !important;border-radius: 3px !important;}\u00bb][\/vc_column_inner][vc_column_inner width=\u00bb1\/6&#8243;][vc_video link=\u00bbhttps:\/\/youtu.be\/lIKEVtV1bu4&#8243; el_aspect=\u00bb916&#8243; align=\u00bbcenter\u00bb css=\u00bb.vc_custom_1709645133673{padding-top: 2% !important;padding-right: 2% !important;padding-bottom: 2% !important;padding-left: 2% !important;border-radius: 3px !important;}\u00bb][\/vc_column_inner][vc_column_inner width=\u00bb1\/6&#8243;][\/vc_column_inner][\/vc_row_inner][\/vc_column][\/vc_row]<\/p>\n<\/div>","protected":false},"excerpt":{"rendered":"<p>[vc_row][vc_column][\/vc_column][\/vc_row][vc_row][vc_column][vc_row_inner css=\u00bb.vc_custom_1709644621790{padding-right: 8% !important;padding-left: 8% !important;}\u00bb][vc_column_inner width=\u00bb1\/6&#8243;][vc_video link=\u00bbhttps:\/\/youtu.be\/jpK8I5KQiMs\u00bb el_aspect=\u00bb916&#8243; align=\u00bbcenter\u00bb css=\u00bb.vc_custom_1709644647592{padding-top: 2% !important;padding-right: 2% !important;padding-bottom: 2% !important;padding-left: 2% !important;border-radius: 3px !important;}\u00bb][\/vc_column_inner][vc_column_inner width=\u00bb1\/6&#8243;][vc_video link=\u00bbhttps:\/\/youtu.be\/X6amMECMoeE\u00bb el_aspect=\u00bb916&#8243; align=\u00bbcenter\u00bb css=\u00bb.vc_custom_1709644855903{padding-top: 2% !important;padding-right: 2% !important;padding-bottom: [&hellip;]<\/p>\n","protected":false},"author":16,"featured_media":0,"parent":0,"menu_order":0,"comment_status":"closed","ping_status":"closed","template":"templates\/psychologique.php","meta":{"_acf_changed":false,"footnotes":""},"class_list":["post-2059","page","type-page","status-publish","hentry"],"acf":[],"yoast_head":"<!-- This site is optimized with the Yoast SEO plugin v27.3 - https:\/\/yoast.com\/product\/yoast-seo-wordpress\/ -->\n<title>Violencia psicol\u00f3gica &#8226; Violence que faire ?<\/title>\n<meta name=\"robots\" content=\"index, follow, max-snippet:-1, max-image-preview:large, max-video-preview:-1\" \/>\n<link rel=\"canonical\" href=\"https:\/\/www.violencequefaire.ch\/es\/violencia-psicologica\/\" \/>\n<meta property=\"og:locale\" content=\"es_ES\" \/>\n<meta property=\"og:type\" content=\"article\" \/>\n<meta property=\"og:title\" content=\"Violencia psicol\u00f3gica &#8226; Violence que faire ?\" \/>\n<meta property=\"og:description\" content=\"[vc_row][vc_column][\/vc_column][\/vc_row][vc_row][vc_column][vc_row_inner css=\u00bb.vc_custom_1709644621790{padding-right: 8% !important;padding-left: 8% !important;}\u00bb][vc_column_inner width=\u00bb1\/6&#8243;][vc_video link=\u00bbhttps:\/\/youtu.be\/jpK8I5KQiMs\u00bb el_aspect=\u00bb916&#8243; align=\u00bbcenter\u00bb css=\u00bb.vc_custom_1709644647592{padding-top: 2% !important;padding-right: 2% !important;padding-bottom: 2% !important;padding-left: 2% !important;border-radius: 3px !important;}\u00bb][\/vc_column_inner][vc_column_inner width=\u00bb1\/6&#8243;][vc_video link=\u00bbhttps:\/\/youtu.be\/X6amMECMoeE\u00bb el_aspect=\u00bb916&#8243; align=\u00bbcenter\u00bb css=\u00bb.vc_custom_1709644855903{padding-top: 2% !important;padding-right: 2% !important;padding-bottom: [&hellip;]\" \/>\n<meta property=\"og:url\" content=\"https:\/\/www.violencequefaire.ch\/es\/violencia-psicologica\/\" \/>\n<meta property=\"og:site_name\" content=\"Violence que faire ?\" \/>\n<meta property=\"article:modified_time\" content=\"2025-08-29T10:36:06+00:00\" \/>\n<meta name=\"twitter:card\" content=\"summary_large_image\" \/>\n<meta name=\"twitter:label1\" content=\"Tiempo de lectura\" \/>\n\t<meta name=\"twitter:data1\" content=\"1 minuto\" \/>\n<script type=\"application\/ld+json\" class=\"yoast-schema-graph\">{\"@context\":\"https:\\\/\\\/schema.org\",\"@graph\":[{\"@type\":\"WebPage\",\"@id\":\"https:\\\/\\\/www.violencequefaire.ch\\\/es\\\/violencia-psicologica\\\/\",\"url\":\"https:\\\/\\\/www.violencequefaire.ch\\\/es\\\/violencia-psicologica\\\/\",\"name\":\"Violencia psicol\u00f3gica &#8226; Violence que faire ?\",\"isPartOf\":{\"@id\":\"https:\\\/\\\/www.violencequefaire.ch\\\/es\\\/#website\"},\"datePublished\":\"2022-03-25T14:03:20+00:00\",\"dateModified\":\"2025-08-29T10:36:06+00:00\",\"breadcrumb\":{\"@id\":\"https:\\\/\\\/www.violencequefaire.ch\\\/es\\\/violencia-psicologica\\\/#breadcrumb\"},\"inLanguage\":\"es\",\"potentialAction\":[{\"@type\":\"ReadAction\",\"target\":[\"https:\\\/\\\/www.violencequefaire.ch\\\/es\\\/violencia-psicologica\\\/\"]}]},{\"@type\":\"BreadcrumbList\",\"@id\":\"https:\\\/\\\/www.violencequefaire.ch\\\/es\\\/violencia-psicologica\\\/#breadcrumb\",\"itemListElement\":[{\"@type\":\"ListItem\",\"position\":1,\"name\":\"Inicio\",\"item\":\"https:\\\/\\\/www.violencequefaire.ch\\\/es\\\/\"},{\"@type\":\"ListItem\",\"position\":2,\"name\":\"Violencia psicol\u00f3gica\"}]},{\"@type\":\"WebSite\",\"@id\":\"https:\\\/\\\/www.violencequefaire.ch\\\/es\\\/#website\",\"url\":\"https:\\\/\\\/www.violencequefaire.ch\\\/es\\\/\",\"name\":\"Violence que faire\",\"description\":\"Des sp\u00e9cialistes r\u00e9pondent personnellement \u00e0 vos questions anonymes sur la violence au sein du couple.\",\"publisher\":{\"@id\":\"https:\\\/\\\/www.violencequefaire.ch\\\/es\\\/#organization\"},\"alternateName\":\"Violenza Cosa Fare\",\"potentialAction\":[{\"@type\":\"SearchAction\",\"target\":{\"@type\":\"EntryPoint\",\"urlTemplate\":\"https:\\\/\\\/www.violencequefaire.ch\\\/es\\\/?s={search_term_string}\"},\"query-input\":{\"@type\":\"PropertyValueSpecification\",\"valueRequired\":true,\"valueName\":\"search_term_string\"}}],\"inLanguage\":\"es\"},{\"@type\":\"Organization\",\"@id\":\"https:\\\/\\\/www.violencequefaire.ch\\\/es\\\/#organization\",\"name\":\"Violence que faire ?\",\"url\":\"https:\\\/\\\/www.violencequefaire.ch\\\/es\\\/\",\"logo\":{\"@type\":\"ImageObject\",\"inLanguage\":\"es\",\"@id\":\"https:\\\/\\\/www.violencequefaire.ch\\\/es\\\/#\\\/schema\\\/logo\\\/image\\\/\",\"url\":\"https:\\\/\\\/www.violencequefaire.ch\\\/wp-content\\\/uploads\\\/2022\\\/04\\\/VQF_LOGO_neutre.jpg\",\"contentUrl\":\"https:\\\/\\\/www.violencequefaire.ch\\\/wp-content\\\/uploads\\\/2022\\\/04\\\/VQF_LOGO_neutre.jpg\",\"width\":253,\"height\":376,\"caption\":\"Violence que faire ?\"},\"image\":{\"@id\":\"https:\\\/\\\/www.violencequefaire.ch\\\/es\\\/#\\\/schema\\\/logo\\\/image\\\/\"}}]}<\/script>\n<!-- \/ Yoast SEO plugin. -->","yoast_head_json":{"title":"Violencia psicol\u00f3gica &#8226; Violence que faire ?","robots":{"index":"index","follow":"follow","max-snippet":"max-snippet:-1","max-image-preview":"max-image-preview:large","max-video-preview":"max-video-preview:-1"},"canonical":"https:\/\/www.violencequefaire.ch\/es\/violencia-psicologica\/","og_locale":"es_ES","og_type":"article","og_title":"Violencia psicol\u00f3gica &#8226; Violence que faire ?","og_description":"[vc_row][vc_column][\/vc_column][\/vc_row][vc_row][vc_column][vc_row_inner css=\u00bb.vc_custom_1709644621790{padding-right: 8% !important;padding-left: 8% !important;}\u00bb][vc_column_inner width=\u00bb1\/6&#8243;][vc_video link=\u00bbhttps:\/\/youtu.be\/jpK8I5KQiMs\u00bb el_aspect=\u00bb916&#8243; align=\u00bbcenter\u00bb css=\u00bb.vc_custom_1709644647592{padding-top: 2% !important;padding-right: 2% !important;padding-bottom: 2% !important;padding-left: 2% !important;border-radius: 3px !important;}\u00bb][\/vc_column_inner][vc_column_inner width=\u00bb1\/6&#8243;][vc_video link=\u00bbhttps:\/\/youtu.be\/X6amMECMoeE\u00bb el_aspect=\u00bb916&#8243; align=\u00bbcenter\u00bb css=\u00bb.vc_custom_1709644855903{padding-top: 2% !important;padding-right: 2% !important;padding-bottom: [&hellip;]","og_url":"https:\/\/www.violencequefaire.ch\/es\/violencia-psicologica\/","og_site_name":"Violence que faire ?","article_modified_time":"2025-08-29T10:36:06+00:00","twitter_card":"summary_large_image","twitter_misc":{"Tiempo de lectura":"1 minuto"},"schema":{"@context":"https:\/\/schema.org","@graph":[{"@type":"WebPage","@id":"https:\/\/www.violencequefaire.ch\/es\/violencia-psicologica\/","url":"https:\/\/www.violencequefaire.ch\/es\/violencia-psicologica\/","name":"Violencia psicol\u00f3gica &#8226; Violence que faire ?","isPartOf":{"@id":"https:\/\/www.violencequefaire.ch\/es\/#website"},"datePublished":"2022-03-25T14:03:20+00:00","dateModified":"2025-08-29T10:36:06+00:00","breadcrumb":{"@id":"https:\/\/www.violencequefaire.ch\/es\/violencia-psicologica\/#breadcrumb"},"inLanguage":"es","potentialAction":[{"@type":"ReadAction","target":["https:\/\/www.violencequefaire.ch\/es\/violencia-psicologica\/"]}]},{"@type":"BreadcrumbList","@id":"https:\/\/www.violencequefaire.ch\/es\/violencia-psicologica\/#breadcrumb","itemListElement":[{"@type":"ListItem","position":1,"name":"Inicio","item":"https:\/\/www.violencequefaire.ch\/es\/"},{"@type":"ListItem","position":2,"name":"Violencia psicol\u00f3gica"}]},{"@type":"WebSite","@id":"https:\/\/www.violencequefaire.ch\/es\/#website","url":"https:\/\/www.violencequefaire.ch\/es\/","name":"Violence que faire","description":"Des sp\u00e9cialistes r\u00e9pondent personnellement \u00e0 vos questions anonymes sur la violence au sein du couple.","publisher":{"@id":"https:\/\/www.violencequefaire.ch\/es\/#organization"},"alternateName":"Violenza Cosa Fare","potentialAction":[{"@type":"SearchAction","target":{"@type":"EntryPoint","urlTemplate":"https:\/\/www.violencequefaire.ch\/es\/?s={search_term_string}"},"query-input":{"@type":"PropertyValueSpecification","valueRequired":true,"valueName":"search_term_string"}}],"inLanguage":"es"},{"@type":"Organization","@id":"https:\/\/www.violencequefaire.ch\/es\/#organization","name":"Violence que faire ?","url":"https:\/\/www.violencequefaire.ch\/es\/","logo":{"@type":"ImageObject","inLanguage":"es","@id":"https:\/\/www.violencequefaire.ch\/es\/#\/schema\/logo\/image\/","url":"https:\/\/www.violencequefaire.ch\/wp-content\/uploads\/2022\/04\/VQF_LOGO_neutre.jpg","contentUrl":"https:\/\/www.violencequefaire.ch\/wp-content\/uploads\/2022\/04\/VQF_LOGO_neutre.jpg","width":253,"height":376,"caption":"Violence que faire ?"},"image":{"@id":"https:\/\/www.violencequefaire.ch\/es\/#\/schema\/logo\/image\/"}}]}},"_links":{"self":[{"href":"https:\/\/www.violencequefaire.ch\/es\/wp-json\/wp\/v2\/pages\/2059","targetHints":{"allow":["GET"]}}],"collection":[{"href":"https:\/\/www.violencequefaire.ch\/es\/wp-json\/wp\/v2\/pages"}],"about":[{"href":"https:\/\/www.violencequefaire.ch\/es\/wp-json\/wp\/v2\/types\/page"}],"author":[{"embeddable":true,"href":"https:\/\/www.violencequefaire.ch\/es\/wp-json\/wp\/v2\/users\/16"}],"replies":[{"embeddable":true,"href":"https:\/\/www.violencequefaire.ch\/es\/wp-json\/wp\/v2\/comments?post=2059"}],"version-history":[{"count":3,"href":"https:\/\/www.violencequefaire.ch\/es\/wp-json\/wp\/v2\/pages\/2059\/revisions"}],"predecessor-version":[{"id":11190,"href":"https:\/\/www.violencequefaire.ch\/es\/wp-json\/wp\/v2\/pages\/2059\/revisions\/11190"}],"wp:attachment":[{"href":"https:\/\/www.violencequefaire.ch\/es\/wp-json\/wp\/v2\/media?parent=2059"}],"curies":[{"name":"wp","href":"https:\/\/api.w.org\/{rel}","templated":true}]}}