{"id":12040,"date":"2022-03-25T13:47:26","date_gmt":"2022-03-25T12:47:26","guid":{"rendered":"https:\/\/www.violencequefaire.ch\/?page_id=12040"},"modified":"2026-03-09T13:23:58","modified_gmt":"2026-03-09T12:23:58","slug":"equipe-vqf","status":"publish","type":"page","link":"https:\/\/www.violencequefaire.ch\/es\/equipe-vqf\/","title":{"rendered":"\u00c9quipe VIOLENCE QUE FAIRE"},"content":{"rendered":"<div class=\"wpb-content-wrapper\"><p>[vc_row][vc_column]<section class='vqf_section_block'><div class='vqf_container'><div class='vqf_row'><div class='vqf_full_col'><h2>Comit\u00e9 actuel<\/h2><div class='vqf_fixed_width_text'><\/p>\n<h3>Co-pr\u00e9sidence<\/h3>\n<p>&nbsp;<\/p>\n<h3><\/h3>\n<p><\/div><div class='vqf_teams_block'><div class='team_row'><div class='team_col'><div class='col_inner'><img src='https:\/\/www.violencequefaire.ch\/wp-content\/uploads\/2024\/01\/Violence_que_faire_image_web_philippe_biggler.jpg' alt='' class='member_img'><h4>Philippe Bigler<\/h4><div class='member_info'><p>Directeur, Centre d\u2019accueil MalleyPrairie et Centre Pr\u00e9vention de l\u2019Ale<\/p><\/div><\/div><\/div><div class='team_col'><div class='col_inner'><img src='https:\/\/www.violencequefaire.ch\/wp-content\/uploads\/2024\/01\/Violence_que_faire_image_web_.jpg' alt='' class='member_img'><h4>Claudia D\u2019Andrea<\/h4><div class='member_info'><p>Travailleuse sociale et anthropologue<\/p><\/div><\/div><\/div><\/div><\/div><\/div><\/div><\/div><\/section><section class='vqf_section_block'><div class='vqf_container'><div class='vqf_row'><div class='vqf_full_col'><div class='vqf_fixed_width_text'><\/p>\n<h3>Vice-pr\u00e9sidence<\/h3>\n<p>&nbsp;<\/p>\n<h3><\/h3>\n<p><\/div><div class='vqf_teams_block'><div class='team_row'><div class='team_col'><div class='col_inner'><img src='https:\/\/www.violencequefaire.ch\/wp-content\/uploads\/2024\/01\/DSCF3046.jpg' alt='' class='member_img'><h4>St\u00e9phanie Reichenbach<\/h4><div class='member_info'><p>Juriste \u00e0 l\u2019Office cantonal de l\u2019\u00e9galit\u00e9 et de la famille du canton du Valais.<\/p><\/div><\/div><\/div><\/div><\/div><\/div><\/div><\/div><\/section><section class='vqf_section_block'><div class='vqf_container'><div class='vqf_row'><div class='vqf_full_col'><div class='vqf_fixed_width_text'><\/p>\n<h3>Tr\u00e9sori\u00e8re<\/h3>\n<p>&nbsp;<\/p>\n<h3><\/h3>\n<p><\/div><div class='vqf_teams_block'><div class='team_row'><div class='team_col'><div class='col_inner'><img src='https:\/\/www.violencequefaire.ch\/wp-content\/uploads\/2024\/01\/DSCF3127.jpg' alt='' class='member_img'><h4>Ana Soares<\/h4><div class='member_info'><p>Economiste, responsable formation et \u00e9ducation aupr\u00e8s de Pix4D SA<\/p><\/div><\/div><\/div><\/div><\/div><\/div><\/div><\/div><\/section><section class='vqf_section_block'><div class='vqf_container'><div class='vqf_row'><div class='vqf_full_col'><h2>Membres<\/h2><div class='vqf_fixed_width_text'><\/p>\n<h3>Membres<\/h3>\n<p>&nbsp;<\/p>\n<h3><\/h3>\n<p><\/div><div class='vqf_teams_block'><div class='team_row'><div class='team_col'><div class='col_inner'><img src='https:\/\/www.violencequefaire.ch\/wp-content\/uploads\/2024\/01\/DSCF3022.jpg' alt='' class='member_img'><h4>Jimmy Salchegger<\/h4><div class='member_info'><p>Sp\u00e9cialiste RH<\/p><\/div><\/div><\/div><div class='team_col'><div class='col_inner'><img src='https:\/\/www.violencequefaire.ch\/wp-content\/uploads\/2024\/03\/DSCF4944-scaled.jpg' alt='' class='member_img'><h4>Sophie Leuenberger<\/h4><div class='member_info'><p>Avocate, membre l\u2019Association \u00abAvocats Ressources en mati\u00e8re de violences domestiques\u00bb<\/p><\/div><\/div><\/div><div class='team_col'><div class='col_inner'><img src='https:\/\/www.violencequefaire.ch\/wp-content\/uploads\/2026\/03\/Photo-nadege-Modifie-scaled.jpg' alt='' class='member_img'><h4>Nad\u00e8ge Porta<\/h4><div class='member_info'><p>Sp\u00e9cialiste en coordination de projets sociaux<\/p><\/div><\/div><\/div><\/div><\/div><\/div><\/div><\/div><\/section>[\/vc_column][\/vc_row][vc_row][vc_column]<section class='vqf_section_block block_background'><div class='vqf_container'><div class='vqf_row'><div class='vqf_full_col'><div class='vqf_teams_block'><div class='team_row'><div class='team_col'><div class='col_inner'><img src='https:\/\/www.violencequefaire.ch\/wp-content\/uploads\/2022\/03\/new-photo-francesca.png' alt='' class='member_img'><h4>Coordinadora: Francesca Traversa<\/h4><div class='member_info'><p data-start=\"36\" data-end=\"418\">Francesca es licenciada en Derecho por la Universidad de Neuch\u00e2tel. Jurista de formaci\u00f3n, cuenta con una s\u00f3lida experiencia en el \u00e1mbito judicial penal y una amplia pericia en la gesti\u00f3n de casos complejos. Su trayectoria profesional la ha llevado a desempe\u00f1ar funciones que implican coordinaci\u00f3n administrativa, supervisi\u00f3n normativa y gesti\u00f3n de relaciones interinstitucionales.<\/p>\n<p data-start=\"420\" data-end=\"706\">Fuertemente comprometida con el servicio p\u00fablico, ha ocupado, entre otros cargos, puestos como colaboradora de la polic\u00eda y jefa de canciller\u00eda, desarrollando un profundo conocimiento del funcionamiento institucional y de las cuestiones relacionadas con la protecci\u00f3n de las personas.<\/p>\n<p data-start=\"708\" data-end=\"1336\" data-is-last-node=\"\" data-is-only-node=\"\">Motivada por un gran inter\u00e9s en el \u00e1mbito de la ayuda a las v\u00edctimas, obtuvo en 2025 un Certificate of Advanced Studies (CAS) LAVI (Ayuda a las v\u00edctimas de delitos), una formaci\u00f3n continua centrada en el acompa\u00f1amiento jur\u00eddico y psicosocial de las v\u00edctimas. Ese mismo a\u00f1o, tambi\u00e9n se form\u00f3 en entrevista motivacional. Este enfoque, centrado en el fortalecimiento de la capacidad de acci\u00f3n de las personas, se basa en el trabajo sobre el sentido de importancia y la confianza necesarios para el cambio. Las aportaciones de este m\u00e9todo forman parte de la pr\u00e1ctica y el acompa\u00f1amiento propuestos en el marco de VIOLENCE QUE FAIRE.<\/p><\/div><\/div><\/div><div class='team_col'><div class='col_inner'><img src='https:\/\/www.violencequefaire.ch\/wp-content\/uploads\/2022\/04\/DSCF7221.jpg' alt='' class='member_img'><h4>Secretaria: Anne-Sophie Juillard<\/h4><div class='member_info'><p data-start=\"0\" data-end=\"245\">Anne-Sophie es licenciada y tiene un m\u00e1ster en Ciencias de la Educaci\u00f3n por la Universidad de Lyon II. Durante varios a\u00f1os, ha trabajado en distintos \u00e1mbitos como asistente en organizaciones internacionales, asociaciones y otras instituciones. Se incorpor\u00f3 a aduna romandie en noviembre de 2024, una instituci\u00f3n sin \u00e1nimo de lucro al servicio de asociaciones y ONG, y asume el nuevo mandato de VIOLENCE QUE FAIRE para la secretar\u00eda. Est\u00e1 muy entusiasmada de trabajar en un \u00e1mbito dedicado a la ayuda a personas v\u00edctimas de violencia en el seno de la pareja. Es una nueva experiencia que acepta con gran satisfacci\u00f3n.<\/p>\n\n<!-- wp:paragraph -->\n<p>&nbsp;<\/p>\n<!-- \/wp:paragraph --><\/div><\/div><\/div><div class='team_col'><div class='col_inner'><img src='https:\/\/www.violencequefaire.ch\/wp-content\/uploads\/2022\/04\/DSCF7185-V2.jpg' alt='' class='member_img'><h4>Responsable de comunicaci\u00f3n: Vanessa Hambaryan<\/h4><div class='member_info'>raduada en marketing, comunicaci\u00f3n y estrategia digital por la Sawi y CREA Gen\u00e8ve, con especializaci\u00f3n en redes sociales, Vanessa trabaja en el sector de la comunicaci\u00f3n desde hace m\u00e1s de 15 a\u00f1os. Ha ocupado diversos puestos interesantes en la prensa, en agencias de comunicaci\u00f3n y en el sector hotelero de lujo. Desde 2020, Vanessa apoya y acompa\u00f1a a asociaciones, aut\u00f3nomos\/as y empresas como estratega digital en comunicaci\u00f3n freelance. Comprometerse con una organizaci\u00f3n sin \u00e1nimo de lucro como VIOLENCE QUE FAIRE es un gran reto que afronta con pasi\u00f3n y creatividad.<\/div><\/div><\/div><div class='team_col'><div class='col_inner'><img src='https:\/\/www.violencequefaire.ch\/wp-content\/uploads\/2024\/03\/DSCF4933-scaled.jpg' alt='' class='member_img'><h4>Encargada de misi\u00f3n: Livilla Norr\u00e9<\/h4><div class='member_info'><p>Livilla es titular de un grado en trabajo social y de un m\u00e1ster en ciencias sociales por la Universidad de Friburgo. A lo largo de su carrera en el \u00e1mbito del trabajo social, Livilla ha trabajado en el campo de la ayuda a las v\u00edctimas, ocupando en particular un puesto en el centro de acogida de emergencia LAVI Solidarit\u00e9 Femmes en el cant\u00f3n de Friburgo. Adem\u00e1s, ha animado en varias ocasiones la exposici\u00f3n \u00abPlus fort que la violence (M\u00e1s fuerte que la violencia)\u00bb, concebida por la Oficina para la Igualdad de G\u00e9nero y la Familia del cant\u00f3n de Friburgo. La tem\u00e1tica de la violencia y la ayuda a las v\u00edctimas es una causa que significa mucho para ella. Sensible a las cuestiones de g\u00e9nero y a la dominaci\u00f3n que de ello se deriva, Livilla ha profundizado en estos temas a trav\u00e9s de numerosas investigaciones realizadas durante su carrera universitaria, especialmente en el marco de su trabajo de fin de m\u00e1ster. Livilla comenz\u00f3 su contrato en la asociaci\u00f3n VIOLENCE QUE FAIRE el 1 de enero de 2024.<\/p><\/div><\/div><\/div><\/div><\/div><\/div><\/div><\/div><\/section>[\/vc_column][\/vc_row][vc_row][vc_column]<section class='vqf_section_block'><div class='vqf_container'><div class='vqf_row'><div class='vqf_full_col'><h2>Conseil en ligne<\/h2><div class='vqf_fixed_width_text'>Le service de www.violencequefaire.ch peut compter sur une vingtaine de sp\u00e9cialistes qualifi\u00e9-e-x-s dans le domaine des violences domestiques. Avant d\u2019int\u00e9grer l\u2019\u00e9quipe et de r\u00e9pondre aux questions des internautes, leur exp\u00e9rience de terrain est compl\u00e9t\u00e9e par une formation sp\u00e9cifique au travail en ligne.<\/div><\/div><\/div><\/div><\/section>[\/vc_column][\/vc_row][vc_row][vc_column]<section class='vqf_section_block text_n_media_block'><div class='vqf_container'><div class='vqf_row'><div class='vqf_full_col'><h2>Ancien-nes membres du comit\u00e9<\/h2><\/div><div><div class='vqf_fixed_width_text'><\/div><\/div><\/div><div class='vqf_accordion_block'><div class='accordion_item'><div class='accordion_header'><span class='title'>Ancien-nes membres du comit\u00e9<\/span><\/div><div class='accordion_body'><div class='acc_body_inner'><div class='vqf_fixed_width_text'><p>Anciennes pr\u00e9sidentes<br \/>\nMich\u00e8le Gigandet<br \/>\nresponsable p\u00e9dagogique du Centre d\u2019accueil MalleyPrairie, membre du Comit\u00e9 de 2006 \u00e0 2017 et pr\u00e9sidente de 2017 \u00e0 2020<br \/>\n<br \/>\nCatherine Ming<br \/>\navocate, pr\u00e9sidente de 2015 \u00e0 2017<br \/>\n<br \/>\nSonia Rihs<br \/>\npsychologue ind\u00e9pendante, www.soripro.ch, pr\u00e9sidente de 2009 \u00e0 2016<br \/>\n<br \/>\nSt\u00e9phanie Siggen<br \/>\nBureau de l\u2019\u00e9galit\u00e9 entre les femmes et les hommes du canton de Vaud (BEFH), pr\u00e9sidente de l\u2019association de 2006 \u00e0 2009<\/p><\/div><\/div><\/div><\/div><div class='accordion_item'><div class='accordion_header'><span class='title'>Ancien-nes membres<\/span><\/div><div class='accordion_body'><div class='acc_body_inner'><div class='vqf_fixed_width_text'><p>Myriam Saurugger<br \/>\nexpert-comptable, tr\u00e9sori\u00e8re de 2020 \u00e0 2021<br \/>\n<br \/>\nChristian Anglada<br \/>\nresponsable p\u00e9dagogique du Centre de Pr\u00e9vention de l\u2019Ale, membre du Comit\u00e9 de 2007 \u00e0 2020<br \/>\n<br \/>\nCaroline Barsalou<br \/>\ncadre bancaire, membre du Comit\u00e9 de 2014 \u00e0 2017<br \/>\n<br \/>\nMelina Bello<br \/>\nresponsable des prestations au Centre d\u2019accueil MalleyPrairie \u00e0 Lausanne<br \/>\n<br \/>\nB\u00e9atrice Cortellini<br \/>\ndirectrice de Solidarit\u00e9 Femmes GE, repr\u00e9sentante de la DAO, membre du Comit\u00e9 de 2009 \u00e0 2016<br \/>\n<br \/>\nAndrea Delannoy<br \/>\npr\u00e9sidente de l\u2019association MOD-ELLE, membre du Comit\u00e9 de 2018 \u00e0 2019<br \/>\n<br \/>\nLuc Delbrouck<br \/>\ndirecteur du service ViFa jusqu\u2019en 2016, membre du Comit\u00e9 de 2011 \u00e0 2016<br \/>\n<br \/>\nAgn\u00e8s Forbat<br \/>\nconseil en communication, membre du Comit\u00e9 de 2009 \u00e0 2015<br \/>\n<br \/>\nMarlyse Gehret<br \/>\nrepr\u00e9sentante de la DAO (organisation fa\u00eeti\u00e8re suisse des maisons d\u2019accueil), membre du Comit\u00e9 de 2006 \u00e0 2009<br \/>\n<br \/>\nSylvette Mihoubi<br \/>\ndirectrice du Centre d\u2019accueil MalleyPrairie, membre du Comit\u00e9 de 2006 \u00e0 2016<br \/>\n<br \/>\nXavier Pitteloud<br \/>\nintervenant syst\u00e9mique, superviseur et formateur \u00e0 Sion<br \/>\n<br \/>\nIr\u00e8ne Schmidlin<br \/>\ncheffe de projet au sein du Bureau de l\u2019\u00e9galit\u00e9 entre les femmes et les hommes (BEFH) du canton de Vaud<br \/>\n<br \/>\nLaure Jaton Sorce<br \/>\ncheffe de service adjointe du BEFH, membre du Comit\u00e9 de 2009 \u00e0 2011<br \/>\n<br \/>\nLuca Zuntini<br \/>\ndirecteur de ViFaAdos, membre du Comit\u00e9 de 2018 \u00e0 2020<\/p><\/div><\/div><\/div><\/div><\/div><\/div><\/section>[\/vc_column][\/vc_row]<\/p>\n<\/div>","protected":false},"excerpt":{"rendered":"<p>[vc_row][vc_column][\/vc_column][\/vc_row][vc_row][vc_column][\/vc_column][\/vc_row][vc_row][vc_column][\/vc_column][\/vc_row][vc_row][vc_column][\/vc_column][\/vc_row]<\/p>\n","protected":false},"author":16,"featured_media":0,"parent":0,"menu_order":0,"comment_status":"closed","ping_status":"closed","template":"","meta":{"_acf_changed":false,"footnotes":""},"class_list":["post-12040","page","type-page","status-publish","hentry"],"acf":[],"yoast_head":"<!-- This site is optimized with the Yoast SEO plugin v27.3 - https:\/\/yoast.com\/product\/yoast-seo-wordpress\/ -->\n<title>\u00c9quipe VIOLENCE QUE FAIRE &#8226; Violence que faire ?<\/title>\n<meta name=\"robots\" content=\"index, follow, max-snippet:-1, max-image-preview:large, max-video-preview:-1\" \/>\n<link rel=\"canonical\" href=\"https:\/\/www.violencequefaire.ch\/es\/equipe-vqf\/\" \/>\n<meta property=\"og:locale\" content=\"es_ES\" \/>\n<meta property=\"og:type\" content=\"article\" \/>\n<meta property=\"og:title\" content=\"\u00c9quipe VIOLENCE QUE FAIRE &#8226; Violence que faire ?\" \/>\n<meta property=\"og:description\" content=\"[vc_row][vc_column][\/vc_column][\/vc_row][vc_row][vc_column][\/vc_column][\/vc_row][vc_row][vc_column][\/vc_column][\/vc_row][vc_row][vc_column][\/vc_column][\/vc_row]\" \/>\n<meta property=\"og:url\" content=\"https:\/\/www.violencequefaire.ch\/es\/equipe-vqf\/\" \/>\n<meta property=\"og:site_name\" content=\"Violence que faire ?\" \/>\n<meta property=\"article:modified_time\" content=\"2026-03-09T12:23:58+00:00\" \/>\n<meta name=\"twitter:card\" content=\"summary_large_image\" \/>\n<script type=\"application\/ld+json\" class=\"yoast-schema-graph\">{\"@context\":\"https:\\\/\\\/schema.org\",\"@graph\":[{\"@type\":\"WebPage\",\"@id\":\"https:\\\/\\\/www.violencequefaire.ch\\\/es\\\/equipe-vqf\\\/\",\"url\":\"https:\\\/\\\/www.violencequefaire.ch\\\/es\\\/equipe-vqf\\\/\",\"name\":\"\u00c9quipe VIOLENCE QUE FAIRE &#8226; Violence que faire ?\",\"isPartOf\":{\"@id\":\"https:\\\/\\\/www.violencequefaire.ch\\\/es\\\/#website\"},\"datePublished\":\"2022-03-25T12:47:26+00:00\",\"dateModified\":\"2026-03-09T12:23:58+00:00\",\"breadcrumb\":{\"@id\":\"https:\\\/\\\/www.violencequefaire.ch\\\/es\\\/equipe-vqf\\\/#breadcrumb\"},\"inLanguage\":\"es\",\"potentialAction\":[{\"@type\":\"ReadAction\",\"target\":[\"https:\\\/\\\/www.violencequefaire.ch\\\/es\\\/equipe-vqf\\\/\"]}]},{\"@type\":\"BreadcrumbList\",\"@id\":\"https:\\\/\\\/www.violencequefaire.ch\\\/es\\\/equipe-vqf\\\/#breadcrumb\",\"itemListElement\":[{\"@type\":\"ListItem\",\"position\":1,\"name\":\"Inicio\",\"item\":\"https:\\\/\\\/www.violencequefaire.ch\\\/es\\\/\"},{\"@type\":\"ListItem\",\"position\":2,\"name\":\"\u00c9quipe VIOLENCE QUE FAIRE\"}]},{\"@type\":\"WebSite\",\"@id\":\"https:\\\/\\\/www.violencequefaire.ch\\\/es\\\/#website\",\"url\":\"https:\\\/\\\/www.violencequefaire.ch\\\/es\\\/\",\"name\":\"Violence que faire\",\"description\":\"Des sp\u00e9cialistes r\u00e9pondent personnellement \u00e0 vos questions anonymes sur la violence au sein du couple.\",\"publisher\":{\"@id\":\"https:\\\/\\\/www.violencequefaire.ch\\\/es\\\/#organization\"},\"alternateName\":\"Violenza Cosa Fare\",\"potentialAction\":[{\"@type\":\"SearchAction\",\"target\":{\"@type\":\"EntryPoint\",\"urlTemplate\":\"https:\\\/\\\/www.violencequefaire.ch\\\/es\\\/?s={search_term_string}\"},\"query-input\":{\"@type\":\"PropertyValueSpecification\",\"valueRequired\":true,\"valueName\":\"search_term_string\"}}],\"inLanguage\":\"es\"},{\"@type\":\"Organization\",\"@id\":\"https:\\\/\\\/www.violencequefaire.ch\\\/es\\\/#organization\",\"name\":\"Violence que faire ?\",\"url\":\"https:\\\/\\\/www.violencequefaire.ch\\\/es\\\/\",\"logo\":{\"@type\":\"ImageObject\",\"inLanguage\":\"es\",\"@id\":\"https:\\\/\\\/www.violencequefaire.ch\\\/es\\\/#\\\/schema\\\/logo\\\/image\\\/\",\"url\":\"https:\\\/\\\/www.violencequefaire.ch\\\/wp-content\\\/uploads\\\/2022\\\/04\\\/VQF_LOGO_neutre.jpg\",\"contentUrl\":\"https:\\\/\\\/www.violencequefaire.ch\\\/wp-content\\\/uploads\\\/2022\\\/04\\\/VQF_LOGO_neutre.jpg\",\"width\":253,\"height\":376,\"caption\":\"Violence que faire ?\"},\"image\":{\"@id\":\"https:\\\/\\\/www.violencequefaire.ch\\\/es\\\/#\\\/schema\\\/logo\\\/image\\\/\"}}]}<\/script>\n<!-- \/ Yoast SEO plugin. -->","yoast_head_json":{"title":"\u00c9quipe VIOLENCE QUE FAIRE &#8226; Violence que faire ?","robots":{"index":"index","follow":"follow","max-snippet":"max-snippet:-1","max-image-preview":"max-image-preview:large","max-video-preview":"max-video-preview:-1"},"canonical":"https:\/\/www.violencequefaire.ch\/es\/equipe-vqf\/","og_locale":"es_ES","og_type":"article","og_title":"\u00c9quipe VIOLENCE QUE FAIRE &#8226; Violence que faire ?","og_description":"[vc_row][vc_column][\/vc_column][\/vc_row][vc_row][vc_column][\/vc_column][\/vc_row][vc_row][vc_column][\/vc_column][\/vc_row][vc_row][vc_column][\/vc_column][\/vc_row]","og_url":"https:\/\/www.violencequefaire.ch\/es\/equipe-vqf\/","og_site_name":"Violence que faire ?","article_modified_time":"2026-03-09T12:23:58+00:00","twitter_card":"summary_large_image","schema":{"@context":"https:\/\/schema.org","@graph":[{"@type":"WebPage","@id":"https:\/\/www.violencequefaire.ch\/es\/equipe-vqf\/","url":"https:\/\/www.violencequefaire.ch\/es\/equipe-vqf\/","name":"\u00c9quipe VIOLENCE QUE FAIRE &#8226; Violence que faire ?","isPartOf":{"@id":"https:\/\/www.violencequefaire.ch\/es\/#website"},"datePublished":"2022-03-25T12:47:26+00:00","dateModified":"2026-03-09T12:23:58+00:00","breadcrumb":{"@id":"https:\/\/www.violencequefaire.ch\/es\/equipe-vqf\/#breadcrumb"},"inLanguage":"es","potentialAction":[{"@type":"ReadAction","target":["https:\/\/www.violencequefaire.ch\/es\/equipe-vqf\/"]}]},{"@type":"BreadcrumbList","@id":"https:\/\/www.violencequefaire.ch\/es\/equipe-vqf\/#breadcrumb","itemListElement":[{"@type":"ListItem","position":1,"name":"Inicio","item":"https:\/\/www.violencequefaire.ch\/es\/"},{"@type":"ListItem","position":2,"name":"\u00c9quipe VIOLENCE QUE FAIRE"}]},{"@type":"WebSite","@id":"https:\/\/www.violencequefaire.ch\/es\/#website","url":"https:\/\/www.violencequefaire.ch\/es\/","name":"Violence que faire","description":"Des sp\u00e9cialistes r\u00e9pondent personnellement \u00e0 vos questions anonymes sur la violence au sein du couple.","publisher":{"@id":"https:\/\/www.violencequefaire.ch\/es\/#organization"},"alternateName":"Violenza Cosa Fare","potentialAction":[{"@type":"SearchAction","target":{"@type":"EntryPoint","urlTemplate":"https:\/\/www.violencequefaire.ch\/es\/?s={search_term_string}"},"query-input":{"@type":"PropertyValueSpecification","valueRequired":true,"valueName":"search_term_string"}}],"inLanguage":"es"},{"@type":"Organization","@id":"https:\/\/www.violencequefaire.ch\/es\/#organization","name":"Violence que faire ?","url":"https:\/\/www.violencequefaire.ch\/es\/","logo":{"@type":"ImageObject","inLanguage":"es","@id":"https:\/\/www.violencequefaire.ch\/es\/#\/schema\/logo\/image\/","url":"https:\/\/www.violencequefaire.ch\/wp-content\/uploads\/2022\/04\/VQF_LOGO_neutre.jpg","contentUrl":"https:\/\/www.violencequefaire.ch\/wp-content\/uploads\/2022\/04\/VQF_LOGO_neutre.jpg","width":253,"height":376,"caption":"Violence que faire ?"},"image":{"@id":"https:\/\/www.violencequefaire.ch\/es\/#\/schema\/logo\/image\/"}}]}},"_links":{"self":[{"href":"https:\/\/www.violencequefaire.ch\/es\/wp-json\/wp\/v2\/pages\/12040","targetHints":{"allow":["GET"]}}],"collection":[{"href":"https:\/\/www.violencequefaire.ch\/es\/wp-json\/wp\/v2\/pages"}],"about":[{"href":"https:\/\/www.violencequefaire.ch\/es\/wp-json\/wp\/v2\/types\/page"}],"author":[{"embeddable":true,"href":"https:\/\/www.violencequefaire.ch\/es\/wp-json\/wp\/v2\/users\/16"}],"replies":[{"embeddable":true,"href":"https:\/\/www.violencequefaire.ch\/es\/wp-json\/wp\/v2\/comments?post=12040"}],"version-history":[{"count":2,"href":"https:\/\/www.violencequefaire.ch\/es\/wp-json\/wp\/v2\/pages\/12040\/revisions"}],"predecessor-version":[{"id":12320,"href":"https:\/\/www.violencequefaire.ch\/es\/wp-json\/wp\/v2\/pages\/12040\/revisions\/12320"}],"wp:attachment":[{"href":"https:\/\/www.violencequefaire.ch\/es\/wp-json\/wp\/v2\/media?parent=12040"}],"curies":[{"name":"wp","href":"https:\/\/api.w.org\/{rel}","templated":true}]}}