{"id":11306,"date":"2025-05-06T16:03:49","date_gmt":"2025-05-06T14:03:49","guid":{"rendered":"https:\/\/www.violencequefaire.ch\/sauvegarder-les-preuves-des-violences\/"},"modified":"2025-10-22T09:12:09","modified_gmt":"2025-10-22T07:12:09","slug":"salvaguardar-las-pruebas-de-violencia","status":"publish","type":"page","link":"https:\/\/www.violencequefaire.ch\/es\/salvaguardar-las-pruebas-de-violencia\/","title":{"rendered":"Salvaguardar las pruebas de violencia"},"content":{"rendered":"<div class=\"wpb-content-wrapper\"><p>[vc_row][vc_column]<section class='vqf_section_block text_n_media_block'><div class='vqf_container'><div class='vqf_row'><div class='vqf_full_col'><h2>\u00bfA qui\u00e9n va dirigida esta secci\u00f3n?<\/h2><\/div><div><div class='vqf_fixed_width_text'><p><\/p><br \/>\n<p>\u00bfEres v\u00edctima de violencia de pareja o no est\u00e1s segura\/o? Est\u00e1s en el sitio indicado. Independientemente de si se trata de violencia <a href=\"..\/es\/violencia-fisica\/\">f\u00edsica<\/a>, <a href=\"..\/es\/violencia-sexual\/\">sexual<\/a>, <a href=\"..\/es\/violencia-economica\/\">econ\u00f3mica<\/a> o <a href=\"..\/es\/violencia-psicologica\/\">psicol\u00f3gica<\/a>, es importante documentar la violencia sufrida desde que aparecen los primeros indicios. En caso de agresi\u00f3n f\u00edsica o sexual, te aconsejamos que vayas al hospital m\u00e1s cercano para que te hagan un parte m\u00e9dico lo m\u00e1s r\u00e1pido posible. Para obtener m\u00e1s informaci\u00f3n sobre qu\u00e9 hacer en caso de agresi\u00f3n sexual, haz clic <a href=\"..\/es\/violencia-sexual\/\">aqu\u00ed.<\/a> Tambi\u00e9n encontrar\u00e1s las direcciones de los centros para realizar un parte m\u00e9dico en nuestra p\u00e1gina \u00ab<a href=\"..\/es\/encontrar-ayuda\/\">encontrar ayuda\u00bb.<\/a><\/p><br \/>\n<p><\/p><\/div><\/div><\/div><div class='vqf_accordion_block'><div class='accordion_item'><div class='accordion_header'><span class='title'>\u00bfPor qu\u00e9 conservar las pruebas de violencia? <\/span><\/div><div class='accordion_body'><div class='acc_body_inner'><div class='vqf_fixed_width_text'><p>Cuando se es v\u00edctima de violencia por parte de la pareja, a menudo es dif\u00edcil ver la situaci\u00f3n con claridad. Te preguntas si tal vez est\u00e1s \u00abloca\/o\u00bb o tal vez te sientas atrapada\/o. Esto es una consecuencia de la violencia. El hecho de documentar lo antes posible los actos de violencia te permite identificar mejor <a href=\"https:\/\/www.violencequefaire.ch\/la-violence-dans-le-couple-definition\/#cycle\">el ciclo de la violencia<\/a> y ver si est\u00e1s en peligro, puesto que la violencia se intensifica. Hacerlo tambi\u00e9n te permitir\u00e1 tener <strong>pruebas de la violencia<\/strong> sufrida el d\u00eda en que desees poner una <strong>denuncia penal<\/strong> o <strong>solicitar a la justicia civil medidas de alejamiento.<\/strong><\/p><\/div><\/div><\/div><\/div><div class='accordion_item'><div class='accordion_header'><span class='title'>\u00bfD\u00f3nde salvaguardar las pruebas de violencia? <\/span><\/div><div class='accordion_body'><div class='acc_body_inner'><div class='vqf_fixed_width_text'><p>Conservar las pruebas de violencia en tu tel\u00e9fono u ordenador conlleva ciertos riesgos, ya que puede que tu pareja controle tus herramientas de comunicaci\u00f3n y corres el riesgo de perder esos datos personales y sensibles que te conciernen.<br \/>\n<br \/>\nExisten diferentes soluciones. La p\u00e1gina with-you.ch pone a tu disposici\u00f3n, por ejemplo, una caja fuerte digital gratuita en la que se pueden guardar todas las pruebas de violencia y acoso sufridos. Este servicio est\u00e1 gestionado por la asociaci\u00f3n Tech against violence y te recomendamos que leas las condiciones de uso del servicio antes de registrar informaci\u00f3n. <\/p><\/div><\/div><\/div><\/div><\/div><\/div><\/section><section class='vqf_section_block'><div class='vqf_container'><div class='vqf_row'><div class='vqf_full_col'><div class='vqf_fixed_width_text'><\/p>\n<p>Si desea acceder a la <a href=\"https:\/\/with-you.ch\/es\" target=\"_blank\" rel=\"noopener\">caja fuerte digital del p\u00e1gina web with-you.ch<\/a>&nbsp;<a style=\"box-sizing: border-box; color: #0a58ca; text-decoration-line: none; font-family: Lexend, sans-serif; font-size: 18px;\" href=\"..\/sauvegarder-les-preuves-des-violences\/\" data-bs-toggle=\"modal\" data-bs-target=\"#protectAbout\"><img loading=\"lazy\" decoding=\"async\" class=\"alignnone size-medium wp-image-8558\" style=\"box-sizing: border-box; vertical-align: middle; height: auto; max-width: 100%; margin-top: 0px;\" src=\"..\/wp-content\/themes\/vqf\/assets\/img\/protect-shield.png\" alt=\"\" width=\"25\" height=\"25\"><\/a><\/p>\n<p><\/div><\/div><\/div><\/div><\/section>[\/vc_column][\/vc_row]<\/p>\n<\/div>","protected":false},"excerpt":{"rendered":"<p>[vc_row][vc_column][\/vc_column][\/vc_row]<\/p>\n","protected":false},"author":16,"featured_media":0,"parent":0,"menu_order":0,"comment_status":"closed","ping_status":"closed","template":"","meta":{"_acf_changed":false,"footnotes":""},"class_list":["post-11306","page","type-page","status-publish","hentry"],"acf":[],"yoast_head":"<!-- This site is optimized with the Yoast SEO plugin v27.3 - https:\/\/yoast.com\/product\/yoast-seo-wordpress\/ -->\n<title>Salvaguardar las pruebas de violencia &#8226; Violence que faire ?<\/title>\n<meta name=\"description\" content=\"D\u00e9couvrez comment documenter et s\u00e9curiser les preuves de violences conjugales, avec des outils num\u00e9riques adapt\u00e9s et discrets.\" \/>\n<meta name=\"robots\" content=\"index, follow, max-snippet:-1, max-image-preview:large, max-video-preview:-1\" \/>\n<link rel=\"canonical\" href=\"https:\/\/www.violencequefaire.ch\/es\/salvaguardar-las-pruebas-de-violencia\/\" \/>\n<meta property=\"og:locale\" content=\"es_ES\" \/>\n<meta property=\"og:type\" content=\"article\" \/>\n<meta property=\"og:title\" content=\"Salvaguardar las pruebas de violencia &#8226; Violence que faire ?\" \/>\n<meta property=\"og:description\" content=\"D\u00e9couvrez comment documenter et s\u00e9curiser les preuves de violences conjugales, avec des outils num\u00e9riques adapt\u00e9s et discrets.\" \/>\n<meta property=\"og:url\" content=\"https:\/\/www.violencequefaire.ch\/es\/salvaguardar-las-pruebas-de-violencia\/\" \/>\n<meta property=\"og:site_name\" content=\"Violence que faire ?\" \/>\n<meta property=\"article:modified_time\" content=\"2025-10-22T07:12:09+00:00\" \/>\n<meta name=\"twitter:card\" content=\"summary_large_image\" \/>\n<meta name=\"twitter:label1\" content=\"Tiempo de lectura\" \/>\n\t<meta name=\"twitter:data1\" content=\"1 minuto\" \/>\n<script type=\"application\/ld+json\" class=\"yoast-schema-graph\">{\"@context\":\"https:\\\/\\\/schema.org\",\"@graph\":[{\"@type\":\"WebPage\",\"@id\":\"https:\\\/\\\/www.violencequefaire.ch\\\/es\\\/salvaguardar-las-pruebas-de-violencia\\\/\",\"url\":\"https:\\\/\\\/www.violencequefaire.ch\\\/es\\\/salvaguardar-las-pruebas-de-violencia\\\/\",\"name\":\"Salvaguardar las pruebas de violencia &#8226; Violence que faire ?\",\"isPartOf\":{\"@id\":\"https:\\\/\\\/www.violencequefaire.ch\\\/es\\\/#website\"},\"datePublished\":\"2025-05-06T14:03:49+00:00\",\"dateModified\":\"2025-10-22T07:12:09+00:00\",\"description\":\"D\u00e9couvrez comment documenter et s\u00e9curiser les preuves de violences conjugales, avec des outils num\u00e9riques adapt\u00e9s et discrets.\",\"breadcrumb\":{\"@id\":\"https:\\\/\\\/www.violencequefaire.ch\\\/es\\\/salvaguardar-las-pruebas-de-violencia\\\/#breadcrumb\"},\"inLanguage\":\"es\",\"potentialAction\":[{\"@type\":\"ReadAction\",\"target\":[\"https:\\\/\\\/www.violencequefaire.ch\\\/es\\\/salvaguardar-las-pruebas-de-violencia\\\/\"]}]},{\"@type\":\"BreadcrumbList\",\"@id\":\"https:\\\/\\\/www.violencequefaire.ch\\\/es\\\/salvaguardar-las-pruebas-de-violencia\\\/#breadcrumb\",\"itemListElement\":[{\"@type\":\"ListItem\",\"position\":1,\"name\":\"Inicio\",\"item\":\"https:\\\/\\\/www.violencequefaire.ch\\\/es\\\/\"},{\"@type\":\"ListItem\",\"position\":2,\"name\":\"Salvaguardar las pruebas de violencia\"}]},{\"@type\":\"WebSite\",\"@id\":\"https:\\\/\\\/www.violencequefaire.ch\\\/es\\\/#website\",\"url\":\"https:\\\/\\\/www.violencequefaire.ch\\\/es\\\/\",\"name\":\"Violence que faire\",\"description\":\"Des sp\u00e9cialistes r\u00e9pondent personnellement \u00e0 vos questions anonymes sur la violence au sein du couple.\",\"publisher\":{\"@id\":\"https:\\\/\\\/www.violencequefaire.ch\\\/es\\\/#organization\"},\"alternateName\":\"Violenza Cosa Fare\",\"potentialAction\":[{\"@type\":\"SearchAction\",\"target\":{\"@type\":\"EntryPoint\",\"urlTemplate\":\"https:\\\/\\\/www.violencequefaire.ch\\\/es\\\/?s={search_term_string}\"},\"query-input\":{\"@type\":\"PropertyValueSpecification\",\"valueRequired\":true,\"valueName\":\"search_term_string\"}}],\"inLanguage\":\"es\"},{\"@type\":\"Organization\",\"@id\":\"https:\\\/\\\/www.violencequefaire.ch\\\/es\\\/#organization\",\"name\":\"Violence que faire ?\",\"url\":\"https:\\\/\\\/www.violencequefaire.ch\\\/es\\\/\",\"logo\":{\"@type\":\"ImageObject\",\"inLanguage\":\"es\",\"@id\":\"https:\\\/\\\/www.violencequefaire.ch\\\/es\\\/#\\\/schema\\\/logo\\\/image\\\/\",\"url\":\"https:\\\/\\\/www.violencequefaire.ch\\\/wp-content\\\/uploads\\\/2022\\\/04\\\/VQF_LOGO_neutre.jpg\",\"contentUrl\":\"https:\\\/\\\/www.violencequefaire.ch\\\/wp-content\\\/uploads\\\/2022\\\/04\\\/VQF_LOGO_neutre.jpg\",\"width\":253,\"height\":376,\"caption\":\"Violence que faire ?\"},\"image\":{\"@id\":\"https:\\\/\\\/www.violencequefaire.ch\\\/es\\\/#\\\/schema\\\/logo\\\/image\\\/\"}}]}<\/script>\n<!-- \/ Yoast SEO plugin. -->","yoast_head_json":{"title":"Salvaguardar las pruebas de violencia &#8226; Violence que faire ?","description":"D\u00e9couvrez comment documenter et s\u00e9curiser les preuves de violences conjugales, avec des outils num\u00e9riques adapt\u00e9s et discrets.","robots":{"index":"index","follow":"follow","max-snippet":"max-snippet:-1","max-image-preview":"max-image-preview:large","max-video-preview":"max-video-preview:-1"},"canonical":"https:\/\/www.violencequefaire.ch\/es\/salvaguardar-las-pruebas-de-violencia\/","og_locale":"es_ES","og_type":"article","og_title":"Salvaguardar las pruebas de violencia &#8226; Violence que faire ?","og_description":"D\u00e9couvrez comment documenter et s\u00e9curiser les preuves de violences conjugales, avec des outils num\u00e9riques adapt\u00e9s et discrets.","og_url":"https:\/\/www.violencequefaire.ch\/es\/salvaguardar-las-pruebas-de-violencia\/","og_site_name":"Violence que faire ?","article_modified_time":"2025-10-22T07:12:09+00:00","twitter_card":"summary_large_image","twitter_misc":{"Tiempo de lectura":"1 minuto"},"schema":{"@context":"https:\/\/schema.org","@graph":[{"@type":"WebPage","@id":"https:\/\/www.violencequefaire.ch\/es\/salvaguardar-las-pruebas-de-violencia\/","url":"https:\/\/www.violencequefaire.ch\/es\/salvaguardar-las-pruebas-de-violencia\/","name":"Salvaguardar las pruebas de violencia &#8226; Violence que faire ?","isPartOf":{"@id":"https:\/\/www.violencequefaire.ch\/es\/#website"},"datePublished":"2025-05-06T14:03:49+00:00","dateModified":"2025-10-22T07:12:09+00:00","description":"D\u00e9couvrez comment documenter et s\u00e9curiser les preuves de violences conjugales, avec des outils num\u00e9riques adapt\u00e9s et discrets.","breadcrumb":{"@id":"https:\/\/www.violencequefaire.ch\/es\/salvaguardar-las-pruebas-de-violencia\/#breadcrumb"},"inLanguage":"es","potentialAction":[{"@type":"ReadAction","target":["https:\/\/www.violencequefaire.ch\/es\/salvaguardar-las-pruebas-de-violencia\/"]}]},{"@type":"BreadcrumbList","@id":"https:\/\/www.violencequefaire.ch\/es\/salvaguardar-las-pruebas-de-violencia\/#breadcrumb","itemListElement":[{"@type":"ListItem","position":1,"name":"Inicio","item":"https:\/\/www.violencequefaire.ch\/es\/"},{"@type":"ListItem","position":2,"name":"Salvaguardar las pruebas de violencia"}]},{"@type":"WebSite","@id":"https:\/\/www.violencequefaire.ch\/es\/#website","url":"https:\/\/www.violencequefaire.ch\/es\/","name":"Violence que faire","description":"Des sp\u00e9cialistes r\u00e9pondent personnellement \u00e0 vos questions anonymes sur la violence au sein du couple.","publisher":{"@id":"https:\/\/www.violencequefaire.ch\/es\/#organization"},"alternateName":"Violenza Cosa Fare","potentialAction":[{"@type":"SearchAction","target":{"@type":"EntryPoint","urlTemplate":"https:\/\/www.violencequefaire.ch\/es\/?s={search_term_string}"},"query-input":{"@type":"PropertyValueSpecification","valueRequired":true,"valueName":"search_term_string"}}],"inLanguage":"es"},{"@type":"Organization","@id":"https:\/\/www.violencequefaire.ch\/es\/#organization","name":"Violence que faire ?","url":"https:\/\/www.violencequefaire.ch\/es\/","logo":{"@type":"ImageObject","inLanguage":"es","@id":"https:\/\/www.violencequefaire.ch\/es\/#\/schema\/logo\/image\/","url":"https:\/\/www.violencequefaire.ch\/wp-content\/uploads\/2022\/04\/VQF_LOGO_neutre.jpg","contentUrl":"https:\/\/www.violencequefaire.ch\/wp-content\/uploads\/2022\/04\/VQF_LOGO_neutre.jpg","width":253,"height":376,"caption":"Violence que faire ?"},"image":{"@id":"https:\/\/www.violencequefaire.ch\/es\/#\/schema\/logo\/image\/"}}]}},"_links":{"self":[{"href":"https:\/\/www.violencequefaire.ch\/es\/wp-json\/wp\/v2\/pages\/11306","targetHints":{"allow":["GET"]}}],"collection":[{"href":"https:\/\/www.violencequefaire.ch\/es\/wp-json\/wp\/v2\/pages"}],"about":[{"href":"https:\/\/www.violencequefaire.ch\/es\/wp-json\/wp\/v2\/types\/page"}],"author":[{"embeddable":true,"href":"https:\/\/www.violencequefaire.ch\/es\/wp-json\/wp\/v2\/users\/16"}],"replies":[{"embeddable":true,"href":"https:\/\/www.violencequefaire.ch\/es\/wp-json\/wp\/v2\/comments?post=11306"}],"version-history":[{"count":7,"href":"https:\/\/www.violencequefaire.ch\/es\/wp-json\/wp\/v2\/pages\/11306\/revisions"}],"predecessor-version":[{"id":11910,"href":"https:\/\/www.violencequefaire.ch\/es\/wp-json\/wp\/v2\/pages\/11306\/revisions\/11910"}],"wp:attachment":[{"href":"https:\/\/www.violencequefaire.ch\/es\/wp-json\/wp\/v2\/media?parent=11306"}],"curies":[{"name":"wp","href":"https:\/\/api.w.org\/{rel}","templated":true}]}}