{"id":11237,"date":"2023-12-15T14:59:50","date_gmt":"2023-12-15T13:59:50","guid":{"rendered":"https:\/\/www.violencequefaire.ch\/posez-une-question\/"},"modified":"2025-10-15T18:43:22","modified_gmt":"2025-10-15T16:43:22","slug":"posez-une-question","status":"publish","type":"page","link":"https:\/\/www.violencequefaire.ch\/es\/posez-une-question\/","title":{"rendered":"Hacer una pregunta"},"content":{"rendered":"","protected":false},"excerpt":{"rendered":"","protected":false},"author":16,"featured_media":0,"parent":0,"menu_order":0,"comment_status":"closed","ping_status":"closed","template":"templates\/post_question.php","meta":{"_acf_changed":false,"footnotes":""},"class_list":["post-11237","page","type-page","status-publish","hentry"],"acf":[],"yoast_head":"<!-- This site is optimized with the Yoast SEO plugin v27.3 - https:\/\/yoast.com\/product\/yoast-seo-wordpress\/ -->\n<title>Hacer una pregunta &#8226; Violence que faire ?<\/title>\n<meta name=\"description\" content=\"Posez anonymement toutes les questions \u00e0 des sp\u00e9cialistes dans l&#039;aide aux victimes et aux auteur-e-x-s de violence au sein du couple.\" \/>\n<meta name=\"robots\" content=\"index, follow, max-snippet:-1, max-image-preview:large, max-video-preview:-1\" \/>\n<link rel=\"canonical\" href=\"https:\/\/www.violencequefaire.ch\/es\/posez-une-question\/\" \/>\n<meta property=\"og:locale\" content=\"es_ES\" \/>\n<meta property=\"og:type\" content=\"article\" \/>\n<meta property=\"og:title\" content=\"Hacer una pregunta &#8226; Violence que faire ?\" \/>\n<meta property=\"og:description\" content=\"Posez anonymement toutes les questions \u00e0 des sp\u00e9cialistes dans l&#039;aide aux victimes et aux auteur-e-x-s de violence au sein du couple.\" \/>\n<meta property=\"og:url\" content=\"https:\/\/www.violencequefaire.ch\/es\/posez-une-question\/\" \/>\n<meta property=\"og:site_name\" content=\"Violence que faire ?\" \/>\n<meta property=\"article:modified_time\" content=\"2025-10-15T16:43:22+00:00\" \/>\n<meta name=\"twitter:card\" content=\"summary_large_image\" \/>\n<meta name=\"twitter:label1\" content=\"Tiempo de lectura\" \/>\n\t<meta name=\"twitter:data1\" content=\"1 minuto\" \/>\n<script type=\"application\/ld+json\" class=\"yoast-schema-graph\">{\"@context\":\"https:\\\/\\\/schema.org\",\"@graph\":[{\"@type\":\"WebPage\",\"@id\":\"https:\\\/\\\/www.violencequefaire.ch\\\/es\\\/posez-une-question\\\/\",\"url\":\"https:\\\/\\\/www.violencequefaire.ch\\\/es\\\/posez-une-question\\\/\",\"name\":\"Hacer una pregunta &#8226; Violence que faire ?\",\"isPartOf\":{\"@id\":\"https:\\\/\\\/www.violencequefaire.ch\\\/es\\\/#website\"},\"datePublished\":\"2023-12-15T13:59:50+00:00\",\"dateModified\":\"2025-10-15T16:43:22+00:00\",\"description\":\"Posez anonymement toutes les questions \u00e0 des sp\u00e9cialistes dans l'aide aux victimes et aux auteur-e-x-s de violence au sein du couple.\",\"breadcrumb\":{\"@id\":\"https:\\\/\\\/www.violencequefaire.ch\\\/es\\\/posez-une-question\\\/#breadcrumb\"},\"inLanguage\":\"es\",\"potentialAction\":[{\"@type\":\"ReadAction\",\"target\":[\"https:\\\/\\\/www.violencequefaire.ch\\\/es\\\/posez-une-question\\\/\"]}]},{\"@type\":\"BreadcrumbList\",\"@id\":\"https:\\\/\\\/www.violencequefaire.ch\\\/es\\\/posez-une-question\\\/#breadcrumb\",\"itemListElement\":[{\"@type\":\"ListItem\",\"position\":1,\"name\":\"Inicio\",\"item\":\"https:\\\/\\\/www.violencequefaire.ch\\\/es\\\/\"},{\"@type\":\"ListItem\",\"position\":2,\"name\":\"Hacer una pregunta\"}]},{\"@type\":\"WebSite\",\"@id\":\"https:\\\/\\\/www.violencequefaire.ch\\\/es\\\/#website\",\"url\":\"https:\\\/\\\/www.violencequefaire.ch\\\/es\\\/\",\"name\":\"Violence que faire\",\"description\":\"Des sp\u00e9cialistes r\u00e9pondent personnellement \u00e0 vos questions anonymes sur la violence au sein du couple.\",\"publisher\":{\"@id\":\"https:\\\/\\\/www.violencequefaire.ch\\\/es\\\/#organization\"},\"alternateName\":\"Violenza Cosa Fare\",\"potentialAction\":[{\"@type\":\"SearchAction\",\"target\":{\"@type\":\"EntryPoint\",\"urlTemplate\":\"https:\\\/\\\/www.violencequefaire.ch\\\/es\\\/?s={search_term_string}\"},\"query-input\":{\"@type\":\"PropertyValueSpecification\",\"valueRequired\":true,\"valueName\":\"search_term_string\"}}],\"inLanguage\":\"es\"},{\"@type\":\"Organization\",\"@id\":\"https:\\\/\\\/www.violencequefaire.ch\\\/es\\\/#organization\",\"name\":\"Violence que faire ?\",\"url\":\"https:\\\/\\\/www.violencequefaire.ch\\\/es\\\/\",\"logo\":{\"@type\":\"ImageObject\",\"inLanguage\":\"es\",\"@id\":\"https:\\\/\\\/www.violencequefaire.ch\\\/es\\\/#\\\/schema\\\/logo\\\/image\\\/\",\"url\":\"https:\\\/\\\/www.violencequefaire.ch\\\/wp-content\\\/uploads\\\/2022\\\/04\\\/VQF_LOGO_neutre.jpg\",\"contentUrl\":\"https:\\\/\\\/www.violencequefaire.ch\\\/wp-content\\\/uploads\\\/2022\\\/04\\\/VQF_LOGO_neutre.jpg\",\"width\":253,\"height\":376,\"caption\":\"Violence que faire ?\"},\"image\":{\"@id\":\"https:\\\/\\\/www.violencequefaire.ch\\\/es\\\/#\\\/schema\\\/logo\\\/image\\\/\"}}]}<\/script>\n<!-- \/ Yoast SEO plugin. -->","yoast_head_json":{"title":"Hacer una pregunta &#8226; Violence que faire ?","description":"Posez anonymement toutes les questions \u00e0 des sp\u00e9cialistes dans l'aide aux victimes et aux auteur-e-x-s de violence au sein du couple.","robots":{"index":"index","follow":"follow","max-snippet":"max-snippet:-1","max-image-preview":"max-image-preview:large","max-video-preview":"max-video-preview:-1"},"canonical":"https:\/\/www.violencequefaire.ch\/es\/posez-une-question\/","og_locale":"es_ES","og_type":"article","og_title":"Hacer una pregunta &#8226; Violence que faire ?","og_description":"Posez anonymement toutes les questions \u00e0 des sp\u00e9cialistes dans l'aide aux victimes et aux auteur-e-x-s de violence au sein du couple.","og_url":"https:\/\/www.violencequefaire.ch\/es\/posez-une-question\/","og_site_name":"Violence que faire ?","article_modified_time":"2025-10-15T16:43:22+00:00","twitter_card":"summary_large_image","twitter_misc":{"Tiempo de lectura":"1 minuto"},"schema":{"@context":"https:\/\/schema.org","@graph":[{"@type":"WebPage","@id":"https:\/\/www.violencequefaire.ch\/es\/posez-une-question\/","url":"https:\/\/www.violencequefaire.ch\/es\/posez-une-question\/","name":"Hacer una pregunta &#8226; Violence que faire ?","isPartOf":{"@id":"https:\/\/www.violencequefaire.ch\/es\/#website"},"datePublished":"2023-12-15T13:59:50+00:00","dateModified":"2025-10-15T16:43:22+00:00","description":"Posez anonymement toutes les questions \u00e0 des sp\u00e9cialistes dans l'aide aux victimes et aux auteur-e-x-s de violence au sein du couple.","breadcrumb":{"@id":"https:\/\/www.violencequefaire.ch\/es\/posez-une-question\/#breadcrumb"},"inLanguage":"es","potentialAction":[{"@type":"ReadAction","target":["https:\/\/www.violencequefaire.ch\/es\/posez-une-question\/"]}]},{"@type":"BreadcrumbList","@id":"https:\/\/www.violencequefaire.ch\/es\/posez-une-question\/#breadcrumb","itemListElement":[{"@type":"ListItem","position":1,"name":"Inicio","item":"https:\/\/www.violencequefaire.ch\/es\/"},{"@type":"ListItem","position":2,"name":"Hacer una pregunta"}]},{"@type":"WebSite","@id":"https:\/\/www.violencequefaire.ch\/es\/#website","url":"https:\/\/www.violencequefaire.ch\/es\/","name":"Violence que faire","description":"Des sp\u00e9cialistes r\u00e9pondent personnellement \u00e0 vos questions anonymes sur la violence au sein du couple.","publisher":{"@id":"https:\/\/www.violencequefaire.ch\/es\/#organization"},"alternateName":"Violenza Cosa Fare","potentialAction":[{"@type":"SearchAction","target":{"@type":"EntryPoint","urlTemplate":"https:\/\/www.violencequefaire.ch\/es\/?s={search_term_string}"},"query-input":{"@type":"PropertyValueSpecification","valueRequired":true,"valueName":"search_term_string"}}],"inLanguage":"es"},{"@type":"Organization","@id":"https:\/\/www.violencequefaire.ch\/es\/#organization","name":"Violence que faire ?","url":"https:\/\/www.violencequefaire.ch\/es\/","logo":{"@type":"ImageObject","inLanguage":"es","@id":"https:\/\/www.violencequefaire.ch\/es\/#\/schema\/logo\/image\/","url":"https:\/\/www.violencequefaire.ch\/wp-content\/uploads\/2022\/04\/VQF_LOGO_neutre.jpg","contentUrl":"https:\/\/www.violencequefaire.ch\/wp-content\/uploads\/2022\/04\/VQF_LOGO_neutre.jpg","width":253,"height":376,"caption":"Violence que faire ?"},"image":{"@id":"https:\/\/www.violencequefaire.ch\/es\/#\/schema\/logo\/image\/"}}]}},"_links":{"self":[{"href":"https:\/\/www.violencequefaire.ch\/es\/wp-json\/wp\/v2\/pages\/11237","targetHints":{"allow":["GET"]}}],"collection":[{"href":"https:\/\/www.violencequefaire.ch\/es\/wp-json\/wp\/v2\/pages"}],"about":[{"href":"https:\/\/www.violencequefaire.ch\/es\/wp-json\/wp\/v2\/types\/page"}],"author":[{"embeddable":true,"href":"https:\/\/www.violencequefaire.ch\/es\/wp-json\/wp\/v2\/users\/16"}],"replies":[{"embeddable":true,"href":"https:\/\/www.violencequefaire.ch\/es\/wp-json\/wp\/v2\/comments?post=11237"}],"version-history":[{"count":5,"href":"https:\/\/www.violencequefaire.ch\/es\/wp-json\/wp\/v2\/pages\/11237\/revisions"}],"predecessor-version":[{"id":11842,"href":"https:\/\/www.violencequefaire.ch\/es\/wp-json\/wp\/v2\/pages\/11237\/revisions\/11842"}],"wp:attachment":[{"href":"https:\/\/www.violencequefaire.ch\/es\/wp-json\/wp\/v2\/media?parent=11237"}],"curies":[{"name":"wp","href":"https:\/\/api.w.org\/{rel}","templated":true}]}}