{"id":11202,"date":"2022-03-24T12:21:56","date_gmt":"2022-03-24T11:21:56","guid":{"rendered":"https:\/\/www.violencequefaire.ch\/navigation-privee\/"},"modified":"2025-09-02T12:15:11","modified_gmt":"2025-09-02T10:15:11","slug":"navegacion-privada","status":"publish","type":"page","link":"https:\/\/www.violencequefaire.ch\/es\/navegacion-privada\/","title":{"rendered":"Navegaci\u00f3n privada"},"content":{"rendered":"<div class=\"wpb-content-wrapper\"><p>[vc_row][vc_column]<section class='vqf_section_block text_n_media_block'><div class='vqf_container'><div class='vqf_row'><div class='vqf_full_col'><h2>\u00bfC\u00d3MO NAVEGAR DE FORMA AN\u00d3NIMA?<\/h2><\/div><div><div class='vqf_fixed_width_text'><p>La navegaci\u00f3n privada permite utilizar Internet sin dejar rastro. Tu navegador no conserva datos como el historial, las cookies y la informaci\u00f3n introducida en los formularios.<\/p><\/div><\/div><\/div><div class='vqf_accordion_block'><div class='accordion_item'><div class='accordion_header'><span class='title'>En un ordenador (MAC\/PC)<\/span><\/div><div class='accordion_body'><div class='acc_body_inner'><div class='vqf_fixed_width_text'><p>Chrome:<br \/>\nHaz clic en los tres puntos situados en la parte superior derecha del navegador y selecciona \u00abNueva ventana de navegaci\u00f3n de inc\u00f3gnito\u00bb en el men\u00fa.<br \/>\nNo olvides borrar el historial de navegaci\u00f3n: haz clic en el men\u00fa con los tres puntos en la parte superior derecha. Haz clic en \u00abHistorial\u00bb. A continuaci\u00f3n, haz clic en \u00abBorrar datos de navegaci\u00f3n\u00bb a la izquierda. Por \u00faltimo, en el men\u00fa desplegable, selecciona el intervalo de tiempo que deseas eliminar.<br \/>\n<br \/>\nSafari:<br \/>\nVe al men\u00fa \u00abArchivo\u00bb en la barra de herramientas superior y selecciona \u00abNueva ventana de navegaci\u00f3n privada\u00bb.<br \/>\nNo olvides borrar el historial de navegaci\u00f3n: en Mac, selecciona \u00abHistorial\u00bb > \u00abBorrar historial\u00bb. A continuaci\u00f3n, haz clic en el men\u00fa desplegable. Por \u00faltimo, selecciona el periodo para el que deseas borrar el historial.<br \/>\n<br \/>\nFirefox:<br \/>\nHaz clic en el icono del men\u00fa en la parte superior derecha. Selecciona \u00abNueva ventana de navegaci\u00f3n privada\u00bb.<br \/>\nNo olvides borrar el historial de navegaci\u00f3n: haz clic en el bot\u00f3n del men\u00fa para abrir el men\u00fa. Haz clic en \u00abHistorial\u00bb y selecciona \u00abBorrar el historial reciente\u00bb. Selecciona el periodo para el que deseas borrar el historial y, a continuaci\u00f3n, haz clic en \u00abAceptar\u00bb.<br \/>\n<br \/>\nInternet Explorer:<br \/>\nPara activar la navegaci\u00f3n InPrivate: haz clic en el icono de configuraci\u00f3n (arriba a la derecha, que parece un peque\u00f1o engranaje), luego en \u00abSeguridad\u00bb y finalmente en \u00abNavegaci\u00f3n InPrivate\u00bb. O utiliza el atajo Ctrl + May\u00fas + P.<br \/>\nNo olvides borrar el historial de navegaci\u00f3n. Para ello, ve a \u00abHerramientas\u00bb (o al icono de configuraci\u00f3n), selecciona \u00abSeguridad\u00bb y \u00abEliminar historial de exploraci\u00f3n\u00bb.<br \/>\n<br \/>\nEdge:<br \/>\nPara activar la navegaci\u00f3n InPrivate: haz clic en los tres puntos de la esquina superior derecha y selecciona \u00abNueva ventana InPrivate\u00bb. O utiliza el atajo Ctrl + May\u00fas + N.<br \/>\nPara borrar el historial de navegaci\u00f3n: haz clic en los tres puntos, ve a \u00abConfiguraci\u00f3n\u00bb > \u00abPrivacidad, b\u00fasqueda y servicios\u00bb > \u00abBorrar datos de navegaci\u00f3n\u00bb.<\/p><\/div><img src='' alt='' class='member_img'><\/div><\/div><\/div><div class='accordion_item'><div class='accordion_header'><span class='title'>En un dispositivo m\u00f3vil (iOS\/Android)<\/span><\/div><div class='accordion_body'><div class='acc_body_inner'><div class='vqf_fixed_width_text'><p>Chrome:<br \/>\n1. Abrir Chrome: Inicia la aplicaci\u00f3n Chrome en tu dispositivo m\u00f3vil.<br \/>\n2. Acceder a la navegaci\u00f3n privada: Toca los tres puntos en la esquina superior derecha del navegador y selecciona \u00abNueva pesta\u00f1a de navegaci\u00f3n de inc\u00f3gnito\u00bb en el men\u00fa.<br \/>\n3. Borrar el historial de navegaci\u00f3n:<br \/>\n- Vuelve a tocar los tres puntos de la esquina superior derecha. <br \/>\n- Haz clic en \u00abHistorial\u00bb. <br \/>\n- A continuaci\u00f3n, haz clic en  \u00abBorrar datos de navegaci\u00f3n\u00bb.<br \/>\n- En el men\u00fa desplegable, selecciona el intervalo de tiempo que deseas eliminar.<br \/>\n<br \/>\nSafari (iOS):<br \/>\n1. Abrir Safari: Inicia la aplicaci\u00f3n Safari en tu dispositivo m\u00f3vil.<br \/>\n2. Acceder a la navegaci\u00f3n privada: Toca el icono de las pesta\u00f1as en la parte inferior derecha y, a continuaci\u00f3n, selecciona \u00abPrivado\u00bb.<br \/>\n3. Borrar el historial de navegaci\u00f3n:<br \/>\n- Ve a \u00abAjustes\u00bb > \u00abSafari\u00bb. <br \/>\n- Toca \u00abBorrar el historial y los datos de la p\u00e1gina web\u00bb.<br \/>\n- Confirma tu elecci\u00f3n.<br \/>\n<br \/>\nFirefox:<br \/>\n1. Abrir Firefox: Inicia la aplicaci\u00f3n Firefox en tu dispositivo m\u00f3vil.<br \/>\n2. Acceder a la navegaci\u00f3n privada: Toca el icono del men\u00fa en la esquina superior derecha (tres l\u00edneas horizontales) y selecciona \u00abNueva pesta\u00f1a de navegaci\u00f3n privada\u00bb.<br \/>\n3. Borrar el historial de navegaci\u00f3n: <br \/>\n- Pulsa en el icono del men\u00fa. <br \/>\n- Haz clic en \u00abHistorial\u00bb. <br \/>\n- Selecciona \u00abBorrar el historial reciente\u00bb. <br \/>\n- Elige el intervalo de tiempo que deseas borrar y, a continuaci\u00f3n, haz clic en \u00abAceptar\u00bb.<br \/>\n<br \/>\nMicrosoft Edge (iOS\/Android):<br \/>\n1. Activar la navegaci\u00f3n InPrivate: <br \/>\n\u2022 Abrir Microsoft Edge: Iniciar la aplicaci\u00f3n Edge en tu dispositivo m\u00f3vil. <br \/>\n\u2022 Acceder a la navegaci\u00f3n privada: <br \/>\n- Tocar los tres puntos en la parte inferior de la pantalla (en iOS) o en la parte superior derecha (en Android). <br \/>\n- Seleccionar \u00abNueva pesta\u00f1a InPrivate\u00bb.<br \/>\n2. Borrar el historial de navegaci\u00f3n: <br \/>\n\u2022 Acceder a los ajustes: <br \/>\n- Haz clic en los tres puntos y selecciona \u00abAjustes\u00bb. <br \/>\n\u2022 Borrar los datos de navegaci\u00f3n: <br \/>\n- Ve a \u00abPrivacidad y seguridad\u00bb. <br \/>\n- Selecciona \u00abBorrar datos de navegaci\u00f3n\u00bb. <br \/>\n- Elige los tipos de datos que quieres eliminar (como el historial de navegaci\u00f3n, las cookies, etc.) y toca \u00abBorrar\u00bb. <br \/>\n- Tambi\u00e9n puedes seleccionar el intervalo de tiempo para el que quieres eliminar los datos (\u00faltima hora, \u00faltimas 24 horas, etc.).<\/p><\/div><img src='' alt='' class='member_img'><\/div><\/div><\/div><\/div><\/div><\/section>[\/vc_column][\/vc_row][vc_row][vc_column][\/vc_column][\/vc_row]<\/p>\n<\/div>","protected":false},"excerpt":{"rendered":"<p>[vc_row][vc_column][\/vc_column][\/vc_row][vc_row][vc_column][\/vc_column][\/vc_row]<\/p>\n","protected":false},"author":16,"featured_media":0,"parent":0,"menu_order":0,"comment_status":"closed","ping_status":"closed","template":"","meta":{"_acf_changed":false,"footnotes":""},"class_list":["post-11202","page","type-page","status-publish","hentry"],"acf":[],"yoast_head":"<!-- This site is optimized with the Yoast SEO plugin v27.3 - https:\/\/yoast.com\/product\/yoast-seo-wordpress\/ -->\n<title>Navegaci\u00f3n privada &#8226; Violence que faire ?<\/title>\n<meta name=\"robots\" content=\"index, follow, max-snippet:-1, max-image-preview:large, max-video-preview:-1\" \/>\n<link rel=\"canonical\" href=\"https:\/\/www.violencequefaire.ch\/es\/navegacion-privada\/\" \/>\n<meta property=\"og:locale\" content=\"es_ES\" \/>\n<meta property=\"og:type\" content=\"article\" \/>\n<meta property=\"og:title\" content=\"Navegaci\u00f3n privada &#8226; Violence que faire ?\" \/>\n<meta property=\"og:description\" content=\"[vc_row][vc_column][\/vc_column][\/vc_row][vc_row][vc_column][\/vc_column][\/vc_row]\" \/>\n<meta property=\"og:url\" content=\"https:\/\/www.violencequefaire.ch\/es\/navegacion-privada\/\" \/>\n<meta property=\"og:site_name\" content=\"Violence que faire ?\" \/>\n<meta property=\"article:modified_time\" content=\"2025-09-02T10:15:11+00:00\" \/>\n<meta name=\"twitter:card\" content=\"summary_large_image\" \/>\n<meta name=\"twitter:label1\" content=\"Tiempo de lectura\" \/>\n\t<meta name=\"twitter:data1\" content=\"1 minuto\" \/>\n<script type=\"application\/ld+json\" class=\"yoast-schema-graph\">{\"@context\":\"https:\\\/\\\/schema.org\",\"@graph\":[{\"@type\":\"WebPage\",\"@id\":\"https:\\\/\\\/www.violencequefaire.ch\\\/es\\\/navegacion-privada\\\/\",\"url\":\"https:\\\/\\\/www.violencequefaire.ch\\\/es\\\/navegacion-privada\\\/\",\"name\":\"Navegaci\u00f3n privada &#8226; Violence que faire ?\",\"isPartOf\":{\"@id\":\"https:\\\/\\\/www.violencequefaire.ch\\\/es\\\/#website\"},\"datePublished\":\"2022-03-24T11:21:56+00:00\",\"dateModified\":\"2025-09-02T10:15:11+00:00\",\"breadcrumb\":{\"@id\":\"https:\\\/\\\/www.violencequefaire.ch\\\/es\\\/navegacion-privada\\\/#breadcrumb\"},\"inLanguage\":\"es\",\"potentialAction\":[{\"@type\":\"ReadAction\",\"target\":[\"https:\\\/\\\/www.violencequefaire.ch\\\/es\\\/navegacion-privada\\\/\"]}]},{\"@type\":\"BreadcrumbList\",\"@id\":\"https:\\\/\\\/www.violencequefaire.ch\\\/es\\\/navegacion-privada\\\/#breadcrumb\",\"itemListElement\":[{\"@type\":\"ListItem\",\"position\":1,\"name\":\"Inicio\",\"item\":\"https:\\\/\\\/www.violencequefaire.ch\\\/es\\\/\"},{\"@type\":\"ListItem\",\"position\":2,\"name\":\"Navegaci\u00f3n privada\"}]},{\"@type\":\"WebSite\",\"@id\":\"https:\\\/\\\/www.violencequefaire.ch\\\/es\\\/#website\",\"url\":\"https:\\\/\\\/www.violencequefaire.ch\\\/es\\\/\",\"name\":\"Violence que faire\",\"description\":\"Des sp\u00e9cialistes r\u00e9pondent personnellement \u00e0 vos questions anonymes sur la violence au sein du couple.\",\"publisher\":{\"@id\":\"https:\\\/\\\/www.violencequefaire.ch\\\/es\\\/#organization\"},\"alternateName\":\"Violenza Cosa Fare\",\"potentialAction\":[{\"@type\":\"SearchAction\",\"target\":{\"@type\":\"EntryPoint\",\"urlTemplate\":\"https:\\\/\\\/www.violencequefaire.ch\\\/es\\\/?s={search_term_string}\"},\"query-input\":{\"@type\":\"PropertyValueSpecification\",\"valueRequired\":true,\"valueName\":\"search_term_string\"}}],\"inLanguage\":\"es\"},{\"@type\":\"Organization\",\"@id\":\"https:\\\/\\\/www.violencequefaire.ch\\\/es\\\/#organization\",\"name\":\"Violence que faire ?\",\"url\":\"https:\\\/\\\/www.violencequefaire.ch\\\/es\\\/\",\"logo\":{\"@type\":\"ImageObject\",\"inLanguage\":\"es\",\"@id\":\"https:\\\/\\\/www.violencequefaire.ch\\\/es\\\/#\\\/schema\\\/logo\\\/image\\\/\",\"url\":\"https:\\\/\\\/www.violencequefaire.ch\\\/wp-content\\\/uploads\\\/2022\\\/04\\\/VQF_LOGO_neutre.jpg\",\"contentUrl\":\"https:\\\/\\\/www.violencequefaire.ch\\\/wp-content\\\/uploads\\\/2022\\\/04\\\/VQF_LOGO_neutre.jpg\",\"width\":253,\"height\":376,\"caption\":\"Violence que faire ?\"},\"image\":{\"@id\":\"https:\\\/\\\/www.violencequefaire.ch\\\/es\\\/#\\\/schema\\\/logo\\\/image\\\/\"}}]}<\/script>\n<!-- \/ Yoast SEO plugin. -->","yoast_head_json":{"title":"Navegaci\u00f3n privada &#8226; Violence que faire ?","robots":{"index":"index","follow":"follow","max-snippet":"max-snippet:-1","max-image-preview":"max-image-preview:large","max-video-preview":"max-video-preview:-1"},"canonical":"https:\/\/www.violencequefaire.ch\/es\/navegacion-privada\/","og_locale":"es_ES","og_type":"article","og_title":"Navegaci\u00f3n privada &#8226; Violence que faire ?","og_description":"[vc_row][vc_column][\/vc_column][\/vc_row][vc_row][vc_column][\/vc_column][\/vc_row]","og_url":"https:\/\/www.violencequefaire.ch\/es\/navegacion-privada\/","og_site_name":"Violence que faire ?","article_modified_time":"2025-09-02T10:15:11+00:00","twitter_card":"summary_large_image","twitter_misc":{"Tiempo de lectura":"1 minuto"},"schema":{"@context":"https:\/\/schema.org","@graph":[{"@type":"WebPage","@id":"https:\/\/www.violencequefaire.ch\/es\/navegacion-privada\/","url":"https:\/\/www.violencequefaire.ch\/es\/navegacion-privada\/","name":"Navegaci\u00f3n privada &#8226; Violence que faire ?","isPartOf":{"@id":"https:\/\/www.violencequefaire.ch\/es\/#website"},"datePublished":"2022-03-24T11:21:56+00:00","dateModified":"2025-09-02T10:15:11+00:00","breadcrumb":{"@id":"https:\/\/www.violencequefaire.ch\/es\/navegacion-privada\/#breadcrumb"},"inLanguage":"es","potentialAction":[{"@type":"ReadAction","target":["https:\/\/www.violencequefaire.ch\/es\/navegacion-privada\/"]}]},{"@type":"BreadcrumbList","@id":"https:\/\/www.violencequefaire.ch\/es\/navegacion-privada\/#breadcrumb","itemListElement":[{"@type":"ListItem","position":1,"name":"Inicio","item":"https:\/\/www.violencequefaire.ch\/es\/"},{"@type":"ListItem","position":2,"name":"Navegaci\u00f3n privada"}]},{"@type":"WebSite","@id":"https:\/\/www.violencequefaire.ch\/es\/#website","url":"https:\/\/www.violencequefaire.ch\/es\/","name":"Violence que faire","description":"Des sp\u00e9cialistes r\u00e9pondent personnellement \u00e0 vos questions anonymes sur la violence au sein du couple.","publisher":{"@id":"https:\/\/www.violencequefaire.ch\/es\/#organization"},"alternateName":"Violenza Cosa Fare","potentialAction":[{"@type":"SearchAction","target":{"@type":"EntryPoint","urlTemplate":"https:\/\/www.violencequefaire.ch\/es\/?s={search_term_string}"},"query-input":{"@type":"PropertyValueSpecification","valueRequired":true,"valueName":"search_term_string"}}],"inLanguage":"es"},{"@type":"Organization","@id":"https:\/\/www.violencequefaire.ch\/es\/#organization","name":"Violence que faire ?","url":"https:\/\/www.violencequefaire.ch\/es\/","logo":{"@type":"ImageObject","inLanguage":"es","@id":"https:\/\/www.violencequefaire.ch\/es\/#\/schema\/logo\/image\/","url":"https:\/\/www.violencequefaire.ch\/wp-content\/uploads\/2022\/04\/VQF_LOGO_neutre.jpg","contentUrl":"https:\/\/www.violencequefaire.ch\/wp-content\/uploads\/2022\/04\/VQF_LOGO_neutre.jpg","width":253,"height":376,"caption":"Violence que faire ?"},"image":{"@id":"https:\/\/www.violencequefaire.ch\/es\/#\/schema\/logo\/image\/"}}]}},"_links":{"self":[{"href":"https:\/\/www.violencequefaire.ch\/es\/wp-json\/wp\/v2\/pages\/11202","targetHints":{"allow":["GET"]}}],"collection":[{"href":"https:\/\/www.violencequefaire.ch\/es\/wp-json\/wp\/v2\/pages"}],"about":[{"href":"https:\/\/www.violencequefaire.ch\/es\/wp-json\/wp\/v2\/types\/page"}],"author":[{"embeddable":true,"href":"https:\/\/www.violencequefaire.ch\/es\/wp-json\/wp\/v2\/users\/16"}],"replies":[{"embeddable":true,"href":"https:\/\/www.violencequefaire.ch\/es\/wp-json\/wp\/v2\/comments?post=11202"}],"version-history":[{"count":1,"href":"https:\/\/www.violencequefaire.ch\/es\/wp-json\/wp\/v2\/pages\/11202\/revisions"}],"predecessor-version":[{"id":11205,"href":"https:\/\/www.violencequefaire.ch\/es\/wp-json\/wp\/v2\/pages\/11202\/revisions\/11205"}],"wp:attachment":[{"href":"https:\/\/www.violencequefaire.ch\/es\/wp-json\/wp\/v2\/media?parent=11202"}],"curies":[{"name":"wp","href":"https:\/\/api.w.org\/{rel}","templated":true}]}}