{"id":9330,"date":"2024-01-24T08:56:00","date_gmt":"2024-01-24T07:56:00","guid":{"rendered":"https:\/\/www.violencequefaire.ch\/nous-soutenir\/"},"modified":"2024-12-23T14:30:14","modified_gmt":"2024-12-23T13:30:14","slug":"support-our-work","status":"publish","type":"page","link":"https:\/\/www.violencequefaire.ch\/en\/support-our-work\/","title":{"rendered":"Support our work"},"content":{"rendered":"<div class=\"wpb-content-wrapper\"><p>[vc_row][vc_column]<section class='vqf_section_block text_n_media_block'><div class='vqf_container'><div class='vqf_row'><div class='vqf_full_col'><h2>Become a member<\/h2><\/div><div><div class='vqf_fixed_width_text'><p><span data-contrast=\"auto\">When you become a member of VIOLENCE QUE FAIRE, you support our association&#8217;s mission and encourage our team to continue their work. There are also opportunities for you to get involved. By supporting VIOLENCE QUE FAIRE, you are adding more weight to the fight against abuse in relationships. As a member, you will receive our newsletters, which focus on our activities and the problem of abuse in relationships. You will also be invited to attend the Annual General Meeting (AGM) and play a role in our decision-making processes. Your membership helps us to continue our work in the field and launch new projects.<\/span><span data-ccp-props=\"{&quot;201341983&quot;:0,&quot;335559739&quot;:160,&quot;335559740&quot;:259}\">\u00a0<\/span><\/p><\/div><\/div><\/div><div class='vqf_accordion_block'><div class='accordion_item'><div class='accordion_header'><span class='title'>Why become a member? <\/span><\/div><div class='accordion_body'><div class='acc_body_inner'><div class='vqf_fixed_width_text'><p>When you become a member of VIOLENCE QUE FAIRE, you support our association's mission and encourage our team to continue their work. There are also opportunities for you to get involved. By supporting VIOLENCE QUE FAIRE, you are adding more weight to the fight against abuse in relationships.  <br \/>\n<br \/>\nAs a member, you will receive our newsletters, which focus on our activities and the problem of abuse in relationships. You will also be invited to attend the Annual General Meeting (AGM) and play a role in our decision-making processes.  <br \/>\n<br \/>\nYour membership helps us to continue our work in the field and launch new projects. <\/p><\/div><\/div><\/div><\/div><div class='accordion_item'><div class='accordion_header'><span class='title'>How can I become a member? <\/span><\/div><div class='accordion_body'><div class='acc_body_inner'><div class='vqf_fixed_width_text'><p>If you feel concerned by the issues addressed by VIOLENCE QUE FAIRE and would like to support our work, simply contact the Secretariat on +41 (0)21 311 95 33 or send an e-mail with your contact details to contact@violencequefaire.ch. <br \/>\n<br \/>\nWe will then send you a membership form and information about our association. <br \/>\n<br \/>\nYou can also join using our online form below entitled: \u2018Become a member\u2019. <br \/>\n<br \/>\nThere are three types of membership: <br \/>\nIndividual (annual fee of CHF 30.-) <br \/>\nCouple (annual fee of CHF 50.-) <br \/>\nCollective* (annual fee of CHF 100.-) <br \/>\n<br \/>\n* Private or public organisations <br \/>\n<br \/>\nYour membership is effective as soon as you receive confirmation. <\/p><\/div><\/div><\/div><\/div><\/div><\/div><\/section>[\/vc_column][\/vc_row][vc_row][vc_column]<section class='vqf_section_block only_for_tab'><div class='vqf_container'><div class='vqf_row'><div class='vqf_full_col'><h2><\/h2><div class='vqf_tabs'><ul class='tab_btns'><li data-tab='tab_1' class='actv_tab'><span>Make a donation  <\/span><\/li><li data-tab='tab_2'><span>VIOLENCE QUE FAIRE membership form <\/span><\/li><\/ul><\/div><\/div><\/div><\/div><\/section>[vc_row_inner el_id=&#8221;tab_1&#8243; el_class=&#8221;tab_container_item&#8221;][vc_column_inner]<section class='vqf_section_block text_n_media_block'><div class='vqf_container'><div class='vqf_row'><div class='vqf_full_col'><h2>Help us respond to the most urgent needs<\/h2><\/div><div class='left_text_block'><div class='vqf_fixed_width_text'><p><span data-contrast=\"auto\">VIOLENCE QUE FAIRE runs our free, anonymous online counselling service on a daily basis. Our aim is to reach and help as many people affected by domestic abuse as possible. To achieve this, we are committed to developing our website to meet the needs of people who are most affected by, and vulnerable to, domestic abuse.<\/span><span data-ccp-props=\"{&quot;201341983&quot;:0,&quot;335559739&quot;:160,&quot;335559740&quot;:259}\">\u00a0<\/span><\/p><a href='#' class='vqf_solid_cta mt_40'>Make a donation<\/a><\/div><\/div><div class='right_media_block'><div class='media_box'><iframe width='560' height='315' src='https:\/\/www.youtube.com\/embed\/3rBkT0GTgVs' title='YouTube video player' frameborder='0' allow='accelerometer; autoplay; clipboard-write; encrypted-media; gyroscope; picture-in-picture; web-share' allowfullscreen><\/iframe><\/div><\/div><\/div><div class='vqf_accordion_block'><div class='accordion_item'><div class='accordion_header'><span class='title'>Professional, personalised support <\/span><\/div><div class='accordion_body'><div class='acc_body_inner'><div class='vqf_fixed_width_text'><p>Our aim: to break the silence around abuse <br \/>\n<br \/>\nVictims of domestic abuse are often isolated, fearful and ashamed. They find it difficult to talk about what they are experiencing, recognise themselves as victims and seek specialist help. Similarly, it is difficult for perpetrators to come forward and ask for help, or those who have witnessed the abuse are often not sure what to do. <br \/>\nEpisodes of abuse become more frequent and severe if nothing is done to stop them. Breaking the silence and isolation is essential to stopping the spiral of abuse in a relationship. The goal is to facilitate this first step out of silence so situations can be dealt with as soon as possible. <br \/>\n<br \/>\nBy helping to break the silence, the violencequefaire.ch online counselling service ensures that situations can be dealt with as soon as possible, thereby reducing the consequences of abuse. <br \/>\n<br \/>\nEvery day, 300 people visit the website to find information about abuse. On average, the violencequefaire.ch team responds to almost 400 visitors a year. <br \/>\n<br \/>\nWith a donation of CHF 90, you can help a couple, teenagers, adults, and families, with or without children, break the cycle of abuse and take the first step towards regaining their well-being and security. <br \/>\n<br \/>\nCost: CHF 100,000\/year <\/p><\/div><\/div><\/div><\/div><div class='accordion_item'><div class='accordion_header'><span class='title'>Development of the violencequefaire.ch website: accessibility and multilingual version <\/span><\/div><div class='accordion_body'><div class='acc_body_inner'><div class='vqf_fixed_width_text'><p>2024 goal: <br \/>\n<br \/>\nTo extend the online counselling service to people in French-speaking Switzerland who do not speak French and are more comfortable in English and Italian. This means translating the entire website into these two languages and training specialists in these languages to provide online advice. In addition, VIOLENCE QUE FAIRE wants to make our website accessible to visually impaired people by installing an adapted plug-in on our website.  <br \/>\n<br \/>\nEstimated cost: CHF 86,000. <\/p><\/div><\/div><\/div><\/div><\/div><\/div><\/section>[\/vc_column_inner][\/vc_row_inner][vc_row_inner el_id=&#8221;tab_2&#8243; el_class=&#8221;tab_container_item&#8221;][vc_column_inner][vc_raw_html]JTNDaWZyYW1lJTIwc3JjJTNEJTIyaHR0cHMlM0ElMkYlMkZkb2NzLmdvb2dsZS5jb20lMkZmb3JtcyUyRmQlMkYxdkItUldWa2NpYWhpRkNKeWVOU1p6QjdrNXlmLUZKS2hHTmhvamhEMDZwYyUyRnZpZXdmb3JtJTNGZW1iZWRkZWQlM0R0cnVlJTIyJTIwbWFyZ2lud2lkdGglM0QlMjIwJTIyJTIwbWFyZ2luaGVpZ2h0JTNEJTIyMCUyMiUyMHdpZHRoJTNEJTIyMTAwJTI1JTIyJTIwaGVpZ2h0JTNEJTIyNzAwJTIyJTIwZnJhbWVib3JkZXIlM0QlMjIwJTIyJTIwc3R5bGUlM0QlMjJtYXJnaW4tdG9wJTNBJTIwNDBweCUzQiUyMiUzRUNoYXJnZW1lbnQlMjBlbiUyMGNvdXJzJUUyJTgwJUE2JTNDJTJGaWZyYW1lJTNF[\/vc_raw_html][\/vc_column_inner][\/vc_row_inner][\/vc_column][\/vc_row][vc_row][vc_column]<div class='vqf_container'><div class='vqf_row'><div class='vqf_full_col'><h2>Our thanks to:<\/h2><p>VIOLENCE QUE FAIRE would like to thank the cantons of French-speaking Switzerland, the Federal Office for Gender Equality (BFEG), the OAK Foundation and all those who support the Association and help with its activities.<\/p>\n<p>Thanks to the support of public funding bodies and donors for specific projects, we can offer a high-quality service and carry out awareness-raising campaigns throughout French-speaking Switzerland.<\/p><div class='vqf_logo_blocks'><div class='vqf_logo_block_item'><div class='logo_title'><h5>Cantonal subsidies<\/h5><\/div><div class='vqf_logo_row'><div class='logo_col'><img src='https:\/\/www.violencequefaire.ch\/wp-content\/uploads\/2024\/01\/Logo-VD.jpg'><\/div><div class='logo_col'><img src='https:\/\/www.violencequefaire.ch\/wp-content\/uploads\/2024\/01\/Logo-GE.jpg'><\/div><div class='logo_col'><img src='https:\/\/www.violencequefaire.ch\/wp-content\/uploads\/2024\/01\/Logo-VS.png'><\/div><div class='logo_col'><img src='https:\/\/www.violencequefaire.ch\/wp-content\/uploads\/2024\/01\/Logo-FR.png'><\/div><div class='logo_col'><img src='https:\/\/www.violencequefaire.ch\/wp-content\/uploads\/2024\/01\/Logo-NE.png'><\/div><div class='logo_col'><img src='https:\/\/www.violencequefaire.ch\/wp-content\/uploads\/2024\/01\/Logo-BE.jpg'><\/div><div class='logo_col'><img src='https:\/\/www.violencequefaire.ch\/wp-content\/uploads\/2024\/01\/Logo-JU.gif'><\/div><\/div><\/div><\/div><\/div><\/div><\/div><div class='vqf_container'><div class='vqf_row'><div class='vqf_full_col'><h2><\/h2><p><\/p><div class='vqf_logo_blocks'><div class='vqf_logo_block_item'><div class='logo_title'><h5>Federal subsidies<\/h5><\/div><div class='vqf_logo_row'><div class='logo_col'><img src='https:\/\/www.violencequefaire.ch\/wp-content\/uploads\/2024\/01\/Logo-BFEG.png'><\/div><\/div><\/div><\/div><\/div><\/div><\/div><div class='vqf_container'><div class='vqf_row'><div class='vqf_full_col'><h2><\/h2><p><\/p><div class='vqf_logo_blocks'><div class='vqf_logo_block_item'><div class='logo_title'><h5>Donations from private organizations<\/h5><\/div><div class='vqf_logo_row'><div class='logo_col'><img src='https:\/\/www.violencequefaire.ch\/wp-content\/uploads\/2024\/01\/Logo-OAK.png'><\/div><\/div><\/div><\/div><\/div><\/div><\/div>[\/vc_column][\/vc_row]<\/p>\n<\/div>","protected":false},"excerpt":{"rendered":"<p>[vc_row][vc_column][\/vc_column][\/vc_row][vc_row][vc_column][vc_row_inner el_id=&#8221;tab_1&#8243; el_class=&#8221;tab_container_item&#8221;][vc_column_inner][\/vc_column_inner][\/vc_row_inner][vc_row_inner el_id=&#8221;tab_2&#8243; el_class=&#8221;tab_container_item&#8221;][vc_column_inner][vc_raw_html]JTNDaWZyYW1lJTIwc3JjJTNEJTIyaHR0cHMlM0ElMkYlMkZkb2NzLmdvb2dsZS5jb20lMkZmb3JtcyUyRmQlMkYxdkItUldWa2NpYWhpRkNKeWVOU1p6QjdrNXlmLUZKS2hHTmhvamhEMDZwYyUyRnZpZXdmb3JtJTNGZW1iZWRkZWQlM0R0cnVlJTIyJTIwbWFyZ2lud2lkdGglM0QlMjIwJTIyJTIwbWFyZ2luaGVpZ2h0JTNEJTIyMCUyMiUyMHdpZHRoJTNEJTIyMTAwJTI1JTIyJTIwaGVpZ2h0JTNEJTIyNzAwJTIyJTIwZnJhbWVib3JkZXIlM0QlMjIwJTIyJTIwc3R5bGUlM0QlMjJtYXJnaW4tdG9wJTNBJTIwNDBweCUzQiUyMiUzRUNoYXJnZW1lbnQlMjBlbiUyMGNvdXJzJUUyJTgwJUE2JTNDJTJGaWZyYW1lJTNF[\/vc_raw_html][\/vc_column_inner][\/vc_row_inner][\/vc_column][\/vc_row][vc_row][vc_column][\/vc_column][\/vc_row]<\/p>\n","protected":false},"author":16,"featured_media":0,"parent":0,"menu_order":0,"comment_status":"closed","ping_status":"closed","template":"","meta":{"_acf_changed":false,"footnotes":""},"class_list":["post-9330","page","type-page","status-publish","hentry"],"acf":[],"yoast_head":"<!-- This site is optimized with the Yoast SEO plugin v27.3 - https:\/\/yoast.com\/product\/yoast-seo-wordpress\/ -->\n<title>Support our work &#8226; Violence que faire ?<\/title>\n<meta name=\"description\" content=\"Discover how and why to become a member of VIOLENCE QUE FAIRE. Support our work in raising awareness and combating violence. Learn how you can make a difference today.\" \/>\n<meta name=\"robots\" content=\"index, follow, max-snippet:-1, max-image-preview:large, max-video-preview:-1\" \/>\n<link rel=\"canonical\" href=\"https:\/\/www.violencequefaire.ch\/en\/support-our-work\/\" \/>\n<meta property=\"og:locale\" content=\"en_US\" \/>\n<meta property=\"og:type\" content=\"article\" \/>\n<meta property=\"og:title\" content=\"Support our work &#8226; Violence que faire ?\" \/>\n<meta property=\"og:description\" content=\"Discover how and why to become a member of VIOLENCE QUE FAIRE. Support our work in raising awareness and combating violence. Learn how you can make a difference today.\" \/>\n<meta property=\"og:url\" content=\"https:\/\/www.violencequefaire.ch\/en\/support-our-work\/\" \/>\n<meta property=\"og:site_name\" content=\"Violence que faire ?\" \/>\n<meta property=\"article:modified_time\" content=\"2024-12-23T13:30:14+00:00\" \/>\n<meta name=\"twitter:card\" content=\"summary_large_image\" \/>\n<meta name=\"twitter:label1\" content=\"Est. reading time\" \/>\n\t<meta name=\"twitter:data1\" content=\"2 minutes\" \/>\n<script type=\"application\/ld+json\" class=\"yoast-schema-graph\">{\"@context\":\"https:\\\/\\\/schema.org\",\"@graph\":[{\"@type\":\"WebPage\",\"@id\":\"https:\\\/\\\/www.violencequefaire.ch\\\/en\\\/support-our-work\\\/\",\"url\":\"https:\\\/\\\/www.violencequefaire.ch\\\/en\\\/support-our-work\\\/\",\"name\":\"Support our work &#8226; Violence que faire ?\",\"isPartOf\":{\"@id\":\"https:\\\/\\\/www.violencequefaire.ch\\\/en\\\/#website\"},\"datePublished\":\"2024-01-24T07:56:00+00:00\",\"dateModified\":\"2024-12-23T13:30:14+00:00\",\"description\":\"Discover how and why to become a member of VIOLENCE QUE FAIRE. Support our work in raising awareness and combating violence. Learn how you can make a difference today.\",\"breadcrumb\":{\"@id\":\"https:\\\/\\\/www.violencequefaire.ch\\\/en\\\/support-our-work\\\/#breadcrumb\"},\"inLanguage\":\"en-US\",\"potentialAction\":[{\"@type\":\"ReadAction\",\"target\":[\"https:\\\/\\\/www.violencequefaire.ch\\\/en\\\/support-our-work\\\/\"]}]},{\"@type\":\"BreadcrumbList\",\"@id\":\"https:\\\/\\\/www.violencequefaire.ch\\\/en\\\/support-our-work\\\/#breadcrumb\",\"itemListElement\":[{\"@type\":\"ListItem\",\"position\":1,\"name\":\"Home\",\"item\":\"https:\\\/\\\/www.violencequefaire.ch\\\/en\\\/\"},{\"@type\":\"ListItem\",\"position\":2,\"name\":\"Support our work\"}]},{\"@type\":\"WebSite\",\"@id\":\"https:\\\/\\\/www.violencequefaire.ch\\\/en\\\/#website\",\"url\":\"https:\\\/\\\/www.violencequefaire.ch\\\/en\\\/\",\"name\":\"Violence que faire\",\"description\":\"Des sp\u00e9cialistes r\u00e9pondent personnellement \u00e0 vos questions anonymes sur la violence au sein du couple.\",\"publisher\":{\"@id\":\"https:\\\/\\\/www.violencequefaire.ch\\\/en\\\/#organization\"},\"alternateName\":\"Violenza Cosa Fare\",\"potentialAction\":[{\"@type\":\"SearchAction\",\"target\":{\"@type\":\"EntryPoint\",\"urlTemplate\":\"https:\\\/\\\/www.violencequefaire.ch\\\/en\\\/?s={search_term_string}\"},\"query-input\":{\"@type\":\"PropertyValueSpecification\",\"valueRequired\":true,\"valueName\":\"search_term_string\"}}],\"inLanguage\":\"en-US\"},{\"@type\":\"Organization\",\"@id\":\"https:\\\/\\\/www.violencequefaire.ch\\\/en\\\/#organization\",\"name\":\"Violence que faire ?\",\"url\":\"https:\\\/\\\/www.violencequefaire.ch\\\/en\\\/\",\"logo\":{\"@type\":\"ImageObject\",\"inLanguage\":\"en-US\",\"@id\":\"https:\\\/\\\/www.violencequefaire.ch\\\/en\\\/#\\\/schema\\\/logo\\\/image\\\/\",\"url\":\"https:\\\/\\\/www.violencequefaire.ch\\\/wp-content\\\/uploads\\\/2022\\\/04\\\/VQF_LOGO_neutre.jpg\",\"contentUrl\":\"https:\\\/\\\/www.violencequefaire.ch\\\/wp-content\\\/uploads\\\/2022\\\/04\\\/VQF_LOGO_neutre.jpg\",\"width\":253,\"height\":376,\"caption\":\"Violence que faire ?\"},\"image\":{\"@id\":\"https:\\\/\\\/www.violencequefaire.ch\\\/en\\\/#\\\/schema\\\/logo\\\/image\\\/\"}}]}<\/script>\n<!-- \/ Yoast SEO plugin. -->","yoast_head_json":{"title":"Support our work &#8226; Violence que faire ?","description":"Discover how and why to become a member of VIOLENCE QUE FAIRE. Support our work in raising awareness and combating violence. Learn how you can make a difference today.","robots":{"index":"index","follow":"follow","max-snippet":"max-snippet:-1","max-image-preview":"max-image-preview:large","max-video-preview":"max-video-preview:-1"},"canonical":"https:\/\/www.violencequefaire.ch\/en\/support-our-work\/","og_locale":"en_US","og_type":"article","og_title":"Support our work &#8226; Violence que faire ?","og_description":"Discover how and why to become a member of VIOLENCE QUE FAIRE. Support our work in raising awareness and combating violence. Learn how you can make a difference today.","og_url":"https:\/\/www.violencequefaire.ch\/en\/support-our-work\/","og_site_name":"Violence que faire ?","article_modified_time":"2024-12-23T13:30:14+00:00","twitter_card":"summary_large_image","twitter_misc":{"Est. reading time":"2 minutes"},"schema":{"@context":"https:\/\/schema.org","@graph":[{"@type":"WebPage","@id":"https:\/\/www.violencequefaire.ch\/en\/support-our-work\/","url":"https:\/\/www.violencequefaire.ch\/en\/support-our-work\/","name":"Support our work &#8226; Violence que faire ?","isPartOf":{"@id":"https:\/\/www.violencequefaire.ch\/en\/#website"},"datePublished":"2024-01-24T07:56:00+00:00","dateModified":"2024-12-23T13:30:14+00:00","description":"Discover how and why to become a member of VIOLENCE QUE FAIRE. Support our work in raising awareness and combating violence. Learn how you can make a difference today.","breadcrumb":{"@id":"https:\/\/www.violencequefaire.ch\/en\/support-our-work\/#breadcrumb"},"inLanguage":"en-US","potentialAction":[{"@type":"ReadAction","target":["https:\/\/www.violencequefaire.ch\/en\/support-our-work\/"]}]},{"@type":"BreadcrumbList","@id":"https:\/\/www.violencequefaire.ch\/en\/support-our-work\/#breadcrumb","itemListElement":[{"@type":"ListItem","position":1,"name":"Home","item":"https:\/\/www.violencequefaire.ch\/en\/"},{"@type":"ListItem","position":2,"name":"Support our work"}]},{"@type":"WebSite","@id":"https:\/\/www.violencequefaire.ch\/en\/#website","url":"https:\/\/www.violencequefaire.ch\/en\/","name":"Violence que faire","description":"Des sp\u00e9cialistes r\u00e9pondent personnellement \u00e0 vos questions anonymes sur la violence au sein du couple.","publisher":{"@id":"https:\/\/www.violencequefaire.ch\/en\/#organization"},"alternateName":"Violenza Cosa Fare","potentialAction":[{"@type":"SearchAction","target":{"@type":"EntryPoint","urlTemplate":"https:\/\/www.violencequefaire.ch\/en\/?s={search_term_string}"},"query-input":{"@type":"PropertyValueSpecification","valueRequired":true,"valueName":"search_term_string"}}],"inLanguage":"en-US"},{"@type":"Organization","@id":"https:\/\/www.violencequefaire.ch\/en\/#organization","name":"Violence que faire ?","url":"https:\/\/www.violencequefaire.ch\/en\/","logo":{"@type":"ImageObject","inLanguage":"en-US","@id":"https:\/\/www.violencequefaire.ch\/en\/#\/schema\/logo\/image\/","url":"https:\/\/www.violencequefaire.ch\/wp-content\/uploads\/2022\/04\/VQF_LOGO_neutre.jpg","contentUrl":"https:\/\/www.violencequefaire.ch\/wp-content\/uploads\/2022\/04\/VQF_LOGO_neutre.jpg","width":253,"height":376,"caption":"Violence que faire ?"},"image":{"@id":"https:\/\/www.violencequefaire.ch\/en\/#\/schema\/logo\/image\/"}}]}},"_links":{"self":[{"href":"https:\/\/www.violencequefaire.ch\/en\/wp-json\/wp\/v2\/pages\/9330","targetHints":{"allow":["GET"]}}],"collection":[{"href":"https:\/\/www.violencequefaire.ch\/en\/wp-json\/wp\/v2\/pages"}],"about":[{"href":"https:\/\/www.violencequefaire.ch\/en\/wp-json\/wp\/v2\/types\/page"}],"author":[{"embeddable":true,"href":"https:\/\/www.violencequefaire.ch\/en\/wp-json\/wp\/v2\/users\/16"}],"replies":[{"embeddable":true,"href":"https:\/\/www.violencequefaire.ch\/en\/wp-json\/wp\/v2\/comments?post=9330"}],"version-history":[{"count":10,"href":"https:\/\/www.violencequefaire.ch\/en\/wp-json\/wp\/v2\/pages\/9330\/revisions"}],"predecessor-version":[{"id":10541,"href":"https:\/\/www.violencequefaire.ch\/en\/wp-json\/wp\/v2\/pages\/9330\/revisions\/10541"}],"wp:attachment":[{"href":"https:\/\/www.violencequefaire.ch\/en\/wp-json\/wp\/v2\/media?parent=9330"}],"curies":[{"name":"wp","href":"https:\/\/api.w.org\/{rel}","templated":true}]}}