{"id":9326,"date":"2022-03-24T12:21:56","date_gmt":"2022-03-24T11:21:56","guid":{"rendered":"https:\/\/www.violencequefaire.ch\/navigation-privee\/"},"modified":"2024-12-23T15:00:58","modified_gmt":"2024-12-23T14:00:58","slug":"private-browsing","status":"publish","type":"page","link":"https:\/\/www.violencequefaire.ch\/en\/private-browsing\/","title":{"rendered":"Private browsing"},"content":{"rendered":"<div class=\"wpb-content-wrapper\"><p>[vc_row][vc_column]<section class='vqf_section_block text_n_media_block'><div class='vqf_container'><div class='vqf_row'><div class='vqf_full_col'><h2>HOW DO I BROWSE ANONYMOUSLY?<\/h2><\/div><div><div class='vqf_fixed_width_text'><p><span class=\"TextRun SCXW36232190 BCX0\" lang=\"EN-US\" xml:lang=\"EN-US\" data-contrast=\"auto\"><span class=\"NormalTextRun SCXW36232190 BCX0\">Private browsing allows you to <\/span><\/span><span class=\"TextRun SCXW36232190 BCX0\" lang=\"EN-GB\" xml:lang=\"EN-GB\" data-contrast=\"auto\"><span class=\"NormalTextRun SCXW36232190 BCX0\">use <\/span><\/span><span class=\"TextRun SCXW36232190 BCX0\" lang=\"EN-US\" xml:lang=\"EN-US\" data-contrast=\"auto\"><span class=\"NormalTextRun SCXW36232190 BCX0\">the <\/span><\/span><span class=\"TextRun SCXW36232190 BCX0\" lang=\"EN-GB\" xml:lang=\"EN-GB\" data-contrast=\"auto\"><span class=\"NormalTextRun SpellingErrorV2Themed SCXW36232190 BCX0\">i<\/span><\/span><span class=\"TextRun SCXW36232190 BCX0\" lang=\"EN-US\" xml:lang=\"EN-US\" data-contrast=\"auto\"><span class=\"NormalTextRun SpellingErrorV2Themed SCXW36232190 BCX0\">nternet<\/span><span class=\"NormalTextRun SCXW36232190 BCX0\"> without leaving a trace. <\/span><\/span><span class=\"TextRun SCXW36232190 BCX0\" lang=\"EN-GB\" xml:lang=\"EN-GB\" data-contrast=\"auto\"><span class=\"NormalTextRun SCXW36232190 BCX0\">When you use private browsing, your <\/span><\/span><span class=\"TextRun SCXW36232190 BCX0\" lang=\"EN-US\" xml:lang=\"EN-US\" data-contrast=\"auto\"><span class=\"NormalTextRun SCXW36232190 BCX0\">browser w<\/span><\/span><span class=\"TextRun SCXW36232190 BCX0\" lang=\"EN-GB\" xml:lang=\"EN-GB\" data-contrast=\"auto\"><span class=\"NormalTextRun SpellingErrorV2Themed SCXW36232190 BCX0\">on\u2019t<\/span><\/span><span class=\"TextRun SCXW36232190 BCX0\" lang=\"EN-US\" xml:lang=\"EN-US\" data-contrast=\"auto\"><span class=\"NormalTextRun SCXW36232190 BCX0\"> record data such as <\/span><\/span><span class=\"TextRun SCXW36232190 BCX0\" lang=\"EN-GB\" xml:lang=\"EN-GB\" data-contrast=\"auto\"><span class=\"NormalTextRun SCXW36232190 BCX0\">your browsing <\/span><\/span><span class=\"TextRun SCXW36232190 BCX0\" lang=\"EN-US\" xml:lang=\"EN-US\" data-contrast=\"auto\"><span class=\"NormalTextRun SCXW36232190 BCX0\">history, <\/span><span class=\"NormalTextRun SCXW36232190 BCX0\">cookies<\/span><span class=\"NormalTextRun SCXW36232190 BCX0\"> or <\/span><\/span><span class=\"TextRun SCXW36232190 BCX0\" lang=\"EN-GB\" xml:lang=\"EN-GB\" data-contrast=\"auto\"><span class=\"NormalTextRun SCXW36232190 BCX0\">any <\/span><\/span><span class=\"TextRun SCXW36232190 BCX0\" lang=\"EN-US\" xml:lang=\"EN-US\" data-contrast=\"auto\"><span class=\"NormalTextRun SCXW36232190 BCX0\">information <\/span><\/span><span class=\"TextRun SCXW36232190 BCX0\" lang=\"EN-GB\" xml:lang=\"EN-GB\" data-contrast=\"auto\"><span class=\"NormalTextRun SCXW36232190 BCX0\">you\u2019ve<\/span> <\/span><span class=\"TextRun SCXW36232190 BCX0\" lang=\"EN-US\" xml:lang=\"EN-US\" data-contrast=\"auto\"><span class=\"NormalTextRun SCXW36232190 BCX0\">entered in<\/span><\/span><span class=\"TextRun SCXW36232190 BCX0\" lang=\"EN-GB\" xml:lang=\"EN-GB\" data-contrast=\"auto\"><span class=\"NormalTextRun SCXW36232190 BCX0\"> online<\/span><\/span><span class=\"TextRun SCXW36232190 BCX0\" lang=\"EN-US\" xml:lang=\"EN-US\" data-contrast=\"auto\"><span class=\"NormalTextRun SCXW36232190 BCX0\"> forms.<\/span><\/span><span class=\"EOP SCXW36232190 BCX0\" data-ccp-props=\"{&quot;201341983&quot;:0,&quot;335559739&quot;:160,&quot;335559740&quot;:259}\">\u00a0<\/span><\/p><\/div><\/div><\/div><div class='vqf_accordion_block'><div class='accordion_item'><div class='accordion_header'><span class='title'>On a computer (Mac\/PC) <\/span><\/div><div class='accordion_body'><div class='acc_body_inner'><div class='vqf_fixed_width_text'><p>Chrome: Click on the three dots in the top right corner of the browser, then select \"New Incognito Window\" from the menu.<br \/>\nDon\u2019t forget to delete your browsing history: click on the three-dot menu in the top right corner. Click on \"History.\" Then, click on \"Clear browsing data\" on the left. Finally, in the dropdown menu, select the time range you want to clear.<br \/>\n<br \/>\nSafari: Go to the \"File\" menu in the toolbar at the top and select \"New Private Window.\"<br \/>\nDon\u2019t forget to delete your browsing history: on Mac, choose \"History\" > \"Clear History.\" Then, click on the dropdown menu. Finally, select the time period for which you want to clear the history.<br \/>\n<br \/>\nFirefox: Click on the menu icon in the top right corner. Select \"New Private Window.\"<br \/>\nDon\u2019t forget to delete your browsing history: click on the menu button to open the menu. Click on \"History\" and select \"Clear Recent History.\" Choose the time period for which you want to clear the history, then click \"OK.\"<br \/>\n<br \/>\nInternet Explorer: To activate InPrivate browsing: click on the settings icon (top right, which looks like a small gear), then \"Safety,\" and finally \"InPrivate Browsing.\" Or use the shortcut Ctrl + Shift + P.<br \/>\nDon\u2019t forget to delete your browsing history. To do so, go to \"Tools\" (or the settings icon), then select \"Safety\" and \"Delete Browsing History.\"<br \/>\n<br \/>\nEdge: To activate InPrivate browsing: click on the three dots in the top right corner and select \"New InPrivate Window.\" Or use the shortcut Ctrl + Shift + N.<br \/>\nTo delete your browsing history: click on the three dots, go to \"Settings\" > \"Privacy, search, and services\" > \"Clear browsing data.\"<\/p><\/div><img src='' alt='' class='member_img'><\/div><\/div><\/div><div class='accordion_item'><div class='accordion_header'><span class='title'>On a mobile device (iOS\/Android) <\/span><\/div><div class='accordion_body'><div class='acc_body_inner'><div class='vqf_fixed_width_text'><p>Chrome:<br \/>\n1. Open Chrome: Launch the Chrome app on your mobile device.<br \/>\n2. Access private browsing: Tap the three dots in the top right corner of the browser, then select \"New Incognito Tab\" from the menu.<br \/>\n3. Delete browsing history: o Tap the three dots again in the top right corner. o Click on \"History.\" o Then, tap \"Clear browsing data.\" o In the dropdown menu, select the time range to delete.<br \/>\n<br \/>\nSafari (iOS):<br \/>\n1. Open Safari: Launch the Safari app on your mobile device.<br \/>\n2. Access private browsing: Tap the tabs icon in the bottom right corner, then select \"Private.\"<br \/>\n3. Delete browsing history: o Go to \"Settings\" > \"Safari.\" o Tap \"Clear History and Website Data.\" o Confirm your choice.<br \/>\n<br \/>\nFirefox:<br \/>\n1. Open Firefox: Launch the Firefox app on your mobile device.<br \/>\n2. Access private browsing: Tap the menu icon in the top right corner (three horizontal lines) and select \"New Private Tab.\"<br \/>\n3. Delete browsing history: o Tap the menu icon again. o Click on \"History.\" o Select \"Clear Recent History.\" o Choose the time range you want to clear, then click \"OK.\"<br \/>\n<br \/>\nMicrosoft Edge (iOS\/Android):<br \/>\n1. Activate InPrivate browsing: \u2022 Open Microsoft Edge: Launch the Edge app on your mobile device. \u2022 Access private browsing: o Tap the three dots at the bottom of the screen (on iOS) or in the top right corner (on Android). o Select \"New InPrivate Tab.\"<br \/>\n2. Delete browsing history: \u2022 Access settings: o Tap the three dots and select \"Settings.\" \u2022 Clear browsing data: o Go to \"Privacy and Security.\" o Select \"Clear browsing data.\" o Choose the types of data to delete (such as browsing history, cookies, etc.) and tap \"Clear.\" o You can also select the time range to delete (last hour, last 24 hours, etc.).<\/p><\/div><img src='' alt='' class='member_img'><\/div><\/div><\/div><\/div><\/div><\/section>[\/vc_column][\/vc_row][vc_row][vc_column][\/vc_column][\/vc_row]<\/p>\n<\/div>","protected":false},"excerpt":{"rendered":"<p>[vc_row][vc_column][\/vc_column][\/vc_row][vc_row][vc_column][\/vc_column][\/vc_row]<\/p>\n","protected":false},"author":16,"featured_media":0,"parent":0,"menu_order":0,"comment_status":"closed","ping_status":"closed","template":"","meta":{"_acf_changed":false,"footnotes":""},"class_list":["post-9326","page","type-page","status-publish","hentry"],"acf":[],"yoast_head":"<!-- This site is optimized with the Yoast SEO plugin v27.3 - https:\/\/yoast.com\/product\/yoast-seo-wordpress\/ -->\n<title>Private browsing &#8226; Violence que faire ?<\/title>\n<meta name=\"description\" content=\"Private browsing allows you to use the internet without leaving a trace. How your browser won\u2019t record data and delete your browsing history.\" \/>\n<meta name=\"robots\" content=\"index, follow, max-snippet:-1, max-image-preview:large, max-video-preview:-1\" \/>\n<link rel=\"canonical\" href=\"https:\/\/www.violencequefaire.ch\/en\/private-browsing\/\" \/>\n<meta property=\"og:locale\" content=\"en_US\" \/>\n<meta property=\"og:type\" content=\"article\" \/>\n<meta property=\"og:title\" content=\"Private browsing &#8226; Violence que faire ?\" \/>\n<meta property=\"og:description\" content=\"Private browsing allows you to use the internet without leaving a trace. How your browser won\u2019t record data and delete your browsing history.\" \/>\n<meta property=\"og:url\" content=\"https:\/\/www.violencequefaire.ch\/en\/private-browsing\/\" \/>\n<meta property=\"og:site_name\" content=\"Violence que faire ?\" \/>\n<meta property=\"article:modified_time\" content=\"2024-12-23T14:00:58+00:00\" \/>\n<meta name=\"twitter:card\" content=\"summary_large_image\" \/>\n<meta name=\"twitter:label1\" content=\"Est. reading time\" \/>\n\t<meta name=\"twitter:data1\" content=\"1 minute\" \/>\n<script type=\"application\/ld+json\" class=\"yoast-schema-graph\">{\"@context\":\"https:\\\/\\\/schema.org\",\"@graph\":[{\"@type\":\"WebPage\",\"@id\":\"https:\\\/\\\/www.violencequefaire.ch\\\/en\\\/private-browsing\\\/\",\"url\":\"https:\\\/\\\/www.violencequefaire.ch\\\/en\\\/private-browsing\\\/\",\"name\":\"Private browsing &#8226; Violence que faire ?\",\"isPartOf\":{\"@id\":\"https:\\\/\\\/www.violencequefaire.ch\\\/en\\\/#website\"},\"datePublished\":\"2022-03-24T11:21:56+00:00\",\"dateModified\":\"2024-12-23T14:00:58+00:00\",\"description\":\"Private browsing allows you to use the internet without leaving a trace. How your browser won\u2019t record data and delete your browsing history.\",\"breadcrumb\":{\"@id\":\"https:\\\/\\\/www.violencequefaire.ch\\\/en\\\/private-browsing\\\/#breadcrumb\"},\"inLanguage\":\"en-US\",\"potentialAction\":[{\"@type\":\"ReadAction\",\"target\":[\"https:\\\/\\\/www.violencequefaire.ch\\\/en\\\/private-browsing\\\/\"]}]},{\"@type\":\"BreadcrumbList\",\"@id\":\"https:\\\/\\\/www.violencequefaire.ch\\\/en\\\/private-browsing\\\/#breadcrumb\",\"itemListElement\":[{\"@type\":\"ListItem\",\"position\":1,\"name\":\"Home\",\"item\":\"https:\\\/\\\/www.violencequefaire.ch\\\/en\\\/\"},{\"@type\":\"ListItem\",\"position\":2,\"name\":\"Private browsing\"}]},{\"@type\":\"WebSite\",\"@id\":\"https:\\\/\\\/www.violencequefaire.ch\\\/en\\\/#website\",\"url\":\"https:\\\/\\\/www.violencequefaire.ch\\\/en\\\/\",\"name\":\"Violence que faire\",\"description\":\"Des sp\u00e9cialistes r\u00e9pondent personnellement \u00e0 vos questions anonymes sur la violence au sein du couple.\",\"publisher\":{\"@id\":\"https:\\\/\\\/www.violencequefaire.ch\\\/en\\\/#organization\"},\"alternateName\":\"Violenza Cosa Fare\",\"potentialAction\":[{\"@type\":\"SearchAction\",\"target\":{\"@type\":\"EntryPoint\",\"urlTemplate\":\"https:\\\/\\\/www.violencequefaire.ch\\\/en\\\/?s={search_term_string}\"},\"query-input\":{\"@type\":\"PropertyValueSpecification\",\"valueRequired\":true,\"valueName\":\"search_term_string\"}}],\"inLanguage\":\"en-US\"},{\"@type\":\"Organization\",\"@id\":\"https:\\\/\\\/www.violencequefaire.ch\\\/en\\\/#organization\",\"name\":\"Violence que faire ?\",\"url\":\"https:\\\/\\\/www.violencequefaire.ch\\\/en\\\/\",\"logo\":{\"@type\":\"ImageObject\",\"inLanguage\":\"en-US\",\"@id\":\"https:\\\/\\\/www.violencequefaire.ch\\\/en\\\/#\\\/schema\\\/logo\\\/image\\\/\",\"url\":\"https:\\\/\\\/www.violencequefaire.ch\\\/wp-content\\\/uploads\\\/2022\\\/04\\\/VQF_LOGO_neutre.jpg\",\"contentUrl\":\"https:\\\/\\\/www.violencequefaire.ch\\\/wp-content\\\/uploads\\\/2022\\\/04\\\/VQF_LOGO_neutre.jpg\",\"width\":253,\"height\":376,\"caption\":\"Violence que faire ?\"},\"image\":{\"@id\":\"https:\\\/\\\/www.violencequefaire.ch\\\/en\\\/#\\\/schema\\\/logo\\\/image\\\/\"}}]}<\/script>\n<!-- \/ Yoast SEO plugin. -->","yoast_head_json":{"title":"Private browsing &#8226; Violence que faire ?","description":"Private browsing allows you to use the internet without leaving a trace. How your browser won\u2019t record data and delete your browsing history.","robots":{"index":"index","follow":"follow","max-snippet":"max-snippet:-1","max-image-preview":"max-image-preview:large","max-video-preview":"max-video-preview:-1"},"canonical":"https:\/\/www.violencequefaire.ch\/en\/private-browsing\/","og_locale":"en_US","og_type":"article","og_title":"Private browsing &#8226; Violence que faire ?","og_description":"Private browsing allows you to use the internet without leaving a trace. How your browser won\u2019t record data and delete your browsing history.","og_url":"https:\/\/www.violencequefaire.ch\/en\/private-browsing\/","og_site_name":"Violence que faire ?","article_modified_time":"2024-12-23T14:00:58+00:00","twitter_card":"summary_large_image","twitter_misc":{"Est. reading time":"1 minute"},"schema":{"@context":"https:\/\/schema.org","@graph":[{"@type":"WebPage","@id":"https:\/\/www.violencequefaire.ch\/en\/private-browsing\/","url":"https:\/\/www.violencequefaire.ch\/en\/private-browsing\/","name":"Private browsing &#8226; Violence que faire ?","isPartOf":{"@id":"https:\/\/www.violencequefaire.ch\/en\/#website"},"datePublished":"2022-03-24T11:21:56+00:00","dateModified":"2024-12-23T14:00:58+00:00","description":"Private browsing allows you to use the internet without leaving a trace. How your browser won\u2019t record data and delete your browsing history.","breadcrumb":{"@id":"https:\/\/www.violencequefaire.ch\/en\/private-browsing\/#breadcrumb"},"inLanguage":"en-US","potentialAction":[{"@type":"ReadAction","target":["https:\/\/www.violencequefaire.ch\/en\/private-browsing\/"]}]},{"@type":"BreadcrumbList","@id":"https:\/\/www.violencequefaire.ch\/en\/private-browsing\/#breadcrumb","itemListElement":[{"@type":"ListItem","position":1,"name":"Home","item":"https:\/\/www.violencequefaire.ch\/en\/"},{"@type":"ListItem","position":2,"name":"Private browsing"}]},{"@type":"WebSite","@id":"https:\/\/www.violencequefaire.ch\/en\/#website","url":"https:\/\/www.violencequefaire.ch\/en\/","name":"Violence que faire","description":"Des sp\u00e9cialistes r\u00e9pondent personnellement \u00e0 vos questions anonymes sur la violence au sein du couple.","publisher":{"@id":"https:\/\/www.violencequefaire.ch\/en\/#organization"},"alternateName":"Violenza Cosa Fare","potentialAction":[{"@type":"SearchAction","target":{"@type":"EntryPoint","urlTemplate":"https:\/\/www.violencequefaire.ch\/en\/?s={search_term_string}"},"query-input":{"@type":"PropertyValueSpecification","valueRequired":true,"valueName":"search_term_string"}}],"inLanguage":"en-US"},{"@type":"Organization","@id":"https:\/\/www.violencequefaire.ch\/en\/#organization","name":"Violence que faire ?","url":"https:\/\/www.violencequefaire.ch\/en\/","logo":{"@type":"ImageObject","inLanguage":"en-US","@id":"https:\/\/www.violencequefaire.ch\/en\/#\/schema\/logo\/image\/","url":"https:\/\/www.violencequefaire.ch\/wp-content\/uploads\/2022\/04\/VQF_LOGO_neutre.jpg","contentUrl":"https:\/\/www.violencequefaire.ch\/wp-content\/uploads\/2022\/04\/VQF_LOGO_neutre.jpg","width":253,"height":376,"caption":"Violence que faire ?"},"image":{"@id":"https:\/\/www.violencequefaire.ch\/en\/#\/schema\/logo\/image\/"}}]}},"_links":{"self":[{"href":"https:\/\/www.violencequefaire.ch\/en\/wp-json\/wp\/v2\/pages\/9326","targetHints":{"allow":["GET"]}}],"collection":[{"href":"https:\/\/www.violencequefaire.ch\/en\/wp-json\/wp\/v2\/pages"}],"about":[{"href":"https:\/\/www.violencequefaire.ch\/en\/wp-json\/wp\/v2\/types\/page"}],"author":[{"embeddable":true,"href":"https:\/\/www.violencequefaire.ch\/en\/wp-json\/wp\/v2\/users\/16"}],"replies":[{"embeddable":true,"href":"https:\/\/www.violencequefaire.ch\/en\/wp-json\/wp\/v2\/comments?post=9326"}],"version-history":[{"count":6,"href":"https:\/\/www.violencequefaire.ch\/en\/wp-json\/wp\/v2\/pages\/9326\/revisions"}],"predecessor-version":[{"id":10145,"href":"https:\/\/www.violencequefaire.ch\/en\/wp-json\/wp\/v2\/pages\/9326\/revisions\/10145"}],"wp:attachment":[{"href":"https:\/\/www.violencequefaire.ch\/en\/wp-json\/wp\/v2\/media?parent=9326"}],"curies":[{"name":"wp","href":"https:\/\/api.w.org\/{rel}","templated":true}]}}