{"id":8843,"date":"2022-03-25T15:03:55","date_gmt":"2022-03-25T14:03:55","guid":{"rendered":"https:\/\/www.violencequefaire.ch\/la-violence-sexuelle\/"},"modified":"2024-12-23T14:41:55","modified_gmt":"2024-12-23T13:41:55","slug":"sexual-abuse","status":"publish","type":"page","link":"https:\/\/www.violencequefaire.ch\/en\/sexual-abuse\/","title":{"rendered":"Sexual abuse"},"content":{"rendered":"<div class=\"wpb-content-wrapper\"><p>[vc_row][vc_column]<section class='vqf_section_block text_n_media_block podcast_media'><div class='vqf_container'><div class='vqf_row'><div class='left_text_block'><h2>What to look out for<\/h2><div class='vqf_fixed_width_text'><p>This form of intimate partner violence includes humiliation, forced sexual contact, rape, and other sexual acts. Sexual abuse is the most hidden form of intimate partner violence, and yet it isn\u2019t uncommon. It affects victims when they are at their most vulnerable and, as a result, most people are ashamed to talk about it.<\/p>\n<p>When someone is sexually assaulted, they are often in a state of shock. This can cause both physical paralysis (inability to move) and mental paralysis (inability to scream).<\/p><\/div><div class='vqf_accordion_block'><div class='accordion_item'><div class='accordion_header'><span class='title'>Types of sexual abuse:<\/span><\/div><div class='accordion_body'><div class='acc_body_inner'><div class='vqf_fixed_width_text'><p>\u2022\tSexual harassment<br \/>\n\u2022\tForcing the victim to watch pornographic materials<br \/>\n\u2022\tForcing the victim to wear certain accessories or carry out fantasies<br \/>\n\u2022\tForcing the victim to pose for photos or videos<br \/>\n\u2022\tForcing the victim to perform unwanted sexual acts such as sodomy or fellatio<br \/>\n\u2022\tHumiliating the victim during sex such as name-calling, insults, use of household objects or putting them in degrading positions<br \/>\n\u2022\tPhysical assault during sex that includes biting breasts, pulling nipples, violent penetration, hitting and tying up<br \/>\n\u2022\tIn any way coercing the victim - by force, threats, sulking, gift-giving,- to perform sexual acts<br \/>\n\u2022\tRape or attempted rape<br \/>\n\u2022\tForcing the victim to perform sexual acts with other people<br \/>\n\u2022\tForcing the victim into prostitution<br \/>\n<\/p><\/div><\/div><\/div><\/div><div class='accordion_item'><div class='accordion_header'><span class='title'>Consent<\/span><\/div><div class='accordion_body'><div class='acc_body_inner'><div class='vqf_fixed_width_text'><p>In any sexual relationship, it is the responsibility of each person to make sure that the other person has given consent.<br \/>\n<br \/>\nConsent is defined as giving agreement to perform an act. It can be given and withdrawn at any time. The absence of a 'no' is not an indication of the other person's consent. It is therefore important to ensure that a person is giving consent by asking them directly, for example.<br \/>\n<br \/>\nIt is not consent if a person:<br \/>\n\u2022\tgives in under pressure<br \/>\n\u2022\tgives in because of threats<br \/>\n\u2022\tgives in because of a dependent relationship<br \/>\n<\/p><\/div><\/div><\/div><\/div><div class='accordion_item'><div class='accordion_header'><span class='title'>What to do if you are sexually assaulted? <\/span><\/div><div class='accordion_body'><div class='acc_body_inner'><div class='vqf_fixed_width_text'><p>In the event of a sexual assault, the victim is advised to go to the local hospital as soon as possible, without taking a bath or shower, and either wearing or carrying in a paper bag the clothes worn during the assault. At the hospital, the victim will receive appropriate treatment to prevent the transmission of HIV and other sexually transmitted infections. To avoid contracting HIV, it is important for the victim to see a doctor within 48 hours of the assault to ensure that the treatment is effective. They may also receive emergency contraception to prevent unwanted pregnancy and follow-up care for their physical and mental health.  <br \/>\n <br \/>\nIn the emergency room, the victim can choose between two options. The first option is medical treatment only. In this case, the victim is treated for their injuries without evidence being collected for possible legal action. The second option is a forensic report. This includes medical care as well as a thorough examination to document the injuries and potential evidence that can be used in an investigation or trial, whether or not the victim decides to file a complaint. <br \/>\n  <br \/>\nAll reports of sexual assault are kept confidential and are handled by trained professionals. Any procedure will only take place with the victim's consent. The victim can interrupt or stop the process at any time. The report of a sexual assault is made by a forensic doctor within 7 days of the incident. After these 7 days, the report is made without a forensic doctor. The cost of reporting a sexual assault may be covered by the victim's health insurance or by the LAVI. <br \/>\n<br \/>\nTreatment for sexual assault is urgent. If the victim does not seek emergency treatment at the time, they can always talk about it or seek help when they feel ready. Sexual health centres are also there to help and answer your questions. To find a centre near you: directory <a href=\"  https:\/\/www.sante-sexuelle.ch\/centres-de-conseil?city=Sion&radius=500&topic=#consultancy_search\" target=\"_blank\">here<\/a>.<br \/>\n<\/p><\/div><\/div><\/div><\/div><div class='accordion_item'><div class='accordion_header'><span class='title'>What does the law say about sexual violence?<\/span><\/div><div class='accordion_body'><div class='acc_body_inner'><div class='vqf_fixed_width_text'><p>As of 1 July 2024, <a href=\" https:\/\/www.fedlex.admin.ch\/eli\/fga\/2023\/1521\/fr\" target=\"_blank\">the law<\/a> on sexual violence has changed.<br \/>\n<br \/>\nThe law now defines rape as any sexual act involving penetration of a person's body, against their will, by threat, violence, psychological pressure or by taking advantage of their state of shock (art. <a href=\" https:\/\/www.fedlex.admin.ch\/eli\/fga\/2023\/1521\/fr#lvl_1\/lvl_2\/lvl_u3\" target=\"_blank\">190<\/a> Swiss Criminal Code). The law also recognises that any sexual act imposed on a person against their will, by threat, violence or by taking advantage of their state of shock, constitutes sexual abuse and indecent assault (art. <a href=\" https:\/\/www.fedlex.admin.ch\/eli\/fga\/2023\/1521\/fr#lvl_1\/lvl_2\/lvl_u2\" target=\"_blank\">189<\/a> Swiss Criminal Code).<br \/>\n<br \/>\nThe new criminal law also introduces provisions against behaviour such as \"stealthing\", which consists of removing a condom or failing to use one without the consent of one's partner. Similarly, \"revenge porn\", i.e. the distribution of sexual content to a third party without the consent of the person concerned, is now punishable on the basis of a complaint (art. 197a Swiss Criminal Code).<br \/>\n<br \/>\nThanks to this legislative change, the principle of \"No means no\" has now been incorporated. This means that the law no longer confines itself to violence and force to define sexual assault or rape. It also recognises the victim's refusal and the possibility that they may be too shocked to react and defend themselves. In addition, the new law stipulates that rape involves penetration of the body, regardless of the person's sex. This change in perspective means that anyone can be recognised as a victim of rape.<br \/>\n<\/p><\/div><\/div><\/div><\/div><\/div><\/div><div class='right_media_block'><div class='media_box'><div class='podcast_col'><div class='podcast_item'><a href='https:\/\/www.violencequefaire.ch\/en\/podcast\/episode-1-violences-invisibles-les-violences-psychologiques-et-economiques\/'><\/a><div class='bg_layer'><img src='https:\/\/www.violencequefaire.ch\/wp-content\/uploads\/2022\/04\/episode1_couverture.jpg' alt=''><\/div><div class='inner'><div class='img_block'><img src='https:\/\/www.violencequefaire.ch\/wp-content\/uploads\/2022\/04\/episode1_couverture.jpg' alt=''><\/div><div class='podcast_info'><span class='episode_name'><strong>Psychological and economic abuse<\/strong>\n\nExpert: Emmanuel Escard<\/span><h5 class='episode_title'>EPISODE 1 &#8211;  INVISIBLE ABUSE<\/h5><span class='podcast_author'>Experte: Emmanuel Escard<\/span><\/div><\/div><\/div><\/div><\/div><\/div><\/div><\/div><\/section>[\/vc_column][\/vc_row]<\/p>\n<\/div>","protected":false},"excerpt":{"rendered":"<p>[vc_row][vc_column][\/vc_column][\/vc_row]<\/p>\n","protected":false},"author":16,"featured_media":0,"parent":0,"menu_order":0,"comment_status":"closed","ping_status":"closed","template":"templates\/Sexuelle.php","meta":{"_acf_changed":false,"footnotes":""},"class_list":["post-8843","page","type-page","status-publish","hentry"],"acf":[],"yoast_head":"<!-- This site is optimized with the Yoast SEO plugin v27.3 - https:\/\/yoast.com\/product\/yoast-seo-wordpress\/ -->\n<title>Sexual abuse &#8226; Violence que faire ?<\/title>\n<meta name=\"description\" content=\"Sexual violence: how do you recognise it? Find specific information, questions from Internet users and listen to our podcast.\" \/>\n<meta name=\"robots\" content=\"index, follow, max-snippet:-1, max-image-preview:large, max-video-preview:-1\" \/>\n<link rel=\"canonical\" href=\"https:\/\/www.violencequefaire.ch\/en\/sexual-abuse\/\" \/>\n<meta property=\"og:locale\" content=\"en_US\" \/>\n<meta property=\"og:type\" content=\"article\" \/>\n<meta property=\"og:title\" content=\"Sexual abuse &#8226; Violence que faire ?\" \/>\n<meta property=\"og:description\" content=\"Sexual violence: how do you recognise it? Find specific information, questions from Internet users and listen to our podcast.\" \/>\n<meta property=\"og:url\" content=\"https:\/\/www.violencequefaire.ch\/en\/sexual-abuse\/\" \/>\n<meta property=\"og:site_name\" content=\"Violence que faire ?\" \/>\n<meta property=\"article:modified_time\" content=\"2024-12-23T13:41:55+00:00\" \/>\n<meta property=\"og:image\" content=\"http:\/\/true\" \/>\n<meta name=\"twitter:card\" content=\"summary_large_image\" \/>\n<meta name=\"twitter:label1\" content=\"Est. reading time\" \/>\n\t<meta name=\"twitter:data1\" content=\"1 minute\" \/>\n<script type=\"application\/ld+json\" class=\"yoast-schema-graph\">{\"@context\":\"https:\\\/\\\/schema.org\",\"@graph\":[{\"@type\":\"WebPage\",\"@id\":\"https:\\\/\\\/www.violencequefaire.ch\\\/en\\\/sexual-abuse\\\/\",\"url\":\"https:\\\/\\\/www.violencequefaire.ch\\\/en\\\/sexual-abuse\\\/\",\"name\":\"Sexual abuse &#8226; Violence que faire ?\",\"isPartOf\":{\"@id\":\"https:\\\/\\\/www.violencequefaire.ch\\\/en\\\/#website\"},\"datePublished\":\"2022-03-25T14:03:55+00:00\",\"dateModified\":\"2024-12-23T13:41:55+00:00\",\"description\":\"Sexual violence: how do you recognise it? Find specific information, questions from Internet users and listen to our podcast.\",\"breadcrumb\":{\"@id\":\"https:\\\/\\\/www.violencequefaire.ch\\\/en\\\/sexual-abuse\\\/#breadcrumb\"},\"inLanguage\":\"en-US\",\"potentialAction\":[{\"@type\":\"ReadAction\",\"target\":[\"https:\\\/\\\/www.violencequefaire.ch\\\/en\\\/sexual-abuse\\\/\"]}]},{\"@type\":\"BreadcrumbList\",\"@id\":\"https:\\\/\\\/www.violencequefaire.ch\\\/en\\\/sexual-abuse\\\/#breadcrumb\",\"itemListElement\":[{\"@type\":\"ListItem\",\"position\":1,\"name\":\"Home\",\"item\":\"https:\\\/\\\/www.violencequefaire.ch\\\/en\\\/\"},{\"@type\":\"ListItem\",\"position\":2,\"name\":\"Sexual abuse\"}]},{\"@type\":\"WebSite\",\"@id\":\"https:\\\/\\\/www.violencequefaire.ch\\\/en\\\/#website\",\"url\":\"https:\\\/\\\/www.violencequefaire.ch\\\/en\\\/\",\"name\":\"Violence que faire\",\"description\":\"Des sp\u00e9cialistes r\u00e9pondent personnellement \u00e0 vos questions anonymes sur la violence au sein du couple.\",\"publisher\":{\"@id\":\"https:\\\/\\\/www.violencequefaire.ch\\\/en\\\/#organization\"},\"alternateName\":\"Violenza Cosa Fare\",\"potentialAction\":[{\"@type\":\"SearchAction\",\"target\":{\"@type\":\"EntryPoint\",\"urlTemplate\":\"https:\\\/\\\/www.violencequefaire.ch\\\/en\\\/?s={search_term_string}\"},\"query-input\":{\"@type\":\"PropertyValueSpecification\",\"valueRequired\":true,\"valueName\":\"search_term_string\"}}],\"inLanguage\":\"en-US\"},{\"@type\":\"Organization\",\"@id\":\"https:\\\/\\\/www.violencequefaire.ch\\\/en\\\/#organization\",\"name\":\"Violence que faire ?\",\"url\":\"https:\\\/\\\/www.violencequefaire.ch\\\/en\\\/\",\"logo\":{\"@type\":\"ImageObject\",\"inLanguage\":\"en-US\",\"@id\":\"https:\\\/\\\/www.violencequefaire.ch\\\/en\\\/#\\\/schema\\\/logo\\\/image\\\/\",\"url\":\"https:\\\/\\\/www.violencequefaire.ch\\\/wp-content\\\/uploads\\\/2022\\\/04\\\/VQF_LOGO_neutre.jpg\",\"contentUrl\":\"https:\\\/\\\/www.violencequefaire.ch\\\/wp-content\\\/uploads\\\/2022\\\/04\\\/VQF_LOGO_neutre.jpg\",\"width\":253,\"height\":376,\"caption\":\"Violence que faire ?\"},\"image\":{\"@id\":\"https:\\\/\\\/www.violencequefaire.ch\\\/en\\\/#\\\/schema\\\/logo\\\/image\\\/\"}}]}<\/script>\n<!-- \/ Yoast SEO plugin. -->","yoast_head_json":{"title":"Sexual abuse &#8226; Violence que faire ?","description":"Sexual violence: how do you recognise it? Find specific information, questions from Internet users and listen to our podcast.","robots":{"index":"index","follow":"follow","max-snippet":"max-snippet:-1","max-image-preview":"max-image-preview:large","max-video-preview":"max-video-preview:-1"},"canonical":"https:\/\/www.violencequefaire.ch\/en\/sexual-abuse\/","og_locale":"en_US","og_type":"article","og_title":"Sexual abuse &#8226; Violence que faire ?","og_description":"Sexual violence: how do you recognise it? Find specific information, questions from Internet users and listen to our podcast.","og_url":"https:\/\/www.violencequefaire.ch\/en\/sexual-abuse\/","og_site_name":"Violence que faire ?","article_modified_time":"2024-12-23T13:41:55+00:00","og_image":[{"url":"true","type":"","width":"","height":""}],"twitter_card":"summary_large_image","twitter_misc":{"Est. reading time":"1 minute"},"schema":{"@context":"https:\/\/schema.org","@graph":[{"@type":"WebPage","@id":"https:\/\/www.violencequefaire.ch\/en\/sexual-abuse\/","url":"https:\/\/www.violencequefaire.ch\/en\/sexual-abuse\/","name":"Sexual abuse &#8226; Violence que faire ?","isPartOf":{"@id":"https:\/\/www.violencequefaire.ch\/en\/#website"},"datePublished":"2022-03-25T14:03:55+00:00","dateModified":"2024-12-23T13:41:55+00:00","description":"Sexual violence: how do you recognise it? Find specific information, questions from Internet users and listen to our podcast.","breadcrumb":{"@id":"https:\/\/www.violencequefaire.ch\/en\/sexual-abuse\/#breadcrumb"},"inLanguage":"en-US","potentialAction":[{"@type":"ReadAction","target":["https:\/\/www.violencequefaire.ch\/en\/sexual-abuse\/"]}]},{"@type":"BreadcrumbList","@id":"https:\/\/www.violencequefaire.ch\/en\/sexual-abuse\/#breadcrumb","itemListElement":[{"@type":"ListItem","position":1,"name":"Home","item":"https:\/\/www.violencequefaire.ch\/en\/"},{"@type":"ListItem","position":2,"name":"Sexual abuse"}]},{"@type":"WebSite","@id":"https:\/\/www.violencequefaire.ch\/en\/#website","url":"https:\/\/www.violencequefaire.ch\/en\/","name":"Violence que faire","description":"Des sp\u00e9cialistes r\u00e9pondent personnellement \u00e0 vos questions anonymes sur la violence au sein du couple.","publisher":{"@id":"https:\/\/www.violencequefaire.ch\/en\/#organization"},"alternateName":"Violenza Cosa Fare","potentialAction":[{"@type":"SearchAction","target":{"@type":"EntryPoint","urlTemplate":"https:\/\/www.violencequefaire.ch\/en\/?s={search_term_string}"},"query-input":{"@type":"PropertyValueSpecification","valueRequired":true,"valueName":"search_term_string"}}],"inLanguage":"en-US"},{"@type":"Organization","@id":"https:\/\/www.violencequefaire.ch\/en\/#organization","name":"Violence que faire ?","url":"https:\/\/www.violencequefaire.ch\/en\/","logo":{"@type":"ImageObject","inLanguage":"en-US","@id":"https:\/\/www.violencequefaire.ch\/en\/#\/schema\/logo\/image\/","url":"https:\/\/www.violencequefaire.ch\/wp-content\/uploads\/2022\/04\/VQF_LOGO_neutre.jpg","contentUrl":"https:\/\/www.violencequefaire.ch\/wp-content\/uploads\/2022\/04\/VQF_LOGO_neutre.jpg","width":253,"height":376,"caption":"Violence que faire ?"},"image":{"@id":"https:\/\/www.violencequefaire.ch\/en\/#\/schema\/logo\/image\/"}}]}},"_links":{"self":[{"href":"https:\/\/www.violencequefaire.ch\/en\/wp-json\/wp\/v2\/pages\/8843","targetHints":{"allow":["GET"]}}],"collection":[{"href":"https:\/\/www.violencequefaire.ch\/en\/wp-json\/wp\/v2\/pages"}],"about":[{"href":"https:\/\/www.violencequefaire.ch\/en\/wp-json\/wp\/v2\/types\/page"}],"author":[{"embeddable":true,"href":"https:\/\/www.violencequefaire.ch\/en\/wp-json\/wp\/v2\/users\/16"}],"replies":[{"embeddable":true,"href":"https:\/\/www.violencequefaire.ch\/en\/wp-json\/wp\/v2\/comments?post=8843"}],"version-history":[{"count":9,"href":"https:\/\/www.violencequefaire.ch\/en\/wp-json\/wp\/v2\/pages\/8843\/revisions"}],"predecessor-version":[{"id":10202,"href":"https:\/\/www.violencequefaire.ch\/en\/wp-json\/wp\/v2\/pages\/8843\/revisions\/10202"}],"wp:attachment":[{"href":"https:\/\/www.violencequefaire.ch\/en\/wp-json\/wp\/v2\/media?parent=8843"}],"curies":[{"name":"wp","href":"https:\/\/api.w.org\/{rel}","templated":true}]}}