{"id":8835,"date":"2022-03-25T15:03:20","date_gmt":"2022-03-25T14:03:20","guid":{"rendered":"https:\/\/www.violencequefaire.ch\/la-violence-psychologique\/"},"modified":"2024-12-23T14:42:54","modified_gmt":"2024-12-23T13:42:54","slug":"psychological-abuse","status":"publish","type":"page","link":"https:\/\/www.violencequefaire.ch\/en\/psychological-abuse\/","title":{"rendered":"Psychological abuse"},"content":{"rendered":"<div class=\"wpb-content-wrapper\"><p>[vc_row][vc_column]<section class='vqf_section_block text_n_media_block podcast_media'><div class='vqf_container'><div class='vqf_row'><div class='left_text_block'><h2>Psychological abuse<\/h2><div class='vqf_fixed_width_text'><p>This is the most overlooked form of abuse as it can be subtle and difficult to recognise. Psychological abuse includes derogatory remarks, humiliation, restrictions, control, threats, and intimidation. It doesn\u2019t leave physical marks, but it can be painful and frightening. This type of abuse has a profound effect on the self-esteem and health of those who experience it.<\/p><\/div><div class='vqf_accordion_block'><div class='accordion_item'><div class='accordion_header'><span class='title'>Ignoring the victim\u2019s wishes<\/span><\/div><div class='accordion_body'><div class='acc_body_inner'><div class='vqf_fixed_width_text'><p>This is the first form of psychological abuse where the abuser imposes their own preferences and views on the victim such as food choices, hobbies, social circles.  They make choices for them \u2013 choosing their hairstyle, clothing or similar \u2013 and they make important decisions without consulting them. Telling the victim what to do and ordering them around are also marks of psychological abuse. The abuser assumes power and prevents the victim from living freely, claiming to know what's good for them and forcing them to comply. <\/p><\/div><\/div><\/div><\/div><div class='accordion_item'><div class='accordion_header'><span class='title'>Belittling, putting down<\/span><\/div><div class='accordion_body'><div class='acc_body_inner'><div class='vqf_fixed_width_text'><p>Another form of psychological abuse includes belittling and demeaning comments that are sometimes made by the abuser in front of other people. The abuser may belittle anything: intellectual ability, ideas, feelings, physical appearance, family and friends, personal history, the way the victim raises their children, the way they run their home, cook, and so on.<br \/>\n<br \/>\nExamples are phrases like:<br \/>\n\u2022\t\u201cYou can\u2019t do it, you\u2019re not good enough.\u201d<br \/>\n\u2022\t\u201cYou\u2019re crazy, you can\u2019t do it!\u201d<br \/>\n\u2022\t\u201cYou\u2019re crazy, you don\u2019t know what you\u2019re saying.\u201d<br \/>\n\u2022\t\u201cYou\u2019re always whining.\u201d<br \/>\n\u2022\t\u201cLook at the way you look.\u201d<br \/>\n\u2022\t\u201cYou\u2019re incompetent.\u201d<br \/>\n\u2022\t\u201cYou\u2019re useless.\u201d<br \/>\n<br \/>\nThe victim\u2019s enthusiasm, good mood and displays of affection may also be criticised. The abuser makes the victim feel worthless, incompetent and useless.<br \/>\n<br \/>\n<\/p><\/div><\/div><\/div><\/div><div class='accordion_item'><div class='accordion_header'><span class='title'>Insults, humiliation, ignoring<\/span><\/div><div class='accordion_body'><div class='acc_body_inner'><div class='vqf_fixed_width_text'><p>The third form of psychological abuse can take the form of insults, verbal abuse or humiliation: rolling eyes, turning their back, sniggering, spitting, burping, farting and other demeaning actions.<br \/>\n<br \/>\nIt can also mean constantly interrupting the other person; not listening to or answering them; ignoring them; and\/or refusing to speak to them for several days without giving an explanation.<br \/>\n<\/p><\/div><\/div><\/div><\/div><div class='accordion_item'><div class='accordion_header'><span class='title'>Isolation, monitoring, harassment<\/span><\/div><div class='accordion_body'><div class='acc_body_inner'><div class='vqf_fixed_width_text'><p>This type of psychological abuse can be identified by phrases like:<br \/>\n<br \/>\n\u2022\t\u201cIf you loved me, you wouldn\u2019t go to your meeting.\"<br \/>\n\u2022\t\u201cYou choose your family over me.\u201d<br \/>\n\u2022\t\"This friendship is a bad influence on you.\"<br \/>\n\u2022\t\u201cI don't like you seeing your work colleagues.\".<br \/>\n<br \/>\nThis is a jealous form of psychological abuse and includes the desire to possess the other person. For example, demanding the victim\u2019s constant and exclusive presence; preventing them from sleeping at night; preventing them from seeing their loved ones; forbidding them to go out alone or to certain places; and monitoring their phone calls, text messages, emails and social networks such as Facebook and Instagram, etc.<br \/>\n<br \/>\nThe control exercised by the abuser can lead to harassment that includes: repeated questioning, accusations, showing up unannounced, or calling constantly to check on the victim's whereabouts.<br \/>\n<\/p><\/div><\/div><\/div><\/div><div class='accordion_item'><div class='accordion_header'><span class='title'>Threats<\/span><\/div><div class='accordion_body'><div class='acc_body_inner'><div class='vqf_fixed_width_text'><p>Making threats is also a form of psychological abuse. The abuser may threaten to do things such as:<br \/>\n\u2022\tcut off the victim\u2019s access to food,<br \/>\n\u2022\tattack relatives or children,<br \/>\n\u2022\tkidnap the children,<br \/>\n\u2022\thit or kill their partner,<br \/>\n\u2022\tcommit suicide.<br \/>\n<br \/>\nMaking threats can also sound like:<br \/>\n\u2022\t\u201cShut up or I'll strangle you!\u201d<br \/>\n\u2022\t\u201cIf I see you with that person again, things are going to get ugly.\"<br \/>\n\u2022\t\u201cIf you go out, you'll be sorry!\u201d<br \/>\n\u2022\t\"Watch out, I'm capable of anything.\"<br \/>\n\u2022\t\"If you leave, you'll never see your children again.\"<br \/>\n\u2022\t\"If you leave, I'll kill the dog.\"<br \/>\n\u2022\t\"If you leave, I'll kill you.\"<br \/>\n\u2022\t\"If you leave, I'll kill myself.\"<br \/>\n<\/p><\/div><\/div><\/div><\/div><div class='accordion_item'><div class='accordion_header'><span class='title'>Bullying<\/span><\/div><div class='accordion_body'><div class='acc_body_inner'><div class='vqf_fixed_width_text'><p>Intimidating behaviour is another form of psychological abuse. It involves staring, yelling, screaming, or talking in a very low voice or even whispering to frighten the victim. This abuse can include damaging personal belongings, slamming doors, breaking things in the home, driving the car at high speed, banging on walls and doors, mistreating a pet, and other disturbing behaviours. The abuser is showing that they have control over the victim as they display their strength and threaten to do more damage.<\/p><\/div><\/div><\/div><\/div><\/div><\/div><div class='right_media_block'><div class='media_box'><div class='podcast_col'><div class='podcast_item'><a href='https:\/\/www.violencequefaire.ch\/en\/podcast\/episode-1-violences-invisibles-les-violences-psychologiques-et-economiques\/'><\/a><div class='bg_layer'><img src='https:\/\/www.violencequefaire.ch\/wp-content\/uploads\/2022\/04\/episode1_couverture.jpg' alt=''><\/div><div class='inner'><div class='img_block'><img src='https:\/\/www.violencequefaire.ch\/wp-content\/uploads\/2022\/04\/episode1_couverture.jpg' alt=''><\/div><div class='podcast_info'><span class='episode_name'><strong>Psychological and economic abuse<\/strong>\n\nExpert: Emmanuel Escard<\/span><h5 class='episode_title'>EPISODE 1 &#8211;  INVISIBLE ABUSE<\/h5><span class='podcast_author'>Experte: Emmanuel Escard<\/span><\/div><\/div><\/div><\/div><\/div><\/div><\/div><\/div><\/section>[\/vc_column][\/vc_row]<\/p>\n<\/div>","protected":false},"excerpt":{"rendered":"<p>[vc_row][vc_column][\/vc_column][\/vc_row]<\/p>\n","protected":false},"author":16,"featured_media":0,"parent":0,"menu_order":0,"comment_status":"closed","ping_status":"closed","template":"templates\/psychologique.php","meta":{"_acf_changed":false,"footnotes":""},"class_list":["post-8835","page","type-page","status-publish","hentry"],"acf":[],"yoast_head":"<!-- This site is optimized with the Yoast SEO plugin v27.3 - https:\/\/yoast.com\/product\/yoast-seo-wordpress\/ -->\n<title>Psychological abuse &#8226; Violence que faire ?<\/title>\n<meta name=\"description\" content=\"Psychological violence: how do you recognise it? Find specific information, questions from Internet users and listen to our podcast.\" \/>\n<meta name=\"robots\" content=\"index, follow, max-snippet:-1, max-image-preview:large, max-video-preview:-1\" \/>\n<link rel=\"canonical\" href=\"https:\/\/www.violencequefaire.ch\/en\/psychological-abuse\/\" \/>\n<meta property=\"og:locale\" content=\"en_US\" \/>\n<meta property=\"og:type\" content=\"article\" \/>\n<meta property=\"og:title\" content=\"true\" \/>\n<meta property=\"og:description\" content=\"Psychological violence: how do you recognise it? Find specific information, questions from Internet users and listen to our podcast.\" \/>\n<meta property=\"og:url\" content=\"https:\/\/www.violencequefaire.ch\/en\/psychological-abuse\/\" \/>\n<meta property=\"og:site_name\" content=\"Violence que faire ?\" \/>\n<meta property=\"article:modified_time\" content=\"2024-12-23T13:42:54+00:00\" \/>\n<meta name=\"twitter:card\" content=\"summary_large_image\" \/>\n<meta name=\"twitter:label1\" content=\"Est. reading time\" \/>\n\t<meta name=\"twitter:data1\" content=\"1 minute\" \/>\n<script type=\"application\/ld+json\" class=\"yoast-schema-graph\">{\"@context\":\"https:\\\/\\\/schema.org\",\"@graph\":[{\"@type\":\"WebPage\",\"@id\":\"https:\\\/\\\/www.violencequefaire.ch\\\/en\\\/psychological-abuse\\\/\",\"url\":\"https:\\\/\\\/www.violencequefaire.ch\\\/en\\\/psychological-abuse\\\/\",\"name\":\"Psychological abuse &#8226; Violence que faire ?\",\"isPartOf\":{\"@id\":\"https:\\\/\\\/www.violencequefaire.ch\\\/en\\\/#website\"},\"datePublished\":\"2022-03-25T14:03:20+00:00\",\"dateModified\":\"2024-12-23T13:42:54+00:00\",\"description\":\"Psychological violence: how do you recognise it? Find specific information, questions from Internet users and listen to our podcast.\",\"breadcrumb\":{\"@id\":\"https:\\\/\\\/www.violencequefaire.ch\\\/en\\\/psychological-abuse\\\/#breadcrumb\"},\"inLanguage\":\"en-US\",\"potentialAction\":[{\"@type\":\"ReadAction\",\"target\":[\"https:\\\/\\\/www.violencequefaire.ch\\\/en\\\/psychological-abuse\\\/\"]}]},{\"@type\":\"BreadcrumbList\",\"@id\":\"https:\\\/\\\/www.violencequefaire.ch\\\/en\\\/psychological-abuse\\\/#breadcrumb\",\"itemListElement\":[{\"@type\":\"ListItem\",\"position\":1,\"name\":\"Home\",\"item\":\"https:\\\/\\\/www.violencequefaire.ch\\\/en\\\/\"},{\"@type\":\"ListItem\",\"position\":2,\"name\":\"Psychological abuse\"}]},{\"@type\":\"WebSite\",\"@id\":\"https:\\\/\\\/www.violencequefaire.ch\\\/en\\\/#website\",\"url\":\"https:\\\/\\\/www.violencequefaire.ch\\\/en\\\/\",\"name\":\"Violence que faire\",\"description\":\"Des sp\u00e9cialistes r\u00e9pondent personnellement \u00e0 vos questions anonymes sur la violence au sein du couple.\",\"publisher\":{\"@id\":\"https:\\\/\\\/www.violencequefaire.ch\\\/en\\\/#organization\"},\"alternateName\":\"Violenza Cosa Fare\",\"potentialAction\":[{\"@type\":\"SearchAction\",\"target\":{\"@type\":\"EntryPoint\",\"urlTemplate\":\"https:\\\/\\\/www.violencequefaire.ch\\\/en\\\/?s={search_term_string}\"},\"query-input\":{\"@type\":\"PropertyValueSpecification\",\"valueRequired\":true,\"valueName\":\"search_term_string\"}}],\"inLanguage\":\"en-US\"},{\"@type\":\"Organization\",\"@id\":\"https:\\\/\\\/www.violencequefaire.ch\\\/en\\\/#organization\",\"name\":\"Violence que faire ?\",\"url\":\"https:\\\/\\\/www.violencequefaire.ch\\\/en\\\/\",\"logo\":{\"@type\":\"ImageObject\",\"inLanguage\":\"en-US\",\"@id\":\"https:\\\/\\\/www.violencequefaire.ch\\\/en\\\/#\\\/schema\\\/logo\\\/image\\\/\",\"url\":\"https:\\\/\\\/www.violencequefaire.ch\\\/wp-content\\\/uploads\\\/2022\\\/04\\\/VQF_LOGO_neutre.jpg\",\"contentUrl\":\"https:\\\/\\\/www.violencequefaire.ch\\\/wp-content\\\/uploads\\\/2022\\\/04\\\/VQF_LOGO_neutre.jpg\",\"width\":253,\"height\":376,\"caption\":\"Violence que faire ?\"},\"image\":{\"@id\":\"https:\\\/\\\/www.violencequefaire.ch\\\/en\\\/#\\\/schema\\\/logo\\\/image\\\/\"}}]}<\/script>\n<!-- \/ Yoast SEO plugin. -->","yoast_head_json":{"title":"Psychological abuse &#8226; Violence que faire ?","description":"Psychological violence: how do you recognise it? Find specific information, questions from Internet users and listen to our podcast.","robots":{"index":"index","follow":"follow","max-snippet":"max-snippet:-1","max-image-preview":"max-image-preview:large","max-video-preview":"max-video-preview:-1"},"canonical":"https:\/\/www.violencequefaire.ch\/en\/psychological-abuse\/","og_locale":"en_US","og_type":"article","og_title":"true","og_description":"Psychological violence: how do you recognise it? Find specific information, questions from Internet users and listen to our podcast.","og_url":"https:\/\/www.violencequefaire.ch\/en\/psychological-abuse\/","og_site_name":"Violence que faire ?","article_modified_time":"2024-12-23T13:42:54+00:00","twitter_card":"summary_large_image","twitter_misc":{"Est. reading time":"1 minute"},"schema":{"@context":"https:\/\/schema.org","@graph":[{"@type":"WebPage","@id":"https:\/\/www.violencequefaire.ch\/en\/psychological-abuse\/","url":"https:\/\/www.violencequefaire.ch\/en\/psychological-abuse\/","name":"Psychological abuse &#8226; Violence que faire ?","isPartOf":{"@id":"https:\/\/www.violencequefaire.ch\/en\/#website"},"datePublished":"2022-03-25T14:03:20+00:00","dateModified":"2024-12-23T13:42:54+00:00","description":"Psychological violence: how do you recognise it? Find specific information, questions from Internet users and listen to our podcast.","breadcrumb":{"@id":"https:\/\/www.violencequefaire.ch\/en\/psychological-abuse\/#breadcrumb"},"inLanguage":"en-US","potentialAction":[{"@type":"ReadAction","target":["https:\/\/www.violencequefaire.ch\/en\/psychological-abuse\/"]}]},{"@type":"BreadcrumbList","@id":"https:\/\/www.violencequefaire.ch\/en\/psychological-abuse\/#breadcrumb","itemListElement":[{"@type":"ListItem","position":1,"name":"Home","item":"https:\/\/www.violencequefaire.ch\/en\/"},{"@type":"ListItem","position":2,"name":"Psychological abuse"}]},{"@type":"WebSite","@id":"https:\/\/www.violencequefaire.ch\/en\/#website","url":"https:\/\/www.violencequefaire.ch\/en\/","name":"Violence que faire","description":"Des sp\u00e9cialistes r\u00e9pondent personnellement \u00e0 vos questions anonymes sur la violence au sein du couple.","publisher":{"@id":"https:\/\/www.violencequefaire.ch\/en\/#organization"},"alternateName":"Violenza Cosa Fare","potentialAction":[{"@type":"SearchAction","target":{"@type":"EntryPoint","urlTemplate":"https:\/\/www.violencequefaire.ch\/en\/?s={search_term_string}"},"query-input":{"@type":"PropertyValueSpecification","valueRequired":true,"valueName":"search_term_string"}}],"inLanguage":"en-US"},{"@type":"Organization","@id":"https:\/\/www.violencequefaire.ch\/en\/#organization","name":"Violence que faire ?","url":"https:\/\/www.violencequefaire.ch\/en\/","logo":{"@type":"ImageObject","inLanguage":"en-US","@id":"https:\/\/www.violencequefaire.ch\/en\/#\/schema\/logo\/image\/","url":"https:\/\/www.violencequefaire.ch\/wp-content\/uploads\/2022\/04\/VQF_LOGO_neutre.jpg","contentUrl":"https:\/\/www.violencequefaire.ch\/wp-content\/uploads\/2022\/04\/VQF_LOGO_neutre.jpg","width":253,"height":376,"caption":"Violence que faire ?"},"image":{"@id":"https:\/\/www.violencequefaire.ch\/en\/#\/schema\/logo\/image\/"}}]}},"_links":{"self":[{"href":"https:\/\/www.violencequefaire.ch\/en\/wp-json\/wp\/v2\/pages\/8835","targetHints":{"allow":["GET"]}}],"collection":[{"href":"https:\/\/www.violencequefaire.ch\/en\/wp-json\/wp\/v2\/pages"}],"about":[{"href":"https:\/\/www.violencequefaire.ch\/en\/wp-json\/wp\/v2\/types\/page"}],"author":[{"embeddable":true,"href":"https:\/\/www.violencequefaire.ch\/en\/wp-json\/wp\/v2\/users\/16"}],"replies":[{"embeddable":true,"href":"https:\/\/www.violencequefaire.ch\/en\/wp-json\/wp\/v2\/comments?post=8835"}],"version-history":[{"count":4,"href":"https:\/\/www.violencequefaire.ch\/en\/wp-json\/wp\/v2\/pages\/8835\/revisions"}],"predecessor-version":[{"id":9490,"href":"https:\/\/www.violencequefaire.ch\/en\/wp-json\/wp\/v2\/pages\/8835\/revisions\/9490"}],"wp:attachment":[{"href":"https:\/\/www.violencequefaire.ch\/en\/wp-json\/wp\/v2\/media?parent=8835"}],"curies":[{"name":"wp","href":"https:\/\/api.w.org\/{rel}","templated":true}]}}