{"id":8829,"date":"2023-12-15T14:59:50","date_gmt":"2023-12-15T13:59:50","guid":{"rendered":"https:\/\/www.violencequefaire.ch\/posez-une-question\/"},"modified":"2025-02-26T15:48:28","modified_gmt":"2025-02-26T14:48:28","slug":"ask-us-a-question","status":"publish","type":"page","link":"https:\/\/www.violencequefaire.ch\/en\/ask-us-a-question\/","title":{"rendered":"Ask us a question"},"content":{"rendered":"<div class=\"wpb-content-wrapper\"><p>[vc_row][vc_column el_id=&#8221;vqf_section_block&#8221;][\/vc_column][\/vc_row]<\/p>\n<\/div>","protected":false},"excerpt":{"rendered":"<p>[vc_row][vc_column el_id=&#8221;vqf_section_block&#8221;][\/vc_column][\/vc_row]<\/p>\n","protected":false},"author":16,"featured_media":0,"parent":0,"menu_order":0,"comment_status":"closed","ping_status":"closed","template":"templates\/post_question.php","meta":{"_acf_changed":false,"footnotes":""},"class_list":["post-8829","page","type-page","status-publish","hentry"],"acf":[],"yoast_head":"<!-- This site is optimized with the Yoast SEO plugin v27.3 - https:\/\/yoast.com\/product\/yoast-seo-wordpress\/ -->\n<title>Ask us a question &#8226; Violence que faire ?<\/title>\n<meta name=\"description\" content=\"Ask all your questions anonymously to specialists in helping victims and perpetrators of domestic violence.\" \/>\n<meta name=\"robots\" content=\"index, follow, max-snippet:-1, max-image-preview:large, max-video-preview:-1\" \/>\n<link rel=\"canonical\" href=\"https:\/\/www.violencequefaire.ch\/en\/ask-us-a-question\/\" \/>\n<meta property=\"og:locale\" content=\"en_US\" \/>\n<meta property=\"og:type\" content=\"article\" \/>\n<meta property=\"og:title\" content=\"Ask us a question &#8226; Violence que faire ?\" \/>\n<meta property=\"og:description\" content=\"Ask all your questions anonymously to specialists in helping victims and perpetrators of domestic violence.\" \/>\n<meta property=\"og:url\" content=\"https:\/\/www.violencequefaire.ch\/en\/ask-us-a-question\/\" \/>\n<meta property=\"og:site_name\" content=\"Violence que faire ?\" \/>\n<meta property=\"article:modified_time\" content=\"2025-02-26T14:48:28+00:00\" \/>\n<meta name=\"twitter:card\" content=\"summary_large_image\" \/>\n<meta name=\"twitter:label1\" content=\"Est. reading time\" \/>\n\t<meta name=\"twitter:data1\" content=\"1 minute\" \/>\n<script type=\"application\/ld+json\" class=\"yoast-schema-graph\">{\"@context\":\"https:\\\/\\\/schema.org\",\"@graph\":[{\"@type\":\"WebPage\",\"@id\":\"https:\\\/\\\/www.violencequefaire.ch\\\/en\\\/ask-us-a-question\\\/\",\"url\":\"https:\\\/\\\/www.violencequefaire.ch\\\/en\\\/ask-us-a-question\\\/\",\"name\":\"Ask us a question &#8226; Violence que faire ?\",\"isPartOf\":{\"@id\":\"https:\\\/\\\/www.violencequefaire.ch\\\/en\\\/#website\"},\"datePublished\":\"2023-12-15T13:59:50+00:00\",\"dateModified\":\"2025-02-26T14:48:28+00:00\",\"description\":\"Ask all your questions anonymously to specialists in helping victims and perpetrators of domestic violence.\",\"breadcrumb\":{\"@id\":\"https:\\\/\\\/www.violencequefaire.ch\\\/en\\\/ask-us-a-question\\\/#breadcrumb\"},\"inLanguage\":\"en-US\",\"potentialAction\":[{\"@type\":\"ReadAction\",\"target\":[\"https:\\\/\\\/www.violencequefaire.ch\\\/en\\\/ask-us-a-question\\\/\"]}]},{\"@type\":\"BreadcrumbList\",\"@id\":\"https:\\\/\\\/www.violencequefaire.ch\\\/en\\\/ask-us-a-question\\\/#breadcrumb\",\"itemListElement\":[{\"@type\":\"ListItem\",\"position\":1,\"name\":\"Home\",\"item\":\"https:\\\/\\\/www.violencequefaire.ch\\\/en\\\/\"},{\"@type\":\"ListItem\",\"position\":2,\"name\":\"Ask us a question\"}]},{\"@type\":\"WebSite\",\"@id\":\"https:\\\/\\\/www.violencequefaire.ch\\\/en\\\/#website\",\"url\":\"https:\\\/\\\/www.violencequefaire.ch\\\/en\\\/\",\"name\":\"Violence que faire\",\"description\":\"Des sp\u00e9cialistes r\u00e9pondent personnellement \u00e0 vos questions anonymes sur la violence au sein du couple.\",\"publisher\":{\"@id\":\"https:\\\/\\\/www.violencequefaire.ch\\\/en\\\/#organization\"},\"alternateName\":\"Violenza Cosa Fare\",\"potentialAction\":[{\"@type\":\"SearchAction\",\"target\":{\"@type\":\"EntryPoint\",\"urlTemplate\":\"https:\\\/\\\/www.violencequefaire.ch\\\/en\\\/?s={search_term_string}\"},\"query-input\":{\"@type\":\"PropertyValueSpecification\",\"valueRequired\":true,\"valueName\":\"search_term_string\"}}],\"inLanguage\":\"en-US\"},{\"@type\":\"Organization\",\"@id\":\"https:\\\/\\\/www.violencequefaire.ch\\\/en\\\/#organization\",\"name\":\"Violence que faire ?\",\"url\":\"https:\\\/\\\/www.violencequefaire.ch\\\/en\\\/\",\"logo\":{\"@type\":\"ImageObject\",\"inLanguage\":\"en-US\",\"@id\":\"https:\\\/\\\/www.violencequefaire.ch\\\/en\\\/#\\\/schema\\\/logo\\\/image\\\/\",\"url\":\"https:\\\/\\\/www.violencequefaire.ch\\\/wp-content\\\/uploads\\\/2022\\\/04\\\/VQF_LOGO_neutre.jpg\",\"contentUrl\":\"https:\\\/\\\/www.violencequefaire.ch\\\/wp-content\\\/uploads\\\/2022\\\/04\\\/VQF_LOGO_neutre.jpg\",\"width\":253,\"height\":376,\"caption\":\"Violence que faire ?\"},\"image\":{\"@id\":\"https:\\\/\\\/www.violencequefaire.ch\\\/en\\\/#\\\/schema\\\/logo\\\/image\\\/\"}}]}<\/script>\n<!-- \/ Yoast SEO plugin. -->","yoast_head_json":{"title":"Ask us a question &#8226; Violence que faire ?","description":"Ask all your questions anonymously to specialists in helping victims and perpetrators of domestic violence.","robots":{"index":"index","follow":"follow","max-snippet":"max-snippet:-1","max-image-preview":"max-image-preview:large","max-video-preview":"max-video-preview:-1"},"canonical":"https:\/\/www.violencequefaire.ch\/en\/ask-us-a-question\/","og_locale":"en_US","og_type":"article","og_title":"Ask us a question &#8226; Violence que faire ?","og_description":"Ask all your questions anonymously to specialists in helping victims and perpetrators of domestic violence.","og_url":"https:\/\/www.violencequefaire.ch\/en\/ask-us-a-question\/","og_site_name":"Violence que faire ?","article_modified_time":"2025-02-26T14:48:28+00:00","twitter_card":"summary_large_image","twitter_misc":{"Est. reading time":"1 minute"},"schema":{"@context":"https:\/\/schema.org","@graph":[{"@type":"WebPage","@id":"https:\/\/www.violencequefaire.ch\/en\/ask-us-a-question\/","url":"https:\/\/www.violencequefaire.ch\/en\/ask-us-a-question\/","name":"Ask us a question &#8226; Violence que faire ?","isPartOf":{"@id":"https:\/\/www.violencequefaire.ch\/en\/#website"},"datePublished":"2023-12-15T13:59:50+00:00","dateModified":"2025-02-26T14:48:28+00:00","description":"Ask all your questions anonymously to specialists in helping victims and perpetrators of domestic violence.","breadcrumb":{"@id":"https:\/\/www.violencequefaire.ch\/en\/ask-us-a-question\/#breadcrumb"},"inLanguage":"en-US","potentialAction":[{"@type":"ReadAction","target":["https:\/\/www.violencequefaire.ch\/en\/ask-us-a-question\/"]}]},{"@type":"BreadcrumbList","@id":"https:\/\/www.violencequefaire.ch\/en\/ask-us-a-question\/#breadcrumb","itemListElement":[{"@type":"ListItem","position":1,"name":"Home","item":"https:\/\/www.violencequefaire.ch\/en\/"},{"@type":"ListItem","position":2,"name":"Ask us a question"}]},{"@type":"WebSite","@id":"https:\/\/www.violencequefaire.ch\/en\/#website","url":"https:\/\/www.violencequefaire.ch\/en\/","name":"Violence que faire","description":"Des sp\u00e9cialistes r\u00e9pondent personnellement \u00e0 vos questions anonymes sur la violence au sein du couple.","publisher":{"@id":"https:\/\/www.violencequefaire.ch\/en\/#organization"},"alternateName":"Violenza Cosa Fare","potentialAction":[{"@type":"SearchAction","target":{"@type":"EntryPoint","urlTemplate":"https:\/\/www.violencequefaire.ch\/en\/?s={search_term_string}"},"query-input":{"@type":"PropertyValueSpecification","valueRequired":true,"valueName":"search_term_string"}}],"inLanguage":"en-US"},{"@type":"Organization","@id":"https:\/\/www.violencequefaire.ch\/en\/#organization","name":"Violence que faire ?","url":"https:\/\/www.violencequefaire.ch\/en\/","logo":{"@type":"ImageObject","inLanguage":"en-US","@id":"https:\/\/www.violencequefaire.ch\/en\/#\/schema\/logo\/image\/","url":"https:\/\/www.violencequefaire.ch\/wp-content\/uploads\/2022\/04\/VQF_LOGO_neutre.jpg","contentUrl":"https:\/\/www.violencequefaire.ch\/wp-content\/uploads\/2022\/04\/VQF_LOGO_neutre.jpg","width":253,"height":376,"caption":"Violence que faire ?"},"image":{"@id":"https:\/\/www.violencequefaire.ch\/en\/#\/schema\/logo\/image\/"}}]}},"_links":{"self":[{"href":"https:\/\/www.violencequefaire.ch\/en\/wp-json\/wp\/v2\/pages\/8829","targetHints":{"allow":["GET"]}}],"collection":[{"href":"https:\/\/www.violencequefaire.ch\/en\/wp-json\/wp\/v2\/pages"}],"about":[{"href":"https:\/\/www.violencequefaire.ch\/en\/wp-json\/wp\/v2\/types\/page"}],"author":[{"embeddable":true,"href":"https:\/\/www.violencequefaire.ch\/en\/wp-json\/wp\/v2\/users\/16"}],"replies":[{"embeddable":true,"href":"https:\/\/www.violencequefaire.ch\/en\/wp-json\/wp\/v2\/comments?post=8829"}],"version-history":[{"count":6,"href":"https:\/\/www.violencequefaire.ch\/en\/wp-json\/wp\/v2\/pages\/8829\/revisions"}],"predecessor-version":[{"id":10604,"href":"https:\/\/www.violencequefaire.ch\/en\/wp-json\/wp\/v2\/pages\/8829\/revisions\/10604"}],"wp:attachment":[{"href":"https:\/\/www.violencequefaire.ch\/en\/wp-json\/wp\/v2\/media?parent=8829"}],"curies":[{"name":"wp","href":"https:\/\/api.w.org\/{rel}","templated":true}]}}