{"id":8725,"date":"2023-11-07T12:29:00","date_gmt":"2023-11-07T11:29:00","guid":{"rendered":"https:\/\/www.violencequefaire.ch\/new-home\/"},"modified":"2025-01-22T16:47:17","modified_gmt":"2025-01-22T15:47:17","slug":"homepage","status":"publish","type":"page","link":"https:\/\/www.violencequefaire.ch\/en\/","title":{"rendered":"Homepage"},"content":{"rendered":"<div class=\"wpb-content-wrapper\"><p>[vc_row][vc_column]<section class='homepage_hero_block'><div class='bg_layer'><img src='https:\/\/www.violencequefaire.ch\/wp-content\/themes\/vqf\/assets\/img\/green_bg.jpg' alt=''><\/div><div class='txt_layer'><div class='vqf_container'><div class='vqf_row'><div class='left_text_block'><h1>INTIMATE PARTNER VIOLENCE, WHAT TO DO?<\/h1><p class='hero_subtitle'>Our specialists will personally answer your anonymous questions about intimate partner violence.<\/p><div class='avl_service'><p><span class='txt_bold'>In an emergency: <\/span>Police: <span class='txt_bold'>117<\/span> | Ambulance: <span class='txt_bold'>144<\/span><\/p><\/div><\/div><div class='right_cta'><div class='right_block_inner'><div class='cta_block'><div class='cta_block_inner'><a href='\/posez-une-question\/' aria-label='Ask us a question '><\/a><div class='title'><span>Ask us a question <\/span><\/div><span class='info'>This is a completely anonymous service where you can get personalised professional advice within three working days. <\/span><\/div><\/div><div class='cta_block'><div class='cta_block_inner'><a href='\/questions-reponses\/' aria-label='Frequently asked a question'><\/a><div class='title'><span>Frequently asked a question<\/span><\/div><span class='info'>We post some of the most commonly asked questions and answers here so you can immediately find the help you need.<\/span><\/div><\/div><div class='cta_block'><div class='cta_block_inner'><a href='\/trouver-de-laide\/' aria-label='Find immediate helps'><\/a><div class='title'><span>Find immediate helps<\/span><\/div><span class='info'>Click here for a directory of specialists near you.<\/span><\/div><\/div><\/div><\/div><\/div><\/div><\/div><\/section>[\/vc_column][\/vc_row][vc_row][vc_column]<section class='vqf_section_block'><div class='vqf_container'><div class='vqf_row'><div class='vqf_full_col'><h2>What is intimate partner violence?<\/h2><div class='vqf_fixed_width_text'><p>For some people, abuse begins with physical violence; for others it may be psychological. However, in most cases, the different types of abuse combine and escalate over time and become increasingly dangerous.<\/p>\n<p>Often, the person experiencing abuse is unable to articulate exactly what is happening to them. This is why it is important to understand what is meant by intimate partner violence and what you can do to find the right support and help.<\/p>\n<p>For further information on the different forms of abuse:<\/p><\/div><div class='vqf_intra_links_block'><div class='inner_row'><div class='intra_link_col'><div class='intra_link_item'><a href='\/la-violence-psychologique\/' aria-label='Psychological'><\/a><div class='intra_item_inner'><div class='intra_body'><span class='intra_title'>Psychological<\/span><p class='intra_info'>This subtle and often overlooked form of abuse includes degrading comments, humiliation, controlling behaviour and threats.<\/p><\/div><div class='intra_footer'><img src='https:\/\/www.violencequefaire.ch\/wp-content\/themes\/vqf\/assets\/img\/icons\/arrow_black.svg' alt=''><\/div><\/div><\/div><\/div><div class='intra_link_col'><div class='intra_link_item'><a href='\/la-violence-physique\/' aria-label='Physical'><\/a><div class='intra_item_inner'><div class='intra_body'><span class='intra_title'>Physical<\/span><p class='intra_info'>When the abuser loses control over the relationship, they can become violent and resort to hitting, physically harming or restraining the victim.<\/p><\/div><div class='intra_footer'><img src='https:\/\/www.violencequefaire.ch\/wp-content\/themes\/vqf\/assets\/img\/icons\/arrow_black.svg' alt=''><\/div><\/div><\/div><\/div><div class='intra_link_col'><div class='intra_link_item'><a href='\/la-violence-sexuelle\/' aria-label='Sexual'><\/a><div class='intra_item_inner'><div class='intra_body'><span class='intra_title'>Sexual<\/span><p class='intra_info'>This is one the least spoken about and hidden types of intimate partner violence, involving humiliation and abuse, forced sexual relations, rape, and other non-consensual acts.<\/p><\/div><div class='intra_footer'><img src='https:\/\/www.violencequefaire.ch\/wp-content\/themes\/vqf\/assets\/img\/icons\/arrow_black.svg' alt=''><\/div><\/div><\/div><\/div><div class='intra_link_col'><div class='intra_link_item'><a href='\/la-violence-economique\/' aria-label='Economic'><\/a><div class='intra_item_inner'><div class='intra_body'><span class='intra_title'>Economic<\/span><p class='intra_info'>This form of abuse comes in the form of restricting a partner's financial autonomy in order to exert control over them.<\/p><\/div><div class='intra_footer'><img src='https:\/\/www.violencequefaire.ch\/wp-content\/themes\/vqf\/assets\/img\/icons\/arrow_black.svg' alt=''><\/div><\/div><\/div><\/div><\/div><\/div><div class='vqf_fixed_width_text'><p>Intimate partner violence affects all social classes, cultural backgrounds and types of relationship - heterosexual couples, same-sex couples and other LGBTQI+ relationships.<\/p><\/div><\/div><\/div><\/div><\/section>[\/vc_column][\/vc_row][vc_row][vc_column]<section class='vqf_section_block podcast_carousel_block'><div class='vqf_container'><div class='vqf_row'><div class='vqf_full_col'><h2>Listen to our podcast<\/h2><\/div><\/div><\/div><div class='vqf_slider_container'><div class='owl-carousel owl-theme'><div class='item'><div class='podcast_item'><a href='https:\/\/www.violencequefaire.ch\/en\/podcast\/episode-1-violences-invisibles-les-violences-psychologiques-et-economiques\/'><\/a><div class='bg_layer'><img src='https:\/\/www.violencequefaire.ch\/wp-content\/uploads\/2022\/04\/episode1_couverture.jpg' alt=''><\/div><div class='inner'><div class='img_block'><img src='https:\/\/www.violencequefaire.ch\/wp-content\/uploads\/2022\/04\/episode1_couverture.jpg' alt=''><\/div><div class='podcast_info'><span class='episode_name'>EPISODE 1 <\/span><h5 class='episode_title'>INVISIBLE ABUSE<\/h5><span class='podcast_author'><strong>Psychological and economic abuse<\/strong><br \/>\n<br \/>\nExpert: Emmanuel Escard<\/span><\/div><\/div><\/div><\/div><div class='item'><div class='podcast_item'><a href='https:\/\/www.violencequefaire.ch\/en\/podcast\/episode-3-face-a-la-justice-2\/'><\/a><div class='bg_layer'><img src='https:\/\/www.violencequefaire.ch\/wp-content\/uploads\/2022\/04\/episode2_couverture.jpg' alt=''><\/div><div class='inner'><div class='img_block'><img src='https:\/\/www.violencequefaire.ch\/wp-content\/uploads\/2022\/04\/episode2_couverture.jpg' alt=''><\/div><div class='podcast_info'><span class='episode_name'>EPISODE 2 <\/span><h5 class='episode_title'>SHOCK<\/h5><span class='podcast_author'><strong>Physical and sexual abuse<\/strong><br \/>\n<br \/>\nExpert: Aline Cuche<\/span><\/div><\/div><\/div><\/div><div class='item'><div class='podcast_item'><a href='https:\/\/www.violencequefaire.ch\/en\/podcast\/278\/'><\/a><div class='bg_layer'><img src='https:\/\/www.violencequefaire.ch\/wp-content\/uploads\/2022\/04\/episode3_couverture.jpg' alt=''><\/div><div class='inner'><div class='img_block'><img src='https:\/\/www.violencequefaire.ch\/wp-content\/uploads\/2022\/04\/episode3_couverture.jpg' alt=''><\/div><div class='podcast_info'><span class='episode_name'>EPISODE 3 <\/span><h5 class='episode_title'>COURT PROCEEDINGS<\/h5><span class='podcast_author'><strong>Domestic abuse under Swiss law<\/strong><br \/>\n<br \/>\nExpert: Martine Lachat Clerc<\/span><\/div><\/div><\/div><\/div><div class='item'><div class='podcast_item'><a href='https:\/\/www.violencequefaire.ch\/en\/podcast\/episode-3-face-a-la-justice\/'><\/a><div class='bg_layer'><img src='https:\/\/www.violencequefaire.ch\/wp-content\/uploads\/2022\/04\/episode4_couverture.jpg' alt=''><\/div><div class='inner'><div class='img_block'><img src='https:\/\/www.violencequefaire.ch\/wp-content\/uploads\/2022\/04\/episode4_couverture.jpg' alt=''><\/div><div class='podcast_info'><span class='episode_name'>EPISODE 4 <\/span><h5 class='episode_title'>A CHILDHOOD IN LIMBO<\/h5><span class='podcast_author'><strong>The impact of domestic abuse on children<\/strong><br \/>\n<br \/>\nExpert: Philippe Bigler<\/span><\/div><\/div><\/div><\/div><div class='item'><div class='podcast_item'><a href='https:\/\/www.violencequefaire.ch\/en\/podcast\/episode-5-genre-et-violences-partie-1\/'><\/a><div class='bg_layer'><img src='https:\/\/www.violencequefaire.ch\/wp-content\/uploads\/2022\/04\/episode5_couverture.jpg' alt=''><\/div><div class='inner'><div class='img_block'><img src='https:\/\/www.violencequefaire.ch\/wp-content\/uploads\/2022\/04\/episode5_couverture.jpg' alt=''><\/div><div class='podcast_info'><span class='episode_name'>EPISODE 5 <\/span><h5 class='episode_title'>GENDER AND ABUSE (PART 1)<\/h5><span class='podcast_author'><strong>Male-female power dynamics<\/strong><br \/>\n<br \/>\nExpert: Marta Roca i Escoda<\/span><\/div><\/div><\/div><\/div><div class='item'><div class='podcast_item'><a href='https:\/\/www.violencequefaire.ch\/en\/podcast\/episode-6-genre-et-violences-partie-2\/'><\/a><div class='bg_layer'><img src='https:\/\/www.violencequefaire.ch\/wp-content\/uploads\/2022\/04\/episode6_couverture.jpg' alt=''><\/div><div class='inner'><div class='img_block'><img src='https:\/\/www.violencequefaire.ch\/wp-content\/uploads\/2022\/04\/episode6_couverture.jpg' alt=''><\/div><div class='podcast_info'><span class='episode_name'>EPISODE 6 <\/span><h5 class='episode_title'>GENDER AND ABUSE (PART 2)<\/h5><span class='podcast_author'><strong>Abuse in LGBTQI+ relationships<\/strong><br \/>\n<br \/>\nExpert: Amanda Terzidis<\/span><\/div><\/div><\/div><\/div><div class='item'><div class='podcast_item'><a href='https:\/\/www.violencequefaire.ch\/en\/podcast\/episode-7-violences-et-migration\/'><\/a><div class='bg_layer'><img src='https:\/\/www.violencequefaire.ch\/wp-content\/uploads\/2022\/04\/episode7_couverture.jpg' alt=''><\/div><div class='inner'><div class='img_block'><img src='https:\/\/www.violencequefaire.ch\/wp-content\/uploads\/2022\/04\/episode7_couverture.jpg' alt=''><\/div><div class='podcast_info'><span class='episode_name'>EPISODE 7 <\/span><h5 class='episode_title'>ABUSE AND MIGRATION<\/h5><span class='podcast_author'><strong>If you are an immigrant and a victim of domestic abuse, what help is available?<\/strong><br \/>\n<br \/>\nExpert: Chlo\u00e9 Maire<\/span><\/div><\/div><\/div><\/div><div class='item'><div class='podcast_item'><a href='https:\/\/www.violencequefaire.ch\/en\/podcast\/episode-8-desapprendre-la-violence\/'><\/a><div class='bg_layer'><img src='https:\/\/www.violencequefaire.ch\/wp-content\/uploads\/2022\/04\/episode8_couverture.jpg' alt=''><\/div><div class='inner'><div class='img_block'><img src='https:\/\/www.violencequefaire.ch\/wp-content\/uploads\/2022\/04\/episode8_couverture.jpg' alt=''><\/div><div class='podcast_info'><span class='episode_name'>EPISODE 8 <\/span><h5 class='episode_title'>UNLEARNING VIOLENT BEHAVIOUR<\/h5><span class='podcast_author'><strong>Resorting to domestic abuse: How can we change?<\/strong><br \/>\n<br \/>\nExpert: Annick Bavaud<\/span><\/div><\/div><\/div><\/div><div class='item'><div class='podcast_item'><a href='https:\/\/www.violencequefaire.ch\/en\/podcast\/episode-9-violences-et-handicap\/'><\/a><div class='bg_layer'><img src='https:\/\/www.violencequefaire.ch\/wp-content\/uploads\/2025\/10\/Post-carre.png' alt=''><\/div><div class='inner'><div class='img_block'><img src='https:\/\/www.violencequefaire.ch\/wp-content\/uploads\/2025\/10\/Post-carre.png' alt=''><\/div><div class='podcast_info'><span class='episode_name'>\u00c9PISODE 9<\/span><h5 class='episode_title'>VIOLENCE AND DISABILITY<\/h5><span class='podcast_author'><p><b>\u00a0VIOLENCES ET HANDICAP- LA VIOLENCE AU SEIN DU COUPLE CHEZ LES PERSONNES EN SITUATION DE HANDICAP<\/b><\/p><br \/>\n<p>Experte: Giada Besomi<\/p><br \/>\n<br \/>\n<!-- wp:paragraph --><br \/>\n<p><\/p><br \/>\n<!-- \/wp:paragraph --><\/span><\/div><\/div><\/div><\/div><\/div><\/div><\/section>[\/vc_column][\/vc_row]<\/p>\n<\/div>","protected":false},"excerpt":{"rendered":"<p>[vc_row][vc_column][\/vc_column][\/vc_row][vc_row][vc_column][\/vc_column][\/vc_row][vc_row][vc_column][\/vc_column][\/vc_row]<\/p>\n","protected":false},"author":16,"featured_media":0,"parent":0,"menu_order":0,"comment_status":"closed","ping_status":"closed","template":"templates\/home.php","meta":{"_acf_changed":false,"footnotes":""},"class_list":["post-8725","page","type-page","status-publish","hentry"],"acf":[],"yoast_head":"<!-- This site is optimized with the Yoast SEO plugin v27.3 - https:\/\/yoast.com\/product\/yoast-seo-wordpress\/ -->\n<title>Homepage &#8226; Violence que faire ?<\/title>\n<meta name=\"description\" content=\"Intimate partner violence, what to do ? Find here information, addresses, tests and the possibility to contact directly our specialists\" \/>\n<meta name=\"robots\" content=\"index, follow, max-snippet:-1, max-image-preview:large, max-video-preview:-1\" \/>\n<link rel=\"canonical\" href=\"https:\/\/www.violencequefaire.ch\/en\/\" \/>\n<meta property=\"og:locale\" content=\"en_US\" \/>\n<meta property=\"og:type\" content=\"article\" \/>\n<meta property=\"og:title\" content=\"Homepage &#8226; Violence que faire ?\" \/>\n<meta property=\"og:description\" content=\"Intimate partner violence, what to do ? Find here information, addresses, tests and the possibility to contact directly our specialists\" \/>\n<meta property=\"og:url\" content=\"https:\/\/www.violencequefaire.ch\/en\/\" \/>\n<meta property=\"og:site_name\" content=\"Violence que faire ?\" \/>\n<meta property=\"article:modified_time\" content=\"2025-01-22T15:47:17+00:00\" \/>\n<meta name=\"twitter:card\" content=\"summary_large_image\" \/>\n<meta name=\"twitter:label1\" content=\"Est. reading time\" \/>\n\t<meta name=\"twitter:data1\" content=\"1 minute\" \/>\n<script type=\"application\/ld+json\" class=\"yoast-schema-graph\">{\"@context\":\"https:\\\/\\\/schema.org\",\"@graph\":[{\"@type\":\"WebPage\",\"@id\":\"https:\\\/\\\/www.violencequefaire.ch\\\/en\\\/\",\"url\":\"https:\\\/\\\/www.violencequefaire.ch\\\/en\\\/\",\"name\":\"Homepage &#8226; Violence que faire ?\",\"isPartOf\":{\"@id\":\"https:\\\/\\\/www.violencequefaire.ch\\\/en\\\/#website\"},\"datePublished\":\"2023-11-07T11:29:00+00:00\",\"dateModified\":\"2025-01-22T15:47:17+00:00\",\"description\":\"Intimate partner violence, what to do ? Find here information, addresses, tests and the possibility to contact directly our specialists\",\"breadcrumb\":{\"@id\":\"https:\\\/\\\/www.violencequefaire.ch\\\/en\\\/#breadcrumb\"},\"inLanguage\":\"en-US\",\"potentialAction\":[{\"@type\":\"ReadAction\",\"target\":[\"https:\\\/\\\/www.violencequefaire.ch\\\/en\\\/\"]}]},{\"@type\":\"BreadcrumbList\",\"@id\":\"https:\\\/\\\/www.violencequefaire.ch\\\/en\\\/#breadcrumb\",\"itemListElement\":[{\"@type\":\"ListItem\",\"position\":1,\"name\":\"Home\",\"item\":\"https:\\\/\\\/www.violencequefaire.ch\\\/en\\\/\"},{\"@type\":\"ListItem\",\"position\":2,\"name\":\"Homepage\"}]},{\"@type\":\"WebSite\",\"@id\":\"https:\\\/\\\/www.violencequefaire.ch\\\/en\\\/#website\",\"url\":\"https:\\\/\\\/www.violencequefaire.ch\\\/en\\\/\",\"name\":\"Violence que faire\",\"description\":\"Des sp\u00e9cialistes r\u00e9pondent personnellement \u00e0 vos questions anonymes sur la violence au sein du couple.\",\"publisher\":{\"@id\":\"https:\\\/\\\/www.violencequefaire.ch\\\/en\\\/#organization\"},\"alternateName\":\"Violenza Cosa Fare\",\"potentialAction\":[{\"@type\":\"SearchAction\",\"target\":{\"@type\":\"EntryPoint\",\"urlTemplate\":\"https:\\\/\\\/www.violencequefaire.ch\\\/en\\\/?s={search_term_string}\"},\"query-input\":{\"@type\":\"PropertyValueSpecification\",\"valueRequired\":true,\"valueName\":\"search_term_string\"}}],\"inLanguage\":\"en-US\"},{\"@type\":\"Organization\",\"@id\":\"https:\\\/\\\/www.violencequefaire.ch\\\/en\\\/#organization\",\"name\":\"Violence que faire ?\",\"url\":\"https:\\\/\\\/www.violencequefaire.ch\\\/en\\\/\",\"logo\":{\"@type\":\"ImageObject\",\"inLanguage\":\"en-US\",\"@id\":\"https:\\\/\\\/www.violencequefaire.ch\\\/en\\\/#\\\/schema\\\/logo\\\/image\\\/\",\"url\":\"https:\\\/\\\/www.violencequefaire.ch\\\/wp-content\\\/uploads\\\/2022\\\/04\\\/VQF_LOGO_neutre.jpg\",\"contentUrl\":\"https:\\\/\\\/www.violencequefaire.ch\\\/wp-content\\\/uploads\\\/2022\\\/04\\\/VQF_LOGO_neutre.jpg\",\"width\":253,\"height\":376,\"caption\":\"Violence que faire ?\"},\"image\":{\"@id\":\"https:\\\/\\\/www.violencequefaire.ch\\\/en\\\/#\\\/schema\\\/logo\\\/image\\\/\"}}]}<\/script>\n<!-- \/ Yoast SEO plugin. -->","yoast_head_json":{"title":"Homepage &#8226; Violence que faire ?","description":"Intimate partner violence, what to do ? Find here information, addresses, tests and the possibility to contact directly our specialists","robots":{"index":"index","follow":"follow","max-snippet":"max-snippet:-1","max-image-preview":"max-image-preview:large","max-video-preview":"max-video-preview:-1"},"canonical":"https:\/\/www.violencequefaire.ch\/en\/","og_locale":"en_US","og_type":"article","og_title":"Homepage &#8226; Violence que faire ?","og_description":"Intimate partner violence, what to do ? Find here information, addresses, tests and the possibility to contact directly our specialists","og_url":"https:\/\/www.violencequefaire.ch\/en\/","og_site_name":"Violence que faire ?","article_modified_time":"2025-01-22T15:47:17+00:00","twitter_card":"summary_large_image","twitter_misc":{"Est. reading time":"1 minute"},"schema":{"@context":"https:\/\/schema.org","@graph":[{"@type":"WebPage","@id":"https:\/\/www.violencequefaire.ch\/en\/","url":"https:\/\/www.violencequefaire.ch\/en\/","name":"Homepage &#8226; Violence que faire ?","isPartOf":{"@id":"https:\/\/www.violencequefaire.ch\/en\/#website"},"datePublished":"2023-11-07T11:29:00+00:00","dateModified":"2025-01-22T15:47:17+00:00","description":"Intimate partner violence, what to do ? Find here information, addresses, tests and the possibility to contact directly our specialists","breadcrumb":{"@id":"https:\/\/www.violencequefaire.ch\/en\/#breadcrumb"},"inLanguage":"en-US","potentialAction":[{"@type":"ReadAction","target":["https:\/\/www.violencequefaire.ch\/en\/"]}]},{"@type":"BreadcrumbList","@id":"https:\/\/www.violencequefaire.ch\/en\/#breadcrumb","itemListElement":[{"@type":"ListItem","position":1,"name":"Home","item":"https:\/\/www.violencequefaire.ch\/en\/"},{"@type":"ListItem","position":2,"name":"Homepage"}]},{"@type":"WebSite","@id":"https:\/\/www.violencequefaire.ch\/en\/#website","url":"https:\/\/www.violencequefaire.ch\/en\/","name":"Violence que faire","description":"Des sp\u00e9cialistes r\u00e9pondent personnellement \u00e0 vos questions anonymes sur la violence au sein du couple.","publisher":{"@id":"https:\/\/www.violencequefaire.ch\/en\/#organization"},"alternateName":"Violenza Cosa Fare","potentialAction":[{"@type":"SearchAction","target":{"@type":"EntryPoint","urlTemplate":"https:\/\/www.violencequefaire.ch\/en\/?s={search_term_string}"},"query-input":{"@type":"PropertyValueSpecification","valueRequired":true,"valueName":"search_term_string"}}],"inLanguage":"en-US"},{"@type":"Organization","@id":"https:\/\/www.violencequefaire.ch\/en\/#organization","name":"Violence que faire ?","url":"https:\/\/www.violencequefaire.ch\/en\/","logo":{"@type":"ImageObject","inLanguage":"en-US","@id":"https:\/\/www.violencequefaire.ch\/en\/#\/schema\/logo\/image\/","url":"https:\/\/www.violencequefaire.ch\/wp-content\/uploads\/2022\/04\/VQF_LOGO_neutre.jpg","contentUrl":"https:\/\/www.violencequefaire.ch\/wp-content\/uploads\/2022\/04\/VQF_LOGO_neutre.jpg","width":253,"height":376,"caption":"Violence que faire ?"},"image":{"@id":"https:\/\/www.violencequefaire.ch\/en\/#\/schema\/logo\/image\/"}}]}},"_links":{"self":[{"href":"https:\/\/www.violencequefaire.ch\/en\/wp-json\/wp\/v2\/pages\/8725","targetHints":{"allow":["GET"]}}],"collection":[{"href":"https:\/\/www.violencequefaire.ch\/en\/wp-json\/wp\/v2\/pages"}],"about":[{"href":"https:\/\/www.violencequefaire.ch\/en\/wp-json\/wp\/v2\/types\/page"}],"author":[{"embeddable":true,"href":"https:\/\/www.violencequefaire.ch\/en\/wp-json\/wp\/v2\/users\/16"}],"replies":[{"embeddable":true,"href":"https:\/\/www.violencequefaire.ch\/en\/wp-json\/wp\/v2\/comments?post=8725"}],"version-history":[{"count":15,"href":"https:\/\/www.violencequefaire.ch\/en\/wp-json\/wp\/v2\/pages\/8725\/revisions"}],"predecessor-version":[{"id":10251,"href":"https:\/\/www.violencequefaire.ch\/en\/wp-json\/wp\/v2\/pages\/8725\/revisions\/10251"}],"wp:attachment":[{"href":"https:\/\/www.violencequefaire.ch\/en\/wp-json\/wp\/v2\/media?parent=8725"}],"curies":[{"name":"wp","href":"https:\/\/api.w.org\/{rel}","templated":true}]}}