{"id":10735,"date":"2025-05-06T16:03:49","date_gmt":"2025-05-06T14:03:49","guid":{"rendered":"https:\/\/www.violencequefaire.ch\/?page_id=10735"},"modified":"2025-05-26T20:29:39","modified_gmt":"2025-05-26T18:29:39","slug":"saving-evidence-of-abus","status":"publish","type":"page","link":"https:\/\/www.violencequefaire.ch\/en\/saving-evidence-of-abus\/","title":{"rendered":"Saving Evidence of Abus"},"content":{"rendered":"<div class=\"wpb-content-wrapper\"><p>[vc_row][vc_column]<section class='vqf_section_block text_n_media_block'><div class='vqf_container'><div class='vqf_row'><div class='vqf_full_col'><h2>Who is this section for?<\/h2><\/div><div><div class='vqf_fixed_width_text'><p>Are you a victim of intimate partner violence, or unsure whether you are? If so, you\u2019re in the right place. Whether the abuse is <a href=\"https:\/\/www.violencequefaire.ch\/en\/physical-abuse\/\">physical<\/a>, <a href=\"https:\/\/www.violencequefaire.ch\/en\/sexual-abuse\/\">sexual<\/a>, <a href=\"https:\/\/www.violencequefaire.ch\/en\/economic-abuse\/\">economic<\/a>, or <a href=\"https:\/\/www.violencequefaire.ch\/en\/psychological-abuse\/\">psychological<\/a>, it\u2019s important to start documenting the violence from the very first signs. If you have experienced physical or sexual assault, we strongly recommend getting a medical examination as soon as possible at the nearest hospital. To find out what steps to take after a sexual assault, you can access all the relevant information <a href=\"https:\/\/www.violencequefaire.ch\/en\/sexual-abuse\/\">here<\/a>. You will also find contact details for medical examinations on our <a href=\"https:\/\/www.violencequefaire.ch\/en\/how-to-find-the-help-you-need\/?canton=0&amp;type=0&amp;type_aide=143&amp;mots-cles=\">How to find the help you need<\/a> page.<\/p><\/div><\/div><\/div><div class='vqf_accordion_block'><div class='accordion_item'><div class='accordion_header'><span class='title'>Why saving evidence of abuse is important?<\/span><\/div><div class='accordion_body'><div class='acc_body_inner'><div class='vqf_fixed_width_text'><p>When you\u2019re experiencing violence from a partner, it can be hard to see the situation clearly. You might wonder if you\u2019re \u201ccrazy\u201d or feel trapped \u2014 this is a consequence of the abuse. By documenting acts of violence as early as possible, you\u2019ll be better able to identify the cycle of violence and assess whether your safety is at risk as the violence escalates. It will also give you evidence that can be used later, if you choose to press criminal charges or request a restraining order through the civil courts.<\/p><\/div><\/div><\/div><\/div><div class='accordion_item'><div class='accordion_header'><span class='title'>Where to store evidence of violence?<\/span><\/div><div class='accordion_body'><div class='acc_body_inner'><div class='vqf_fixed_width_text'><p>Storing evidence on your phone or computer can be risky \u2014 especially if your partner has access to your devices. You might lose sensitive personal data.<br \/>\nOne safer option for example is the website with-you.ch, which offers a free digital safe where you can securely store evidence of abuse and harassment. This service is managed by the association Tech against violence.<br \/>\nWe recommend reading the terms of use before uploading any information.<\/p><\/div><\/div><\/div><\/div><\/div><\/div><\/section><section class='vqf_section_block'><div class='vqf_container'><div class='vqf_row'><div class='vqf_full_col'><div class='vqf_fixed_width_text'>If you would like to visit the digital safe on with-you.ch:<a href=\"#\" data-bs-toggle=\"modal\" data-bs-target=\"#protectAbout\"><img loading=\"lazy\" decoding=\"async\" class=\"alignnone size-medium wp-image-8558\" src=\"https:\/\/www.violencequefaire.ch\/wp-content\/themes\/vqf\/assets\/img\/protect-shield.png\" alt=\"\" width=\"25\" height=\"25\" \/><\/a><\/div><\/div><\/div><\/div><\/section>[\/vc_column][\/vc_row]<\/p>\n<\/div>","protected":false},"excerpt":{"rendered":"<p>[vc_row][vc_column][\/vc_column][\/vc_row]<\/p>\n","protected":false},"author":17,"featured_media":0,"parent":0,"menu_order":0,"comment_status":"closed","ping_status":"closed","template":"","meta":{"_acf_changed":false,"footnotes":""},"class_list":["post-10735","page","type-page","status-publish","hentry"],"acf":[],"yoast_head":"<!-- This site is optimized with the Yoast SEO plugin v27.3 - https:\/\/yoast.com\/product\/yoast-seo-wordpress\/ -->\n<title>Saving Evidence of Abus &#8226; Violence que faire ?<\/title>\n<meta name=\"robots\" content=\"index, follow, max-snippet:-1, max-image-preview:large, max-video-preview:-1\" \/>\n<link rel=\"canonical\" href=\"https:\/\/www.violencequefaire.ch\/en\/saving-evidence-of-abus\/\" \/>\n<meta property=\"og:locale\" content=\"en_US\" \/>\n<meta property=\"og:type\" content=\"article\" \/>\n<meta property=\"og:title\" content=\"Saving Evidence of Abus &#8226; Violence que faire ?\" \/>\n<meta property=\"og:description\" content=\"[vc_row][vc_column][\/vc_column][\/vc_row]\" \/>\n<meta property=\"og:url\" content=\"https:\/\/www.violencequefaire.ch\/en\/saving-evidence-of-abus\/\" \/>\n<meta property=\"og:site_name\" content=\"Violence que faire ?\" \/>\n<meta property=\"article:modified_time\" content=\"2025-05-26T18:29:39+00:00\" \/>\n<meta name=\"twitter:card\" content=\"summary_large_image\" \/>\n<meta name=\"twitter:label1\" content=\"Est. reading time\" \/>\n\t<meta name=\"twitter:data1\" content=\"1 minute\" \/>\n<script type=\"application\/ld+json\" class=\"yoast-schema-graph\">{\"@context\":\"https:\\\/\\\/schema.org\",\"@graph\":[{\"@type\":\"WebPage\",\"@id\":\"https:\\\/\\\/www.violencequefaire.ch\\\/en\\\/saving-evidence-of-abus\\\/\",\"url\":\"https:\\\/\\\/www.violencequefaire.ch\\\/en\\\/saving-evidence-of-abus\\\/\",\"name\":\"Saving Evidence of Abus &#8226; Violence que faire ?\",\"isPartOf\":{\"@id\":\"https:\\\/\\\/www.violencequefaire.ch\\\/en\\\/#website\"},\"primaryImageOfPage\":{\"@id\":\"https:\\\/\\\/www.violencequefaire.ch\\\/en\\\/saving-evidence-of-abus\\\/#primaryimage\"},\"image\":{\"@id\":\"https:\\\/\\\/www.violencequefaire.ch\\\/en\\\/saving-evidence-of-abus\\\/#primaryimage\"},\"thumbnailUrl\":\"https:\\\/\\\/www.violencequefaire.ch\\\/wp-content\\\/themes\\\/vqf\\\/assets\\\/img\\\/protect-shield.png\",\"datePublished\":\"2025-05-06T14:03:49+00:00\",\"dateModified\":\"2025-05-26T18:29:39+00:00\",\"breadcrumb\":{\"@id\":\"https:\\\/\\\/www.violencequefaire.ch\\\/en\\\/saving-evidence-of-abus\\\/#breadcrumb\"},\"inLanguage\":\"en-US\",\"potentialAction\":[{\"@type\":\"ReadAction\",\"target\":[\"https:\\\/\\\/www.violencequefaire.ch\\\/en\\\/saving-evidence-of-abus\\\/\"]}]},{\"@type\":\"ImageObject\",\"inLanguage\":\"en-US\",\"@id\":\"https:\\\/\\\/www.violencequefaire.ch\\\/en\\\/saving-evidence-of-abus\\\/#primaryimage\",\"url\":\"https:\\\/\\\/www.violencequefaire.ch\\\/wp-content\\\/themes\\\/vqf\\\/assets\\\/img\\\/protect-shield.png\",\"contentUrl\":\"https:\\\/\\\/www.violencequefaire.ch\\\/wp-content\\\/themes\\\/vqf\\\/assets\\\/img\\\/protect-shield.png\"},{\"@type\":\"BreadcrumbList\",\"@id\":\"https:\\\/\\\/www.violencequefaire.ch\\\/en\\\/saving-evidence-of-abus\\\/#breadcrumb\",\"itemListElement\":[{\"@type\":\"ListItem\",\"position\":1,\"name\":\"Home\",\"item\":\"https:\\\/\\\/www.violencequefaire.ch\\\/en\\\/\"},{\"@type\":\"ListItem\",\"position\":2,\"name\":\"Saving Evidence of Abus\"}]},{\"@type\":\"WebSite\",\"@id\":\"https:\\\/\\\/www.violencequefaire.ch\\\/en\\\/#website\",\"url\":\"https:\\\/\\\/www.violencequefaire.ch\\\/en\\\/\",\"name\":\"Violence que faire\",\"description\":\"Des sp\u00e9cialistes r\u00e9pondent personnellement \u00e0 vos questions anonymes sur la violence au sein du couple.\",\"publisher\":{\"@id\":\"https:\\\/\\\/www.violencequefaire.ch\\\/en\\\/#organization\"},\"alternateName\":\"Violenza Cosa Fare\",\"potentialAction\":[{\"@type\":\"SearchAction\",\"target\":{\"@type\":\"EntryPoint\",\"urlTemplate\":\"https:\\\/\\\/www.violencequefaire.ch\\\/en\\\/?s={search_term_string}\"},\"query-input\":{\"@type\":\"PropertyValueSpecification\",\"valueRequired\":true,\"valueName\":\"search_term_string\"}}],\"inLanguage\":\"en-US\"},{\"@type\":\"Organization\",\"@id\":\"https:\\\/\\\/www.violencequefaire.ch\\\/en\\\/#organization\",\"name\":\"Violence que faire ?\",\"url\":\"https:\\\/\\\/www.violencequefaire.ch\\\/en\\\/\",\"logo\":{\"@type\":\"ImageObject\",\"inLanguage\":\"en-US\",\"@id\":\"https:\\\/\\\/www.violencequefaire.ch\\\/en\\\/#\\\/schema\\\/logo\\\/image\\\/\",\"url\":\"https:\\\/\\\/www.violencequefaire.ch\\\/wp-content\\\/uploads\\\/2022\\\/04\\\/VQF_LOGO_neutre.jpg\",\"contentUrl\":\"https:\\\/\\\/www.violencequefaire.ch\\\/wp-content\\\/uploads\\\/2022\\\/04\\\/VQF_LOGO_neutre.jpg\",\"width\":253,\"height\":376,\"caption\":\"Violence que faire ?\"},\"image\":{\"@id\":\"https:\\\/\\\/www.violencequefaire.ch\\\/en\\\/#\\\/schema\\\/logo\\\/image\\\/\"}}]}<\/script>\n<!-- \/ Yoast SEO plugin. -->","yoast_head_json":{"title":"Saving Evidence of Abus &#8226; Violence que faire ?","robots":{"index":"index","follow":"follow","max-snippet":"max-snippet:-1","max-image-preview":"max-image-preview:large","max-video-preview":"max-video-preview:-1"},"canonical":"https:\/\/www.violencequefaire.ch\/en\/saving-evidence-of-abus\/","og_locale":"en_US","og_type":"article","og_title":"Saving Evidence of Abus &#8226; Violence que faire ?","og_description":"[vc_row][vc_column][\/vc_column][\/vc_row]","og_url":"https:\/\/www.violencequefaire.ch\/en\/saving-evidence-of-abus\/","og_site_name":"Violence que faire ?","article_modified_time":"2025-05-26T18:29:39+00:00","twitter_card":"summary_large_image","twitter_misc":{"Est. reading time":"1 minute"},"schema":{"@context":"https:\/\/schema.org","@graph":[{"@type":"WebPage","@id":"https:\/\/www.violencequefaire.ch\/en\/saving-evidence-of-abus\/","url":"https:\/\/www.violencequefaire.ch\/en\/saving-evidence-of-abus\/","name":"Saving Evidence of Abus &#8226; Violence que faire ?","isPartOf":{"@id":"https:\/\/www.violencequefaire.ch\/en\/#website"},"primaryImageOfPage":{"@id":"https:\/\/www.violencequefaire.ch\/en\/saving-evidence-of-abus\/#primaryimage"},"image":{"@id":"https:\/\/www.violencequefaire.ch\/en\/saving-evidence-of-abus\/#primaryimage"},"thumbnailUrl":"https:\/\/www.violencequefaire.ch\/wp-content\/themes\/vqf\/assets\/img\/protect-shield.png","datePublished":"2025-05-06T14:03:49+00:00","dateModified":"2025-05-26T18:29:39+00:00","breadcrumb":{"@id":"https:\/\/www.violencequefaire.ch\/en\/saving-evidence-of-abus\/#breadcrumb"},"inLanguage":"en-US","potentialAction":[{"@type":"ReadAction","target":["https:\/\/www.violencequefaire.ch\/en\/saving-evidence-of-abus\/"]}]},{"@type":"ImageObject","inLanguage":"en-US","@id":"https:\/\/www.violencequefaire.ch\/en\/saving-evidence-of-abus\/#primaryimage","url":"https:\/\/www.violencequefaire.ch\/wp-content\/themes\/vqf\/assets\/img\/protect-shield.png","contentUrl":"https:\/\/www.violencequefaire.ch\/wp-content\/themes\/vqf\/assets\/img\/protect-shield.png"},{"@type":"BreadcrumbList","@id":"https:\/\/www.violencequefaire.ch\/en\/saving-evidence-of-abus\/#breadcrumb","itemListElement":[{"@type":"ListItem","position":1,"name":"Home","item":"https:\/\/www.violencequefaire.ch\/en\/"},{"@type":"ListItem","position":2,"name":"Saving Evidence of Abus"}]},{"@type":"WebSite","@id":"https:\/\/www.violencequefaire.ch\/en\/#website","url":"https:\/\/www.violencequefaire.ch\/en\/","name":"Violence que faire","description":"Des sp\u00e9cialistes r\u00e9pondent personnellement \u00e0 vos questions anonymes sur la violence au sein du couple.","publisher":{"@id":"https:\/\/www.violencequefaire.ch\/en\/#organization"},"alternateName":"Violenza Cosa Fare","potentialAction":[{"@type":"SearchAction","target":{"@type":"EntryPoint","urlTemplate":"https:\/\/www.violencequefaire.ch\/en\/?s={search_term_string}"},"query-input":{"@type":"PropertyValueSpecification","valueRequired":true,"valueName":"search_term_string"}}],"inLanguage":"en-US"},{"@type":"Organization","@id":"https:\/\/www.violencequefaire.ch\/en\/#organization","name":"Violence que faire ?","url":"https:\/\/www.violencequefaire.ch\/en\/","logo":{"@type":"ImageObject","inLanguage":"en-US","@id":"https:\/\/www.violencequefaire.ch\/en\/#\/schema\/logo\/image\/","url":"https:\/\/www.violencequefaire.ch\/wp-content\/uploads\/2022\/04\/VQF_LOGO_neutre.jpg","contentUrl":"https:\/\/www.violencequefaire.ch\/wp-content\/uploads\/2022\/04\/VQF_LOGO_neutre.jpg","width":253,"height":376,"caption":"Violence que faire ?"},"image":{"@id":"https:\/\/www.violencequefaire.ch\/en\/#\/schema\/logo\/image\/"}}]}},"_links":{"self":[{"href":"https:\/\/www.violencequefaire.ch\/en\/wp-json\/wp\/v2\/pages\/10735","targetHints":{"allow":["GET"]}}],"collection":[{"href":"https:\/\/www.violencequefaire.ch\/en\/wp-json\/wp\/v2\/pages"}],"about":[{"href":"https:\/\/www.violencequefaire.ch\/en\/wp-json\/wp\/v2\/types\/page"}],"author":[{"embeddable":true,"href":"https:\/\/www.violencequefaire.ch\/en\/wp-json\/wp\/v2\/users\/17"}],"replies":[{"embeddable":true,"href":"https:\/\/www.violencequefaire.ch\/en\/wp-json\/wp\/v2\/comments?post=10735"}],"version-history":[{"count":1,"href":"https:\/\/www.violencequefaire.ch\/en\/wp-json\/wp\/v2\/pages\/10735\/revisions"}],"predecessor-version":[{"id":10736,"href":"https:\/\/www.violencequefaire.ch\/en\/wp-json\/wp\/v2\/pages\/10735\/revisions\/10736"}],"wp:attachment":[{"href":"https:\/\/www.violencequefaire.ch\/en\/wp-json\/wp\/v2\/media?parent=10735"}],"curies":[{"name":"wp","href":"https:\/\/api.w.org\/{rel}","templated":true}]}}