{"id":10037,"date":"2022-03-25T14:15:40","date_gmt":"2022-03-25T13:15:40","guid":{"rendered":"https:\/\/www.violencequefaire.ch\/?page_id=10037"},"modified":"2025-04-14T16:08:41","modified_gmt":"2025-04-14T14:08:41","slug":"medias","status":"publish","type":"page","link":"https:\/\/www.violencequefaire.ch\/en\/medias\/","title":{"rendered":"M\u00e9dias"},"content":{"rendered":"<div class=\"wpb-content-wrapper\"><p>[vc_row][vc_column]<section class='vqf_section_block'><div class='vqf_container'><div class='vqf_row'><div class='vqf_full_col'><h2>Rapports d\u2019activit\u00e9<\/h2><div class='vqf_fixed_width_text'><\/p>\n<ul>\n<li><a href=\"https:\/\/www.violencequefaire.ch\/wp-content\/uploads\/2025\/04\/VQF_RapportAnnuel_2024.DEF_.pdf\">Rapport d&#8217;activit\u00e9 2024<\/a><\/li>\n<li><a href=\"https:\/\/www.violencequefaire.ch\/wp-content\/uploads\/2024\/04\/VQF_RapportAnnuel_2023_DEF.pdf\">Rapport d&#8217;activit\u00e9 2023<\/a><\/li>\n<li><a href=\"https:\/\/www.violencequefaire.ch\/wp-content\/uploads\/2023\/05\/VIOLENCE_QUE_FAIRE_RapportActivites_2022.pdf\" target=\"_blank\" rel=\"noopener\">Rapport d\u2019activit\u00e9 2022<\/a><\/li>\n<li><a href=\"https:\/\/www.violencequefaire.ch\/wp-content\/uploads\/2022\/05\/12241_VIOLENCE_QUE_FAIRE_RapportAnnuel_A4.pdf\" target=\"_blank\" rel=\"noopener\">Rapport d\u2019activit\u00e9 2021<\/a><\/li>\n<li><a href=\"https:\/\/www.violencequefaire.ch\/wp-content\/uploads\/2022\/04\/Rapport-dactivite-2020.pdf\" target=\"_blank\" rel=\"noopener\">Rapport d\u2019activit\u00e9 2020<\/a><\/li>\n<li><a href=\"https:\/\/www.violencequefaire.ch\/wp-content\/uploads\/2022\/05\/RA-2019-DEF.pdf\" target=\"_blank\" rel=\"noopener\">Rapport d\u2019activit\u00e9 2019<\/a><\/li>\n<li><a href=\"https:\/\/www.violencequefaire.ch\/wp-content\/uploads\/2022\/04\/VQF_RA_2018_DEF-complet.pdf\" target=\"_blank\" rel=\"noopener\">Rapport d\u2019activit\u00e9 2018<\/a><\/li>\n<li><a href=\"https:\/\/www.violencequefaire.ch\/wp-content\/uploads\/2022\/04\/VQF_RA_2017_FINAL_V2.pdf\" target=\"_blank\" rel=\"noopener\">Rapport d\u2019activit\u00e9 2017<\/a><\/li>\n<li><a href=\"https:\/\/www.violencequefaire.ch\/wp-content\/uploads\/2022\/04\/VQF_RA_2016-complet-DEF.pdf\" target=\"_blank\" rel=\"noopener\">Rapport d\u2019activit\u00e9 2016<\/a><\/li>\n<li><a href=\"https:\/\/www.violencequefaire.ch\/wp-content\/uploads\/2022\/04\/RA-2015-VSV-DEF.pdf\" target=\"_blank\" rel=\"noopener\">Rapport d\u2019activit\u00e9 2015<\/a><\/li>\n<li><a href=\"https:\/\/www.violencequefaire.ch\/wp-content\/uploads\/2022\/04\/RA-2014-VSV-DEF.pdf\" target=\"_blank\" rel=\"noopener\">Rapport d\u2019activit\u00e9 2014<\/a><\/li>\n<li><a href=\"https:\/\/www.violencequefaire.ch\/wp-content\/uploads\/2022\/04\/RA-2013-VSV-DEF.pdf\" target=\"_blank\" rel=\"noopener\">Rapport d\u2019activit\u00e9 2013<\/a><\/li>\n<li><a href=\"https:\/\/www.violencequefaire.ch\/wp-content\/uploads\/2022\/04\/RA-2012-VSV-DEF.pdf\" target=\"_blank\" rel=\"noopener\">Rapport d\u2019activit\u00e9 2012<\/a><\/li>\n<li><a href=\"https:\/\/www.violencequefaire.ch\/wp-content\/uploads\/2022\/04\/RA-2011-VSV-DEF.pdf\" target=\"_blank\" rel=\"noopener\">Rapport d\u2019activit\u00e9 2011<\/a><\/li>\n<li><a href=\"https:\/\/www.violencequefaire.ch\/wp-content\/uploads\/2022\/04\/RA-2010-VSV-DEF.pdf\" target=\"_blank\" rel=\"noopener\">Rapport d\u2019activit\u00e9 2010<\/a><\/li>\n<\/ul>\n<p><\/div><\/div><\/div><\/div><\/section>[\/vc_column][\/vc_row][vc_row][vc_column]<section class='vqf_section_block'><div class='vqf_container'><div class='vqf_row'><div class='vqf_full_col'><h2>Revue de presse<\/h2><div class='vqf_fixed_width_text'><\/p>\n<h4>2023<\/h4>\n<p>24.11 &#8211; \u00c9mission &#8220;<a href=\"https:\/\/www.rts.ch\/audio-podcast\/2023\/audio\/invisible-mais-devastatrice-la-violence-psychologique-27189069.html\">On en parle<\/a>&#8221;<\/p>\n<p>24.11 &#8211; <a href=\"https:\/\/www.laliberte.ch\/news\/suisse\/ces-violences-psychologiques-qui-tuent-les-femmes-a-petit-feu-710611\">La Libert\u00e9<\/a><\/p>\n<p>24.11- <a href=\"https:\/\/www.24heures.ch\/action-contre-la-violence-de-genre-seize-jours-pour-parler-dune-violence-invisible-515654855027\">24 heures<\/a><\/p>\n<p>23.11 &#8211; <a href=\"https:\/\/lecourrier.ch\/2023\/11\/23\/des-violences-graves-et-invisibles\/\">Le Courrier<\/a><\/p>\n<h4>2022<\/h4>\n<p>21.01 \u2013\u00a0<a href=\"https:\/\/www.24heures.ch\/une-lutte-de-fer-dans-une-ame-de-velours-700541461587\">24 heures<\/a><\/p>\n<h4>2021<\/h4>\n<p>25.11 \u2013\u00a0<a href=\"https:\/\/www.violencequefaire.ch\/wp-content\/uploads\/2022\/07\/Article-24Heures-25_11_2021-podcast.pdf\">\u00a024 heures<\/a><\/p>\n<p>25.11 \u2013\u00a0<a href=\"https:\/\/www.letemps.ch\/societe\/lecole-difference-entre-lamour-labus\">Le Temps<\/a><\/p>\n<p>18.11 \u2013\u00a0<a href=\"https:\/\/www.rts.ch\/info\/suisse\/11824792-un-couple-de-jeunes-sur-deux-est-confronte-a-de-la-violence-psychologique.html\">RTS Info<\/a><\/p>\n<p>28.07 \u2013\u00a0<a href=\"https:\/\/www.neonmag.fr\/violences-conjugales-comment-agir-si-mes-voisins-sengueulent-de-lautre-cote-du-mur-556833.html\">NEON<\/a><\/p>\n<p>26.03 \u2013\u00a0<a href=\"https:\/\/www.20min.ch\/fr\/story\/recul-des-violences-domestiques-les-chiffres-ne-disent-pas-tout-109515359982\">20 Minutes<\/a><\/p>\n<h4>2020<\/h4>\n<p>31.05 \u2013\u00a0<a href=\"https:\/\/www.rts.ch\/info\/suisse\/11370393-la-violence-conjugale-atelle-augmente-durant-le-confinement.html\">RTS Info<\/a><\/p>\n<p>26.03 \u2013\u00a0<a href=\"https:\/\/www.swissinfo.ch\/fre\/societe\/crise-du-coronavirus-_victimes-confin%C3%A9es-avec-leur-agresseur--le-cauchemar-\/45646534\">Swissinfo<\/a><\/p>\n<h4>2019<\/h4>\n<p>13.06 \u2013\u00a0<a href=\"https:\/\/www.rts.ch\/info\/suisse\/10504713-lancement-dune-campagne-romande-pour-sensibiliser-les-jeunes-au-sexting.html\">RTS Info<\/a><\/p>\n<p>15.05 \u2013<a href=\"https:\/\/www.violencequefaire.ch\/wp-content\/uploads\/2022\/07\/agefi_2019-05-15_8_15.05.2019.pdf\">Agefi<\/a><\/p>\n<p>23.05 \u2013\u00a0<a href=\"https:\/\/www.violencequefaire.ch\/wp-content\/uploads\/2022\/07\/Article_Le_Regional_CSS_mai2019.pdf\">Le_R\u00e9gional<\/a><\/div><\/div><\/div><\/div><\/section>[\/vc_column][\/vc_row]<\/p>\n<\/div>","protected":false},"excerpt":{"rendered":"<p>[vc_row][vc_column][\/vc_column][\/vc_row][vc_row][vc_column][\/vc_column][\/vc_row]<\/p>\n","protected":false},"author":16,"featured_media":0,"parent":0,"menu_order":0,"comment_status":"closed","ping_status":"closed","template":"","meta":{"_acf_changed":false,"footnotes":""},"class_list":["post-10037","page","type-page","status-publish","hentry"],"acf":[],"yoast_head":"<!-- This site is optimized with the Yoast SEO plugin v27.3 - https:\/\/yoast.com\/product\/yoast-seo-wordpress\/ -->\n<title>M\u00e9dias &#8226; Violence que faire ?<\/title>\n<meta name=\"description\" content=\"M\u00e9dias - Retrouvez tous les rapports d&#039;activit\u00e9 de l&#039;Association VIOLENCE QUE FAIRE depuis 2010 jusqu&#039;\u00e0 2023.\" \/>\n<meta name=\"robots\" content=\"index, follow, max-snippet:-1, max-image-preview:large, max-video-preview:-1\" \/>\n<link rel=\"canonical\" href=\"https:\/\/www.violencequefaire.ch\/en\/medias\/\" \/>\n<meta property=\"og:locale\" content=\"en_US\" \/>\n<meta property=\"og:type\" content=\"article\" \/>\n<meta property=\"og:title\" content=\"M\u00e9dias &#8226; Violence que faire ?\" \/>\n<meta property=\"og:description\" content=\"M\u00e9dias - Retrouvez tous les rapports d&#039;activit\u00e9 de l&#039;Association VIOLENCE QUE FAIRE depuis 2010 jusqu&#039;\u00e0 2023.\" \/>\n<meta property=\"og:url\" content=\"https:\/\/www.violencequefaire.ch\/en\/medias\/\" \/>\n<meta property=\"og:site_name\" content=\"Violence que faire ?\" \/>\n<meta property=\"article:modified_time\" content=\"2025-04-14T14:08:41+00:00\" \/>\n<meta name=\"twitter:card\" content=\"summary_large_image\" \/>\n<meta name=\"twitter:label1\" content=\"Est. reading time\" \/>\n\t<meta name=\"twitter:data1\" content=\"1 minute\" \/>\n<script type=\"application\/ld+json\" class=\"yoast-schema-graph\">{\"@context\":\"https:\\\/\\\/schema.org\",\"@graph\":[{\"@type\":\"WebPage\",\"@id\":\"https:\\\/\\\/www.violencequefaire.ch\\\/en\\\/medias\\\/\",\"url\":\"https:\\\/\\\/www.violencequefaire.ch\\\/en\\\/medias\\\/\",\"name\":\"M\u00e9dias &#8226; Violence que faire ?\",\"isPartOf\":{\"@id\":\"https:\\\/\\\/www.violencequefaire.ch\\\/en\\\/#website\"},\"datePublished\":\"2022-03-25T13:15:40+00:00\",\"dateModified\":\"2025-04-14T14:08:41+00:00\",\"description\":\"M\u00e9dias - Retrouvez tous les rapports d'activit\u00e9 de l'Association VIOLENCE QUE FAIRE depuis 2010 jusqu'\u00e0 2023.\",\"breadcrumb\":{\"@id\":\"https:\\\/\\\/www.violencequefaire.ch\\\/en\\\/medias\\\/#breadcrumb\"},\"inLanguage\":\"en-US\",\"potentialAction\":[{\"@type\":\"ReadAction\",\"target\":[\"https:\\\/\\\/www.violencequefaire.ch\\\/en\\\/medias\\\/\"]}]},{\"@type\":\"BreadcrumbList\",\"@id\":\"https:\\\/\\\/www.violencequefaire.ch\\\/en\\\/medias\\\/#breadcrumb\",\"itemListElement\":[{\"@type\":\"ListItem\",\"position\":1,\"name\":\"Home\",\"item\":\"https:\\\/\\\/www.violencequefaire.ch\\\/en\\\/\"},{\"@type\":\"ListItem\",\"position\":2,\"name\":\"M\u00e9dias\"}]},{\"@type\":\"WebSite\",\"@id\":\"https:\\\/\\\/www.violencequefaire.ch\\\/en\\\/#website\",\"url\":\"https:\\\/\\\/www.violencequefaire.ch\\\/en\\\/\",\"name\":\"Violence que faire\",\"description\":\"Des sp\u00e9cialistes r\u00e9pondent personnellement \u00e0 vos questions anonymes sur la violence au sein du couple.\",\"publisher\":{\"@id\":\"https:\\\/\\\/www.violencequefaire.ch\\\/en\\\/#organization\"},\"alternateName\":\"Violenza Cosa Fare\",\"potentialAction\":[{\"@type\":\"SearchAction\",\"target\":{\"@type\":\"EntryPoint\",\"urlTemplate\":\"https:\\\/\\\/www.violencequefaire.ch\\\/en\\\/?s={search_term_string}\"},\"query-input\":{\"@type\":\"PropertyValueSpecification\",\"valueRequired\":true,\"valueName\":\"search_term_string\"}}],\"inLanguage\":\"en-US\"},{\"@type\":\"Organization\",\"@id\":\"https:\\\/\\\/www.violencequefaire.ch\\\/en\\\/#organization\",\"name\":\"Violence que faire ?\",\"url\":\"https:\\\/\\\/www.violencequefaire.ch\\\/en\\\/\",\"logo\":{\"@type\":\"ImageObject\",\"inLanguage\":\"en-US\",\"@id\":\"https:\\\/\\\/www.violencequefaire.ch\\\/en\\\/#\\\/schema\\\/logo\\\/image\\\/\",\"url\":\"https:\\\/\\\/www.violencequefaire.ch\\\/wp-content\\\/uploads\\\/2022\\\/04\\\/VQF_LOGO_neutre.jpg\",\"contentUrl\":\"https:\\\/\\\/www.violencequefaire.ch\\\/wp-content\\\/uploads\\\/2022\\\/04\\\/VQF_LOGO_neutre.jpg\",\"width\":253,\"height\":376,\"caption\":\"Violence que faire ?\"},\"image\":{\"@id\":\"https:\\\/\\\/www.violencequefaire.ch\\\/en\\\/#\\\/schema\\\/logo\\\/image\\\/\"}}]}<\/script>\n<!-- \/ Yoast SEO plugin. -->","yoast_head_json":{"title":"M\u00e9dias &#8226; Violence que faire ?","description":"M\u00e9dias - Retrouvez tous les rapports d'activit\u00e9 de l'Association VIOLENCE QUE FAIRE depuis 2010 jusqu'\u00e0 2023.","robots":{"index":"index","follow":"follow","max-snippet":"max-snippet:-1","max-image-preview":"max-image-preview:large","max-video-preview":"max-video-preview:-1"},"canonical":"https:\/\/www.violencequefaire.ch\/en\/medias\/","og_locale":"en_US","og_type":"article","og_title":"M\u00e9dias &#8226; Violence que faire ?","og_description":"M\u00e9dias - Retrouvez tous les rapports d'activit\u00e9 de l'Association VIOLENCE QUE FAIRE depuis 2010 jusqu'\u00e0 2023.","og_url":"https:\/\/www.violencequefaire.ch\/en\/medias\/","og_site_name":"Violence que faire ?","article_modified_time":"2025-04-14T14:08:41+00:00","twitter_card":"summary_large_image","twitter_misc":{"Est. reading time":"1 minute"},"schema":{"@context":"https:\/\/schema.org","@graph":[{"@type":"WebPage","@id":"https:\/\/www.violencequefaire.ch\/en\/medias\/","url":"https:\/\/www.violencequefaire.ch\/en\/medias\/","name":"M\u00e9dias &#8226; Violence que faire ?","isPartOf":{"@id":"https:\/\/www.violencequefaire.ch\/en\/#website"},"datePublished":"2022-03-25T13:15:40+00:00","dateModified":"2025-04-14T14:08:41+00:00","description":"M\u00e9dias - Retrouvez tous les rapports d'activit\u00e9 de l'Association VIOLENCE QUE FAIRE depuis 2010 jusqu'\u00e0 2023.","breadcrumb":{"@id":"https:\/\/www.violencequefaire.ch\/en\/medias\/#breadcrumb"},"inLanguage":"en-US","potentialAction":[{"@type":"ReadAction","target":["https:\/\/www.violencequefaire.ch\/en\/medias\/"]}]},{"@type":"BreadcrumbList","@id":"https:\/\/www.violencequefaire.ch\/en\/medias\/#breadcrumb","itemListElement":[{"@type":"ListItem","position":1,"name":"Home","item":"https:\/\/www.violencequefaire.ch\/en\/"},{"@type":"ListItem","position":2,"name":"M\u00e9dias"}]},{"@type":"WebSite","@id":"https:\/\/www.violencequefaire.ch\/en\/#website","url":"https:\/\/www.violencequefaire.ch\/en\/","name":"Violence que faire","description":"Des sp\u00e9cialistes r\u00e9pondent personnellement \u00e0 vos questions anonymes sur la violence au sein du couple.","publisher":{"@id":"https:\/\/www.violencequefaire.ch\/en\/#organization"},"alternateName":"Violenza Cosa Fare","potentialAction":[{"@type":"SearchAction","target":{"@type":"EntryPoint","urlTemplate":"https:\/\/www.violencequefaire.ch\/en\/?s={search_term_string}"},"query-input":{"@type":"PropertyValueSpecification","valueRequired":true,"valueName":"search_term_string"}}],"inLanguage":"en-US"},{"@type":"Organization","@id":"https:\/\/www.violencequefaire.ch\/en\/#organization","name":"Violence que faire ?","url":"https:\/\/www.violencequefaire.ch\/en\/","logo":{"@type":"ImageObject","inLanguage":"en-US","@id":"https:\/\/www.violencequefaire.ch\/en\/#\/schema\/logo\/image\/","url":"https:\/\/www.violencequefaire.ch\/wp-content\/uploads\/2022\/04\/VQF_LOGO_neutre.jpg","contentUrl":"https:\/\/www.violencequefaire.ch\/wp-content\/uploads\/2022\/04\/VQF_LOGO_neutre.jpg","width":253,"height":376,"caption":"Violence que faire ?"},"image":{"@id":"https:\/\/www.violencequefaire.ch\/en\/#\/schema\/logo\/image\/"}}]}},"_links":{"self":[{"href":"https:\/\/www.violencequefaire.ch\/en\/wp-json\/wp\/v2\/pages\/10037","targetHints":{"allow":["GET"]}}],"collection":[{"href":"https:\/\/www.violencequefaire.ch\/en\/wp-json\/wp\/v2\/pages"}],"about":[{"href":"https:\/\/www.violencequefaire.ch\/en\/wp-json\/wp\/v2\/types\/page"}],"author":[{"embeddable":true,"href":"https:\/\/www.violencequefaire.ch\/en\/wp-json\/wp\/v2\/users\/16"}],"replies":[{"embeddable":true,"href":"https:\/\/www.violencequefaire.ch\/en\/wp-json\/wp\/v2\/comments?post=10037"}],"version-history":[{"count":3,"href":"https:\/\/www.violencequefaire.ch\/en\/wp-json\/wp\/v2\/pages\/10037\/revisions"}],"predecessor-version":[{"id":10671,"href":"https:\/\/www.violencequefaire.ch\/en\/wp-json\/wp\/v2\/pages\/10037\/revisions\/10671"}],"wp:attachment":[{"href":"https:\/\/www.violencequefaire.ch\/en\/wp-json\/wp\/v2\/media?parent=10037"}],"curies":[{"name":"wp","href":"https:\/\/api.w.org\/{rel}","templated":true}]}}