{"id":10013,"date":"2022-03-25T13:32:07","date_gmt":"2022-03-25T12:32:07","guid":{"rendered":"https:\/\/www.violencequefaire.ch\/?page_id=10013"},"modified":"2024-12-23T14:54:55","modified_gmt":"2024-12-23T13:54:55","slug":"about-violence-que-faire-2","status":"publish","type":"page","link":"https:\/\/www.violencequefaire.ch\/en\/about-violence-que-faire-2\/","title":{"rendered":"About VIOLENCE QUE FAIRE"},"content":{"rendered":"<div class=\"wpb-content-wrapper\"><p>[vc_row][vc_column]<section class='vqf_section_block'><div class='vqf_container'><div class='vqf_row'><div class='vqf_full_col'><h2>About us<\/h2><div class='vqf_fixed_width_text'><span data-contrast=\"auto\">VIOLENCE QUE FAIRE is a non-profit organisation in French-speaking Switzerland. We are committed to helping anyone in Switzerland dealing with domestic abuse, whether they are: victims, perpetrators, friends, family, professionals, or witnesses, and of any age or sexual orientation.<\/span><span data-ccp-props=\"{&quot;201341983&quot;:0,&quot;335559739&quot;:160,&quot;335559740&quot;:259}\">\u00a0<\/span><\/p>\n<p><span data-contrast=\"auto\">Our website <\/span><span data-contrast=\"none\">www.violencequefaire.ch<\/span><span data-contrast=\"auto\"> provides a wealth of information designed to help, guide and encourage anyone affected by domestic abuse with the goal of breaking the silence. The information we provide is also useful to all professional services and professionals who come into contact with victims and perpetrators of domestic abuse.<\/span><span data-ccp-props=\"{&quot;201341983&quot;:0,&quot;335559739&quot;:160,&quot;335559740&quot;:259}\">\u00a0<\/span><\/p>\n<p><span data-contrast=\"auto\">Our website offers a professional, anonymous, personalised and free online counselling service with a response time of three working days.<\/span><span data-ccp-props=\"{&quot;201341983&quot;:0,&quot;335559739&quot;:160,&quot;335559740&quot;:259}\">\u00a0<\/span><\/p>\n<p><span data-contrast=\"auto\">Our service is provided by experts from partner institutions that include: Solidarit\u00e9 Femmes Bienne (BE); Solidarit\u00e9 Femmes &#8211; Centre LAVI FR (FR); EX-pression (FR); Point du Jour (VS); Centre d&#8217;accueil MalleyPrairie (VD); Centre Pr\u00e9vention de l&#8217;Ale (VD); Centre LAVI VD (VD); Service d&#8217;aide aux victimes &#8211; Centre LAVI et Solidarit\u00e9 Femmes (NE); and Fondation l&#8217;EssentiElles (VS). <\/span><span data-contrast=\"auto\">We have also hired a specialist to strengthen the team.<\/span><span data-ccp-props=\"{&quot;201341983&quot;:0,&quot;335559739&quot;:160,&quot;335559740&quot;:259}\">\u00a0<\/span><\/div><\/div><\/div><\/div><\/section>[\/vc_column][\/vc_row][vc_row][vc_column]<section class='vqf_section_block block_background'><div class='vqf_container'><div class='vqf_row'><div class='vqf_full_col'><h2>History<\/h2><div class='vqf_fixed_width_text'><span data-contrast=\"auto\">In 2006, three Vaud-based institutions active in the field of domestic violence &#8211; the Malley-Prairie Women&#8217;s Shelter (CMP), the Vaud Office for Gender Equality (BEFH) and the ViFa Service &#8211; joined forces to set up the Vivre sans Violence Association (Living without Violence Association), which ran two websites: violencequefaire for adults and comeva for teenagers.<\/span><span data-ccp-props=\"{&quot;201341983&quot;:0,&quot;335559739&quot;:160,&quot;335559740&quot;:259}\">\u00a0<\/span><\/p>\n<p><span data-contrast=\"auto\">In 2016, to simplify its communications, the Association Vivre sans Violence was renamed VIOLENCE QUE FAIRE and the two websites were merged into one.<\/span><span data-ccp-props=\"{&quot;201341983&quot;:0,&quot;335559739&quot;:160,&quot;335559740&quot;:259}\">\u00a0<\/span><\/div><\/div><\/div><\/div><\/section>[\/vc_column][\/vc_row][vc_row][vc_column]<section class='vqf_section_block'><div class='vqf_container'><div class='vqf_row'><div class='vqf_full_col'><div class='vqf_intra_links_block'><div class='inner_row'><div class='intra_link_col'><div class='intra_link_item'><a href='https:\/\/www.violencequefaire.ch\/en\/about-violence-que-faire-2\/meet-our-team\/' aria-label='Team '><\/a><div class='intra_item_inner'><div class='intra_body'><span class='intra_title'>Team <\/span><p class='intra_info'>The VIOLENCE QUE FAIRE team provides information, advice and support to anyone affected by domestic abuse.<\/p><\/div><div class='intra_footer'><img src='https:\/\/www.violencequefaire.ch\/wp-content\/themes\/vqf\/assets\/img\/icons\/arrow_black.svg' alt=''><\/div><\/div><\/div><\/div><div class='intra_link_col'><div class='intra_link_item'><a href='https:\/\/www.violencequefaire.ch\/en\/documents\/' aria-label='Documents '><\/a><div class='intra_item_inner'><div class='intra_body'><span class='intra_title'>Documents <\/span><p class='intra_info'>Find VIOLENCE QUE FAIRE\u2019s annual activity reports and press reviews here.<\/p><\/div><div class='intra_footer'><img src='https:\/\/www.violencequefaire.ch\/wp-content\/themes\/vqf\/assets\/img\/icons\/arrow_black.svg' alt=''><\/div><\/div><\/div><\/div><div class='intra_link_col'><div class='intra_link_item'><a href='https:\/\/www.violencequefaire.ch\/en\/support-our-work\/' aria-label='Support our work  '><\/a><div class='intra_item_inner'><div class='intra_body'><span class='intra_title'>Support our work  <\/span><p class='intra_info'>Add your voice to the fight against domestic abuse by becoming a member or making a donation to support our projects.  <\/p><\/div><div class='intra_footer'><img src='https:\/\/www.violencequefaire.ch\/wp-content\/themes\/vqf\/assets\/img\/icons\/arrow_black.svg' alt=''><\/div><\/div><\/div><\/div><\/div><\/div><\/div><\/div><\/div><\/section>[\/vc_column][\/vc_row][vc_row][vc_column]<section class='vqf_section_block'><div class='vqf_container'><div class='vqf_row'><div class='vqf_full_col'><h2>Mission<\/h2><div class='vqf_fixed_width_text'><\/p>\n<ul>\n<li><span data-contrast=\"auto\">To inform, advise and prevent domestic abuse, offering support and encouraging people to act and break the silence.<\/span><span data-ccp-props=\"{&quot;201341983&quot;:0,&quot;335559685&quot;:0,&quot;335559739&quot;:160,&quot;335559740&quot;:259}\">\u00a0<\/span><\/li>\n<li><span data-contrast=\"auto\">To collaborate and exchange ideas with various institutions active in the field of domestic abuse in French-speaking Switzerland as part of an integrated policy.<\/span><span data-ccp-props=\"{&quot;201341983&quot;:0,&quot;335559685&quot;:0,&quot;335559739&quot;:160,&quot;335559740&quot;:259}\">\u00a0<\/span><\/li>\n<\/ul>\n<p><\/div><\/div><\/div><\/div><\/section>[\/vc_column][\/vc_row][vc_row][vc_column]<section class='vqf_section_block text_n_media_block block_background'><div class='vqf_container'><div class='vqf_row'><div class='vqf_full_col'><h2>Our activities<\/h2><\/div><div><div class='vqf_fixed_width_text'><\/div><\/div><\/div><div class='vqf_accordion_block'><div class='accordion_item'><div class='accordion_header'><span class='title'>Online information <\/span><\/div><div class='accordion_body'><div class='acc_body_inner'><div class='vqf_fixed_width_text'><p>Online information is available on the www.violencequefaire.ch website for anyone affected by domestic abuse. Our aim is to raise awareness and encourage people to get in touch with specialist institutions in French-speaking Switzerland. <\/p><\/div><\/div><\/div><\/div><div class='accordion_item'><div class='accordion_header'><span class='title'>Online advice <\/span><\/div><div class='accordion_body'><div class='acc_body_inner'><div class='vqf_fixed_width_text'><p>Advice and guidance is available to victims, perpetrators and their friends and family. Questions relating to domestic abuse can be asked anonymously and a personalised response is provided in a short space of time. With the user's consent, both the question and the answer can be published anonymously for others to read. <\/p><\/div><\/div><\/div><\/div><div class='accordion_item'><div class='accordion_header'><span class='title'>Prevention<\/span><\/div><div class='accordion_body'><div class='acc_body_inner'><div class='vqf_fixed_width_text'><p>Promoting our services and raising awareness of the problem of domestic abuse in the general public, in organisations working in the field and in political bodies<\/p><\/div><\/div><\/div><\/div><div class='accordion_item'><div class='accordion_header'><span class='title'>Working in a network <\/span><\/div><div class='accordion_body'><div class='acc_body_inner'><div class='vqf_fixed_width_text'><p>Promoting dialogue and cooperation between organisations in the French-speaking cantons of Switzerland. <\/p><\/div><\/div><\/div><\/div><\/div><\/div><\/section>[\/vc_column][\/vc_row][vc_row][vc_column]<section class='vqf_section_block text_n_media_block'><div class='vqf_container'><div class='vqf_row'><div class='vqf_full_col'><h2>Our values<\/h2><\/div><div><div class='vqf_fixed_width_text'><\/div><\/div><\/div><div class='vqf_accordion_block'><div class='accordion_item'><div class='accordion_header'><span class='title'>Respect, equality and integrity in relationships <\/span><\/div><div class='accordion_body'><div class='acc_body_inner'><div class='vqf_fixed_width_text'><p>Whether at the psychological, physical, sexual or economic levels. <\/p><\/div><\/div><\/div><\/div><div class='accordion_item'><div class='accordion_header'><span class='title'>Encouraging responsible behaviour <\/span><\/div><div class='accordion_body'><div class='acc_body_inner'><div class='vqf_fixed_width_text'><p>This is in line with the Swiss legal framework and for those affected by domestic abuse, particularly in relation to children exposed to violence. <\/p><\/div><\/div><\/div><\/div><div class='accordion_item'><div class='accordion_header'><span class='title'>An integrated approach <\/span><\/div><div class='accordion_body'><div class='acc_body_inner'><div class='vqf_fixed_width_text'><p>We recognise the importance of an integrated approach. Domestic abuse and its repercussions cannot be dealt with by just one organisation. The victim and the perpetrator are both involved in the situation and often there are children to take into account. There are also many different needs such as protection, health, accommodation, psychological support, and financial support, to take into account. An integrated approach means the various bodies active in this field can work together and consider collaborative inter-institutional initiatives and courses of action for all those involved - victims, perpetrators, family and friends, and witnesses of domestic abuse. <\/p><\/div><\/div><\/div><\/div><div class='accordion_item'><div class='accordion_header'><span class='title'>Independence and neutrality <\/span><\/div><div class='accordion_body'><div class='acc_body_inner'><div class='vqf_fixed_width_text'><p>VIOLENCE QUE FAIRE is a not-for-profit organisation that is politically and religiously neutral. <\/p><\/div><\/div><\/div><\/div><div class='accordion_item'><div class='accordion_header'><span class='title'>Professionalism <\/span><\/div><div class='accordion_body'><div class='acc_body_inner'><div class='vqf_fixed_width_text'><p>Questions from internet users are answered by our specialists in the field of domestic abuse. <\/p><\/div><\/div><\/div><\/div><div class='accordion_item'><div class='accordion_header'><span class='title'>Guaranteed anonymity <\/span><\/div><div class='accordion_body'><div class='acc_body_inner'><div class='vqf_fixed_width_text'><p>For anyone using our online counselling service we guarantee anonymity. <\/p><\/div><\/div><\/div><\/div><\/div><\/div><\/section>[\/vc_column][\/vc_row]<\/p>\n<\/div>","protected":false},"excerpt":{"rendered":"<p>[vc_row][vc_column][\/vc_column][\/vc_row][vc_row][vc_column][\/vc_column][\/vc_row][vc_row][vc_column][\/vc_column][\/vc_row][vc_row][vc_column][\/vc_column][\/vc_row][vc_row][vc_column][\/vc_column][\/vc_row][vc_row][vc_column][\/vc_column][\/vc_row]<\/p>\n","protected":false},"author":16,"featured_media":0,"parent":0,"menu_order":0,"comment_status":"closed","ping_status":"closed","template":"","meta":{"_acf_changed":false,"footnotes":""},"class_list":["post-10013","page","type-page","status-publish","hentry"],"acf":[],"yoast_head":"<!-- This site is optimized with the Yoast SEO plugin v27.3 - https:\/\/yoast.com\/product\/yoast-seo-wordpress\/ -->\n<title>About VIOLENCE QUE FAIRE &#8226; Violence que faire ?<\/title>\n<meta name=\"description\" content=\"Learn more about VIOLENCE QUE FAIRE, our mission and our activities to raise awareness about intimate partner violence\" \/>\n<meta name=\"robots\" content=\"index, follow, max-snippet:-1, max-image-preview:large, max-video-preview:-1\" \/>\n<link rel=\"canonical\" href=\"https:\/\/www.violencequefaire.ch\/en\/about-violence-que-faire-2\/\" \/>\n<meta property=\"og:locale\" content=\"en_US\" \/>\n<meta property=\"og:type\" content=\"article\" \/>\n<meta property=\"og:title\" content=\"About VIOLENCE QUE FAIRE &#8226; Violence que faire ?\" \/>\n<meta property=\"og:description\" content=\"Learn more about VIOLENCE QUE FAIRE, our mission and our activities to raise awareness about intimate partner violence\" \/>\n<meta property=\"og:url\" content=\"https:\/\/www.violencequefaire.ch\/en\/about-violence-que-faire-2\/\" \/>\n<meta property=\"og:site_name\" content=\"Violence que faire ?\" \/>\n<meta property=\"article:modified_time\" content=\"2024-12-23T13:54:55+00:00\" \/>\n<meta name=\"twitter:card\" content=\"summary_large_image\" \/>\n<meta name=\"twitter:label1\" content=\"Est. reading time\" \/>\n\t<meta name=\"twitter:data1\" content=\"2 minutes\" \/>\n<script type=\"application\/ld+json\" class=\"yoast-schema-graph\">{\"@context\":\"https:\\\/\\\/schema.org\",\"@graph\":[{\"@type\":\"WebPage\",\"@id\":\"https:\\\/\\\/www.violencequefaire.ch\\\/en\\\/about-violence-que-faire-2\\\/\",\"url\":\"https:\\\/\\\/www.violencequefaire.ch\\\/en\\\/about-violence-que-faire-2\\\/\",\"name\":\"About VIOLENCE QUE FAIRE &#8226; Violence que faire ?\",\"isPartOf\":{\"@id\":\"https:\\\/\\\/www.violencequefaire.ch\\\/en\\\/#website\"},\"datePublished\":\"2022-03-25T12:32:07+00:00\",\"dateModified\":\"2024-12-23T13:54:55+00:00\",\"description\":\"Learn more about VIOLENCE QUE FAIRE, our mission and our activities to raise awareness about intimate partner violence\",\"breadcrumb\":{\"@id\":\"https:\\\/\\\/www.violencequefaire.ch\\\/en\\\/about-violence-que-faire-2\\\/#breadcrumb\"},\"inLanguage\":\"en-US\",\"potentialAction\":[{\"@type\":\"ReadAction\",\"target\":[\"https:\\\/\\\/www.violencequefaire.ch\\\/en\\\/about-violence-que-faire-2\\\/\"]}]},{\"@type\":\"BreadcrumbList\",\"@id\":\"https:\\\/\\\/www.violencequefaire.ch\\\/en\\\/about-violence-que-faire-2\\\/#breadcrumb\",\"itemListElement\":[{\"@type\":\"ListItem\",\"position\":1,\"name\":\"Home\",\"item\":\"https:\\\/\\\/www.violencequefaire.ch\\\/en\\\/\"},{\"@type\":\"ListItem\",\"position\":2,\"name\":\"About VIOLENCE QUE FAIRE\"}]},{\"@type\":\"WebSite\",\"@id\":\"https:\\\/\\\/www.violencequefaire.ch\\\/en\\\/#website\",\"url\":\"https:\\\/\\\/www.violencequefaire.ch\\\/en\\\/\",\"name\":\"Violence que faire\",\"description\":\"Des sp\u00e9cialistes r\u00e9pondent personnellement \u00e0 vos questions anonymes sur la violence au sein du couple.\",\"publisher\":{\"@id\":\"https:\\\/\\\/www.violencequefaire.ch\\\/en\\\/#organization\"},\"alternateName\":\"Violenza Cosa Fare\",\"potentialAction\":[{\"@type\":\"SearchAction\",\"target\":{\"@type\":\"EntryPoint\",\"urlTemplate\":\"https:\\\/\\\/www.violencequefaire.ch\\\/en\\\/?s={search_term_string}\"},\"query-input\":{\"@type\":\"PropertyValueSpecification\",\"valueRequired\":true,\"valueName\":\"search_term_string\"}}],\"inLanguage\":\"en-US\"},{\"@type\":\"Organization\",\"@id\":\"https:\\\/\\\/www.violencequefaire.ch\\\/en\\\/#organization\",\"name\":\"Violence que faire ?\",\"url\":\"https:\\\/\\\/www.violencequefaire.ch\\\/en\\\/\",\"logo\":{\"@type\":\"ImageObject\",\"inLanguage\":\"en-US\",\"@id\":\"https:\\\/\\\/www.violencequefaire.ch\\\/en\\\/#\\\/schema\\\/logo\\\/image\\\/\",\"url\":\"https:\\\/\\\/www.violencequefaire.ch\\\/wp-content\\\/uploads\\\/2022\\\/04\\\/VQF_LOGO_neutre.jpg\",\"contentUrl\":\"https:\\\/\\\/www.violencequefaire.ch\\\/wp-content\\\/uploads\\\/2022\\\/04\\\/VQF_LOGO_neutre.jpg\",\"width\":253,\"height\":376,\"caption\":\"Violence que faire ?\"},\"image\":{\"@id\":\"https:\\\/\\\/www.violencequefaire.ch\\\/en\\\/#\\\/schema\\\/logo\\\/image\\\/\"}}]}<\/script>\n<!-- \/ Yoast SEO plugin. -->","yoast_head_json":{"title":"About VIOLENCE QUE FAIRE &#8226; Violence que faire ?","description":"Learn more about VIOLENCE QUE FAIRE, our mission and our activities to raise awareness about intimate partner violence","robots":{"index":"index","follow":"follow","max-snippet":"max-snippet:-1","max-image-preview":"max-image-preview:large","max-video-preview":"max-video-preview:-1"},"canonical":"https:\/\/www.violencequefaire.ch\/en\/about-violence-que-faire-2\/","og_locale":"en_US","og_type":"article","og_title":"About VIOLENCE QUE FAIRE &#8226; Violence que faire ?","og_description":"Learn more about VIOLENCE QUE FAIRE, our mission and our activities to raise awareness about intimate partner violence","og_url":"https:\/\/www.violencequefaire.ch\/en\/about-violence-que-faire-2\/","og_site_name":"Violence que faire ?","article_modified_time":"2024-12-23T13:54:55+00:00","twitter_card":"summary_large_image","twitter_misc":{"Est. reading time":"2 minutes"},"schema":{"@context":"https:\/\/schema.org","@graph":[{"@type":"WebPage","@id":"https:\/\/www.violencequefaire.ch\/en\/about-violence-que-faire-2\/","url":"https:\/\/www.violencequefaire.ch\/en\/about-violence-que-faire-2\/","name":"About VIOLENCE QUE FAIRE &#8226; Violence que faire ?","isPartOf":{"@id":"https:\/\/www.violencequefaire.ch\/en\/#website"},"datePublished":"2022-03-25T12:32:07+00:00","dateModified":"2024-12-23T13:54:55+00:00","description":"Learn more about VIOLENCE QUE FAIRE, our mission and our activities to raise awareness about intimate partner violence","breadcrumb":{"@id":"https:\/\/www.violencequefaire.ch\/en\/about-violence-que-faire-2\/#breadcrumb"},"inLanguage":"en-US","potentialAction":[{"@type":"ReadAction","target":["https:\/\/www.violencequefaire.ch\/en\/about-violence-que-faire-2\/"]}]},{"@type":"BreadcrumbList","@id":"https:\/\/www.violencequefaire.ch\/en\/about-violence-que-faire-2\/#breadcrumb","itemListElement":[{"@type":"ListItem","position":1,"name":"Home","item":"https:\/\/www.violencequefaire.ch\/en\/"},{"@type":"ListItem","position":2,"name":"About VIOLENCE QUE FAIRE"}]},{"@type":"WebSite","@id":"https:\/\/www.violencequefaire.ch\/en\/#website","url":"https:\/\/www.violencequefaire.ch\/en\/","name":"Violence que faire","description":"Des sp\u00e9cialistes r\u00e9pondent personnellement \u00e0 vos questions anonymes sur la violence au sein du couple.","publisher":{"@id":"https:\/\/www.violencequefaire.ch\/en\/#organization"},"alternateName":"Violenza Cosa Fare","potentialAction":[{"@type":"SearchAction","target":{"@type":"EntryPoint","urlTemplate":"https:\/\/www.violencequefaire.ch\/en\/?s={search_term_string}"},"query-input":{"@type":"PropertyValueSpecification","valueRequired":true,"valueName":"search_term_string"}}],"inLanguage":"en-US"},{"@type":"Organization","@id":"https:\/\/www.violencequefaire.ch\/en\/#organization","name":"Violence que faire ?","url":"https:\/\/www.violencequefaire.ch\/en\/","logo":{"@type":"ImageObject","inLanguage":"en-US","@id":"https:\/\/www.violencequefaire.ch\/en\/#\/schema\/logo\/image\/","url":"https:\/\/www.violencequefaire.ch\/wp-content\/uploads\/2022\/04\/VQF_LOGO_neutre.jpg","contentUrl":"https:\/\/www.violencequefaire.ch\/wp-content\/uploads\/2022\/04\/VQF_LOGO_neutre.jpg","width":253,"height":376,"caption":"Violence que faire ?"},"image":{"@id":"https:\/\/www.violencequefaire.ch\/en\/#\/schema\/logo\/image\/"}}]}},"_links":{"self":[{"href":"https:\/\/www.violencequefaire.ch\/en\/wp-json\/wp\/v2\/pages\/10013","targetHints":{"allow":["GET"]}}],"collection":[{"href":"https:\/\/www.violencequefaire.ch\/en\/wp-json\/wp\/v2\/pages"}],"about":[{"href":"https:\/\/www.violencequefaire.ch\/en\/wp-json\/wp\/v2\/types\/page"}],"author":[{"embeddable":true,"href":"https:\/\/www.violencequefaire.ch\/en\/wp-json\/wp\/v2\/users\/16"}],"replies":[{"embeddable":true,"href":"https:\/\/www.violencequefaire.ch\/en\/wp-json\/wp\/v2\/comments?post=10013"}],"version-history":[{"count":3,"href":"https:\/\/www.violencequefaire.ch\/en\/wp-json\/wp\/v2\/pages\/10013\/revisions"}],"predecessor-version":[{"id":10548,"href":"https:\/\/www.violencequefaire.ch\/en\/wp-json\/wp\/v2\/pages\/10013\/revisions\/10548"}],"wp:attachment":[{"href":"https:\/\/www.violencequefaire.ch\/en\/wp-json\/wp\/v2\/media?parent=10013"}],"curies":[{"name":"wp","href":"https:\/\/api.w.org\/{rel}","templated":true}]}}