{"id":10009,"date":"2022-04-28T16:32:37","date_gmt":"2022-04-28T14:32:37","guid":{"rendered":"https:\/\/www.violencequefaire.ch\/?page_id=10009"},"modified":"2024-12-23T14:38:36","modified_gmt":"2024-12-23T13:38:36","slug":"forced-marriage","status":"publish","type":"page","link":"https:\/\/www.violencequefaire.ch\/en\/forced-marriage\/","title":{"rendered":"Forced marriage"},"content":{"rendered":"<div class=\"wpb-content-wrapper\"><p>[vc_row][vc_column]<section class='vqf_section_block text_n_media_block'><div class='vqf_container'><div class='vqf_row'><div><div class='vqf_fixed_width_text'><p>\u201cMarriage shall be entered into only with the free and full consent of the intending spouses.\u201d- Article 16 paragraph 2 of the Universal Declaration of Human Rights.<\/p><br \/>\n<p>Personal freedom and freedom of movement (Article 10 of the Swiss Federal Constitution) are fundamental rights in Switzerland. This means that everyone has the right to marry the person of their choice and that forced marriage is a violation of their human rights.<\/p><br \/>\n<p>According to a study, there were an estimated 1,400 cases of forced marriage in Switzerland between 2009 and 2010.<\/p><br \/>\n<p>The Service against Forced Marriage, a federal centre of expertise, has provided advice and support in 2,349 cases from 2005 until 31 December 2018. Currently, the Service against Forced Marriage receives an average of five new cases a week, which can double before the summer holidays, when many of those affected fear being kidnapped or abducted abroad.<\/p><\/div><\/div><\/div><div class='vqf_accordion_block'><div class='accordion_item'><div class='accordion_header'><span class='title'>What is a forced marriage?<\/span><\/div><div class='accordion_body'><div class='acc_body_inner'><div class='vqf_fixed_width_text'><p>The term 'forced marriage' is generally used when one partner in a relationship is pressured or coerced into agreeing to marry the other. However, the term 'forced marriage' covers a wide range of complex situations.<br \/>\n<br \/>\nForced marriage refers to three types of situations:<br \/>\n1.\tA person is pressured into accepting a marriage they do not want.<br \/>\n2.\tA person is forced to give up a romantic relationship.<br \/>\n3.\tA person is pressured not to divorce and stay married, whether the marriage was freely entered into or not.<br \/>\n<\/p><\/div><\/div><\/div><\/div><div class='accordion_item'><div class='accordion_header'><span class='title'>How a forced marriage differs from an arranged marriage<\/span><\/div><div class='accordion_body'><div class='acc_body_inner'><div class='vqf_fixed_width_text'><p>The difference between a forced marriage and an arranged marriage is the degree of pressure used and whether or not it is possible to refuse the union.<br \/>\n<br \/>\nIn an arranged marriage, the prospective spouse freely accepts a marriage arranged by third parties - often the parents of the prospective spouses - and no violence or pressure is used to force the other partner into the marriage.<br \/>\n<br \/>\nThe person can refuse the union at any time without risking negative consequences. Arranged marriages are not punishable under the Swiss Penal Code (SPC).<br \/>\n<br \/>\nHowever, a freely entered into and\/or arranged marriage may become a forced marriage if at least one of the two people in the relationship is under pressure not to divorce and stay married.<br \/>\n<\/p><\/div><\/div><\/div><\/div><div class='accordion_item'><div class='accordion_header'><span class='title'>Forms of pressure, coercion and abuse unique to forced marriages<\/span><\/div><div class='accordion_body'><div class='acc_body_inner'><div class='vqf_fixed_width_text'><p>In the context of forced marriage, pressure, coercion and abuse often occur within the family circle \u2013 the father, mother, brothers and sisters, the (future) spouse, parents-in-law, and members of the extended family.<br \/>\n<br \/>\nViolence can also take many forms: psychological; physical; sexual or economic; and can be expressed through excessive control of personal contacts, outings, or similar; verbal threats; emotional blackmail; physical violence such as kicking or throwing objects; sexual violence; or other degrading treatment.<br \/>\n<br \/>\nIn most cases, more than one person is responsible for the abuse. It is often inflicted by the person\u2019s partner, several family members and close friends.<br \/>\n<\/p><\/div><\/div><\/div><\/div><div class='accordion_item'><div class='accordion_header'><span class='title'>It's hard to talk about it<\/span><\/div><div class='accordion_body'><div class='acc_body_inner'><div class='vqf_fixed_width_text'><p>Family members and\/or your partner may be putting pressure on you and you don't feel supported by them.<br \/>\n<br \/>\nYou may feel conflicted about your loyalty to your family: you don't want to agree to their expectations and pressure about your romantic choices, but at the same time you don't want to disappoint or upset them.<br \/>\n<br \/>\nAre you reluctant to seek professional help or file a complaint?<br \/>\nAre you afraid?<br \/>\n<br \/>\nYou are not alone, there are ways to deal with this and there are professionals who can advise and support you.<br \/>\n<br \/>\nTalking about your situation is the first step towards finding a solution. Click on \"How to find help\" in the menu bar and use the filter of \"Your experience of abuse: You are in a situation of forced marriage\" to find the list of organisations that can help you.<br \/>\n<br \/>\nIf you're young and still at school, you can talk to a trusted professional at your school: teachers, mediators, school nurses and school psychologists are there to help and support you.<br \/>\n<br \/>\nOn this website you can ask questions at any time, anonymously and free of charge, and our professionals will respond to you personally within three (3) working days.<br \/>\n<\/p><\/div><\/div><\/div><\/div><div class='accordion_item'><div class='accordion_header'><span class='title'>What does the law say?<\/span><\/div><div class='accordion_body'><div class='acc_body_inner'><div class='vqf_fixed_width_text'><p>The Swiss Penal Code prohibits forced marriage or partnership, as well as attempted forced marriage or partnership (Article 22 and Article 181a SPC). The offender(s) may be sentenced for up to five years' imprisonment or a fine. If the forced marriage took place abroad, the offence is punishable in Switzerland if the perpetrator is present and has not been deported.<br \/>\n<br \/>\nForced marriage is automatically prosecuted: criminal proceedings are initiated as soon as the police or the public prosecutor's office become aware of the offence, even if the victim does not file a complaint.<br \/>\n<br \/>\nHowever, counselling at a LAVI centre is strictly confidential and no information is passed on without the victim's consent. Victims can therefore approach these professionals without fear in order to receive information, support and the opportunity to reflect on the situation without pressure.<br \/>\n<br \/>\nAccording to the Swiss Civil Code (SCC), in order to marry, a man and a woman must be at least 18 years old and of sound mind (Article 94 paragraph 1 SCC). At the time of the application for marriage, the civil registrar checks whether there are any grounds for suspecting that the application is not a clear expression of the couple's free will (Article 99 paragraph 1 ch. 3 SCC). <br \/>\nMarriage is annulled by civil law when:<br \/>\n\u2022\tIt was contracted against the free will of one of the parties (Article 105, paragraph 5 SCC).<br \/>\n\u2022\tIf one of the parties is a minor, unless it is in their interest to continue the marriage (Article 105, paragraph 6 SCC).<br \/>\n\u2022\tAnyone who has been the victim of a forced marriage, whether in Switzerland or abroad, can have the marriage annulled by the court of the place where the marriage was contracted, the place of residence or the place of origin. The action is then governed by Swiss law (Article 45 paragraph 2 Federal Act on Private International Law).<br \/>\n A person affected by a forced marriage, whether contracted or not, may at any time contact the assistance services listed in the \"How to find help\" section.<br \/>\n<br \/>\nWith regard to the right of residence, if there are indications of a forced marriage, the application for family reunification is suspended until the competent authorities have taken a decision (Article 45a Federal Act on Foreign Nationals and Integration). The existence of a forced marriage may constitute an important personal reason for the granting or extension of a residence permit to the person who is the victim of the forced marriage and their children (Article 50 paragraph 1 let. b and paragraph 2 Federal Act on Foreign Nationals and Integration).<br \/>\n<br \/>\nIf a forced marriage is the reason for the person fleeing a country and applying for asylum in Switzerland, it is strongly recommended that they contact the Service against Forced Marriage for advice on how to proceed.<br \/>\n<\/p><\/div><\/div><\/div><\/div><\/div><\/div><\/section>[\/vc_column][\/vc_row]<\/p>\n<\/div>","protected":false},"excerpt":{"rendered":"<p>[vc_row][vc_column][\/vc_column][\/vc_row]<\/p>\n","protected":false},"author":16,"featured_media":0,"parent":0,"menu_order":0,"comment_status":"closed","ping_status":"closed","template":"","meta":{"_acf_changed":false,"footnotes":""},"class_list":["post-10009","page","type-page","status-publish","hentry"],"acf":[],"yoast_head":"<!-- This site is optimized with the Yoast SEO plugin v27.3 - https:\/\/yoast.com\/product\/yoast-seo-wordpress\/ -->\n<title>Forced marriage &#8226; Violence que faire ?<\/title>\n<meta name=\"description\" content=\"Discover information on forced marriage, its impact, and how to seek help. Learn more about recognizing and addressing this serious issue.\" \/>\n<meta name=\"robots\" content=\"index, follow, max-snippet:-1, max-image-preview:large, max-video-preview:-1\" \/>\n<link rel=\"canonical\" href=\"https:\/\/www.violencequefaire.ch\/en\/forced-marriage\/\" \/>\n<meta property=\"og:locale\" content=\"en_US\" \/>\n<meta property=\"og:type\" content=\"article\" \/>\n<meta property=\"og:title\" content=\"Forced marriage &#8226; Violence que faire ?\" \/>\n<meta property=\"og:description\" content=\"Discover information on forced marriage, its impact, and how to seek help. Learn more about recognizing and addressing this serious issue.\" \/>\n<meta property=\"og:url\" content=\"https:\/\/www.violencequefaire.ch\/en\/forced-marriage\/\" \/>\n<meta property=\"og:site_name\" content=\"Violence que faire ?\" \/>\n<meta property=\"article:modified_time\" content=\"2024-12-23T13:38:36+00:00\" \/>\n<meta name=\"twitter:card\" content=\"summary_large_image\" \/>\n<meta name=\"twitter:label1\" content=\"Est. reading time\" \/>\n\t<meta name=\"twitter:data1\" content=\"1 minute\" \/>\n<script type=\"application\/ld+json\" class=\"yoast-schema-graph\">{\"@context\":\"https:\\\/\\\/schema.org\",\"@graph\":[{\"@type\":\"WebPage\",\"@id\":\"https:\\\/\\\/www.violencequefaire.ch\\\/en\\\/forced-marriage\\\/\",\"url\":\"https:\\\/\\\/www.violencequefaire.ch\\\/en\\\/forced-marriage\\\/\",\"name\":\"Forced marriage &#8226; Violence que faire ?\",\"isPartOf\":{\"@id\":\"https:\\\/\\\/www.violencequefaire.ch\\\/en\\\/#website\"},\"datePublished\":\"2022-04-28T14:32:37+00:00\",\"dateModified\":\"2024-12-23T13:38:36+00:00\",\"description\":\"Discover information on forced marriage, its impact, and how to seek help. Learn more about recognizing and addressing this serious issue.\",\"breadcrumb\":{\"@id\":\"https:\\\/\\\/www.violencequefaire.ch\\\/en\\\/forced-marriage\\\/#breadcrumb\"},\"inLanguage\":\"en-US\",\"potentialAction\":[{\"@type\":\"ReadAction\",\"target\":[\"https:\\\/\\\/www.violencequefaire.ch\\\/en\\\/forced-marriage\\\/\"]}]},{\"@type\":\"BreadcrumbList\",\"@id\":\"https:\\\/\\\/www.violencequefaire.ch\\\/en\\\/forced-marriage\\\/#breadcrumb\",\"itemListElement\":[{\"@type\":\"ListItem\",\"position\":1,\"name\":\"Home\",\"item\":\"https:\\\/\\\/www.violencequefaire.ch\\\/en\\\/\"},{\"@type\":\"ListItem\",\"position\":2,\"name\":\"Forced marriage\"}]},{\"@type\":\"WebSite\",\"@id\":\"https:\\\/\\\/www.violencequefaire.ch\\\/en\\\/#website\",\"url\":\"https:\\\/\\\/www.violencequefaire.ch\\\/en\\\/\",\"name\":\"Violence que faire\",\"description\":\"Des sp\u00e9cialistes r\u00e9pondent personnellement \u00e0 vos questions anonymes sur la violence au sein du couple.\",\"publisher\":{\"@id\":\"https:\\\/\\\/www.violencequefaire.ch\\\/en\\\/#organization\"},\"alternateName\":\"Violenza Cosa Fare\",\"potentialAction\":[{\"@type\":\"SearchAction\",\"target\":{\"@type\":\"EntryPoint\",\"urlTemplate\":\"https:\\\/\\\/www.violencequefaire.ch\\\/en\\\/?s={search_term_string}\"},\"query-input\":{\"@type\":\"PropertyValueSpecification\",\"valueRequired\":true,\"valueName\":\"search_term_string\"}}],\"inLanguage\":\"en-US\"},{\"@type\":\"Organization\",\"@id\":\"https:\\\/\\\/www.violencequefaire.ch\\\/en\\\/#organization\",\"name\":\"Violence que faire ?\",\"url\":\"https:\\\/\\\/www.violencequefaire.ch\\\/en\\\/\",\"logo\":{\"@type\":\"ImageObject\",\"inLanguage\":\"en-US\",\"@id\":\"https:\\\/\\\/www.violencequefaire.ch\\\/en\\\/#\\\/schema\\\/logo\\\/image\\\/\",\"url\":\"https:\\\/\\\/www.violencequefaire.ch\\\/wp-content\\\/uploads\\\/2022\\\/04\\\/VQF_LOGO_neutre.jpg\",\"contentUrl\":\"https:\\\/\\\/www.violencequefaire.ch\\\/wp-content\\\/uploads\\\/2022\\\/04\\\/VQF_LOGO_neutre.jpg\",\"width\":253,\"height\":376,\"caption\":\"Violence que faire ?\"},\"image\":{\"@id\":\"https:\\\/\\\/www.violencequefaire.ch\\\/en\\\/#\\\/schema\\\/logo\\\/image\\\/\"}}]}<\/script>\n<!-- \/ Yoast SEO plugin. -->","yoast_head_json":{"title":"Forced marriage &#8226; Violence que faire ?","description":"Discover information on forced marriage, its impact, and how to seek help. Learn more about recognizing and addressing this serious issue.","robots":{"index":"index","follow":"follow","max-snippet":"max-snippet:-1","max-image-preview":"max-image-preview:large","max-video-preview":"max-video-preview:-1"},"canonical":"https:\/\/www.violencequefaire.ch\/en\/forced-marriage\/","og_locale":"en_US","og_type":"article","og_title":"Forced marriage &#8226; Violence que faire ?","og_description":"Discover information on forced marriage, its impact, and how to seek help. Learn more about recognizing and addressing this serious issue.","og_url":"https:\/\/www.violencequefaire.ch\/en\/forced-marriage\/","og_site_name":"Violence que faire ?","article_modified_time":"2024-12-23T13:38:36+00:00","twitter_card":"summary_large_image","twitter_misc":{"Est. reading time":"1 minute"},"schema":{"@context":"https:\/\/schema.org","@graph":[{"@type":"WebPage","@id":"https:\/\/www.violencequefaire.ch\/en\/forced-marriage\/","url":"https:\/\/www.violencequefaire.ch\/en\/forced-marriage\/","name":"Forced marriage &#8226; Violence que faire ?","isPartOf":{"@id":"https:\/\/www.violencequefaire.ch\/en\/#website"},"datePublished":"2022-04-28T14:32:37+00:00","dateModified":"2024-12-23T13:38:36+00:00","description":"Discover information on forced marriage, its impact, and how to seek help. Learn more about recognizing and addressing this serious issue.","breadcrumb":{"@id":"https:\/\/www.violencequefaire.ch\/en\/forced-marriage\/#breadcrumb"},"inLanguage":"en-US","potentialAction":[{"@type":"ReadAction","target":["https:\/\/www.violencequefaire.ch\/en\/forced-marriage\/"]}]},{"@type":"BreadcrumbList","@id":"https:\/\/www.violencequefaire.ch\/en\/forced-marriage\/#breadcrumb","itemListElement":[{"@type":"ListItem","position":1,"name":"Home","item":"https:\/\/www.violencequefaire.ch\/en\/"},{"@type":"ListItem","position":2,"name":"Forced marriage"}]},{"@type":"WebSite","@id":"https:\/\/www.violencequefaire.ch\/en\/#website","url":"https:\/\/www.violencequefaire.ch\/en\/","name":"Violence que faire","description":"Des sp\u00e9cialistes r\u00e9pondent personnellement \u00e0 vos questions anonymes sur la violence au sein du couple.","publisher":{"@id":"https:\/\/www.violencequefaire.ch\/en\/#organization"},"alternateName":"Violenza Cosa Fare","potentialAction":[{"@type":"SearchAction","target":{"@type":"EntryPoint","urlTemplate":"https:\/\/www.violencequefaire.ch\/en\/?s={search_term_string}"},"query-input":{"@type":"PropertyValueSpecification","valueRequired":true,"valueName":"search_term_string"}}],"inLanguage":"en-US"},{"@type":"Organization","@id":"https:\/\/www.violencequefaire.ch\/en\/#organization","name":"Violence que faire ?","url":"https:\/\/www.violencequefaire.ch\/en\/","logo":{"@type":"ImageObject","inLanguage":"en-US","@id":"https:\/\/www.violencequefaire.ch\/en\/#\/schema\/logo\/image\/","url":"https:\/\/www.violencequefaire.ch\/wp-content\/uploads\/2022\/04\/VQF_LOGO_neutre.jpg","contentUrl":"https:\/\/www.violencequefaire.ch\/wp-content\/uploads\/2022\/04\/VQF_LOGO_neutre.jpg","width":253,"height":376,"caption":"Violence que faire ?"},"image":{"@id":"https:\/\/www.violencequefaire.ch\/en\/#\/schema\/logo\/image\/"}}]}},"_links":{"self":[{"href":"https:\/\/www.violencequefaire.ch\/en\/wp-json\/wp\/v2\/pages\/10009","targetHints":{"allow":["GET"]}}],"collection":[{"href":"https:\/\/www.violencequefaire.ch\/en\/wp-json\/wp\/v2\/pages"}],"about":[{"href":"https:\/\/www.violencequefaire.ch\/en\/wp-json\/wp\/v2\/types\/page"}],"author":[{"embeddable":true,"href":"https:\/\/www.violencequefaire.ch\/en\/wp-json\/wp\/v2\/users\/16"}],"replies":[{"embeddable":true,"href":"https:\/\/www.violencequefaire.ch\/en\/wp-json\/wp\/v2\/comments?post=10009"}],"version-history":[{"count":1,"href":"https:\/\/www.violencequefaire.ch\/en\/wp-json\/wp\/v2\/pages\/10009\/revisions"}],"predecessor-version":[{"id":10010,"href":"https:\/\/www.violencequefaire.ch\/en\/wp-json\/wp\/v2\/pages\/10009\/revisions\/10010"}],"wp:attachment":[{"href":"https:\/\/www.violencequefaire.ch\/en\/wp-json\/wp\/v2\/media?parent=10009"}],"curies":[{"name":"wp","href":"https:\/\/api.w.org\/{rel}","templated":true}]}}