{"id":5889,"date":"2024-01-24T08:56:00","date_gmt":"2024-01-24T07:56:00","guid":{"rendered":"https:\/\/new.violencequefaire.ch\/?page_id=5889"},"modified":"2025-08-28T10:31:35","modified_gmt":"2025-08-28T08:31:35","slug":"nous-soutenir","status":"publish","type":"page","link":"https:\/\/www.violencequefaire.ch\/de\/nous-soutenir\/","title":{"rendered":"Nous soutenir"},"content":{"rendered":"<div class=\"wpb-content-wrapper\"><p>[vc_row][vc_column]<section class='vqf_section_block text_n_media_block'><div class='vqf_container'><div class='vqf_row'><div class='vqf_full_col'><h2>Devenir membre<\/h2><\/div><div><div class='vqf_fixed_width_text'><p>En adh\u00e9rant \u00e0 VIOLENCE QUE FAIRE, vous soutenez les buts de l\u2019Association, vous encouragez l&#8217;\u00e9quipe \u00e0 poursuivre son action et pouvez vous engager \u00e0 son c\u00f4t\u00e9. Par votre soutien, vous donnez plus de poids \u00e0 la lutte contre les violences dans les relations de couple. En tant que membre, vous recevez les lettres d\u2019information de l\u2019Association, centr\u00e9es sur nos actions et sur la probl\u00e9matique de la violence dans les relations de couple. Vous \u00eates \u00e9galement invit\u00e9-e-x-s \u00e0 l\u2019Assembl\u00e9e g\u00e9n\u00e9rale et participez ainsi aux prises de d\u00e9cisions concernant l\u2019Association. Par votre adh\u00e9sion, vous nous aidez \u00e0 poursuivre notre engagement sur le terrain et \u00e0 lancer de nouveaux projets !<\/p><\/div><\/div><\/div><div class='vqf_accordion_block'><div class='accordion_item'><div class='accordion_header'><span class='title'>Pourquoi devenir membre ?<\/span><\/div><div class='accordion_body'><div class='acc_body_inner'><div class='vqf_fixed_width_text'><p>En adh\u00e9rant \u00e0 VIOLENCE QUE FAIRE, vous soutenez les buts de l\u2019Association, vous encouragez l'\u00e9quipe \u00e0 poursuivre son action et pouvez vous engager \u00e0 son c\u00f4t\u00e9. Par votre soutien, vous donnez plus de poids \u00e0 la lutte contre les violences dans les relations de couple.<br \/>\n<br \/>\nEn tant que membre, vous recevez les lettres d\u2019information de l\u2019Association, centr\u00e9es sur nos actions et sur la probl\u00e9matique de la violence dans les relations de couple. Vous \u00eates \u00e9galement invit\u00e9-e-x-s \u00e0 l\u2019Assembl\u00e9e g\u00e9n\u00e9rale et participez ainsi aux prises de d\u00e9cisions concernant l\u2019Association.<br \/>\n<br \/>\nPar votre adh\u00e9sion, vous nous aidez \u00e0 poursuivre notre engagement sur le terrain et \u00e0 lancer de nouveaux projets !<\/p><\/div><\/div><\/div><\/div><div class='accordion_item'><div class='accordion_header'><span class='title'>Comment devenir membre ?<\/span><\/div><div class='accordion_body'><div class='acc_body_inner'><div class='vqf_fixed_width_text'><p>Si vous vous sentez concern\u00e9-e-x-s par la probl\u00e9matique trait\u00e9e par VIOLENCE QUE FAIRE et souhaitez soutenir ses activit\u00e9s en devenant membre, il vous suffit de contacter le Secr\u00e9tariat au +41 (0)21 311 95 33 ou d\u2019envoyer un e-mail avec vos coordonn\u00e9es \u00e0 l\u2019adresse contact@violencequefaire.ch.<br \/>\nVous recevrez alors un bulletin d\u2019adh\u00e9sion et de la documentation sur notre association.<br \/>\n<br \/>\nVous pouvez \u00e9galement adh\u00e9rer \u00e0 travers notre formulaire en ligne ci-dessous sous \"Devenir membre\".<br \/>\n<br \/>\nTrois types d\u2019adh\u00e9sions sont possibles :<br \/>\n<br \/>\nIndividuelle (cotisation annuelle de CHF 30.-)<br \/>\nCouple (cotisation annuelle de CHF 50.-)<br \/>\nCollective* (cotisation annuelle de CHF 100.-)<br \/>\n* organismes priv\u00e9s ou publics<br \/>\n<br \/>\nVotre adh\u00e9sion sera effective d\u00e8s que vous recevrez une confirmation.<\/p><\/div><\/div><\/div><\/div><\/div><\/div><\/section>[\/vc_column][\/vc_row][vc_row][vc_column]<section class='vqf_section_block only_for_tab'><div class='vqf_container'><div class='vqf_row'><div class='vqf_full_col'><h2><\/h2><div class='vqf_tabs'><ul class='tab_btns'><li data-tab='tab_1' class='actv_tab'><span>Faire un don<\/span><\/li><li data-tab='tab_2'><span>Devenir membre<\/span><\/li><\/ul><\/div><\/div><\/div><\/div><\/section>[vc_row_inner el_id=&#8220;tab_1&#8243; el_class=&#8220;tab_container_item&#8220;][vc_column_inner]<section class='vqf_section_block text_n_media_block'><div class='vqf_container'><div class='vqf_row'><div class='vqf_full_col'><h2>Aidez-nous \u00e0 r\u00e9pondre aux demandes les plus pressantes<\/h2><\/div><div class='left_text_block'><div class='vqf_fixed_width_text'><p>L&#8217;Association VIOLENCE QUE FAIRE g\u00e8re au quotidien son service de conseil en ligne gratuit et anonyme. Son objectif est de pouvoir toucher et aider toujours plus de personnes concern\u00e9es par la violence au sein du couple. Pour y parvenir, l&#8217;Association a toujours \u00e0 c\u0153ur de d\u00e9velopper son site\u00a0pour pouvoir r\u00e9pondre aux besoins des personnes particuli\u00e8rement touch\u00e9es et vuln\u00e9rables face \u00e0 la violence dans le couple.<\/p><\/div><\/div><div class='right_media_block'><div class='media_box'><iframe width='560' height='315' src='https:\/\/www.youtube.com\/embed\/3rBkT0GTgVs' title='YouTube video player' frameborder='0' allow='accelerometer; autoplay; clipboard-write; encrypted-media; gyroscope; picture-in-picture; web-share' allowfullscreen><\/iframe><\/div><\/div><\/div><div class='vqf_accordion_block'><div class='accordion_item'><div class='accordion_header'><span class='title'>Faire une donation<\/span><\/div><div class='accordion_body'><div class='acc_body_inner'><div class='vqf_fixed_width_text'><p>L'Association VIOLENCE QUE FAIRE est <a href=\"https:\/\/www.violencequefaire.ch\/wp-content\/uploads\/2025\/01\/exoneration-dimpots-VQF-attestation-1.pdf\" target=\"_blank\">reconnue d'utilit\u00e9 publique<\/a> par le canton de Vaud.<br \/>\n<br \/>\nASSOCIATION VIOLENCE QUE FAIRE<br \/>\nRue du Midi 8<br \/>\n1003 Lausanne<br \/>\n<br \/>\nCCP: 17-512222-3<br \/>\nIBAN: CH58 0900 0000 1751 2222 3<\/p><\/div><\/div><\/div><\/div><div class='accordion_item'><div class='accordion_header'><span class='title'>Soutien professionnel et personnalis\u00e9<\/span><\/div><div class='accordion_body'><div class='acc_body_inner'><div class='vqf_fixed_width_text'><p>Objectif: Briser le silence de la violence<br \/>\n<br \/>\nSouvent isol\u00e9es, dans la peur et dans la honte, les personnes victimes de violence au sein du couple ont de la difficult\u00e9 \u00e0 nommer ce qu\u2019elles vivent, \u00e0 se reconna\u00eetre comme victimes et \u00e0 faire le pas vers un service d\u2019aide sp\u00e9cialis\u00e9. De m\u00eame, il est difficile pour les personnes auteures de violence de d\u00e9voiler leurs actes et demander de l\u2019aide ou encore pour les t\u00e9moins de savoir comment agir dans cette situation.<br \/>\n<br \/>\nSi rien n\u2019est entrepris pour y mettre un terme, les \u00e9pisodes de violence deviennent de plus en plus rapproch\u00e9s et les agressions de plus en plus graves. Rompre le silence et l\u2019isolement est une premi\u00e8re \u00e9tape indispensable afin de stopper la spirale de la violence dans le couple. Il s\u2019agit alors de faciliter ce premier pas hors du silence, pour permettre que les situations soient prises en charge le plus t\u00f4t possible.<br \/>\n<br \/>\nEn aidant \u00e0 briser le silence, le service de conseil en ligne de violencequefaire.ch permet de prendre en charge les situations plus t\u00f4t et de diminuer ainsi les cons\u00e9quences de la violence.<br \/>\n<br \/>\nChaque jour, 300 personnes visitent le site pour trouver des informations sur la violence. L\u2019\u00e9quipe de violencequefaire.ch r\u00e9pond, en moyenne, \u00e0 pr\u00e8s de 400 internautes chaque ann\u00e9e.<br \/>\n<br \/>\nAvec un don de CHF 90.-, vous permettez \u00e0 un couple (de jeunes, d\u2019adultes, avec ou sans enfants) de briser le cycle de la violence et de faire un premier pas pour retrouver bien-\u00eatre et s\u00e9curit\u00e9.<br \/>\n<br \/>\nCo\u00fbt: CHF 100\u2019000.-\/an<\/p><\/div><\/div><\/div><\/div><div class='accordion_item'><div class='accordion_header'><span class='title'>D\u00e9veloppement du site violencequefaire.ch: accessibilit\u00e9 et version multilingue<\/span><\/div><div class='accordion_body'><div class='acc_body_inner'><div class='vqf_fixed_width_text'><p>Objectif 2024: \u00c9largir le service de conseil en ligne aux personnes de Suisse romande ne maitrisant pas le fran\u00e7ais et qui sont plus \u00e0 l\u2019aise en anglais et en italien. Cela n\u00e9cessite la traduction de l'ensemble du site dans ses deux langues et la formation de sp\u00e9cialistes maitrisant ces langues au travail de conseil en ligne. Par ailleurs, VIOLENCE QUE FAIRE souhaite rendre son site accessible aux personnes avec un handicap visuel via l'installation d'un plug-in adapt\u00e9 sur son site. <br \/>\n<br \/>\nCo\u00fbt estim\u00e9: CHF 86'000.-<\/p><\/div><\/div><\/div><\/div><\/div><\/div><\/section>[\/vc_column_inner][\/vc_row_inner][vc_row_inner el_id=&#8220;tab_2&#8243; el_class=&#8220;tab_container_item&#8220;][vc_column_inner][vc_raw_html]JTNDaWZyYW1lJTIwc3JjJTNEJTIyaHR0cHMlM0ElMkYlMkZkb2NzLmdvb2dsZS5jb20lMkZmb3JtcyUyRmQlMkYxdkItUldWa2NpYWhpRkNKeWVOU1p6QjdrNXlmLUZKS2hHTmhvamhEMDZwYyUyRnZpZXdmb3JtJTNGZW1iZWRkZWQlM0R0cnVlJTIyJTIwbWFyZ2lud2lkdGglM0QlMjIwJTIyJTIwbWFyZ2luaGVpZ2h0JTNEJTIyMCUyMiUyMHdpZHRoJTNEJTIyMTAwJTI1JTIyJTIwaGVpZ2h0JTNEJTIyNzAwJTIyJTIwZnJhbWVib3JkZXIlM0QlMjIwJTIyJTIwc3R5bGUlM0QlMjJtYXJnaW4tdG9wJTNBJTIwNDBweCUzQiUyMiUzRUNoYXJnZW1lbnQlMjBlbiUyMGNvdXJzJUUyJTgwJUE2JTNDJTJGaWZyYW1lJTNF[\/vc_raw_html][\/vc_column_inner][\/vc_row_inner][\/vc_column][\/vc_row][vc_row][vc_column]<div class='vqf_container'><div class='vqf_row'><div class='vqf_full_col'><h2>Merci<\/h2><p>VIOLENCE QUE FAIRE tient \u00e0 remercier les cantons de Suisse romande, le Bureau f\u00e9d\u00e9ral de l'\u00e9galit\u00e9 entre femmes et hommes (BFEG), la Fondation OAK ainsi que les personnes qui soutiennent l\u2019Association et collaborent \u00e0 ses activit\u00e9s.<br \/>\nGr\u00e2ce au soutien des subventionneurs publics et des donateurs pour des projets sp\u00e9cifiques ou sans contrepartie sp\u00e9cifique, VIOLENCE QUE FAIRE peut offrir un service de qualit\u00e9 et mener des actions de sensibilisation au niveau romand.<\/p><div class='vqf_logo_blocks'><div class='vqf_logo_block_item'><div class='logo_title'><h5>Subventions cantonales<\/h5><\/div><div class='vqf_logo_row'><div class='logo_col'><img src='https:\/\/www.violencequefaire.ch\/wp-content\/uploads\/2024\/01\/Logo-VD.jpg'><\/div><div class='logo_col'><img src='https:\/\/www.violencequefaire.ch\/wp-content\/uploads\/2024\/01\/Logo-GE.jpg'><\/div><div class='logo_col'><img src='https:\/\/www.violencequefaire.ch\/wp-content\/uploads\/2024\/01\/Logo-VS.png'><\/div><div class='logo_col'><img src='https:\/\/www.violencequefaire.ch\/wp-content\/uploads\/2024\/01\/Logo-FR.png'><\/div><div class='logo_col'><img src='https:\/\/www.violencequefaire.ch\/wp-content\/uploads\/2024\/01\/Logo-NE.png'><\/div><div class='logo_col'><img src='https:\/\/www.violencequefaire.ch\/wp-content\/uploads\/2024\/01\/Logo-BE.jpg'><\/div><div class='logo_col'><img src='https:\/\/www.violencequefaire.ch\/wp-content\/uploads\/2024\/01\/Logo-JU.gif'><\/div><\/div><\/div><\/div><\/div><\/div><\/div><div class='vqf_container'><div class='vqf_row'><div class='vqf_full_col'><h2><\/h2><p><\/p><div class='vqf_logo_blocks'><div class='vqf_logo_block_item'><div class='logo_title'><h5>Subventions f\u00e9d\u00e9rales<\/h5><\/div><div class='vqf_logo_row'><div class='logo_col'><img src='https:\/\/www.violencequefaire.ch\/wp-content\/uploads\/2024\/01\/Logo-BFEG.png'><\/div><\/div><\/div><\/div><\/div><\/div><\/div><div class='vqf_container'><div class='vqf_row'><div class='vqf_full_col'><h2><\/h2><p><\/p><div class='vqf_logo_blocks'><div class='vqf_logo_block_item'><div class='logo_title'><h5>Donations d'organisations priv\u00e9es<\/h5><\/div><div class='vqf_logo_row'><div class='logo_col'><img src='https:\/\/www.violencequefaire.ch\/wp-content\/uploads\/2024\/01\/Logo-OAK.png'><\/div><\/div><\/div><\/div><\/div><\/div><\/div>[\/vc_column][\/vc_row]<\/p>\n<\/div>","protected":false},"excerpt":{"rendered":"<p>[vc_row][vc_column][\/vc_column][\/vc_row][vc_row][vc_column][vc_row_inner el_id=&#8220;tab_1&#8243; el_class=&#8220;tab_container_item&#8220;][vc_column_inner][\/vc_column_inner][\/vc_row_inner][vc_row_inner el_id=&#8220;tab_2&#8243; el_class=&#8220;tab_container_item&#8220;][vc_column_inner][vc_raw_html]JTNDaWZyYW1lJTIwc3JjJTNEJTIyaHR0cHMlM0ElMkYlMkZkb2NzLmdvb2dsZS5jb20lMkZmb3JtcyUyRmQlMkYxdkItUldWa2NpYWhpRkNKeWVOU1p6QjdrNXlmLUZKS2hHTmhvamhEMDZwYyUyRnZpZXdmb3JtJTNGZW1iZWRkZWQlM0R0cnVlJTIyJTIwbWFyZ2lud2lkdGglM0QlMjIwJTIyJTIwbWFyZ2luaGVpZ2h0JTNEJTIyMCUyMiUyMHdpZHRoJTNEJTIyMTAwJTI1JTIyJTIwaGVpZ2h0JTNEJTIyNzAwJTIyJTIwZnJhbWVib3JkZXIlM0QlMjIwJTIyJTIwc3R5bGUlM0QlMjJtYXJnaW4tdG9wJTNBJTIwNDBweCUzQiUyMiUzRUNoYXJnZW1lbnQlMjBlbiUyMGNvdXJzJUUyJTgwJUE2JTNDJTJGaWZyYW1lJTNF[\/vc_raw_html][\/vc_column_inner][\/vc_row_inner][\/vc_column][\/vc_row][vc_row][vc_column][\/vc_column][\/vc_row]<\/p>\n","protected":false},"author":16,"featured_media":0,"parent":0,"menu_order":0,"comment_status":"closed","ping_status":"closed","template":"","meta":{"_acf_changed":false,"footnotes":""},"class_list":["post-5889","page","type-page","status-publish","hentry"],"acf":[],"yoast_head":"<!-- This site is optimized with the Yoast SEO plugin v27.3 - https:\/\/yoast.com\/product\/yoast-seo-wordpress\/ -->\n<title>Nous soutenir &#8226; Violence que faire ?<\/title>\n<meta name=\"description\" content=\"Nous soutenir, d\u00e9couvrez comment et pourquoi devenir membre de violence que faire? Merci aux personnes et institutions qui nous soutiennent.\" \/>\n<meta name=\"robots\" content=\"index, follow, max-snippet:-1, max-image-preview:large, max-video-preview:-1\" \/>\n<link rel=\"canonical\" href=\"https:\/\/www.violencequefaire.ch\/de\/nous-soutenir\/\" \/>\n<meta property=\"og:locale\" content=\"de_DE\" \/>\n<meta property=\"og:type\" content=\"article\" \/>\n<meta property=\"og:title\" content=\"Nous soutenir &#8226; Violence que faire ?\" \/>\n<meta property=\"og:description\" content=\"Nous soutenir, d\u00e9couvrez comment et pourquoi devenir membre de violence que faire? Merci aux personnes et institutions qui nous soutiennent.\" \/>\n<meta property=\"og:url\" content=\"https:\/\/www.violencequefaire.ch\/de\/nous-soutenir\/\" \/>\n<meta property=\"og:site_name\" content=\"Violence que faire ?\" \/>\n<meta property=\"article:modified_time\" content=\"2025-08-28T08:31:35+00:00\" \/>\n<meta name=\"twitter:card\" content=\"summary_large_image\" \/>\n<meta name=\"twitter:label1\" content=\"Gesch\u00e4tzte Lesezeit\" \/>\n\t<meta name=\"twitter:data1\" content=\"2\u00a0Minuten\" \/>\n<script type=\"application\/ld+json\" class=\"yoast-schema-graph\">{\"@context\":\"https:\\\/\\\/schema.org\",\"@graph\":[{\"@type\":\"WebPage\",\"@id\":\"https:\\\/\\\/www.violencequefaire.ch\\\/de\\\/nous-soutenir\\\/\",\"url\":\"https:\\\/\\\/www.violencequefaire.ch\\\/de\\\/nous-soutenir\\\/\",\"name\":\"Nous soutenir &#8226; Violence que faire ?\",\"isPartOf\":{\"@id\":\"https:\\\/\\\/www.violencequefaire.ch\\\/de\\\/#website\"},\"datePublished\":\"2024-01-24T07:56:00+00:00\",\"dateModified\":\"2025-08-28T08:31:35+00:00\",\"description\":\"Nous soutenir, d\u00e9couvrez comment et pourquoi devenir membre de violence que faire? Merci aux personnes et institutions qui nous soutiennent.\",\"breadcrumb\":{\"@id\":\"https:\\\/\\\/www.violencequefaire.ch\\\/de\\\/nous-soutenir\\\/#breadcrumb\"},\"inLanguage\":\"de\",\"potentialAction\":[{\"@type\":\"ReadAction\",\"target\":[\"https:\\\/\\\/www.violencequefaire.ch\\\/de\\\/nous-soutenir\\\/\"]}]},{\"@type\":\"BreadcrumbList\",\"@id\":\"https:\\\/\\\/www.violencequefaire.ch\\\/de\\\/nous-soutenir\\\/#breadcrumb\",\"itemListElement\":[{\"@type\":\"ListItem\",\"position\":1,\"name\":\"Startseite\",\"item\":\"https:\\\/\\\/www.violencequefaire.ch\\\/de\\\/\"},{\"@type\":\"ListItem\",\"position\":2,\"name\":\"Nous soutenir\"}]},{\"@type\":\"WebSite\",\"@id\":\"https:\\\/\\\/www.violencequefaire.ch\\\/de\\\/#website\",\"url\":\"https:\\\/\\\/www.violencequefaire.ch\\\/de\\\/\",\"name\":\"Violence que faire\",\"description\":\"Des sp\u00e9cialistes r\u00e9pondent personnellement \u00e0 vos questions anonymes sur la violence au sein du couple.\",\"publisher\":{\"@id\":\"https:\\\/\\\/www.violencequefaire.ch\\\/de\\\/#organization\"},\"alternateName\":\"Violenza Cosa Fare\",\"potentialAction\":[{\"@type\":\"SearchAction\",\"target\":{\"@type\":\"EntryPoint\",\"urlTemplate\":\"https:\\\/\\\/www.violencequefaire.ch\\\/de\\\/?s={search_term_string}\"},\"query-input\":{\"@type\":\"PropertyValueSpecification\",\"valueRequired\":true,\"valueName\":\"search_term_string\"}}],\"inLanguage\":\"de\"},{\"@type\":\"Organization\",\"@id\":\"https:\\\/\\\/www.violencequefaire.ch\\\/de\\\/#organization\",\"name\":\"Violence que faire ?\",\"url\":\"https:\\\/\\\/www.violencequefaire.ch\\\/de\\\/\",\"logo\":{\"@type\":\"ImageObject\",\"inLanguage\":\"de\",\"@id\":\"https:\\\/\\\/www.violencequefaire.ch\\\/de\\\/#\\\/schema\\\/logo\\\/image\\\/\",\"url\":\"https:\\\/\\\/www.violencequefaire.ch\\\/wp-content\\\/uploads\\\/2022\\\/04\\\/VQF_LOGO_neutre.jpg\",\"contentUrl\":\"https:\\\/\\\/www.violencequefaire.ch\\\/wp-content\\\/uploads\\\/2022\\\/04\\\/VQF_LOGO_neutre.jpg\",\"width\":253,\"height\":376,\"caption\":\"Violence que faire ?\"},\"image\":{\"@id\":\"https:\\\/\\\/www.violencequefaire.ch\\\/de\\\/#\\\/schema\\\/logo\\\/image\\\/\"}}]}<\/script>\n<!-- \/ Yoast SEO plugin. -->","yoast_head_json":{"title":"Nous soutenir &#8226; Violence que faire ?","description":"Nous soutenir, d\u00e9couvrez comment et pourquoi devenir membre de violence que faire? Merci aux personnes et institutions qui nous soutiennent.","robots":{"index":"index","follow":"follow","max-snippet":"max-snippet:-1","max-image-preview":"max-image-preview:large","max-video-preview":"max-video-preview:-1"},"canonical":"https:\/\/www.violencequefaire.ch\/de\/nous-soutenir\/","og_locale":"de_DE","og_type":"article","og_title":"Nous soutenir &#8226; Violence que faire ?","og_description":"Nous soutenir, d\u00e9couvrez comment et pourquoi devenir membre de violence que faire? Merci aux personnes et institutions qui nous soutiennent.","og_url":"https:\/\/www.violencequefaire.ch\/de\/nous-soutenir\/","og_site_name":"Violence que faire ?","article_modified_time":"2025-08-28T08:31:35+00:00","twitter_card":"summary_large_image","twitter_misc":{"Gesch\u00e4tzte Lesezeit":"2\u00a0Minuten"},"schema":{"@context":"https:\/\/schema.org","@graph":[{"@type":"WebPage","@id":"https:\/\/www.violencequefaire.ch\/de\/nous-soutenir\/","url":"https:\/\/www.violencequefaire.ch\/de\/nous-soutenir\/","name":"Nous soutenir &#8226; Violence que faire ?","isPartOf":{"@id":"https:\/\/www.violencequefaire.ch\/de\/#website"},"datePublished":"2024-01-24T07:56:00+00:00","dateModified":"2025-08-28T08:31:35+00:00","description":"Nous soutenir, d\u00e9couvrez comment et pourquoi devenir membre de violence que faire? Merci aux personnes et institutions qui nous soutiennent.","breadcrumb":{"@id":"https:\/\/www.violencequefaire.ch\/de\/nous-soutenir\/#breadcrumb"},"inLanguage":"de","potentialAction":[{"@type":"ReadAction","target":["https:\/\/www.violencequefaire.ch\/de\/nous-soutenir\/"]}]},{"@type":"BreadcrumbList","@id":"https:\/\/www.violencequefaire.ch\/de\/nous-soutenir\/#breadcrumb","itemListElement":[{"@type":"ListItem","position":1,"name":"Startseite","item":"https:\/\/www.violencequefaire.ch\/de\/"},{"@type":"ListItem","position":2,"name":"Nous soutenir"}]},{"@type":"WebSite","@id":"https:\/\/www.violencequefaire.ch\/de\/#website","url":"https:\/\/www.violencequefaire.ch\/de\/","name":"Violence que faire","description":"Des sp\u00e9cialistes r\u00e9pondent personnellement \u00e0 vos questions anonymes sur la violence au sein du couple.","publisher":{"@id":"https:\/\/www.violencequefaire.ch\/de\/#organization"},"alternateName":"Violenza Cosa Fare","potentialAction":[{"@type":"SearchAction","target":{"@type":"EntryPoint","urlTemplate":"https:\/\/www.violencequefaire.ch\/de\/?s={search_term_string}"},"query-input":{"@type":"PropertyValueSpecification","valueRequired":true,"valueName":"search_term_string"}}],"inLanguage":"de"},{"@type":"Organization","@id":"https:\/\/www.violencequefaire.ch\/de\/#organization","name":"Violence que faire ?","url":"https:\/\/www.violencequefaire.ch\/de\/","logo":{"@type":"ImageObject","inLanguage":"de","@id":"https:\/\/www.violencequefaire.ch\/de\/#\/schema\/logo\/image\/","url":"https:\/\/www.violencequefaire.ch\/wp-content\/uploads\/2022\/04\/VQF_LOGO_neutre.jpg","contentUrl":"https:\/\/www.violencequefaire.ch\/wp-content\/uploads\/2022\/04\/VQF_LOGO_neutre.jpg","width":253,"height":376,"caption":"Violence que faire ?"},"image":{"@id":"https:\/\/www.violencequefaire.ch\/de\/#\/schema\/logo\/image\/"}}]}},"_links":{"self":[{"href":"https:\/\/www.violencequefaire.ch\/de\/wp-json\/wp\/v2\/pages\/5889","targetHints":{"allow":["GET"]}}],"collection":[{"href":"https:\/\/www.violencequefaire.ch\/de\/wp-json\/wp\/v2\/pages"}],"about":[{"href":"https:\/\/www.violencequefaire.ch\/de\/wp-json\/wp\/v2\/types\/page"}],"author":[{"embeddable":true,"href":"https:\/\/www.violencequefaire.ch\/de\/wp-json\/wp\/v2\/users\/16"}],"replies":[{"embeddable":true,"href":"https:\/\/www.violencequefaire.ch\/de\/wp-json\/wp\/v2\/comments?post=5889"}],"version-history":[{"count":4,"href":"https:\/\/www.violencequefaire.ch\/de\/wp-json\/wp\/v2\/pages\/5889\/revisions"}],"predecessor-version":[{"id":10592,"href":"https:\/\/www.violencequefaire.ch\/de\/wp-json\/wp\/v2\/pages\/5889\/revisions\/10592"}],"wp:attachment":[{"href":"https:\/\/www.violencequefaire.ch\/de\/wp-json\/wp\/v2\/media?parent=5889"}],"curies":[{"name":"wp","href":"https:\/\/api.w.org\/{rel}","templated":true}]}}