{"id":2018,"date":"2022-03-25T14:59:01","date_gmt":"2022-03-25T13:59:01","guid":{"rendered":"https:\/\/dev-vqf.creatives.com\/?page_id=2018"},"modified":"2024-02-14T12:46:59","modified_gmt":"2024-02-14T11:46:59","slug":"gewaltspirale","status":"publish","type":"page","link":"https:\/\/www.violencequefaire.ch\/de\/gewaltspirale\/","title":{"rendered":"Was ist Gewalt?"},"content":{"rendered":"<div class=\"wpb-content-wrapper\"><p>[vc_row][vc_column]<section class='vqf_section_block'><div class='vqf_container'><div class='vqf_row'><div class='vqf_full_col'><h2>STREIT ODER GEWALT<\/h2><div class='vqf_fixed_width_text'><p>Streit \u2013 das kommt bei den meisten Paaren gelegentlich vor. In einer Partnerschaft kann man w\u00fctend werden, ohne dass dies negative Folgen haben muss. H\u00e4usliche Gewalt oder Gewalt in der Beziehung hingegen ist etwas ganz anderes. Gewalt hat zerst\u00f6rerische Auswirkungen auf alle Familienmitglieder. Bei Gewaltanwendung schwindet der Respekt gegen\u00fcber der anderen Person und die Partner sind nicht mehr gleichgestellt.<\/p>\n<p>H\u00e4usliche Gewalt kann bei verheirateten oder unverheirateten Paaren vorkommen \u2013 schon ganz am Anfang der Beziehung, erst nach mehreren Jahren des Zusammenseins oder zum Zeitpunkt der Trennung.<\/p><\/div><div class='vqf_intra_links_block innerpage_intra_links'><div class='inner_row'><\/div><\/div><\/div><\/div><\/div><\/section>[\/vc_column][\/vc_row][vc_row el_id=&#8220;cycle&#8220;][vc_column]<section class='vqf_section_block media_n_text_block' id=''><div class='vqf_container'><div class='vqf_row'><div class='vqf_full_col'><h2>GEWALTSPIRALE<\/h2><\/div><div class='vqf_fixed_width_text'><p>Gewalt in der Beziehung nimmt die Form einer Spirale an, man spricht auch vom \u00abRad der Gewalt\u00bb. In den meisten F\u00e4llen fallen die Gewaltepisoden immer n\u00e4her zusammen und die Aggressionen werden immer schlimmer. Wird nichts unternommen, kann diese Eskalation zu lebensbedrohlichen Verletzungen, irreversiblen Sch\u00e4den oder sogar zur T\u00f6tung des Opfers f\u00fchren.<\/p><\/div><div class='left_media_block'><div class='media_box'><img src='https:\/\/www.violencequefaire.ch\/wp-content\/uploads\/2022\/05\/image-1.jpeg'><\/div><\/div><div class='right_text_block'><div class='vqf_text_carousel_with_cta'><div class='owl-carousel owl-theme'><div class='item'><div class='text_item'><h4>1. Spannungsaufbau<\/h4><p>Die Kommunikation bricht ab, die gewaltaus\u00fcbende Person tut sich schwer damit, ihre Gef\u00fchle und Missstimmung auszudr\u00fccken, ihre Unzufriedenheit kumuliert sich, sie will alles unter Kontrolle haben und weigert sich zu verhandeln, das Opfer nimmt erste Anzeichen von Gewalt wahr und bekommt Angst.<\/p><a href='https:\/\/sitemanager.violencequefaire.ch\/' class='vqf_outline_cta'>Stellen Sie eine Frage<\/a><\/div><\/div><div class='item'><div class='text_item'><h4>2. Gewaltausbruch<\/h4><p>Es kommt zur Gewalteskalation, die gewaltaus\u00fcbende Person l\u00e4sst die angestauten Gef\u00fchle frei heraus. Das Opfer f\u00fchlt sich gefangen, ver\u00e4ngstigt und machtlos, es tendiert dazu, den Forderungen der gewaltaus\u00fcbenden Person nachzugeben.<\/p><a href='https:\/\/sitemanager.violencequefaire.ch\/' class='vqf_outline_cta'>Stellen Sie eine Frage<\/a><\/div><\/div><div class='item'><div class='text_item'><h4>3. Vers\u00f6hnung<\/h4><p>Die gewaltaus\u00fcbende Person entschuldigt sich, verspricht, dass so etwas nie wieder vorkommen wird, macht alles, damit ihr vergeben wird. Das Opfer beginnt wieder zu hoffen und nimmt die Entschuldigungen an. Die gewaltaus\u00fcbende Person redet ihre Handlungen sch\u00f6n, rechtfertigt sich, bringt \u00e4ussere Ursachen (Stress usw.) vor oder schiebt die Schuld dem Opfer zu. Das Opfer beginnt an sich zu zweifeln oder sich schuldig zu f\u00fchlen und denkt, dass es sich \u00e4ndern muss.<\/p><a href='https:\/\/sitemanager.violencequefaire.ch\/' class='vqf_outline_cta'>Stellen Sie eine Frage<\/a><\/div><\/div><div class='item'><div class='text_item'><h4>4. Latenzphase<\/h4><p>Die Krise ist vergessen, das gewaltt\u00e4tige Verhalten kommt zum Stillstand. Man spricht auch von der \u00abHoneymoon-Phase\u00bb. Wird nichts unternommen, so wird diese Phase aber nicht lange anhalten und der Zyklus beginnt von Neuem.<\/p><a href='https:\/\/sitemanager.violencequefaire.ch\/' class='vqf_outline_cta'>Stellen Sie eine Frage<\/a><\/div><\/div><\/div><\/div><\/div><\/div><\/div><\/section>[\/vc_column][\/vc_row]<\/p>\n<\/div>","protected":false},"excerpt":{"rendered":"<p>[vc_row][vc_column][\/vc_column][\/vc_row][vc_row el_id=&#8220;cycle&#8220;][vc_column][\/vc_column][\/vc_row]<\/p>\n","protected":false},"author":16,"featured_media":0,"parent":0,"menu_order":0,"comment_status":"closed","ping_status":"closed","template":"","meta":{"_acf_changed":false,"footnotes":""},"class_list":["post-2018","page","type-page","status-publish","hentry"],"acf":[],"yoast_head":"<!-- This site is optimized with the Yoast SEO plugin v27.3 - https:\/\/yoast.com\/product\/yoast-seo-wordpress\/ -->\n<title>Was ist Gewalt? &#8226; Violence que faire ?<\/title>\n<meta name=\"robots\" content=\"index, follow, max-snippet:-1, max-image-preview:large, max-video-preview:-1\" \/>\n<link rel=\"canonical\" href=\"https:\/\/www.violencequefaire.ch\/de\/gewaltspirale\/\" \/>\n<meta property=\"og:locale\" content=\"de_DE\" \/>\n<meta property=\"og:type\" content=\"article\" \/>\n<meta property=\"og:title\" content=\"Was ist Gewalt? &#8226; Violence que faire ?\" \/>\n<meta property=\"og:description\" content=\"[vc_row][vc_column][\/vc_column][\/vc_row][vc_row el_id=&#8220;cycle&#8220;][vc_column][\/vc_column][\/vc_row]\" \/>\n<meta property=\"og:url\" content=\"https:\/\/www.violencequefaire.ch\/de\/gewaltspirale\/\" \/>\n<meta property=\"og:site_name\" content=\"Violence que faire ?\" \/>\n<meta property=\"article:modified_time\" content=\"2024-02-14T11:46:59+00:00\" \/>\n<meta name=\"twitter:card\" content=\"summary_large_image\" \/>\n<meta name=\"twitter:label1\" content=\"Gesch\u00e4tzte Lesezeit\" \/>\n\t<meta name=\"twitter:data1\" content=\"1\u00a0Minute\" \/>\n<script type=\"application\/ld+json\" class=\"yoast-schema-graph\">{\"@context\":\"https:\\\/\\\/schema.org\",\"@graph\":[{\"@type\":\"WebPage\",\"@id\":\"https:\\\/\\\/www.violencequefaire.ch\\\/de\\\/gewaltspirale\\\/\",\"url\":\"https:\\\/\\\/www.violencequefaire.ch\\\/de\\\/gewaltspirale\\\/\",\"name\":\"Was ist Gewalt? &#8226; Violence que faire ?\",\"isPartOf\":{\"@id\":\"https:\\\/\\\/www.violencequefaire.ch\\\/de\\\/#website\"},\"datePublished\":\"2022-03-25T13:59:01+00:00\",\"dateModified\":\"2024-02-14T11:46:59+00:00\",\"breadcrumb\":{\"@id\":\"https:\\\/\\\/www.violencequefaire.ch\\\/de\\\/gewaltspirale\\\/#breadcrumb\"},\"inLanguage\":\"de\",\"potentialAction\":[{\"@type\":\"ReadAction\",\"target\":[\"https:\\\/\\\/www.violencequefaire.ch\\\/de\\\/gewaltspirale\\\/\"]}]},{\"@type\":\"BreadcrumbList\",\"@id\":\"https:\\\/\\\/www.violencequefaire.ch\\\/de\\\/gewaltspirale\\\/#breadcrumb\",\"itemListElement\":[{\"@type\":\"ListItem\",\"position\":1,\"name\":\"Startseite\",\"item\":\"https:\\\/\\\/www.violencequefaire.ch\\\/de\\\/\"},{\"@type\":\"ListItem\",\"position\":2,\"name\":\"Was ist Gewalt?\"}]},{\"@type\":\"WebSite\",\"@id\":\"https:\\\/\\\/www.violencequefaire.ch\\\/de\\\/#website\",\"url\":\"https:\\\/\\\/www.violencequefaire.ch\\\/de\\\/\",\"name\":\"Violence que faire\",\"description\":\"Des sp\u00e9cialistes r\u00e9pondent personnellement \u00e0 vos questions anonymes sur la violence au sein du couple.\",\"publisher\":{\"@id\":\"https:\\\/\\\/www.violencequefaire.ch\\\/de\\\/#organization\"},\"alternateName\":\"Violenza Cosa Fare\",\"potentialAction\":[{\"@type\":\"SearchAction\",\"target\":{\"@type\":\"EntryPoint\",\"urlTemplate\":\"https:\\\/\\\/www.violencequefaire.ch\\\/de\\\/?s={search_term_string}\"},\"query-input\":{\"@type\":\"PropertyValueSpecification\",\"valueRequired\":true,\"valueName\":\"search_term_string\"}}],\"inLanguage\":\"de\"},{\"@type\":\"Organization\",\"@id\":\"https:\\\/\\\/www.violencequefaire.ch\\\/de\\\/#organization\",\"name\":\"Violence que faire ?\",\"url\":\"https:\\\/\\\/www.violencequefaire.ch\\\/de\\\/\",\"logo\":{\"@type\":\"ImageObject\",\"inLanguage\":\"de\",\"@id\":\"https:\\\/\\\/www.violencequefaire.ch\\\/de\\\/#\\\/schema\\\/logo\\\/image\\\/\",\"url\":\"https:\\\/\\\/www.violencequefaire.ch\\\/wp-content\\\/uploads\\\/2022\\\/04\\\/VQF_LOGO_neutre.jpg\",\"contentUrl\":\"https:\\\/\\\/www.violencequefaire.ch\\\/wp-content\\\/uploads\\\/2022\\\/04\\\/VQF_LOGO_neutre.jpg\",\"width\":253,\"height\":376,\"caption\":\"Violence que faire ?\"},\"image\":{\"@id\":\"https:\\\/\\\/www.violencequefaire.ch\\\/de\\\/#\\\/schema\\\/logo\\\/image\\\/\"}}]}<\/script>\n<!-- \/ Yoast SEO plugin. -->","yoast_head_json":{"title":"Was ist Gewalt? &#8226; Violence que faire ?","robots":{"index":"index","follow":"follow","max-snippet":"max-snippet:-1","max-image-preview":"max-image-preview:large","max-video-preview":"max-video-preview:-1"},"canonical":"https:\/\/www.violencequefaire.ch\/de\/gewaltspirale\/","og_locale":"de_DE","og_type":"article","og_title":"Was ist Gewalt? &#8226; Violence que faire ?","og_description":"[vc_row][vc_column][\/vc_column][\/vc_row][vc_row el_id=&#8220;cycle&#8220;][vc_column][\/vc_column][\/vc_row]","og_url":"https:\/\/www.violencequefaire.ch\/de\/gewaltspirale\/","og_site_name":"Violence que faire ?","article_modified_time":"2024-02-14T11:46:59+00:00","twitter_card":"summary_large_image","twitter_misc":{"Gesch\u00e4tzte Lesezeit":"1\u00a0Minute"},"schema":{"@context":"https:\/\/schema.org","@graph":[{"@type":"WebPage","@id":"https:\/\/www.violencequefaire.ch\/de\/gewaltspirale\/","url":"https:\/\/www.violencequefaire.ch\/de\/gewaltspirale\/","name":"Was ist Gewalt? &#8226; Violence que faire ?","isPartOf":{"@id":"https:\/\/www.violencequefaire.ch\/de\/#website"},"datePublished":"2022-03-25T13:59:01+00:00","dateModified":"2024-02-14T11:46:59+00:00","breadcrumb":{"@id":"https:\/\/www.violencequefaire.ch\/de\/gewaltspirale\/#breadcrumb"},"inLanguage":"de","potentialAction":[{"@type":"ReadAction","target":["https:\/\/www.violencequefaire.ch\/de\/gewaltspirale\/"]}]},{"@type":"BreadcrumbList","@id":"https:\/\/www.violencequefaire.ch\/de\/gewaltspirale\/#breadcrumb","itemListElement":[{"@type":"ListItem","position":1,"name":"Startseite","item":"https:\/\/www.violencequefaire.ch\/de\/"},{"@type":"ListItem","position":2,"name":"Was ist Gewalt?"}]},{"@type":"WebSite","@id":"https:\/\/www.violencequefaire.ch\/de\/#website","url":"https:\/\/www.violencequefaire.ch\/de\/","name":"Violence que faire","description":"Des sp\u00e9cialistes r\u00e9pondent personnellement \u00e0 vos questions anonymes sur la violence au sein du couple.","publisher":{"@id":"https:\/\/www.violencequefaire.ch\/de\/#organization"},"alternateName":"Violenza Cosa Fare","potentialAction":[{"@type":"SearchAction","target":{"@type":"EntryPoint","urlTemplate":"https:\/\/www.violencequefaire.ch\/de\/?s={search_term_string}"},"query-input":{"@type":"PropertyValueSpecification","valueRequired":true,"valueName":"search_term_string"}}],"inLanguage":"de"},{"@type":"Organization","@id":"https:\/\/www.violencequefaire.ch\/de\/#organization","name":"Violence que faire ?","url":"https:\/\/www.violencequefaire.ch\/de\/","logo":{"@type":"ImageObject","inLanguage":"de","@id":"https:\/\/www.violencequefaire.ch\/de\/#\/schema\/logo\/image\/","url":"https:\/\/www.violencequefaire.ch\/wp-content\/uploads\/2022\/04\/VQF_LOGO_neutre.jpg","contentUrl":"https:\/\/www.violencequefaire.ch\/wp-content\/uploads\/2022\/04\/VQF_LOGO_neutre.jpg","width":253,"height":376,"caption":"Violence que faire ?"},"image":{"@id":"https:\/\/www.violencequefaire.ch\/de\/#\/schema\/logo\/image\/"}}]}},"_links":{"self":[{"href":"https:\/\/www.violencequefaire.ch\/de\/wp-json\/wp\/v2\/pages\/2018","targetHints":{"allow":["GET"]}}],"collection":[{"href":"https:\/\/www.violencequefaire.ch\/de\/wp-json\/wp\/v2\/pages"}],"about":[{"href":"https:\/\/www.violencequefaire.ch\/de\/wp-json\/wp\/v2\/types\/page"}],"author":[{"embeddable":true,"href":"https:\/\/www.violencequefaire.ch\/de\/wp-json\/wp\/v2\/users\/16"}],"replies":[{"embeddable":true,"href":"https:\/\/www.violencequefaire.ch\/de\/wp-json\/wp\/v2\/comments?post=2018"}],"version-history":[{"count":9,"href":"https:\/\/www.violencequefaire.ch\/de\/wp-json\/wp\/v2\/pages\/2018\/revisions"}],"predecessor-version":[{"id":6145,"href":"https:\/\/www.violencequefaire.ch\/de\/wp-json\/wp\/v2\/pages\/2018\/revisions\/6145"}],"wp:attachment":[{"href":"https:\/\/www.violencequefaire.ch\/de\/wp-json\/wp\/v2\/media?parent=2018"}],"curies":[{"name":"wp","href":"https:\/\/api.w.org\/{rel}","templated":true}]}}