{"id":2624,"date":"2022-03-25T14:59:01","date_gmt":"2022-03-25T13:59:01","guid":{"rendered":"https:\/\/dev-vqf.creatives.com\/?page_id=2624"},"modified":"2023-12-13T09:03:03","modified_gmt":"2023-12-13T08:03:03","slug":"sta-je-nasilje","status":"publish","type":"page","link":"https:\/\/www.violencequefaire.ch\/bs\/sta-je-nasilje\/","title":{"rendered":"\u0160ta je nasilje?"},"content":{"rendered":"<div class=\"wpb-content-wrapper\"><p>[vc_row][vc_column]<section class='vqf_section_block'><div class='vqf_container'><div class='vqf_row'><div class='vqf_full_col'><h2>SVADJA ILI NASILJE?<\/h2><div class='vqf_fixed_width_text'><p>Kod ve\u0107ine parova dogadjaju se povremeno prepirke, svadje. Supru\u017enici, partneri, mogu i da se posvadjaju, a da to ne izazove obavezno negativne posledice. Ku\u0107no nasilje (\u201cbra\u010dno nasilje\u201d) je ne\u0161to drugo. Ono ima razaraju\u0107e posledice na sve \u010dlanove porodice. Kada se primenjuje nasilje, po\u0161tovanje prema onom drugom i ravnopravnost izmedju partnera nestaju.<\/p>\n<p>Ku\u0107no nasilje je nasilje koje se dogadja u zajednici, bilo da se radi o bra\u010dnij ili vanbra\u010dnoj. Takvo nasilje mo\u017ee da se pojavi na samom po\u010detku veze i stvaranja zajednice, posle vi\u0161e godina zajedni\u010dkog \u017eivota ili u trenutku kada dodje do rastavljanja.<\/p><\/div><div class='vqf_intra_links_block innerpage_intra_links'><div class='inner_row'><div class='intra_link_col'><div class='intra_link_item'><div class='intra_item_inner'><div class='intra_body'><\/div><div class='intra_footer'><img src='https:\/\/www.violencequefaire.ch\/wp-content\/themes\/vqf\/assets\/img\/icons\/arrow_black.svg' alt=''><\/div><\/div><\/div><\/div><\/div><\/div><\/div><\/div><\/div><\/section>[\/vc_column][\/vc_row][vc_row el_id=&#8221;cycle&#8221;][vc_column]<section class='vqf_section_block media_n_text_block' id=''><div class='vqf_container'><div class='vqf_row'><div class='vqf_full_col'><h2>LE CYCLE DE LA VIOLENCE<\/h2><\/div><div class='vqf_fixed_width_text'><p>Chaque situation de couple est unique, mais la plupart du temps, la violence se d\u00e9roule sous la forme d\u2019un cycle de quatre phases, v\u00e9ritable cercle vicieux destructeur, facilement rep\u00e9rable une fois qu\u2019il est connu. Il est difficile de rompre ce cycle infernal sans soutien ext\u00e9rieur. Briser le silence et l\u2019isolement, parler de sa situation est une \u00e9tape importante pour y arriver.<\/p><\/div><div class='left_media_block'><div class='media_box'><img src='https:\/\/www.violencequefaire.ch\/wp-content\/uploads\/2022\/05\/Infographie_cycleviolence.jpg'><\/div><\/div><div class='right_text_block'><div class='vqf_text_carousel_with_cta'><div class='owl-carousel owl-theme'><div class='item'><div class='text_item'><h4>1. La tension monte<\/h4><p>Un-e-x des partenaires a peut-\u00eatre de la peine \u00e0 exprimer ses sentiments, ses d\u00e9saccords. Les frustrations et m\u00e9contentements s\u2019accumulent. Ou alors une des personnes veut tout contr\u00f4ler au sein de la famille et refuse la n\u00e9gociation. Chaque manquement \u00e0 sa volont\u00e9 est source d\u2019insatisfaction. Dans les deux cas, la tension monte. L\u2019autre partenaire peut sans doute d\u00e9j\u00e0 rep\u00e9rer des signes de violence, mais esp\u00e8re que ce n\u2019est que passager et que la situation se calmera rapidement.<\/p><a href='https:\/\/sitemanager.violencequefaire.ch\/' class='vqf_outline_cta'>Posez votre question<\/a><\/div><\/div><div class='item'><div class='text_item'><h4>2. La violence explose<\/h4><p>La personne violente finit par exploser, pour se d\u00e9charger ou pour r\u00e9gler les conflits \u00e0 son avantage. Alors que la violence \u00e9tait mesur\u00e9e pendant la premi\u00e8re phase, elle est alors capable de tout: hurlements, insultes, menaces, intimidations, gifles, coups, etc. La victime se sent pi\u00e9g\u00e9e, terrifi\u00e9e, impuissante. Bien souvent, la seule solution pour que cela s\u2019arr\u00eate est de se conformer aux exigences de la personne violente.<\/p><a href='https:\/\/sitemanager.violencequefaire.ch\/' class='vqf_outline_cta'>Posez votre question<\/a><\/div><\/div><div class='item'><div class='text_item'><h4>3. La personne auteure de violence se justifie et fait douter l'autre partenaire<\/h4><p>La personne violente minimise ensuite ses actes et leurs cons\u00e9quences et invoque des causes externes (stress, fatigue, ch\u00f4mage, etc.) pour justifier son d\u00e9bordement. Elle justifie son comportement en disant avoir \u00e9t\u00e9 provoqu\u00e9e. La victime en vient \u00e0 douter d'elle-m\u00eame, \u00e0 se culpabiliser. Elle finit par penser que c'est \u00e0 elle de changer pour que la violence cesse.<\/p><a href='https:\/\/sitemanager.violencequefaire.ch\/' class='vqf_outline_cta'>Posez votre question<\/a><\/div><\/div><div class='item'><div class='text_item'><h4>4. La personne violente promet de ne plus recommencer, l'autre partenaire reprend espoir<\/h4><p>Le moment de crise pass\u00e9, la personne auteure de violence s'excuse, jure de ne plus recommencer. Elle a peur de perdre l'autre partenaire et fait tout pour se faire pardonner. La victime reprend espoir. Elle veut croire \u00e0 ces promesses de changement et oublier la souffrance. Les excuses accompagn\u00e9es de marques de gentillesse sont accept\u00e9es. C'est comme une nouvelle lune de miel qui encourage le couple \u00e0 poursuivre la relation.<\/p><a href='https:\/\/sitemanager.violencequefaire.ch\/' class='vqf_outline_cta'>Posez votre question<\/a><\/div><\/div><div class='item'><div class='text_item'><h4>Mais l'accalmie ne dure pas<\/h4><p>La spirale de la violence recommence, avec des phases de plus en plus rapproch\u00e9es et des agressions de plus en plus graves. Si rien n\u2019est entrepris, la violence peut aboutir \u00e0 des blessures dangereuses pour la vie, des l\u00e9sions irr\u00e9versibles. Le risque d'homicide n'est pas n\u00e9gligeable.<\/p><a href='https:\/\/sitemanager.violencequefaire.ch\/' class='vqf_outline_cta'>Posez votre question<\/a><\/div><\/div><\/div><\/div><\/div><\/div><\/div><\/section>[\/vc_column][\/vc_row]<\/p>\n<\/div>","protected":false},"excerpt":{"rendered":"<p>[vc_row][vc_column][\/vc_column][\/vc_row][vc_row el_id=&#8221;cycle&#8221;][vc_column][\/vc_column][\/vc_row]<\/p>\n","protected":false},"author":16,"featured_media":0,"parent":0,"menu_order":0,"comment_status":"closed","ping_status":"closed","template":"","meta":{"_acf_changed":false,"footnotes":""},"class_list":["post-2624","page","type-page","status-publish","hentry"],"acf":[],"yoast_head":"<!-- This site is optimized with the Yoast SEO plugin v27.3 - https:\/\/yoast.com\/product\/yoast-seo-wordpress\/ -->\n<title>\u0160ta je nasilje? &#8226; Violence que faire ?<\/title>\n<meta name=\"robots\" content=\"index, follow, max-snippet:-1, max-image-preview:large, max-video-preview:-1\" \/>\n<link rel=\"canonical\" href=\"https:\/\/www.violencequefaire.ch\/bs\/sta-je-nasilje\/\" \/>\n<meta property=\"og:locale\" content=\"bs_BA\" \/>\n<meta property=\"og:type\" content=\"article\" \/>\n<meta property=\"og:title\" content=\"\u0160ta je nasilje? &#8226; Violence que faire ?\" \/>\n<meta property=\"og:description\" content=\"[vc_row][vc_column][\/vc_column][\/vc_row][vc_row el_id=&#8221;cycle&#8221;][vc_column][\/vc_column][\/vc_row]\" \/>\n<meta property=\"og:url\" content=\"https:\/\/www.violencequefaire.ch\/bs\/sta-je-nasilje\/\" \/>\n<meta property=\"og:site_name\" content=\"Violence que faire ?\" \/>\n<meta property=\"article:modified_time\" content=\"2023-12-13T08:03:03+00:00\" \/>\n<meta name=\"twitter:card\" content=\"summary_large_image\" \/>\n<meta name=\"twitter:label1\" content=\"Est. reading time\" \/>\n\t<meta name=\"twitter:data1\" content=\"1 minuta\" \/>\n<script type=\"application\/ld+json\" class=\"yoast-schema-graph\">{\"@context\":\"https:\\\/\\\/schema.org\",\"@graph\":[{\"@type\":\"WebPage\",\"@id\":\"https:\\\/\\\/www.violencequefaire.ch\\\/bs\\\/sta-je-nasilje\\\/\",\"url\":\"https:\\\/\\\/www.violencequefaire.ch\\\/bs\\\/sta-je-nasilje\\\/\",\"name\":\"\u0160ta je nasilje? &#8226; Violence que faire ?\",\"isPartOf\":{\"@id\":\"https:\\\/\\\/www.violencequefaire.ch\\\/bs\\\/#website\"},\"datePublished\":\"2022-03-25T13:59:01+00:00\",\"dateModified\":\"2023-12-13T08:03:03+00:00\",\"breadcrumb\":{\"@id\":\"https:\\\/\\\/www.violencequefaire.ch\\\/bs\\\/sta-je-nasilje\\\/#breadcrumb\"},\"inLanguage\":\"bs-BA\",\"potentialAction\":[{\"@type\":\"ReadAction\",\"target\":[\"https:\\\/\\\/www.violencequefaire.ch\\\/bs\\\/sta-je-nasilje\\\/\"]}]},{\"@type\":\"BreadcrumbList\",\"@id\":\"https:\\\/\\\/www.violencequefaire.ch\\\/bs\\\/sta-je-nasilje\\\/#breadcrumb\",\"itemListElement\":[{\"@type\":\"ListItem\",\"position\":1,\"name\":\"Home\",\"item\":\"https:\\\/\\\/www.violencequefaire.ch\\\/bs\\\/\"},{\"@type\":\"ListItem\",\"position\":2,\"name\":\"\u0160ta je nasilje?\"}]},{\"@type\":\"WebSite\",\"@id\":\"https:\\\/\\\/www.violencequefaire.ch\\\/bs\\\/#website\",\"url\":\"https:\\\/\\\/www.violencequefaire.ch\\\/bs\\\/\",\"name\":\"Violence que faire\",\"description\":\"Des sp\u00e9cialistes r\u00e9pondent personnellement \u00e0 vos questions anonymes sur la violence au sein du couple.\",\"publisher\":{\"@id\":\"https:\\\/\\\/www.violencequefaire.ch\\\/bs\\\/#organization\"},\"alternateName\":\"Violenza Cosa Fare\",\"potentialAction\":[{\"@type\":\"SearchAction\",\"target\":{\"@type\":\"EntryPoint\",\"urlTemplate\":\"https:\\\/\\\/www.violencequefaire.ch\\\/bs\\\/?s={search_term_string}\"},\"query-input\":{\"@type\":\"PropertyValueSpecification\",\"valueRequired\":true,\"valueName\":\"search_term_string\"}}],\"inLanguage\":\"bs-BA\"},{\"@type\":\"Organization\",\"@id\":\"https:\\\/\\\/www.violencequefaire.ch\\\/bs\\\/#organization\",\"name\":\"Violence que faire ?\",\"url\":\"https:\\\/\\\/www.violencequefaire.ch\\\/bs\\\/\",\"logo\":{\"@type\":\"ImageObject\",\"inLanguage\":\"bs-BA\",\"@id\":\"https:\\\/\\\/www.violencequefaire.ch\\\/bs\\\/#\\\/schema\\\/logo\\\/image\\\/\",\"url\":\"https:\\\/\\\/www.violencequefaire.ch\\\/wp-content\\\/uploads\\\/2022\\\/04\\\/VQF_LOGO_neutre.jpg\",\"contentUrl\":\"https:\\\/\\\/www.violencequefaire.ch\\\/wp-content\\\/uploads\\\/2022\\\/04\\\/VQF_LOGO_neutre.jpg\",\"width\":253,\"height\":376,\"caption\":\"Violence que faire ?\"},\"image\":{\"@id\":\"https:\\\/\\\/www.violencequefaire.ch\\\/bs\\\/#\\\/schema\\\/logo\\\/image\\\/\"}}]}<\/script>\n<!-- \/ Yoast SEO plugin. -->","yoast_head_json":{"title":"\u0160ta je nasilje? &#8226; Violence que faire ?","robots":{"index":"index","follow":"follow","max-snippet":"max-snippet:-1","max-image-preview":"max-image-preview:large","max-video-preview":"max-video-preview:-1"},"canonical":"https:\/\/www.violencequefaire.ch\/bs\/sta-je-nasilje\/","og_locale":"bs_BA","og_type":"article","og_title":"\u0160ta je nasilje? &#8226; Violence que faire ?","og_description":"[vc_row][vc_column][\/vc_column][\/vc_row][vc_row el_id=&#8221;cycle&#8221;][vc_column][\/vc_column][\/vc_row]","og_url":"https:\/\/www.violencequefaire.ch\/bs\/sta-je-nasilje\/","og_site_name":"Violence que faire ?","article_modified_time":"2023-12-13T08:03:03+00:00","twitter_card":"summary_large_image","twitter_misc":{"Est. reading time":"1 minuta"},"schema":{"@context":"https:\/\/schema.org","@graph":[{"@type":"WebPage","@id":"https:\/\/www.violencequefaire.ch\/bs\/sta-je-nasilje\/","url":"https:\/\/www.violencequefaire.ch\/bs\/sta-je-nasilje\/","name":"\u0160ta je nasilje? &#8226; Violence que faire ?","isPartOf":{"@id":"https:\/\/www.violencequefaire.ch\/bs\/#website"},"datePublished":"2022-03-25T13:59:01+00:00","dateModified":"2023-12-13T08:03:03+00:00","breadcrumb":{"@id":"https:\/\/www.violencequefaire.ch\/bs\/sta-je-nasilje\/#breadcrumb"},"inLanguage":"bs-BA","potentialAction":[{"@type":"ReadAction","target":["https:\/\/www.violencequefaire.ch\/bs\/sta-je-nasilje\/"]}]},{"@type":"BreadcrumbList","@id":"https:\/\/www.violencequefaire.ch\/bs\/sta-je-nasilje\/#breadcrumb","itemListElement":[{"@type":"ListItem","position":1,"name":"Home","item":"https:\/\/www.violencequefaire.ch\/bs\/"},{"@type":"ListItem","position":2,"name":"\u0160ta je nasilje?"}]},{"@type":"WebSite","@id":"https:\/\/www.violencequefaire.ch\/bs\/#website","url":"https:\/\/www.violencequefaire.ch\/bs\/","name":"Violence que faire","description":"Des sp\u00e9cialistes r\u00e9pondent personnellement \u00e0 vos questions anonymes sur la violence au sein du couple.","publisher":{"@id":"https:\/\/www.violencequefaire.ch\/bs\/#organization"},"alternateName":"Violenza Cosa Fare","potentialAction":[{"@type":"SearchAction","target":{"@type":"EntryPoint","urlTemplate":"https:\/\/www.violencequefaire.ch\/bs\/?s={search_term_string}"},"query-input":{"@type":"PropertyValueSpecification","valueRequired":true,"valueName":"search_term_string"}}],"inLanguage":"bs-BA"},{"@type":"Organization","@id":"https:\/\/www.violencequefaire.ch\/bs\/#organization","name":"Violence que faire ?","url":"https:\/\/www.violencequefaire.ch\/bs\/","logo":{"@type":"ImageObject","inLanguage":"bs-BA","@id":"https:\/\/www.violencequefaire.ch\/bs\/#\/schema\/logo\/image\/","url":"https:\/\/www.violencequefaire.ch\/wp-content\/uploads\/2022\/04\/VQF_LOGO_neutre.jpg","contentUrl":"https:\/\/www.violencequefaire.ch\/wp-content\/uploads\/2022\/04\/VQF_LOGO_neutre.jpg","width":253,"height":376,"caption":"Violence que faire ?"},"image":{"@id":"https:\/\/www.violencequefaire.ch\/bs\/#\/schema\/logo\/image\/"}}]}},"_links":{"self":[{"href":"https:\/\/www.violencequefaire.ch\/bs\/wp-json\/wp\/v2\/pages\/2624","targetHints":{"allow":["GET"]}}],"collection":[{"href":"https:\/\/www.violencequefaire.ch\/bs\/wp-json\/wp\/v2\/pages"}],"about":[{"href":"https:\/\/www.violencequefaire.ch\/bs\/wp-json\/wp\/v2\/types\/page"}],"author":[{"embeddable":true,"href":"https:\/\/www.violencequefaire.ch\/bs\/wp-json\/wp\/v2\/users\/16"}],"replies":[{"embeddable":true,"href":"https:\/\/www.violencequefaire.ch\/bs\/wp-json\/wp\/v2\/comments?post=2624"}],"version-history":[{"count":10,"href":"https:\/\/www.violencequefaire.ch\/bs\/wp-json\/wp\/v2\/pages\/2624\/revisions"}],"predecessor-version":[{"id":5295,"href":"https:\/\/www.violencequefaire.ch\/bs\/wp-json\/wp\/v2\/pages\/2624\/revisions\/5295"}],"wp:attachment":[{"href":"https:\/\/www.violencequefaire.ch\/bs\/wp-json\/wp\/v2\/media?parent=2624"}],"curies":[{"name":"wp","href":"https:\/\/api.w.org\/{rel}","templated":true}]}}